{"id":114851,"date":"2021-05-05T09:00:58","date_gmt":"2021-05-05T07:00:58","guid":{"rendered":"http:\/\/www.secowarwick.com\/?page_id=114851"},"modified":"2021-05-05T13:00:05","modified_gmt":"2021-05-05T11:00:05","slug":"sonflow-den-skandinaviske-producent-af-varmevekslere-vaelger-seco-warwick-vakuumovnsteknologi","status":"publish","type":"page","link":"https:\/\/www.secowarwick.com\/en\/sonflow-den-skandinaviske-producent-af-varmevekslere-vaelger-seco-warwick-vakuumovnsteknologi\/","title":{"rendered":"Sonflow, den skandinaviske producent af varmevekslere, v\u00e6lger SECO\/WARWICK vakuumovnsteknologi"},"content":{"rendered":"<p>[et_pb_section bb_built=&#8221;1&#8243; _builder_version=&#8221;3.6&#8243; custom_margin=&#8221;0px|||&#8221; custom_padding=&#8221;0px|||&#8221;][et_pb_row][et_pb_column type=&#8221;4_4&#8243;][et_pb_text _builder_version=&#8221;3.6&#8243; module_class=&#8221;single-news&#8221;]<\/p>\n<h3><a href=\"https:\/\/www.secowarwick.com\">SECO\/WARWICK<\/a> vil levere en <a href=\"https:\/\/www.secowarwick.com\/pl\/produkty\/piece-prozniowe\/\">vakuumovn<\/a> til SonFlow til kobberlodning tilpasset de individuelle behov hos europ\u00e6iske kunder over hele verden. Et specielt dysedesign og en elektrisk gennemtr\u00e6ngningsenhed vil sikre, at enheden er perfekt til produktion af de nyeste pladevarmevekslere med h\u00f8j kapacitet til industrielle HVAC-, offshore- og sanit\u00e6re form\u00e5l, der skal fremstilles i Kolding-anl\u00e6gget.<\/h3>\n<p><img decoding=\"async\" class=\"alignnone size-full wp-image-114582\" src=\"https:\/\/www.secowarwick.com\/wp-content\/uploads\/2021\/04\/2021_Sonflow_PR.jpg\" alt=\"SECO\/WARWICK 2021, Vacuum brazing, SunFlow\" width=\"1200\" height=\"630\" srcset=\"https:\/\/www.secowarwick.com\/wp-content\/uploads\/2021\/04\/2021_Sonflow_PR.jpg 1200w, https:\/\/www.secowarwick.com\/wp-content\/uploads\/2021\/04\/2021_Sonflow_PR-150x79.jpg 150w, https:\/\/www.secowarwick.com\/wp-content\/uploads\/2021\/04\/2021_Sonflow_PR-300x158.jpg 300w, https:\/\/www.secowarwick.com\/wp-content\/uploads\/2021\/04\/2021_Sonflow_PR-768x403.jpg 768w, https:\/\/www.secowarwick.com\/wp-content\/uploads\/2021\/04\/2021_Sonflow_PR-1024x538.jpg 1024w, https:\/\/www.secowarwick.com\/wp-content\/uploads\/2021\/04\/2021_Sonflow_PR-1080x567.jpg 1080w\" sizes=\"(max-width: 1200px) 100vw, 1200px\" \/><\/p>\n<p>SonFlow er en europ\u00e6isk producent, der historisk set har v\u00e6ret kendt for fremstilling af industripumper med h\u00f8j kapacitet. Virksomheden udvider nu til pladevarmevekslerbranchen. Fremstilling af avancerede og kraftfulde varmevekslere har givet anl\u00e6gget incitament til at k\u00f8be en ovn, der vil tilfredsstille de nuv\u00e6rende produktionsudfordringer forbundet med lodningsprocessen.<\/p>\n<h2>Eksperter i lodning af varmevekslere<\/h2>\n<p>SECO \/ WARWICK har leveret mange vakuuml\u00f8sninger til flere virksomheder, der bruger lodningsteknologier. Denne gennempr\u00f8vede ovn er velegnet til kobberlodningsprocesser til stordimensionale varmevekslere. Enhedens arbejdsomr\u00e5de (900x900x1200) g\u00f8r det muligt for SonFlow-anl\u00e6gget at udf\u00f8re intern lodning uden behov for at outsource arbejde til tredjeparter. Str\u00f8mbesparelser, en af \u200b\u200bs\u00f8jlerne i SonFlow-missionen, sikres af grafitkammeret, og den forkortede cyklustid er garanteret takket v\u00e6re vakuumniveauet p\u00e5 \u00a0<em>10<\/em><em><sup>&#8211;<\/sup><\/em><em><sup>3<\/sup><\/em><em> mbar<\/em><em>.<\/em><\/p>\n<p>\u201dHver ny kontrakt, kunde eller branche betyder mange konsultationer og partnerskabsdialoger.<em> M\u00e5let er altid at reagere p\u00e5 kundens behov og tilpasse ovnen, processen og teknologien, s\u00e5 l\u00f8sningen er skr\u00e6ddersyet. Dette g\u00e6lder ogs\u00e5 for lodningsteknologien. \u00c5rs erfaring og ovenst\u00e5ende tilgang har resulteret i at udvikle et specielt design af k\u00f8ledyserne, der er optimalt for lodningsselskaber. Denne dedikerede l\u00f8sning, der best\u00e5r af det specielle dysedesign til disse radiatoranvendelser, forhindrer overdreven aflejring af lodningsrester i u\u00f8nskede omr\u00e5der i varmekammeret. <\/em>Med dette design elimineres risikoen for at beskadige enheden under lodningsprocessen, \u201d forklarede\u00a0<a href=\"https:\/\/www.secowarwick.com\/en\/company\/management-team\/\"><strong>Maciej Korecki<\/strong><\/a><strong>,<\/strong> VP, <a href=\"https:\/\/www.secowarwick.com\/en\/products\/vacuum-heat-treatment\/\"><strong>Vacuum Business Segment<\/strong><\/a> hos SECO\/WARWICK koncernen. <em>\u201dVi har mere end 60 teknologiske patenter, samarbejder med snesevis af tekniske universiteter, og vi har vores eget metallografilaboratorium &#8211; SECO \/ LAB\u00ae &#8211; alle disse elementer garanterer reel support til vores kunder og os selv, n\u00e5r det kommer til at l\u00f8se problemer og tilfredsstille behov. <\/em>Dette er en enorm kilde til stolthed, men ogs\u00e5 en udfordring, \u201dopsummerede M. Korecki.<\/p>\n<p>Vakuumovnen p\u00e5 bestilling er et gennempr\u00f8vet design, der er blevet betjent i n\u00e6sten 70 lande rundt om i verden. Arbejdsomr\u00e5det muligg\u00f8r effektiv varmebehandling af de relativt store komponenter i varmevekslere, der skal produceres af SonFlow. Karakteristiske tr\u00e6k ved dette design inkluderer et robust medium vakuumsystem baseret p\u00e5 to Leybold Roots pumper.<\/p>\n<h2>SECO\/WARWICK fokuserer p\u00e5 samarbejde<\/h2>\n<p>Kontrakten mellem SECO \/ WARWICK og SonFlow er unik ikke kun for egenskaberne ved den k\u00f8bte enhed, men ogs\u00e5 for de processer, der er knyttet til selve ordren. Som en del af kontraktens gennemf\u00f8relse designede SECO \/ WARWICK ovnens eksterne vandk\u00f8lesystem. Denne del af projektet vil blive udf\u00f8rt direkte af SonFlow med brug af deres pumper og varmevekslere til fabrikationen. Dette er sandt samarbejde og en lige dialog p\u00e5 mange niveauer.<\/p>\n<p><em>\u201dVarmevekslere kr\u00e6ver komplekse samlinger, som kun kan opn\u00e5s med lodningsteknologi. <\/em><em>Der er ikke mange partnere, der ikke nok med at de kan levere enheden, ogs\u00e5 har omfattende viden om den anvendte teknologi og er villige til at dele den med andre. Vi er meget glade for, at vores virksomheder udviklede en s\u00e5dan synergi, \u201d<\/em> sagde Aage S\u00f8ndergaard Nielsen, pr\u00e6sident og ejer hos SonFlow. \u201dSECO \/ WARWICK er en kendt ekspert i kobberlodning.<em> Den bestilte vakuumovn med specielt redesignede dyser og elektriske gennemtr\u00e6ngningsenheder, der muligg\u00f8r en mere sikker kobberlodning, vil sikre en l\u00e6ngere og mere p\u00e5lidelig drift for os under lodning under industrielle forhold,<\/em> \u201dopsummerede A. S\u00f8ndergaard Nielsen.<\/p>\n<p>SonFlow har specialiseret sig i fremstilling af h\u00f8jkapacitetspumper i forskellige st\u00f8rrelser til mange forskellige anvendelser (industri, spildevand, offshore og sanit\u00e6re forhold). Det markedsf\u00f8rer ogs\u00e5 en bred vifte af reservedele under DanPumps brandet.<\/p>\n<p>&nbsp;<\/p>\n<p>[\/et_pb_text][et_pb_button _builder_version=&#8221;3.6&#8243; button_text=&#8221;Find ud af mere&#8221; button_url=&#8221;https:\/\/www.secowarwick.com\/en\/products\/vacuum-heat-treatment\/vector\/&#8221; button_alignment=&#8221;center&#8221; custom_margin=&#8221;30px|||&#8221; url_new_window=&#8221;on&#8221; custom_button=&#8221;on&#8221; button_text_color=&#8221;#ffffff&#8221; button_bg_color=&#8221;#e2001a&#8221; button_border_color=&#8221;#ff0000&#8243; \/][et_pb_text _builder_version=&#8221;3.6&#8243; module_class=&#8221;single-news&#8221; custom_margin=&#8221;40px||-20px|&#8221;]<\/p>\n<p>&nbsp;<\/p>\n<div style=\"text-align: center;\">\n<p style=\"margin: auto; padding: 15px; border: 2px solid #dc291e; display: inline-block; background-color: #ffffff;\"><span style=\"font-size: 14pt;\"><strong><span style=\"color: #dc291e;\">Relaterede nyheder:<\/span><\/strong><\/span><\/p>\n<\/div>\n<div style=\"margin-top: 50px; display: flex; flex-wrap: wrap; justify-content: center;\">\n<div style=\"padding: 5px; width: 310px; height: 350px; display: inline-block; background-color: #e7e7e7;\">\n<p><a href=\"https:\/\/www.secowarwick.com\/en\/news\/secowarwick-vacuum-furnace-cme-t-for-the-radiator-manufacturer\/\" target=\"_blank\" rel=\"noopener\"><img decoding=\"async\" class=\"alignnone wp-image-100788\" src=\"https:\/\/www.secowarwick.com\/wp-content\/uploads\/2020\/05\/2020_CaseMaster-Evolution-SECOWARWICK-300x158.jpg\" alt=\"CaseMaster Evolution SECOWARWICK\" width=\"273\" height=\"161\" \/><\/a><\/p>\n<div style=\"padding: 25px; text-align: center; margin-bottom: 0px;\">The Indian radiator manufacturer chooses CMe-T- SECO\/WARWICK vacuum furnace<\/div>\n<div style=\"text-align: center;\">\n<div style=\"margin: 1px auto; padding: 5px; border: 2px solid #e2001a; display: inline-block; background-color: #e2001a;\"><a title=\"The Indian radiator manufacturer chooses CMe-T- SECO\/WARWICK vacuum furnace\" href=\"https:\/\/www.secowarwick.com\/en\/news\/secowarwick-vacuum-furnace-cme-t-for-the-radiator-manufacturer\/\" target=\"_blank\" rel=\"noopener\"><strong><span style=\"color: #ffffff;\">More<\/span><\/strong><\/a><\/div>\n<\/div>\n<\/div>\n<div style=\"padding: 5px; width: 310px; height: 350px; display: inline-block; background-color: #e7e7e7;\">\n<p><a href=\"https:\/\/www.secowarwick.com\/en\/news\/kuczma-commercial-heat-treater-with-vacuum-furnace-from-seco-warwick\/\" target=\"_blank\" rel=\"noopener\"><img decoding=\"async\" class=\"alignnone wp-image-68945 \" src=\"https:\/\/www.secowarwick.com\/wp-content\/uploads\/2020\/06\/Info_Prasowa_08.06-300x158.jpg\" alt=\"Vector for KUCZMA\" width=\"273\" height=\"161\" \/><\/a><\/p>\n<div style=\"padding: 25px; text-align: center; margin-bottom: 0px;\">Polish heat treater with vacuum furnace from SECO\/WARWICK<\/div>\n<div style=\"text-align: center;\">\n<div style=\"margin: 1px auto; padding: 5px; border: 2px solid #e2001a; display: inline-block; background-color: #e2001a;\"><a title=\"Polish heat treater with vacuum furnace from SECO\/WARWICK\" href=\"https:\/\/www.secowarwick.com\/en\/news\/kuczma-commercial-heat-treater-with-vacuum-furnace-from-seco-warwick\/\" target=\"_blank\" rel=\"noopener\"><strong><span style=\"color: #ffffff;\">More<\/span><\/strong><\/a><\/div>\n<\/div>\n<\/div>\n<div style=\"padding: 5px; width: 310px; height: 350px; display: inline-block; background-color: #e7e7e7;\">\n<p><a href=\"https:\/\/www.secowarwick.com\/en\/news\/swg-as-sales-leader-of-vacuum-furnaces\/\" target=\"_blank\" rel=\"noopener\"><img decoding=\"async\" class=\"wp-image-98906 aligncenter\" src=\"https:\/\/www.secowarwick.com\/wp-content\/uploads\/2021\/01\/VAC_summary_2020-300x158.jpg\" alt=\"SECO\/WARWICK Group, leader, vacuum technology, heat treatment\" width=\"273\" height=\"161\" \/><\/a><\/p>\n<div style=\"padding: 25px; text-align: center; margin-bottom: 0px;\">SECO\/WARWICK is the leader of vacuum technology in 2020<\/div>\n<div style=\"text-align: center;\">\n<div style=\"margin: 1px auto; padding: 5px; border: 2px solid #e2001a; display: inline-block; background-color: #e2001a;\"><a title=\"SECO\/WARWICK is the leader of vacuum technology in 2020\" href=\"https:\/\/www.secowarwick.com\/en\/news\/swg-as-sales-leader-of-vacuum-furnaces\/\" target=\"_blank\" rel=\"noopener\"><strong><span style=\"color: #ffffff;\">More<\/span><\/strong><\/a><\/div>\n<\/div>\n<\/div>\n<\/div>\n<p>[\/et_pb_text][\/et_pb_column][\/et_pb_row][\/et_pb_section]<\/p>\n","protected":false},"excerpt":{"rendered":"<p><div class=\"et_pb_row et_pb_row_0 et_pb_row_empty\">\n\t\t\t\t\n\t\t\t\t\n\t\t\t\t\n\t\t\t\t\n\t\t\t\t\n\t\t\t<\/div> SECO\/WARWICK vil levere en vakuumovn til SonFlow til kobberlodning tilpasset de individuelle behov hos europ\u00e6iske kunder over hele verden. Et specielt dysedesign og en elektrisk gennemtr\u00e6ngningsenhed vil sikre, at enheden er perfekt til produktion af de nyeste pladevarmevekslere med h\u00f8j kapacitet til industrielle HVAC-, offshore- og sanit\u00e6re form\u00e5l, der skal fremstilles i Kolding-anl\u00e6gget. SonFlow [&hellip;]<\/p>\n","protected":false},"author":2,"featured_media":0,"parent":0,"menu_order":0,"comment_status":"closed","ping_status":"closed","template":"","meta":{"_acf_changed":false,"_et_pb_use_builder":"on","_et_pb_old_content":"","_et_gb_content_width":"","footnotes":""},"class_list":["post-114851","page","type-page","status-publish"],"acf":[],"_links":{"self":[{"href":"https:\/\/www.secowarwick.com\/en\/wp-json\/wp\/v2\/pages\/114851","targetHints":{"allow":["GET"]}}],"collection":[{"href":"https:\/\/www.secowarwick.com\/en\/wp-json\/wp\/v2\/pages"}],"about":[{"href":"https:\/\/www.secowarwick.com\/en\/wp-json\/wp\/v2\/types\/page"}],"author":[{"embeddable":true,"href":"https:\/\/www.secowarwick.com\/en\/wp-json\/wp\/v2\/users\/2"}],"replies":[{"embeddable":true,"href":"https:\/\/www.secowarwick.com\/en\/wp-json\/wp\/v2\/comments?post=114851"}],"version-history":[{"count":0,"href":"https:\/\/www.secowarwick.com\/en\/wp-json\/wp\/v2\/pages\/114851\/revisions"}],"wp:attachment":[{"href":"https:\/\/www.secowarwick.com\/en\/wp-json\/wp\/v2\/media?parent=114851"}],"curies":[{"name":"wp","href":"https:\/\/api.w.org\/{rel}","templated":true}]}}