{"id":116924,"date":"2021-06-01T09:43:42","date_gmt":"2021-06-01T07:43:42","guid":{"rendered":"http:\/\/www.secowarwick.com\/?page_id=116924"},"modified":"2025-06-24T07:55:14","modified_gmt":"2025-06-24T05:55:14","slug":"egyedi-technologia-egyedi-meretben","status":"publish","type":"page","link":"https:\/\/www.secowarwick.com\/en\/egyedi-technologia-egyedi-meretben\/","title":{"rendered":"A SECO\/WARWICK Magyarorsz\u00e1gra hozza az orsz\u00e1g legnagyobb nagynyom\u00e1s\u00fa v\u00e1kuumkemenc\u00e9j\u00e9t."},"content":{"rendered":"<h3 style=\"text-align: justify;\">A <a href=\"https:\/\/www.secowarwick.com\">SECO\/WARWICK<\/a> k\u00e9t kemenc\u00e9t sz\u00e1ll\u00edt Budapestre. Az egyik Magyarorsz\u00e1g legnagyobb v\u00e1kuumkemenc\u00e9je lesz, mai \u00faj \u00fczleti lehet\u0151s\u00e9geket nyit meg. Ez az eur\u00f3pai Flansch-Tech els\u0151 megrendel\u00e9se, amely az alum\u00ednium- \u00e9s ac\u00e9lkov\u00e1csol\u00e1s \u00e9s az ac\u00e9lkereskedelem ter\u00e9n tev\u00e9kenykedik.<\/h3>\n<p><img decoding=\"async\" class=\"alignnone wp-image-117087 size-full\" src=\"https:\/\/www.secowarwick.com\/wp-content\/uploads\/2021\/05\/2021_Hungary_PR.jpg\" alt=\"SECO\/WARWICK 2021, Hungary_NEWS\" width=\"1200\" height=\"630\" srcset=\"https:\/\/www.secowarwick.com\/wp-content\/uploads\/2021\/05\/2021_Hungary_PR.jpg 1200w, https:\/\/www.secowarwick.com\/wp-content\/uploads\/2021\/05\/2021_Hungary_PR-150x79.jpg 150w, https:\/\/www.secowarwick.com\/wp-content\/uploads\/2021\/05\/2021_Hungary_PR-300x158.jpg 300w, https:\/\/www.secowarwick.com\/wp-content\/uploads\/2021\/05\/2021_Hungary_PR-768x403.jpg 768w, https:\/\/www.secowarwick.com\/wp-content\/uploads\/2021\/05\/2021_Hungary_PR-1024x538.jpg 1024w, https:\/\/www.secowarwick.com\/wp-content\/uploads\/2021\/05\/2021_Hungary_PR-1080x567.jpg 1080w\" sizes=\"(max-width: 1200px) 100vw, 1200px\" \/><\/p>\n<h2 style=\"text-align: justify;\">Egyedi technol\u00f3gia egyedi m\u00e9retben<\/h2>\n<p style=\"text-align: justify;\"><a href=\"http:\/\/flansch-tech.hu\/\">A Flansch-Tech<\/a> \u00e1ltal rendelt <a href=\"https:\/\/www.secowarwick.com\/en\/products\/vacuum-heat-treatment\/vector\/\"><strong>VECTOR<\/strong><\/a> egy egyedi v\u00e1kuumkemence v\u00edzszintes anyagbet\u00f6lt\u00e9ssel, max. 15 bar nitrog\u00e9n-h\u0171t\u0151g\u00e1znyom\u00e1ssal \u00e9s 900\u00a0X\u00a0900\u00a0X\u00a01200\u00a0mm gy\u00e1rt\u00e1si m\u00e9rettel (SZ\u00a0X\u00a0M\u00a0X\u00a0H). Ez egy szersz\u00e1mac\u00e9l h\u0151kezel\u00e9s\u00e9re haszn\u00e1lt kemence &#8211; legink\u00e1bb edz\u00e9s \u00e9s temper\u00e1l\u00e1s c\u00e9lj\u00e1ra.<\/p>\n<p style=\"text-align: justify;\">A Vector megfelel a t\u00f6bbek k\u00f6z\u00f6tt a NADCA \u00a0(\u00c9szak-amerikai Fr\u00f6ccs\u00f6nt\u00e9si T\u00e1rsas\u00e1g) szabv\u00e1ny\u00e1ban meghat\u00e1rozott, h\u0171t\u00e9si sebess\u00e9gre vonatkoz\u00f3 k\u00f6vetelm\u00e9nyeknek. A kemence ir\u00e1ny\u00edtott elfojt\u00e1si opci\u00f3val van felszerelve, amely lehet\u0151v\u00e9 teszi a h\u0171t\u0151g\u00e1z, ez esetben a nitrog\u00e9n \u00e1raml\u00e1si ir\u00e1ny\u00e1nak m\u00f3dos\u00edt\u00e1s\u00e1t. Az \u00e1raml\u00e1s ir\u00e1nya 360 fokos lehet oldalr\u00f3l, vagy csak fent \u00e9s lent. A Vector g\u00e1zbef\u00fav\u00f3j\u00e1t 400\u00a0kW teljes\u00edtm\u00e9ny\u0171 meghajt\u00f3 vez\u00e9rli. Ez lehet\u0151v\u00e9 teszi a programozhat\u00f3 h\u0171t\u00e9si sebess\u00e9get a kemence vagy a terhel\u00e9s h\u0151m\u00e9rs\u00e9klete f\u00fcggv\u00e9ny\u00e9ben, az ISO-elfojt\u00e1si k\u00e9pess\u00e9get \u00e9s a bef\u00fav\u00f3motor ind\u00edt\u00e1si t\u00fal\u00e1ram\u00e1nak megakad\u00e1lyoz\u00e1s\u00e1t, valamint a h\u0171t\u0151rendszerek teljes\u00edtm\u00e9nyt\u00e9nyez\u0151j\u00e9nek n\u00f6vel\u00e9s\u00e9vel elektromos energi\u00e1t is megtakar\u00edt.<\/p>\n<h2 style=\"text-align: justify;\">A h\u0151kezel\u00e9si ipar\u00e1g szak\u00e9rt\u0151i meger\u0151s\u00edtett\u00e9k, hogy minden val\u00f3sz\u00edn\u0171s\u00e9g szerint ez lesz Magyarorsz\u00e1g legnagyobb, edz\u00e9shez \u00e9s temper\u00e1l\u00e1shoz haszn\u00e1lt v\u00e1kuumkemenc\u00e9je.<\/h2>\n<p style=\"text-align: justify;\">A SECO\/WARWICK a testre szabott megold\u00e1sok specialist\u00e1ja. Ez egy m\u00e1sik szeml\u00e9letes p\u00e9lda. A v\u00e1llalat szorosan egy\u00fcttm\u0171k\u00f6dik a m\u0171szaki egyetemekkel a vil\u00e1g minden t\u00e1j\u00e1r\u00f3l, sz\u00e1mos akad\u00e9miai \u00e9s k\u00eds\u00e9rleti projektben is r\u00e9szt vesz \u00e9s sz\u00e1mos m\u00e9rn\u00f6k\u00f6t \u00e9s speci\u00e1lis h\u0151kezel\u00e9si szak\u00e9rt\u0151ket alkalmaz, a megold\u00e1sok folyamatos szabadalmaztat\u00e1s\u00e1val egyidej\u0171leg. A SECO\/WARWICK \u00edgy nagy potenci\u00e1llal rendelkezik a nagy m\u00e9rt\u00e9k\u0171 testreszab\u00e1s ter\u00e9n, amelyet az ig\u00e9nyeknek megfelel\u0151en val\u00f3s\u00edt meg.<\/p>\n<p style=\"text-align: justify;\"><strong>A m\u00e1sodik rendelt kemence a SECO\/WARWICK\u2019s Retort Nitriding kemenc\u00e9je<\/strong> v\u00edzszintes anyagbet\u00f6lt\u00e9ssel, a h\u0151kezel\u00e9st megel\u0151z\u0151 v\u00e1kuumos \u00f6bl\u00edt\u00e9ssel (v\u00e1kuumos purg\u00e1l\u00e1s) \u00e9s 600\u00a0X\u00a0600\u00a0X\u00a0900\u00a0mm-es munkater\u00fclettel (Sz\u00a0X\u00a0M\u00a0X\u00a0H), f\u0151leg temper\u00e1l\u00e1si folyamatokhoz. Ez a v\u00e1kuumtechnol\u00f3gia a temper\u00e1l\u00e1shoz ide\u00e1lis rendszereket tartalmaz.<\/p>\n<p style=\"text-align: justify;\">A v\u00e1llalat a kemenc\u00e9kkel egy\u00fctt az azok megfelel\u0151 m\u0171k\u00f6d\u00e9s\u00e9hez sz\u00fcks\u00e9ges alrendszereket is biztos\u00edtja, pl. a z\u00e1rt k\u00f6r\u00f6s v\u00edzh\u0171t\u0151 rendszert, a vill\u00e1stargonc\u00e1kat \u00e9s a g\u00e1zpuffertart\u00e1lyt.<\/p>\n<p style=\"text-align: justify;\"><em>\u201eEz a beruh\u00e1z\u00e1s lehet\u0151v\u00e9 teszi sz\u00e1munkra, hogy ir\u00e1ny\u00edt\u00e1sunk alatt tartsuk saj\u00e1t h\u0151kezel\u00e9si folyamataink idej\u00e9t \u00e9s min\u0151s\u00e9g\u00e9t. Eddig k\u00fcls\u0151 h\u0151kezel\u00e9si szolg\u00e1ltat\u00e1sokra t\u00e1maszkodtunk. Ezt a technol\u00f3gi\u00e1t bels\u0151 gy\u00e1rt\u00e1sra valamint az egy\u00e9b partnerek r\u00e9sz\u00e9re ny\u00fajtott k\u00fcls\u0151 szolg\u00e1ltat\u00e1sokra haszn\u00e1ljuk. A SECO\/WARWICK e k\u00e9t technol\u00f3gi\u00e1j\u00e1nak k\u00f6sz\u00f6nhet\u0151en \u00f6n\u00e1ll\u00f3ak \u00e9s \u00f6nell\u00e1t\u00f3ak lehet\u00fcnk a szersz\u00e1mk\u00e9sz\u00edt\u00e9s \u00e9s a sajtol\u00e1s h\u0151kezel\u00e9si folyamataiban\u201d<\/em>&#8211; nyilatkozta tette hozz\u00e1 Varga Zsolt m\u0171szaki igazgat\u00f3, a Flansch-Tech munkat\u00e1rsa.<\/p>\n<p style=\"text-align: justify;\"><em>\u201eVal\u00f3sz\u00edn\u0171leg ez Magyarorsz\u00e1g legnagyobb v\u00e1kuumkemenc\u00e9je nagynyom\u00e1s\u00fa g\u00e1zfojt\u00e1ssal, ami versenyel\u0151nyt biztos\u00edt sz\u00e1munkra a piacon. Sokkal nagyobb alkatr\u00e9szek is feldolgozhat\u00f3k, mint a hagyom\u00e1nyos kemenc\u00e9kben, a jelenleg a piacon l\u00e9v\u0151 h\u0151kezel\u0151 berendez\u00e9sekben \u00e1ltal\u00e1ban 600\u00a0X\u00a0600\u00a0X\u00a0900 mm -es darabok dolgozhat\u00f3k fel. A v\u00e1llalatnak a nagy sz\u00e1m\u00fa testre szabott megold\u00e1s ter\u00e9n szerzett tapasztalata miatt d\u00f6nt\u00f6tt\u00fcnk a SECO\/WARWICK extr\u00e9m term\u00e9ke mellett\u201d<\/em> &#8211; tette hozz\u00e1 Varga Zsolt m\u0171szaki igazgat\u00f3, a Flansch-Tech munkat\u00e1rsa.<\/p>\n<p style=\"text-align: justify;\">A Flash-Tech \u00e1ltal rendelt mindk\u00e9t technol\u00f3gia p\u00e9lda\u00e9rt\u00e9k\u0171 megold\u00e1s az eg\u00e9sz szersz\u00e1mk\u00e9sz\u00edt\u0151 \u00e9s pr\u00e9sipar sz\u00e1m\u00e1ra. Id\u0151t \u00e9s k\u00f6lts\u00e9ghat\u00e9konys\u00e1got, valamint a min\u0151s\u00e9get hoznak a folyamatokba. Rugalmass\u00e1guk \u00e9s m\u00e9retezhet\u0151s\u00e9g\u00fck miatt n\u00e9pszer\u0171ek a glob\u00e1lis szersz\u00e1mk\u00e9sz\u00edt\u0151 \u00e9s pr\u00e9sipari v\u00e1llalatok, a kereskedelmi h\u0151kezel\u0151k, valamint a kisebb v\u00e1llalatok speci\u00e1lis r\u00e9szlegei k\u00f6r\u00e9ben.<\/p>\n<h2 style=\"text-align: justify;\">A v\u00e1kuumtechnol\u00f3gia t\u00f6k\u00e9letes v\u00e1laszt\u00e1s a szersz\u00e1mk\u00e9sz\u00edt\u0151 \u00e9s pr\u00e9sipar sz\u00e1m\u00e1ra<\/h2>\n<p style=\"text-align: justify;\"><strong>\u00a0<\/strong>A szersz\u00e1mk\u00e9sz\u00edt\u0151 \u00e9s pr\u00e9sipar vil\u00e1gszerte v\u00e1kuumos megold\u00e1sokkal b\u0151v\u00edti technol\u00f3giai portf\u00f3li\u00f3j\u00e1t, azok sz\u00e1mos min\u0151s\u00e9gi \u00e9s gazdas\u00e1gi el\u0151nye miatt.<\/p>\n<p style=\"text-align: justify;\"><em>\u201eA SECO \/ WARWICK v\u00e1kuumkemence-portf\u00f3li\u00f3ja a term\u00e9kek, az alkalmaz\u00e1sok \u00e9s az ipar teljes spektrum\u00e1n alkalmazza a hagyom\u00e1nyos temper\u00e1l\u00e1si \u00e9s edz\u00e9si m\u00f3dszereket. Magyar \u00fcgyfel\u00fcnk t\u00f6bbek k\u00f6z\u00f6tt az aut\u00f3iparra, az \u00e9lelmiszeriparra, az \u00e9p\u00edt\u0151iparra, a b\u00e1ny\u00e1szatra, az energetik\u00e1ra \u00e9s az elektromos iparra specializ\u00e1l\u00f3dott. Valamennyi v\u00e1kuumkemenc\u00e9nk nagyfok\u00fa k\u00f6lts\u00e9g-megtakar\u00edt\u00e1st \u00e9s a v\u00e9gterm\u00e9kre vonatkoz\u00f3 el\u0151nyt \u201d<\/em>&#8211; nyilatkozta <a href=\"https:\/\/www.secowarwick.com\/en\/company\/management-team\/\">Maciej Korecki,<\/a> A <a href=\"https:\/\/www.secowarwick.com\/en\/products\/vacuum-heat-treatment\/\">SECO\/WARWICK v\u00e1kuum-\u00fczlet\u00e1g\u00e1nak<\/a> aleln\u00f6ke.<\/p>\n<p style=\"text-align: justify;\"><em>\u201eA K\u00fcl\u00f6nleges m\u00e9ret\u0171 kamra tov\u00e1bbi el\u0151nyt biztos\u00edt \u00fcgyfel\u00fcnk sz\u00e1m\u00e1ra. Nemcsak nagyobb h\u0151kezel\u00e9si term\u00e9kek h\u00e1zon bel\u00fcli feldolgoz\u00e1s\u00e1t teszi lehet\u0151v\u00e9, hanem a tov\u00e1bbi c\u00e9gek r\u00e9sz\u00e9re t\u00f6rt\u00e9n\u0151 szolg\u00e1tlat\u00e1st is. A SECO\/WARWICK az egyedi k\u00e9sz\u00edt\u00e9s\u0171 vagy az adott ig\u00e9nyek szerint testre szabott term\u00e9kek specialist\u00e1ja. Ez a megrendel\u00e9s nemcsak \u00faj technol\u00f3gi\u00e1t, hanem meg\u00e9rd\u0151jelezhetetlen versenyel\u0151nyt is ny\u00fajt \u00fcgyfel\u00fcnk sz\u00e1m\u00e1ra\u201d<\/em>&#8211; z\u00e1rja mondand\u00f3j\u00e1t M. Korecki.<\/p>\n<p style=\"text-align: justify;\">A szersz\u00e1mk\u00e9sz\u00edt\u0151 \u00e9s pr\u00e9sipar mintegy 10\u00a0\u00e9ve kezdett v\u00e1kuum-technol\u00f3gi\u00e1ra v\u00e1ltani. A SECO\/WARWICK v\u00e1kuum-term\u00e9kei nagym\u00e9rt\u00e9kben el\u0151seg\u00edtik ezt a folyamatot. A v\u00e1kuum-megold\u00e1sokat a magas min\u0151s\u00e9g (tiszta \u00e9s vil\u00e1gos r\u00e9szek), a megb\u00edzhat\u00f3s\u00e1g, a k\u00f6rnyezetbar\u00e1t param\u00e9terek, a terhel\u00e9s n\u00e9lk\u00fcli oxid\u00e1ci\u00f3, az elfojt\u00e1si torz\u00edt\u00e1s cs\u00f6kkent\u00e9se, a sz\u00e1m\u00edt\u00f3g\u00e9pes vez\u00e9rl\u00e9s\u0171 vizualiz\u00e1ci\u00f3s rendszerek seg\u00edts\u00e9ge r\u00e9v\u00e9n el\u00e9rt teljes auton\u00f3mia, a kompakt kialak\u00edt\u00e1s \u00e9s a kemence leny\u0171g\u00f6z\u0151 univerz\u00e1lts\u00e1ga miatt \u00e9rt\u00e9kelik nagyra, amelyet az \u00e9vek sor\u00e1n v\u00e1ltoz\u00f3 term\u00e9keknek, piacoknak \u00e9s \u00fcgyf\u00e9l-k\u00f6vetelm\u00e9nyeknek t\u00f6rt\u00e9n\u0151 megfelel\u00e9sre haszn\u00e1lnak.<\/p>\n<div class=\"et_pb_button_module_wrapper et_pb_button_0_wrapper et_pb_button_alignment_center et_pb_module \"><a class=\"et_pb_button et_pb_button_0 et_pb_bg_layout_light\" href=\"https:\/\/www.secowarwick.com\/en\/products\/vacuum-heat-treatment\/vector\/\" target=\"_blank\" rel=\"noopener\">Tudjon meg t\u00f6bbet<\/a><\/div>\n<p>&nbsp;<\/p>\n<div><\/div>\n<div><\/div>\n<div style=\"text-align: center;\">\n<div style=\"margin: auto; display: inline-block; background-color: #e2001a; border: 2px solid #e2001a; padding: 15px;\"><strong><span style=\"color: #ffffff;\">KAPCSOL\u00d3D\u00d3 H\u00cdREK<\/span><\/strong><\/div>\n<\/div>\n<div style=\"display: flex; flex-wrap: wrap; justify-content: center; margin-top: 50px;\">\n<div style=\"display: inline-block; width: 310px; padding: 5px; background-color: #e7e7e7; height: 350px;\">\n<p><a title=\"Retort furnace for another European tool manufacturer\" href=\"https:\/\/www.secowarwick.com\/en\/news\/retort-furnace-designed-to-meet-your-needs\/\" target=\"_blank\" rel=\"noopener\"><strong><span style=\"color: #ffffff;\"><img decoding=\"async\" class=\"alignnone wp-image-80963 size-medium\" src=\"https:\/\/www.secowarwick.com\/wp-content\/uploads\/2021\/01\/PR_zeroflow-300x158.jpg\" alt=\"retort furnace, vacuum purging, oxidation SECO\/WARWICK\" \/><\/span><\/strong><\/a><\/p>\n<div style=\"text-align: center; padding: 25px; margin-bottom: 0px;\">Retort furnace for another European tool manufacturer<\/div>\n<div style=\"text-align: center;\">\n<div style=\"margin: 1px auto; display: inline-block; background-color: #e2001a; border: 2px solid #e2001a; padding: 5px;\"><a title=\"Retort furnace for another European tool manufacturer\" href=\"https:\/\/www.secowarwick.com\/en\/news\/retort-furnace-designed-to-meet-your-needs\/\" target=\"_blank\" rel=\"noopener\"><strong><span style=\"color: #ffffff;\">T\u00f6bbet l\u00e1tni<\/span><\/strong><\/a><\/div>\n<\/div>\n<\/div>\n<div style=\"display: inline-block; width: 310px; padding: 5px; background-color: #e7e7e7; height: 350px;\">\n<p><a title=\"Two Vector vacuum furnaces from SECO\/WARWICK on a special mission\" href=\"https:\/\/www.secowarwick.com\/en\/news\/vectors-for-youngstown-tool-die\/\" target=\"_blank\" rel=\"noopener\"><img decoding=\"async\" class=\"wp-image-80977 size-medium\" src=\"https:\/\/www.secowarwick.com\/wp-content\/uploads\/2020\/06\/Vector-SECOWARWICK-300x158.jpg\" alt=\"Vector\u00ae HPGQ furnaces SECO\/WARWICK\" \/><\/a><\/p>\n<div style=\"text-align: center; padding: 25px; margin-bottom: 0px;\">Two Vector vacuum furnaces from SECO\/WARWICK on a special mission<\/div>\n<div style=\"text-align: center;\">\n<div style=\"margin: 1px auto; display: inline-block; background-color: #e2001a; border: 2px solid #e2001a; padding: 5px;\"><a title=\"Two Vector vacuum furnaces from SECO\/WARWICK on a special mission\" href=\"https:\/\/www.secowarwick.com\/en\/news\/vectors-for-youngstown-tool-die\/\" target=\"_blank\" rel=\"noopener\"><strong><span style=\"color: #ffffff;\">T\u00f6bbet l\u00e1tni<\/span><\/strong><\/a><\/div>\n<\/div>\n<\/div>\n<div style=\"display: inline-block; width: 310px; padding: 5px; background-color: #e7e7e7; height: 350px;\">\n<p><a title=\"VECTOR gas quenching vacuum furnace for American aviation industry\" href=\"https:\/\/www.secowarwick.com\/en\/news\/another-vector-from-svt-for-aviation\/\" target=\"_blank\" rel=\"noopener\"><strong><span style=\"color: #ffffff;\"><img decoding=\"async\" class=\"alignnone wp-image-80963 size-medium\" src=\"https:\/\/www.secowarwick.com\/wp-content\/uploads\/2021\/02\/PR_SVT_Vector_aerospace-300x158.jpg\" alt=\"Global aerospace manufacturer orders Vector\" \/><\/span><\/strong><\/a><\/p>\n<div style=\"text-align: center; padding: 25px; margin-bottom: 0px;\">VECTOR gas quenching vacuum furnace for American aviation industry<\/div>\n<div style=\"text-align: center;\">\n<div style=\"margin: 1px auto; display: inline-block; background-color: #e2001a; border: 2px solid #e2001a; padding: 5px;\"><a title=\"VECTOR gas quenching vacuum furnace for American aviation industry\" href=\"https:\/\/www.secowarwick.com\/en\/news\/another-vector-from-svt-for-aviation\/\" target=\"_blank\" rel=\"noopener\"><strong><span style=\"color: #ffffff;\">T\u00f6bbet l\u00e1tni<\/span><\/strong><\/a><\/div>\n<\/div>\n<\/div>\n<\/div>\n","protected":false},"excerpt":{"rendered":"<p>A SECO\/WARWICK k\u00e9t kemenc\u00e9t sz\u00e1ll\u00edt Budapestre. Az egyik Magyarorsz\u00e1g legnagyobb v\u00e1kuumkemenc\u00e9je lesz, mai \u00faj \u00fczleti lehet\u0151s\u00e9geket nyit meg. Ez az eur\u00f3pai Flansch-Tech els\u0151 megrendel\u00e9se, amely az alum\u00ednium- \u00e9s ac\u00e9lkov\u00e1csol\u00e1s \u00e9s az ac\u00e9lkereskedelem ter\u00e9n tev\u00e9kenykedik. Egyedi technol\u00f3gia egyedi m\u00e9retben A Flansch-Tech \u00e1ltal rendelt VECTOR egy egyedi v\u00e1kuumkemence v\u00edzszintes anyagbet\u00f6lt\u00e9ssel, max. 15 bar nitrog\u00e9n-h\u0171t\u0151g\u00e1znyom\u00e1ssal \u00e9s 900\u00a0X\u00a0900\u00a0X\u00a01200\u00a0mm gy\u00e1rt\u00e1si [&hellip;]<\/p>\n","protected":false},"author":2,"featured_media":0,"parent":0,"menu_order":0,"comment_status":"closed","ping_status":"closed","template":"","meta":{"_acf_changed":false,"_et_pb_use_builder":"","_et_pb_old_content":"","_et_gb_content_width":"","footnotes":""},"class_list":["post-116924","page","type-page","status-publish"],"acf":[],"_links":{"self":[{"href":"https:\/\/www.secowarwick.com\/en\/wp-json\/wp\/v2\/pages\/116924","targetHints":{"allow":["GET"]}}],"collection":[{"href":"https:\/\/www.secowarwick.com\/en\/wp-json\/wp\/v2\/pages"}],"about":[{"href":"https:\/\/www.secowarwick.com\/en\/wp-json\/wp\/v2\/types\/page"}],"author":[{"embeddable":true,"href":"https:\/\/www.secowarwick.com\/en\/wp-json\/wp\/v2\/users\/2"}],"replies":[{"embeddable":true,"href":"https:\/\/www.secowarwick.com\/en\/wp-json\/wp\/v2\/comments?post=116924"}],"version-history":[{"count":1,"href":"https:\/\/www.secowarwick.com\/en\/wp-json\/wp\/v2\/pages\/116924\/revisions"}],"predecessor-version":[{"id":180153,"href":"https:\/\/www.secowarwick.com\/en\/wp-json\/wp\/v2\/pages\/116924\/revisions\/180153"}],"wp:attachment":[{"href":"https:\/\/www.secowarwick.com\/en\/wp-json\/wp\/v2\/media?parent=116924"}],"curies":[{"name":"wp","href":"https:\/\/api.w.org\/{rel}","templated":true}]}}