{"id":119377,"date":"2021-09-07T11:12:52","date_gmt":"2021-09-07T09:12:52","guid":{"rendered":"https:\/\/www.secowarwick.com\/?page_id=119377"},"modified":"2021-09-07T11:13:39","modified_gmt":"2021-09-07T09:13:39","slug":"o-seco-warwick-e-lider-no-mercado-brasileiro-de-tratamento-termico-comercial","status":"publish","type":"page","link":"https:\/\/www.secowarwick.com\/en\/o-seco-warwick-e-lider-no-mercado-brasileiro-de-tratamento-termico-comercial\/","title":{"rendered":"O SECO\/WARWICK \u00e9 l\u00edder no mercado brasileiro de tratamento t\u00e9rmico comercial"},"content":{"rendered":"<div>\n<h3>O SECO\/WARWICK Group j\u00e1 entregou v\u00e1rios equipamentos avan\u00e7ados de tratamento t\u00e9rmico de metal para a Am\u00e9rica do Sul. Os principais clientes deste tipo de equipamento s\u00e3o empresas que fornecem servi\u00e7os de tratamento t\u00e9rmico no pa\u00eds. Este ano, o equipamento do <a href=\"http:\/\/www.secowarwick.com\">SECO\/WARWICK<\/a> foi entregue a 3 unidades de tratamento t\u00e9rmico no Brasil. No \u00faltimo m\u00eas, o forno a v\u00e1cuo Vector\u00ae foi entregue a empresa Supertrat localizada em Santa B\u00e1rbara D\u2019Oeste.<\/h3>\n<p><img decoding=\"async\" class=\"alignnone size-full wp-image-119251\" src=\"https:\/\/www.secowarwick.com\/wp-content\/uploads\/2021\/09\/PR_SuperTratBrazil__SW2.jpg\" alt=\"SECO\/WARWICK, VECTOR\" width=\"1200\" height=\"630\" srcset=\"https:\/\/www.secowarwick.com\/wp-content\/uploads\/2021\/09\/PR_SuperTratBrazil__SW2.jpg 1200w, https:\/\/www.secowarwick.com\/wp-content\/uploads\/2021\/09\/PR_SuperTratBrazil__SW2-980x515.jpg 980w, https:\/\/www.secowarwick.com\/wp-content\/uploads\/2021\/09\/PR_SuperTratBrazil__SW2-480x252.jpg 480w\" sizes=\"(min-width: 0px) and (max-width: 480px) 480px, (min-width: 481px) and (max-width: 980px) 980px, (min-width: 981px) 1200px, 100vw\" \/><\/p>\n<h2><\/h2>\n<p>&nbsp;<\/p>\n<h2>A necessidade dos fornos a v\u00e1cuo Vector no Brasil<\/h2>\n<p><a href=\"https:\/\/www.secowarwick.com\/en\/products\/vacuum-heat-treatment\/vector\/\"><strong>O forno a v\u00e1cuo Vector<\/strong><\/a> adquirido pela unidade de tratamento t\u00e9rmico da Supertrat \u00e9 um dispositivo de tamanho m\u00e9dio, por\u00e9m, \u00a0proporciona in\u00fameras oportunidades. O seu espa\u00e7o de trabalho (600 x 600 x 900) \u00e9 ideal, \u00e9 a escolha mais frequente das empresas que fornecem tratamento t\u00e9rmico. O equipamento simplificar\u00e1 os processos e aprimorar\u00e1 a capacidade dos processos de tratamento t\u00e9rmico, al\u00e9m de aumentar a economia. Tudo isso \u00e9 poss\u00edvel devido a economia de energia, a c\u00e2mera de grafite e ao desempenho preciso, algo que proporciona clareza e velocidade ao processo.<\/p>\n<p><em>\u201cO Vector \u00e9 o nosso equipamento padr\u00e3o ajustado \u00e0s necessidades espec\u00edficas do cliente, <\/em><em>,<\/em> <em>foi desenvolvido<\/em><em> para ser o mais vers\u00e1til poss\u00edvel e ter a aplica\u00e7\u00e3o mais ampla <\/em><em>no <\/em><em>tratamento t\u00e9rmico de v\u00e1rios tipos de a\u00e7o. Cada novo contrato significa muitas consultas e desafios. Anos de experi\u00eancia nos levaram a desenvolver um forno universal, amplamente utilizado no tratamento t\u00e9rmico, <\/em><em>que<\/em><em>, pode ser modificado para ajustar as diversas possibilidades \u00e0s necessidades do cliente<\/em><em>,<\/em><em>\u201d <\/em>afirmou <a href=\"https:\/\/www.secowarwick.com\/en\/company\/management-team\/\"><strong>Maciej Korecki<\/strong><\/a>, vice-presidente do <a href=\"https:\/\/www.secowarwick.com\/en\/products\/vacuum-heat-treatment\/\"><strong>segmento de solu\u00e7\u00f5es a v\u00e1cuo<\/strong><\/a>, SECO\/WARWICK Group.<\/p>\n<p><em>\u201cConhecemos profundamente o mercado sul-americano, pois fornecemos fornos a v\u00e1cuo<\/em> <em>n\u00e3o apenas <\/em><em>para as maiores ind\u00fastrias de tratamento t\u00e9rmico do continente, como tamb\u00e9m para<\/em><em> organiza\u00e7\u00f5es<\/em><em> militares e de avia\u00e7\u00e3o. No mercado brasileiro, fornecemos a entrega mais r\u00e1pida <\/em><em>de um forno a v\u00e1cuo <\/em><em>este ano, em apenas <\/em><em>8 semanas.<\/em><em> Recentemente, o governo brasileiro apresentou um programa de subs\u00eddios que permite que at\u00e9 50% do financiamento seja concedido para <\/em><em>o tipo de<\/em><em> equipamento <\/em><em>produzido pelo<\/em><em> SECO\/WARWICK<\/em><em>,<\/em>\u201d acrescentou M. Korecki.<\/p>\n<\/div>\n<h2><\/h2>\n<p>&nbsp;<\/p>\n<div>\n<h2>O forno a v\u00e1cuo mais vendido do mundo<\/h2>\n<p>Gra\u00e7as \u00e0 c\u00e2mara de aquecimento esf\u00e9rica, o forno a v\u00e1cuo Vector facilita o tratamento t\u00e9rmico r\u00e1pido de elementos grandes e superdimensionados. O recurso do design do forno \u00e9 o resfriamento direcional,, o que possibilita resfriar elementos complexos de v\u00e1rias formas, dependendo do formato da pe\u00e7a. O forno Vector fornecido para a unidade de tratamento t\u00e9rmico da Supertrat est\u00e1 equipado com aquecimento por convec\u00e7\u00e3o &#8211; um sistema que aprimora a efici\u00eancia da transfer\u00eancia de calor ao aquecer em temperaturas mais baixas.<\/p>\n<p><em>&#8220;As possibilidades desse forno a v\u00e1cuo s\u00e3o in\u00fameras. \u00c9 justamente por isso que \u00e9 o forno a v\u00e1cuo mais vendido do mundo do nosso portf\u00f3lio. <\/em><em>Os fornos a v\u00e1cuo Vector com <\/em><em>uma <\/em><em>c\u00e2mera de aquecimento de grafite esf\u00e9rica podem ser utilizados na maioria dos processos padr\u00e3o de endurecimento, t\u00eampera, recozimento, solu\u00e7\u00e3o de tratamento t\u00e9rmico, solda e sinteriza\u00e7\u00e3o. Al\u00e9m disso, eles podem ser utilizados juntamente com as tecnologias opcionais patenteadas de cementa\u00e7\u00e3o a v\u00e1cuo (FineCarb\u00ae) e pr\u00e9-nitreta\u00e7\u00e3o (PreNit\u00ae)<\/em><em>,<\/em><em>\u201d <\/em>resumiu <a href=\"https:\/\/www.secowarwick.com\/en\/company\/management-team\/\"><strong>Maciej Korecki<\/strong><\/a>, vice-presidente do <a href=\"https:\/\/www.secowarwick.com\/en\/products\/vacuum-heat-treatment\/\"><strong>segmento de solu\u00e7\u00f5es a v\u00e1cuo<\/strong><\/a>, SECO\/WARWICK Group.<\/p>\n<\/div>\n<h2><\/h2>\n<p>&nbsp;<\/p>\n<div>\n<h2>A Am\u00e9rica do Sul \u00e9 importante para o SECO\/WARWICK<\/h2>\n<p>O SECO\/WARWICK atua no mercado sul-americano h\u00e1 muitos anos. H\u00e1 6 anos, o SECO\/WARWICK coopera com a empresa brasileira COMBUSTOL FORNOS IND COM LTDA e, por meio dessa parceria, pode atender a pedidos cobertos por subs\u00eddios governamentais para o equipamento quando 50%, pelo menos, \u00e9 fabricado no territ\u00f3rio brasileiro.<\/p>\n<h2><\/h2>\n<h2>Empresas de tratamento t\u00e9rmico &#8211; parceiras muito exigentes<\/h2>\n<p>As empresas de tratamento t\u00e9rmico representam um grupo importante e altamente exigente de clientes que escolhem as solu\u00e7\u00f5es do SECO\/WARWICK.<\/p>\n<p><em>&#8220;Enfrentamos diariamente o desafio de um grande n\u00famero de processos e sua abrang\u00eancia tecnol\u00f3gica. \u00c9 por isso que busc\u00e1vamos um dispositivo universal que pudesse, ao mesmo tempo, ser adaptado para atender \u00e0s nossas expectativas espec\u00edficas. O SECO\/WARWICK aceitou o desafio e nos forneceu um forno personalizado para atender \u00e0s necessidades da nossa unidade de tratamento t\u00e9rmico<\/em><em>,<\/em><em>\u201d <\/em>afirmou Claudio J. Leit\u00e3o, MSc Eng., diretor t\u00e9cnico e propriet\u00e1rio do Grupo Supertrat.<\/p>\n<p>O SECO\/WARWICK fornece equipamentos para empresas de tratamento t\u00e9rmico e opera em todos os continentes.<\/p>\n<p>&nbsp;<\/p>\n<p>&nbsp;<\/p>\n<\/div>\n<div class=\"et_pb_button_module_wrapper et_pb_button_0_wrapper et_pb_button_alignment_center et_pb_module \"><a class=\"et_pb_button et_pb_button_0 et_pb_bg_layout_light\" href=\"https:\/\/www.secowarwick.com\/en\/products\/vacuum-heat-treatment\/vector\/\" target=\"_blank\" rel=\"noopener\">Descubra mais<\/a><\/div>\n<p>&nbsp;<\/p>\n<p>&nbsp;<\/p>\n<div style=\"text-align: center;\">\n<div style=\"margin: auto; display: inline-block; background-color: #e2001a; border: 2px solid #e2001a; padding: 15px;\"><strong><span style=\"color: #ffffff;\">INFORMA\u00c7\u00c3O RELACIONADA<\/span><\/strong><\/div>\n<\/div>\n<div style=\"display: flex; flex-wrap: wrap; justify-content: center; margin-top: 50px;\">\n<div style=\"display: inline-block; width: 310px; padding: 5px; background-color: #e7e7e7; height: 350px;\">\n<p><a title=\"Develop Hardening Plant Solutions with SECO\/WARWICK\" href=\"https:\/\/www.secowarwick.com\/en\/news\/development-of-a-hardening-plant\/\" target=\"_blank\" rel=\"noopener\"><strong><span style=\"color: #ffffff;\"><img decoding=\"async\" class=\"alignnone wp-image-80963 size-medium\" src=\"https:\/\/www.secowarwick.com\/wp-content\/uploads\/2021\/02\/PR_HartTech_SW-300x158.jpg\" alt=\"HART-TECH, SECO\/WARWICK Develop Hardening Plant Solutions\" \/><\/span><\/strong><\/a><\/p>\n<div style=\"text-align: center; padding: 25px; margin-bottom: 0px;\">Develop Hardening Plant Solutions with SECO\/WARWICK<\/div>\n<div style=\"text-align: center;\">\n<div style=\"margin: 1px auto; display: inline-block; background-color: #e2001a; border: 2px solid #e2001a; padding: 5px;\"><a title=\"Develop Hardening Plant Solutions with SECO\/WARWICK\" href=\"https:\/\/www.secowarwick.com\/en\/news\/development-of-a-hardening-plant\/\" target=\"_blank\" rel=\"noopener\"><strong><span style=\"color: #ffffff;\">See more<\/span><\/strong><\/a><\/div>\n<\/div>\n<\/div>\n<div style=\"display: inline-block; width: 310px; padding: 5px; background-color: #e7e7e7; height: 350px;\">\n<p><a title=\"Polish heat treater with vacuum furnace from SECO\/WARWICK\" href=\"https:\/\/www.secowarwick.com\/en\/news\/kuczma-commercial-heat-treater-with-vacuum-furnace-from-seco-warwick\/\" target=\"_blank\" rel=\"noopener\"><img decoding=\"async\" class=\"wp-image-80977 size-medium\" style=\"height: 158px; width: 300px;\" src=\"https:\/\/www.secowarwick.com\/wp-content\/uploads\/2020\/06\/Info_Prasowa_08.06-300x158.jpg\" alt=\"Vector for KUCZMA SECO\/WARWICK\" \/><\/a><\/p>\n<div style=\"text-align: center; padding: 25px; margin-bottom: 0px;\">Polish heat treater with vacuum furnace from SECO\/WARWICK<\/div>\n<div style=\"text-align: center;\">\n<div style=\"margin: 1px auto; display: inline-block; background-color: #e2001a; border: 2px solid #e2001a; padding: 5px;\"><a title=\"Polish heat treater with vacuum furnace from SECO\/WARWICK\" href=\"https:\/\/www.secowarwick.com\/en\/news\/kuczma-commercial-heat-treater-with-vacuum-furnace-from-seco-warwick\/\" target=\"_blank\" rel=\"noopener\"><strong><span style=\"color: #ffffff;\">See more<\/span><\/strong><\/a><\/div>\n<\/div>\n<\/div>\n<div style=\"display: inline-block; width: 310px; padding: 5px; background-color: #e7e7e7; height: 350px;\">\n<p><a title=\"VECTOR gas quenching vacuum furnace for American aviation industry\" href=\"https:\/\/www.secowarwick.com\/en\/news\/another-vector-from-svt-for-aviation\/\" target=\"_blank\" rel=\"noopener\"><strong><span style=\"color: #ffffff;\"><img decoding=\"async\" class=\"alignnone wp-image-80963 size-medium\" src=\"https:\/\/www.secowarwick.com\/wp-content\/uploads\/2021\/02\/PR_SVT_Vector_aerospace-300x158.jpg\" alt=\"Global aerospace manufacturer orders Vector\" \/><\/span><\/strong><\/a><\/p>\n<div style=\"text-align: center; padding: 25px; margin-bottom: 0px;\">VECTOR gas quenching vacuum furnace for American aviation industry<\/div>\n<div style=\"text-align: center;\">\n<div style=\"margin: 1px auto; display: inline-block; background-color: #e2001a; border: 2px solid #e2001a; padding: 5px;\"><a title=\"VECTOR gas quenching vacuum furnace for American aviation industry\" href=\"https:\/\/www.secowarwick.com\/en\/news\/another-vector-from-svt-for-aviation\/\" target=\"_blank\" rel=\"noopener\"><strong><span style=\"color: #ffffff;\">See more<\/span><\/strong><\/a><\/div>\n<\/div>\n<\/div>\n<\/div>\n<p>&nbsp;<\/p>\n<p>&nbsp;<\/p>\n","protected":false},"excerpt":{"rendered":"<p>O SECO\/WARWICK Group j\u00e1 entregou v\u00e1rios equipamentos avan\u00e7ados de tratamento t\u00e9rmico de metal para a Am\u00e9rica do Sul. Os principais clientes deste tipo de equipamento s\u00e3o empresas que fornecem servi\u00e7os de tratamento t\u00e9rmico no pa\u00eds. Este ano, o equipamento do SECO\/WARWICK foi entregue a 3 unidades de tratamento t\u00e9rmico no Brasil. No \u00faltimo m\u00eas, o [&hellip;]<\/p>\n","protected":false},"author":2,"featured_media":0,"parent":0,"menu_order":0,"comment_status":"closed","ping_status":"closed","template":"","meta":{"_acf_changed":false,"_et_pb_use_builder":"","_et_pb_old_content":"","_et_gb_content_width":"","footnotes":""},"class_list":["post-119377","page","type-page","status-publish"],"acf":[],"_links":{"self":[{"href":"https:\/\/www.secowarwick.com\/en\/wp-json\/wp\/v2\/pages\/119377","targetHints":{"allow":["GET"]}}],"collection":[{"href":"https:\/\/www.secowarwick.com\/en\/wp-json\/wp\/v2\/pages"}],"about":[{"href":"https:\/\/www.secowarwick.com\/en\/wp-json\/wp\/v2\/types\/page"}],"author":[{"embeddable":true,"href":"https:\/\/www.secowarwick.com\/en\/wp-json\/wp\/v2\/users\/2"}],"replies":[{"embeddable":true,"href":"https:\/\/www.secowarwick.com\/en\/wp-json\/wp\/v2\/comments?post=119377"}],"version-history":[{"count":11,"href":"https:\/\/www.secowarwick.com\/en\/wp-json\/wp\/v2\/pages\/119377\/revisions"}],"predecessor-version":[{"id":119405,"href":"https:\/\/www.secowarwick.com\/en\/wp-json\/wp\/v2\/pages\/119377\/revisions\/119405"}],"wp:attachment":[{"href":"https:\/\/www.secowarwick.com\/en\/wp-json\/wp\/v2\/media?parent=119377"}],"curies":[{"name":"wp","href":"https:\/\/api.w.org\/{rel}","templated":true}]}}