{"id":132663,"date":"2022-10-29T18:25:10","date_gmt":"2022-10-29T16:25:10","guid":{"rendered":"https:\/\/www.secowarwick.com\/?page_id=132663"},"modified":"2025-02-25T12:27:27","modified_gmt":"2025-02-25T11:27:27","slug":"cookie-policy","status":"publish","type":"page","link":"https:\/\/www.secowarwick.com\/en\/cookie-policy\/","title":{"rendered":"SECO\/WARWICK COOKIE POLICY"},"content":{"rendered":"<p>This document describes the rules for the operation of cookies used on the websites available in the domain [secowarwick.com] operated by SECO\/WARWICK S.A. with its registered office in \u015awiebodzin, ul. Sobieskiego 8, 66-200 \u015awiebodzin, entered in the Register of Entrepreneurs of the National Court Register by the District Court in Zielona G\u00f3ra, 8th Commercial Division of the National Court Register, under KRS No. 0000271014, NIP (Tax Identification Number): 9270100756, share capital PLN 2,059,710.80, paid in full.<\/p>\n<p><strong>What are cookies and why do we use them?<\/strong><\/p>\n<p>Cookies are small text files stored on your devices, such as computers, smartphones or tablets. We use cookies and other similar technologies to, among other things, ensure the proper functioning of our websites, to tailor them to your preferences and to collect information about how you use our sites. You will find a detailed description of the purposes for which we use cookies in the table below.<\/p>\n<p><strong>What types of cookies do we use?<\/strong><\/p>\n<p>With regard to their purpose, the cookies we use can be divided as follows:<\/p>\n<ul>\n<li><strong>functional<\/strong> \u2013 they are used to ensure the proper functioning of our websites and the services available on them, e.g. for security purposes, to manage web traffic or to remember consents you have given;<\/li>\n<li><strong>analytical <\/strong>\u2013 are used to collect information about your activity on our websites for analytical and statistical purposes, allowing us to improve our websites and services;<\/li>\n<li><strong>marketing<\/strong> \u2013 are used to collect information about your activity on our websites for marketing purposes, in particular the matching and display of online advertisements;<\/li>\n<\/ul>\n<p>&nbsp;<\/p>\n<p>Based on the storage duration, the cookies we use can be divided into session cookies and permanent cookies. Session cookies are placed on your device for the duration of your browser use (session duration) and are deleted when you close your browser or log out of the website. Permanent cookies, on the other hand, are placed on your device for a specific period of time, after which they are deleted.<\/p>\n<p>With regard to the origin of the cookies we use, they can be divided into our own cookies <em>(first party<\/em> <em>cookies<\/em>) \u2013 which originate from our Internet domain \u2013 and external cookies <em>(third party cookies<\/em>) \u2013 which originate from Internet domains controlled by third parties.<\/p>\n<p><strong>How can I manage the cookies on my device?<\/strong><\/p>\n<p>Cookies, which are necessary to ensure the correct functioning of our websites and the services available on them, are always active. However, other cookies that we use for other purposes are only stored and read if you have given your consent.<\/p>\n<p>You can give this consent using the tool displayed when you first visit our websites. Giving your consent is voluntary and not required to use our websites, but some features may only be available if you give your consent. You may withdraw your consent at any time with effect for the future using the tool above. To access the tool again to change your settings \u2013 to grant or withdraw your consent \u2013 please click on the \u201cCookie settings\u201d link in the footer and here.<\/p>\n<p><strong>\u00a0<\/strong>You can also manage cookies via your browser settings. In this way, you can delete or block even those cookies that are necessary for the operation of our websites and services. Restricting or blocking certain cookies may therefore lead to a limitation of the functionality of our websites and the services available on them or even prevent them from functioning correctly.<\/p>\n<p>Detailed explanations of the management of cookies in the most popular browsers can be found on the following pages:<\/p>\n<p><a href=\"https:\/\/support.google.com\/chrome\/answer\/95647\">Google Chrome<\/a><\/p>\n<p><a href=\"https:\/\/support.apple.com\/pl-pl\/guide\/safari\/sfri11471\/mac\" target=\"_blank\" rel=\"noopener\">Apple Safari<\/a><\/p>\n<p><a href=\"https:\/\/support.microsoft.com\/pl-pl\/windows\/program-microsoft-edge-i-przegl\u0105danie-danych-a-prywatno\u015b\u0107-bb8174ba-9d73-dcf2-9b4a-c582b4e640dd\">Microsoft Edge<\/a><\/p>\n<p><a href=\"https:\/\/support.mozilla.org\/pl\/kb\/ciasteczka\">Mozilla Firefox<\/a><\/p>\n<p><a href=\"https:\/\/help.opera.com\/pl\/latest\/web-preferences\/#cookies\">Opera<\/a><\/p>\n<p><strong>For what purposes do we use cookies?<\/strong><\/p>\n<table style=\"width: 100%;\">\n<tbody>\n<tr>\n<td width=\"81\"><strong>Function<\/strong><\/td>\n<td width=\"166\"><strong>File names<\/strong><\/td>\n<td width=\"89\"><strong>Category<\/strong><\/td>\n<td width=\"268\"><strong>Purpose<\/strong><\/td>\n<\/tr>\n<tr>\n<td width=\"81\"><strong>Cookie settings<\/strong><\/td>\n<td width=\"166\">cmplz_banner-status<br \/>\ncmplz_consented_services<br \/>\ncmplz_consenttype<br \/>\ncmplz_functional<br \/>\ncmplz_marketing<br \/>\ncmplz_policy_id<br \/>\ncmplz_preferences<br \/>\ncmplz_statistics<\/td>\n<td width=\"89\">functional<\/td>\n<td width=\"268\">These cookies are used to remember your preferences for cookies used on our websites, including remembering consents given and refused. They originate from our servers (own cookies).<\/p>\n<p>Period of validity: 1 year (all files listed except cmplz_consenttype, which has a validity period of 365 days)<\/td>\n<\/tr>\n<tr>\n<td width=\"81\"><strong>Google Analytics<\/strong><\/td>\n<td width=\"166\">_ga<br \/>\n_gat_UA-6830423-2<br \/>\n_gid<\/td>\n<td width=\"89\">analytical<\/td>\n<td width=\"268\">We use the aforementioned cookies to analyse your use of our websites using the Google Analytics tool. The individual files are used, among other things, to store user identifiers and to distinguish between users and to collect information and statistics about the use of our pages and to analyse them. These come from a third party \u2013 Google.<\/p>\n<p>Additional information is available on the following Google pages:<\/p>\n<p><a href=\"https:\/\/policies.google.com\/technologies\/cookies\" target=\"_blank\" rel=\"noopener\">https:\/\/policies.google.com\/technologies\/cookies<\/a> oraz <a href=\"https:\/\/policies.google.com\/technologies\/partner-sites\" target=\"_blank\" rel=\"noopener\">https:\/\/policies.google.com\/technologies\/partner-sites<\/a><\/p>\n<p>Period of validity:<br \/>\n_ga \u2013 2 years<br \/>\n_gat_UA-6830423-2 \u2013 1 minute<br \/>\n_gid \u2013 1 day<\/td>\n<\/tr>\n<tr>\n<td width=\"81\"><strong>YouTube<\/strong><\/td>\n<td width=\"166\">visitor_info1_live<\/p>\n<p>ysc<\/td>\n<td width=\"89\">marketing<\/td>\n<td width=\"268\">We use the aforementioned cookies in connection with the embedding of content from YouTube \u2013 videos available on this website. The individual files are used, among other things, to track the user&#8217;s preferences in order to display tailored advertisements on YouTube and to register a unique identifier used to keep statistics on the videos viewed by the user. These come from a third party \u2013 Google.<\/p>\n<p>Additional information is available on the following Google pages:<\/p>\n<p><a href=\"https:\/\/policies.google.com\/technologies\/cookies\" target=\"_blank\" rel=\"noopener\">https:\/\/policies.google.com\/technologies\/cookies<\/a><\/p>\n<p>Period of validity:<br \/>\nvisitor_info1_live \u2013 6 months<br \/>\nysc \u2013 session duration<\/td>\n<\/tr>\n<tr>\n<td width=\"81\"><strong>LinkedIn advertising cookies<\/strong><\/td>\n<td width=\"166\"><u>linkedin.com<\/u><\/p>\n<p>AnalyticsSyncHistory<br \/>\nbcookie<br \/>\nlang<br \/>\nlidc<br \/>\nUserMatchHistory<\/p>\n<p>&nbsp;<\/p>\n<p><u>ads.linkedin.com<\/u><\/p>\n<p>lang<\/td>\n<td width=\"89\">marketing<\/td>\n<td width=\"268\">We use the cookies listed in connection with the placement of LinkedIn advertising codes. These cookies are provided by a third party \u2013 LinkedIn \u2013 and are used for the purpose of displaying advertisements to you and personalising them, as well as measuring the conversion of advertising activities or remarketing. The individual files are used, among other things, to synchronise LinkedInAds identifiers, identify devices for abuse detection on the LinkedIn platform, select a data centre and remember user language settings.<\/p>\n<p>Additional information is available on LinkedIn:<\/p>\n<p><a href=\"https:\/\/linkedin.com\/legal\/cookie-policy\" target=\"_blank\" rel=\"noopener\">https:\/\/linkedin.com\/legal\/cookie-policy<\/a><\/p>\n<p>Period of validity:<\/p>\n<p><u>linkedin.com<\/u><\/p>\n<p>AnalyticsSyncHistory \u2013 30 days<br \/>\nbcookie \u2013 2 years<br \/>\nlang \u2013 session duration<br \/>\nlidc \u2013 1 day<br \/>\nUserMatchHistory \u2013 30 days<\/p>\n<p><u>ads.linkedin.com<\/u><\/p>\n<p>lang \u2013 session duration<\/td>\n<\/tr>\n<tr>\n<td width=\"81\"><strong>Facebook advertising cookies<\/strong><\/td>\n<td width=\"166\">_fbp<br \/>\nfr<\/td>\n<td width=\"89\">marketing<\/td>\n<td width=\"268\">We use the cookies listed in connection with the placement of Facebook advertising codes. These cookies are provided by a third party \u2013 Facebook \u2013 and are used to display and personalise advertisements to the user and to measure the conversion of marketing activities or remarketing. The individual files are used, among other things, to deliver, measure the effectiveness and improve the relevance of advertisements and to identify the browser for the purpose of delivering advertising and website analysis services.<\/p>\n<p><strong>\u00a0<\/strong>Additional information is available on Facebook:<\/p>\n<p><a href=\"https:\/\/www.facebook.com\/policies\/cookies\" target=\"_blank\" rel=\"noopener\">https:\/\/www.facebook.com\/policies\/cookies<\/a><\/p>\n<p><strong>\u00a0<\/strong>Period of validity:<br \/>\n_fbp \u2013 90 days<br \/>\nfr \u2013 90 days<\/td>\n<\/tr>\n<tr>\n<td width=\"81\"><strong>Google advertising cookies<\/strong><\/td>\n<td width=\"166\">__Secure-3PAPISID<br \/>\n__Secure-3PSID<br \/>\n_gads<br \/>\n_gcl_au<br \/>\napisid<br \/>\ndv<br \/>\ngoogle_adsense_settings<br \/>\nhsid<br \/>\nogpc<br \/>\nsapisid<br \/>\nsid<br \/>\nssid<br \/>\nuule<br \/>\n1p_jar<br \/>\nconsent<br \/>\nnid<br \/>\notz<\/td>\n<td width=\"89\">marketing<\/td>\n<td width=\"268\">We use the cookies listed in connection with the placement of Google advertising codes. These cookies are provided by a third party \u2013 Google \u2013 and are used in connection with our use of Google services in order to enable us to use these services. The individual files are used for, among other things, optimising advertising campaigns, ad delivery, remarketing, storing user preferences and information, and fraud prevention.<\/p>\n<p><strong>\u00a0<\/strong>Additional information is available on the following Google pages:<\/p>\n<p><a href=\"https:\/\/policies.google.com\/technologies\/cookies\" target=\"_blank\" rel=\"noopener\">https:\/\/policies.google.com\/technologies\/cookies<\/a> oraz <a href=\"https:\/\/policies.google.com\/technologies\/partner-sites\" target=\"_blank\" rel=\"noopener\">https:\/\/policies.google.com\/technologies\/partner-sites\u00a0<\/a><\/p>\n<p><strong>\u00a0<\/strong>Period of validity:<br \/>\n__Secure-3PAPISID \u2013 2 years<br \/>\n__Secure-3PSID \u2013 2 years<br \/>\n_gads \u2013 13 months<br \/>\n_gcl_au \u2013 3 months<br \/>\napisid \u2013 2 years<br \/>\ndv \u2013 2 years<br \/>\ngoogle_adsense_settings \u2013 permanent \/ indefinite<br \/>\nhsid \u2013 2 years<br \/>\nogpc \u2013 1 month<br \/>\nsapisid \u2013 2 years<br \/>\nsid \u2013 2 years<br \/>\nssid \u2013 2 years<br \/>\nuule \u2013 2 years<br \/>\n1p_jar \u2013 30 days<br \/>\nconsent \u2013 9 months<br \/>\nnid \u2013 6 months<br \/>\notz \u2013 2 years<\/td>\n<\/tr>\n<tr>\n<td width=\"81\"><strong>One Dynamics<\/strong><\/td>\n<td width=\"166\">msd365mkttr<br \/>\nmsd365mkttrs79f08280-5c63-4331-b04d-fb6f39afda51<br \/>\n319af4c0-e197-4de9-8a9b-fe98c8a2ca04<\/td>\n<td width=\"89\">marketing<\/td>\n<td width=\"268\">We use the aforementioned cookies in connection with the placement of contact forms linked to the CRM system Microsoft DYNAMICS 365. They are not necessary for sending forms.<\/p>\n<p>Identifies the end user. We set this cookie when an end user visits a marketing site or when they click a link (with tracking enabled). At some point, when a form is submitted by this end user, a new prospect is created and we use the cookie available in the browser to associate previous visits with the newly generated prospect.<br \/>\nTo find out how much time a user has spent on the website.<\/p>\n<p>Validity period 1 year<\/td>\n<\/tr>\n<\/tbody>\n<\/table>\n<p>&nbsp;<\/p>\n","protected":false},"excerpt":{"rendered":"<p>This document describes the rules for the operation of cookies used on the websites available in the domain [secowarwick.com] operated by SECO\/WARWICK S.A. with its registered office in \u015awiebodzin, ul. Sobieskiego 8, 66-200 \u015awiebodzin, entered in the Register of Entrepreneurs of the National Court Register by the District Court in Zielona G\u00f3ra, 8th Commercial Division [&hellip;]<\/p>\n","protected":false},"author":2,"featured_media":0,"parent":0,"menu_order":0,"comment_status":"closed","ping_status":"closed","template":"","meta":{"_acf_changed":false,"_et_pb_use_builder":"","_et_pb_old_content":"","_et_gb_content_width":"","footnotes":""},"class_list":["post-132663","page","type-page","status-publish"],"acf":[],"_links":{"self":[{"href":"https:\/\/www.secowarwick.com\/en\/wp-json\/wp\/v2\/pages\/132663","targetHints":{"allow":["GET"]}}],"collection":[{"href":"https:\/\/www.secowarwick.com\/en\/wp-json\/wp\/v2\/pages"}],"about":[{"href":"https:\/\/www.secowarwick.com\/en\/wp-json\/wp\/v2\/types\/page"}],"author":[{"embeddable":true,"href":"https:\/\/www.secowarwick.com\/en\/wp-json\/wp\/v2\/users\/2"}],"replies":[{"embeddable":true,"href":"https:\/\/www.secowarwick.com\/en\/wp-json\/wp\/v2\/comments?post=132663"}],"version-history":[{"count":9,"href":"https:\/\/www.secowarwick.com\/en\/wp-json\/wp\/v2\/pages\/132663\/revisions"}],"predecessor-version":[{"id":172578,"href":"https:\/\/www.secowarwick.com\/en\/wp-json\/wp\/v2\/pages\/132663\/revisions\/172578"}],"wp:attachment":[{"href":"https:\/\/www.secowarwick.com\/en\/wp-json\/wp\/v2\/media?parent=132663"}],"curies":[{"name":"wp","href":"https:\/\/api.w.org\/{rel}","templated":true}]}}