{"id":144,"date":"2016-10-01T12:35:18","date_gmt":"2016-10-01T10:35:18","guid":{"rendered":"http:\/\/localhost:2381\/en\/?page_id=144"},"modified":"2025-12-06T10:39:03","modified_gmt":"2025-12-06T09:39:03","slug":"investor-relations","status":"publish","type":"page","link":"https:\/\/www.secowarwick.com\/en\/investor-relations\/","title":{"rendered":"Investor Relations"},"content":{"rendered":"<p>[et_pb_section fb_built=&#8221;1&#8243; admin_label=&#8221;section&#8221; _builder_version=&#8221;4.23.1&#8243; custom_padding=&#8221;0px||||false|false&#8221; global_colors_info=&#8221;{}&#8221;][et_pb_row admin_label=&#8221;row&#8221; _builder_version=&#8221;4.23.1&#8243; background_color=&#8221;#f8f8f8&#8243; background_size=&#8221;initial&#8221; background_position=&#8221;top_left&#8221; background_repeat=&#8221;repeat&#8221; custom_margin=&#8221;||||false|false&#8221; custom_padding=&#8221;||65px|25px|false|false&#8221; make_fullwidth=&#8221;off&#8221; use_custom_width=&#8221;off&#8221; width_unit=&#8221;on&#8221; global_colors_info=&#8221;{}&#8221;][et_pb_column type=&#8221;4_4&#8243; _builder_version=&#8221;4.16&#8243; custom_padding=&#8221;|||&#8221; global_colors_info=&#8221;{}&#8221; custom_padding__hover=&#8221;|||&#8221;][et_pb_breadcrumbs _builder_version=&#8221;3.0.47&#8243; global_colors_info=&#8221;{}&#8221;][\/et_pb_breadcrumbs][et_pb_text _builder_version=&#8221;4.23.1&#8243; background_size=&#8221;initial&#8221; background_position=&#8221;top_left&#8221; background_repeat=&#8221;repeat&#8221; text_orientation=&#8221;justified&#8221; use_border_color=&#8221;off&#8221; global_colors_info=&#8221;{}&#8221;]<\/p>\n<h1>INVESTOR RELATIONS<\/h1>\n<p>[\/et_pb_text][\/et_pb_column][\/et_pb_row][et_pb_row _builder_version=&#8221;4.23.1&#8243; _module_preset=&#8221;default&#8221; global_colors_info=&#8221;{}&#8221;][et_pb_column type=&#8221;4_4&#8243; _builder_version=&#8221;4.23.1&#8243; _module_preset=&#8221;default&#8221; global_colors_info=&#8221;{}&#8221;][et_pb_text _builder_version=&#8221;4.23.1&#8243; background_size=&#8221;initial&#8221; background_position=&#8221;top_left&#8221; background_repeat=&#8221;repeat&#8221; text_orientation=&#8221;justified&#8221; use_border_color=&#8221;off&#8221; global_colors_info=&#8221;{}&#8221;]<\/p>\n<h2><strong>SECO\/WARWICK<\/strong> Group is a\u00a0<strong>publicly listed company, traded since 2007<\/strong>, and ranks among the world\u2019s leading manufacturers of solutions for metal heat treatment and metallurgy. The Group\u2019s strength is built across <strong>seven international divisions<\/strong>, operating in\u00a0an impressive production area of <strong>approximately 50,000 m\u00b2 <\/strong>(538,195 ft\u00b2).<\/h2>\n<p>We\u00a0design and manufacture <strong>industrial furnaces<\/strong> for key global industries, including automotive, aerospace, and energy sectors. We\u00a0are recognized as\u00a0a<strong> leader in\u00a0technological innovation for heat treatment and metallurgy<\/strong>, supported by\u00a0our in-house R&amp;D department, which features a\u00a0metallographic laboratory, as\u00a0well as\u00a0collaborations with renowned academic centers in\u00a0Poland and worldwide.<\/p>\n<p>Our solutions are unique on&nbsp;a&nbsp;global scale, and our ongoing development and investment in&nbsp;research ensure that SECO\/WARWICK continues to&nbsp;be&nbsp;the driving force shaping the future of the heat treatment industry.<\/p>\n<p><strong>Invest in\u00a0the future. Invest in\u00a0SECO\/WARWICK.<\/strong><\/p>\n<p>[\/et_pb_text][\/et_pb_column][\/et_pb_row][\/et_pb_section][et_pb_section fb_built=&#8221;1&#8243; _builder_version=&#8221;4.16&#8243; custom_margin_tablet=&#8221;&#8221; custom_margin_phone=&#8221;0px|||&#8221; custom_margin_last_edited=&#8221;on|phone&#8221; custom_padding=&#8221;0px|||&#8221; global_colors_info=&#8221;{}&#8221;][et_pb_row column_structure=&#8221;1_4,1_4,1_4,1_4&#8243; _builder_version=&#8221;4.16&#8243; background_size=&#8221;initial&#8221; background_position=&#8221;top_left&#8221; background_repeat=&#8221;repeat&#8221; global_colors_info=&#8221;{}&#8221;][et_pb_column type=&#8221;1_4&#8243; _builder_version=&#8221;4.16&#8243; custom_padding=&#8221;|||&#8221; global_colors_info=&#8221;{}&#8221; custom_padding__hover=&#8221;|||&#8221;][et_pb_blurb title=&#8221;CURRENT REPORTS&#8221; url=&#8221;https:\/\/www.secowarwick.com\/en\/investor-relations\/current-reports\/&#8221; image=&#8221;https:\/\/www.secowarwick.com\/wp-content\/uploads\/2020\/01\/iko-reka.png&#8221; alt=&#8221;CURRENT REPORTS&#8221; _builder_version=&#8221;4.23.1&#8243; header_text_align=&#8221;center&#8221; header_font_size=&#8221;16&#8243; body_font=&#8221;|600|||||||&#8221; text_orientation=&#8221;center&#8221; custom_margin=&#8221;-14px|||&#8221; custom_margin_tablet=&#8221;&#8221; custom_margin_phone=&#8221;&#8221; custom_margin_last_edited=&#8221;on|phone&#8221; global_colors_info=&#8221;{}&#8221;][\/et_pb_blurb][\/et_pb_column][et_pb_column type=&#8221;1_4&#8243; _builder_version=&#8221;4.16&#8243; custom_padding=&#8221;|||&#8221; global_colors_info=&#8221;{}&#8221; custom_padding__hover=&#8221;|||&#8221;][et_pb_blurb title=&#8221;PERIODIC REPORTS&#8221; url=&#8221;https:\/\/www.secowarwick.com\/en\/investor-relations\/periodic-reports\/&#8221; image=&#8221;https:\/\/www.secowarwick.com\/wp-content\/uploads\/2020\/01\/iko-okresowe.png&#8221; alt=&#8221;PERIODIC REPORTS&#8221; _builder_version=&#8221;4.23.1&#8243; header_text_align=&#8221;center&#8221; header_font_size=&#8221;16&#8243; body_font=&#8221;|600|||||||&#8221; text_orientation=&#8221;center&#8221; custom_margin=&#8221;5px|||&#8221; custom_margin_tablet=&#8221;&#8221; custom_margin_phone=&#8221;&#8221; custom_margin_last_edited=&#8221;on|phone&#8221; global_colors_info=&#8221;{}&#8221;][\/et_pb_blurb][\/et_pb_column][et_pb_column type=&#8221;1_4&#8243; _builder_version=&#8221;4.16&#8243; custom_padding=&#8221;|||&#8221; global_colors_info=&#8221;{}&#8221; custom_padding__hover=&#8221;|||&#8221;][et_pb_blurb title=&#8221;SELECTED FINANCIAL DATA&#8221; url=&#8221;https:\/\/www.secowarwick.com\/en\/investor-relations\/selected-financial-data\/&#8221; image=&#8221;https:\/\/www.secowarwick.com\/wp-content\/uploads\/2020\/01\/iko-wybrane.png&#8221; alt=&#8221;SELECTED FINANCIAL DATA&#8221; _builder_version=&#8221;4.23.1&#8243; header_text_align=&#8221;center&#8221; header_font_size=&#8221;16&#8243; body_font=&#8221;|600|||||||&#8221; text_orientation=&#8221;center&#8221; custom_margin=&#8221;-5px|||&#8221; custom_margin_tablet=&#8221;&#8221; custom_margin_phone=&#8221;&#8221; custom_margin_last_edited=&#8221;on|phone&#8221; global_colors_info=&#8221;{}&#8221;][\/et_pb_blurb][\/et_pb_column][et_pb_column type=&#8221;1_4&#8243; _builder_version=&#8221;4.16&#8243; custom_padding=&#8221;|||&#8221; global_colors_info=&#8221;{}&#8221; custom_padding__hover=&#8221;|||&#8221;][et_pb_blurb title=&#8221;SHARE PRICE&#8221; url=&#8221;https:\/\/www.secowarwick.com\/en\/investor-relations\/share-price-2\/&#8221; image=&#8221;https:\/\/www.secowarwick.com\/wp-content\/uploads\/2020\/01\/iko-akcje.png&#8221; alt=&#8221;SHARE PRICE&#8221; _builder_version=&#8221;4.23.1&#8243; header_text_align=&#8221;center&#8221; header_font_size=&#8221;16&#8243; body_font=&#8221;|600|||||||&#8221; text_orientation=&#8221;center&#8221; global_colors_info=&#8221;{}&#8221;][\/et_pb_blurb][\/et_pb_column][\/et_pb_row][et_pb_row column_structure=&#8221;1_4,1_4,1_4,1_4&#8243; _builder_version=&#8221;4.16&#8243; background_size=&#8221;initial&#8221; background_position=&#8221;top_left&#8221; background_repeat=&#8221;repeat&#8221; global_colors_info=&#8221;{}&#8221;][et_pb_column type=&#8221;1_4&#8243; _builder_version=&#8221;4.16&#8243; custom_padding=&#8221;|||&#8221; global_colors_info=&#8221;{}&#8221; custom_padding__hover=&#8221;|||&#8221;][et_pb_blurb title=&#8221;FINANCIAL CALENDAR&#8221; url=&#8221;https:\/\/www.secowarwick.com\/en\/investor-relations\/financial-calendar\/&#8221; image=&#8221;https:\/\/www.secowarwick.com\/wp-content\/uploads\/2020\/01\/iko_zegar-1.png&#8221; alt=&#8221;FINANCIAL CALENDAR&#8221; _builder_version=&#8221;4.23.1&#8243; header_text_align=&#8221;center&#8221; header_font_size=&#8221;16&#8243; body_font=&#8221;|600|||||||&#8221; text_orientation=&#8221;center&#8221; global_colors_info=&#8221;{}&#8221;][\/et_pb_blurb][\/et_pb_column][et_pb_column type=&#8221;1_4&#8243; _builder_version=&#8221;4.16&#8243; custom_padding=&#8221;|||&#8221; global_colors_info=&#8221;{}&#8221; custom_padding__hover=&#8221;|||&#8221;][et_pb_blurb title=&#8221;SHAREHOLDINGS IN BRIEF&#8221; url=&#8221;https:\/\/www.secowarwick.com\/en\/investor-relations\/shareholdings-in-brief\/&#8221; image=&#8221;https:\/\/www.secowarwick.com\/wp-content\/uploads\/2020\/01\/iko-akcjonariat-2.png&#8221; alt=&#8221;SHAREHOLDINGS IN BRIEF&#8221; _builder_version=&#8221;4.23.1&#8243; header_text_align=&#8221;center&#8221; header_font_size=&#8221;16&#8243; body_font=&#8221;|600|||||||&#8221; text_orientation=&#8221;center&#8221; global_colors_info=&#8221;{}&#8221;][\/et_pb_blurb][\/et_pb_column][et_pb_column type=&#8221;1_4&#8243; _builder_version=&#8221;4.16&#8243; custom_padding=&#8221;|||&#8221; global_colors_info=&#8221;{}&#8221; custom_padding__hover=&#8221;|||&#8221;][et_pb_blurb title=&#8221;CORPORATE GOVERNANCE&#8221; url=&#8221;https:\/\/www.secowarwick.com\/en\/investor-relations\/corporate-governance\/&#8221; image=&#8221;https:\/\/www.secowarwick.com\/wp-content\/uploads\/2020\/01\/iko-kula.png&#8221; alt=&#8221;CORPORATE GOVERNANCE&#8221; _builder_version=&#8221;4.23.1&#8243; header_text_align=&#8221;center&#8221; header_font_size=&#8221;16&#8243; body_font=&#8221;|600|||||||&#8221; text_orientation=&#8221;center&#8221; custom_margin=&#8221;-7px|||&#8221; custom_margin_tablet=&#8221;&#8221; custom_margin_phone=&#8221;&#8221; custom_margin_last_edited=&#8221;on|phone&#8221; global_colors_info=&#8221;{}&#8221;][\/et_pb_blurb][\/et_pb_column][et_pb_column type=&#8221;1_4&#8243; _builder_version=&#8221;4.16&#8243; custom_padding=&#8221;|||&#8221; global_colors_info=&#8221;{}&#8221; custom_padding__hover=&#8221;|||&#8221;][et_pb_blurb title=&#8221;CORPORATE DOCUMENTS&#8221; url=&#8221;https:\/\/www.secowarwick.com\/wp-content\/uploads\/2025\/10\/20251128-SECO-3Q-2025-inwestorzy.pdf&#8221; url_new_window=&#8221;on&#8221; image=&#8221;https:\/\/www.secowarwick.com\/wp-content\/uploads\/2020\/01\/iko-korporacyjne.png&#8221; alt=&#8221;CORPORATE DOCUMENTS&#8221; _builder_version=&#8221;4.23.1&#8243; header_text_align=&#8221;center&#8221; header_font_size=&#8221;16&#8243; body_font=&#8221;|600|||||||&#8221; text_orientation=&#8221;center&#8221; custom_margin=&#8221;13px|||&#8221; custom_margin_tablet=&#8221;&#8221; custom_margin_phone=&#8221;&#8221; custom_margin_last_edited=&#8221;on|phone&#8221; hover_enabled=&#8221;0&#8243; global_colors_info=&#8221;{}&#8221; sticky_enabled=&#8221;0&#8243;][\/et_pb_blurb][\/et_pb_column][\/et_pb_row][et_pb_row column_structure=&#8221;1_4,1_4,1_4,1_4&#8243; _builder_version=&#8221;4.16&#8243; background_size=&#8221;initial&#8221; background_position=&#8221;top_left&#8221; background_repeat=&#8221;repeat&#8221; global_colors_info=&#8221;{}&#8221;][et_pb_column type=&#8221;1_4&#8243; _builder_version=&#8221;4.16&#8243; custom_padding=&#8221;|||&#8221; global_colors_info=&#8221;{}&#8221; custom_padding__hover=&#8221;|||&#8221;][et_pb_blurb title=&#8221;CORPORATE STRUCTURE&#8221; url=&#8221;https:\/\/www.secowarwick.com\/en\/investor-relations\/corporate-structure\/&#8221; image=&#8221;https:\/\/www.secowarwick.com\/wp-content\/uploads\/2020\/01\/iko-wladze.png&#8221; alt=&#8221;CORPORATE STRUCTURE&#8221; _builder_version=&#8221;4.23.1&#8243; header_text_align=&#8221;center&#8221; header_font_size=&#8221;16&#8243; body_font=&#8221;|600|||||||&#8221; text_orientation=&#8221;center&#8221; global_colors_info=&#8221;{}&#8221;][\/et_pb_blurb][\/et_pb_column][et_pb_column type=&#8221;1_4&#8243; _builder_version=&#8221;4.16&#8243; custom_padding=&#8221;|||&#8221; global_colors_info=&#8221;{}&#8221; custom_padding__hover=&#8221;|||&#8221;][et_pb_blurb title=&#8221;EXECUTIVE BOARD&#8221; url=&#8221;https:\/\/www.secowarwick.com\/en\/company\/executive-board\/&#8221; image=&#8221;https:\/\/www.secowarwick.com\/wp-content\/uploads\/2020\/01\/iko-bank.png&#8221; alt=&#8221;EXECUTIVE BOARD&#8221; _builder_version=&#8221;4.23.1&#8243; header_text_align=&#8221;center&#8221; header_font_size=&#8221;16&#8243; body_font=&#8221;|600|||||||&#8221; text_orientation=&#8221;center&#8221; custom_margin=&#8221;5px|||&#8221; custom_margin_tablet=&#8221;&#8221; custom_margin_phone=&#8221;&#8221; custom_margin_last_edited=&#8221;on|phone&#8221; global_colors_info=&#8221;{}&#8221;][\/et_pb_blurb][\/et_pb_column][et_pb_column type=&#8221;1_4&#8243; _builder_version=&#8221;4.16&#8243; custom_padding=&#8221;|||&#8221; global_colors_info=&#8221;{}&#8221; custom_padding__hover=&#8221;|||&#8221;][et_pb_blurb title=&#8221;SUPERVISORY BOARD IN BRIEF&#8221; url=&#8221;https:\/\/www.secowarwick.com\/en\/investor-relations\/supervisory-board-in-brief\/&#8221; image=&#8221;https:\/\/www.secowarwick.com\/wp-content\/uploads\/2020\/05\/iko-radav3-1.png&#8221; alt=&#8221;SUPERVISORY BOARD IN BRIEF&#8221; _builder_version=&#8221;4.23.1&#8243; header_text_align=&#8221;center&#8221; header_font_size=&#8221;16&#8243; body_font=&#8221;|600|||||||&#8221; text_orientation=&#8221;center&#8221; custom_margin=&#8221;36px|||&#8221; custom_margin_tablet=&#8221;&#8221; custom_margin_phone=&#8221;&#8221; custom_margin_last_edited=&#8221;on|phone&#8221; custom_css_blurb_image=&#8221;max-width: 120px;||&#8221; global_colors_info=&#8221;{}&#8221;][\/et_pb_blurb][\/et_pb_column][et_pb_column type=&#8221;1_4&#8243; _builder_version=&#8221;4.16&#8243; custom_padding=&#8221;|||&#8221; global_colors_info=&#8221;{}&#8221; custom_padding__hover=&#8221;|||&#8221;][et_pb_blurb title=&#8221;STOCK EXCHANGE INFORMATION&#8221; url=&#8221;https:\/\/www.secowarwick.com\/en\/investor-relations\/stock-exchange-information\/&#8221; image=&#8221;https:\/\/www.secowarwick.com\/wp-content\/uploads\/2020\/05\/informacje-gieldowe.png&#8221; alt=&#8221;STOCK EXCHANGE INFORMATION&#8221; _builder_version=&#8221;4.23.1&#8243; header_text_align=&#8221;center&#8221; header_font_size=&#8221;16&#8243; body_font=&#8221;|600|||||||&#8221; text_orientation=&#8221;center&#8221; custom_margin=&#8221;12px|||&#8221; custom_margin_tablet=&#8221;&#8221; custom_margin_phone=&#8221;&#8221; custom_margin_last_edited=&#8221;on|phone&#8221; global_colors_info=&#8221;{}&#8221;][\/et_pb_blurb][\/et_pb_column][\/et_pb_row][et_pb_row disabled_on=&#8221;on|on|on&#8221; _builder_version=&#8221;4.16&#8243; disabled=&#8221;on&#8221; global_colors_info=&#8221;{}&#8221;][et_pb_column type=&#8221;4_4&#8243; _builder_version=&#8221;4.16&#8243; custom_padding=&#8221;|||&#8221; global_colors_info=&#8221;{}&#8221; custom_padding__hover=&#8221;|||&#8221;][et_pb_text admin_label=&#8221;contctUS&#8221; _builder_version=&#8221;4.16&#8243; background_size=&#8221;initial&#8221; background_position=&#8221;top_left&#8221; background_repeat=&#8221;repeat&#8221; use_border_color=&#8221;off&#8221; global_colors_info=&#8221;{}&#8221;]<\/p>\n<h2>FAKTY<span style=\"color: #dc291e;\">\/ <\/span>O&nbsp;NAS<\/h2>\n<p>[\/et_pb_text][et_pb_text _builder_version=&#8221;4.16&#8243; background_size=&#8221;initial&#8221; background_position=&#8221;top_left&#8221; background_repeat=&#8221;repeat&#8221; text_orientation=&#8221;justified&#8221; use_border_color=&#8221;off&#8221; global_colors_info=&#8221;{}&#8221;]Dzia\u0142alno\u015b\u0107 grupy SECO\/WARWICK obejmuje produkcj\u0119\u00a0pi\u0119ciu g\u0142\u00f3wnych grup produkt\u00f3w: piec\u00f3w pr\u00f3\u017cniowych, linii do&nbsp;lutowania aluminiowych wymiennik\u00f3w ciep\u0142a, linii do&nbsp;obr\u00f3bki cieplnej aluminium, piec\u00f3w atmosferowych oraz&nbsp;piec\u00f3w topialnych. Grup\u0119 SECO\/WARWICK tworz\u0105 sp\u00f3\u0142ki zale\u017cne ulokowane w&nbsp;6 krajach \u015bwiata na&nbsp;trzech kontynentach, a&nbsp;nasze produkty sprzedajemy do&nbsp;70 kraj\u00f3w \u015bwiata. Do&nbsp;g\u0142\u00f3wnych rynk\u00f3w, w&nbsp;kt\u00f3rych&nbsp;dzia\u0142aj\u0105 odbiorcy produkt\u00f3w zaliczy\u0107 mo\u017cna przemys\u0142 motoryzacyjny, lotniczy, maszynowy, narz\u0119dziowy i&nbsp;metalurgi\u0119 aluminium. W\u015br\u00f3d naszych klient\u00f3w znale\u017ali si\u0119 m.in.&nbsp;tacy potentaci jak Bosh, Siemens, Valeo, General Electric, Honeywell, Ford, Volkswagen czy&nbsp;Rolls Royce.[\/et_pb_text][\/et_pb_column][\/et_pb_row][\/et_pb_section][et_pb_section fb_built=&#8221;1&#8243; _builder_version=&#8221;4.16&#8243; global_colors_info=&#8221;{}&#8221;][et_pb_row column_structure=&#8221;1_2,1_2&#8243; _builder_version=&#8221;4.16&#8243; background_size=&#8221;initial&#8221; background_position=&#8221;top_left&#8221; background_repeat=&#8221;repeat&#8221; global_colors_info=&#8221;{}&#8221;][et_pb_column type=&#8221;1_2&#8243; _builder_version=&#8221;4.16&#8243; custom_padding=&#8221;|||&#8221; global_colors_info=&#8221;{}&#8221; custom_padding__hover=&#8221;|||&#8221;][et_pb_image src=&#8221;https:\/\/www.secowarwick.com\/wp-content\/uploads\/2018\/10\/Kontakt.png&#8221; align_tablet=&#8221;center&#8221; align_phone=&#8221;&#8221; align_last_edited=&#8221;on|desktop&#8221; _builder_version=&#8221;4.16&#8243; global_colors_info=&#8221;{}&#8221;][\/et_pb_image][\/et_pb_column][et_pb_column type=&#8221;1_2&#8243; _builder_version=&#8221;4.16&#8243; custom_padding=&#8221;|||&#8221; global_colors_info=&#8221;{}&#8221; custom_padding__hover=&#8221;|||&#8221;][et_pb_text _builder_version=&#8221;4.16&#8243; global_colors_info=&#8221;{}&#8221;]<\/p>\n<h2><span style=\"color: #dc291e;\">\/<\/span>CONTACT<\/h2>\n<p>&nbsp;<\/p>\n<h3 class=\"employee-name\"><span style=\"color: #dc291e;\"><strong>KATARZYNA MUCHA<\/strong><\/span><\/h3>\n<p class=\"employee-position\">INVESTOR RELATIONS \u2013 CC GROUP SP. Z&nbsp;O. O.<\/p>\n<p class=\"employee-phone\">Phone: +48 22 440 1 440<\/p>\n<p class=\"employee-email\">Email:\u00a0katarzyna.mucha@ccgroup.pl<\/p>\n<p>[\/et_pb_text][\/et_pb_column][\/et_pb_row][\/et_pb_section]<\/p>\n","protected":false},"excerpt":{"rendered":"<p>[et_pb_breadcrumbs _builder_version=&#8221;3.0.47&#8243; global_colors_info=&#8221;{}&#8221;][\/et_pb_breadcrumbs]INVESTOR RELATIONSSECO\/WARWICK Group is a\u00a0publicly listed company, traded since 2007, and ranks among the world\u2019s leading manufacturers of solutions for metal heat treatment and metallurgy. The Group\u2019s strength is built across seven international divisions, operating in\u00a0an impressive production area of approximately 50,000 m\u00b2 (538,195 ft\u00b2). We\u00a0design and manufacture industrial furnaces for key global [&hellip;]<\/p>\n","protected":false},"author":9,"featured_media":0,"parent":0,"menu_order":0,"comment_status":"closed","ping_status":"closed","template":"","meta":{"_acf_changed":false,"_et_pb_use_builder":"on","_et_pb_old_content":"","_et_gb_content_width":"","footnotes":""},"class_list":["post-144","page","type-page","status-publish"],"acf":[],"_links":{"self":[{"href":"https:\/\/www.secowarwick.com\/en\/wp-json\/wp\/v2\/pages\/144","targetHints":{"allow":["GET"]}}],"collection":[{"href":"https:\/\/www.secowarwick.com\/en\/wp-json\/wp\/v2\/pages"}],"about":[{"href":"https:\/\/www.secowarwick.com\/en\/wp-json\/wp\/v2\/types\/page"}],"author":[{"embeddable":true,"href":"https:\/\/www.secowarwick.com\/en\/wp-json\/wp\/v2\/users\/9"}],"replies":[{"embeddable":true,"href":"https:\/\/www.secowarwick.com\/en\/wp-json\/wp\/v2\/comments?post=144"}],"version-history":[{"count":13,"href":"https:\/\/www.secowarwick.com\/en\/wp-json\/wp\/v2\/pages\/144\/revisions"}],"predecessor-version":[{"id":188284,"href":"https:\/\/www.secowarwick.com\/en\/wp-json\/wp\/v2\/pages\/144\/revisions\/188284"}],"wp:attachment":[{"href":"https:\/\/www.secowarwick.com\/en\/wp-json\/wp\/v2\/media?parent=144"}],"curies":[{"name":"wp","href":"https:\/\/api.w.org\/{rel}","templated":true}]}}