{"id":147628,"date":"2023-10-23T06:49:16","date_gmt":"2023-10-23T04:49:16","guid":{"rendered":"https:\/\/www.secowarwick.com\/?page_id=147628"},"modified":"2023-10-23T06:49:37","modified_gmt":"2023-10-23T04:49:37","slug":"economic-award-2023","status":"publish","type":"page","link":"https:\/\/www.secowarwick.com\/en\/company\/awards\/economic-award-2023\/","title":{"rendered":"Economic Award"},"content":{"rendered":"<p>[et_pb_section fb_built=&#8221;1&#8243; _builder_version=&#8221;4.16&#8243; global_colors_info=&#8221;{}&#8221;][et_pb_row _builder_version=&#8221;4.16&#8243; background_size=&#8221;initial&#8221; background_position=&#8221;top_left&#8221; background_repeat=&#8221;repeat&#8221; global_colors_info=&#8221;{}&#8221;][et_pb_column type=&#8221;4_4&#8243; _builder_version=&#8221;4.16&#8243; custom_padding=&#8221;|||&#8221; global_colors_info=&#8221;{}&#8221; custom_padding__hover=&#8221;|||&#8221;][et_pb_text _builder_version=&#8221;4.19.2&#8243; background_size=&#8221;initial&#8221; background_position=&#8221;top_left&#8221; background_repeat=&#8221;repeat&#8221; hover_enabled=&#8221;0&#8243; global_colors_info=&#8221;{}&#8221; sticky_enabled=&#8221;0&#8243;]<\/p>\n<h3>On Thursday, October 5th, at the Lubuski Theater, the Economic Awards of the Marshal of Lubusz Voivodeship were presented. The awards ceremony marked the culmination of the most significant economic event of the year in the region <strong>\u2013 the Lubusz Economic Congress 2023.<\/p>\n<p><\/strong><\/h3>\n<p><img decoding=\"async\" class=\"wp-image-147629 size-large aligncenter\" src=\"https:\/\/www.secowarwick.com\/wp-content\/uploads\/2023\/10\/nagroda-gospodarcza-1024x567.jpg\" alt=\"Innowacyjne Du\u017ce Przedsi\u0119biorstwo\" width=\"1024\" height=\"567\" srcset=\"https:\/\/www.secowarwick.com\/wp-content\/uploads\/2023\/10\/nagroda-gospodarcza-1024x567.jpg 1024w, https:\/\/www.secowarwick.com\/wp-content\/uploads\/2023\/10\/nagroda-gospodarcza-980x543.jpg 980w, https:\/\/www.secowarwick.com\/wp-content\/uploads\/2023\/10\/nagroda-gospodarcza-480x266.jpg 480w\" sizes=\"(min-width: 0px) and (max-width: 480px) 480px, (min-width: 481px) and (max-width: 980px) 980px, (min-width: 981px) 1024px, 100vw\" \/><br \/>With immense joy, we announce that the <strong>SECO\/WARWICK team competed for the award in the category of &#8220;Innovative Large Enterprise&#8221; and secured a podium position, i.e., second place<\/strong>!<\/p>\n<div class=\"flex-1 overflow-hidden\">\n<div class=\"react-scroll-to-bottom--css-rqlkw-79elbk h-full dark:bg-gray-800\">\n<div class=\"react-scroll-to-bottom--css-rqlkw-1n7m0yu\">\n<div class=\"flex flex-col text-sm dark:bg-gray-800\">\n<div class=\"group final-completion w-full text-token-text-primary border-b border-black\/10 gizmo:border-0 dark:border-gray-900\/50 gizmo:dark:border-0 bg-gray-50 gizmo:bg-transparent dark:bg-[#444654] gizmo:dark:bg-transparent\" data-testid=\"conversation-turn-17\">\n<div class=\"p-4 justify-center text-base md:gap-6 md:py-6 m-auto\">\n<div class=\"flex flex-1 gap-4 text-base mx-auto md:gap-6 gizmo:gap-3 gizmo:md:px-5 gizmo:lg:px-1 gizmo:xl:px-5 md:max-w-2xl lg:max-w-[38rem] gizmo:md:max-w-3xl gizmo:lg:max-w-[40rem] gizmo:xl:max-w-[48rem] xl:max-w-3xl }\">\n<div class=\"relative flex w-[calc(100%-50px)] flex-col gizmo:w-full lg:w-[calc(100%-115px)] agent-turn\">\n<div class=\"flex-col gap-1 md:gap-3\">\n<div class=\"flex flex-grow flex-col gap-3 max-w-full\">\n<div class=\"min-h-[20px] flex flex-col items-start gap-3 whitespace-pre-wrap break-words overflow-x-auto\">\n<div class=\"markdown prose w-full break-words dark:prose-invert light\">\n<p>The sixth edition of the competition, once again organized in cooperation with the Bank Gospodarstwa Krajowego in the Lubusz Region, aimed to recognize and promote innovative companies, products, technologies, and services, as well as other modern solutions influencing the socio-economic development of the Lubusz Voivodeship. This year, awards were granted in four categories: innovative micro, small, medium, and large enterprises, and all companies from the Lubusz Voivodeship were eligible to participate.<\/p>\n<p>This is a highly significant recognition for us, propelling us towards even greater efforts in seeking new paths of development, innovations, and technologies. Not only in the local market but also on the international stage.<\/p>\n<\/div>\n<\/div>\n<\/div>\n<\/div>\n<\/div>\n<\/div>\n<\/div>\n<\/div>\n<\/div>\n<\/div>\n<\/div>\n<\/div>\n<p>[\/et_pb_text][\/et_pb_column][\/et_pb_row][\/et_pb_section]<\/p>\n","protected":false},"excerpt":{"rendered":"<p>On Thursday, October 5th, at the Lubuski Theater, the Economic Awards of the Marshal of Lubusz Voivodeship were presented. The awards ceremony marked the culmination of the most significant economic event of the year in the region \u2013 the Lubusz Economic Congress 2023. With immense joy, we announce that the SECO\/WARWICK team competed for the [&hellip;]<\/p>\n","protected":false},"author":2,"featured_media":147629,"parent":133,"menu_order":0,"comment_status":"closed","ping_status":"closed","template":"","meta":{"_acf_changed":false,"_et_pb_use_builder":"on","_et_pb_old_content":"<h3>W czwartek, 5 pa\u017adziernika, w Teatrze Lubuskim, wr\u0119czono\u202fNagrody Gospodarcze Marsza\u0142ka Wojew\u00f3dztwa Lubuskiego.\u202fGala wr\u0119czenia nagr\u00f3d by\u0142a fina\u0142em najwa\u017cniejszego gospodarczego wydarzenia roku w regionie \u2013 <strong>Kongresu Gospodarczego Lubuskie 2023.<\/strong><\/h3><p><img class=\"wp-image-147629 size-large aligncenter\" src=\"https:\/\/www.secowarwick.com\/wp-content\/uploads\/2023\/10\/nagroda-gospodarcza-1024x567.jpg\" alt=\"Innowacyjne Du\u017ce Przedsi\u0119biorstwo\" width=\"1024\" height=\"567\" \/><\/p><p>Z ogromn\u0105 rado\u015bci\u0105 og\u0142aszamy, \u017ce Dru\u017cyna SECO\/WARWICK walczy\u0142a konkursie o <strong>nagrod\u0119 w kategorii \"Innowacyjne Du\u017ce Przedsi\u0119biorstwo\" i zaj\u0119\u0142a miejsce na podium, tj. drugie miejsce!<\/strong><\/p><p>Sz\u00f3sta edycja konkursu, po raz kolejny organizowana we wsp\u00f3\u0142pracy z\u202fBankiem Gospodarstwa Krajowego Region Lubuski, mia\u0142a na celu nagrodzenie i promocj\u0119 innowacyjnych firm, produkt\u00f3w, technologii i us\u0142ug, a tak\u017ce innych nowoczesnych rozwi\u0105za\u0144 wp\u0142ywaj\u0105cych na rozw\u00f3j spo\u0142eczno-gospodarczy Wojew\u00f3dztwa Lubuskiego. W tym roku nagrody by\u0142y przyznawane w 4 kategoriach: innowacyjne mikro, ma\u0142e, \u015brednie oraz du\u017ce przedsi\u0119biorstwo, a startowa\u0107 mog\u0142y wszystkie firmy z wojew\u00f3dztwa lubuskiego.<\/p><p><span class=\"TextRun SCXW40671914 BCX0\" lang=\"PL-PL\" xml:lang=\"PL-PL\" data-contrast=\"auto\"><span class=\"NormalTextRun SCXW40671914 BCX0\">To dla nas bardzo wa\u017cne wyr\u00f3\u017cnienie, kt\u00f3re nap\u0119dza nas do jeszcze lepszej pracy, poszukiwania nowych \u015bcie\u017cek rozwoju, nowych innowacji i technologii. Nie tylko na rynku lokalnym, ale tak\u017ce na arenie mi\u0119dzynarodowej.<\/span><\/span><span class=\"EOP SCXW40671914 BCX0\" data-ccp-props=\"{\"201341983\":0,\"335559739\":0,\"335559740\":240}\">\u00a0<\/span><\/p>","_et_gb_content_width":"","footnotes":""},"class_list":["post-147628","page","type-page","status-publish","has-post-thumbnail"],"acf":[],"_links":{"self":[{"href":"https:\/\/www.secowarwick.com\/en\/wp-json\/wp\/v2\/pages\/147628","targetHints":{"allow":["GET"]}}],"collection":[{"href":"https:\/\/www.secowarwick.com\/en\/wp-json\/wp\/v2\/pages"}],"about":[{"href":"https:\/\/www.secowarwick.com\/en\/wp-json\/wp\/v2\/types\/page"}],"author":[{"embeddable":true,"href":"https:\/\/www.secowarwick.com\/en\/wp-json\/wp\/v2\/users\/2"}],"replies":[{"embeddable":true,"href":"https:\/\/www.secowarwick.com\/en\/wp-json\/wp\/v2\/comments?post=147628"}],"version-history":[{"count":7,"href":"https:\/\/www.secowarwick.com\/en\/wp-json\/wp\/v2\/pages\/147628\/revisions"}],"predecessor-version":[{"id":147657,"href":"https:\/\/www.secowarwick.com\/en\/wp-json\/wp\/v2\/pages\/147628\/revisions\/147657"}],"up":[{"embeddable":true,"href":"https:\/\/www.secowarwick.com\/en\/wp-json\/wp\/v2\/pages\/133"}],"wp:featuredmedia":[{"embeddable":true,"href":"https:\/\/www.secowarwick.com\/en\/wp-json\/wp\/v2\/media\/147629"}],"wp:attachment":[{"href":"https:\/\/www.secowarwick.com\/en\/wp-json\/wp\/v2\/media?parent=147628"}],"curies":[{"name":"wp","href":"https:\/\/api.w.org\/{rel}","templated":true}]}}