{"id":158785,"date":"2024-05-13T10:21:35","date_gmt":"2024-05-13T08:21:35","guid":{"rendered":"https:\/\/www.secowarwick.com\/professional-technical-services\/oee\/"},"modified":"2025-06-23T20:37:16","modified_gmt":"2025-06-23T18:37:16","slug":"oee","status":"publish","type":"page","link":"https:\/\/www.secowarwick.com\/en\/professional-technical-services\/oee\/","title":{"rendered":"OEE"},"content":{"rendered":"<p>[et_pb_section fb_built=&#8221;1&#8243; admin_label=&#8221;section&#8221; _builder_version=&#8221;4.16&#8243; background_color=&#8221;#f8f8f8&#8243; custom_padding=&#8221;0px|||&#8221; global_colors_info=&#8221;{}&#8221;][et_pb_row column_structure=&#8221;3_4,1_4&#8243; admin_label=&#8221;row&#8221; _builder_version=&#8221;4.23.1&#8243; background_size=&#8221;initial&#8221; background_position=&#8221;top_left&#8221; background_repeat=&#8221;repeat&#8221; global_colors_info=&#8221;{}&#8221;][et_pb_column type=&#8221;3_4&#8243; _builder_version=&#8221;4.16&#8243; custom_padding=&#8221;|||&#8221; global_colors_info=&#8221;{}&#8221; custom_padding__hover=&#8221;|||&#8221;][et_pb_code module_class=&#8221;custom-bread&#8221; _builder_version=&#8221;4.23.1&#8243; _module_preset=&#8221;default&#8221; global_colors_info=&#8221;{}&#8221;]<\/p>\n<div class=\"et_pb_module et_pb_breadcrumbs   et_pb_breadcrumbs_0\"><!-- [et_pb_line_break_holder] -->\t\t\t\t<pee id=\"breadcrumbs\"><span><span><a href=\"https:\/\/www.secowarwick.com\/\">HOME<\/a><\/span> \/ <span><a href=\"https:\/\/www.secowarwick.com\/en\/service\/automation-system\/\">AUTOMATION SERVICES<\/a><\/span> \/ <span class=\"breadcrumb_last\" aria-current=\"page\">OEE<\/span><\/span><\/pee><!-- [et_pb_line_break_holder] -->\t\t\t<\/div>\n<p>[\/et_pb_code][et_pb_text module_class=&#8221;podtytuly&#8221; _builder_version=&#8221;4.23.1&#8243; background_size=&#8221;initial&#8221; background_position=&#8221;top_left&#8221; background_repeat=&#8221;repeat&#8221; use_border_color=&#8221;off&#8221; global_colors_info=&#8221;{}&#8221;]<\/p>\n<h1>OEE<\/h1>\n<h2><img decoding=\"async\" class=\"alignleft wp-image-158467\" src=\"https:\/\/www.secowarwick.com\/wp-content\/uploads\/2024\/05\/sw-oee-icon_2.svg\" alt=\"OEE\" width=\"80\" \/>Monitor and analyze furnace productivity and utilization<\/h2>\n<p>&nbsp;<\/p>\n<p>&nbsp;<\/p>\n<p>OEE &#8211; (Overall Equipment Effectiveness) is a&nbsp;measure of machine efficiency used in&nbsp;production management. OEE is an indicator determining the extent to&nbsp;which machines (in&nbsp;this case, industrial furnaces) are used in&nbsp;the production process, and how effectively they are able to&nbsp;perform their tasks.<\/p>\n<p>This module allows users to&nbsp;calculate the \u201cWork\u201d and \u201cAvailability\u201d indicator values for a&nbsp;given furnace, in&nbsp;any selected time range. The percentage distribution of the indicators that confirm the state of the furnace are also displayed, providing additional data to&nbsp;calculate the effectiveness of the equipment.<\/p>\n<p>[\/et_pb_text][\/et_pb_column][et_pb_column type=&#8221;1_4&#8243; _builder_version=&#8221;4.23.1&#8243; custom_padding=&#8221;115px||||false|false&#8221; custom_padding_tablet=&#8221;0px||||false|false&#8221; custom_padding_phone=&#8221;0px||||false|false&#8221; custom_padding_last_edited=&#8221;on|desktop&#8221; global_colors_info=&#8221;{}&#8221; custom_padding__hover=&#8221;|||&#8221;][et_pb_text admin_label=&#8221;premium library&#8221; module_class=&#8221;premium-library-button&#8221; _builder_version=&#8221;4.23.1&#8243; _module_preset=&#8221;default&#8221; global_module=&#8221;156957&#8243; saved_tabs=&#8221;all&#8221; global_colors_info=&#8221;{}&#8221;]<\/p>\n<p style=\"text-align: center;\"><a href='https:\/\/www.secowarwick.com\/en\/premium-library\/' class='small-button smallred'><span>PREMIUM LIBRARY<\/span><\/a><\/p>\n<p>[\/et_pb_text][et_pb_text admin_label=&#8221;R&#038;D en&#8221; module_class=&#8221;product_widget_wrap_rd&#8221; _builder_version=&#8221;4.23.1&#8243; _module_preset=&#8221;default&#8221; text_orientation=&#8221;center&#8221; global_module=&#8221;167835&#8243; saved_tabs=&#8221;all&#8221; locked=&#8221;off&#8221; global_colors_info=&#8221;{}&#8221;]<\/p>\n<p><a href=\"https:\/\/www.secowarwick.com\/en\/rd\/\"><span class=\"product_wigtet_name\">R&amp;D<\/span><\/a><\/p>\n<p>[\/et_pb_text][et_pb_text admin_label=&#8221;Products EN&#8221; module_class=&#8221;product_widget_wrap_products&#8221; _builder_version=&#8221;4.23.1&#8243; _module_preset=&#8221;default&#8221; global_module=&#8221;177983&#8243; saved_tabs=&#8221;all&#8221; locked=&#8221;off&#8221; global_colors_info=&#8221;{}&#8221;]<\/p>\n<p><a href=\"https:\/\/www.secowarwick.com\/en\/products\/\"><span class=\"product_wigtet_name\">PRODUCTS<\/span><\/a><\/p>\n<p>[\/et_pb_text][et_pb_text admin_label=&#8221;SERVICE EN&#8221; module_class=&#8221;product_widget_wrap_service&#8221; _builder_version=&#8221;4.23.1&#8243; _module_preset=&#8221;default&#8221; global_module=&#8221;167859&#8243; saved_tabs=&#8221;all&#8221; locked=&#8221;off&#8221; global_colors_info=&#8221;{}&#8221;]<\/p>\n<p><a href=\"https:\/\/www.secowarwick.com\/en\/professional-technical-services\/\"><span class=\"product_wigtet_name\">SERVICE<\/span><\/a><\/p>\n<p>[\/et_pb_text][et_pb_text admin_label=&#8221;SUPLEMENTALS EN&#8221; module_class=&#8221;product_widget_wrap_supleme&#8221; _builder_version=&#8221;4.23.1&#8243; _module_preset=&#8221;default&#8221; global_module=&#8221;167809&#8243; saved_tabs=&#8221;all&#8221; locked=&#8221;off&#8221; global_colors_info=&#8221;{}&#8221;]<\/p>\n<p><span class=\"product_wigtet_name\">SUPPLEMENTALS:<\/span><\/p>\n<p>[\/et_pb_text][et_pb_text admin_label=&#8221;dnabook-en&#8221; module_class=&#8221;suplementals_product_dna suplementals_wrap&#8221; _builder_version=&#8221;4.23.1&#8243; _module_preset=&#8221;default&#8221; global_module=&#8221;167873&#8243; saved_tabs=&#8221;all&#8221; locked=&#8221;off&#8221; global_colors_info=&#8221;{}&#8221;]<\/p>\n<p><a href=\"https:\/\/www.secowarwick.com\/wp-content\/uploads\/2024\/02\/2024_SECO_WARWICK_Catalog_DNA_EN_SECOLOGY.pdf\" target=\"_blank\" rel=\"noopener\">DNA\/BOOK<\/a><\/p>\n<p>[\/et_pb_text][et_pb_text admin_label=&#8221;ECO\/BOOK-en&#8221; module_class=&#8221;suplementals_product_eco suplementals_wrap&#8221; _builder_version=&#8221;4.23.1&#8243; _module_preset=&#8221;default&#8221; global_module=&#8221;165507&#8243; locked=&#8221;off&#8221; global_colors_info=&#8221;{}&#8221;]<\/p>\n<p><a href=\"https:\/\/www.secowarwick.com\/wp-content\/uploads\/2023\/06\/ECOBOOK.pdf\" target=\"_blank\" rel=\"noopener\">ECO\/BOOK<\/a><\/p>\n<p>[\/et_pb_text][\/et_pb_column][\/et_pb_row][\/et_pb_section][et_pb_section fb_built=&#8221;1&#8243; admin_label=&#8221;section&#8221; _builder_version=&#8221;4.16&#8243; custom_padding=&#8221;0px|||&#8221; global_colors_info=&#8221;{}&#8221;][et_pb_row column_structure=&#8221;1_2,1_2&#8243; admin_label=&#8221;row&#8221; _builder_version=&#8221;4.16&#8243; background_size=&#8221;initial&#8221; background_position=&#8221;top_left&#8221; background_repeat=&#8221;repeat&#8221; custom_padding=&#8221;||0px|&#8221; global_colors_info=&#8221;{}&#8221;][et_pb_column type=&#8221;1_2&#8243; _builder_version=&#8221;4.16&#8243; custom_padding=&#8221;|||&#8221; global_colors_info=&#8221;{}&#8221; custom_padding__hover=&#8221;|||&#8221;][et_pb_text module_class=&#8221;przecinek-tlo-nizej&#8221; _builder_version=&#8221;4.23.1&#8243; background_size=&#8221;initial&#8221; background_position=&#8221;top_left&#8221; background_repeat=&#8221;repeat&#8221; use_border_color=&#8221;off&#8221; global_colors_info=&#8221;{}&#8221;]The module main functions:[\/et_pb_text][et_pb_text _builder_version=&#8221;4.23.1&#8243; background_size=&#8221;initial&#8221; background_position=&#8221;top_left&#8221; background_repeat=&#8221;repeat&#8221; use_border_color=&#8221;off&#8221; global_colors_info=&#8221;{}&#8221;]<\/p>\n<p><span style=\"color: #dc291e;\"><strong>\/ <\/strong><\/span>Assessment of furnace condition and use,<br \/><span style=\"color: #dc291e;\"><strong>\/ <\/strong><\/span>Assessment of the implemented solutions aimed at&nbsp;improving the furnace availability,<br \/><span style=\"color: #dc291e;\"><strong>\/ <\/strong><\/span>Ease of production planning,<br \/><span style=\"color: #dc291e;\"><strong>\/ <\/strong><\/span> Production optimization.<\/p>\n<p>[\/et_pb_text][\/et_pb_column][et_pb_column type=&#8221;1_2&#8243; _builder_version=&#8221;4.16&#8243; custom_padding=&#8221;|||&#8221; global_colors_info=&#8221;{}&#8221; custom_padding__hover=&#8221;|||&#8221;][et_pb_image src=&#8221;https:\/\/www.secowarwick.com\/wp-content\/uploads\/2024\/05\/oee.jpg&#8221; alt=&#8221;OEE<br \/>\nMonitoruj i analizuj produktywno\u015b\u0107 i wykorzystanie swojego urz\u0105dzenia&#8221; _builder_version=&#8221;4.23.1&#8243; _module_preset=&#8221;default&#8221; global_colors_info=&#8221;{}&#8221;][\/et_pb_image][\/et_pb_column][\/et_pb_row][et_pb_row _builder_version=&#8221;4.23.1&#8243; _module_preset=&#8221;default&#8221; global_colors_info=&#8221;{}&#8221;][et_pb_column type=&#8221;4_4&#8243; _builder_version=&#8221;4.23.1&#8243; _module_preset=&#8221;default&#8221; global_colors_info=&#8221;{}&#8221;][\/et_pb_column][\/et_pb_row][et_pb_row column_structure=&#8221;3_4,1_4&#8243; use_custom_gutter=&#8221;on&#8221; gutter_width=&#8221;2&#8243; module_class=&#8221;automatycy-wiersz-korzysci&#8221; _builder_version=&#8221;4.23.1&#8243; _module_preset=&#8221;default&#8221; locked=&#8221;off&#8221; global_colors_info=&#8221;{}&#8221;][et_pb_column type=&#8221;3_4&#8243; _builder_version=&#8221;4.23.1&#8243; _module_preset=&#8221;default&#8221; global_colors_info=&#8221;{}&#8221;][et_pb_text module_class=&#8221;przecinek-tlo-nizej&#8221; _builder_version=&#8221;4.23.1&#8243; text_text_color=&#8221;#000000&#8243; background_size=&#8221;initial&#8221; background_position=&#8221;top_left&#8221; background_repeat=&#8221;repeat&#8221; use_border_color=&#8221;off&#8221; global_colors_info=&#8221;{}&#8221;]<\/p>\n<p>OEE- BENEFITS<\/p>\n<p>[\/et_pb_text][et_pb_text module_class=&#8221;opis-korzysci&#8221; _builder_version=&#8221;4.23.1&#8243; _module_preset=&#8221;default&#8221; custom_margin=&#8221;20px||||false|false&#8221; global_colors_info=&#8221;{}&#8221;]<\/p>\n<p><strong><span style=\"color: #dc291e;\">\/<\/span><\/strong>\u00a0Precise calculation and presentation of indicators showing the <strong>furnace utilization<\/strong>, which is crucial for <strong>assessing its effectiveness and efficiency.<br \/><\/strong><strong><span style=\"color: #dc291e;\">\/<\/span>\u00a0A general assessment of the furnace condition<\/strong> allowing for a&nbsp;quick response to&nbsp;possible problems.<br \/><strong><span style=\"color: #dc291e;\">\/<\/span><\/strong>\u00a0Assessment of the implemented solution\u2019s effectiveness translates into enhanced furnace availability and the production <strong>process\u2019s continuous improvement<\/strong>.<br \/><strong><span style=\"color: #dc291e;\">\/<\/span><\/strong>\u00a0The OEE module <strong>facilitates production planning<\/strong> and optimization of resource use.<br \/><strong><span style=\"color: #dc291e;\">\/<\/span><\/strong>\u00a0By monitoring furnace operation and identifying areas requiring optimization, the OEE module facilitates the <strong>effective use<\/strong> of each<strong> furnace\u2019s.<br \/><\/strong><strong><span style=\"color: #dc291e;\">\/<\/span><\/strong>\u00a0The module allows users to&nbsp;check the <strong>effectiveness of implemented solutions.<\/strong><\/p>\n<p>[\/et_pb_text][\/et_pb_column][et_pb_column type=&#8221;1_4&#8243; _builder_version=&#8221;4.23.1&#8243; _module_preset=&#8221;default&#8221; global_colors_info=&#8221;{}&#8221;][et_pb_image src=&#8221;https:\/\/www.secowarwick.com\/wp-content\/uploads\/2024\/05\/korzysci.png&#8221; alt=&#8221;korzy\u015bci&#8221; align=&#8221;center&#8221; module_class=&#8221;obraz-korzysci&#8221; _builder_version=&#8221;4.23.1&#8243; _module_preset=&#8221;default&#8221; global_colors_info=&#8221;{}&#8221;][\/et_pb_image][\/et_pb_column][\/et_pb_row][\/et_pb_section]<\/p>\n","protected":false},"excerpt":{"rendered":"<p>OEE Monitor and analyze furnace productivity and utilization &nbsp; &nbsp; OEE &#8211; (Overall Equipment Effectiveness) is a&nbsp;measure of machine efficiency used in&nbsp;production management. OEE is an indicator determining the extent to&nbsp;which machines (in&nbsp;this case, industrial furnaces) are used in&nbsp;the production process, and how effectively they are able to&nbsp;perform their tasks. This module allows users to&nbsp;calculate [&hellip;]<\/p>\n","protected":false},"author":2,"featured_media":0,"parent":53789,"menu_order":0,"comment_status":"closed","ping_status":"closed","template":"","meta":{"_acf_changed":false,"_et_pb_use_builder":"on","_et_pb_old_content":"","_et_gb_content_width":"","footnotes":""},"class_list":["post-158785","page","type-page","status-publish"],"acf":[],"_links":{"self":[{"href":"https:\/\/www.secowarwick.com\/en\/wp-json\/wp\/v2\/pages\/158785","targetHints":{"allow":["GET"]}}],"collection":[{"href":"https:\/\/www.secowarwick.com\/en\/wp-json\/wp\/v2\/pages"}],"about":[{"href":"https:\/\/www.secowarwick.com\/en\/wp-json\/wp\/v2\/types\/page"}],"author":[{"embeddable":true,"href":"https:\/\/www.secowarwick.com\/en\/wp-json\/wp\/v2\/users\/2"}],"replies":[{"embeddable":true,"href":"https:\/\/www.secowarwick.com\/en\/wp-json\/wp\/v2\/comments?post=158785"}],"version-history":[{"count":13,"href":"https:\/\/www.secowarwick.com\/en\/wp-json\/wp\/v2\/pages\/158785\/revisions"}],"predecessor-version":[{"id":180090,"href":"https:\/\/www.secowarwick.com\/en\/wp-json\/wp\/v2\/pages\/158785\/revisions\/180090"}],"up":[{"embeddable":true,"href":"https:\/\/www.secowarwick.com\/en\/wp-json\/wp\/v2\/pages\/53789"}],"wp:attachment":[{"href":"https:\/\/www.secowarwick.com\/en\/wp-json\/wp\/v2\/media?parent=158785"}],"curies":[{"name":"wp","href":"https:\/\/api.w.org\/{rel}","templated":true}]}}