{"id":160186,"date":"2024-06-11T09:35:54","date_gmt":"2024-06-11T07:35:54","guid":{"rendered":"https:\/\/www.secowarwick.com\/second-hand-industrial-furnace\/agregat-do-sferoidyzacji\/"},"modified":"2025-04-23T12:53:35","modified_gmt":"2025-04-23T10:53:35","slug":"unit-for-spheroidization","status":"publish","type":"page","link":"https:\/\/www.secowarwick.com\/en\/second-hand-industrial-furnace\/unit-for-spheroidization\/","title":{"rendered":"Unit for spheroidization of bearing rings  A\/SP-1200"},"content":{"rendered":"<p>[et_pb_section fb_built=&#8221;1&#8243; admin_label=&#8221;section&#8221; _builder_version=&#8221;4.16&#8243; custom_padding=&#8221;0px|||&#8221; transparent_background=&#8221;off&#8221; make_fullwidth=&#8221;off&#8221; use_custom_width=&#8221;off&#8221; width_unit=&#8221;on&#8221; global_colors_info=&#8221;{}&#8221;][et_pb_row admin_label=&#8221;row&#8221; _builder_version=&#8221;4.16&#8243; background_size=&#8221;initial&#8221; background_position=&#8221;top_left&#8221; background_repeat=&#8221;repeat&#8221; custom_padding=&#8221;0px|||&#8221; make_fullwidth=&#8221;off&#8221; use_custom_width=&#8221;off&#8221; width_unit=&#8221;on&#8221; global_colors_info=&#8221;{}&#8221;][et_pb_column type=&#8221;4_4&#8243; _builder_version=&#8221;4.16&#8243; custom_padding=&#8221;|||&#8221; global_colors_info=&#8221;{}&#8221; custom_padding__hover=&#8221;|||&#8221;][et_pb_divider show_divider=&#8221;off&#8221; _builder_version=&#8221;4.16&#8243; _module_preset=&#8221;default&#8221; global_colors_info=&#8221;{}&#8221;][\/et_pb_divider][\/et_pb_column][\/et_pb_row][et_pb_row column_structure=&#8221;1_2,1_2&#8243; admin_label=&#8221;row&#8221; _builder_version=&#8221;4.16&#8243; background_size=&#8221;initial&#8221; background_position=&#8221;top_left&#8221; background_repeat=&#8221;repeat&#8221; custom_padding=&#8221;0px|||&#8221; make_fullwidth=&#8221;off&#8221; use_custom_width=&#8221;off&#8221; width_unit=&#8221;on&#8221; global_colors_info=&#8221;{}&#8221;][et_pb_column type=&#8221;1_2&#8243; _builder_version=&#8221;4.16&#8243; custom_padding=&#8221;|||&#8221; global_colors_info=&#8221;{}&#8221; custom_padding__hover=&#8221;|||&#8221;][et_pb_text module_class=&#8221;red-square-list-parent&#8221; _builder_version=&#8221;4.23.1&#8243; background_size=&#8221;initial&#8221; background_position=&#8221;top_left&#8221; background_repeat=&#8221;repeat&#8221; use_border_color=&#8221;off&#8221; global_colors_info=&#8221;{}&#8221;]<\/p>\n<h3>General information:<\/h3>\n<p><strong><span style=\"color: #dc291e;\">\/<\/span><\/strong> Atmospheric annealing furnace<br \/><strong><span style=\"color: #dc291e;\">\/<\/span><\/strong> Manufacturer: SECO\/WARWICK<br \/><strong><span style=\"color: #dc291e;\">\/<\/span><\/strong> Year of production 2014<br \/><strong><span style=\"color: #dc291e;\">\/<\/span><\/strong> Location \u2013 Central Poland<br \/><strong><span style=\"color: #dc291e;\">\/<\/span><\/strong> The furnace is operational: testing on&nbsp;site possibility<\/p>\n<p>We&nbsp;offer the furnace technical assessment, relocation and installation at&nbsp;the destination place in&nbsp;E.U.<\/p>\n<p>[\/et_pb_text][\/et_pb_column][et_pb_column type=&#8221;1_2&#8243; _builder_version=&#8221;4.16&#8243; custom_padding=&#8221;|||&#8221; global_colors_info=&#8221;{}&#8221; custom_padding__hover=&#8221;|||&#8221;][et_pb_text module_class=&#8221;red-square-list-parent&#8221; _builder_version=&#8221;4.23.1&#8243; background_size=&#8221;initial&#8221; background_position=&#8221;top_left&#8221; background_repeat=&#8221;repeat&#8221; use_border_color=&#8221;off&#8221; global_colors_info=&#8221;{}&#8221;]<\/p>\n<h3>Destination:<\/h3>\n<p>The A\/SP-1200 unit is intended for spheroidization annealing of forgings made of \u0141H15 and \u0141H15SG bearing steel. The processes are carried out in&nbsp;a&nbsp;protective atmosphere. Each furnace in&nbsp;the line is electrically connected and controlled automatically during the followoing stage of heat treatment and transfer on&nbsp;transport units.<\/p>\n<p>[\/et_pb_text][\/et_pb_column][\/et_pb_row][\/et_pb_section][et_pb_section fb_built=&#8221;1&#8243; admin_label=&#8221;section&#8221; _builder_version=&#8221;4.19.2&#8243; background_color=&#8221;#f8f8f8&#8243; custom_margin=&#8221;-20px||||false|false&#8221; custom_padding=&#8221;0px||||false|false&#8221; transparent_background=&#8221;off&#8221; make_fullwidth=&#8221;off&#8221; use_custom_width=&#8221;off&#8221; width_unit=&#8221;on&#8221; global_colors_info=&#8221;{}&#8221;][et_pb_row column_structure=&#8221;1_2,1_2&#8243; admin_label=&#8221;row&#8221; _builder_version=&#8221;4.19.2&#8243; background_size=&#8221;initial&#8221; background_position=&#8221;top_left&#8221; background_repeat=&#8221;repeat&#8221; custom_margin=&#8221;-20px||||false|false&#8221; global_colors_info=&#8221;{}&#8221;][et_pb_column type=&#8221;1_2&#8243; _builder_version=&#8221;4.16&#8243; custom_padding=&#8221;|||&#8221; global_colors_info=&#8221;{}&#8221; custom_padding__hover=&#8221;|||&#8221;][et_pb_gallery gallery_ids=&#8221;160124,160131,160138,160145,160152,160159&#8243; posts_number=&#8221;1&#8243; show_title_and_caption=&#8221;off&#8221; show_pagination=&#8221;off&#8221; zoom_icon_color=&#8221;#e2001a&#8221; module_class=&#8221;seco-products-gallery-new2025&#8243; _builder_version=&#8221;4.23.1&#8243; custom_margin=&#8221;||||false|false&#8221; hover_enabled=&#8221;0&#8243; locked=&#8221;off&#8221; global_colors_info=&#8221;{}&#8221; sticky_enabled=&#8221;0&#8243;][\/et_pb_gallery][et_pb_image src=&#8221;https:\/\/www.secowarwick.com\/wp-content\/uploads\/2024\/06\/ASP1200-COVER.jpg&#8221; alt=&#8221;Agregat do\u00a0sferoidyzacji pier\u015bcieni \u0142o\u017cyskowych typu A\/SP-1200&#8243; title_text=&#8221;ITRmini&#8221; align_tablet=&#8221;center&#8221; align_phone=&#8221;&#8221; align_last_edited=&#8221;on|desktop&#8221; _builder_version=&#8221;4.23.1&#8243; global_colors_info=&#8221;{}&#8221;][\/et_pb_image][\/et_pb_column][et_pb_column type=&#8221;1_2&#8243; _builder_version=&#8221;4.16&#8243; custom_padding=&#8221;|||&#8221; global_colors_info=&#8221;{}&#8221; custom_padding__hover=&#8221;|||&#8221;][et_pb_text admin_label=&#8221;apostrof&#8221; module_class=&#8221;przecinek-tlo-nizej&#8221; _builder_version=&#8221;4.23.1&#8243; custom_margin=&#8221;||||false|false&#8221; custom_margin_tablet=&#8221;&#8221; custom_margin_phone=&#8221;&#8221; custom_margin_last_edited=&#8221;on|desktop&#8221; saved_tabs=&#8221;all&#8221; global_colors_info=&#8221;{}&#8221;]<\/p>\n<h2>Technical data:<\/h2>\n<p>[\/et_pb_text][et_pb_text _builder_version=&#8221;4.23.1&#8243; _module_preset=&#8221;default&#8221; global_colors_info=&#8221;{}&#8221;]<\/p>\n<table width=\"100%\">\n<tbody>\n<tr>\n<td>The unit\u2019s nominal capacity:<\/td>\n<td>1,200 kg\/h when loading 615 kg of net load into one basket, cycle time: 30 min&nbsp;45 sec.<\/td>\n<\/tr>\n<tr>\n<td>\n<p>Range of rings used:<\/p>\n<p>&#8211; with automatic loading<\/p>\n<p>&#8211; with manual loading<\/p>\n<\/td>\n<td>\n<p>&nbsp;<\/p>\n<p>&#8211; external diameter from 30 mm to&nbsp;130 mm;<\/p>\n<p>&#8211; external diameter above 130 mm<\/p>\n<\/td>\n<\/tr>\n<tr>\n<td>The basket\u2019s overall dimensions: width x&nbsp;length x&nbsp;height<\/td>\n<td>1230 x&nbsp;1230 x&nbsp;300 mm<\/td>\n<\/tr>\n<tr>\n<td>Supply voltage<\/td>\n<td>3&#215;400\/230V; 50 Hz<\/td>\n<\/tr>\n<tr>\n<td>Control voltage<\/td>\n<td>230V; 50 Hz<\/td>\n<\/tr>\n<tr>\n<td>Max. operating temperature (zone 1 and 2)<\/td>\n<td>825\u00b0\u0421<\/td>\n<\/tr>\n<tr>\n<td>Heating elements&#8217; power:<\/td>\n<td>\u00a0<\/td>\n<\/tr>\n<tr>\n<td>\n<p style=\"text-align: right;\">&#8211; zone 1<\/p>\n<p style=\"text-align: right;\">&#8211; zone 2<\/p>\n<p style=\"text-align: right;\">&#8211; zone 3<\/p>\n<p style=\"text-align: right;\">&#8211; zone 4<\/p>\n<p style=\"text-align: right;\">&#8211; zone 5<\/p>\n<p style=\"text-align: right;\">&#8211; zone 6<\/p>\n<p style=\"text-align: right;\">&#8211; zone 7<\/p>\n<p style=\"text-align: right;\">&#8211; zone 8<\/p>\n<p style=\"text-align: right;\">&#8211; zone 9<\/p>\n<p style=\"text-align: right;\">Total power of heating elements:<\/p>\n<\/td>\n<td>\n<p>314kW<\/p>\n<p>141kW<\/p>\n<p>60kW<\/p>\n<p>60kW<\/p>\n<p>60kW<\/p>\n<p>60kW<\/p>\n<p>60kW<\/p>\n<p>60kW<\/p>\n<p>560kW<\/p>\n<p>874kW<\/p>\n<\/td>\n<\/tr>\n<tr>\n<td>Total installed power<\/td>\n<td>\u00a01065kW<\/td>\n<\/tr>\n<tr>\n<td>Natural gas demand (protective atmosphere) [p=20-100mbar]<\/td>\n<td>~4\u00a0 Nm<sup>3<\/sup>\/h<\/td>\n<\/tr>\n<tr>\n<td>\n<p>Nitrogen requirement<\/p>\n<p>protective atmosphere [p=20-100 mbar]<\/p>\n<p>emergency nitrogen (purging) [p=20-100 mbar]<\/p>\n<\/td>\n<td>\n<p>&nbsp;<\/p>\n<p>~90\u00a0 Nm<sup>3<\/sup>\/h<\/p>\n<p>minimum reserve 450 Nm3<\/p>\n<\/td>\n<\/tr>\n<tr>\n<td>Natural gas demand [p=50-80mbar]<\/td>\n<td>\u00a0<\/td>\n<\/tr>\n<tr>\n<td>Water demand [p=0.3-0.5MPa]<\/td>\n<td>~55 m<sup>3<\/sup>\/h<\/td>\n<\/tr>\n<tr>\n<td>\n<p>Compressed air demand<\/p>\n<p>[p=0,5-0,8 MPa]<\/p>\n<\/td>\n<td>~13 m<sup>3<\/sup>\/ h<\/td>\n<\/tr>\n<tr>\n<td>Extraction ducts<\/td>\n<td>~2200 m<sup>3<\/sup>\/h, Tmax\u00a0 = 120\u2070<\/td>\n<\/tr>\n<\/tbody>\n<\/table>\n<p>[\/et_pb_text][\/et_pb_column][\/et_pb_row][\/et_pb_section]<\/p>\n","protected":false},"excerpt":{"rendered":"<p>General information: \/ Atmospheric annealing furnace\/ Manufacturer: SECO\/WARWICK\/ Year of production 2014\/ Location \u2013 Central Poland\/ The furnace is operational: testing on&nbsp;site possibility We&nbsp;offer the furnace technical assessment, relocation and installation at&nbsp;the destination place in&nbsp;E.U.Destination: The A\/SP-1200 unit is intended for spheroidization annealing of forgings made of \u0141H15 and \u0141H15SG bearing steel. The processes are [&hellip;]<\/p>\n","protected":false},"author":2,"featured_media":0,"parent":138617,"menu_order":0,"comment_status":"closed","ping_status":"closed","template":"","meta":{"_acf_changed":false,"_et_pb_use_builder":"on","_et_pb_old_content":"","_et_gb_content_width":"","footnotes":""},"class_list":["post-160186","page","type-page","status-publish"],"acf":[],"_links":{"self":[{"href":"https:\/\/www.secowarwick.com\/en\/wp-json\/wp\/v2\/pages\/160186","targetHints":{"allow":["GET"]}}],"collection":[{"href":"https:\/\/www.secowarwick.com\/en\/wp-json\/wp\/v2\/pages"}],"about":[{"href":"https:\/\/www.secowarwick.com\/en\/wp-json\/wp\/v2\/types\/page"}],"author":[{"embeddable":true,"href":"https:\/\/www.secowarwick.com\/en\/wp-json\/wp\/v2\/users\/2"}],"replies":[{"embeddable":true,"href":"https:\/\/www.secowarwick.com\/en\/wp-json\/wp\/v2\/comments?post=160186"}],"version-history":[{"count":6,"href":"https:\/\/www.secowarwick.com\/en\/wp-json\/wp\/v2\/pages\/160186\/revisions"}],"predecessor-version":[{"id":176512,"href":"https:\/\/www.secowarwick.com\/en\/wp-json\/wp\/v2\/pages\/160186\/revisions\/176512"}],"up":[{"embeddable":true,"href":"https:\/\/www.secowarwick.com\/en\/wp-json\/wp\/v2\/pages\/138617"}],"wp:attachment":[{"href":"https:\/\/www.secowarwick.com\/en\/wp-json\/wp\/v2\/media?parent=160186"}],"curies":[{"name":"wp","href":"https:\/\/api.w.org\/{rel}","templated":true}]}}