{"id":184124,"date":"2025-06-08T08:01:43","date_gmt":"2025-06-08T06:01:43","guid":{"rendered":"https:\/\/www.secowarwick.com\/service\/automation-system\/audyt-energetyczny\/"},"modified":"2025-09-25T15:31:19","modified_gmt":"2025-09-25T13:31:19","slug":"energy-audit","status":"publish","type":"page","link":"https:\/\/www.secowarwick.com\/en\/service\/automation-system\/energy-audit\/","title":{"rendered":"Energy Audit with SECO\/WARWICK"},"content":{"rendered":"<p>[et_pb_section fb_built=&#8221;1&#8243; admin_label=&#8221;section&#8221; _builder_version=&#8221;4.16&#8243; custom_padding=&#8221;0px|||&#8221; transparent_background=&#8221;off&#8221; make_fullwidth=&#8221;off&#8221; use_custom_width=&#8221;off&#8221; width_unit=&#8221;on&#8221; global_colors_info=&#8221;{}&#8221;][et_pb_row column_structure=&#8221;3_4,1_4&#8243; admin_label=&#8221;row&#8221; _builder_version=&#8221;4.23.1&#8243; background_size=&#8221;initial&#8221; background_position=&#8221;top_left&#8221; background_repeat=&#8221;repeat&#8221; custom_padding=&#8221;||||false|false&#8221; make_fullwidth=&#8221;off&#8221; use_custom_width=&#8221;off&#8221; width_unit=&#8221;on&#8221; global_colors_info=&#8221;{}&#8221;][et_pb_column type=&#8221;3_4&#8243; _builder_version=&#8221;4.16&#8243; custom_padding=&#8221;|||&#8221; global_colors_info=&#8221;{}&#8221; custom_padding__hover=&#8221;|||&#8221;][et_pb_code module_class=&#8221;custom-bread&#8221; _builder_version=&#8221;4.23.1&#8243; _module_preset=&#8221;default&#8221; global_colors_info=&#8221;{}&#8221;]<\/p>\n<div class=\"et_pb_module et_pb_breadcrumbs   et_pb_breadcrumbs_0\"><!-- [et_pb_line_break_holder] -->\t\t\t\t<pee id=\"breadcrumbs\"><span><span><a href=\"https:\/\/www.secowarwick.com\/\">HOME<\/a><\/span> \/ <span><a href=\"https:\/\/www.secowarwick.com\/en\/service\/automation-system\/\">AUTOMATION SERVICES<\/a><\/span> \/ <span class=\"breadcrumb_last\" aria-current=\"page\">ENERGY AUDIT<\/span><\/span><\/pee><!-- [et_pb_line_break_holder] -->\t\t\t<\/div>\n<p>[\/et_pb_code][et_pb_text module_class=&#8221;red-square-list-parent podtytuly&#8221; _builder_version=&#8221;4.23.1&#8243; background_size=&#8221;initial&#8221; background_position=&#8221;top_left&#8221; background_repeat=&#8221;repeat&#8221; text_orientation=&#8221;justified&#8221; use_border_color=&#8221;off&#8221; global_colors_info=&#8221;{}&#8221;]<\/p>\n<h1>Energy Audit with SECO\/WARWICK<\/h1>\n<h2><img decoding=\"async\" class=\"alignleft wp-image-180413\" src=\"https:\/\/www.secowarwick.com\/wp-content\/uploads\/2025\/06\/audit-energetyczny-v2-3.png\" alt=\"Audyt energetyczny\" width=\"66\" height=\"75\" \/>First step towards real savings &#8211; identifying actions<\/h2>\n<p>&nbsp;<\/p>\n<p>At&nbsp;SECO\/WARWICK, the energy audit is not just about fulfilling a&nbsp;statutory obligation \u2013 it\u2019s primarily a&nbsp;strategic tool that allows our industrial clients to&nbsp;<strong>identify specific actions leading to&nbsp;increased energy efficiency and reduced operational costs.<\/strong><\/p>\n<p>Our audits focus mainly on&nbsp;the analysis of technological processes \u2013 where the greatest potential for savings lies within industrial plants. Using advanced automation and monitoring systems, we&nbsp;are able to&nbsp;precisely identify areas of highest energy consumption, pinpoint places requiring additional metering, and propose specific optimization actions.<\/p>\n<p>As&nbsp;part of the audit, we&nbsp;also assess the feasibility of investments in&nbsp;owned energy sources, such as&nbsp;photovoltaic installations or&nbsp;cogeneration systems, considering both economic and environmental aspects \u2013 including potential CO\u2082 emissions reduction.<\/p>\n<p>[\/et_pb_text][\/et_pb_column][et_pb_column type=&#8221;1_4&#8243; _builder_version=&#8221;4.23.1&#8243; custom_padding=&#8221;70px||||false|false&#8221; custom_padding_tablet=&#8221;0px||||false|false&#8221; custom_padding_phone=&#8221;0px||||false|false&#8221; custom_padding_last_edited=&#8221;on|desktop&#8221; global_colors_info=&#8221;{}&#8221; custom_padding__hover=&#8221;|||&#8221;][et_pb_text admin_label=&#8221;premium library&#8221; module_class=&#8221;premium-library-button&#8221; _builder_version=&#8221;4.23.1&#8243; _module_preset=&#8221;default&#8221; global_module=&#8221;156957&#8243; saved_tabs=&#8221;all&#8221; locked=&#8221;off&#8221; global_colors_info=&#8221;{}&#8221;]<\/p>\n<p style=\"text-align: center;\"><a href='https:\/\/www.secowarwick.com\/en\/premium-library\/' class='small-button smallred'><span>PREMIUM LIBRARY<\/span><\/a><\/p>\n<p>[\/et_pb_text][et_pb_text admin_label=&#8221;R&#038;D en&#8221; module_class=&#8221;product_widget_wrap_rd&#8221; _builder_version=&#8221;4.23.1&#8243; _module_preset=&#8221;default&#8221; text_orientation=&#8221;center&#8221; global_module=&#8221;167835&#8243; saved_tabs=&#8221;all&#8221; locked=&#8221;off&#8221; global_colors_info=&#8221;{}&#8221;]<\/p>\n<p><a href=\"https:\/\/www.secowarwick.com\/en\/rd\/\"><span class=\"product_wigtet_name\">R&amp;D<\/span><\/a><\/p>\n<p>[\/et_pb_text][et_pb_text admin_label=&#8221;Products EN&#8221; module_class=&#8221;product_widget_wrap_products&#8221; _builder_version=&#8221;4.23.1&#8243; _module_preset=&#8221;default&#8221; global_module=&#8221;177983&#8243; saved_tabs=&#8221;all&#8221; locked=&#8221;off&#8221; global_colors_info=&#8221;{}&#8221;]<\/p>\n<p><a href=\"https:\/\/www.secowarwick.com\/en\/products\/\"><span class=\"product_wigtet_name\">PRODUCTS<\/span><\/a><\/p>\n<p>[\/et_pb_text][et_pb_text admin_label=&#8221;SERVICE EN&#8221; module_class=&#8221;product_widget_wrap_service&#8221; _builder_version=&#8221;4.23.1&#8243; _module_preset=&#8221;default&#8221; global_module=&#8221;167859&#8243; saved_tabs=&#8221;all&#8221; locked=&#8221;off&#8221; global_colors_info=&#8221;{}&#8221;]<\/p>\n<p><a href=\"https:\/\/www.secowarwick.com\/en\/professional-technical-services\/\"><span class=\"product_wigtet_name\">SERVICE<\/span><\/a><\/p>\n<p>[\/et_pb_text][et_pb_text admin_label=&#8221;SUPLEMENTALS EN&#8221; module_class=&#8221;product_widget_wrap_supleme&#8221; _builder_version=&#8221;4.23.1&#8243; _module_preset=&#8221;default&#8221; global_module=&#8221;167809&#8243; saved_tabs=&#8221;all&#8221; locked=&#8221;off&#8221; global_colors_info=&#8221;{}&#8221;]<\/p>\n<p><span class=\"product_wigtet_name\">SUPPLEMENTALS:<\/span><\/p>\n<p>[\/et_pb_text][et_pb_text admin_label=&#8221;dnabook-en&#8221; module_class=&#8221;suplementals_product_dna suplementals_wrap&#8221; _builder_version=&#8221;4.23.1&#8243; _module_preset=&#8221;default&#8221; global_module=&#8221;167873&#8243; saved_tabs=&#8221;all&#8221; locked=&#8221;off&#8221; global_colors_info=&#8221;{}&#8221;]<\/p>\n<p><a href=\"https:\/\/www.secowarwick.com\/wp-content\/uploads\/2025\/07\/DNA_BOOK.pdf\" target=\"_blank\" rel=\"noopener\">DNA\/BOOK<\/a><\/p>\n<p>[\/et_pb_text][et_pb_text admin_label=&#8221;ECO\/BOOK-en&#8221; module_class=&#8221;suplementals_product_eco suplementals_wrap&#8221; _builder_version=&#8221;4.23.1&#8243; _module_preset=&#8221;default&#8221; global_module=&#8221;165507&#8243; locked=&#8221;off&#8221; global_colors_info=&#8221;{}&#8221;]<\/p>\n<p><a href=\"https:\/\/www.secowarwick.com\/wp-content\/uploads\/2023\/06\/ECOBOOK.pdf\" target=\"_blank\" rel=\"noopener\">ECO\/BOOK<\/a><\/p>\n<p>[\/et_pb_text][\/et_pb_column][\/et_pb_row][\/et_pb_section][et_pb_section fb_built=&#8221;1&#8243; admin_label=&#8221;section&#8221; _builder_version=&#8221;4.16&#8243; background_color=&#8221;#f8f8f8&#8243; transparent_background=&#8221;off&#8221; make_fullwidth=&#8221;off&#8221; use_custom_width=&#8221;off&#8221; width_unit=&#8221;on&#8221; global_colors_info=&#8221;{}&#8221;][et_pb_row _builder_version=&#8221;4.23.1&#8243; _module_preset=&#8221;default&#8221; global_colors_info=&#8221;{}&#8221;][et_pb_column type=&#8221;4_4&#8243; _builder_version=&#8221;4.23.1&#8243; _module_preset=&#8221;default&#8221; global_colors_info=&#8221;{}&#8221;][et_pb_text _builder_version=&#8221;4.23.1&#8243; _module_preset=&#8221;default&#8221; header_2_font_size=&#8221;35px&#8221; hover_enabled=&#8221;0&#8243; header_2_font_size_tablet=&#8221;35px&#8221; header_2_font_size_phone=&#8221;25px&#8221; header_2_font_size_last_edited=&#8221;on|phone&#8221; global_colors_info=&#8221;{}&#8221; sticky_enabled=&#8221;0&#8243;]<\/p>\n<h2><span style=\"color: #dc291e;\">\/<\/span>Stages of the Energy Audit<\/h2>\n<p>&nbsp;<\/p>\n<p>[\/et_pb_text][et_pb_image src=&#8221;https:\/\/www.secowarwick.com\/wp-content\/uploads\/2025\/09\/EN-energy-audit-stages-ENG.png&#8221; alt=&#8221;Stages of the Energy Audit&#8221; _builder_version=&#8221;4.23.1&#8243; _module_preset=&#8221;default&#8221; hover_enabled=&#8221;0&#8243; global_colors_info=&#8221;{}&#8221; sticky_enabled=&#8221;0&#8243;][\/et_pb_image][\/et_pb_column][\/et_pb_row][et_pb_row column_structure=&#8221;1_3,1_3,1_3&#8243; disabled_on=&#8221;on|on|on&#8221; _builder_version=&#8221;4.23.1&#8243; _module_preset=&#8221;default&#8221; disabled=&#8221;on&#8221; global_colors_info=&#8221;{}&#8221;][et_pb_column type=&#8221;1_3&#8243; _builder_version=&#8221;4.23.1&#8243; _module_preset=&#8221;default&#8221; global_colors_info=&#8221;{}&#8221;][et_pb_image src=&#8221;https:\/\/www.secowarwick.com\/wp-content\/uploads\/2025\/06\/Inwentaryzacja-techniczna.png&#8221; alt=&#8221;Poprawa bezpiecze\u0144stwa pracy&#8221; module_class=&#8221;ikony-serwis&#8221; _builder_version=&#8221;4.23.1&#8243; _module_preset=&#8221;default&#8221; locked=&#8221;off&#8221; global_colors_info=&#8221;{}&#8221;][\/et_pb_image][et_pb_text module_class=&#8221;red-hash-list-parent&#8221; _builder_version=&#8221;4.23.1&#8243; background_size=&#8221;initial&#8221; background_position=&#8221;top_left&#8221; background_repeat=&#8221;repeat&#8221; text_orientation=&#8221;justified&#8221; use_border_color=&#8221;off&#8221; border_color=&#8221;#ffffff&#8221; border_style=&#8221;solid&#8221; locked=&#8221;off&#8221; global_colors_info=&#8221;{}&#8221;]<\/p>\n<h2 style=\"text-align: left;\">Inwentaryzacja techniczna<\/h2>\n<ul>\n<li>Okre\u015blenie rodzaju obiektu, urz\u0105dze\u0144 technicznych i\u00a0instalacji,<\/li>\n<li>Zebranie danych technicznych i\u00a0parametr\u00f3w pracy.<\/li>\n<\/ul>\n<p>[\/et_pb_text][\/et_pb_column][et_pb_column type=&#8221;1_3&#8243; _builder_version=&#8221;4.23.1&#8243; _module_preset=&#8221;default&#8221; global_colors_info=&#8221;{}&#8221;][et_pb_image src=&#8221;https:\/\/www.secowarwick.com\/wp-content\/uploads\/2025\/06\/Pomiary-i-analiza-zuzycia-energii.png&#8221; alt=&#8221;Pomiary i analiza zu\u017cycia energii&#8221; module_class=&#8221;ikony-serwis&#8221; _builder_version=&#8221;4.23.1&#8243; _module_preset=&#8221;default&#8221; locked=&#8221;off&#8221; global_colors_info=&#8221;{}&#8221;][\/et_pb_image][et_pb_text module_class=&#8221;red-hash-list-parent&#8221; _builder_version=&#8221;4.23.1&#8243; background_size=&#8221;initial&#8221; background_position=&#8221;top_left&#8221; background_repeat=&#8221;repeat&#8221; text_orientation=&#8221;justified&#8221; use_border_color=&#8221;off&#8221; border_color=&#8221;#ffffff&#8221; border_style=&#8221;solid&#8221; locked=&#8221;off&#8221; global_colors_info=&#8221;{}&#8221;]<\/p>\n<h2 style=\"text-align: left;\">Pomiary i\u00a0analiza zu\u017cycia energii<\/h2>\n<ul>\n<li>Wykonanie pomiar\u00f3w wielko\u015bci fizycznych i\u00a0parametr\u00f3w pracy,<\/li>\n<li>Analiza zu\u017cycia energii z\u00a0uwzgl\u0119dnieniem czynnik\u00f3w wp\u0142ywaj\u0105cych na\u00a0jej pob\u00f3r.<\/li>\n<\/ul>\n<p>[\/et_pb_text][\/et_pb_column][et_pb_column type=&#8221;1_3&#8243; _builder_version=&#8221;4.23.1&#8243; _module_preset=&#8221;default&#8221; global_colors_info=&#8221;{}&#8221;][et_pb_image src=&#8221;https:\/\/www.secowarwick.com\/wp-content\/uploads\/2025\/06\/Ocena-stanu-technicznego.png&#8221; alt=&#8221;Zwi\u0119kszenie niezawodno\u015bci i\u00a0\u0142atwo\u015bci serwisowania&#8221; module_class=&#8221;ikony-serwis&#8221; _builder_version=&#8221;4.23.1&#8243; _module_preset=&#8221;default&#8221; locked=&#8221;off&#8221; global_colors_info=&#8221;{}&#8221;][\/et_pb_image][et_pb_text module_class=&#8221;red-hash-list-parent&#8221; _builder_version=&#8221;4.23.1&#8243; background_size=&#8221;initial&#8221; background_position=&#8221;top_left&#8221; background_repeat=&#8221;repeat&#8221; text_orientation=&#8221;justified&#8221; use_border_color=&#8221;off&#8221; border_color=&#8221;#ffffff&#8221; border_style=&#8221;solid&#8221; locked=&#8221;off&#8221; global_colors_info=&#8221;{}&#8221;]<\/p>\n<h2 style=\"text-align: left;\">Ocena stanu technicznego<\/h2>\n<ul>\n<li>Ocena b\u0142\u0119d\u00f3w pomiar\u00f3w i\u00a0oszacowa\u0144 zu\u017cycia energii,<\/li>\n<li>Uzgodnienie wynik\u00f3w pomiar\u00f3w z\u00a0oszacowaniami analitycznymi.<\/li>\n<\/ul>\n<p>[\/et_pb_text][\/et_pb_column][\/et_pb_row][et_pb_row column_structure=&#8221;1_3,1_3,1_3&#8243; disabled_on=&#8221;on|on|on&#8221; _builder_version=&#8221;4.23.1&#8243; _module_preset=&#8221;default&#8221; disabled=&#8221;on&#8221; global_colors_info=&#8221;{}&#8221;][et_pb_column type=&#8221;1_3&#8243; _builder_version=&#8221;4.23.1&#8243; _module_preset=&#8221;default&#8221; global_colors_info=&#8221;{}&#8221;][et_pb_image src=&#8221;https:\/\/www.secowarwick.com\/wp-content\/uploads\/2025\/06\/Okreslenie-poziomu-mocy-biernej.png&#8221; alt=&#8221;Okre\u015blenie poziomu mocy biernej&#8221; module_class=&#8221;ikony-serwis&#8221; _builder_version=&#8221;4.23.1&#8243; _module_preset=&#8221;default&#8221; locked=&#8221;off&#8221; global_colors_info=&#8221;{}&#8221;][\/et_pb_image][et_pb_text module_class=&#8221;red-hash-list-parent&#8221; _builder_version=&#8221;4.23.1&#8243; background_size=&#8221;initial&#8221; background_position=&#8221;top_left&#8221; background_repeat=&#8221;repeat&#8221; text_orientation=&#8221;justified&#8221; use_border_color=&#8221;off&#8221; border_color=&#8221;#ffffff&#8221; border_style=&#8221;solid&#8221; locked=&#8221;off&#8221; global_colors_info=&#8221;{}&#8221;]<\/p>\n<h2 style=\"text-align: left;\">Okre\u015blenie poziomu mocy biernej<\/h2>\n<ul>\n<li>Rejestracja mocy, energii i\u00a0parametr\u00f3w elektrycznych,<\/li>\n<li>Analiza charakterystyki odbior\u00f3w i\u00a0przebiegu zu\u017cycia energii,<\/li>\n<li>Weryfikacja profilu godzinowego zu\u017cycia energii.<\/li>\n<\/ul>\n<p>[\/et_pb_text][\/et_pb_column][et_pb_column type=&#8221;1_3&#8243; _builder_version=&#8221;4.23.1&#8243; _module_preset=&#8221;default&#8221; global_colors_info=&#8221;{}&#8221;][et_pb_image src=&#8221;https:\/\/www.secowarwick.com\/wp-content\/uploads\/2025\/06\/Propozycje-dzialan-korygujacych.png&#8221; alt=&#8221;Mo\u017cliwo\u015b\u0107 dostosowania do\u00a0nowoczesnych uk\u0142ad\u00f3w grzejnych&#8221; module_class=&#8221;ikony-serwis&#8221; _builder_version=&#8221;4.23.1&#8243; _module_preset=&#8221;default&#8221; locked=&#8221;off&#8221; global_colors_info=&#8221;{}&#8221;][\/et_pb_image][et_pb_text module_class=&#8221;red-hash-list-parent&#8221; _builder_version=&#8221;4.23.1&#8243; background_size=&#8221;initial&#8221; background_position=&#8221;top_left&#8221; background_repeat=&#8221;repeat&#8221; text_orientation=&#8221;justified&#8221; use_border_color=&#8221;off&#8221; border_color=&#8221;#ffffff&#8221; border_style=&#8221;solid&#8221; locked=&#8221;off&#8221; global_colors_info=&#8221;{}&#8221;]<\/p>\n<h2 style=\"text-align: left;\">Propozycje dzia\u0142a\u0144 koryguj\u0105cych<\/h2>\n<ul>\n<li>Analiza techniczno-ekonomiczna mo\u017cliwo\u015bci zastosowania uk\u0142ad\u00f3w do\u00a0kompensacji mocy biernej,<\/li>\n<li>Propozycje rozwi\u0105za\u0144 w\u00a0celu poprawy efektywno\u015bci energetycznej.<\/li>\n<\/ul>\n<p>[\/et_pb_text][\/et_pb_column][et_pb_column type=&#8221;1_3&#8243; _builder_version=&#8221;4.23.1&#8243; _module_preset=&#8221;default&#8221; global_colors_info=&#8221;{}&#8221;][\/et_pb_column][\/et_pb_row][\/et_pb_section][et_pb_section fb_built=&#8221;1&#8243; _builder_version=&#8221;4.23.1&#8243; _module_preset=&#8221;default&#8221; global_colors_info=&#8221;{}&#8221;][et_pb_row column_structure=&#8221;3_4,1_4&#8243; use_custom_gutter=&#8221;on&#8221; gutter_width=&#8221;2&#8243; module_class=&#8221;automatycy-wiersz-korzysci&#8221; _builder_version=&#8221;4.23.1&#8243; _module_preset=&#8221;default&#8221; locked=&#8221;off&#8221; global_colors_info=&#8221;{}&#8221;][et_pb_column type=&#8221;3_4&#8243; _builder_version=&#8221;4.23.1&#8243; _module_preset=&#8221;default&#8221; global_colors_info=&#8221;{}&#8221;][et_pb_text module_class=&#8221;przecinek-tlo-nizej&#8221; _builder_version=&#8221;4.23.1&#8243; text_text_color=&#8221;#000000&#8243; background_size=&#8221;initial&#8221; background_position=&#8221;top_left&#8221; background_repeat=&#8221;repeat&#8221; use_border_color=&#8221;off&#8221; global_colors_info=&#8221;{}&#8221;]<\/p>\n<p>What do&nbsp;you gain from an energy audit with SECO\/WARWICK?<\/p>\n<p>[\/et_pb_text][et_pb_text module_class=&#8221;opis-korzysci&#8221; _builder_version=&#8221;4.23.1&#8243; _module_preset=&#8221;default&#8221; text_orientation=&#8221;justified&#8221; custom_margin=&#8221;20px||||false|false&#8221; global_colors_info=&#8221;{}&#8221;]<\/p>\n<p><strong><span style=\"color: #dc291e;\">\/<\/span><\/strong><strong>\u00a0Precise analysis of energy consumption in&nbsp;industrial processes<\/strong>, supported by&nbsp;data from automation systems,<br \/><strong><span style=\"color: #dc291e;\">\/<\/span>\u00a0A list of optimization actions<\/strong> tailored to&nbsp;your production specifics,<br \/><strong><span style=\"color: #dc291e;\">\/<\/span><\/strong><strong>\u00a0<\/strong>Investment recommendations in&nbsp;technologies enhancing energy efficiency,<br \/><strong><span style=\"color: #dc291e;\">\/<\/span>\u00a0Cost and CO\u2082<\/strong> emission reduction through the implementation of recommended solutions,<br \/><strong><span style=\"color: #dc291e;\">\/<\/span>\u00a0Integration of audit results with control and monitoring systems<\/strong>, enabling ongoing tracking of the effects of implemented actions.<\/p>\n<p>[\/et_pb_text][\/et_pb_column][et_pb_column type=&#8221;1_4&#8243; _builder_version=&#8221;4.23.1&#8243; _module_preset=&#8221;default&#8221; global_colors_info=&#8221;{}&#8221;][et_pb_image src=&#8221;https:\/\/www.secowarwick.com\/wp-content\/uploads\/2024\/05\/korzysci.png&#8221; alt=&#8221;korzy\u015bci&#8221; align=&#8221;center&#8221; module_class=&#8221;obraz-korzysci&#8221; _builder_version=&#8221;4.23.1&#8243; _module_preset=&#8221;default&#8221; global_colors_info=&#8221;{}&#8221;][\/et_pb_image][\/et_pb_column][\/et_pb_row][\/et_pb_section]<\/p>\n","protected":false},"excerpt":{"rendered":"<p>Energy Audit with SECO\/WARWICK First step towards real savings &#8211; identifying actions &nbsp; At&nbsp;SECO\/WARWICK, the energy audit is not just about fulfilling a&nbsp;statutory obligation \u2013 it\u2019s primarily a&nbsp;strategic tool that allows our industrial clients to&nbsp;identify specific actions leading to&nbsp;increased energy efficiency and reduced operational costs. Our audits focus mainly on&nbsp;the analysis of technological processes \u2013 [&hellip;]<\/p>\n","protected":false},"author":2,"featured_media":0,"parent":125078,"menu_order":0,"comment_status":"closed","ping_status":"closed","template":"","meta":{"_acf_changed":false,"_et_pb_use_builder":"on","_et_pb_old_content":"","_et_gb_content_width":"","footnotes":""},"class_list":["post-184124","page","type-page","status-publish"],"acf":[],"_links":{"self":[{"href":"https:\/\/www.secowarwick.com\/en\/wp-json\/wp\/v2\/pages\/184124","targetHints":{"allow":["GET"]}}],"collection":[{"href":"https:\/\/www.secowarwick.com\/en\/wp-json\/wp\/v2\/pages"}],"about":[{"href":"https:\/\/www.secowarwick.com\/en\/wp-json\/wp\/v2\/types\/page"}],"author":[{"embeddable":true,"href":"https:\/\/www.secowarwick.com\/en\/wp-json\/wp\/v2\/users\/2"}],"replies":[{"embeddable":true,"href":"https:\/\/www.secowarwick.com\/en\/wp-json\/wp\/v2\/comments?post=184124"}],"version-history":[{"count":6,"href":"https:\/\/www.secowarwick.com\/en\/wp-json\/wp\/v2\/pages\/184124\/revisions"}],"predecessor-version":[{"id":184609,"href":"https:\/\/www.secowarwick.com\/en\/wp-json\/wp\/v2\/pages\/184124\/revisions\/184609"}],"up":[{"embeddable":true,"href":"https:\/\/www.secowarwick.com\/en\/wp-json\/wp\/v2\/pages\/125078"}],"wp:attachment":[{"href":"https:\/\/www.secowarwick.com\/en\/wp-json\/wp\/v2\/media?parent=184124"}],"curies":[{"name":"wp","href":"https:\/\/api.w.org\/{rel}","templated":true}]}}