{"id":190660,"date":"2026-03-18T12:19:31","date_gmt":"2026-03-18T11:19:31","guid":{"rendered":"https:\/\/www.secowarwick.com\/?page_id=190660"},"modified":"2026-03-19T09:56:34","modified_gmt":"2026-03-19T08:56:34","slug":"chemical-vapor-deposition-furnaces","status":"publish","type":"page","link":"https:\/\/www.secowarwick.com\/en\/products\/vacuum-heat-treatment\/purification-of-graphite-materials\/chemical-vapor-deposition-furnaces\/","title":{"rendered":"Chemical Vapor Deposition (CVD) Furnaces"},"content":{"rendered":"<p>[et_pb_section fb_built=&#8221;1&#8243; _builder_version=&#8221;4.16&#8243; global_colors_info=&#8221;{}&#8221;][et_pb_row _builder_version=&#8221;4.16&#8243; background_size=&#8221;initial&#8221; background_position=&#8221;top_left&#8221; background_repeat=&#8221;repeat&#8221; global_colors_info=&#8221;{}&#8221;][et_pb_column type=&#8221;4_4&#8243; _builder_version=&#8221;4.16&#8243; custom_padding=&#8221;|||&#8221; global_colors_info=&#8221;{}&#8221; custom_padding__hover=&#8221;|||&#8221;][et_pb_image src=&#8221;https:\/\/www.secowarwick.com\/wp-content\/uploads\/2026\/03\/Slider-CVD.png&#8221; alt=&#8221;Vacuum furnaaces &#8211; graphene purification&#8221; title_text=&#8221;Piece do chemicznego osadzania z fazy gazowej &#8221; align_tablet=&#8221;center&#8221; align_phone=&#8221;center&#8221; align_last_edited=&#8221;on|desktop&#8221; _builder_version=&#8221;4.27.6&#8243; global_colors_info=&#8221;{}&#8221;][\/et_pb_image][et_pb_breadcrumbs _builder_version=&#8221;3.6&#8243; global_colors_info=&#8221;{}&#8221;][\/et_pb_breadcrumbs][\/et_pb_column][\/et_pb_row][et_pb_row column_structure=&#8221;3_4,1_4&#8243; _builder_version=&#8221;4.16&#8243; global_colors_info=&#8221;{}&#8221;][et_pb_column type=&#8221;3_4&#8243; _builder_version=&#8221;4.16&#8243; custom_padding=&#8221;|||&#8221; global_colors_info=&#8221;{}&#8221; custom_padding__hover=&#8221;|||&#8221;][et_pb_text _builder_version=&#8221;4.27.6&#8243; text_orientation=&#8221;justified&#8221; custom_margin_tablet=&#8221;&#8221; custom_margin_phone=&#8221;-40px|||&#8221; custom_margin_last_edited=&#8221;on|phone&#8221; global_colors_info=&#8221;{}&#8221;]<\/p>\n<h1><span class=\"TextRun Highlight SCXW27817505 BCX0\" lang=\"EN-US\" xml:lang=\"EN-US\" data-contrast=\"auto\"><span class=\"NormalTextRun SCXW27817505 BCX0\" data-ccp-charstyle=\"Strong\"><span class=\"NormalTextRun SCXW61783568 BCX0\" data-ccp-charstyle=\"Strong\">Chemical Vapor Deposition (CVD) Furnaces<\/span><span class=\"NormalTextRun SCXW61783568 BCX0\" data-ccp-charstyle=\"Strong\">\u00a0<\/span><\/span><\/span><\/h1>\n<h2><span class=\"TextRun Highlight SCXW102863552 BCX0\" lang=\"PL-PL\" xml:lang=\"PL-PL\" data-contrast=\"none\"><span class=\"NormalTextRun SCXW102863552 BCX0\">Precise vapor\u2011phase coating deposition<\/span><\/span><\/h2>\n<p>CVD furnaces are used for precise deposition of protective and functional layers onto various materials in&nbsp;a&nbsp;controlled gas atmosphere, including coatings such as&nbsp;thermal\u2011barrier TBC layers. CVD provides uniform, durable, and high\u2011temperature\u2011resistant coatings that significantly extend component lifetime.<b><span data-contrast=\"none\"><br \/><\/span><\/b><\/p>\n<p>[\/et_pb_text][et_pb_tabs module_class=&#8221;red-tabs  eco-tab8&#8243; _builder_version=&#8221;4.27.6&#8243; custom_css_main_element=&#8221;margin-top: 2rem;||margin-bottom: 2rem;&#8221; global_colors_info=&#8221;{}&#8221;][et_pb_tab title=&#8221;Overview&#8221; _builder_version=&#8221;4.27.6&#8243; global_colors_info=&#8221;{}&#8221;]<\/p>\n<p>Chemical Vapor Deposition (CVD) is a\u00a0process for depositing coatings at\u00a0high temperatures in\u00a0controlled gases or\u00a0vacuum.<\/p>\n<p>This technology ensures exceptional durability, thermal resistance, and precise surface properties, essential in&nbsp;aerospace, energy, medical, and chemical industries.<\/p>\n<p>&nbsp;<\/p>\n<p>[\/et_pb_tab][et_pb_tab title=&#8221;Benefits&#8221; _builder_version=&#8221;4.27.6&#8243; global_colors_info=&#8221;{}&#8221;]<\/p>\n<p><span style=\"color: #ff0000;\">\/<\/span> High\u2011quality protective coatings.<br \/><span style=\"color: #ff0000;\">\/<\/span> Extended tool and component lifetime.<br \/><span style=\"color: #ff0000;\">\/<\/span> Resistance to&nbsp;wear, corrosion, and high temperatures.<\/p>\n<p>[\/et_pb_tab][et_pb_tab title=&#8221;Advantages&#8221; _builder_version=&#8221;4.27.6&#8243; global_colors_info=&#8221;{}&#8221;]<\/p>\n<p><span style=\"color: #ff0000;\">\/<\/span> Precise control of temperature, pressure, and gas composition.<br \/><span style=\"color: #ff0000;\">\/<\/span> Ability to&nbsp;deposit various materials (ceramics, carbides).<br \/><span style=\"color: #ff0000;\">\/<\/span> Widely used in&nbsp;aerospace, energy, medical, and chemical sectors.<\/p>\n<p>[\/et_pb_tab][et_pb_tab title=&#8221;Features&#8221; _builder_version=&#8221;4.27.6&#8243; global_colors_info=&#8221;{}&#8221;]<\/p>\n<p><span style=\"color: #ff0000;\">\/<\/span> High\u2011temperature reaction chamber.<br \/><span style=\"color: #ff0000;\">\/<\/span> Advanced temperature and gas\u2011flow control systems<br \/><span style=\"color: #ff0000;\">\/<\/span> Compatibility with various gaseous precursors<\/p>\n<p>[\/et_pb_tab][et_pb_tab title=&#8221;Processes&#8221; _builder_version=&#8221;4.27.6&#8243; global_colors_info=&#8221;{}&#8221;]<\/p>\n<p><span style=\"color: #ff0000;\">\/<\/span> CVD deposition<br \/><span style=\"color: #ff0000;\">\/<\/span> Related:<br \/><span style=\"color: #000000;\">\u00a0 \/ <strong>Slurry coatings<\/strong><br \/>\u00a0 \/ <strong>FIC<\/strong> (Fluoride Ion Cleaning)<\/span><\/p>\n<p>[\/et_pb_tab][et_pb_tab title=&#8221;Materials&#8221; _builder_version=&#8221;4.27.6&#8243; global_colors_info=&#8221;{}&#8221;]<\/p>\n<p><span style=\"color: #ff0000;\">\/<\/span> Ceramics<br \/><span style=\"color: #ff0000;\">\/<\/span> Carbides<br \/><span style=\"color: #ff0000;\">\/<\/span> Protective coatings<\/p>\n<p>[\/et_pb_tab][et_pb_tab title=&#8221;Options&#8221; _builder_version=&#8221;4.27.6&#8243; global_colors_info=&#8221;{}&#8221;]<\/p>\n<p><span style=\"color: #ff0000;\">\/<\/span> Adjustable workspace size.<br \/><span style=\"color: #ff0000;\">\/<\/span> Dedicated gas\u2011delivery systems<br \/><span style=\"color: #ff0000;\">\/<\/span> Digital integration and automation<\/p>\n<p>[\/et_pb_tab][et_pb_tab title=&#8221;Industries&#8221; _builder_version=&#8221;4.27.6&#8243; global_colors_info=&#8221;{}&#8221;]<\/p>\n<p><span style=\"color: #ff0000;\">\/<\/span> Aerospace (carbon and ceramic somposites)<br \/><span style=\"color: #ff0000;\">\/<\/span> Power<br \/><span style=\"color: #ff0000;\">\/<\/span> Medical<br \/><span style=\"color: #ff0000;\">\/<\/span> Chemical<\/p>\n<p>[\/et_pb_tab][et_pb_tab title=&#8221; &#8221; _builder_version=&#8221;4.27.6&#8243; global_colors_info=&#8221;{}&#8221;]<\/p>\n<p><b><span data-contrast=\"auto\"><strong><span style=\"color: #ff0000;\">\/ <\/span><\/strong><\/span><\/b><span data-contrast=\"auto\">Energy\u2011saving design<br \/><b><strong><span style=\"color: #ff0000;\">\/ <\/span><\/strong><\/b>Minimalne zu\u017cycie gaz\u00f3w procesowych i\u00a0emisji gaz\u00f3w poprocesowych<br \/><b><strong><span style=\"color: #ff0000;\">\/ <\/span><\/strong><\/b>Wysoka sprawno\u015b\u0107 energetyczna u\u017cytych komponent\u00f3w elektrycznych (silniki klasy IE3, sterowanie falownikowe, itp.)<br \/><b><strong><span style=\"color: #ff0000;\">\/ <\/span><\/strong><\/b>Zastosowanie system\u00f3w i\u00a0algorytm\u00f3w ograniczaj\u0105cych zu\u017cycie czynnik\u00f3w energetycznych i\u00a0technologicznych (system pompowy, grzania i\u00a0ch\u0142odzenia)<\/span><\/p>\n<p>&nbsp;<\/p>\n<p>[\/et_pb_tab][\/et_pb_tabs][et_pb_code admin_label=&#8221;Code&#8221; _builder_version=&#8221;4.23.1&#8243; _module_preset=&#8221;default&#8221; global_module=&#8221;123774&#8243; saved_tabs=&#8221;all&#8221; global_colors_info=&#8221;{}&#8221; locked=&#8221;off&#8221;]<pee style=\"text-align: center;\"><a class=\"small-button smallred rfq-big-bottom-button\" style=\"font-size: 20px; padding: 20px 60px;\" href=\"https:\/\/www.secowarwick.com\/en\/request-for-quote\/\"><span style=\"display: block; transform: skew(15deg,0deg); -webkit-transform: skew(15deg,0deg); font-size: 20px; !important\">ASK FOR MORE<\/span><\/a><\/pee>[\/et_pb_code][\/et_pb_column][et_pb_column type=&#8221;1_4&#8243; _builder_version=&#8221;4.16&#8243; custom_padding=&#8221;|||&#8221; global_colors_info=&#8221;{}&#8221; custom_padding__hover=&#8221;|||&#8221;][et_pb_text admin_label=&#8221;premium library&#8221; module_class=&#8221;premium-library-button&#8221; _builder_version=&#8221;4.23.1&#8243; _module_preset=&#8221;default&#8221; global_module=&#8221;156957&#8243; saved_tabs=&#8221;all&#8221; locked=&#8221;off&#8221; global_colors_info=&#8221;{}&#8221;]<\/p>\n<p style=\"text-align: center;\"><a href='https:\/\/www.secowarwick.com\/en\/premium-library\/' class='small-button smallred'><span>PREMIUM LIBRARY<\/span><\/a><\/p>\n<p>[\/et_pb_text][et_pb_text admin_label=&#8221;R&#038;D en&#8221; module_class=&#8221;product_widget_wrap_rd&#8221; _builder_version=&#8221;4.23.1&#8243; _module_preset=&#8221;default&#8221; text_orientation=&#8221;center&#8221; global_module=&#8221;167835&#8243; saved_tabs=&#8221;all&#8221; locked=&#8221;off&#8221; global_colors_info=&#8221;{}&#8221;]<\/p>\n<p><a href=\"https:\/\/www.secowarwick.com\/en\/rd\/\"><span class=\"product_wigtet_name\">R&amp;D<\/span><\/a><\/p>\n<p>[\/et_pb_text][et_pb_text admin_label=&#8221;AUTOMATYKA en&#8221; module_class=&#8221;product_widget_wrap_automation&#8221; _builder_version=&#8221;4.23.1&#8243; _module_preset=&#8221;default&#8221; global_module=&#8221;167846&#8243; saved_tabs=&#8221;all&#8221; locked=&#8221;off&#8221; global_colors_info=&#8221;{}&#8221;]<\/p>\n<p><a href=\"https:\/\/www.secowarwick.com\/en\/service\/automation-system\/\"><span class=\"product_wigtet_name\">AUTOMATION<\/span><\/a><\/p>\n<p>[\/et_pb_text][et_pb_text admin_label=&#8221;SERVICE EN&#8221; module_class=&#8221;product_widget_wrap_service&#8221; _builder_version=&#8221;4.23.1&#8243; _module_preset=&#8221;default&#8221; global_module=&#8221;167859&#8243; saved_tabs=&#8221;all&#8221; locked=&#8221;off&#8221; global_colors_info=&#8221;{}&#8221;]<\/p>\n<p><a href=\"https:\/\/www.secowarwick.com\/en\/professional-technical-services\/\"><span class=\"product_wigtet_name\">SERVICE<\/span><\/a><\/p>\n<p>[\/et_pb_text][et_pb_text admin_label=&#8221;SUPLEMENTALS EN&#8221; module_class=&#8221;product_widget_wrap_supleme&#8221; _builder_version=&#8221;4.23.1&#8243; _module_preset=&#8221;default&#8221; global_module=&#8221;167809&#8243; saved_tabs=&#8221;all&#8221; locked=&#8221;off&#8221; global_colors_info=&#8221;{}&#8221;]<\/p>\n<p><span class=\"product_wigtet_name\">SUPPLEMENTALS:<\/span><\/p>\n<p>[\/et_pb_text][et_pb_text admin_label=&#8221;Product movie playlist en&#8221; module_class=&#8221;suplementals_product_movie suplementals_wrap&#8221; _builder_version=&#8221;4.23.1&#8243; _module_preset=&#8221;default&#8221; global_module=&#8221;169564&#8243; saved_tabs=&#8221;all&#8221; locked=&#8221;off&#8221; global_colors_info=&#8221;{}&#8221;]<\/p>\n<p><a href=\"https:\/\/www.youtube.com\/playlist?list=PLa0hhW_hoQqEsIHM5LQtr9h_9UlwGFBO8\" target=\"_blank\" rel=\"noopener\">Product video<\/a><\/p>\n<p>[\/et_pb_text][et_pb_text admin_label=&#8221;dnabook-en&#8221; module_class=&#8221;suplementals_product_dna suplementals_wrap&#8221; _builder_version=&#8221;4.23.1&#8243; _module_preset=&#8221;default&#8221; global_module=&#8221;167873&#8243; saved_tabs=&#8221;all&#8221; locked=&#8221;off&#8221; global_colors_info=&#8221;{}&#8221;]<\/p>\n<p><a href=\"https:\/\/www.secowarwick.com\/wp-content\/uploads\/2025\/07\/DNA_BOOK.pdf\" target=\"_blank\" rel=\"noopener\">DNA\/BOOK<\/a><\/p>\n<p>[\/et_pb_text][et_pb_text admin_label=&#8221;ECO\/BOOK-en&#8221; module_class=&#8221;suplementals_product_eco suplementals_wrap&#8221; _builder_version=&#8221;4.23.1&#8243; _module_preset=&#8221;default&#8221; global_module=&#8221;165507&#8243; locked=&#8221;off&#8221; global_colors_info=&#8221;{}&#8221;]<\/p>\n<p><a href=\"https:\/\/www.secowarwick.com\/wp-content\/uploads\/2023\/06\/ECOBOOK.pdf\" target=\"_blank\" rel=\"noopener\">ECO\/BOOK<\/a><\/p>\n<p>[\/et_pb_text][et_pb_text admin_label=&#8221;product-widget-rfq-en&#8221; module_class=&#8221;product_widget_wrap_rfq-en&#8221; _builder_version=&#8221;4.23.1&#8243; _module_preset=&#8221;default&#8221; global_module=&#8221;186100&#8243; saved_tabs=&#8221;all&#8221; locked=&#8221;off&#8221; global_colors_info=&#8221;{}&#8221;]<\/p>\n<p style=\"text-align: center;\"><a class=\"small-button smallred rfq-gtm-product-widget\" href=\"https:\/\/www.secowarwick.com\/en\/request-for-quote\/\"><span class=\"product_wigtet_name\">REQUEST FOR QUOTE<\/span><\/a><\/p>\n<p>[\/et_pb_text][\/et_pb_column][\/et_pb_row][\/et_pb_section]<\/p>\n","protected":false},"excerpt":{"rendered":"<p>[et_pb_breadcrumbs _builder_version=&#8221;3.6&#8243; global_colors_info=&#8221;{}&#8221;][\/et_pb_breadcrumbs]Chemical Vapor Deposition (CVD) Furnaces\u00a0 Precise vapor\u2011phase coating deposition CVD furnaces are used for precise deposition of protective and functional layers onto various materials in&nbsp;a&nbsp;controlled gas atmosphere, including coatings such as&nbsp;thermal\u2011barrier TBC layers. CVD provides uniform, durable, and high\u2011temperature\u2011resistant coatings that significantly extend component lifetime.Chemical Vapor Deposition (CVD) is a\u00a0process for depositing coatings [&hellip;]<\/p>\n","protected":false},"author":2,"featured_media":0,"parent":150079,"menu_order":0,"comment_status":"closed","ping_status":"closed","template":"","meta":{"_acf_changed":false,"_et_pb_use_builder":"on","_et_pb_old_content":"","_et_gb_content_width":"","footnotes":""},"class_list":["post-190660","page","type-page","status-publish"],"acf":[],"_links":{"self":[{"href":"https:\/\/www.secowarwick.com\/en\/wp-json\/wp\/v2\/pages\/190660","targetHints":{"allow":["GET"]}}],"collection":[{"href":"https:\/\/www.secowarwick.com\/en\/wp-json\/wp\/v2\/pages"}],"about":[{"href":"https:\/\/www.secowarwick.com\/en\/wp-json\/wp\/v2\/types\/page"}],"author":[{"embeddable":true,"href":"https:\/\/www.secowarwick.com\/en\/wp-json\/wp\/v2\/users\/2"}],"replies":[{"embeddable":true,"href":"https:\/\/www.secowarwick.com\/en\/wp-json\/wp\/v2\/comments?post=190660"}],"version-history":[{"count":13,"href":"https:\/\/www.secowarwick.com\/en\/wp-json\/wp\/v2\/pages\/190660\/revisions"}],"predecessor-version":[{"id":190998,"href":"https:\/\/www.secowarwick.com\/en\/wp-json\/wp\/v2\/pages\/190660\/revisions\/190998"}],"up":[{"embeddable":true,"href":"https:\/\/www.secowarwick.com\/en\/wp-json\/wp\/v2\/pages\/150079"}],"wp:attachment":[{"href":"https:\/\/www.secowarwick.com\/en\/wp-json\/wp\/v2\/media?parent=190660"}],"curies":[{"name":"wp","href":"https:\/\/api.w.org\/{rel}","templated":true}]}}