{"id":50484,"date":"2017-05-24T09:46:07","date_gmt":"2017-05-24T07:46:07","guid":{"rendered":"http:\/\/www.secowarwick.com\/news-events-and-information\/seminar-2017-2\/piotr-kula\/"},"modified":"2020-08-11T12:17:22","modified_gmt":"2020-08-11T10:17:22","slug":"piotr-kula","status":"publish","type":"page","link":"https:\/\/www.secowarwick.com\/en\/piotr-kula\/","title":{"rendered":"Piotr Kula"},"content":{"rendered":"<p>[et_pb_section bb_built=&#8221;1&#8243; admin_label=&#8221;section&#8221; transparent_background=&#8221;off&#8221; allow_player_pause=&#8221;off&#8221; inner_shadow=&#8221;off&#8221; parallax=&#8221;off&#8221; parallax_method=&#8221;on&#8221; custom_padding=&#8221;0px|||&#8221; make_fullwidth=&#8221;off&#8221; use_custom_width=&#8221;off&#8221; width_unit=&#8221;on&#8221; make_equal=&#8221;off&#8221; use_custom_gutter=&#8221;off&#8221; prev_background_color=&#8221;#000000&#8243; next_background_color=&#8221;#000000&#8243;][et_pb_row admin_label=&#8221;row&#8221; make_fullwidth=&#8221;off&#8221; use_custom_width=&#8221;off&#8221; width_unit=&#8221;on&#8221; use_custom_gutter=&#8221;off&#8221; custom_padding=&#8221;|||25px&#8221; custom_margin=&#8221;||45px|&#8221; background_color=&#8221;#f8f8f8&#8243; allow_player_pause=&#8221;off&#8221; parallax=&#8221;off&#8221; parallax_method=&#8221;on&#8221; make_equal=&#8221;off&#8221; parallax_1=&#8221;off&#8221; parallax_method_1=&#8221;off&#8221; background_position=&#8221;top_left&#8221; background_repeat=&#8221;repeat&#8221; background_size=&#8221;initial&#8221;][et_pb_column type=&#8221;4_4&#8243;][et_pb_breadcrumbs \/][et_pb_text use_border_color=&#8221;off&#8221; background_position=&#8221;top_left&#8221; background_repeat=&#8221;repeat&#8221; background_size=&#8221;initial&#8221; _builder_version=&#8221;3.4.1&#8243;]<\/p>\n<h1>SPEAKER<\/h1>\n<p>[\/et_pb_text][\/et_pb_column][\/et_pb_row][et_pb_row admin_label=&#8221;row&#8221; background_position=&#8221;top_left&#8221; background_repeat=&#8221;repeat&#8221; background_size=&#8221;initial&#8221;][et_pb_column type=&#8221;1_3&#8243;][et_pb_image src=&#8221;https:\/\/www.secowarwick.com\/wp-content\/uploads\/2018\/05\/kula-szary.jpg&#8221; use_border_color=&#8221;off&#8221; animation_style=&#8221;slide&#8221; animation_duration=&#8221;500ms&#8221; animation_intensity_slide=&#8221;10%&#8221; animation_direction=&#8221;left&#8221; _builder_version=&#8221;3.6&#8243; alt=&#8221;Piotr Kula&#8221; \/][\/et_pb_column][et_pb_column type=&#8221;2_3&#8243;][et_pb_text use_border_color=&#8221;off&#8221; background_position=&#8221;top_left&#8221; background_repeat=&#8221;repeat&#8221; background_size=&#8221;initial&#8221; _builder_version=&#8221;3.6&#8243;]<\/p>\n<h2><span style=\"font-size: 14pt;\"><strong><span style=\"color: #dc291e;\">Prof. Ph.D Eng. PIOTR KULA<\/span><\/strong><\/span><br \/>\n<span style=\"font-size: 14pt;\">\u0141\u00f3d\u017a University of Technology<\/span><\/h2>\n<p style=\"text-align: justify;\">Graduated the Faculty of mechanical Engineering at the Lodz University of Technology (1975). The Doctorate (awarded with the Merit Award in 1982), the Habilitation and a Professor title he received at the same University. He represents scientific field of Material Engineering. Winner of Lodz Provincial Governor&#8217;s Award, in 2015 awarded with the Prize of Lodz Scientific Society. Currently working at Institute of Materials Science and Engineering at the Lodz University of Technology. In 2012 &#8211; 2016, an Innovation vice-rector of the Lodz University of Technology. During 2012 &#8211; 2019, the president of the Polish Materials Science Society. Scientific interests: surface engineering, nanomaterials. He is an author of 3 monographs, over 250 science and technical articles, and also co-author of 21 patents. The founder and a main shareholder in Hart-Tech Sp. z o. o. hardening plant, currently a member of the Management Board. The company was established in 2010.<\/p>\n<p>[\/et_pb_text][\/et_pb_column][\/et_pb_row][\/et_pb_section]<\/p>\n","protected":false},"excerpt":{"rendered":"<p>[et_pb_breadcrumbs \/] SPEAKER Prof. Ph.D Eng. PIOTR KULA \u0141\u00f3d\u017a University of Technology Graduated the Faculty of mechanical Engineering at the Lodz University of Technology (1975). The Doctorate (awarded with the Merit Award in 1982), the Habilitation and a Professor title he received at the same University. He represents scientific field of Material Engineering. Winner of [&hellip;]<\/p>\n","protected":false},"author":2,"featured_media":0,"parent":0,"menu_order":0,"comment_status":"closed","ping_status":"closed","template":"","meta":{"_acf_changed":false,"_et_pb_use_builder":"on","_et_pb_old_content":"","_et_gb_content_width":"","footnotes":""},"class_list":["post-50484","page","type-page","status-publish"],"acf":[],"_links":{"self":[{"href":"https:\/\/www.secowarwick.com\/en\/wp-json\/wp\/v2\/pages\/50484","targetHints":{"allow":["GET"]}}],"collection":[{"href":"https:\/\/www.secowarwick.com\/en\/wp-json\/wp\/v2\/pages"}],"about":[{"href":"https:\/\/www.secowarwick.com\/en\/wp-json\/wp\/v2\/types\/page"}],"author":[{"embeddable":true,"href":"https:\/\/www.secowarwick.com\/en\/wp-json\/wp\/v2\/users\/2"}],"replies":[{"embeddable":true,"href":"https:\/\/www.secowarwick.com\/en\/wp-json\/wp\/v2\/comments?post=50484"}],"version-history":[{"count":0,"href":"https:\/\/www.secowarwick.com\/en\/wp-json\/wp\/v2\/pages\/50484\/revisions"}],"wp:attachment":[{"href":"https:\/\/www.secowarwick.com\/en\/wp-json\/wp\/v2\/media?parent=50484"}],"curies":[{"name":"wp","href":"https:\/\/api.w.org\/{rel}","templated":true}]}}