{"id":64278,"date":"2018-05-11T13:37:47","date_gmt":"2018-05-11T11:37:47","guid":{"rendered":"http:\/\/www.secowarwick.com\/news-events-and-information\/seminar-2018\/regulamin-zwiedzania-zakladu-produkcyjnego-seco-warwick-s-a\/"},"modified":"2018-05-14T08:24:52","modified_gmt":"2018-05-14T06:24:52","slug":"terms-and-conditions-of-the-tour-of-the-seco-warwick-s-a-factory-in-swiebodzin","status":"publish","type":"page","link":"https:\/\/www.secowarwick.com\/en\/terms-and-conditions-of-the-tour-of-the-seco-warwick-s-a-factory-in-swiebodzin\/","title":{"rendered":"Terms and Conditions of the Tour of the SECO\/WARWICK S.A. Factory in \u015awiebodzin"},"content":{"rendered":"<p>[et_pb_section bb_built=&#8221;1&#8243;][et_pb_row][et_pb_column type=&#8221;4_4&#8243;][et_pb_text _builder_version=&#8221;3.2.2&#8243;]<\/p>\n<h2 style=\"text-align: center;\">Terms and Conditions of the Tour of the SECO\/WARWICK S.A. Factory in \u015awiebodzin<\/h2>\n<p>&nbsp;<\/p>\n<ol>\n<li>The Tour of the SECO\/WARWICK S.A. Factory (hereinafter referred to as the \u201cTour\u201d) is possible as part of the \u201cHeat Treatment 4.0\u201d Training Seminar conducted by SECO\/WARWICK S.A., hereinafter referred to as the \u201cSeminar\u201d. Only participants of the Seminar may participate in the Tour. The opportunity to participate in the Tour is guaranteed for all Seminar participants.<\/li>\n<li>Only persons aged 18 or above may participate in the Tour. Tour participants may be asked to present an identification document to confirm their identity and age.<\/li>\n<li>The Tour is conducted in organised groups, on a route determined by the Organiser, SECO\/WARWICK S.A. It is forbidden to leave the group without permission, to be in restricted areas, and to touch any equipment.<\/li>\n<li>Every Seminar and Tour participant is obliged to familiarise themselves with these Terms and Conditions and to accept and comply with them.<\/li>\n<li>Persons suspected of being under the influence of alcohol or narcotic drugs will be denied entry to the Factory.<\/li>\n<li>It is forbidden to bring any animals, dangerous objects and chemicals, alcohol, or narcotic drugs to the Factory.<\/li>\n<li>During the Tour, participants are obliged to comply with these Terms and Conditions, general rules of safety, including the rules of safety in force in SECO\/WARWICK S.A., and the instructions of the SECO\/WARWICK S.A. employee (the Tour guide). Participants must exercise great caution due to heavy traffic of vehicles, including lorries, forklifts, cargo moved with overhead cranes, and other vehicles in the Factory. Participants must exercise great caution when moving around equipment and machinery. In case of a fire alarm, participants must comply with the instructions of the SECO\/WARWICK S.A. employee (the Tour guide).<\/li>\n<li>In case any participant violates the rules of safety, the Tour may be suspended, and the violator, a specific group of Tour participants, or all Tour participants may be required to leave the premises of the Factory immediately.<\/li>\n<li>It is strictly forbidden to take any photographs or record audio\/video in any other way on the premises of SECO\/WARWICK S.A. In case this prohibition is violated, the violator will be required to delete the photographs and\/or recordings and to prove to the Tour guide that the photographs and\/or recordings have been deleted permanently. Further legal action shall also be taken against this Tour participant.<\/li>\n<li>During the Tour of the SECO\/WARWICK S.A. Factory, it is forbidden to use any:\n<ol style=\"list-style-type: lower-alpha;\">\n<li>cameras,<\/li>\n<li>voice recorders,<\/li>\n<li>video cameras,<\/li>\n<li>drones,<\/li>\n<li>other electronic devices for recording audio and\/or video.<\/li>\n<\/ol>\n<\/li>\n<li>During the Tour, it is forbidden to smoke cigarettes (including electronic cigarettes) and to drink any alcoholic beverages.<\/li>\n<li>During the Tour, the participants are obliged to respect the rules of personal etiquette and move close together in a well-organised group. It is impermissible to make loud noises, to disturb the order and activities in the Factory, or to act in any other way causing a threat to the life or health of any persons in the Factory. Any and all instructions of the Tour guide must be complied with.<\/li>\n<li>Any person who fails to respect the rules of the Tour will be denied further participation in the Tour. Any person denied further participation in the Tour shall leave the premises of the Factory immediately.<\/li>\n<li>Any and all information obtained during the Tour, technical data in particular, concerning any and all equipment manufactured by SECO\/WARWICK, is confidential.<\/li>\n<li>SECO\/WARWICK is not liable for:\n<ol style=\"list-style-type: lower-alpha;\">\n<li>any damage to or loss of any items left by the Tour participants in the Factory (including any valuables),<\/li>\n<li>any damage incurred by the Tour participants due to their non-compliance with the Terms and Conditions and the general rules of safety of SECO\/WARWICK S.A.<\/li>\n<\/ol>\n<\/li>\n<\/ol>\n<p>The Terms and Conditions of the Tour are available at <a href=\"https:\/\/www.secowarwick.com\">www.secowarwick.com<\/a>, in the Seminar tab.<\/p>\n<p>&nbsp;<\/p>\n<p>&nbsp;<\/p>\n<p>[\/et_pb_text][\/et_pb_column][\/et_pb_row][\/et_pb_section]<\/p>\n","protected":false},"excerpt":{"rendered":"<p><div class=\"et_pb_row et_pb_row_0 et_pb_row_empty\">\n\t\t\t\t\n\t\t\t\t\n\t\t\t\t\n\t\t\t\t\n\t\t\t\t\n\t\t\t<\/div> Terms and Conditions of the Tour of the SECO\/WARWICK S.A. Factory in \u015awiebodzin &nbsp; The Tour of the SECO\/WARWICK S.A. Factory (hereinafter referred to as the \u201cTour\u201d) is possible as part of the \u201cHeat Treatment 4.0\u201d Training Seminar conducted by SECO\/WARWICK S.A., hereinafter referred to as the \u201cSeminar\u201d. Only participants of the Seminar may [&hellip;]<\/p>\n","protected":false},"author":2,"featured_media":0,"parent":0,"menu_order":0,"comment_status":"closed","ping_status":"closed","template":"","meta":{"_acf_changed":false,"_et_pb_use_builder":"on","_et_pb_old_content":"<p style=\"text-align: center;\">\u00a0<\/p><h2 style=\"text-align: center;\">Regulamin zwiedzania Zak\u0142adu produkcyjnego<br> SECO\/WARWICK S.A. w \u015awiebodzinie<\/h2><ol><li>Zwiedzanie Zak\u0142adu SECO\/WARWICK S.A. (dalej \u201eZwiedzanie\u201d) mo\u017cliwe jest w ramach organizowanego przez SECO\/WARWICK S.A. Seminarium Szkoleniowego \u201eObr\u00f3bka Cieplna 4.0\u201d firmy SECO\/WARWICK S.A., zwanego dalej \u201eSeminarium\u201d. Uczestnikami Zwiedzania mog\u0105 by\u0107 zatem wy\u0142\u0105cznie uczestnicy Seminarium. Mo\u017cliwo\u015b\u0107 uczestniczenia w Zwiedzaniu jest zagwarantowana w przypadku uczestnictwa w Seminarium<\/li><li>W zwiedzaniu mog\u0105 bra\u0107 udzia\u0142 wy\u0142\u0105cznie osoby, kt\u00f3re uko\u0144czy\u0142y 18 lat. Uczestnicy wycieczki mog\u0105 zosta\u0107 poproszeni o okazanie dowodu to\u017csamo\u015bci celem potwierdzenia to\u017csamo\u015bci<br> i wieku Uczestnika.<\/li><li>Zwiedzanie odbywa si\u0119 wy\u0142\u0105cznie w grupach zorganizowanych, na trasie wyznaczonej przez Organizatora \u2013 SECO\/WARWICK S.A. Zabrania si\u0119 samowolnego oddalania si\u0119 od grupy, przebywania w miejscach niedozwolonych oraz dotykania urz\u0105dze\u0144.<\/li><li>Ka\u017cdy z uczestnik\u00f3w Seminarium oraz Zwiedzania zobowi\u0105zany jest do zapoznania si\u0119<br> z tre\u015bci\u0105 niniejszego regulaminu, jego zaakceptowania i przestrzegania.\u00a0\u00a0<\/li><li>Na teren Zak\u0142adu nie zostan\u0105 wpuszczone osoby w stosunku do kt\u00f3rych istnieje podejrzenie, i\u017c s\u0105 pod wp\u0142ywem alkoholu lub znajduj\u0105 si\u0119 pod wp\u0142ywem \u015brodk\u00f3w odurzaj\u0105cych.<\/li><li>Na teren Zak\u0142adu zabrania si\u0119 wnoszenia zwierz\u0105t, niebezpiecznych przedmiot\u00f3w oraz chemikali\u00f3w, alkoholu i \u015brodk\u00f3w odurzaj\u0105cych.<\/li><li>W trakcie zwiedzania Zak\u0142adu nale\u017cy stosowa\u0107 si\u0119 do postanowie\u0144 niniejszego Regulaminu, og\u00f3lnych zasad bezpiecze\u0144stwa, w tym zasad bezpiecze\u0144stwa obowi\u0105zuj\u0105cych<br> w SECO\/WARWICK S.A. oraz zalece\u0144 pracownika (Opiekuna grupy) SECO\/WARWICK S.A. Nale\u017cy zachowa\u0107 szczeg\u00f3ln\u0105 ostro\u017cno\u015b\u0107 z uwagi na wzmo\u017cony ruch samochod\u00f3w, w tym ci\u0119\u017carowych, w\u00f3zk\u00f3w wid\u0142owych, \u0142adunk\u00f3w przenoszonych suwnicami i innych pojazd\u00f3w na terenie zak\u0142adu produkcyjnego. Nale\u017cy zachowa\u0107 szczeg\u00f3ln\u0105 ostro\u017cno\u015b\u0107 podczas poruszania si\u0119 mi\u0119dzy maszynami i urz\u0105dzeniami. W razie alarmu przeciwpo\u017carowego nale\u017cy stosowa\u0107 si\u0119 do instrukcji wydawanych przez pracownika (Opiekuna grupy) SECO\/WARWICK S.A.<\/li><li>W przypadku naruszenia zasad bezpiecze\u0144stwa zastrzega si\u0119 mo\u017cliwo\u015b\u0107 przerwania Zwiedzania i zobowi\u0105zania: wy\u0142\u0105cznie Uczestnika naruszaj\u0105cego zasady bezpiecze\u0144stwa, okre\u015blonej grupy uczestnik\u00f3w Zwiedzania, b\u0105d\u017a ca\u0142ej grupy uczestnik\u00f3w Zwiedzania, do natychmiastowego opuszczenia Zak\u0142adu.<\/li><li>Na terenie SECO\/WARWICK S.A. obowi\u0105zuje kategoryczny zakaz fotografowania lub te\u017c<br> w inny spos\u00f3b utrwalania obrazu i\/lub d\u017awi\u0119ku. W przypadku naruszenia tego zakazu, Uczestnik dopuszczaj\u0105cy si\u0119 naruszenia zobowi\u0105zany b\u0119dzie do usuni\u0119cia zdj\u0119\u0107 lub nagra\u0144 po czym udowodni Opiekunowi grupy, \u017ce zdj\u0119cia lub nagrania zosta\u0142y trwale usuni\u0119te. Wzgl\u0119dem takiego uczestnika zostan\u0105 tak\u017ce wyci\u0105gni\u0119te dalsze konsekwencje prawne.<\/li><li>W trakcie zwiedzania Zak\u0142adu SECO\/WARWICK S.A., zabrania si\u0119 korzystania z:<\/li><li>aparat\u00f3w fotograficznych,<\/li><li>dyktafon\u00f3w,<\/li><li>kamer video,<\/li><li>dron\u00f3w,<\/li><li>innych sprz\u0119t\u00f3w elektronicznych rejestruj\u0105cych d\u017awi\u0119k i\/lub obraz.<\/li><li>Podczas Zwiedzania Zak\u0142adu obowi\u0105zuje zakaz palenia papieros\u00f3w (w tym tzw. papieros\u00f3w elektronicznych) oraz spo\u017cywania napoi alkoholowych.<\/li><li>Podczas Zwiedzania nale\u017cy przestrzega\u0107 zasad kultury osobistej, trzyma\u0107 si\u0119 w zwartej, zdyscyplinowanej grupie. Niedopuszczalne jest ha\u0142asowanie i zak\u0142\u00f3canie porz\u0105dku panuj\u0105cego na terenie Zak\u0142adu oraz wykonywanie jakichkolwiek czynno\u015bci mog\u0105cych stanowi\u0107 zagro\u017cenie dla \u017cycia i zdrowia os\u00f3b przebywaj\u0105cych na terenie Zak\u0142adu. Nale\u017cy stosowa\u0107 si\u0119 do zalece\u0144 Opiekuna grupy.<\/li><li>Niestosowanie si\u0119 do obowi\u0105zuj\u0105cych zasad podczas Zwiedzania, skutkuje wykluczeniem osoby z dalszego Zwiedzania . Osoba wykluczona z dalszego Zwiedzania zobowi\u0105zana jest do niezw\u0142ocznego opuszczenia terenu Zak\u0142adu.<\/li><li>Wszelkie informacje, zw\u0142aszcza dane techniczne dotycz\u0105ce urz\u0105dze\u0144 produkowanych przez SECO\/WARWICK S.A., uzyskane podczas wizyty s\u0105 poufne.<\/li><li>SECO\/WARWICK S.A. nie ponosi odpowiedzialno\u015bci za:<\/li><li>zniszczenie lub utrat\u0119 wszelkich przedmiot\u00f3w pozostawionych przez zwiedzaj\u0105cych na terenie Zak\u0142adu (w tym r\u00f3wnie\u017c za przedmioty warto\u015bciowe),<\/li><li>szkody poniesione przez zwiedzaj\u0105cych na skutek nieprzestrzegania Regulaminu<br> i og\u00f3lnych zasad bezpiecze\u0144stwa w SECO\/WARWICK S.A.<\/li><\/ol><p>Regulamin Zwiedzania dost\u0119pny jest na stronie <a href=\"https:\/\/www.secowarwick.com\">www.secowarwick.com<\/a> w zak\u0142adce Seminarium<\/p>","_et_gb_content_width":"","footnotes":""},"class_list":["post-64278","page","type-page","status-publish"],"acf":[],"_links":{"self":[{"href":"https:\/\/www.secowarwick.com\/en\/wp-json\/wp\/v2\/pages\/64278","targetHints":{"allow":["GET"]}}],"collection":[{"href":"https:\/\/www.secowarwick.com\/en\/wp-json\/wp\/v2\/pages"}],"about":[{"href":"https:\/\/www.secowarwick.com\/en\/wp-json\/wp\/v2\/types\/page"}],"author":[{"embeddable":true,"href":"https:\/\/www.secowarwick.com\/en\/wp-json\/wp\/v2\/users\/2"}],"replies":[{"embeddable":true,"href":"https:\/\/www.secowarwick.com\/en\/wp-json\/wp\/v2\/comments?post=64278"}],"version-history":[{"count":0,"href":"https:\/\/www.secowarwick.com\/en\/wp-json\/wp\/v2\/pages\/64278\/revisions"}],"wp:attachment":[{"href":"https:\/\/www.secowarwick.com\/en\/wp-json\/wp\/v2\/media?parent=64278"}],"curies":[{"name":"wp","href":"https:\/\/api.w.org\/{rel}","templated":true}]}}