{"id":83837,"date":"2019-09-02T13:51:35","date_gmt":"2019-09-02T11:51:35","guid":{"rendered":"http:\/\/www.secowarwick.com\/robert-pietrasik\/"},"modified":"2025-02-07T10:16:42","modified_gmt":"2025-02-07T09:16:42","slug":"robert-pietrasik","status":"publish","type":"page","link":"https:\/\/www.secowarwick.com\/en\/robert-pietrasik\/","title":{"rendered":"Robert Pietrasik"},"content":{"rendered":"<p>[et_pb_section fb_built=&#8221;1&#8243; admin_label=&#8221;section&#8221; _builder_version=&#8221;4.16&#8243; custom_padding=&#8221;0px|||&#8221; transparent_background=&#8221;off&#8221; make_fullwidth=&#8221;off&#8221; use_custom_width=&#8221;off&#8221; width_unit=&#8221;on&#8221; global_colors_info=&#8221;{}&#8221;][et_pb_row admin_label=&#8221;row&#8221; _builder_version=&#8221;4.16&#8243; background_color=&#8221;#f8f8f8&#8243; background_size=&#8221;initial&#8221; background_position=&#8221;top_left&#8221; background_repeat=&#8221;repeat&#8221; custom_margin=&#8221;||45px|&#8221; custom_padding=&#8221;|||25px&#8221; make_fullwidth=&#8221;off&#8221; use_custom_width=&#8221;off&#8221; width_unit=&#8221;on&#8221; global_colors_info=&#8221;{}&#8221;][et_pb_column type=&#8221;4_4&#8243; _builder_version=&#8221;4.16&#8243; custom_padding=&#8221;|||&#8221; global_colors_info=&#8221;{}&#8221; custom_padding__hover=&#8221;|||&#8221;][et_pb_breadcrumbs _builder_version=&#8221;3.0.47&#8243; global_colors_info=&#8221;{}&#8221;][\/et_pb_breadcrumbs][et_pb_text _builder_version=&#8221;4.16&#8243; background_size=&#8221;initial&#8221; background_position=&#8221;top_left&#8221; background_repeat=&#8221;repeat&#8221; use_border_color=&#8221;off&#8221; border_color=&#8221;#ffffff&#8221; border_style=&#8221;solid&#8221; global_colors_info=&#8221;{}&#8221;]<\/p>\n<h1>PRELEGENT<\/h1>\n<h2><\/h2>\n<h3><\/h3>\n<p>[\/et_pb_text][\/et_pb_column][\/et_pb_row][et_pb_row admin_label=&#8221;row&#8221; _builder_version=&#8221;4.16&#8243; background_size=&#8221;initial&#8221; background_position=&#8221;top_left&#8221; background_repeat=&#8221;repeat&#8221; global_colors_info=&#8221;{}&#8221; column_structure=&#8221;1_3,2_3&#8243;][et_pb_column type=&#8221;1_3&#8243; _builder_version=&#8221;4.16&#8243; custom_padding=&#8221;|||&#8221; global_colors_info=&#8221;{}&#8221; custom_padding__hover=&#8221;|||&#8221;][et_pb_image src=&#8221;https:\/\/www.secowarwick.com\/wp-content\/uploads\/2019\/09\/pietrasik.jpg&#8221; align_tablet=&#8221;center&#8221; align_last_edited=&#8221;on|desktop&#8221; _builder_version=&#8221;4.23.1&#8243; hover_enabled=&#8221;0&#8243; use_border_color=&#8221;off&#8221; border_color=&#8221;#ffffff&#8221; border_style=&#8221;solid&#8221; animation=&#8221;left&#8221; sticky=&#8221;off&#8221; global_colors_info=&#8221;{}&#8221; alt=&#8221;DR IN\u017b. ROBERT PIETRASIK&#8221; sticky_enabled=&#8221;0&#8243; align_phone=&#8221;center&#8221;][\/et_pb_image][\/et_pb_column][et_pb_column type=&#8221;2_3&#8243; _builder_version=&#8221;4.16&#8243; custom_padding=&#8221;|||&#8221; global_colors_info=&#8221;{}&#8221; custom_padding__hover=&#8221;|||&#8221;][et_pb_text _builder_version=&#8221;4.16&#8243; use_border_color=&#8221;off&#8221; border_color=&#8221;#ffffff&#8221; border_style=&#8221;solid&#8221; global_colors_info=&#8221;{}&#8221;]<span style=\"font-size: 14pt;\"><strong><span style=\"color: #dc291e;\">DR IN\u017b. ROBERT PIETRASIK<\/span><\/strong><\/span><br \/>\n<span style=\"font-size: 14pt;\">HART-TECH Sp. z o.o., MANAGEMENT BOARD CEO AND A TECHNOLOGICAL DEPARTMENT HEAD DIRECTOR<\/span><\/p>\n<p>PhD. Eng. Robert Pietrasik successfully connects business with science. He is the Management Board CEO and a Technological Department Head Director in HART-TECH Sp. z o. o., and the adjunct at the Faculty of Material Engineering at the Lodz University of Technology.<br \/>\nDuring his career, he gained an impressive experience in a field of industrial technologies. As a Technological Department Head Director in the industrial hart &#8211; plant, he is responsible for meeting requirements of IATF 16949:2016 norm (Internal Auditor entitlement) in terms of technological process parameters compliance and necessary equipment requirements. Every year he is participating customer\u2019s audits, including automotive industry. Moreover, in HART-TECH he is responsible for the Department of Implementations.<br \/>\nPrevious industrial experiences he gained as i. e. a Main Technologist in Be\u0142chatowsko Kleszczowski Park Przemys\u0142owo Technologiczny sp. z o.o and as a Technological Assessor in CEBET \u0141\u00f3d\u017a. He managed 49 technological and techno-economic audits for form all over the country.<br \/>\nHe is a co-author of 25 thermochemical implementations and over 60 vacuum carburizing technologies. His scientific interests are concerning mainly a heat treatment, thermochemical treatment, and graphene. At the Lodz University of Technology he is a Heat Treatment and Technology Transfer lecturer. PhD. Pietrasik is also a co-author of 18 patents and patent applications in Poland, EU and USA. He participated in over 20 scientific projects (NCN and NCBiR) as a manager and a main executor.<br \/>\nIn his free time he is enjoying a good book or travels with his family.<br \/>\n[\/et_pb_text][\/et_pb_column][\/et_pb_row][\/et_pb_section]<\/p>\n","protected":false},"excerpt":{"rendered":"<p>[et_pb_breadcrumbs _builder_version=&#8221;3.0.47&#8243; global_colors_info=&#8221;{}&#8221;][\/et_pb_breadcrumbs]PRELEGENT DR IN\u017b. ROBERT PIETRASIK HART-TECH Sp. z o.o., MANAGEMENT BOARD CEO AND A TECHNOLOGICAL DEPARTMENT HEAD DIRECTOR PhD. Eng. Robert Pietrasik successfully connects business with science. He is the Management Board CEO and a Technological Department Head Director in HART-TECH Sp. z o. o., and the adjunct at the Faculty of Material [&hellip;]<\/p>\n","protected":false},"author":2,"featured_media":0,"parent":0,"menu_order":0,"comment_status":"closed","ping_status":"closed","template":"","meta":{"_acf_changed":false,"_et_pb_use_builder":"on","_et_pb_old_content":"","_et_gb_content_width":"","footnotes":""},"class_list":["post-83837","page","type-page","status-publish"],"acf":[],"_links":{"self":[{"href":"https:\/\/www.secowarwick.com\/en\/wp-json\/wp\/v2\/pages\/83837","targetHints":{"allow":["GET"]}}],"collection":[{"href":"https:\/\/www.secowarwick.com\/en\/wp-json\/wp\/v2\/pages"}],"about":[{"href":"https:\/\/www.secowarwick.com\/en\/wp-json\/wp\/v2\/types\/page"}],"author":[{"embeddable":true,"href":"https:\/\/www.secowarwick.com\/en\/wp-json\/wp\/v2\/users\/2"}],"replies":[{"embeddable":true,"href":"https:\/\/www.secowarwick.com\/en\/wp-json\/wp\/v2\/comments?post=83837"}],"version-history":[{"count":1,"href":"https:\/\/www.secowarwick.com\/en\/wp-json\/wp\/v2\/pages\/83837\/revisions"}],"predecessor-version":[{"id":171824,"href":"https:\/\/www.secowarwick.com\/en\/wp-json\/wp\/v2\/pages\/83837\/revisions\/171824"}],"wp:attachment":[{"href":"https:\/\/www.secowarwick.com\/en\/wp-json\/wp\/v2\/media?parent=83837"}],"curies":[{"name":"wp","href":"https:\/\/api.w.org\/{rel}","templated":true}]}}