{"id":104619,"date":"2020-09-24T11:55:24","date_gmt":"2020-09-24T09:55:24","guid":{"rendered":"http:\/\/www.secowarwick.com\/seco-deals\/choose-the-right-ace-for-heat-treatment-have-the-ace-furnaces-to-win-the-game\/"},"modified":"2025-02-07T12:32:58","modified_gmt":"2025-02-07T11:32:58","slug":"wybierz-wlasciwego-asa-w-grze-obrobka-cieplna","status":"publish","type":"page","link":"https:\/\/www.secowarwick.com\/pl\/seco-deals-old\/wybierz-wlasciwego-asa-w-grze-obrobka-cieplna\/","title":{"rendered":"Wybierz w\u0142a\u015bciwego ASA obr\u00f3bki cieplnej. Twoj\u0105 zwyci\u0119sk\u0105 kart\u0105 w grze Obr\u00f3bka Cieplna jest piec SECO\/WARWICK."},"content":{"rendered":"<p>[et_pb_section fb_built=&#8221;1&#8243; _builder_version=&#8221;4.16&#8243; custom_margin=&#8221;0px||0px|&#8221; custom_padding=&#8221;0px||0px|&#8221; global_colors_info=&#8221;{}&#8221;][et_pb_row _builder_version=&#8221;4.16&#8243; background_size=&#8221;initial&#8221; background_position=&#8221;top_left&#8221; background_repeat=&#8221;repeat&#8221; global_colors_info=&#8221;{}&#8221;][et_pb_column type=&#8221;4_4&#8243; _builder_version=&#8221;4.16&#8243; custom_padding=&#8221;|||&#8221; global_colors_info=&#8221;{}&#8221; custom_padding__hover=&#8221;|||&#8221;][et_pb_image src=&#8221;https:\/\/www.secowarwick.com\/wp-content\/uploads\/2020\/09\/Playing_card_head_PL.jpg&#8221; align_tablet=&#8221;center&#8221; align_phone=&#8221;&#8221; align_last_edited=&#8221;on|desktop&#8221; _builder_version=&#8221;4.23.1&#8243; hover_enabled=&#8221;0&#8243; global_colors_info=&#8221;{}&#8221; alt=&#8221;karty&#8221; sticky_enabled=&#8221;0&#8243;][\/et_pb_image][et_pb_text _builder_version=&#8221;4.16&#8243; global_colors_info=&#8221;{}&#8221;]<\/p>\n<h3 style=\"text-align: center;\">SECO\/WARWICK jest graczem na rynku obr\u00f3bki cieplnej. Pe\u0142na talia to 52 piece, a sztuk\u0105 jest wyb\u00f3r najlepszego rozwi\u0105zania. Zagraj w\u0142a\u015bciwymi kartami, aby Tw\u00f3j biznes zaj\u0105\u0142 wysokie miejsce w rankingu.<\/h3>\n<p>&nbsp;<\/p>\n<p style=\"text-align: center;\"><img decoding=\"async\" class=\"alignnone size-full wp-image-104394\" src=\"https:\/\/www.secowarwick.com\/wp-content\/uploads\/2020\/09\/karta-1.png\" alt=\"\" width=\"27\" height=\"27\" \/><\/p>\n<p>[\/et_pb_text][\/et_pb_column][\/et_pb_row][\/et_pb_section][et_pb_section fb_built=&#8221;1&#8243; _builder_version=&#8221;4.16&#8243; custom_margin=&#8221;0px|||&#8221; custom_padding=&#8221;0px|||&#8221; global_colors_info=&#8221;{}&#8221;][et_pb_row column_structure=&#8221;1_2,1_2&#8243; custom_padding_last_edited=&#8221;on|phone&#8221; _builder_version=&#8221;4.16&#8243; custom_margin=&#8221;0px|||&#8221; custom_margin_tablet=&#8221;&#8221; custom_margin_phone=&#8221;0px||0px|&#8221; custom_margin_last_edited=&#8221;on|phone&#8221; custom_padding=&#8221;0px|||&#8221; custom_padding_tablet=&#8221;&#8221; custom_padding_phone=&#8221;0px||0px|&#8221; global_colors_info=&#8221;{}&#8221;][et_pb_column type=&#8221;1_2&#8243; _builder_version=&#8221;4.16&#8243; custom_padding=&#8221;|||&#8221; global_colors_info=&#8221;{}&#8221; custom_padding__hover=&#8221;|||&#8221;][et_pb_image src=&#8221;https:\/\/www.secowarwick.com\/wp-content\/uploads\/2020\/09\/SECOWARWICK_ACE_-4D-QUENCH_www1.jpg&#8221; show_in_lightbox=&#8221;on&#8221; align_tablet=&#8221;center&#8221; align_phone=&#8221;&#8221; align_last_edited=&#8221;on|desktop&#8221; disabled_on=&#8221;|on|on&#8221; _builder_version=&#8221;4.23.1&#8243; hover_enabled=&#8221;0&#8243; global_colors_info=&#8221;{}&#8221; alt=&#8221;karty&#8221; sticky_enabled=&#8221;0&#8243;][\/et_pb_image][et_pb_text admin_label=&#8221;4d&#8221; _builder_version=&#8221;4.16&#8243; custom_margin=&#8221;90px|||&#8221; custom_margin_tablet=&#8221;&#8221; custom_margin_phone=&#8221;25px|||&#8221; custom_margin_last_edited=&#8221;on|desktop&#8221; global_colors_info=&#8221;{}&#8221;]<\/p>\n<h2><span style=\"color: #dc291e;\">4D Quench\u00ae<\/span><\/h2>\n<p>4 kolory w talii, 4-wymiarowe hartowanie azotem.<\/p>\n<p>Zagraj ASEM \u2014 4D Quench\u00ae \u2014 i uzyskaj znacznie mniejsze odkszta\u0142cenia w por\u00f3wnaniu z hartowaniem w oleju, precyzyjne i powtarzalne wyniki oraz eliminacja oleju.<\/p>\n<p>&nbsp;<\/p>\n<p><a href='https:\/\/www.secowarwick.com\/pl\/produkty\/piece-prozniowe\/ucm-4d-quench-nowoczesna-alternatywa-dla-hartowania-w-prasach\/' class='small-button smallred'><span>Dowiedz si\u0119 wi\u0119cej &gt;&gt;&gt;\u00a0<\/span><\/a><br \/>\n[\/et_pb_text][\/et_pb_column][et_pb_column type=&#8221;1_2&#8243; _builder_version=&#8221;4.16&#8243; custom_padding=&#8221;|||&#8221; global_colors_info=&#8221;{}&#8221; custom_padding__hover=&#8221;|||&#8221;][et_pb_image src=&#8221;https:\/\/www.secowarwick.com\/wp-content\/uploads\/2020\/09\/SECOWARWICK_ACE_-4D-QUENCH_www1.jpg&#8221; show_in_lightbox=&#8221;on&#8221; show_bottom_space=&#8221;off&#8221; align_tablet=&#8221;center&#8221; align_phone=&#8221;&#8221; align_last_edited=&#8221;on|desktop&#8221; disabled_on=&#8221;on||&#8221; _builder_version=&#8221;4.23.1&#8243; hover_enabled=&#8221;0&#8243; global_colors_info=&#8221;{}&#8221; alt=&#8221;karty&#8221; sticky_enabled=&#8221;0&#8243;][\/et_pb_image][\/et_pb_column][\/et_pb_row][et_pb_row custom_padding_last_edited=&#8221;on|phone&#8221; _builder_version=&#8221;4.16&#8243; custom_margin_tablet=&#8221;&#8221; custom_margin_phone=&#8221;0px||0px|&#8221; custom_margin_last_edited=&#8221;on|phone&#8221; custom_padding_tablet=&#8221;&#8221; custom_padding_phone=&#8221;0px||0px|&#8221; global_colors_info=&#8221;{}&#8221;][et_pb_column type=&#8221;4_4&#8243; _builder_version=&#8221;4.16&#8243; custom_padding=&#8221;|||&#8221; global_colors_info=&#8221;{}&#8221; custom_padding__hover=&#8221;|||&#8221;][et_pb_image src=&#8221;https:\/\/www.secowarwick.com\/wp-content\/uploads\/2020\/09\/karta-2.png&#8221; align=&#8221;center&#8221; align_tablet=&#8221;center&#8221; align_phone=&#8221;&#8221; align_last_edited=&#8221;on|desktop&#8221; _builder_version=&#8221;4.23.1&#8243; hover_enabled=&#8221;0&#8243; global_colors_info=&#8221;{}&#8221; alt=&#8221;figura karciana&#8221; sticky_enabled=&#8221;0&#8243;][\/et_pb_image][\/et_pb_column][\/et_pb_row][et_pb_row column_structure=&#8221;1_2,1_2&#8243; custom_padding_last_edited=&#8221;on|phone&#8221; _builder_version=&#8221;4.16&#8243; custom_margin_tablet=&#8221;&#8221; custom_margin_phone=&#8221;0px||0px|&#8221; custom_margin_last_edited=&#8221;on|phone&#8221; custom_padding_tablet=&#8221;&#8221; custom_padding_phone=&#8221;0px||0px|&#8221; global_colors_info=&#8221;{}&#8221;][et_pb_column type=&#8221;1_2&#8243; _builder_version=&#8221;4.16&#8243; custom_padding=&#8221;|||&#8221; global_colors_info=&#8221;{}&#8221; custom_padding__hover=&#8221;|||&#8221;][et_pb_image src=&#8221;https:\/\/www.secowarwick.com\/wp-content\/uploads\/2020\/09\/SECOWARWICK_-ACE_-VECTOR_VACUUM-FURNACE_www2-2.jpg&#8221; show_in_lightbox=&#8221;on&#8221; align_tablet=&#8221;center&#8221; align_phone=&#8221;&#8221; align_last_edited=&#8221;on|desktop&#8221; disabled_on=&#8221;off|off|off&#8221; _builder_version=&#8221;4.23.1&#8243; hover_enabled=&#8221;0&#8243; global_colors_info=&#8221;{}&#8221; alt=&#8221;karty&#8221; sticky_enabled=&#8221;0&#8243;][\/et_pb_image][\/et_pb_column][et_pb_column type=&#8221;1_2&#8243; _builder_version=&#8221;4.16&#8243; custom_padding=&#8221;|||&#8221; global_colors_info=&#8221;{}&#8221; custom_padding__hover=&#8221;|||&#8221;][et_pb_text admin_label=&#8221;vector&#8221; _builder_version=&#8221;4.16&#8243; custom_margin=&#8221;60px|||&#8221; custom_margin_tablet=&#8221;&#8221; custom_margin_phone=&#8221;0px|||&#8221; custom_margin_last_edited=&#8221;on|phone&#8221; global_colors_info=&#8221;{}&#8221;]<\/p>\n<h2><span style=\"color: #dc291e;\">Vector<\/span><\/h2>\n<p>Vector HPGQ, ATUTOWA technologia zapewniaj\u0105ca WYSOK\u0104 r\u00f3wnomierno\u015b\u0107 rozk\u0142adu temperatur obrabianych cieplnie cz\u0119\u015bci, wysok\u0105 sp\u00f3jno\u015b\u0107 \u0142adunk\u00f3w roboczych oraz WYSOK\u0104 szybko\u015bci obr\u00f3bki wsadowej przy niskim zu\u017cyciu energii i gaz\u00f3w procesowych.<\/p>\n<p>Vector HPGQ mo\u017ce by\u0107 Tw\u00f3j w ci\u0105gu 3 tygodni!! Wybierz w\u0142a\u015bciwego ASA proces\u00f3w obr\u00f3bki cieplnej i wygraj z konkurencj\u0105.<\/p>\n<p>&nbsp;<\/p>\n<p><a href='https:\/\/www.secowarwick.com\/pl\/seco-deals\/vector-szybka-dostawa\/' class='small-button smallred'><span>Dowiedz si\u0119 wi\u0119cej &gt;&gt;&gt;\u00a0<\/span><\/a><br \/>\n[\/et_pb_text][\/et_pb_column][\/et_pb_row][et_pb_row custom_padding_last_edited=&#8221;on|phone&#8221; _builder_version=&#8221;4.16&#8243; custom_margin_tablet=&#8221;&#8221; custom_margin_phone=&#8221;||25px|&#8221; custom_margin_last_edited=&#8221;on|phone&#8221; custom_padding_tablet=&#8221;&#8221; custom_padding_phone=&#8221;||0px|&#8221; global_colors_info=&#8221;{}&#8221;][et_pb_column type=&#8221;4_4&#8243; _builder_version=&#8221;4.16&#8243; custom_padding=&#8221;|||&#8221; global_colors_info=&#8221;{}&#8221; custom_padding__hover=&#8221;|||&#8221;][et_pb_image src=&#8221;https:\/\/www.secowarwick.com\/wp-content\/uploads\/2020\/09\/karta-3.png&#8221; align=&#8221;center&#8221; align_tablet=&#8221;center&#8221; align_phone=&#8221;&#8221; align_last_edited=&#8221;on|desktop&#8221; _builder_version=&#8221;4.23.1&#8243; hover_enabled=&#8221;0&#8243; global_colors_info=&#8221;{}&#8221; alt=&#8221;figura karciana&#8221; sticky_enabled=&#8221;0&#8243;][\/et_pb_image][\/et_pb_column][\/et_pb_row][et_pb_row column_structure=&#8221;1_2,1_2&#8243; custom_padding_last_edited=&#8221;on|&#8221; _builder_version=&#8221;4.16&#8243; custom_margin_tablet=&#8221;&#8221; custom_margin_phone=&#8221;0px|||&#8221; custom_margin_last_edited=&#8221;on|phone&#8221; custom_padding=&#8221;0px|||&#8221; custom_padding_tablet=&#8221;&#8221; custom_padding_phone=&#8221;&#8221; global_colors_info=&#8221;{}&#8221;][et_pb_column type=&#8221;1_2&#8243; _builder_version=&#8221;4.16&#8243; custom_padding=&#8221;|||&#8221; global_colors_info=&#8221;{}&#8221; custom_padding__hover=&#8221;|||&#8221;][et_pb_image src=&#8221;https:\/\/www.secowarwick.com\/wp-content\/uploads\/2020\/09\/SECOWARWICK_-ACE_-PIT.jpg&#8221; align_tablet=&#8221;center&#8221; align_phone=&#8221;&#8221; align_last_edited=&#8221;on|desktop&#8221; disabled_on=&#8221;|on|on&#8221; _builder_version=&#8221;4.16&#8243; global_colors_info=&#8221;{}&#8221;][\/et_pb_image][et_pb_text admin_label=&#8221;pit&#8221; _builder_version=&#8221;4.16&#8243; custom_margin=&#8221;60px|||&#8221; custom_margin_tablet=&#8221;&#8221; custom_margin_phone=&#8221;25px|||&#8221; custom_margin_last_edited=&#8221;on|phone&#8221; global_colors_info=&#8221;{}&#8221;]<\/p>\n<h2><span style=\"color: #dc291e;\">Pit-LPC<\/span><\/h2>\n<p>Pit-LPC \u2013 nowoczesna alternatywa dla naw\u0119glania gazowego. Pit-LPC to AS redukcji koszt\u00f3w, troska o ekologi\u0119 i zwi\u0119kszenie wydajno\u015bci produkcji.<\/p>\n<p>Atutowy piec \u2014 jeste\u015b na niego got\u00f3w?<\/p>\n<p>&nbsp;<\/p>\n<p><a href='https:\/\/www.secowarwick.com\/pl\/produkty\/piece-prozniowe\/pit-lpc-prozniowy-piec-wglebny-przeznaczony-do-naweglania-grubych-warstw-dla-duzych-detali\/' class='small-button smallred'><span>Dowiedz si\u0119 wi\u0119cej &gt;&gt;&gt;&nbsp;<\/span><\/a><br \/>\n[\/et_pb_text][\/et_pb_column][et_pb_column type=&#8221;1_2&#8243; _builder_version=&#8221;4.16&#8243; custom_padding=&#8221;|||&#8221; global_colors_info=&#8221;{}&#8221; custom_padding__hover=&#8221;|||&#8221;][et_pb_image src=&#8221;https:\/\/www.secowarwick.com\/wp-content\/uploads\/2020\/09\/SECOWARWICK_-ACE_-PIT.jpg&#8221; align_tablet=&#8221;center&#8221; align_phone=&#8221;&#8221; align_last_edited=&#8221;on|desktop&#8221; disabled_on=&#8221;on||&#8221; _builder_version=&#8221;4.23.1&#8243; hover_enabled=&#8221;0&#8243; global_colors_info=&#8221;{}&#8221; alt=&#8221;karty&#8221; sticky_enabled=&#8221;0&#8243;][\/et_pb_image][\/et_pb_column][\/et_pb_row][et_pb_row custom_padding_last_edited=&#8221;on|&#8221; _builder_version=&#8221;4.16&#8243; custom_margin_tablet=&#8221;&#8221; custom_margin_phone=&#8221;0px||0px|&#8221; custom_margin_last_edited=&#8221;on|phone&#8221; custom_padding=&#8221;0px||0px|&#8221; custom_padding_tablet=&#8221;&#8221; custom_padding_phone=&#8221;&#8221; global_colors_info=&#8221;{}&#8221;][et_pb_column type=&#8221;4_4&#8243; _builder_version=&#8221;4.16&#8243; custom_padding=&#8221;|||&#8221; global_colors_info=&#8221;{}&#8221; custom_padding__hover=&#8221;|||&#8221;][et_pb_image src=&#8221;https:\/\/www.secowarwick.com\/wp-content\/uploads\/2020\/09\/karta-4.png&#8221; align=&#8221;center&#8221; align_tablet=&#8221;center&#8221; align_phone=&#8221;&#8221; align_last_edited=&#8221;on|desktop&#8221; _builder_version=&#8221;4.23.1&#8243; hover_enabled=&#8221;0&#8243; global_colors_info=&#8221;{}&#8221; alt=&#8221;figura karciana&#8221; sticky_enabled=&#8221;0&#8243;][\/et_pb_image][\/et_pb_column][\/et_pb_row][et_pb_row column_structure=&#8221;1_2,1_2&#8243; _builder_version=&#8221;4.16&#8243; global_colors_info=&#8221;{}&#8221;][et_pb_column type=&#8221;1_2&#8243; _builder_version=&#8221;4.16&#8243; custom_padding=&#8221;|||&#8221; global_colors_info=&#8221;{}&#8221; custom_padding__hover=&#8221;|||&#8221;][et_pb_image src=&#8221;https:\/\/www.secowarwick.com\/wp-content\/uploads\/2020\/09\/SECOWARWICK_ACE_-SUPER-IQ-INTEGRAL-QUENCH-FURNACE_www.jpg&#8221; show_in_lightbox=&#8221;on&#8221; align_tablet=&#8221;center&#8221; align_phone=&#8221;&#8221; align_last_edited=&#8221;on|desktop&#8221; disabled_on=&#8221;off||&#8221; _builder_version=&#8221;4.23.1&#8243; hover_enabled=&#8221;0&#8243; global_colors_info=&#8221;{}&#8221; alt=&#8221;karty&#8221; sticky_enabled=&#8221;0&#8243;][\/et_pb_image][\/et_pb_column][et_pb_column type=&#8221;1_2&#8243; _builder_version=&#8221;4.16&#8243; custom_padding=&#8221;|||&#8221; global_colors_info=&#8221;{}&#8221; custom_padding__hover=&#8221;|||&#8221;][et_pb_text admin_label=&#8221;iq&#8221; _builder_version=&#8221;4.16&#8243; custom_margin=&#8221;60px|||&#8221; custom_margin_tablet=&#8221;&#8221; custom_margin_phone=&#8221;25px|||&#8221; custom_margin_last_edited=&#8221;on|phone&#8221; global_colors_info=&#8221;{}&#8221;]<\/p>\n<h2><span style=\"color: #dc291e;\">Super IQ\u00ae<\/span><\/h2>\n<p>Prawdziwa rewolucja w obr\u00f3bce cieplnej zwi\u0119kszaj\u0105ca wydajno\u015b\u0107 procesu naw\u0119glania.<\/p>\n<p>Super IQ\u00ae to wszystkie ATUTY naw\u0119glania niskoci\u015bnieniowego bez dodatkowych koszt\u00f3w. Potrzebna wyj\u0105tkowa wydajno\u015b\u0107?<\/p>\n<p>&nbsp;<\/p>\n<p><a href='https:\/\/www.secowarwick.com\/pl\/produkty\/piece-do-obrobki-cieplnej-metali-w-atmosferach-atm\/super-iq-uniwersalny-piec-komorowy\/' class='small-button smallred'><span>Dowiedz si\u0119 wi\u0119cej &gt;&gt;&gt;\u00a0<\/span><\/a><br \/>\n[\/et_pb_text][\/et_pb_column][\/et_pb_row][et_pb_row _builder_version=&#8221;4.16&#8243; background_size=&#8221;initial&#8221; background_position=&#8221;top_left&#8221; background_repeat=&#8221;repeat&#8221; global_colors_info=&#8221;{}&#8221;][et_pb_column type=&#8221;4_4&#8243; _builder_version=&#8221;4.16&#8243; custom_padding=&#8221;|||&#8221; global_colors_info=&#8221;{}&#8221; custom_padding__hover=&#8221;|||&#8221;][et_pb_image src=&#8221;https:\/\/www.secowarwick.com\/wp-content\/uploads\/2020\/09\/karty.png&#8221; align=&#8221;center&#8221; align_tablet=&#8221;center&#8221; align_phone=&#8221;&#8221; align_last_edited=&#8221;on|desktop&#8221; _builder_version=&#8221;4.23.1&#8243; hover_enabled=&#8221;0&#8243; global_colors_info=&#8221;{}&#8221; alt=&#8221;figury karciane&#8221; sticky_enabled=&#8221;0&#8243;][\/et_pb_image][\/et_pb_column][\/et_pb_row][et_pb_row _builder_version=&#8221;4.16&#8243; custom_margin=&#8221;0px|||&#8221; custom_padding=&#8221;0px|||&#8221; global_colors_info=&#8221;{}&#8221;][et_pb_column type=&#8221;4_4&#8243; _builder_version=&#8221;4.16&#8243; custom_padding=&#8221;|||&#8221; global_colors_info=&#8221;{}&#8221; custom_padding__hover=&#8221;|||&#8221;][et_pb_text _builder_version=&#8221;4.16&#8243; background_color=&#8221;#ffffff&#8221; custom_margin=&#8221;||25px|&#8221; custom_padding=&#8221;||25px|&#8221; global_colors_info=&#8221;{}&#8221;]<\/p>\n<h3 style=\"text-align: center;\"><strong>ZAGRAJ TUTAJ<\/strong><br \/>\n<strong>Wybierz w\u0142a\u015bciwego ASA do gry Obr\u00f3bka Cieplna<\/strong><br \/>\n<strong>i <span style=\"color: #dc291e;\">SKONTAKTUJ SI\u0118 Z NAMI!<br \/>\n<\/span><\/strong><\/h3>\n<p>[\/et_pb_text][et_pb_code _builder_version=&#8221;4.10.3&#8243; _module_preset=&#8221;default&#8221; global_module=&#8221;123769&#8243; saved_tabs=&#8221;all&#8221; global_colors_info=&#8221;{}&#8221;]<!-- [et_pb_line_break_holder] --><pee style=\"text-align: center;\"><a class=\"small-button smallred\" style=\"font-size: 20px; padding: 20px 60px;\" href=\"https:\/\/www.secowarwick.com\/pl\/zapytaj-o-oferte\/\"><span style=\"display: block; transform: skew(15deg,0deg); -webkit-transform: skew(15deg,0deg); font-size: 20px; !important\">ZAPYTAJ O OFERT\u0118<\/span><\/a><\/pee>[\/et_pb_code][\/et_pb_column][\/et_pb_row][\/et_pb_section]<\/p>\n","protected":false},"excerpt":{"rendered":"<p>SECO\/WARWICK jest graczem na rynku obr\u00f3bki cieplnej. Pe\u0142na talia to 52 piece, a sztuk\u0105 jest wyb\u00f3r najlepszego rozwi\u0105zania. Zagraj w\u0142a\u015bciwymi kartami, aby Tw\u00f3j biznes zaj\u0105\u0142 wysokie miejsce w rankingu. &nbsp; 4D Quench\u00ae 4 kolory w talii, 4-wymiarowe hartowanie azotem. Zagraj ASEM \u2014 4D Quench\u00ae \u2014 i uzyskaj znacznie mniejsze odkszta\u0142cenia w por\u00f3wnaniu z hartowaniem w [&hellip;]<\/p>\n","protected":false},"author":2,"featured_media":0,"parent":84827,"menu_order":0,"comment_status":"closed","ping_status":"closed","template":"","meta":{"_acf_changed":false,"_et_pb_use_builder":"on","_et_pb_old_content":"","_et_gb_content_width":"","footnotes":""},"class_list":["post-104619","page","type-page","status-publish"],"acf":[],"_links":{"self":[{"href":"https:\/\/www.secowarwick.com\/pl\/wp-json\/wp\/v2\/pages\/104619","targetHints":{"allow":["GET"]}}],"collection":[{"href":"https:\/\/www.secowarwick.com\/pl\/wp-json\/wp\/v2\/pages"}],"about":[{"href":"https:\/\/www.secowarwick.com\/pl\/wp-json\/wp\/v2\/types\/page"}],"author":[{"embeddable":true,"href":"https:\/\/www.secowarwick.com\/pl\/wp-json\/wp\/v2\/users\/2"}],"replies":[{"embeddable":true,"href":"https:\/\/www.secowarwick.com\/pl\/wp-json\/wp\/v2\/comments?post=104619"}],"version-history":[{"count":3,"href":"https:\/\/www.secowarwick.com\/pl\/wp-json\/wp\/v2\/pages\/104619\/revisions"}],"predecessor-version":[{"id":171907,"href":"https:\/\/www.secowarwick.com\/pl\/wp-json\/wp\/v2\/pages\/104619\/revisions\/171907"}],"up":[{"embeddable":true,"href":"https:\/\/www.secowarwick.com\/pl\/wp-json\/wp\/v2\/pages\/84827"}],"wp:attachment":[{"href":"https:\/\/www.secowarwick.com\/pl\/wp-json\/wp\/v2\/media?parent=104619"}],"curies":[{"name":"wp","href":"https:\/\/api.w.org\/{rel}","templated":true}]}}