{"id":105494,"date":"2020-10-13T11:03:45","date_gmt":"2020-10-13T09:03:45","guid":{"rendered":"http:\/\/www.secowarwick.com\/ospolce\/seco-warwick-awarded-in-the-innovation-category\/"},"modified":"2025-02-07T12:34:19","modified_gmt":"2025-02-07T11:34:19","slug":"nagroda-dla-seco-warwick-w-kategorii-innowacyjnosci","status":"publish","type":"page","link":"https:\/\/www.secowarwick.com\/pl\/ospolce\/nagroda-dla-seco-warwick-w-kategorii-innowacyjnosci\/","title":{"rendered":"Nagroda dla SECO\/WARWICK w kategorii Innowacyjno\u015bci"},"content":{"rendered":"<p>[et_pb_section fb_built=&#8221;1&#8243; _builder_version=&#8221;4.16&#8243; global_colors_info=&#8221;{}&#8221;][et_pb_row _builder_version=&#8221;4.16&#8243; background_size=&#8221;initial&#8221; background_position=&#8221;top_left&#8221; background_repeat=&#8221;repeat&#8221; global_colors_info=&#8221;{}&#8221; column_structure=&#8221;1_2,1_2&#8243;][et_pb_column type=&#8221;1_2&#8243; _builder_version=&#8221;4.16&#8243; custom_padding=&#8221;|||&#8221; global_colors_info=&#8221;{}&#8221; custom_padding__hover=&#8221;|||&#8221;][et_pb_image src=&#8221;https:\/\/www.secowarwick.com\/wp-content\/uploads\/2020\/10\/nagroda_innowacyjnosci_2020.jpg&#8221; align_tablet=&#8221;center&#8221; align_last_edited=&#8221;on|desktop&#8221; _builder_version=&#8221;4.23.1&#8243; hover_enabled=&#8221;0&#8243; global_colors_info=&#8221;{}&#8221; alt=&#8221;Nagroda dla SECO\/WARWICK w kategorii Innowacyjno\u015bci&#8221; sticky_enabled=&#8221;0&#8243; align_phone=&#8221;center&#8221;][\/et_pb_image][\/et_pb_column][et_pb_column type=&#8221;1_2&#8243; _builder_version=&#8221;4.16&#8243; custom_padding=&#8221;|||&#8221; global_colors_info=&#8221;{}&#8221; custom_padding__hover=&#8221;|||&#8221;][et_pb_text _builder_version=&#8221;4.16&#8243; custom_margin=&#8221;150px|||&#8221; custom_margin_tablet=&#8221;&#8221; custom_margin_phone=&#8221;10px|||&#8221; custom_margin_last_edited=&#8221;on|phone&#8221; global_colors_info=&#8221;{}&#8221;]<\/p>\n<p style=\"text-align: justify;\">Innowacyjno\u015b\u0107 to jedna z naszych warto\u015bci. Zosta\u0142a ona dostrze\u017cona przez kapitu\u0142\u0119 konkursow\u0105 Forum Wizja Rozwoju. W gdy\u0144skim Teatrze Muzycznym przyznano III Nagrody Gospodarcze Forum Wizja Rozwoju w siedmiu kategoriach. Nagroda ta honoruje polskie przedsi\u0119biorstwa za znacz\u0105cy wk\u0142ad w rozw\u00f3j rodzimej gospodarki. I tak w kategorii &#8211; INNOWACYJNO\u015a\u0106 \u2013 nagroda dla firm mog\u0105cych pochwali\u0107 si\u0119 wi\u0119cej ni\u017c jednym innowacyjnym rozwi\u0105zaniem &#8211; na trzecim miejscu znalaz\u0142o si\u0119 SECO\/WARWICK.<\/p>\n<p>[\/et_pb_text][\/et_pb_column][\/et_pb_row][\/et_pb_section]<\/p>\n","protected":false},"excerpt":{"rendered":"<p>Innowacyjno\u015b\u0107 to jedna z naszych warto\u015bci. Zosta\u0142a ona dostrze\u017cona przez kapitu\u0142\u0119 konkursow\u0105 Forum Wizja Rozwoju. W gdy\u0144skim Teatrze Muzycznym przyznano III Nagrody Gospodarcze Forum Wizja Rozwoju w siedmiu kategoriach. Nagroda ta honoruje polskie przedsi\u0119biorstwa za znacz\u0105cy wk\u0142ad w rozw\u00f3j rodzimej gospodarki. I tak w kategorii &#8211; INNOWACYJNO\u015a\u0106 \u2013 nagroda dla firm mog\u0105cych pochwali\u0107 si\u0119 wi\u0119cej [&hellip;]<\/p>\n","protected":false},"author":2,"featured_media":0,"parent":6349,"menu_order":0,"comment_status":"closed","ping_status":"closed","template":"","meta":{"_acf_changed":false,"_et_pb_use_builder":"on","_et_pb_old_content":"","_et_gb_content_width":"","footnotes":""},"class_list":["post-105494","page","type-page","status-publish"],"acf":[],"_links":{"self":[{"href":"https:\/\/www.secowarwick.com\/pl\/wp-json\/wp\/v2\/pages\/105494","targetHints":{"allow":["GET"]}}],"collection":[{"href":"https:\/\/www.secowarwick.com\/pl\/wp-json\/wp\/v2\/pages"}],"about":[{"href":"https:\/\/www.secowarwick.com\/pl\/wp-json\/wp\/v2\/types\/page"}],"author":[{"embeddable":true,"href":"https:\/\/www.secowarwick.com\/pl\/wp-json\/wp\/v2\/users\/2"}],"replies":[{"embeddable":true,"href":"https:\/\/www.secowarwick.com\/pl\/wp-json\/wp\/v2\/comments?post=105494"}],"version-history":[{"count":2,"href":"https:\/\/www.secowarwick.com\/pl\/wp-json\/wp\/v2\/pages\/105494\/revisions"}],"predecessor-version":[{"id":171911,"href":"https:\/\/www.secowarwick.com\/pl\/wp-json\/wp\/v2\/pages\/105494\/revisions\/171911"}],"up":[{"embeddable":true,"href":"https:\/\/www.secowarwick.com\/pl\/wp-json\/wp\/v2\/pages\/6349"}],"wp:attachment":[{"href":"https:\/\/www.secowarwick.com\/pl\/wp-json\/wp\/v2\/media?parent=105494"}],"curies":[{"name":"wp","href":"https:\/\/api.w.org\/{rel}","templated":true}]}}