{"id":106038,"date":"2020-10-19T13:53:27","date_gmt":"2020-10-19T11:53:27","guid":{"rendered":"http:\/\/www.secowarwick.com\/seco-deals\/black-friday\/"},"modified":"2025-02-07T12:24:47","modified_gmt":"2025-02-07T11:24:47","slug":"specjalna-oferta-black-friday","status":"publish","type":"page","link":"https:\/\/www.secowarwick.com\/pl\/seco-deals-old\/specjalna-oferta-black-friday\/","title":{"rendered":"BLACK FRIDAY W SECO\/WARWICK!"},"content":{"rendered":"<p>[et_pb_section fb_built=&#8221;1&#8243; _builder_version=&#8221;4.16&#8243; custom_margin=&#8221;0px|||&#8221; custom_padding=&#8221;0px|||&#8221; global_colors_info=&#8221;{}&#8221;][et_pb_row _builder_version=&#8221;4.16&#8243; background_size=&#8221;initial&#8221; background_position=&#8221;top_left&#8221; background_repeat=&#8221;repeat&#8221; global_colors_info=&#8221;{}&#8221;][et_pb_column type=&#8221;4_4&#8243; _builder_version=&#8221;4.16&#8243; custom_padding=&#8221;|||&#8221; global_colors_info=&#8221;{}&#8221; custom_padding__hover=&#8221;|||&#8221;][et_pb_image src=&#8221;https:\/\/www.secowarwick.com\/wp-content\/uploads\/2021\/10\/Vacuum-furnaces-on-black-friday-2021.jpg&#8221; alt=&#8221;single chamber Vacuum Furnace&#8221; title_text=&#8221;Vacuum furnaces on black friday 2021&#8243; align_tablet=&#8221;center&#8221; align_phone=&#8221;&#8221; align_last_edited=&#8221;on|desktop&#8221; _builder_version=&#8221;4.16&#8243; animation_style=&#8221;slide&#8221; animation_direction=&#8221;bottom&#8221; hover_enabled=&#8221;0&#8243; global_colors_info=&#8221;{}&#8221; sticky_enabled=&#8221;0&#8243;][\/et_pb_image][et_pb_text _builder_version=&#8221;4.16&#8243; custom_margin=&#8221;40px|||&#8221; custom_margin_tablet=&#8221;&#8221; custom_margin_phone=&#8221;20px|||&#8221; custom_margin_last_edited=&#8221;on|phone&#8221; animation_style=&#8221;fade&#8221; global_colors_info=&#8221;{}&#8221;]<\/p>\n<p style=\"text-align: center;\"><strong><span style=\"font-size: 14pt;\"><span style=\"color: #000000;\">Black Friday, to:<br \/>\n<\/span><span style=\"color: #000000;\">OFERTA <span style=\"color: #dc291e;\">|<\/span> PRODUKT <span style=\"color: #dc291e;\">|<\/span> CENA <span style=\"color: #dc291e;\">|<\/span> WYSY\u0141KA<\/span><\/span><\/strong><\/p>\n<p style=\"text-align: center;\">Tak jak specjalne s\u0105 oferowane produkty i specjalny jeste\u015b Ty!<\/p>\n<p style=\"text-align: center;\">B\u0105d\u017a mistrzem okazji i kup piec SECO\/WARWICK w atrakcyjnej cenie.<\/p>\n<p style=\"text-align: center;\"><strong><span style=\"color: #000000; font-size: 14pt;\">Co mo\u017cesz zyska\u0107 kupuj\u0105c piec pr\u00f3\u017cniowy VECTOR w specjalnej ofercie BLACK FRIDAY SECO\/WARWICK:<\/span><\/strong><\/p>\n<p>[\/et_pb_text][\/et_pb_column][\/et_pb_row][et_pb_row column_structure=&#8221;1_3,1_3,1_3&#8243; module_class=&#8221;black-row&#8221; _builder_version=&#8221;4.16&#8243; global_colors_info=&#8221;{}&#8221;][et_pb_column type=&#8221;1_3&#8243; _builder_version=&#8221;4.16&#8243; custom_padding=&#8221;|||&#8221; global_colors_info=&#8221;{}&#8221; custom_padding__hover=&#8221;|||&#8221;][et_pb_text module_class=&#8221;black-notka&#8221; _builder_version=&#8221;4.16&#8243; global_colors_info=&#8221;{}&#8221;]<span style=\"font-size: 13pt; color: #000000;\"><strong>Przy\u015bpieszony<\/strong><br \/>\nczas dostawy<\/span><br \/>\n[\/et_pb_text][\/et_pb_column][et_pb_column type=&#8221;1_3&#8243; _builder_version=&#8221;4.16&#8243; custom_padding=&#8221;|||&#8221; global_colors_info=&#8221;{}&#8221; custom_padding__hover=&#8221;|||&#8221;][et_pb_text module_class=&#8221;black-notka&#8221; _builder_version=&#8221;4.16&#8243; global_colors_info=&#8221;{}&#8221;]<span style=\"font-size: 13pt; color: #000000;\"><strong>Zmniejszone <\/strong><br \/>\nkoszty przestoju<\/span><br \/>\n[\/et_pb_text][\/et_pb_column][et_pb_column type=&#8221;1_3&#8243; _builder_version=&#8221;4.16&#8243; custom_padding=&#8221;|||&#8221; global_colors_info=&#8221;{}&#8221; custom_padding__hover=&#8221;|||&#8221;][et_pb_text module_class=&#8221;black-notka&#8221; _builder_version=&#8221;4.16&#8243; global_colors_info=&#8221;{}&#8221;]<span style=\"font-size: 13pt; color: #000000;\"><strong>Zwi\u0119kszenie<\/strong><br \/>\nelastyczno\u015bci produkcji<\/span><br \/>\n[\/et_pb_text][\/et_pb_column][\/et_pb_row][et_pb_row column_structure=&#8221;1_2,1_2&#8243; module_class=&#8221;black-row2&#8243; _builder_version=&#8221;4.16&#8243; global_colors_info=&#8221;{}&#8221;][et_pb_column type=&#8221;1_2&#8243; _builder_version=&#8221;4.16&#8243; custom_padding=&#8221;|||&#8221; global_colors_info=&#8221;{}&#8221; custom_padding__hover=&#8221;|||&#8221;][et_pb_text module_class=&#8221;black-notka&#8221; _builder_version=&#8221;4.16&#8243; global_colors_info=&#8221;{}&#8221;]<\/p>\n<p><span style=\"font-size: 13pt; color: #000000;\"><strong>Zysk<\/strong><br \/>piec mo\u017ce by\u0107 Tw\u00f3j od zaraz<\/span><\/p>\n<p>[\/et_pb_text][\/et_pb_column][et_pb_column type=&#8221;1_2&#8243; _builder_version=&#8221;4.16&#8243; custom_padding=&#8221;|||&#8221; global_colors_info=&#8221;{}&#8221; custom_padding__hover=&#8221;|||&#8221;][et_pb_text module_class=&#8221;black-notka&#8221; _builder_version=&#8221;4.16&#8243; global_colors_info=&#8221;{}&#8221;]<span style=\"font-size: 13pt; color: #000000;\"><strong>Zachowanie <\/strong><br \/>\nci\u0105g\u0142o\u015bci procesu<\/span><br \/>\n[\/et_pb_text][\/et_pb_column][\/et_pb_row][et_pb_row _builder_version=&#8221;4.16&#8243; background_size=&#8221;initial&#8221; background_position=&#8221;top_left&#8221; background_repeat=&#8221;repeat&#8221; global_colors_info=&#8221;{}&#8221;][et_pb_column type=&#8221;4_4&#8243; _builder_version=&#8221;4.16&#8243; custom_padding=&#8221;|||&#8221; global_colors_info=&#8221;{}&#8221; custom_padding__hover=&#8221;|||&#8221;][et_pb_text _builder_version=&#8221;4.23.1&#8243; hover_enabled=&#8221;0&#8243; global_colors_info=&#8221;{}&#8221; sticky_enabled=&#8221;0&#8243;]<\/p>\n<p style=\"text-align: center;\"><a href=\"#skontaktuj\"><img decoding=\"async\" class=\"alignnone wp-image-101115 size-full\" src=\"https:\/\/www.secowarwick.com\/wp-content\/uploads\/2020\/08\/outsourcing_04-1.png\" alt=\"SKONTAKTUJ SI\u0118 Z NAMI\" width=\"401\" height=\"73\" srcset=\"https:\/\/www.secowarwick.com\/wp-content\/uploads\/2020\/08\/outsourcing_04-1.png 401w, https:\/\/www.secowarwick.com\/wp-content\/uploads\/2020\/08\/outsourcing_04-1-150x27.png 150w, https:\/\/www.secowarwick.com\/wp-content\/uploads\/2020\/08\/outsourcing_04-1-300x55.png 300w, https:\/\/www.secowarwick.com\/wp-content\/uploads\/2020\/08\/outsourcing_04-1-400x73.png 400w\" sizes=\"(max-width: 401px) 100vw, 401px\" \/><\/a><\/p>\n<p style=\"text-align: center;\">Urz\u0105dzenia specjalizowane i dedykowane pod szczeg\u00f3lne wymagania poszczeg\u00f3lnych rynk\u00f3w (USA lub UE), spe\u0142niaj\u0105ce wszystkie<br \/>lokalne normy i standardy. Compact lub Vector mo\u017ce by\u0107 teraz Tw\u00f3j!<\/p>\n<p>[\/et_pb_text][\/et_pb_column][\/et_pb_row][et_pb_row column_structure=&#8221;1_2,1_2&#8243; custom_padding_last_edited=&#8221;on|phone&#8221; _builder_version=&#8221;4.16&#8243; custom_margin_tablet=&#8221;&#8221; custom_margin_phone=&#8221;-30px|||&#8221; custom_margin_last_edited=&#8221;on|phone&#8221; custom_padding=&#8221;30px|||&#8221; custom_padding_tablet=&#8221;&#8221; custom_padding_phone=&#8221;0px|||&#8221; global_colors_info=&#8221;{}&#8221;][et_pb_column type=&#8221;1_2&#8243; _builder_version=&#8221;4.16&#8243; custom_padding=&#8221;|||&#8221; global_colors_info=&#8221;{}&#8221; custom_padding__hover=&#8221;|||&#8221;][et_pb_text _builder_version=&#8221;4.16&#8243; custom_css_main_element=&#8221;z-index: 9 !important;&#8221; global_colors_info=&#8221;{}&#8221;]<\/p>\n<h4 style=\"text-align: center;\"><strong><span style=\"color: #000000;\">BLACK FRIDAY<\/span><\/strong><br \/>\n<strong><span style=\"color: #000000;\">AMERYKA<\/span><\/strong><\/h4>\n<p>[\/et_pb_text][et_pb_image src=&#8221;https:\/\/www.secowarwick.com\/wp-content\/uploads\/2021\/10\/single-chamber-vector-on-black-friday-2021.jpg&#8221; alt=&#8221;single chamber Vacuum Furnace&#8221; title_text=&#8221;single chamber vector on black friday 2021&#8243; align_tablet=&#8221;center&#8221; align_phone=&#8221;&#8221; align_last_edited=&#8221;on|desktop&#8221; _builder_version=&#8221;4.16&#8243; custom_margin=&#8221;-42px|||&#8221; animation_style=&#8221;slide&#8221; animation_direction=&#8221;bottom&#8221; global_colors_info=&#8221;{}&#8221;][\/et_pb_image][et_pb_text _builder_version=&#8221;4.16&#8243; animation_style=&#8221;fade&#8221; animation_delay=&#8221;400ms&#8221; global_colors_info=&#8221;{}&#8221;]<\/p>\n<p style=\"text-align: center;\">Dedykowany na rynek ameryka\u0144ski<br \/>i spe\u0142niaj\u0105cy ameryka\u0144skie wymagania,<br \/>ekonomiczny piec pr\u00f3\u017cniowy.<\/p>\n<p>[\/et_pb_text][et_pb_code _builder_version=&#8221;4.16&#8243; _module_preset=&#8221;default&#8221; global_colors_info=&#8221;{}&#8221;]<center><\/p>\n<form id=\"l1\" method=\"get\" action=\"https:\/\/www.secovacusa.com\/product\/vector-single-chamber-high-pressure-gas-quench\"><!-- [et_pb_line_break_holder] -->\t<input type=\"submit\" value=\"PRZECZYTAJ SZCZEG\u00d3\u0141Y\" class=\"pl-vac-bfriday-pdf\"\/>  <!-- [et_pb_line_break_holder] --><\/form>\n<p><!-- [et_pb_line_break_holder] --><!-- [et_pb_line_break_holder] --><script><!-- [et_pb_line_break_holder] -->    const btnl1 = document.querySelector(\"#l1 input[type=submit]\");<!-- [et_pb_line_break_holder] -->  debugger;<!-- [et_pb_line_break_holder] -->    if (btnl1 && btnl1.addEventListener) {<!-- [et_pb_line_break_holder] -->        btnl1.addEventListener(\"click\", function () {<!-- [et_pb_line_break_holder] -->            window.lintrk('click', {conversion_id: 6227225});<!-- [et_pb_line_break_holder] -->        });<!-- [et_pb_line_break_holder] -->    }<!-- [et_pb_line_break_holder] -->  <\/script><\/center>[\/et_pb_code][\/et_pb_column][et_pb_column type=&#8221;1_2&#8243; _builder_version=&#8221;4.16&#8243; custom_padding=&#8221;|||&#8221; global_colors_info=&#8221;{}&#8221; custom_padding__hover=&#8221;|||&#8221;][et_pb_text _builder_version=&#8221;4.16&#8243; custom_margin_tablet=&#8221;&#8221; custom_margin_phone=&#8221;10px|||&#8221; custom_margin_last_edited=&#8221;on|phone&#8221; custom_css_main_element=&#8221;z-index: 99 !important;&#8221; global_colors_info=&#8221;{}&#8221;]<\/p>\n<h4 style=\"text-align: center;\"><span style=\"color: #000000;\"><strong>BLACK FRIDAY<br \/>\nEUROPA<\/strong><\/span><\/h4>\n<p>[\/et_pb_text][et_pb_image src=&#8221;https:\/\/www.secowarwick.com\/wp-content\/uploads\/2020\/10\/BF_Vector1.png&#8221; alt=&#8221;bogato wyposa\u017cony piec pr\u00f3\u017cniowy&#8221; align_tablet=&#8221;center&#8221; align_phone=&#8221;&#8221; align_last_edited=&#8221;on|desktop&#8221; _builder_version=&#8221;4.23.1&#8243; custom_margin=&#8221;-42px|||&#8221; animation_style=&#8221;slide&#8221; animation_direction=&#8221;bottom&#8221; global_colors_info=&#8221;{}&#8221;][\/et_pb_image][et_pb_text _builder_version=&#8221;4.16&#8243; animation_style=&#8221;fade&#8221; animation_delay=&#8221;400ms&#8221; global_colors_info=&#8221;{}&#8221;]<\/p>\n<p style=\"text-align: center;\">Popularny w Europie<br \/>bogato wyposa\u017cony piec pr\u00f3\u017cniowy<br \/>z najwy\u017cszej p\u00f3\u0142ki<\/p>\n<p>[\/et_pb_text][et_pb_text _builder_version=&#8221;4.16&#8243; animation_style=&#8221;fade&#8221; animation_delay=&#8221;400ms&#8221; global_colors_info=&#8221;{}&#8221;]<\/p>\n<p style=\"text-align: center;\"><a class=\"bfriday-pdf black-pdf-friday-pl\" href=\"https:\/\/www.secowarwick.com\/wp-content\/uploads\/2021\/10\/BlackFriday_FurnacesForSale_2021-1.pdf\" target=\"_blank\" rel=\"noopener\">PRZECZYTAJ SZCZEG\u00d3\u0141Y<\/a><\/p>\n<p>[\/et_pb_text][\/et_pb_column][\/et_pb_row][et_pb_row module_id=&#8221;skontaktuj&#8221; _builder_version=&#8221;4.16&#8243; global_colors_info=&#8221;{}&#8221;][et_pb_column type=&#8221;4_4&#8243; _builder_version=&#8221;4.16&#8243; custom_padding=&#8221;|||&#8221; global_colors_info=&#8221;{}&#8221; custom_padding__hover=&#8221;|||&#8221;][et_pb_code _builder_version=&#8221;4.10.3&#8243; _module_preset=&#8221;default&#8221; global_module=&#8221;123769&#8243; saved_tabs=&#8221;all&#8221; global_colors_info=&#8221;{}&#8221;]<!-- [et_pb_line_break_holder] --><pee style=\"text-align: center;\"><a class=\"small-button smallred\" style=\"font-size: 20px; padding: 20px 60px;\" href=\"https:\/\/www.secowarwick.com\/pl\/zapytaj-o-oferte\/\"><span style=\"display: block; transform: skew(15deg,0deg); -webkit-transform: skew(15deg,0deg); font-size: 20px; !important\">ZAPYTAJ O OFERT\u0118<\/span><\/a><\/pee>[\/et_pb_code][\/et_pb_column][\/et_pb_row][\/et_pb_section]<\/p>\n","protected":false},"excerpt":{"rendered":"<p>Black Friday, to: OFERTA | PRODUKT | CENA | WYSY\u0141KA Tak jak specjalne s\u0105 oferowane produkty i specjalny jeste\u015b Ty! B\u0105d\u017a mistrzem okazji i kup piec SECO\/WARWICK w atrakcyjnej cenie. Co mo\u017cesz zyska\u0107 kupuj\u0105c piec pr\u00f3\u017cniowy VECTOR w specjalnej ofercie BLACK FRIDAY SECO\/WARWICK: Przy\u015bpieszony czas dostawy Zmniejszone koszty przestoju Zwi\u0119kszenie elastyczno\u015bci produkcji Zyskpiec mo\u017ce by\u0107 [&hellip;]<\/p>\n","protected":false},"author":2,"featured_media":0,"parent":84827,"menu_order":0,"comment_status":"closed","ping_status":"closed","template":"","meta":{"_acf_changed":false,"_et_pb_use_builder":"on","_et_pb_old_content":"","_et_gb_content_width":"","footnotes":""},"class_list":["post-106038","page","type-page","status-publish"],"acf":[],"_links":{"self":[{"href":"https:\/\/www.secowarwick.com\/pl\/wp-json\/wp\/v2\/pages\/106038","targetHints":{"allow":["GET"]}}],"collection":[{"href":"https:\/\/www.secowarwick.com\/pl\/wp-json\/wp\/v2\/pages"}],"about":[{"href":"https:\/\/www.secowarwick.com\/pl\/wp-json\/wp\/v2\/types\/page"}],"author":[{"embeddable":true,"href":"https:\/\/www.secowarwick.com\/pl\/wp-json\/wp\/v2\/users\/2"}],"replies":[{"embeddable":true,"href":"https:\/\/www.secowarwick.com\/pl\/wp-json\/wp\/v2\/comments?post=106038"}],"version-history":[{"count":15,"href":"https:\/\/www.secowarwick.com\/pl\/wp-json\/wp\/v2\/pages\/106038\/revisions"}],"predecessor-version":[{"id":171899,"href":"https:\/\/www.secowarwick.com\/pl\/wp-json\/wp\/v2\/pages\/106038\/revisions\/171899"}],"up":[{"embeddable":true,"href":"https:\/\/www.secowarwick.com\/pl\/wp-json\/wp\/v2\/pages\/84827"}],"wp:attachment":[{"href":"https:\/\/www.secowarwick.com\/pl\/wp-json\/wp\/v2\/media?parent=106038"}],"curies":[{"name":"wp","href":"https:\/\/api.w.org\/{rel}","templated":true}]}}