{"id":108028,"date":"2020-11-17T11:24:20","date_gmt":"2020-11-17T10:24:20","guid":{"rendered":"http:\/\/www.secowarwick.com\/produkty\/piece-prozniowe\/pit-lpc-prozniowy-piec-wglebny-przeznaczony-do-naweglania-grubych-warstw-dla-duzych-detali\/carburize-in-a-vacuum-pit-furnace\/"},"modified":"2025-02-07T12:27:41","modified_gmt":"2025-02-07T11:27:41","slug":"naweglanie-w-piecu-wglebnym","status":"publish","type":"page","link":"https:\/\/www.secowarwick.com\/pl\/produkty\/piece-prozniowe\/pit-lpc-prozniowy-piec-wglebny-przeznaczony-do-naweglania-grubych-warstw-dla-duzych-detali\/naweglanie-w-piecu-wglebnym\/","title":{"rendered":"How to carburize thick layers in a vacuum pit furnace?"},"content":{"rendered":"<p>[et_pb_section fb_built=&#8221;1&#8243; _builder_version=&#8221;4.16&#8243; global_colors_info=&#8221;{}&#8221;][et_pb_row module_class=&#8221;pitlpc-column-dark&#8221; _builder_version=&#8221;4.16&#8243; background_image=&#8221;https:\/\/www.secowarwick.com\/wp-content\/uploads\/2020\/11\/pitlpc-header-1.jpg&#8221; custom_margin=&#8221;||45px|&#8221; custom_margin_tablet=&#8221;&#8221; custom_margin_phone=&#8221;45px||45px|&#8221; custom_margin_last_edited=&#8221;on|phone&#8221; custom_padding=&#8221;||45px|&#8221; global_colors_info=&#8221;{}&#8221;][et_pb_column type=&#8221;4_4&#8243; _builder_version=&#8221;4.16&#8243; custom_padding=&#8221;|||&#8221; global_colors_info=&#8221;{}&#8221; custom_padding__hover=&#8221;|||&#8221;][et_pb_text module_class=&#8221;pitlpc-tytul-dark&#8221; _builder_version=&#8221;4.16&#8243; text_text_color=&#8221;rgba(255,255,255,0.75)&#8221; header_font=&#8221;|800||on|||||&#8221; header_text_align=&#8221;center&#8221; header_text_color=&#8221;#ffffff&#8221; header_font_size=&#8221;50px&#8221; background_layout=&#8221;dark&#8221; custom_margin_tablet=&#8221;&#8221; custom_margin_phone=&#8221;45px|||&#8221; custom_margin_last_edited=&#8221;on|phone&#8221; custom_padding=&#8221;120px||100px|&#8221; custom_padding_tablet=&#8221;&#8221; custom_padding_phone=&#8221;60px||40px|&#8221; custom_padding_last_edited=&#8221;on|phone&#8221; header_font_size_tablet=&#8221;&#8221; header_font_size_phone=&#8221;35px&#8221; header_font_size_last_edited=&#8221;on|phone&#8221; global_colors_info=&#8221;{}&#8221;]<\/p>\n<p style=\"text-align: center;\"><span style=\"font-size: 18pt;\">CZY WIESZ<\/span><\/p>\n<h1 class=\"pitlpc-landing-title\" style=\"text-align: center;\">Jak naw\u0119gla\u0107 grube warstwy w piecu pr\u00f3\u017cniowym?<\/h1>\n<p>&nbsp;<\/p>\n<p style=\"text-align: center;\">www.secowarwick.com<\/p>\n<p>[\/et_pb_text][\/et_pb_column][\/et_pb_row][et_pb_row _builder_version=&#8221;4.16&#8243; background_size=&#8221;initial&#8221; background_position=&#8221;top_left&#8221; background_repeat=&#8221;repeat&#8221; global_colors_info=&#8221;{}&#8221;][et_pb_column type=&#8221;4_4&#8243; _builder_version=&#8221;4.16&#8243; custom_padding=&#8221;|||&#8221; global_colors_info=&#8221;{}&#8221; custom_padding__hover=&#8221;|||&#8221;][et_pb_image src=&#8221;https:\/\/www.secowarwick.com\/wp-content\/uploads\/2020\/11\/Carburizing_PL.png&#8221; align=&#8221;center&#8221; align_tablet=&#8221;center&#8221; align_last_edited=&#8221;on|desktop&#8221; _builder_version=&#8221;4.23.1&#8243; custom_padding=&#8221;||35px|&#8221; hover_enabled=&#8221;0&#8243; custom_css_main_element=&#8221;max-width: 700px;&#8221; global_colors_info=&#8221;{}&#8221; alt=&#8221;Schemat&#8221; sticky_enabled=&#8221;0&#8243; align_phone=&#8221;center&#8221;][\/et_pb_image][\/et_pb_column][\/et_pb_row][et_pb_row module_class=&#8221;pitlpc-column-dark&#8221; _builder_version=&#8221;4.16&#8243; background_color=&#8221;#252b2a&#8221; global_colors_info=&#8221;{}&#8221;][et_pb_column type=&#8221;4_4&#8243; _builder_version=&#8221;4.16&#8243; custom_padding=&#8221;|||&#8221; global_colors_info=&#8221;{}&#8221; custom_padding__hover=&#8221;|||&#8221;][et_pb_text admin_label=&#8221;1&#8243; module_class=&#8221;pitlpc-tytul-dark&#8221; _builder_version=&#8221;4.16&#8243; global_colors_info=&#8221;{}&#8221;]<\/p>\n<h2><span style=\"color: #dc291e;\"><strong>1.\u00a0<\/strong><\/span>Zbierz elementy, kt\u00f3re chcesz naw\u0119gla\u0107 na zadanej grubo\u015bci warstwy<\/h2>\n<p>[\/et_pb_text][et_pb_blurb image=&#8221;https:\/\/www.secowarwick.com\/wp-content\/uploads\/2020\/11\/1.gif&#8221; module_class=&#8221;pitlpc-notka&#8221; _builder_version=&#8221;4.23.1&#8243; hover_enabled=&#8221;0&#8243; global_colors_info=&#8221;{}&#8221; alt=&#8221;Zbierz elementy, kt\u00f3re chcesz naw\u0119gla\u0107 na zadanej grubo\u015bci warstwy&#8221; sticky_enabled=&#8221;0&#8243;]<\/p>\n<ul>\n<li>Dok\u0142adnie oczy\u015b\u0107 cz\u0119\u015bci i usu\u0144 wszelkie pozosta\u0142o\u015bci po obr\u00f3bce<\/li>\n<li>Oszacuj powierzchni\u0119 swoich cz\u0119\u015bci za pomoc\u0105 przyjaznego dla u\u017cytkownika oprogramowania S\/W<\/li>\n<li>Umie\u015b\u0107 cz\u0119\u015bci na dedykowanym oprzyrz\u0105dowaniu, upewnij si\u0119, \u017ce oprzyrz\u0105dowanie jest przystosowane do podwy\u017cszonych temperatur<\/li>\n<\/ul>\n<p>[\/et_pb_blurb][\/et_pb_column][\/et_pb_row][et_pb_row module_class=&#8221;pitlpc-dark-kreska-row&#8221; _builder_version=&#8221;4.16&#8243; global_colors_info=&#8221;{}&#8221;][et_pb_column type=&#8221;4_4&#8243; _builder_version=&#8221;4.16&#8243; custom_padding=&#8221;|||&#8221; global_colors_info=&#8221;{}&#8221; custom_padding__hover=&#8221;|||&#8221;][et_pb_image src=&#8221;https:\/\/www.secowarwick.com\/wp-content\/uploads\/2020\/11\/pit-kreska.png&#8221; align=&#8221;center&#8221; align_tablet=&#8221;center&#8221; align_last_edited=&#8221;on|desktop&#8221; module_class=&#8221;pitlpc-dark-kreska&#8221; _builder_version=&#8221;4.23.1&#8243; hover_enabled=&#8221;0&#8243; global_colors_info=&#8221;{}&#8221; alt=&#8221;kreska&#8221; sticky_enabled=&#8221;0&#8243; align_phone=&#8221;center&#8221;][\/et_pb_image][\/et_pb_column][\/et_pb_row][et_pb_row module_class=&#8221;pitlpc-column-dark&#8221; _builder_version=&#8221;4.16&#8243; global_colors_info=&#8221;{}&#8221;][et_pb_column type=&#8221;4_4&#8243; _builder_version=&#8221;4.16&#8243; custom_padding=&#8221;|||&#8221; global_colors_info=&#8221;{}&#8221; custom_padding__hover=&#8221;|||&#8221;][et_pb_text admin_label=&#8221;2&#8243; module_id=&#8221;pitlpc-light&#8221; module_class=&#8221;pitlpc-tytul-dark&#8221; _builder_version=&#8221;4.16&#8243; global_colors_info=&#8221;{}&#8221;]<\/p>\n<h2><span style=\"color: #dc291e;\"><strong>2.<\/strong><\/span> Przygotuj sw\u00f3j piec<\/h2>\n<p>[\/et_pb_text][et_pb_blurb image=&#8221;https:\/\/www.secowarwick.com\/wp-content\/uploads\/2020\/11\/21.gif&#8221; module_id=&#8221;pitlpc-notka-light&#8221; module_class=&#8221;pitlpc-notka&#8221; _builder_version=&#8221;4.23.1&#8243; hover_enabled=&#8221;0&#8243; global_colors_info=&#8221;{}&#8221; alt=&#8221;Przygotuj sw\u00f3j piec&#8221; sticky_enabled=&#8221;0&#8243;]<\/p>\n<ul>\n<li>Upewnij si\u0119, \u017ce piec by\u0142 dobrze utrzymywany zgodnie z instrukcj\u0105 obs\u0142ugi<\/li>\n<li>Sprawd\u017a, czy media s\u0105 pod\u0142\u0105czone i dost\u0119pne (nie potrzebujesz do tego endogeneratora, wystarczy mieszanina na bazie acetylenu)<\/li>\n<li>Wybierz odpowiedni\u0105 receptur\u0119, naw\u0119glanie pr\u00f3\u017cniowe mo\u017ce pom\u00f3c w uzyskaniu znacznych oszcz\u0119dno\u015bci czasu procesu<\/li>\n<li>Piec nie wymaga kondycjonowania, mo\u017cesz uruchomi\u0107 piec pr\u00f3\u017cniowy na \u017c\u0105danie, kiedy tego potrzebujesz<\/li>\n<\/ul>\n<p>[\/et_pb_blurb][\/et_pb_column][\/et_pb_row][et_pb_row module_class=&#8221;pitlpc-column-dark&#8221; _builder_version=&#8221;4.16&#8243; background_color=&#8221;#252b2a&#8221; global_colors_info=&#8221;{}&#8221;][et_pb_column type=&#8221;4_4&#8243; _builder_version=&#8221;4.16&#8243; custom_padding=&#8221;|||&#8221; global_colors_info=&#8221;{}&#8221; custom_padding__hover=&#8221;|||&#8221;][et_pb_text admin_label=&#8221;3 dark&#8221; module_class=&#8221;pitlpc-tytul-dark&#8221; _builder_version=&#8221;4.16&#8243; global_colors_info=&#8221;{}&#8221;]<\/p>\n<h2><span style=\"color: #dc291e;\"><strong>3.<\/strong><\/span> Za\u0142aduj cz\u0119\u015bci do pieca<\/h2>\n<p>[\/et_pb_text][et_pb_blurb image=&#8221;https:\/\/www.secowarwick.com\/wp-content\/uploads\/2020\/11\/2-1.gif&#8221; module_class=&#8221;pitlpc-notka&#8221; _builder_version=&#8221;4.23.1&#8243; hover_enabled=&#8221;0&#8243; global_colors_info=&#8221;{}&#8221; alt=&#8221;Za\u0142aduj cz\u0119\u015bci do pieca&#8221; sticky_enabled=&#8221;0&#8243;]<\/p>\n<ul>\n<li>Otw\u00f3rz piec (uwa\u017caj na wysok\u0105 temperatur\u0119 przy otwieraniu)<\/li>\n<li>U\u017cyj suwnicy do za\u0142adowania oprzyrz\u0105dowania z cz\u0119\u015bciami do pieca (mo\u017cna to zrealizowa\u0107 w trybie automatycznym)<\/li>\n<li>Zamknij piec<\/li>\n<\/ul>\n<p>[\/et_pb_blurb][\/et_pb_column][\/et_pb_row][et_pb_row module_class=&#8221;pitlpc-dark-kreska-row&#8221; _builder_version=&#8221;4.16&#8243; global_colors_info=&#8221;{}&#8221;][et_pb_column type=&#8221;4_4&#8243; _builder_version=&#8221;4.16&#8243; custom_padding=&#8221;|||&#8221; global_colors_info=&#8221;{}&#8221; custom_padding__hover=&#8221;|||&#8221;][et_pb_image src=&#8221;https:\/\/www.secowarwick.com\/wp-content\/uploads\/2020\/11\/pit-kreska.png&#8221; align=&#8221;center&#8221; align_tablet=&#8221;center&#8221; align_last_edited=&#8221;on|desktop&#8221; module_class=&#8221;pitlpc-dark-kreska&#8221; _builder_version=&#8221;4.23.1&#8243; hover_enabled=&#8221;0&#8243; global_colors_info=&#8221;{}&#8221; alt=&#8221;kreska&#8221; sticky_enabled=&#8221;0&#8243; align_phone=&#8221;center&#8221;][\/et_pb_image][\/et_pb_column][\/et_pb_row][et_pb_row module_class=&#8221;pitlpc-column-dark&#8221; _builder_version=&#8221;4.16&#8243; global_colors_info=&#8221;{}&#8221;][et_pb_column type=&#8221;4_4&#8243; _builder_version=&#8221;4.16&#8243; custom_padding=&#8221;|||&#8221; global_colors_info=&#8221;{}&#8221; custom_padding__hover=&#8221;|||&#8221;][et_pb_text admin_label=&#8221;4 light&#8221; module_id=&#8221;pitlpc-light&#8221; module_class=&#8221;pitlpc-tytul-dark&#8221; _builder_version=&#8221;4.16&#8243; global_colors_info=&#8221;{}&#8221;]<\/p>\n<h2><span style=\"color: #dc291e;\"><strong>4.<\/strong><\/span> Rozpocznij proces<\/h2>\n<p>[\/et_pb_text][et_pb_blurb image=&#8221;https:\/\/www.secowarwick.com\/wp-content\/uploads\/2020\/11\/4.gif&#8221; module_id=&#8221;pitlpc-notka-light&#8221; module_class=&#8221;pitlpc-notka&#8221; _builder_version=&#8221;4.23.1&#8243; hover_enabled=&#8221;0&#8243; global_colors_info=&#8221;{}&#8221; alt=&#8221;Rozpocznij proces&#8221; sticky_enabled=&#8221;0&#8243;]<\/p>\n<ul>\n<li>Rozpocznij proces za pomoc\u0105 wbudowanego interfejsu HMI w szafie sterowniczej pieca lub u\u017cyj zdalnej stacji obs\u0142ugi systemu SCADA<\/li>\n<li>System sterowania pieca pr\u00f3\u017cniowego pozwala na przechowywanie tysi\u0119cy receptur w bazie danych z natychmiastowym dost\u0119pem<\/li>\n<\/ul>\n<p>[\/et_pb_blurb][\/et_pb_column][\/et_pb_row][et_pb_row module_class=&#8221;pitlpc-column-dark&#8221; _builder_version=&#8221;4.16&#8243; background_color=&#8221;#252b2a&#8221; global_colors_info=&#8221;{}&#8221;][et_pb_column type=&#8221;4_4&#8243; _builder_version=&#8221;4.16&#8243; custom_padding=&#8221;|||&#8221; global_colors_info=&#8221;{}&#8221; custom_padding__hover=&#8221;|||&#8221;][et_pb_text admin_label=&#8221;5 dark&#8221; module_class=&#8221;pitlpc-tytul-dark&#8221; _builder_version=&#8221;4.16&#8243; global_colors_info=&#8221;{}&#8221;]<\/p>\n<h2><span style=\"color: #dc291e;\"><strong>5.<\/strong><\/span> Obserwuj i kontroluj piec i proces<\/h2>\n<p>[\/et_pb_text][et_pb_blurb image=&#8221;https:\/\/www.secowarwick.com\/wp-content\/uploads\/2020\/11\/5.gif&#8221; module_class=&#8221;pitlpc-notka&#8221; _builder_version=&#8221;4.23.1&#8243; hover_enabled=&#8221;0&#8243; global_colors_info=&#8221;{}&#8221; alt=&#8221;Obserwuj i kontroluj piec i proces&#8221; sticky_enabled=&#8221;0&#8243;]<\/p>\n<ul>\n<li>Praca pieca podczas procesu obr\u00f3bki cieplnej jest w pe\u0142ni zautomatyzowana i kontrolowana przez najnowocze\u015bniejszy sterownik PLC z wbudowanymi modu\u0142ami bezpiecze\u0144stwa<\/li>\n<li>Mimo to rozs\u0105dne jest okresowe kontrolowanie pracy pieca za pomoc\u0105 HMI w szafie sterowniczej lub korzystaj\u0105c ze zdalnego dost\u0119pu (nawet z urz\u0105dze\u0144 mobilnych)<\/li>\n<li>Funkcje konserwacji zapobiegawczej (preventive maintenance) zapewniaj\u0105 wgl\u0105d w ka\u017cdy kluczowy podzesp\u00f3\u0142 pieca<\/li>\n<li>Mo\u017cliwo\u015b\u0107 przechowywania danych w chmurze daje nieograniczone mo\u017cliwo\u015bci archiwizowania i zabezpieczania plik\u00f3w<\/li>\n<\/ul>\n<p>[\/et_pb_blurb][\/et_pb_column][\/et_pb_row][et_pb_row module_class=&#8221;pitlpc-dark-kreska-row&#8221; _builder_version=&#8221;4.16&#8243; global_colors_info=&#8221;{}&#8221;][et_pb_column type=&#8221;4_4&#8243; _builder_version=&#8221;4.16&#8243; custom_padding=&#8221;|||&#8221; global_colors_info=&#8221;{}&#8221; custom_padding__hover=&#8221;|||&#8221;][et_pb_image src=&#8221;https:\/\/www.secowarwick.com\/wp-content\/uploads\/2020\/11\/pit-kreska.png&#8221; align=&#8221;center&#8221; align_tablet=&#8221;center&#8221; align_last_edited=&#8221;on|desktop&#8221; module_class=&#8221;pitlpc-dark-kreska&#8221; _builder_version=&#8221;4.23.1&#8243; hover_enabled=&#8221;0&#8243; global_colors_info=&#8221;{}&#8221; alt=&#8221;kreska&#8221; sticky_enabled=&#8221;0&#8243; align_phone=&#8221;center&#8221;][\/et_pb_image][\/et_pb_column][\/et_pb_row][et_pb_row module_class=&#8221;pitlpc-column-dark&#8221; _builder_version=&#8221;4.16&#8243; global_colors_info=&#8221;{}&#8221;][et_pb_column type=&#8221;4_4&#8243; _builder_version=&#8221;4.16&#8243; custom_padding=&#8221;|||&#8221; global_colors_info=&#8221;{}&#8221; custom_padding__hover=&#8221;|||&#8221;][et_pb_text admin_label=&#8221;6 light&#8221; module_id=&#8221;pitlpc-light&#8221; module_class=&#8221;pitlpc-tytul-dark&#8221; _builder_version=&#8221;4.16&#8243; global_colors_info=&#8221;{}&#8221;]<\/p>\n<h2><span style=\"color: #dc291e;\"><strong>6.<\/strong><\/span> Otw\u00f3rz piec i zahartuj* cz\u0119\u015bci<\/h2>\n<p>[\/et_pb_text][et_pb_blurb image=&#8221;https:\/\/www.secowarwick.com\/wp-content\/uploads\/2020\/11\/6.gif&#8221; module_id=&#8221;pitlpc-notka-light&#8221; module_class=&#8221;pitlpc-notka&#8221; _builder_version=&#8221;4.23.1&#8243; hover_enabled=&#8221;0&#8243; global_colors_info=&#8221;{}&#8221; alt=&#8221;Otw\u00f3rz piec i zahartuj* cz\u0119\u015bci&#8221; sticky_enabled=&#8221;0&#8243;]<\/p>\n<ul>\n<li>Otw\u00f3rz piec (uwaga: 1050 \u00b0C to naprawd\u0119 gor\u0105co)<\/li>\n<li>Tak, m\u00f3wimy o otwarciu pieca pr\u00f3\u017cniowego z naw\u0119glaniem niskoci\u015bnieniowym na gor\u0105co, to mo\u017cliwe<\/li>\n<li>U\u017cyj suwnicy do podniesienia oprzyrz\u0105dowania z cz\u0119\u015bciami (mo\u017cna to wykona\u0107 w trybie automatycznym) i umie\u015b\u0107 je w k\u0105pieli hartowniczej * je\u015bli nie chcesz hartowa\u0107 cz\u0119\u015bci, mo\u017cesz je sch\u0142odzi\u0107 w piecu za pomoc\u0105 jego wewn\u0119trznego systemu ch\u0142odzenia<\/li>\n<li>Za\u0142aduj kolejny wsad lub wy\u0142\u0105cz piec (nie musisz utrzymywa\u0107 pieca na temperaturze, je\u015bli nie jest u\u017cywany)<\/li>\n<\/ul>\n<p>[\/et_pb_blurb][\/et_pb_column][\/et_pb_row][et_pb_row module_class=&#8221;pitlpc-column-dark&#8221; _builder_version=&#8221;4.16&#8243; background_color=&#8221;#252b2a&#8221; global_colors_info=&#8221;{}&#8221;][et_pb_column type=&#8221;4_4&#8243; _builder_version=&#8221;4.16&#8243; custom_padding=&#8221;|||&#8221; global_colors_info=&#8221;{}&#8221; custom_padding__hover=&#8221;|||&#8221;][et_pb_text admin_label=&#8221;7 dark&#8221; module_class=&#8221;pitlpc-tytul-dark&#8221; _builder_version=&#8221;4.16&#8243; global_colors_info=&#8221;{}&#8221;]<\/p>\n<h2><span style=\"color: #dc291e;\"><strong>7.<\/strong><\/span>\u00a0Umyj cz\u0119\u015bci<\/h2>\n<p>[\/et_pb_text][et_pb_blurb image=&#8221;https:\/\/www.secowarwick.com\/wp-content\/uploads\/2020\/11\/7.gif&#8221; module_class=&#8221;pitlpc-notka&#8221; _builder_version=&#8221;4.23.1&#8243; hover_enabled=&#8221;0&#8243; global_colors_info=&#8221;{}&#8221; alt=&#8221;Umyj cz\u0119\u015bci&#8221; sticky_enabled=&#8221;0&#8243;]<\/p>\n<ul>\n<li>Po hartowaniu umie\u015b\u0107 uchwyt z cz\u0119\u015bciami w myjce<\/li>\n<\/ul>\n<p>[\/et_pb_blurb][\/et_pb_column][\/et_pb_row][et_pb_row module_class=&#8221;pitlpc-dark-kreska-row&#8221; _builder_version=&#8221;4.16&#8243; global_colors_info=&#8221;{}&#8221;][et_pb_column type=&#8221;4_4&#8243; _builder_version=&#8221;4.16&#8243; custom_padding=&#8221;|||&#8221; global_colors_info=&#8221;{}&#8221; custom_padding__hover=&#8221;|||&#8221;][et_pb_image src=&#8221;https:\/\/www.secowarwick.com\/wp-content\/uploads\/2020\/11\/pit-kreska.png&#8221; align=&#8221;center&#8221; align_tablet=&#8221;center&#8221; align_last_edited=&#8221;on|desktop&#8221; module_class=&#8221;pitlpc-dark-kreska&#8221; _builder_version=&#8221;4.23.1&#8243; hover_enabled=&#8221;0&#8243; global_colors_info=&#8221;{}&#8221; alt=&#8221;kreska&#8221; sticky_enabled=&#8221;0&#8243; align_phone=&#8221;center&#8221;][\/et_pb_image][\/et_pb_column][\/et_pb_row][et_pb_row module_class=&#8221;pitlpc-column-dark&#8221; _builder_version=&#8221;4.16&#8243; global_colors_info=&#8221;{}&#8221;][et_pb_column type=&#8221;4_4&#8243; _builder_version=&#8221;4.16&#8243; custom_padding=&#8221;|||&#8221; global_colors_info=&#8221;{}&#8221; custom_padding__hover=&#8221;|||&#8221;][et_pb_text admin_label=&#8221;8 light&#8221; module_id=&#8221;pitlpc-light&#8221; module_class=&#8221;pitlpc-tytul-dark&#8221; _builder_version=&#8221;4.16&#8243; global_colors_info=&#8221;{}&#8221;]<\/p>\n<h2><span style=\"color: #dc291e;\"><strong>8.<\/strong><\/span> Sprawd\u017a wyniki procesu<\/h2>\n<p>[\/et_pb_text][et_pb_blurb image=&#8221;https:\/\/www.secowarwick.com\/wp-content\/uploads\/2020\/11\/8.gif&#8221; module_id=&#8221;pitlpc-notka-light&#8221; module_class=&#8221;pitlpc-notka&#8221; _builder_version=&#8221;4.23.1&#8243; hover_enabled=&#8221;0&#8243; global_colors_info=&#8221;{}&#8221; alt=&#8221;Sprawd\u017a wyniki procesu&#8221; sticky_enabled=&#8221;0&#8243;]<\/p>\n<ul>\n<li>Sprawd\u017a, czy otrzymane rezultaty odpowiadaj\u0105 Twoim wymaganiom<\/li>\n<li>Podziwiaj jednolito\u015b\u0107 uzyskanej warstwy naw\u0119glonej oraz fakt, \u017ce w Twoich cz\u0119\u015bciach nie wyst\u0119puje utlenianie mi\u0119dzykrystaliczne [IGO]<\/li>\n<li>Oblicz oszcz\u0119dno\u015bci uzyskane w por\u00f3wnaniu z tradycyjnym piecem do naw\u0119glania atmosferowego<\/li>\n<\/ul>\n<p>[\/et_pb_blurb][\/et_pb_column][\/et_pb_row][et_pb_row _builder_version=&#8221;4.16&#8243; background_size=&#8221;initial&#8221; background_position=&#8221;top_left&#8221; background_repeat=&#8221;repeat&#8221; global_colors_info=&#8221;{}&#8221;][et_pb_column type=&#8221;4_4&#8243; _builder_version=&#8221;4.16&#8243; custom_padding=&#8221;|||&#8221; global_colors_info=&#8221;{}&#8221; custom_padding__hover=&#8221;|||&#8221;][et_pb_text _builder_version=&#8221;4.16&#8243; text_font_size=&#8221;24px&#8221; global_colors_info=&#8221;{}&#8221;]<\/p>\n<p style=\"text-align: center;\"><a href=\"https:\/\/www.secowarwick.com\/pl\/zapytaj-o-oferte\/\"><img decoding=\"async\" class=\"alignnone size-full wp-image-101115\" src=\"https:\/\/www.secowarwick.com\/wp-content\/uploads\/2020\/08\/outsourcing_04-1.png\" alt=\"\" width=\"401\" height=\"73\" srcset=\"https:\/\/www.secowarwick.com\/wp-content\/uploads\/2020\/08\/outsourcing_04-1.png 401w, https:\/\/www.secowarwick.com\/wp-content\/uploads\/2020\/08\/outsourcing_04-1-150x27.png 150w, https:\/\/www.secowarwick.com\/wp-content\/uploads\/2020\/08\/outsourcing_04-1-300x55.png 300w, https:\/\/www.secowarwick.com\/wp-content\/uploads\/2020\/08\/outsourcing_04-1-400x73.png 400w\" sizes=\"(max-width: 401px) 100vw, 401px\" \/><\/a><\/p>\n<p>[\/et_pb_text][\/et_pb_column][\/et_pb_row][\/et_pb_section]<\/p>\n","protected":false},"excerpt":{"rendered":"<p>CZY WIESZ Jak naw\u0119gla\u0107 grube warstwy w piecu pr\u00f3\u017cniowym? &nbsp; www.secowarwick.com 1.\u00a0Zbierz elementy, kt\u00f3re chcesz naw\u0119gla\u0107 na zadanej grubo\u015bci warstwy Dok\u0142adnie oczy\u015b\u0107 cz\u0119\u015bci i usu\u0144 wszelkie pozosta\u0142o\u015bci po obr\u00f3bce Oszacuj powierzchni\u0119 swoich cz\u0119\u015bci za pomoc\u0105 przyjaznego dla u\u017cytkownika oprogramowania S\/W Umie\u015b\u0107 cz\u0119\u015bci na dedykowanym oprzyrz\u0105dowaniu, upewnij si\u0119, \u017ce oprzyrz\u0105dowanie jest przystosowane do podwy\u017cszonych temperatur 2. [&hellip;]<\/p>\n","protected":false},"author":2,"featured_media":0,"parent":95753,"menu_order":0,"comment_status":"closed","ping_status":"closed","template":"","meta":{"_acf_changed":false,"_et_pb_use_builder":"on","_et_pb_old_content":"","_et_gb_content_width":"","footnotes":""},"class_list":["post-108028","page","type-page","status-publish"],"acf":[],"_links":{"self":[{"href":"https:\/\/www.secowarwick.com\/pl\/wp-json\/wp\/v2\/pages\/108028","targetHints":{"allow":["GET"]}}],"collection":[{"href":"https:\/\/www.secowarwick.com\/pl\/wp-json\/wp\/v2\/pages"}],"about":[{"href":"https:\/\/www.secowarwick.com\/pl\/wp-json\/wp\/v2\/types\/page"}],"author":[{"embeddable":true,"href":"https:\/\/www.secowarwick.com\/pl\/wp-json\/wp\/v2\/users\/2"}],"replies":[{"embeddable":true,"href":"https:\/\/www.secowarwick.com\/pl\/wp-json\/wp\/v2\/comments?post=108028"}],"version-history":[{"count":2,"href":"https:\/\/www.secowarwick.com\/pl\/wp-json\/wp\/v2\/pages\/108028\/revisions"}],"predecessor-version":[{"id":171902,"href":"https:\/\/www.secowarwick.com\/pl\/wp-json\/wp\/v2\/pages\/108028\/revisions\/171902"}],"up":[{"embeddable":true,"href":"https:\/\/www.secowarwick.com\/pl\/wp-json\/wp\/v2\/pages\/95753"}],"wp:attachment":[{"href":"https:\/\/www.secowarwick.com\/pl\/wp-json\/wp\/v2\/media?parent=108028"}],"curies":[{"name":"wp","href":"https:\/\/api.w.org\/{rel}","templated":true}]}}