{"id":108277,"date":"2020-11-26T09:13:47","date_gmt":"2020-11-26T08:13:47","guid":{"rendered":"http:\/\/www.secowarwick.com\/?page_id=108277"},"modified":"2025-11-03T16:18:23","modified_gmt":"2025-11-03T15:18:23","slug":"vector-3d","status":"publish","type":"page","link":"https:\/\/www.secowarwick.com\/pl\/produkty\/piece-prozniowe\/vector-3d\/","title":{"rendered":"Vector 3D"},"content":{"rendered":"<p>[et_pb_section fb_built=&#8221;1&#8243; _builder_version=&#8221;4.16&#8243; custom_padding=&#8221;||0px|&#8221; global_colors_info=&#8221;{}&#8221;][et_pb_row _builder_version=&#8221;4.16&#8243; background_size=&#8221;initial&#8221; background_position=&#8221;top_left&#8221; background_repeat=&#8221;repeat&#8221; global_colors_info=&#8221;{}&#8221;][et_pb_column type=&#8221;4_4&#8243; _builder_version=&#8221;4.16&#8243; custom_padding=&#8221;|||&#8221; global_colors_info=&#8221;{}&#8221; custom_padding__hover=&#8221;|||&#8221;][et_pb_image src=&#8221;https:\/\/www.secowarwick.com\/wp-content\/uploads\/2020\/11\/Vector_3D.jpg&#8221; alt=&#8221;Piec pr\u00f3\u017cniowy do obr\u00f3bki cieplnej metali po wytwarzaniu przyrostowym &#8211; VECTOR 3D SECO\/WARWICK&#8221; title_text=&#8221;Piec pr\u00f3\u017cniowy do obr\u00f3bki cieplnej metali po wytwarzaniu przyrostowym &#8211; VECTOR 3D SECO\/WARWICK&#8221; align_tablet=&#8221;center&#8221; align_phone=&#8221;&#8221; align_last_edited=&#8221;on|desktop&#8221; _builder_version=&#8221;4.16&#8243; global_colors_info=&#8221;{}&#8221;][\/et_pb_image][\/et_pb_column][\/et_pb_row][\/et_pb_section][et_pb_section fb_built=&#8221;1&#8243; admin_label=&#8221;section&#8221; _builder_version=&#8221;4.16&#8243; custom_padding=&#8221;25px|||&#8221; transparent_background=&#8221;off&#8221; make_fullwidth=&#8221;off&#8221; use_custom_width=&#8221;off&#8221; width_unit=&#8221;on&#8221; global_colors_info=&#8221;{}&#8221;][et_pb_row column_structure=&#8221;3_4,1_4&#8243; admin_label=&#8221;row&#8221; _builder_version=&#8221;4.16&#8243; background_size=&#8221;initial&#8221; background_position=&#8221;top_left&#8221; background_repeat=&#8221;repeat&#8221; custom_margin=&#8221;0px|||&#8221; custom_padding=&#8221;0px|||&#8221; make_fullwidth=&#8221;off&#8221; use_custom_width=&#8221;off&#8221; width_unit=&#8221;on&#8221; global_colors_info=&#8221;{}&#8221;][et_pb_column type=&#8221;3_4&#8243; _builder_version=&#8221;4.16&#8243; custom_padding=&#8221;|||&#8221; global_colors_info=&#8221;{}&#8221; custom_padding__hover=&#8221;|||&#8221;][et_pb_breadcrumbs _builder_version=&#8221;3.6&#8243; global_colors_info=&#8221;{}&#8221;][\/et_pb_breadcrumbs][et_pb_text _builder_version=&#8221;4.23.1&#8243; header_2_font_size=&#8221;22px&#8221; custom_margin=&#8221;0px|||&#8221; global_colors_info=&#8221;{}&#8221;]<\/p>\n<h1 style=\"text-align: justify;\">Piec pr\u00f3\u017cniowy do\u00a0obr\u00f3bki cieplnej metali po\u00a0wytwarzaniu przyrostowym &#8211; VECTOR 3D<\/h1>\n<h2 style=\"text-align: justify;\">Linia produkt\u00f3w do\u00a0obr\u00f3bki cieplnej metali stworzona z\u00a0my\u015bl\u0105 o\u00a0technologii druku 3D.<\/h2>\n<p style=\"text-align: justify;\">Linia piec\u00f3w Vector 3D, to\u00a0rozwi\u0105zanie przeznaczone do\u00a0ka\u017cdego rodzaju proces\u00f3w <strong>wytwarzania przyrostowego z\u00a0metali<\/strong>. Zaprojektowany z\u00a0my\u015bl\u0105 o\u00a0obr\u00f3bce cieplnej szerokiej gamy produkt\u00f3w wytwarzanych metod\u0105\u00a0<a href=\"https:\/\/www.secowarwick.com\/pl\/news\/jakosc-czesci-wytwarzanych-przyrostowo-zalezy-od-pieca-prozniowego\/\">additive manufacturing<\/a>\u00a0(3D printing).<\/p>\n<p style=\"text-align: justify;\">W\u00a0zale\u017cno\u015bci od\u00a0technologii druku, obszaru dzia\u0142alno\u015bci, wybranego materia\u0142u lub wielko\u015bci produkcji urz\u0105dzenia wymagaj\u0105 odpowiedniego dopasowania w\u00a0celu podniesienia wydajno\u015bci produkcji i\u00a0parametr\u00f3w drukowanych detali.<\/p>\n<p>[\/et_pb_text][et_pb_tabs module_class=&#8221;red-tabs eco-tab5&#8243; _builder_version=&#8221;4.23.1&#8243; custom_css_main_element=&#8221;margin-top: 2rem;||margin-bottom: 2rem;&#8221; global_colors_info=&#8221;{}&#8221;][et_pb_tab title=&#8221;Informacje og\u00f3lne&#8221; _builder_version=&#8221;4.23.1&#8243; global_colors_info=&#8221;{}&#8221;]<\/p>\n<p style=\"text-align: justify;\">Technologia <em>Binder Jetting<\/em> po\u015bwi\u0119ca wiele uwagi systemom usuwania lepiszcza oraz\u00a0doskonaleniu parametr\u00f3w procesu, w\u00a0szczeg\u00f3lno\u015bci pod\u00a0wzgl\u0119dem rozk\u0142adu temperatury. Obie kwestie maj\u0105 ogromny wp\u0142yw na\u00a0ko\u0144cow\u0105 jako\u015b\u0107 cz\u0119\u015bci i\u00a0ich parametr\u00f3w.<\/p>\n<p style=\"text-align: justify;\">Technologia Spiekania laserowego umo\u017cliwia druk element\u00f3w z\u00a0takich materia\u0142\u00f3w jak stale stopowe, aluminium czy\u00a0tytan. Obr\u00f3bka cieplna tego typu detali wymaga \u015brodowiska pozbawionego w\u00a0tlen. Z\u00a0tego w\u0142a\u015bnie powodu takie parametry jak naciek lub poziom pr\u00f3\u017cni graj\u0105 kluczow\u0105 rol\u0119 w\u00a0piecach dedykowanych dla sektora AM.<\/p>\n<p style=\"text-align: justify;\">To\u00a0najwa\u017cniejsze parametry, kt\u00f3re pomagaj\u0105 uzyska\u0107 wymagan\u0105 struktur\u0119 cz\u0105steczkow\u0105 i\u00a0po\u017c\u0105dany poziom czysto\u015bci cz\u0119\u015bci.<\/p>\n<p style=\"text-align: justify;\">Proces obr\u00f3bki cieplnej prowadzony w\u00a0warunkach kontrolowanych pomaga uzyska\u0107 wymagane parametry cz\u0119\u015bci drukowanych. Bardzo wymagaj\u0105ce bran\u017ce, np.\u00a0lotnicza, medyczna lub motoryzacyjna maj\u0105 w\u00a0tej\u00a0kwestii okre\u015blone potrzeby i\u00a0piec musi im\u00a0sprosta\u0107.<\/p>\n<p>[\/et_pb_tab][et_pb_tab title=&#8221;Cechy&#8221; _builder_version=&#8221;4.23.1&#8243; global_colors_info=&#8221;{}&#8221;]<\/p>\n<p>Piec o&nbsp;charakterze przemys\u0142owym, dost\u0119pny w&nbsp;r\u00f3\u017cnych wielko\u015bciach dopasowanych do&nbsp;potrzeb klienta.<\/p>\n<h2>Najwa\u017cniejsze cechy produktu:<\/h2>\n<p><strong><span style=\"color: #dc291e;\">\/<\/span><\/strong> Mo\u017cliwo\u015b\u0107 wykonywania proces\u00f3w usuwania lepiszcza, spiekania wy\u017carzania i&nbsp;innych w&nbsp;jednym piecu<br \/><strong><span style=\"color: #dc291e;\">\/<\/span><\/strong> Przestrze\u0144 u\u017cyteczna od&nbsp;250x250x400 do&nbsp;900x900x1200mm<br \/><strong><span style=\"color: #dc291e;\">\/<\/span><\/strong> Temperatura 1500\u00b0C umo\u017cliwiaj\u0105ca obr\u00f3bk\u0119 r\u00f3\u017cnych materia\u0142\u00f3w<br \/><strong><span style=\"color: #dc291e;\">\/<\/span><\/strong> Doskona\u0142y i&nbsp;jednorodny rozk\u0142ad temperatury +\/-5\u00b0C (+\/-3\u00b0C z&nbsp;klatk\u0105)<br \/><strong><span style=\"color: #dc291e;\">\/<\/span><\/strong> Pr\u00f3\u017cnia 5&#215;10-2mbar<br \/><strong><span style=\"color: #dc291e;\">\/<\/span><\/strong> Bardzo dobry parametr nacieku 1&#215;10-3mbar*L\/s zapewniaj\u0105cy optymalne \u015brodowisko beztlenowe tak&nbsp;istotne przy wielu typach proces\u00f3w<br \/><strong><span style=\"color: #dc291e;\">\/<\/span><\/strong> Wielostopniowy system usuwania lepiszcza i&nbsp;ochrony pieca<br \/><strong><span style=\"color: #dc291e;\">\/<\/span><\/strong> Wiele dodatkowych opcji:<br \/>\u00a0 \u00a0 \u00a0\/ pr\u00f3\u017cnia z&nbsp;mo\u017cliwo\u015bci\u0105 rozszerzenia do&nbsp;5&#215;10-5mbar<br \/>\u00a0 \u00a0 \u00a0\/ szybkie ch\u0142odzenie nawet do&nbsp;15bar &#8211; mo\u017cliwo\u015b\u0107 zastosowania ci\u015bnienia cz\u0105stkowego r\u00f3\u017cnych gaz\u00f3w: azot, argon wod\u00f3r, amoniak, acetylen<br \/>\u00a0 \u00a0 \u00a0\/ wyb\u00f3r pomi\u0119dzy komor\u0105 i&nbsp;klatk\u0105 grafitow\u0105 lub metalow\u0105<\/p>\n<p>[\/et_pb_tab][et_pb_tab title=&#8221;Zalety&#8221; _builder_version=&#8221;4.23.1&#8243; global_colors_info=&#8221;{}&#8221;]<\/p>\n<p><strong><span style=\"color: #dc291e;\">\/<\/span><\/strong> Zwarta budowa umo\u017cliwiaj\u0105ca wstawienie pieca do&nbsp;ma\u0142ych pomieszcze\u0144<br \/><strong><span style=\"color: #dc291e;\">\/ <\/span><\/strong>Kompaktowa budowa umo\u017cliwiaj\u0105ca uruchomienie pieca po&nbsp;pod\u0142\u0105czeniu do&nbsp;medi\u00f3w<br \/><strong><span style=\"color: #dc291e;\">\/ <\/span><\/strong>Minimalne zu\u017cycie gaz\u00f3w procesowych<br \/><strong><span style=\"color: #dc291e;\">\/ <\/span><\/strong>Szybki, czysty i&nbsp;ekonomiczny proces<br \/><strong><span style=\"color: #dc291e;\">\/ <\/span><\/strong>Brak otwartego p\u0142omienia i&nbsp;gaz\u00f3w palnych<br \/><strong><span style=\"color: #dc291e;\">\/ <\/span><\/strong>Pe\u0142ne \u015bledzenie procesu dzi\u0119ki wyposa\u017ceniu w&nbsp;system PLC\/IPC<br \/><strong><span style=\"color: #dc291e;\">\/ <\/span><\/strong>Szybkie ch\u0142odzenie skracaj\u0105ce czas procesu<br \/><strong><span style=\"color: #dc291e;\">\/<\/span><\/strong> Wysoki poziom pr\u00f3\u017cni<br \/><strong><span style=\"color: #dc291e;\">\/ <\/span><\/strong>Skuteczny system usuwania lepiszcza = wy\u017cszy poziom czysto\u015bci procesu i&nbsp;d\u0142u\u017csza eksploatacja pieca<br \/><strong><span style=\"color: #dc291e;\">\/ <\/span><\/strong>Konstrukcja przyspieszaj\u0105ca czyszczenie i&nbsp;wyd\u0142u\u017caj\u0105ca okresy mi\u0119dzy obs\u0142ugowe<\/p>\n<p>[\/et_pb_tab][et_pb_tab title=&#8221;Procesy&#8221; _builder_version=&#8221;4.23.1&#8243; global_colors_info=&#8221;{}&#8221;]<\/p>\n<p><span style=\"color: #e30f00;\"><strong>\/<\/strong><\/span> Usuwanie lepiszcza<br \/><span style=\"color: #e30f00;\"><strong>\/<\/strong><\/span> Spiekanie<br \/><span style=\"color: #e30f00;\"><strong>\/<\/strong><\/span> Odpr\u0119\u017canie<br \/><span style=\"color: #e30f00;\"><strong>\/<\/strong><\/span> Starzenie<br \/><span style=\"color: #e30f00;\"><strong>\/<\/strong><\/span> Wy\u017carzanie<\/p>\n<p>[\/et_pb_tab][et_pb_tab title=&#8221;Przemys\u0142y&#8221; _builder_version=&#8221;4.23.1&#8243; global_colors_info=&#8221;{}&#8221;]<\/p>\n<p><span style=\"color: #e30f00;\"><strong>\/\u00a0<\/strong><\/span>Przemys\u0142 lotniczy<br \/><span style=\"color: #e30f00;\"><strong>\/\u00a0<\/strong><\/span>Przemys\u0142 samochodowy<br \/><span style=\"color: #e30f00;\"><strong>\/<\/strong><\/span> Przemys\u0142 medyczny<br \/><span style=\"color: #e30f00;\"><strong>\/\u00a0<\/strong><\/span>Prototypowanie<br \/><span style=\"color: #e30f00;\"><strong>\/\u00a0<\/strong><\/span>Mo\u017ce mie\u0107 zastosowanie wsz\u0119dzie tam, gdzie powstaj\u0105 elementy metalowe<\/p>\n<p>[\/et_pb_tab][et_pb_tab title=&#8221; &#8221; _builder_version=&#8221;4.23.1&#8243; _module_preset=&#8221;default&#8221; global_colors_info=&#8221;{}&#8221;]<\/p>\n<p><strong><span style=\"color: #dc291e;\">\/ <\/span><\/strong>Pr\u00f3\u017cnia jako atmosfera ochronna i\u00a0technologiczna eliminuje konieczno\u015b\u0107 stosowania szkodliwych gaz\u00f3w procesowych i\u00a0ich emisji do\u00a0otoczenia<br \/><strong><span style=\"color: #dc291e;\">\/ <\/span><\/strong>Brak emisji CO\u2082, brak u\u017cycia paliw kopalnianych<br \/><strong><span style=\"color: #dc291e;\">\/ <\/span><\/strong>Zastosowanie gazu do\u00a0ch\u0142odzenia (azot, argon), pozyskiwanego i\u00a0zwracanego do\u00a0powietrza, neutralnego dla \u015brodowiska<br \/><strong><span style=\"color: #dc291e;\">\/ <\/span><\/strong>Wzmocniona izolacja termiczna oszcz\u0119dza energi\u0119 elektryczn\u0105 (ok. 20 %)<br \/><strong><span style=\"color: #dc291e;\"> \/ <\/span><\/strong>Wysoka sprawno\u015b\u0107 energetyczna u\u017cytych komponent\u00f3w elektrycznych (silniki klasy IE3, sterowanie falownikowe, itp.)<br \/><strong><span style=\"color: #dc291e;\">\/ <\/span><\/strong>Zastosowanie system\u00f3w i\u00a0algorytm\u00f3w ograniczaj\u0105cych zu\u017cycie czynnik\u00f3w energetycznych i\u00a0technologicznych (system pompowy, grzania i\u00a0ch\u0142odzenia)<br \/><strong><span style=\"color: #dc291e;\">\/ <\/span><\/strong>Brak emisji szkodliwych substancji<br \/><strong><span style=\"color: #dc291e;\">\/ <\/span><\/strong>Zmniejszenie deformacji hartowniczych i\u00a0koszt\u00f3w obr\u00f3bki twardej (hard machining)<br \/><strong><span style=\"color: #dc291e;\">\/ <\/span><\/strong>Eliminacja mycia cz\u0119\u015bci po\u00a0obr\u00f3bce cieplnej<\/p>\n<p>[\/et_pb_tab][\/et_pb_tabs][et_pb_code _builder_version=&#8221;4.10.3&#8243; _module_preset=&#8221;default&#8221; global_module=&#8221;123769&#8243; saved_tabs=&#8221;all&#8221; global_colors_info=&#8221;{}&#8221;]<!-- [et_pb_line_break_holder] --><pee style=\"text-align: center;\"><a class=\"small-button smallred\" style=\"font-size: 20px; padding: 20px 60px;\" href=\"https:\/\/www.secowarwick.com\/pl\/zapytaj-o-oferte\/\"><span style=\"display: block; transform: skew(15deg,0deg); -webkit-transform: skew(15deg,0deg); font-size: 20px; !important\">ZAPYTAJ O OFERT\u0118<\/span><\/a><\/pee>[\/et_pb_code][\/et_pb_column][et_pb_column type=&#8221;1_4&#8243; _builder_version=&#8221;4.16&#8243; custom_padding=&#8221;|||&#8221; global_colors_info=&#8221;{}&#8221; custom_padding__hover=&#8221;|||&#8221;][et_pb_gallery gallery_ids=&#8221;108283,108290&#8243; posts_number=&#8221;1&#8243; show_title_and_caption=&#8221;off&#8221; show_pagination=&#8221;off&#8221; zoom_icon_color=&#8221;#e2001a&#8221; module_class=&#8221;seco-products-gallery-new&#8221; _builder_version=&#8221;4.23.1&#8243; custom_css_overlay_icon=&#8221;content:&#8217;ZOBACZ GALERI\u0118&#8217; !important;&#8221; global_colors_info=&#8221;{}&#8221;][\/et_pb_gallery][et_pb_text admin_label=&#8221;btn_pl_premiumlibrary&#8221; module_class=&#8221;premium-library-button&#8221; _builder_version=&#8221;4.23.1&#8243; _module_preset=&#8221;default&#8221; text_orientation=&#8221;center&#8221; global_module=&#8221;157169&#8243; saved_tabs=&#8221;all&#8221; locked=&#8221;off&#8221; global_colors_info=&#8221;{}&#8221;]<\/p>\n<a href='https:\/\/www.secowarwick.com\/pl\/trescipremium\/' class='small-button smallred'><span>TRE\u015aCI PREMIUM<\/span><\/a>\n<p>[\/et_pb_text][et_pb_text admin_label=&#8221;R&#038;D PL&#8221; module_class=&#8221;product_widget_wrap_rd&#8221; _builder_version=&#8221;4.23.1&#8243; _module_preset=&#8221;default&#8221; text_orientation=&#8221;center&#8221; global_module=&#8221;165497&#8243; saved_tabs=&#8221;all&#8221; locked=&#8221;off&#8221; global_colors_info=&#8221;{}&#8221;]<\/p>\n<p><a href=\"https:\/\/www.secowarwick.com\/pl\/rd\/\"><span class=\"product_wigtet_name\">R&amp;D<\/span><\/a><\/p>\n<p>[\/et_pb_text][et_pb_text admin_label=&#8221;AUTOMATYKA PL&#8221; module_class=&#8221;product_widget_wrap_automation&#8221; _builder_version=&#8221;4.23.1&#8243; _module_preset=&#8221;default&#8221; global_module=&#8221;165495&#8243; saved_tabs=&#8221;all&#8221; locked=&#8221;off&#8221; global_colors_info=&#8221;{}&#8221;]<\/p>\n<p><a href=\"https:\/\/www.secowarwick.com\/pl\/service\/automatyka\/\"><span class=\"product_wigtet_name\">AUTOMATYKA<\/span><\/a><\/p>\n<p>[\/et_pb_text][et_pb_text admin_label=&#8221;SERVICE PL&#8221; module_class=&#8221;product_widget_wrap_service&#8221; _builder_version=&#8221;4.23.1&#8243; _module_preset=&#8221;default&#8221; global_module=&#8221;165500&#8243; saved_tabs=&#8221;all&#8221; locked=&#8221;off&#8221; global_colors_info=&#8221;{}&#8221;]<\/p>\n<p><a href=\"https:\/\/www.secowarwick.com\/pl\/profesjonalne-uslugi-serwisowe\/\"><span class=\"product_wigtet_name\">SERWIS<\/span><\/a><\/p>\n<p>[\/et_pb_text][et_pb_text module_class=&#8221;red-fullwidth&#8221; _builder_version=&#8221;4.19.2&#8243; _module_preset=&#8221;default&#8221; global_colors_info=&#8221;{}&#8221;]<\/p>\n<a href='https:\/\/www.secowarwick.com\/pl\/vector-3d-piece-prozniowe\/' class='small-button smallred'><span>FAQ<\/span><\/a>\n<p>[\/et_pb_text][et_pb_text admin_label=&#8221;SUPLEMENTALS PL&#8221; module_class=&#8221;product_widget_wrap_supleme&#8221; _builder_version=&#8221;4.23.1&#8243; _module_preset=&#8221;default&#8221; global_module=&#8221;165502&#8243; saved_tabs=&#8221;all&#8221; locked=&#8221;off&#8221; global_colors_info=&#8221;{}&#8221;]<\/p>\n<p><span class=\"product_wigtet_name\">DODATKOWE:<\/span><\/p>\n<p>[\/et_pb_text][et_pb_text admin_label=&#8221;Product brochure&#8221; module_class=&#8221;suplementals_product_brochure suplementals_wrap&#8221; _builder_version=&#8221;4.23.1&#8243; _module_preset=&#8221;default&#8221; hover_enabled=&#8221;0&#8243; locked=&#8221;off&#8221; global_colors_info=&#8221;{}&#8221; sticky_enabled=&#8221;0&#8243;]<\/p>\n<p><a href=\"https:\/\/www.secowarwick.com\/wp-content\/uploads\/2025\/11\/VAC-VECTOR-3D-WWW.pdf\" target=\"_blank\" rel=\"noopener\">Broszura produktu<\/a><\/p>\n<p>[\/et_pb_text][et_pb_text admin_label=&#8221;Katalog produkt\u00f3w&#8221; module_class=&#8221;suplementals_product_brochure suplementals_wrap&#8221; _builder_version=&#8221;4.23.1&#8243; _module_preset=&#8221;default&#8221; locked=&#8221;off&#8221; global_colors_info=&#8221;{}&#8221;]<\/p>\n<p><a href=\"https:\/\/www.secowarwick.com\/wp-content\/uploads\/2025\/01\/VAC_catalogue_2024_web.pdf\" target=\"_blank\" rel=\"noopener\">Katalog produkt\u00f3w<\/a><\/p>\n<p>[\/et_pb_text][et_pb_text admin_label=&#8221;Product infographic&#8221; module_class=&#8221;suplementals_product_infographic suplementals_wrap&#8221; _builder_version=&#8221;4.23.1&#8243; _module_preset=&#8221;default&#8221; locked=&#8221;off&#8221; global_colors_info=&#8221;{}&#8221;]<\/p>\n<p><a href=\"https:\/\/www.secowarwick.com\/wp-content\/uploads\/2023\/06\/VECTOR-3D.jpg\" target=\"_blank\" rel=\"noopener\">Infografika produktu<\/a><\/p>\n<p>[\/et_pb_text][et_pb_text admin_label=&#8221;Product movie&#8221; module_class=&#8221;suplementals_product_movie suplementals_wrap&#8221; _builder_version=&#8221;4.23.1&#8243; _module_preset=&#8221;default&#8221; locked=&#8221;off&#8221; global_colors_info=&#8221;{}&#8221;]<\/p>\n<p><a href=\"https:\/\/www.youtube.com\/playlist?list=PLa0hhW_hoQqEsIHM5LQtr9h_9UlwGFBO8\" target=\"_blank\" rel=\"noopener\">Film produktowy<\/a><\/p>\n<p>[\/et_pb_text][et_pb_text admin_label=&#8221;dnabook-pl&#8221; module_class=&#8221;suplementals_product_dna suplementals_wrap&#8221; _builder_version=&#8221;4.23.1&#8243; _module_preset=&#8221;default&#8221; global_module=&#8221;165509&#8243; saved_tabs=&#8221;all&#8221; locked=&#8221;off&#8221; global_colors_info=&#8221;{}&#8221;]<\/p>\n<p><a href=\"https:\/\/www.secowarwick.com\/wp-content\/uploads\/2025\/07\/DNA_BOOK.pdf\" target=\"_blank\" rel=\"noopener\">DNA\/BOOK<\/a><\/p>\n<p>[\/et_pb_text][et_pb_text admin_label=&#8221;ECO\/BOOK-pl&#8221; module_class=&#8221;suplementals_product_eco suplementals_wrap&#8221; _builder_version=&#8221;4.23.1&#8243; _module_preset=&#8221;default&#8221; global_module=&#8221;165511&#8243; saved_tabs=&#8221;all&#8221; locked=&#8221;off&#8221; global_colors_info=&#8221;{}&#8221;]<\/p>\n<p><a href=\"https:\/\/www.secowarwick.com\/wp-content\/uploads\/2023\/06\/ECOBOOK-2-1.pdf\" target=\"_blank\" rel=\"noopener\">ECO\/BOOK<\/a><\/p>\n<p>[\/et_pb_text][et_pb_text admin_label=&#8221;RFQ product widget pl&#8221; module_class=&#8221;product_widget_wrap_rfq-en&#8221; _builder_version=&#8221;4.23.1&#8243; _module_preset=&#8221;default&#8221; global_module=&#8221;186180&#8243; saved_tabs=&#8221;all&#8221; locked=&#8221;off&#8221; global_colors_info=&#8221;{}&#8221;]<\/p>\n<p style=\"text-align: center;\"><a class=\"small-button smallred\" href=\"https:\/\/www.secowarwick.com\/pl\/zapytaj-o-oferte\/\"><span class=\"product_wigtet_name\">ZAPYTAJ O&nbsp;OFERT\u0118<\/span><\/a><\/p>\n<p>[\/et_pb_text][\/et_pb_column][\/et_pb_row][\/et_pb_section]<\/p>\n","protected":false},"excerpt":{"rendered":"<p>[et_pb_breadcrumbs _builder_version=&#8221;3.6&#8243; global_colors_info=&#8221;{}&#8221;][\/et_pb_breadcrumbs]Piec pr\u00f3\u017cniowy do\u00a0obr\u00f3bki cieplnej metali po\u00a0wytwarzaniu przyrostowym &#8211; VECTOR 3D Linia produkt\u00f3w do\u00a0obr\u00f3bki cieplnej metali stworzona z\u00a0my\u015bl\u0105 o\u00a0technologii druku 3D. Linia piec\u00f3w Vector 3D, to\u00a0rozwi\u0105zanie przeznaczone do\u00a0ka\u017cdego rodzaju proces\u00f3w wytwarzania przyrostowego z\u00a0metali. Zaprojektowany z\u00a0my\u015bl\u0105 o\u00a0obr\u00f3bce cieplnej szerokiej gamy produkt\u00f3w wytwarzanych metod\u0105\u00a0additive manufacturing\u00a0(3D printing). W\u00a0zale\u017cno\u015bci od\u00a0technologii druku, obszaru dzia\u0142alno\u015bci, wybranego materia\u0142u lub wielko\u015bci produkcji [&hellip;]<\/p>\n","protected":false},"author":2,"featured_media":108271,"parent":7225,"menu_order":0,"comment_status":"closed","ping_status":"closed","template":"","meta":{"_acf_changed":false,"_et_pb_use_builder":"on","_et_pb_old_content":"","_et_gb_content_width":"","footnotes":""},"class_list":["post-108277","page","type-page","status-publish","has-post-thumbnail"],"acf":[],"_links":{"self":[{"href":"https:\/\/www.secowarwick.com\/pl\/wp-json\/wp\/v2\/pages\/108277","targetHints":{"allow":["GET"]}}],"collection":[{"href":"https:\/\/www.secowarwick.com\/pl\/wp-json\/wp\/v2\/pages"}],"about":[{"href":"https:\/\/www.secowarwick.com\/pl\/wp-json\/wp\/v2\/types\/page"}],"author":[{"embeddable":true,"href":"https:\/\/www.secowarwick.com\/pl\/wp-json\/wp\/v2\/users\/2"}],"replies":[{"embeddable":true,"href":"https:\/\/www.secowarwick.com\/pl\/wp-json\/wp\/v2\/comments?post=108277"}],"version-history":[{"count":24,"href":"https:\/\/www.secowarwick.com\/pl\/wp-json\/wp\/v2\/pages\/108277\/revisions"}],"predecessor-version":[{"id":186664,"href":"https:\/\/www.secowarwick.com\/pl\/wp-json\/wp\/v2\/pages\/108277\/revisions\/186664"}],"up":[{"embeddable":true,"href":"https:\/\/www.secowarwick.com\/pl\/wp-json\/wp\/v2\/pages\/7225"}],"wp:featuredmedia":[{"embeddable":true,"href":"https:\/\/www.secowarwick.com\/pl\/wp-json\/wp\/v2\/media\/108271"}],"wp:attachment":[{"href":"https:\/\/www.secowarwick.com\/pl\/wp-json\/wp\/v2\/media?parent=108277"}],"curies":[{"name":"wp","href":"https:\/\/api.w.org\/{rel}","templated":true}]}}