{"id":108425,"date":"2018-06-19T12:47:21","date_gmt":"2018-06-19T10:47:21","guid":{"rendered":"http:\/\/www.secowarwick.com\/ask-the-expert-whats-the-difference-between-vab-and-cab\/"},"modified":"2025-02-07T12:35:52","modified_gmt":"2025-02-07T11:35:52","slug":"jaka-jest-roznica-miedzy-vab-a-cab","status":"publish","type":"page","link":"https:\/\/www.secowarwick.com\/pl\/jaka-jest-roznica-miedzy-vab-a-cab\/","title":{"rendered":"Zapytaj eksperta: Jaka jest r\u00f3\u017cnica mi\u0119dzy technologi\u0105 VAB a CAB?"},"content":{"rendered":"<p>[et_pb_section fb_built=&#8221;1&#8243; _builder_version=&#8221;4.16&#8243; global_colors_info=&#8221;{}&#8221;][et_pb_row _builder_version=&#8221;4.16&#8243; background_size=&#8221;initial&#8221; background_position=&#8221;top_left&#8221; background_repeat=&#8221;repeat&#8221; global_colors_info=&#8221;{}&#8221;][et_pb_column type=&#8221;4_4&#8243; _builder_version=&#8221;4.16&#8243; custom_padding=&#8221;|||&#8221; global_colors_info=&#8221;{}&#8221; custom_padding__hover=&#8221;|||&#8221;][et_pb_image src=&#8221;https:\/\/www.secowarwick.com\/wp-content\/uploads\/2020\/11\/experts.jpg&#8221; force_fullwidth=&#8221;on&#8221; align_tablet=&#8221;center&#8221; align_last_edited=&#8221;on|desktop&#8221; _builder_version=&#8221;4.23.1&#8243; hover_enabled=&#8221;0&#8243; global_colors_info=&#8221;{}&#8221; alt=&#8221;experts&#8221; sticky_enabled=&#8221;0&#8243; align_phone=&#8221;center&#8221;][\/et_pb_image][et_pb_text _builder_version=&#8221;4.16&#8243; global_colors_info=&#8221;{}&#8221;]&nbsp;<\/p>\n<p style=\"text-align: justify;\">Od wielu lat SECO\/WARWICK zajmuje wiod\u0105c\u0105 pozycj\u0119 na globalnym rynku obr\u00f3bki cieplnej w zakresie projektowania i dostarczania piec\u00f3w do lutowania twardego w atmosferze kontrolowanej (CAB). Piece te s\u0142u\u017c\u0105 r\u00f3wnie\u017c do lutowania aluminium. Na chwil\u0119 obecn\u0105 sp\u00f3\u0142ka poszerza swoj\u0105 ofert\u0119 przeznaczon\u0105 dla producent\u00f3w aluminiowych wymiennik\u00f3w ciep\u0142a o nowy produkt pr\u00f3\u017cniowy \u2014 lutowanie twarde aluminium w pr\u00f3\u017cni (VAB).<\/p>\n<p style=\"text-align: justify;\">Chocia\u017c zar\u00f3wno piece CAB jak i VAB s\u0142u\u017c\u0105 do lutowania aluminium, odbywa si\u0119 to w zupe\u0142nie odmiennych procesach, kt\u00f3re przeznaczone s\u0105 do innych stop\u00f3w. Jako \u017ce po zetkni\u0119ciu si\u0119 z powietrzem aluminium pokrywa si\u0119 warstw\u0105 tlenk\u00f3w, w ka\u017cdym procesie lutowania twardego aluminium pierwszym krokiem jest usuni\u0119cie warstwy utlenionej, kt\u00f3ra uniemo\u017cliwia lutowanie. Do usuwania tlenk\u00f3w w piecach CAB s\u0142u\u017cy topnik niekorozyjny, kt\u00f3ry dodatkowo nawil\u017ca powierzchni\u0119 i u\u0142atwia wype\u0142nienie \u0142\u0105cze\u0144 ciek\u0142ym spoiwem (stop aluminiowo-krzemowy o ni\u017cszej temperaturze topnienia). Topnik chroni r\u00f3wnie\u017c aluminium przed ponownym utlenieniem. Proces odbywa si\u0119 w temperaturze oko\u0142o 565-570\u00b0C w ochronnej atmosferze azotowej.<\/p>\n<p style=\"text-align: justify;\">W procesie lutowania twardego w pr\u00f3\u017cni (VAB) do usuni\u0119cia warstwy utlenionej niezb\u0119dny jest magnez zawarty w stopie aluminium. W temperaturze z zakresu od 510 do 551\u00b0C cz\u0105steczki magnezu zaczynaj\u0105 si\u0119 przemieszcza\u0107 w kierunku powierzchni stopu i zmieniaj\u0105 stan skupienia ze sta\u0142ego w gazowy. Podczas procesu magnez \u0142\u0105czy si\u0119 z tlenem i dodatkowo usuwa tlenki z powierzchni, tworz\u0105c tlenki magnezu.<\/p>\n<p style=\"text-align: justify;\">\u00a0W celu zapewnienia prawid\u0142owego procesu zrywania warstwy utlenionej w tym momencie ci\u015bnienie w komorze pieca musi osi\u0105gn\u0105\u0107 poziom pr\u00f3\u017cni 10-5\u00a0mbar.<\/p>\n<p style=\"text-align: justify;\">Jest to najwi\u0119ksza r\u00f3\u017cnica pomi\u0119dzy procesami w piecach CAB i VAB, a tym samym mi\u0119dzy systemami.<\/p>\n<p style=\"text-align: justify;\">Rodzi si\u0119 zatem pytanie. Dlaczego potrzebne s\u0105 dwa r\u00f3\u017cne procesy?<\/p>\n<p style=\"text-align: justify;\">Istnieje kilka powod\u00f3w. Na korzy\u015b\u0107 VAB dzia\u0142a fakt, \u017ce proces wymaga stop\u00f3w aluminiowo-magnezowych, kt\u00f3rych lutowanie nie jest mo\u017cliwe w piecach CAB. Stopy te s\u0105 o wiele bardziej wytrzyma\u0142e, co ma kluczowe znaczenie w niekt\u00f3rych zastosowaniach (np. w przemy\u015ble lotniczym). Dodatkow\u0105 zalet\u0105 jest brak pozosta\u0142o\u015bci topnika po procesie lutowania twardego, kt\u00f3re stanowi\u0105 znaczny problem w niekt\u00f3rych uk\u0142adach (np. uk\u0142ady ch\u0142odzenia oleju silnikowego). Z drugiej strony linie CAB i realizowany na nich proces s\u0105 o wiele bardziej wydajne, a przez to ta\u0144sze. Oznacza to, \u017ce przy produkcji masowej aluminiowych wymiennik\u00f3w ciep\u0142a, kt\u00f3ra nie wymaga stop\u00f3w aluminiowo-magnezowych i dopuszcza pozosta\u0142o\u015bci topnika, dominuje w\u0142a\u015bnie to podej\u015bcie.<\/p>\n<p style=\"text-align: justify;\">Oferuj\u0105c zar\u00f3wno piece CAB jak i VAB uzupe\u0142niamy nasz\u0105 ofert\u0119 urz\u0105dze\u0144 przeznaczonych dla \u015bwiatowego rynku lutowania twardego aluminium.<\/p>\n<p>[\/et_pb_text][\/et_pb_column][\/et_pb_row][\/et_pb_section]<\/p>\n","protected":false},"excerpt":{"rendered":"<p>&nbsp; Od wielu lat SECO\/WARWICK zajmuje wiod\u0105c\u0105 pozycj\u0119 na globalnym rynku obr\u00f3bki cieplnej w zakresie projektowania i dostarczania piec\u00f3w do lutowania twardego w atmosferze kontrolowanej (CAB). Piece te s\u0142u\u017c\u0105 r\u00f3wnie\u017c do lutowania aluminium. Na chwil\u0119 obecn\u0105 sp\u00f3\u0142ka poszerza swoj\u0105 ofert\u0119 przeznaczon\u0105 dla producent\u00f3w aluminiowych wymiennik\u00f3w ciep\u0142a o nowy produkt pr\u00f3\u017cniowy \u2014 lutowanie twarde aluminium w [&hellip;]<\/p>\n","protected":false},"author":2,"featured_media":0,"parent":0,"menu_order":0,"comment_status":"closed","ping_status":"closed","template":"","meta":{"_acf_changed":false,"_et_pb_use_builder":"on","_et_pb_old_content":"","_et_gb_content_width":"","footnotes":""},"class_list":["post-108425","page","type-page","status-publish"],"acf":[],"_links":{"self":[{"href":"https:\/\/www.secowarwick.com\/pl\/wp-json\/wp\/v2\/pages\/108425","targetHints":{"allow":["GET"]}}],"collection":[{"href":"https:\/\/www.secowarwick.com\/pl\/wp-json\/wp\/v2\/pages"}],"about":[{"href":"https:\/\/www.secowarwick.com\/pl\/wp-json\/wp\/v2\/types\/page"}],"author":[{"embeddable":true,"href":"https:\/\/www.secowarwick.com\/pl\/wp-json\/wp\/v2\/users\/2"}],"replies":[{"embeddable":true,"href":"https:\/\/www.secowarwick.com\/pl\/wp-json\/wp\/v2\/comments?post=108425"}],"version-history":[{"count":1,"href":"https:\/\/www.secowarwick.com\/pl\/wp-json\/wp\/v2\/pages\/108425\/revisions"}],"predecessor-version":[{"id":171916,"href":"https:\/\/www.secowarwick.com\/pl\/wp-json\/wp\/v2\/pages\/108425\/revisions\/171916"}],"wp:attachment":[{"href":"https:\/\/www.secowarwick.com\/pl\/wp-json\/wp\/v2\/media?parent=108425"}],"curies":[{"name":"wp","href":"https:\/\/api.w.org\/{rel}","templated":true}]}}