{"id":113553,"date":"2021-04-09T08:08:43","date_gmt":"2021-04-09T06:08:43","guid":{"rendered":"http:\/\/www.secowarwick.com\/produkty\/obrobka-cieplna-aluminium\/contact\/"},"modified":"2021-04-12T11:55:38","modified_gmt":"2021-04-12T09:55:38","slug":"kontakt","status":"publish","type":"page","link":"https:\/\/www.secowarwick.com\/pl\/produkty\/obrobka-cieplna-aluminium\/kontakt\/","title":{"rendered":"Znajd\u017a kontakt do przedstawiciela dzia\u0142u Obr\u00f3bki cieplnej aluminium i Linii CAB"},"content":{"rendered":"<div id=\"main-content\" class=\"contact-page\"><div class=\"container\"><div id=\"app\"><productdivision lang=\"pl\" section=\"vacumm\"><\/productdivision><\/div><\/div><div style=\"clear: both\"><\/div><\/div>\n","protected":false},"excerpt":{"rendered":"","protected":false},"author":2,"featured_media":0,"parent":7102,"menu_order":0,"comment_status":"closed","ping_status":"closed","template":"","meta":{"_acf_changed":false,"_et_pb_use_builder":"","_et_pb_old_content":"","_et_gb_content_width":"","footnotes":""},"class_list":["post-113553","page","type-page","status-publish"],"acf":[],"_links":{"self":[{"href":"https:\/\/www.secowarwick.com\/pl\/wp-json\/wp\/v2\/pages\/113553","targetHints":{"allow":["GET"]}}],"collection":[{"href":"https:\/\/www.secowarwick.com\/pl\/wp-json\/wp\/v2\/pages"}],"about":[{"href":"https:\/\/www.secowarwick.com\/pl\/wp-json\/wp\/v2\/types\/page"}],"author":[{"embeddable":true,"href":"https:\/\/www.secowarwick.com\/pl\/wp-json\/wp\/v2\/users\/2"}],"replies":[{"embeddable":true,"href":"https:\/\/www.secowarwick.com\/pl\/wp-json\/wp\/v2\/comments?post=113553"}],"version-history":[{"count":0,"href":"https:\/\/www.secowarwick.com\/pl\/wp-json\/wp\/v2\/pages\/113553\/revisions"}],"up":[{"embeddable":true,"href":"https:\/\/www.secowarwick.com\/pl\/wp-json\/wp\/v2\/pages\/7102"}],"wp:attachment":[{"href":"https:\/\/www.secowarwick.com\/pl\/wp-json\/wp\/v2\/media?parent=113553"}],"curies":[{"name":"wp","href":"https:\/\/api.w.org\/{rel}","templated":true}]}}