{"id":113666,"date":"2021-04-13T13:24:04","date_gmt":"2021-04-13T11:24:04","guid":{"rendered":"http:\/\/www.secowarwick.com\/?page_id=113666"},"modified":"2024-10-25T09:19:51","modified_gmt":"2024-10-25T07:19:51","slug":"innowacje","status":"publish","type":"page","link":"https:\/\/www.secowarwick.com\/pl\/innowacje\/","title":{"rendered":"Innowacje"},"content":{"rendered":"<p>[et_pb_section fb_built=&#8221;1&#8243; module_class=&#8221;skos-slider-bottom innowacje-top&#8221; _builder_version=&#8221;4.16&#8243; background_image=&#8221;https:\/\/www.secowarwick.com\/wp-content\/uploads\/2018\/07\/slider-3.jpg&#8221; custom_padding=&#8221;0px||0px|&#8221; global_colors_info=&#8221;{}&#8221;][et_pb_row _builder_version=&#8221;4.16&#8243; custom_padding=&#8221;0px||0px|&#8221; global_colors_info=&#8221;{}&#8221;][et_pb_column type=&#8221;4_4&#8243; _builder_version=&#8221;4.16&#8243; custom_padding=&#8221;|||&#8221; global_colors_info=&#8221;{}&#8221; custom_padding__hover=&#8221;|||&#8221;][et_pb_text admin_label=&#8221;apostrof&#8221; module_class=&#8221;przecinek-tlo inne-naglowki&#8221; _builder_version=&#8221;4.19.2&#8243; global_colors_info=&#8221;{}&#8221;]<\/p>\n<h1>Innowacje<\/h1>\n<p>[\/et_pb_text][et_pb_text module_class=&#8221;naglowek-innowacje&#8221; _builder_version=&#8221;4.16&#8243; header_2_text_color=&#8221;#ffffff&#8221; global_colors_info=&#8221;{}&#8221;]<\/p>\n<h2>Moc Grupy SECO\/WARWICK, to moc jej innowacji mierzona odleg\u0142o\u015bci\u0105 mi\u0119dzy firm\u0105 a jej konkurentami. A tak\u017ce liczb\u0105 patent\u00f3w i znak\u00f3w towarowych, wdro\u017conych projekt\u00f3w i d\u0142ug\u0105 list\u0105 referencji i klient\u00f3w na ca\u0142ym \u015bwiecie.<\/h2>\n<p>[\/et_pb_text][\/et_pb_column][\/et_pb_row][\/et_pb_section][et_pb_section fb_built=&#8221;1&#8243; module_class=&#8221;innowacje-sekcja&#8221; _builder_version=&#8221;4.16&#8243; custom_margin=&#8221;||0px|&#8221; custom_padding=&#8221;||0px|&#8221; global_colors_info=&#8221;{}&#8221;][et_pb_row _builder_version=&#8221;4.16&#8243; global_colors_info=&#8221;{}&#8221;][et_pb_column type=&#8221;4_4&#8243; module_class=&#8221;innowacje-liczniki&#8221; _builder_version=&#8221;4.16&#8243; custom_padding=&#8221;|||&#8221; global_colors_info=&#8221;{}&#8221; custom_padding__hover=&#8221;|||&#8221;][et_pb_number_counter title=&#8221;patent\u00f3w&#8221; number=&#8221;70&#8243; percent_sign=&#8221;off&#8221; _builder_version=&#8221;4.16&#8243; title_font_size=&#8221;28&#8243; number_font=&#8221;Titillium Web||||||||&#8221; number_font_size=&#8221;52&#8243; global_colors_info=&#8221;{}&#8221;][\/et_pb_number_counter][et_pb_number_counter title=&#8221;marek&#8221; number=&#8221;25&#8243; percent_sign=&#8221;off&#8221; _builder_version=&#8221;4.16&#8243; title_font_size=&#8221;28&#8243; number_font=&#8221;Titillium Web||||||||&#8221; number_font_size=&#8221;52&#8243; global_colors_info=&#8221;{}&#8221;][\/et_pb_number_counter][et_pb_number_counter title=&#8221;wsp\u00f3\u0142pracuj\u0105cych uniwersytet\u00f3w&#8221; number=&#8221;10&#8243; percent_sign=&#8221;off&#8221; _builder_version=&#8221;4.16&#8243; title_font_size=&#8221;28&#8243; number_font=&#8221;Titillium Web||||||||&#8221; number_font_size=&#8221;52&#8243; global_colors_info=&#8221;{}&#8221;][\/et_pb_number_counter][et_pb_number_counter title=&#8221;nagr\u00f3d&#8221; number=&#8221;70&#8243; percent_sign=&#8221;off&#8221; _builder_version=&#8221;4.16&#8243; title_font_size=&#8221;28&#8243; number_font=&#8221;Titillium Web||||||||&#8221; number_font_size=&#8221;52&#8243; global_colors_info=&#8221;{}&#8221;][\/et_pb_number_counter][et_pb_number_counter title=&#8221;SECO\/LAB&#8221; number=&#8221;1&#8243; percent_sign=&#8221;off&#8221; _builder_version=&#8221;4.16&#8243; title_font_size=&#8221;28&#8243; number_font=&#8221;Titillium Web||||||||&#8221; number_font_size=&#8221;52&#8243; global_colors_info=&#8221;{}&#8221;][\/et_pb_number_counter][et_pb_number_counter title=&#8221;inzynier\u00f3w&#8221; number=&#8221;60&#8243; _builder_version=&#8221;4.16&#8243; title_font_size=&#8221;28&#8243; number_font=&#8221;Titillium Web||||||||&#8221; number_font_size=&#8221;52&#8243; global_colors_info=&#8221;{}&#8221;][\/et_pb_number_counter][\/et_pb_column][\/et_pb_row][\/et_pb_section][et_pb_section fb_built=&#8221;1&#8243; custom_padding_last_edited=&#8221;on|phone&#8221; module_class=&#8221;dolny-zerowy&#8221; _builder_version=&#8221;4.16&#8243; custom_margin=&#8221;0px|||&#8221; custom_margin_tablet=&#8221;&#8221; custom_margin_phone=&#8221;&#8221; custom_margin_last_edited=&#8221;on|phone&#8221; custom_padding=&#8221;0px|||&#8221; custom_padding_tablet=&#8221;&#8221; custom_padding_phone=&#8221;0px||0px|&#8221; global_colors_info=&#8221;{}&#8221;][et_pb_row column_structure=&#8221;1_2,1_2&#8243; custom_padding_last_edited=&#8221;on|phone&#8221; _builder_version=&#8221;4.16&#8243; custom_padding_tablet=&#8221;&#8221; custom_padding_phone=&#8221;||0px|&#8221; global_colors_info=&#8221;{}&#8221;][et_pb_column type=&#8221;1_2&#8243; _builder_version=&#8221;4.16&#8243; custom_padding=&#8221;|||&#8221; global_colors_info=&#8221;{}&#8221; custom_padding__hover=&#8221;|||&#8221;][et_pb_text admin_label=&#8221;apostrof&#8221; module_class=&#8221;przecinek-tlo-nizej&#8221; _builder_version=&#8221;4.16&#8243; global_colors_info=&#8221;{}&#8221;]By\u0107 liderem<br \/>\n[\/et_pb_text][et_pb_text module_class=&#8221;link-nowy apostrof-pusty&#8221; _builder_version=&#8221;4.16&#8243; text_font_size=&#8221;16px&#8221; global_colors_info=&#8221;{}&#8221;]<\/p>\n<h2>By by\u0107 liderem,<br \/>tworzymy i wdra\u017camy<br \/>technologie \u0142ami\u0105ce regu\u0142y<\/h2>\n<p>&nbsp;<\/p>\n<p>Patent\u00f3w nie sprowadzamy wy\u0142\u0105cznie do statystyk. S\u0105 to przemy\u015blane i silnie ukierunkowane na klienta rozwi\u0105zania, dzi\u0119ki kt\u00f3rym zdobywamy przewag\u0119 konkurencyjn\u0105. Opatentowane przez nas wynalazki i rozwi\u0105zania w zakresie m.in. piec\u00f3w pr\u00f3\u017cniowych, technologii naw\u0119glania pr\u00f3\u017cniowego, piec\u00f3w do wy\u017carzania aluminium, s\u0105 z powodzeniem stosowane i urzeczywistniane w codziennej pracy klient\u00f3w na ca\u0142ym \u015bwiecie.<\/p>\n<p>&nbsp;<\/p>\n<p><a href=\"https:\/\/www.secowarwick.com\/pl\/produkty\/najnowsze-technologie\/\">Dowiedz si\u0119 wi\u0119cej<\/a><\/p>\n<p>[\/et_pb_text][\/et_pb_column][et_pb_column type=&#8221;1_2&#8243; _builder_version=&#8221;4.16&#8243; custom_padding=&#8221;|||&#8221; global_colors_info=&#8221;{}&#8221; custom_padding__hover=&#8221;|||&#8221;][et_pb_image src=&#8221;https:\/\/www.secowarwick.com\/wp-content\/uploads\/2021\/04\/robohand_back-all-v1.png&#8221; align_tablet=&#8221;center&#8221; align_phone=&#8221;&#8221; align_last_edited=&#8221;on|desktop&#8221; module_class=&#8221;foto-podramie&#8221; _builder_version=&#8221;4.23.1&#8243; hover_enabled=&#8221;0&#8243; global_colors_info=&#8221;{}&#8221; alt=&#8221;By by\u0107 liderem, tworzymy i wdra\u017camy technologie \u0142ami\u0105ce regu\u0142y&#8221; sticky_enabled=&#8221;0&#8243;][\/et_pb_image][et_pb_image src=&#8221;https:\/\/www.secowarwick.com\/wp-content\/uploads\/2021\/04\/ramie.png&#8221; align_tablet=&#8221;center&#8221; align_phone=&#8221;&#8221; align_last_edited=&#8221;on|desktop&#8221; admin_label=&#8221;ramie&#8221; module_id=&#8221;ramie-sekcja&#8221; module_class=&#8221;ramie-foto&#8221; _builder_version=&#8221;4.23.1&#8243; custom_margin_tablet=&#8221;&#8221; custom_margin_phone=&#8221;&#8221; custom_margin_last_edited=&#8221;on|desktop&#8221; hover_enabled=&#8221;0&#8243; global_colors_info=&#8221;{}&#8221; alt=&#8221;By by\u0107 liderem, tworzymy i wdra\u017camy technologie \u0142ami\u0105ce regu\u0142y&#8221; sticky_enabled=&#8221;0&#8243;][\/et_pb_image][\/et_pb_column][\/et_pb_row][\/et_pb_section][et_pb_section fb_built=&#8221;1&#8243; module_class=&#8221;skos-bialo-szary-gora innowacje-outsourcing&#8221; _builder_version=&#8221;4.16&#8243; background_color=&#8221;#f5f5f5&#8243; custom_margin=&#8221;0px|||&#8221; custom_padding=&#8221;0px|||&#8221; global_colors_info=&#8221;{}&#8221;][et_pb_row column_structure=&#8221;1_2,1_2&#8243; _builder_version=&#8221;4.16&#8243; background_size=&#8221;initial&#8221; background_position=&#8221;top_left&#8221; background_repeat=&#8221;repeat&#8221; global_colors_info=&#8221;{}&#8221;][et_pb_column type=&#8221;1_2&#8243; _builder_version=&#8221;4.16&#8243; custom_padding=&#8221;|||&#8221; global_colors_info=&#8221;{}&#8221; custom_padding__hover=&#8221;|||&#8221;][et_pb_image src=&#8221;https:\/\/www.secowarwick.com\/wp-content\/uploads\/2021\/05\/outsourcing.png&#8221; align_tablet=&#8221;center&#8221; align_phone=&#8221;&#8221; align_last_edited=&#8221;on|desktop&#8221; _builder_version=&#8221;4.23.1&#8243; hover_enabled=&#8221;0&#8243; global_colors_info=&#8221;{}&#8221; alt=&#8221;Dajemy dost\u0119p do specjalistycznej grupy in\u017cynierskiej&#8221; sticky_enabled=&#8221;0&#8243;][\/et_pb_image][\/et_pb_column][et_pb_column type=&#8221;1_2&#8243; _builder_version=&#8221;4.16&#8243; custom_padding=&#8221;|||&#8221; global_colors_info=&#8221;{}&#8221; custom_padding__hover=&#8221;|||&#8221;][et_pb_text admin_label=&#8221;apostrof&#8221; module_class=&#8221;przecinek-tlo-nizej&#8221; _builder_version=&#8221;4.16&#8243; custom_margin=&#8221;50px|||&#8221; custom_margin_tablet=&#8221;&#8221; custom_margin_phone=&#8221;&#8221; custom_margin_last_edited=&#8221;on|phone&#8221; global_colors_info=&#8221;{}&#8221;]Outsourcing<br \/>\n[\/et_pb_text][et_pb_text admin_label=&#8221;outsourcing&#8221; module_class=&#8221;link-nowy apostrof-pusty&#8221; _builder_version=&#8221;4.16&#8243; text_font_size=&#8221;16px&#8221; global_colors_info=&#8221;{}&#8221;]<\/p>\n<h2>Dajemy dost\u0119p do<br \/>\nspecjalistycznej grupy in\u017cynierskiej<\/h2>\n<p>&nbsp;<\/p>\n<p>Jednak, to potrzeby klient\u00f3w wyznaczaj\u0105 nowe \u015bcie\u017cki rozwoju naszego, firmy i produkt\u00f3w. Projekty badawczo-rozwojowe, laboratoria, \u015bwiatowa kadra naukowa i mocna grupa in\u017cynier\u00f3w &#8211; tak pracujemy nad rozwi\u0105zaniami, kt\u00f3re najefektywniej b\u0119d\u0105 wspiera\u0107 klient\u00f3w. Innowacja ma dla nas wiele imion &#8211; jednym z nich jest dost\u0119p do specjalistycznej wiedzy in\u017cynierskiej, kt\u00f3ra jest biurem konstrukcyjnym realizuj\u0105cym ca\u0142o\u015bciowe projekty in\u017cynierskie.<\/p>\n<p>&nbsp;<\/p>\n<p><a href=\"https:\/\/www.secowarwick.com\/pl\/outsourcing-inzynierow\/\">Dowiedz si\u0119 wi\u0119cej<\/a><br \/>\n[\/et_pb_text][\/et_pb_column][\/et_pb_row][\/et_pb_section][et_pb_section fb_built=&#8221;1&#8243; module_id=&#8221;innovationsrd&#8221; module_class=&#8221;trojtak-szary-lewy-dol&#8221; _builder_version=&#8221;4.16&#8243; custom_margin=&#8221;0px|||&#8221; custom_padding=&#8221;0px|||&#8221; global_colors_info=&#8221;{}&#8221;][et_pb_row column_structure=&#8221;1_2,1_2&#8243; custom_padding_last_edited=&#8221;on|phone&#8221; _builder_version=&#8221;4.16&#8243; custom_padding=&#8221;80px|||&#8221; custom_padding_tablet=&#8221;&#8221; custom_padding_phone=&#8221;&#8221; global_colors_info=&#8221;{}&#8221;][et_pb_column type=&#8221;1_2&#8243; _builder_version=&#8221;4.16&#8243; custom_padding=&#8221;|||&#8221; global_colors_info=&#8221;{}&#8221; custom_padding__hover=&#8221;|||&#8221;][et_pb_text admin_label=&#8221;apostrof&#8221; module_class=&#8221;przecinek-tlo-nizej&#8221; _builder_version=&#8221;4.16&#8243; global_colors_info=&#8221;{}&#8221;]R&amp;D<br \/>\n[\/et_pb_text][et_pb_text admin_label=&#8221;rd&#8221; module_class=&#8221;link-nowy apostrof-pusty&#8221; _builder_version=&#8221;4.16&#8243; text_font_size=&#8221;16px&#8221; global_colors_info=&#8221;{}&#8221;]<\/p>\n<h2>Dzia\u0142 Bada\u0144 i Rozwoju<br \/>SECO\/WARWICK<\/h2>\n<p>&nbsp;<\/p>\n<p>Prowadzimy w\u0142asne i unikalne badania, pe\u0142ne testy metalograficzne, rozwija otrzyman\u0105 lub zakupion\u0105 technologi\u0119 i wsp\u00f3lnie z dzia\u0142ami produktowymi tworzy unikatowe rozwi\u0105zania. Zesp\u00f3\u0142 R&amp;D poszukuje innowacyjnych rozwi\u0105za\u0144, analizuje zagadnienia konstrukcyjno-technologiczne oraz optymalizuje procesy poprzez wdra\u017canie najnowszych zdobyczy nauki i techniki. Wszystko po to, aby sprosta\u0107 potrzebom rynku oraz indywidualnego klienta.<\/p>\n<p style=\"text-align: right;\"><a href=\"https:\/\/www.youtube.com\/watch?v=Qgj72e-lJ08\">Zobacz\u00a0<\/a><\/p>\n<p>[\/et_pb_text][\/et_pb_column][et_pb_column type=&#8221;1_2&#8243; _builder_version=&#8221;4.16&#8243; custom_padding=&#8221;|||&#8221; global_colors_info=&#8221;{}&#8221; custom_padding__hover=&#8221;|||&#8221;][et_pb_image src=&#8221;https:\/\/www.secowarwick.com\/wp-content\/uploads\/2021\/04\/RD.png&#8221; align_tablet=&#8221;center&#8221; align_phone=&#8221;&#8221; align_last_edited=&#8221;on|desktop&#8221; module_class=&#8221;foto-podramie&#8221; _builder_version=&#8221;4.23.1&#8243; hover_enabled=&#8221;0&#8243; global_colors_info=&#8221;{}&#8221; alt=&#8221;Dzia\u0142 Bada\u0144 i Rozwoju SECO\/WARWICK&#8221; sticky_enabled=&#8221;0&#8243;][\/et_pb_image][\/et_pb_column][\/et_pb_row][\/et_pb_section][et_pb_section fb_built=&#8221;1&#8243; module_id=&#8221;innovationssecolab&#8221; module_class=&#8221;skos-trojkat-dol skos-trojkat-gora&#8221; _builder_version=&#8221;4.16&#8243; background_image=&#8221;https:\/\/www.secowarwick.com\/wp-content\/uploads\/2021\/04\/innovation_tlo.jpg&#8221; parallax=&#8221;on&#8221; parallax_method=&#8221;off&#8221; global_colors_info=&#8221;{}&#8221;][et_pb_row _builder_version=&#8221;4.16&#8243; background_size=&#8221;initial&#8221; background_position=&#8221;top_left&#8221; background_repeat=&#8221;repeat&#8221; global_colors_info=&#8221;{}&#8221;][et_pb_column type=&#8221;4_4&#8243; _builder_version=&#8221;4.16&#8243; custom_padding=&#8221;|||&#8221; global_colors_info=&#8221;{}&#8221; custom_padding__hover=&#8221;|||&#8221;][et_pb_text admin_label=&#8221;apostrof&#8221; module_class=&#8221;przecinek-tlo-nizej&#8221; _builder_version=&#8221;4.16&#8243; custom_padding=&#8221;50px|||&#8221; custom_css_main_element=&#8221;max-width: 60px;||margin-left: auto;||margin-right: auto;&#8221; global_colors_info=&#8221;{}&#8221;][\/et_pb_text][et_pb_text admin_label=&#8221;SECO\/LAB&#8221; _builder_version=&#8221;4.16&#8243; text_text_color=&#8221;#ffffff&#8221; header_2_text_color=&#8221;#ffffff&#8221; text_font_size_tablet=&#8221;&#8221; text_font_size_phone=&#8221;17px&#8221; text_font_size_last_edited=&#8221;on|phone&#8221; global_colors_info=&#8221;{}&#8221;]<\/p>\n<h2 style=\"text-align: center;\">SECO\/LAB\u00ae<\/h2>\n<p>&nbsp;<\/p>\n<p style=\"text-align: center;\">SECO\/LAB\u00ae to szybkie i profesjonalne pr\u00f3by technologiczne, a wnioski pomagaj\u0105 w rozwoju i optymalizacji proces\u00f3w, co jest niezb\u0119dne, je\u015bli chce si\u0119 wygrywa\u0107 zaawansowan\u0105 technik\u0105, a nie cen\u0105. W\u0142asne laboratorium metalograficzne (SECO\/LAB\u00ae) umo\u017cliwia przeprowadzanie zaawansowanych badan \u0301obejmuj\u0105cych m.in. analiz\u0119 struktury metalu obserwowan\u0105 na odpowiednio przygotowanych<br \/>\npr\u00f3bkach przy du\u017cych powi\u0119kszeniach.<\/p>\n<p>&nbsp;<br \/>\n[\/et_pb_text][\/et_pb_column][\/et_pb_row][\/et_pb_section][et_pb_section fb_built=&#8221;1&#8243; _builder_version=&#8221;4.16&#8243; custom_margin=&#8221;0px|||&#8221; global_colors_info=&#8221;{}&#8221;][et_pb_row column_structure=&#8221;1_2,1_2&#8243; _builder_version=&#8221;4.16&#8243; background_size=&#8221;initial&#8221; background_position=&#8221;top_left&#8221; background_repeat=&#8221;repeat&#8221; global_colors_info=&#8221;{}&#8221;][et_pb_column type=&#8221;1_2&#8243; _builder_version=&#8221;4.16&#8243; custom_padding=&#8221;|||&#8221; global_colors_info=&#8221;{}&#8221; custom_padding__hover=&#8221;|||&#8221;][et_pb_image src=&#8221;https:\/\/www.secowarwick.com\/wp-content\/uploads\/2021\/04\/SECOLENS.png&#8221; align_tablet=&#8221;center&#8221; align_phone=&#8221;&#8221; align_last_edited=&#8221;on|desktop&#8221; module_class=&#8221;foto-podramie&#8221; _builder_version=&#8221;4.23.1&#8243; hover_enabled=&#8221;0&#8243; global_colors_info=&#8221;{}&#8221; alt=&#8221;SECO\/LENS\u00ae&#8221; sticky_enabled=&#8221;0&#8243;][\/et_pb_image][\/et_pb_column][et_pb_column type=&#8221;1_2&#8243; _builder_version=&#8221;4.16&#8243; custom_padding=&#8221;|||&#8221; global_colors_info=&#8221;{}&#8221; custom_padding__hover=&#8221;|||&#8221;][et_pb_text admin_label=&#8221;apostrof&#8221; module_class=&#8221;przecinek-tlo-nizej&#8221; _builder_version=&#8221;4.16&#8243; custom_css_main_element=&#8221;min-height: 70px;&#8221; global_colors_info=&#8221;{}&#8221;][\/et_pb_text][et_pb_text admin_label=&#8221;secolens&#8221; module_class=&#8221;link-nowy apostrof-pusty&#8221; _builder_version=&#8221;4.16&#8243; text_font_size=&#8221;16px&#8221; global_colors_info=&#8221;{}&#8221;]<\/p>\n<h2>SECO\/LENS\u00ae<\/h2>\n<p>&nbsp;<\/p>\n<p>To nowa era pracy z urz\u0105dzeniami SECO\/WARWICK &#8211; era interakcji. Wprowadzenie wirtualnych technologii do naszego procesu produkcji, obs\u0142ugi rozwi\u0105za\u0144 czy serwisowania urz\u0105dze\u0144 marki SECO\/WARWICK jest ju\u017c faktem. SECO\/LENS\u00ae cho\u0107 noszone na g\u0142owie, jak tradycyjne okulary, trudno nazwa\u0107 okularami, bowiem ten magiczny pasek, jest rz\u0119dem czujnik\u00f3w, wy\u015bwietlaczem i procesorem przetwarzaj\u0105cym dane w jednym. SECO\/LENS mog\u0105 m.in. opracowany wcze\u015bniej model 3D urz\u0105dzenia nak\u0142ada\u0107 na jego rzeczywisty obraz.<\/p>\n<p>&nbsp;<\/p>\n<p><a href=\"https:\/\/www.secowarwick.com\/pl\/secolens\/\">Dowiedz si\u0119 wi\u0119cej<\/a><br \/>\n[\/et_pb_text][\/et_pb_column][\/et_pb_row][\/et_pb_section]<\/p>\n","protected":false},"excerpt":{"rendered":"<p>InnowacjeMoc Grupy SECO\/WARWICK, to moc jej innowacji mierzona odleg\u0142o\u015bci\u0105 mi\u0119dzy firm\u0105 a jej konkurentami. A tak\u017ce liczb\u0105 patent\u00f3w i znak\u00f3w towarowych, wdro\u017conych projekt\u00f3w i d\u0142ug\u0105 list\u0105 referencji i klient\u00f3w na ca\u0142ym \u015bwiecie. By\u0107 liderem By by\u0107 liderem,tworzymy i wdra\u017camytechnologie \u0142ami\u0105ce regu\u0142y &nbsp; Patent\u00f3w nie sprowadzamy wy\u0142\u0105cznie do statystyk. S\u0105 to przemy\u015blane i silnie ukierunkowane na [&hellip;]<\/p>\n","protected":false},"author":2,"featured_media":113743,"parent":0,"menu_order":0,"comment_status":"closed","ping_status":"closed","template":"","meta":{"_acf_changed":false,"_et_pb_use_builder":"on","_et_pb_old_content":"","_et_gb_content_width":"","footnotes":""},"class_list":["post-113666","page","type-page","status-publish","has-post-thumbnail"],"acf":[],"_links":{"self":[{"href":"https:\/\/www.secowarwick.com\/pl\/wp-json\/wp\/v2\/pages\/113666","targetHints":{"allow":["GET"]}}],"collection":[{"href":"https:\/\/www.secowarwick.com\/pl\/wp-json\/wp\/v2\/pages"}],"about":[{"href":"https:\/\/www.secowarwick.com\/pl\/wp-json\/wp\/v2\/types\/page"}],"author":[{"embeddable":true,"href":"https:\/\/www.secowarwick.com\/pl\/wp-json\/wp\/v2\/users\/2"}],"replies":[{"embeddable":true,"href":"https:\/\/www.secowarwick.com\/pl\/wp-json\/wp\/v2\/comments?post=113666"}],"version-history":[{"count":7,"href":"https:\/\/www.secowarwick.com\/pl\/wp-json\/wp\/v2\/pages\/113666\/revisions"}],"predecessor-version":[{"id":165784,"href":"https:\/\/www.secowarwick.com\/pl\/wp-json\/wp\/v2\/pages\/113666\/revisions\/165784"}],"wp:featuredmedia":[{"embeddable":true,"href":"https:\/\/www.secowarwick.com\/pl\/wp-json\/wp\/v2\/media\/113743"}],"wp:attachment":[{"href":"https:\/\/www.secowarwick.com\/pl\/wp-json\/wp\/v2\/media?parent=113666"}],"curies":[{"name":"wp","href":"https:\/\/api.w.org\/{rel}","templated":true}]}}