{"id":114185,"date":"2021-04-26T07:47:58","date_gmt":"2021-04-26T05:47:58","guid":{"rendered":"http:\/\/www.secowarwick.com\/?page_id=114185"},"modified":"2025-10-30T09:35:51","modified_gmt":"2025-10-30T08:35:51","slug":"dopalacz-urzadzenie-redukujace-emisje-lotnych-zwiazkow-organicznych-lzo","status":"publish","type":"page","link":"https:\/\/www.secowarwick.com\/pl\/produkty\/obrobka-cieplna-aluminium\/dopalacz-urzadzenie-redukujace-emisje-lotnych-zwiazkow-organicznych-lzo\/","title":{"rendered":"Redukcja LZO \u2013 redukcja emisji lotnych zwi\u0105zk\u00f3w organicznych"},"content":{"rendered":"<p>[et_pb_section fb_built=&#8221;1&#8243; _builder_version=&#8221;4.16&#8243; global_colors_info=&#8221;{}&#8221;][et_pb_row _builder_version=&#8221;4.16&#8243; background_size=&#8221;initial&#8221; background_position=&#8221;top_left&#8221; background_repeat=&#8221;repeat&#8221; global_colors_info=&#8221;{}&#8221;][et_pb_column type=&#8221;4_4&#8243; _builder_version=&#8221;4.16&#8243; custom_padding=&#8221;|||&#8221; global_colors_info=&#8221;{}&#8221; custom_padding__hover=&#8221;|||&#8221;][et_pb_image src=&#8221;https:\/\/www.secowarwick.com\/wp-content\/uploads\/2021\/05\/slider-Afterburner-1.jpg&#8221; alt=&#8221;Redukcja LZO \u2013 urz\u0105dzenie redukuj\u0105ce emisj\u0119 lotnych zwi\u0105zk\u00f3w organicznych (Dopalacz)&#8221; title_text=&#8221;Redukcja LZO \u2013 urz\u0105dzenie redukuj\u0105ce emisj\u0119 lotnych zwi\u0105zk\u00f3w organicznych (Dopalacz)&#8221; align_tablet=&#8221;center&#8221; align_phone=&#8221;&#8221; align_last_edited=&#8221;on|desktop&#8221; _builder_version=&#8221;4.16&#8243; global_colors_info=&#8221;{}&#8221;][\/et_pb_image][\/et_pb_column][\/et_pb_row][\/et_pb_section][et_pb_section fb_built=&#8221;1&#8243; admin_label=&#8221;section&#8221; _builder_version=&#8221;4.16&#8243; custom_padding=&#8221;25px|||&#8221; transparent_background=&#8221;off&#8221; make_fullwidth=&#8221;off&#8221; use_custom_width=&#8221;off&#8221; width_unit=&#8221;on&#8221; global_colors_info=&#8221;{}&#8221;][et_pb_row column_structure=&#8221;3_4,1_4&#8243; admin_label=&#8221;row&#8221; _builder_version=&#8221;4.23.1&#8243; background_size=&#8221;initial&#8221; background_position=&#8221;top_left&#8221; background_repeat=&#8221;repeat&#8221; custom_margin=&#8221;0px|||&#8221; custom_padding=&#8221;0px|||&#8221; make_fullwidth=&#8221;off&#8221; use_custom_width=&#8221;off&#8221; width_unit=&#8221;on&#8221; global_colors_info=&#8221;{}&#8221;][et_pb_column type=&#8221;3_4&#8243; _builder_version=&#8221;4.16&#8243; custom_padding=&#8221;|||&#8221; global_colors_info=&#8221;{}&#8221; custom_padding__hover=&#8221;|||&#8221;][et_pb_breadcrumbs _builder_version=&#8221;4.10.3&#8243; _module_preset=&#8221;default&#8221; global_colors_info=&#8221;{}&#8221;][\/et_pb_breadcrumbs][et_pb_text module_class=&#8221;podtytuly&#8221; _builder_version=&#8221;4.23.1&#8243; global_colors_info=&#8221;{}&#8221;]<\/p>\n<h1>Redukcja LZO \u2013 urz\u0105dzenie redukuj\u0105ce emisj\u0119 lotnych zwi\u0105zk\u00f3w organicznych (Dopalacz)<\/h1>\n<p>Stosowany od\u00a0lat w\u00a0liniach do\u00a0produkcji aluminiowych wymiennik\u00f3w ciep\u0142a system dopalania, znalaz\u0142 swoje zastosowanie w\u00a0piecach do\u00a0wy\u017carzania zwoj\u00f3w ta\u015bmy aluminiowej, technologii Mass flow i\u00a0Vortex.<\/p>\n<p>Dopalacze termiczne s\u0105\u00a0stosowane w\u00a0przemy\u015ble motoryzacyjnym i\u00a0aluminiowym do\u00a0niszczenia zanieczyszcze\u0144 przemys\u0142owych, takich jak lotne zwi\u0105zki organiczne (LZO), w\u00a0szczeg\u00f3lno\u015bci w\u0119glowodory aromatyczne.<\/p>\n<p>[\/et_pb_text][et_pb_tabs module_class=&#8221;red-tabs eco-tab6&#8243; _builder_version=&#8221;4.23.1&#8243; custom_css_main_element=&#8221;margin-top: 2rem;||margin-bottom: 2rem;&#8221; global_colors_info=&#8221;{}&#8221;][et_pb_tab title=&#8221;Og\u00f3lne&#8221; _builder_version=&#8221;4.23.1&#8243; global_colors_info=&#8221;{}&#8221;]<\/p>\n<p>Dopalacz jest standardowym produktem w&nbsp;naszym firmowym portfolio, dostarczanym razem z&nbsp;odt\u0142uszczaczem (urz\u0105dzenie do&nbsp;termicznego usuwania oleju z&nbsp;powierzchni aluminiowych wymiennik\u00f3w ciep\u0142a) jako sk\u0142adowy element linii CAB. Projekt ten zacz\u0119to stosowa\u0107 podczas wy\u017carzania zwoj\u00f3w ta\u015bmy aluminiowej w&nbsp;piecach typu Vortex i&nbsp;Mass flow. Podczas procesu walcowania i&nbsp;ryflowania cz\u0119sto u\u017cywane s\u0105&nbsp;du\u017ce ilo\u015bci oleju, kt\u00f3ry&nbsp;odparowuje podczas procesu obr\u00f3bki cieplnej, wydzielaj\u0105c niebezpieczne zwi\u0105zki organiczne. W&nbsp;trosce o&nbsp;zdrowie i&nbsp;\u015brodowisko firma SECO\/WARWICK dostarcza rozwi\u0105zanie, kt\u00f3re zapewnia spe\u0142nienie norm emisji.<\/p>\n<p>[\/et_pb_tab][et_pb_tab title=&#8221;Opis&#8221; _builder_version=&#8221;4.23.1&#8243; global_colors_info=&#8221;{}&#8221;]<\/p>\n<p>Lotne zwi\u0105zki organiczne (LZO), z&nbsp;angielskiego Volatile Organic Compounds (VOC), nale\u017c\u0105 do&nbsp;grupy zwi\u0105zk\u00f3w organicznych, kt\u00f3re w&nbsp;obecno\u015bci \u015bwiat\u0142a s\u0142onecznego z&nbsp;\u0142atwo\u015bci\u0105 przechodz\u0105 w&nbsp;posta\u0107 gazu lub pary \u2013 uwalniaj\u0105c przy tym do&nbsp;\u015brodowiska szkodliwe substancje. LZO\u00a0 zawieraj\u0105 w&nbsp;swoim sk\u0142adzie r\u00f3\u017cne substancje chemiczne. Niekt\u00f3re z&nbsp;nich mog\u0105 mie\u0107 kr\u00f3tkotrwa\u0142y jak i&nbsp;d\u0142ugotrwa\u0142y niekorzystny wp\u0142yw dla zdrowia. Kr\u00f3tkotrwa\u0142e efekty zdrowotne obejmuj\u0105: podra\u017cnienie oczu, nosa i&nbsp;gard\u0142a, b\u00f3le g\u0142owy, utrat\u0119 koordynacji oraz&nbsp;nudno\u015bci. D\u0142ugotrwa\u0142e efekty mog\u0105 powodowa\u0107 powa\u017cniejsze uszkodzenia w\u0105troby, nerek i&nbsp;o\u015brodkowego uk\u0142adu nerwowego. D\u0142u\u017csze nara\u017cenia na&nbsp;wysokie st\u0119\u017cenie LZO mo\u017ce wywo\u0142a\u0107 choroby nowotworowe. W&nbsp;dopalaczu termicznym, zanieczyszczenia przemys\u0142owe takie jak LZO, po&nbsp;podgrzaniu do&nbsp;odpowiedniej temperatury, dzia\u0142aj\u0105 jako \u017ar\u00f3d\u0142o paliwa, zapewniaj\u0105c ca\u0142kowite spalanie. W&nbsp;trakcie procesu spalania zanieczyszczenia s\u0105&nbsp;chemicznie przekszta\u0142cane w&nbsp;nieszkodliwe produkty uboczne spalania, takie jak woda i&nbsp;dwutlenek w\u0119gla, kt\u00f3re mog\u0105 by\u0107 ju\u017c bezpiecznie odprowadzane jako spaliny. Z&nbsp;uwagi na&nbsp;wysok\u0105 temperatur\u0119 procesu, dopalacze termiczne s\u0105&nbsp;zazwyczaj wyposa\u017cone w&nbsp;system odzysku energii. Dzi\u0119ki systemom odzysku ciep\u0142a, mo\u017cliwe jest zmniejszenie konsumpcji energii a\u017c&nbsp;o&nbsp;70%.<\/p>\n<p style=\"text-align: justify;\">U\u017cycie energooszcz\u0119dnych dopalaczy jest zalecanym rozwi\u0105zaniem w\u00a0celu ochrony \u015brodowiska.<\/p>\n<p>[\/et_pb_tab][et_pb_tab title=&#8221;Cechy&#8221; _builder_version=&#8221;4.23.1&#8243; global_colors_info=&#8221;{}&#8221;]<\/p>\n<p><strong><span style=\"color: #dc291e;\">\/<\/span><\/strong> Spalanie lotnych zwi\u0105zk\u00f3w organicznych<br \/><strong><span style=\"color: #dc291e;\">\/<\/span><\/strong> Redukcja emisji LZO<br \/><strong><span style=\"color: #dc291e;\">\/<\/span><\/strong> Spalanie lotnych zwi\u0105zk\u00f3w organicznych, redukcja emisji LZO, mo\u017cliwo\u015b\u0107 zainstalowania wymiennika ciep\u0142a w&nbsp;celu zmniejszenia energoch\u0142onno\u015bci procesu spalania<br \/><strong><span style=\"color: #dc291e;\">\/<\/span><\/strong> Gazowy system grzejny sk\u0142adaj\u0105cy si\u0119 z&nbsp;jednego kompaktowego palnika z&nbsp;lini\u0105 gazow\u0105<br \/><strong><span style=\"color: #dc291e;\">\/<\/span><\/strong> Wysoko wydajna izolacja komory spalania<br \/><strong><span style=\"color: #dc291e;\">\/<\/span><\/strong> Niezale\u017cny system sterowania, wyposa\u017cony w&nbsp;system bezpiecze\u0144stwa na&nbsp;wypadek zaniku p\u0142omienia<\/p>\n<p>[\/et_pb_tab][et_pb_tab title=&#8221;Zalety&#8221; _builder_version=&#8221;4.23.1&#8243; global_colors_info=&#8221;{}&#8221;]<\/p>\n<p><strong><span style=\"color: #dc291e;\">\/<\/span><\/strong> Spalanie lotnych zwi\u0105zk\u00f3w organicznych ju\u017c w&nbsp;temperaturze 650\u00b0C<br \/><strong><span style=\"color: #dc291e;\">\/ <\/span><\/strong>Wysoka redukcja lotnych zwi\u0105zk\u00f3w organicznych (LZO) do&nbsp;50mg\/Nm3 TOC, zgodnie z&nbsp;europejskimi normami, a&nbsp;w&nbsp;szczeg\u00f3lnych przypadkach nawet do&nbsp;30mg\/Nm3 TOC<br \/><strong><span style=\"color: #dc291e;\">\/<\/span><\/strong> Mo\u017cliwo\u015b\u0107 zainstalowania dopalacza do&nbsp;ju\u017c posiadanego pieca<\/p>\n<p>[\/et_pb_tab][et_pb_tab title=&#8221;Procesy&#8221; _builder_version=&#8221;4.23.1&#8243; global_colors_info=&#8221;{}&#8221;]<\/p>\n<p><strong><span style=\"color: #dc291e;\">\/<\/span><\/strong> Lutowanie aluminium<br \/><strong><span style=\"color: #dc291e;\">\/<\/span><\/strong> Obr\u00f3bka cieplna metali<\/p>\n<p>[\/et_pb_tab][et_pb_tab title=&#8221;Przemys\u0142y&#8221; _builder_version=&#8221;4.23.1&#8243; global_colors_info=&#8221;{}&#8221;]<\/p>\n<p><strong><span style=\"color: #dc291e;\">\/<\/span><\/strong> Lotniczy<br \/><strong><span style=\"color: #dc291e;\">\/<\/span><\/strong> Samochodowy<\/p>\n<p>[\/et_pb_tab][et_pb_tab title=&#8221; &#8221; _builder_version=&#8221;4.23.1&#8243; _module_preset=&#8221;default&#8221; global_colors_info=&#8221;{}&#8221;]<\/p>\n<p><span style=\"color: #ff0000;\"><strong>\/<\/strong><\/span>\u00a0 W&nbsp;przypadku zaolejonych wsad\u00f3w redukcja emisji TOC do&nbsp;poziomu wymaganego normami<br \/><span style=\"color: #ff0000;\"><strong>\/<\/strong><\/span> Ekologiczna, biosoluble izolacja o&nbsp;odpowiednio dobranej grubo\u015bci w&nbsp;celu optymalizacji strat przez&nbsp;\u015bciany<\/p>\n<p>[\/et_pb_tab][\/et_pb_tabs][dipl_faq_page_schema title=&#8221;FAQ&#8221; _builder_version=&#8221;4.19.2&#8243; _module_preset=&#8221;default&#8221; global_colors_info=&#8221;{}&#8221;][dipl_faq_page_schema_item faq_question=&#8221;Czym s\u0105 lotne zwi\u0105zki organiczne (LZO, ang. VOC) i jak je usun\u0105\u0107 z pieca do wy\u017carzania zwoj\u00f3w aluminium?&#8221; _builder_version=&#8221;4.19.2&#8243; _module_preset=&#8221;default&#8221; global_colors_info=&#8221;{}&#8221;]<\/p>\n<p>Lotne zwi\u0105zki organiczne to&nbsp;grupa zwi\u0105zk\u00f3w organicznych, kt\u00f3re \u0142atwo ulatniaj\u0105 si\u0119 lub odparowuj\u0105 pod&nbsp;wp\u0142ywem \u015bwiat\u0142a s\u0142onecznego. Jednocze\u015bnie uwalniaj\u0105 niebezpieczne substancje do&nbsp;\u015brodowiska. LZO zawieraj\u0105 r\u00f3\u017cne chemikalia. Niekt\u00f3re z&nbsp;nich mog\u0105 mie\u0107 kr\u00f3tko- i&nbsp;d\u0142ugoterminowe negatywne skutki dla zdrowia. Kr\u00f3tkoterminowe skutki dla zdrowia obejmuj\u0105 podra\u017cnienie oczu, nosa i&nbsp;gard\u0142a, b\u00f3le g\u0142owy, zaburzenia koordynacji i&nbsp;nudno\u015bci. D\u0142ugotrwa\u0142e skutki mog\u0105 powodowa\u0107 powa\u017cn\u0105 niewydolno\u015b\u0107 w\u0105troby, nerek i&nbsp;o\u015brodkowego uk\u0142adu nerwowego. Podczas produkcji walcowanych na&nbsp;p\u0142asko wyrob\u00f3w aluminiowych oraz&nbsp;w&nbsp;procesie falowania cz\u0119sto zu\u017cywane s\u0105&nbsp;du\u017ce ilo\u015bci oleju. Olej odparowuje w&nbsp;procesie obr\u00f3bki cieplnej, wydzielaj\u0105c niebezpieczne zwi\u0105zki organiczne. Proces spalania LZO odbywa si\u0119 w&nbsp;Utleniaczu Termicznym co&nbsp;gwarantuje nisk\u0105 emisj\u0119 Ca\u0142kowitego W\u0119gla Organicznego, zgodn\u0105 z&nbsp;obowi\u0105zuj\u0105cymi normami. Zanieczyszczenia przemys\u0142owe po&nbsp;podgrzaniu do&nbsp;odpowiedniej temperatury stanowi\u0105 dodatkowe \u017ar\u00f3d\u0142o paliwa. To&nbsp;samo zapewnia wysoka efektywno\u015b\u0107 spalania LZO. Podczas spalania, zanieczyszczenia s\u0105&nbsp;chemicznie przekszta\u0142cane w&nbsp;nieszkodliwe produkty uboczne, takie jak woda i&nbsp;dwutlenek w\u0119gla. Nast\u0119pnie mo\u017ce by\u0107 on&nbsp;bezpiecznie odprowadzany jako spaliny. Z&nbsp;tego powodu Utleniacz Termiczny VOC (LZO) jest u\u017cywany w&nbsp;takich bran\u017cach jak walcownie aluminium, produkcja opakowa\u0144 do&nbsp;\u017cywno\u015bci, puszek, produkcja papieru, motoryzacja itp. w&nbsp;celu ochrony zdrowia i&nbsp;\u015brodowiska.<\/p>\n<p>[\/dipl_faq_page_schema_item][dipl_faq_page_schema_item faq_question=&#8221;Kt\u00f3re urz\u0105dzenie do usuwania lotnych zwi\u0105zk\u00f3w organicznych jest najbardziej ekonomiczne i wydajne?&#8221; _builder_version=&#8221;4.19.2&#8243; _module_preset=&#8221;default&#8221; global_colors_info=&#8221;{}&#8221;]<\/p>\n<p>Utleniacz Termiczny VOC jest stosunkowo ma\u0142ym i&nbsp;niedrogim urz\u0105dzeniem, ale&nbsp;bardzo skutecznie chroni \u015brodowisko poprzez spalanie Lotnych Zwi\u0105zk\u00f3w Organicznych. Nasze urz\u0105dzenia mog\u0105 by\u0107 nagrzewane gazowo lub elektrycznie i&nbsp;s\u0105&nbsp;dedykowane do&nbsp;instalacji, w&nbsp;kt\u00f3rych&nbsp;we&nbsp;wsadzie wyst\u0119puje du\u017ca ilo\u015b\u0107 oleju. Mo\u017ce by\u0107 wyposa\u017cony w&nbsp;wymiennik ciep\u0142a montowany wok\u00f3\u0142 komory spalania. Rozwi\u0105zanie to&nbsp;pozwala na&nbsp;zmniejszenie zu\u017cycia energii nawet o&nbsp;50% w&nbsp;por\u00f3wnaniu z&nbsp;uk\u0142adami bez&nbsp;odzysku ciep\u0142a (dla wybranych zastosowa\u0144).<\/p>\n<p>[\/dipl_faq_page_schema_item][\/dipl_faq_page_schema][et_pb_code _builder_version=&#8221;4.10.3&#8243; _module_preset=&#8221;default&#8221; global_module=&#8221;123769&#8243; saved_tabs=&#8221;all&#8221; global_colors_info=&#8221;{}&#8221;]<!-- [et_pb_line_break_holder] --><pee style=\"text-align: center;\"><a class=\"small-button smallred\" style=\"font-size: 20px; padding: 20px 60px;\" href=\"https:\/\/www.secowarwick.com\/pl\/zapytaj-o-oferte\/\"><span style=\"display: block; transform: skew(15deg,0deg); -webkit-transform: skew(15deg,0deg); font-size: 20px; !important\">ZAPYTAJ O OFERT\u0118<\/span><\/a><\/pee>[\/et_pb_code][\/et_pb_column][et_pb_column type=&#8221;1_4&#8243; _builder_version=&#8221;4.16&#8243; custom_padding=&#8221;|||&#8221; global_colors_info=&#8221;{}&#8221; custom_padding__hover=&#8221;|||&#8221;][et_pb_gallery gallery_ids=&#8221;142939,142953,142960,142967&#8243; posts_number=&#8221;1&#8243; show_title_and_caption=&#8221;off&#8221; show_pagination=&#8221;off&#8221; zoom_icon_color=&#8221;#e2001a&#8221; module_class=&#8221;seco-products-gallery-new&#8221; _builder_version=&#8221;4.23.1&#8243; custom_css_overlay_icon=&#8221;content:&#8217;ZOBACZ GALERI\u0118&#8217; !important;&#8221; locked=&#8221;off&#8221; global_colors_info=&#8221;{}&#8221;][\/et_pb_gallery][et_pb_text admin_label=&#8221;btn_pl_premiumlibrary&#8221; module_class=&#8221;premium-library-button&#8221; _builder_version=&#8221;4.23.1&#8243; _module_preset=&#8221;default&#8221; text_orientation=&#8221;center&#8221; global_module=&#8221;157169&#8243; saved_tabs=&#8221;all&#8221; locked=&#8221;off&#8221; global_colors_info=&#8221;{}&#8221;]<\/p>\n<a href='https:\/\/www.secowarwick.com\/pl\/trescipremium\/' class='small-button smallred'><span>TRE\u015aCI PREMIUM<\/span><\/a>\n<p>[\/et_pb_text][et_pb_text admin_label=&#8221;R&#038;D PL&#8221; module_class=&#8221;product_widget_wrap_rd&#8221; _builder_version=&#8221;4.23.1&#8243; _module_preset=&#8221;default&#8221; text_orientation=&#8221;center&#8221; global_module=&#8221;165497&#8243; saved_tabs=&#8221;all&#8221; locked=&#8221;off&#8221; global_colors_info=&#8221;{}&#8221;]<\/p>\n<p><a href=\"https:\/\/www.secowarwick.com\/pl\/rd\/\"><span class=\"product_wigtet_name\">R&amp;D<\/span><\/a><\/p>\n<p>[\/et_pb_text][et_pb_text admin_label=&#8221;AUTOMATYKA PL&#8221; module_class=&#8221;product_widget_wrap_automation&#8221; _builder_version=&#8221;4.23.1&#8243; _module_preset=&#8221;default&#8221; global_module=&#8221;165495&#8243; saved_tabs=&#8221;all&#8221; locked=&#8221;off&#8221; global_colors_info=&#8221;{}&#8221;]<\/p>\n<p><a href=\"https:\/\/www.secowarwick.com\/pl\/service\/automatyka\/\"><span class=\"product_wigtet_name\">AUTOMATYKA<\/span><\/a><\/p>\n<p>[\/et_pb_text][et_pb_text admin_label=&#8221;SERVICE PL&#8221; module_class=&#8221;product_widget_wrap_service&#8221; _builder_version=&#8221;4.23.1&#8243; _module_preset=&#8221;default&#8221; global_module=&#8221;165500&#8243; saved_tabs=&#8221;all&#8221; locked=&#8221;off&#8221; global_colors_info=&#8221;{}&#8221;]<\/p>\n<p><a href=\"https:\/\/www.secowarwick.com\/pl\/profesjonalne-uslugi-serwisowe\/\"><span class=\"product_wigtet_name\">SERWIS<\/span><\/a><\/p>\n<p>[\/et_pb_text][et_pb_text admin_label=&#8221;SUPLEMENTALS PL&#8221; module_class=&#8221;product_widget_wrap_supleme&#8221; _builder_version=&#8221;4.23.1&#8243; _module_preset=&#8221;default&#8221; global_module=&#8221;165502&#8243; saved_tabs=&#8221;all&#8221; locked=&#8221;off&#8221; global_colors_info=&#8221;{}&#8221;]<\/p>\n<p><span class=\"product_wigtet_name\">DODATKOWE:<\/span><\/p>\n<p>[\/et_pb_text][et_pb_text admin_label=&#8221;Product brochure&#8221; module_class=&#8221;suplementals_product_brochure suplementals_wrap&#8221; _builder_version=&#8221;4.23.1&#8243; _module_preset=&#8221;default&#8221; locked=&#8221;off&#8221; global_colors_info=&#8221;{}&#8221;]<\/p>\n<p><a href=\"https:\/\/www.secowarwick.com\/wp-content\/uploads\/2025\/07\/ALU-AFTERBURNER-WWW.pdf\" target=\"_blank\" rel=\"noopener\">Broszura produktu<\/a><\/p>\n<p>[\/et_pb_text][et_pb_text admin_label=&#8221;Product catalogue alu pl&#8221; module_class=&#8221;suplementals_product_catalogue suplementals_wrap&#8221; _builder_version=&#8221;4.23.1&#8243; _module_preset=&#8221;default&#8221; global_module=&#8221;170202&#8243; saved_tabs=&#8221;all&#8221; locked=&#8221;off&#8221; global_colors_info=&#8221;{}&#8221;]<\/p>\n<p><a href=\"https:\/\/www.secowarwick.com\/wp-content\/uploads\/2025\/02\/Aluminum_Furnaces_catalogue.pdf\" target=\"_blank\" rel=\"noopener\">Katalog produkt\u00f3w<\/a><\/p>\n<p>[\/et_pb_text][et_pb_text admin_label=&#8221;Product infographic&#8221; module_class=&#8221;suplementals_product_infographic suplementals_wrap&#8221; _builder_version=&#8221;4.23.1&#8243; _module_preset=&#8221;default&#8221; locked=&#8221;off&#8221; global_colors_info=&#8221;{}&#8221;]<\/p>\n<p><a href=\"https:\/\/www.secowarwick.com\/wp-content\/uploads\/2023\/06\/Afterburner-reduces-the-emission-of-VOC.jpg\" target=\"_blank\" rel=\"noopener\">Infografika produktu<\/a><\/p>\n<p>[\/et_pb_text][et_pb_text admin_label=&#8221;Product movie playlist alu pl&#8221; module_class=&#8221;suplementals_product_movie suplementals_wrap&#8221; _builder_version=&#8221;4.23.1&#8243; _module_preset=&#8221;default&#8221; global_module=&#8221;170199&#8243; saved_tabs=&#8221;all&#8221; locked=&#8221;off&#8221; global_colors_info=&#8221;{}&#8221;]<\/p>\n<p><a href=\"https:\/\/www.youtube.com\/playlist?list=PLa0hhW_hoQqEsIHM5LQtr9h_9UlwGFBO8\" target=\"_blank\" rel=\"noopener\">Film produktowy<\/a><\/p>\n<p>[\/et_pb_text][et_pb_text admin_label=&#8221;dnabook-pl&#8221; module_class=&#8221;suplementals_product_dna suplementals_wrap&#8221; _builder_version=&#8221;4.23.1&#8243; _module_preset=&#8221;default&#8221; global_module=&#8221;165509&#8243; saved_tabs=&#8221;all&#8221; locked=&#8221;off&#8221; global_colors_info=&#8221;{}&#8221;]<\/p>\n<p><a href=\"https:\/\/www.secowarwick.com\/wp-content\/uploads\/2025\/07\/DNA_BOOK.pdf\" target=\"_blank\" rel=\"noopener\">DNA\/BOOK<\/a><\/p>\n<p>[\/et_pb_text][et_pb_text admin_label=&#8221;ECO\/BOOK-pl&#8221; module_class=&#8221;suplementals_product_eco suplementals_wrap&#8221; _builder_version=&#8221;4.23.1&#8243; _module_preset=&#8221;default&#8221; global_module=&#8221;165511&#8243; saved_tabs=&#8221;all&#8221; locked=&#8221;off&#8221; global_colors_info=&#8221;{}&#8221;]<\/p>\n<p><a href=\"https:\/\/www.secowarwick.com\/wp-content\/uploads\/2023\/06\/ECOBOOK-2-1.pdf\" target=\"_blank\" rel=\"noopener\">ECO\/BOOK<\/a><\/p>\n<p>[\/et_pb_text][et_pb_text admin_label=&#8221;RFQ product widget pl&#8221; module_class=&#8221;product_widget_wrap_rfq-en&#8221; _builder_version=&#8221;4.23.1&#8243; _module_preset=&#8221;default&#8221; global_module=&#8221;186180&#8243; saved_tabs=&#8221;all&#8221; global_colors_info=&#8221;{}&#8221; locked=&#8221;off&#8221;]<\/p>\n<p style=\"text-align: center;\"><a class=\"small-button smallred\" href=\"https:\/\/www.secowarwick.com\/pl\/zapytaj-o-oferte\/\"><span class=\"product_wigtet_name\">ZAPYTAJ O&nbsp;OFERT\u0118<\/span><\/a><\/p>\n<p>[\/et_pb_text][\/et_pb_column][\/et_pb_row][\/et_pb_section]<\/p>\n","protected":false},"excerpt":{"rendered":"<p>[et_pb_breadcrumbs _builder_version=&#8221;4.10.3&#8243; _module_preset=&#8221;default&#8221; global_colors_info=&#8221;{}&#8221;][\/et_pb_breadcrumbs]Redukcja LZO \u2013 urz\u0105dzenie redukuj\u0105ce emisj\u0119 lotnych zwi\u0105zk\u00f3w organicznych (Dopalacz) Stosowany od\u00a0lat w\u00a0liniach do\u00a0produkcji aluminiowych wymiennik\u00f3w ciep\u0142a system dopalania, znalaz\u0142 swoje zastosowanie w\u00a0piecach do\u00a0wy\u017carzania zwoj\u00f3w ta\u015bmy aluminiowej, technologii Mass flow i\u00a0Vortex. Dopalacze termiczne s\u0105\u00a0stosowane w\u00a0przemy\u015ble motoryzacyjnym i\u00a0aluminiowym do\u00a0niszczenia zanieczyszcze\u0144 przemys\u0142owych, takich jak lotne zwi\u0105zki organiczne (LZO), w\u00a0szczeg\u00f3lno\u015bci w\u0119glowodory aromatyczne.Dopalacz jest standardowym produktem [&hellip;]<\/p>\n","protected":false},"author":2,"featured_media":116553,"parent":7102,"menu_order":0,"comment_status":"closed","ping_status":"closed","template":"","meta":{"_acf_changed":false,"_et_pb_use_builder":"on","_et_pb_old_content":"","_et_gb_content_width":"","footnotes":""},"class_list":["post-114185","page","type-page","status-publish","has-post-thumbnail"],"acf":[],"_links":{"self":[{"href":"https:\/\/www.secowarwick.com\/pl\/wp-json\/wp\/v2\/pages\/114185","targetHints":{"allow":["GET"]}}],"collection":[{"href":"https:\/\/www.secowarwick.com\/pl\/wp-json\/wp\/v2\/pages"}],"about":[{"href":"https:\/\/www.secowarwick.com\/pl\/wp-json\/wp\/v2\/types\/page"}],"author":[{"embeddable":true,"href":"https:\/\/www.secowarwick.com\/pl\/wp-json\/wp\/v2\/users\/2"}],"replies":[{"embeddable":true,"href":"https:\/\/www.secowarwick.com\/pl\/wp-json\/wp\/v2\/comments?post=114185"}],"version-history":[{"count":28,"href":"https:\/\/www.secowarwick.com\/pl\/wp-json\/wp\/v2\/pages\/114185\/revisions"}],"predecessor-version":[{"id":186229,"href":"https:\/\/www.secowarwick.com\/pl\/wp-json\/wp\/v2\/pages\/114185\/revisions\/186229"}],"up":[{"embeddable":true,"href":"https:\/\/www.secowarwick.com\/pl\/wp-json\/wp\/v2\/pages\/7102"}],"wp:featuredmedia":[{"embeddable":true,"href":"https:\/\/www.secowarwick.com\/pl\/wp-json\/wp\/v2\/media\/116553"}],"wp:attachment":[{"href":"https:\/\/www.secowarwick.com\/pl\/wp-json\/wp\/v2\/media?parent=114185"}],"curies":[{"name":"wp","href":"https:\/\/api.w.org\/{rel}","templated":true}]}}