{"id":120944,"date":"2021-10-19T11:56:02","date_gmt":"2021-10-19T09:56:02","guid":{"rendered":"https:\/\/www.secowarwick.com\/?page_id=120944"},"modified":"2021-10-19T12:57:17","modified_gmt":"2021-10-19T10:57:17","slug":"nagroda-gospodarcza-marszalka-wojewodztwa-2021","status":"publish","type":"page","link":"https:\/\/www.secowarwick.com\/pl\/informacje\/nagroda-gospodarcza-marszalka-wojewodztwa-2021\/","title":{"rendered":"Nagroda Gospodarcza Marsza\u0142ka Wojew\u00f3dztwa Lubuskiego 2021"},"content":{"rendered":"<p>7 pa\u017adziernika 2021 r., w ramach Kongresu Gospodarczego, odby\u0142a si\u0119 uroczysta gala, na kt\u00f3rej zaprezentowano laureat\u00f3w Nagrody Gospodarczej Marsza\u0142ka Wojew\u00f3dztwa Lubuskiego 2021. Konkurs mia\u0142 charakter honorowy i promowa\u0142 najlepszych przedsi\u0119biorc\u00f3w Wojew\u00f3dztwa Lubuskiego w czterech kategoriach: mikro, ma\u0142e, \u015brednie i du\u017ce przedsi\u0119biorstwo. Na podium stan\u0119\u0142o SECO\/WARWICK, kt\u00f3re zaj\u0119\u0142o III miejsce w kategorii du\u017ce przedsi\u0119biorstwo. Nagrod\u0119 odebra\u0142 Prezes Zarz\u0105du Grupy SECO\/WARWICK &#8211; S\u0142awomir Wo\u017aniak.<\/p>\n<p><img decoding=\"async\" class=\"alignnone size-full wp-image-120931\" src=\"https:\/\/www.secowarwick.com\/wp-content\/uploads\/2021\/10\/CEO1.jpg\" alt=\"Lubuskie Province Marshal's Economic Award 2021 for SECO\/WARWICK\" width=\"2400\" height=\"1260\" srcset=\"https:\/\/www.secowarwick.com\/wp-content\/uploads\/2021\/10\/CEO1.jpg 2400w, https:\/\/www.secowarwick.com\/wp-content\/uploads\/2021\/10\/CEO1-1280x672.jpg 1280w, https:\/\/www.secowarwick.com\/wp-content\/uploads\/2021\/10\/CEO1-980x515.jpg 980w, https:\/\/www.secowarwick.com\/wp-content\/uploads\/2021\/10\/CEO1-480x252.jpg 480w\" sizes=\"(min-width: 0px) and (max-width: 480px) 480px, (min-width: 481px) and (max-width: 980px) 980px, (min-width: 981px) and (max-width: 1280px) 1280px, (min-width: 1281px) 2400px, 100vw\" \/> <img decoding=\"async\" class=\"alignnone size-full wp-image-120938\" src=\"https:\/\/www.secowarwick.com\/wp-content\/uploads\/2021\/10\/CEO2.jpg\" alt=\"Lubuskie Province Marshal's Economic Award 2021 for SECO\/WARWICK\" width=\"2400\" height=\"1260\" srcset=\"https:\/\/www.secowarwick.com\/wp-content\/uploads\/2021\/10\/CEO2.jpg 2400w, https:\/\/www.secowarwick.com\/wp-content\/uploads\/2021\/10\/CEO2-1280x672.jpg 1280w, https:\/\/www.secowarwick.com\/wp-content\/uploads\/2021\/10\/CEO2-980x515.jpg 980w, https:\/\/www.secowarwick.com\/wp-content\/uploads\/2021\/10\/CEO2-480x252.jpg 480w\" sizes=\"(min-width: 0px) and (max-width: 480px) 480px, (min-width: 481px) and (max-width: 980px) 980px, (min-width: 981px) and (max-width: 1280px) 1280px, (min-width: 1281px) 2400px, 100vw\" \/><\/p>\n","protected":false},"excerpt":{"rendered":"<p>7 pa\u017adziernika 2021 r., w ramach Kongresu Gospodarczego, odby\u0142a si\u0119 uroczysta gala, na kt\u00f3rej zaprezentowano laureat\u00f3w Nagrody Gospodarczej Marsza\u0142ka Wojew\u00f3dztwa Lubuskiego 2021. Konkurs mia\u0142 charakter honorowy i promowa\u0142 najlepszych przedsi\u0119biorc\u00f3w Wojew\u00f3dztwa Lubuskiego w czterech kategoriach: mikro, ma\u0142e, \u015brednie i du\u017ce przedsi\u0119biorstwo. Na podium stan\u0119\u0142o SECO\/WARWICK, kt\u00f3re zaj\u0119\u0142o III miejsce w kategorii du\u017ce przedsi\u0119biorstwo. Nagrod\u0119 odebra\u0142 [&hellip;]<\/p>\n","protected":false},"author":2,"featured_media":0,"parent":7300,"menu_order":0,"comment_status":"closed","ping_status":"closed","template":"","meta":{"_acf_changed":false,"_et_pb_use_builder":"","_et_pb_old_content":"","_et_gb_content_width":"","footnotes":""},"class_list":["post-120944","page","type-page","status-publish"],"acf":[],"_links":{"self":[{"href":"https:\/\/www.secowarwick.com\/pl\/wp-json\/wp\/v2\/pages\/120944","targetHints":{"allow":["GET"]}}],"collection":[{"href":"https:\/\/www.secowarwick.com\/pl\/wp-json\/wp\/v2\/pages"}],"about":[{"href":"https:\/\/www.secowarwick.com\/pl\/wp-json\/wp\/v2\/types\/page"}],"author":[{"embeddable":true,"href":"https:\/\/www.secowarwick.com\/pl\/wp-json\/wp\/v2\/users\/2"}],"replies":[{"embeddable":true,"href":"https:\/\/www.secowarwick.com\/pl\/wp-json\/wp\/v2\/comments?post=120944"}],"version-history":[{"count":3,"href":"https:\/\/www.secowarwick.com\/pl\/wp-json\/wp\/v2\/pages\/120944\/revisions"}],"predecessor-version":[{"id":121002,"href":"https:\/\/www.secowarwick.com\/pl\/wp-json\/wp\/v2\/pages\/120944\/revisions\/121002"}],"up":[{"embeddable":true,"href":"https:\/\/www.secowarwick.com\/pl\/wp-json\/wp\/v2\/pages\/7300"}],"wp:attachment":[{"href":"https:\/\/www.secowarwick.com\/pl\/wp-json\/wp\/v2\/media?parent=120944"}],"curies":[{"name":"wp","href":"https:\/\/api.w.org\/{rel}","templated":true}]}}