{"id":122286,"date":"2021-11-23T11:29:53","date_gmt":"2021-11-23T10:29:53","guid":{"rendered":"https:\/\/www.secowarwick.com\/?page_id=122286"},"modified":"2021-11-23T14:05:58","modified_gmt":"2021-11-23T13:05:58","slug":"laur-bezpieczenstwa","status":"publish","type":"page","link":"https:\/\/www.secowarwick.com\/pl\/informacje\/laur-bezpieczenstwa\/","title":{"rendered":"LAUR BEZPIECZE\u0143STWA"},"content":{"rendered":"<p>17.11.2021r., SECO\/WARWICK z nagrod\u0105 &#8222;LAUR BEZPIECZE\u0143STWA&#8221;, przyznawan\u0105 pracodawcom za szczeg\u00f3lne osi\u0105gni\u0119cia na rzecz tworzenia bezpiecznego i przyjaznego miejsca pracy.<\/p>\n<p><span style=\"font-style: inherit; font-weight: inherit;\">BEZPIECZE\u0143STWO jest jedn\u0105 z naszych warto\u015bci, nie tylko dostarczanych produkt\u00f3w, ale i miejsca \u00a0naszej pracy, st\u0105d wyr\u00f3\u017cnienie to cenimy tym bardziej, \u017ce ka\u017cdego kapitu\u0142a konkursowa dostrzega to co ka\u017cdego dnia doceniaj\u0105 nasi pracownicy.<\/span><\/p>\n<p><img decoding=\"async\" class=\"alignnone size-full wp-image-122281\" src=\"https:\/\/www.secowarwick.com\/wp-content\/uploads\/2021\/11\/Laur-bezpieczenstwa.jpg\" alt=\"Laur Bezpiecze\u0144stwa 2021 dla SECO\/WARWICK\" width=\"695\" height=\"522\" srcset=\"https:\/\/www.secowarwick.com\/wp-content\/uploads\/2021\/11\/Laur-bezpieczenstwa.jpg 695w, https:\/\/www.secowarwick.com\/wp-content\/uploads\/2021\/11\/Laur-bezpieczenstwa-480x361.jpg 480w\" sizes=\"(min-width: 0px) and (max-width: 480px) 480px, (min-width: 481px) 695px, 100vw\" \/><\/p>\n","protected":false},"excerpt":{"rendered":"<p>17.11.2021r., SECO\/WARWICK z nagrod\u0105 &#8222;LAUR BEZPIECZE\u0143STWA&#8221;, przyznawan\u0105 pracodawcom za szczeg\u00f3lne osi\u0105gni\u0119cia na rzecz tworzenia bezpiecznego i przyjaznego miejsca pracy. BEZPIECZE\u0143STWO jest jedn\u0105 z naszych warto\u015bci, nie tylko dostarczanych produkt\u00f3w, ale i miejsca \u00a0naszej pracy, st\u0105d wyr\u00f3\u017cnienie to cenimy tym bardziej, \u017ce ka\u017cdego kapitu\u0142a konkursowa dostrzega to co ka\u017cdego dnia doceniaj\u0105 nasi pracownicy.<\/p>\n","protected":false},"author":2,"featured_media":122281,"parent":7300,"menu_order":0,"comment_status":"closed","ping_status":"closed","template":"","meta":{"_acf_changed":false,"_et_pb_use_builder":"","_et_pb_old_content":"","_et_gb_content_width":"","footnotes":""},"class_list":["post-122286","page","type-page","status-publish","has-post-thumbnail"],"acf":[],"_links":{"self":[{"href":"https:\/\/www.secowarwick.com\/pl\/wp-json\/wp\/v2\/pages\/122286","targetHints":{"allow":["GET"]}}],"collection":[{"href":"https:\/\/www.secowarwick.com\/pl\/wp-json\/wp\/v2\/pages"}],"about":[{"href":"https:\/\/www.secowarwick.com\/pl\/wp-json\/wp\/v2\/types\/page"}],"author":[{"embeddable":true,"href":"https:\/\/www.secowarwick.com\/pl\/wp-json\/wp\/v2\/users\/2"}],"replies":[{"embeddable":true,"href":"https:\/\/www.secowarwick.com\/pl\/wp-json\/wp\/v2\/comments?post=122286"}],"version-history":[{"count":5,"href":"https:\/\/www.secowarwick.com\/pl\/wp-json\/wp\/v2\/pages\/122286\/revisions"}],"predecessor-version":[{"id":122315,"href":"https:\/\/www.secowarwick.com\/pl\/wp-json\/wp\/v2\/pages\/122286\/revisions\/122315"}],"up":[{"embeddable":true,"href":"https:\/\/www.secowarwick.com\/pl\/wp-json\/wp\/v2\/pages\/7300"}],"wp:featuredmedia":[{"embeddable":true,"href":"https:\/\/www.secowarwick.com\/pl\/wp-json\/wp\/v2\/media\/122281"}],"wp:attachment":[{"href":"https:\/\/www.secowarwick.com\/pl\/wp-json\/wp\/v2\/media?parent=122286"}],"curies":[{"name":"wp","href":"https:\/\/api.w.org\/{rel}","templated":true}]}}