{"id":122317,"date":"2021-11-23T13:54:32","date_gmt":"2021-11-23T12:54:32","guid":{"rendered":"https:\/\/www.secowarwick.com\/informacje\/employer-safe-work-organizer\/"},"modified":"2023-10-23T07:53:02","modified_gmt":"2023-10-23T05:53:02","slug":"pracodawca-organizator-pracy-bezpiecznej","status":"publish","type":"page","link":"https:\/\/www.secowarwick.com\/pl\/informacje\/pracodawca-organizator-pracy-bezpiecznej\/","title":{"rendered":"PRACODAWCA &#8211; ORGANIZATOR PRACY BEZPIECZNEJ"},"content":{"rendered":"<p>17.11.2021 r., SECO\/WARWICK z nagrod\u0105 &#8222;PRACODAWCA &#8211; ORGANIZATOR PRACY BEZPIECZNEJ&#8221;, przyznawan\u0105 pracodawcom za szczeg\u00f3lne osi\u0105gni\u0119cia na rzecz tworzenia bezpiecznego i przyjaznego miejsca pracy.<br \/>\nBEZPIECZE\u0143STWO jest jedn\u0105 z naszych warto\u015bci, nie tylko dostarczanych produkt\u00f3w, ale i miejsca \u00a0naszej pracy, st\u0105d wyr\u00f3\u017cnienie to cenimy tym bardziej, \u017ce ka\u017cdego kapitu\u0142a konkursowa dostrzega to co ka\u017cdego dnia doceniaj\u0105 nasi pracownicy.<\/p>\n<p><img decoding=\"async\" class=\"alignnone size-full wp-image-122274\" src=\"https:\/\/www.secowarwick.com\/wp-content\/uploads\/2021\/11\/Pracodawca-organizator-pracy-bezpiecznej.jpg\" alt=\"2021, SECO\/WARWICK with the &quot; EMPLOYER - SAFE WORK ORGANIZER\" width=\"1000\" height=\"750\" srcset=\"https:\/\/www.secowarwick.com\/wp-content\/uploads\/2021\/11\/Pracodawca-organizator-pracy-bezpiecznej.jpg 1000w, https:\/\/www.secowarwick.com\/wp-content\/uploads\/2021\/11\/Pracodawca-organizator-pracy-bezpiecznej-980x735.jpg 980w, https:\/\/www.secowarwick.com\/wp-content\/uploads\/2021\/11\/Pracodawca-organizator-pracy-bezpiecznej-480x360.jpg 480w\" sizes=\"(min-width: 0px) and (max-width: 480px) 480px, (min-width: 481px) and (max-width: 980px) 980px, (min-width: 981px) 1000px, 100vw\" \/><\/p>\n<p>&nbsp;<\/p>\n","protected":false},"excerpt":{"rendered":"<p>17.11.2021 r., SECO\/WARWICK z nagrod\u0105 &#8222;PRACODAWCA &#8211; ORGANIZATOR PRACY BEZPIECZNEJ&#8221;, przyznawan\u0105 pracodawcom za szczeg\u00f3lne osi\u0105gni\u0119cia na rzecz tworzenia bezpiecznego i przyjaznego miejsca pracy. BEZPIECZE\u0143STWO jest jedn\u0105 z naszych warto\u015bci, nie tylko dostarczanych produkt\u00f3w, ale i miejsca \u00a0naszej pracy, st\u0105d wyr\u00f3\u017cnienie to cenimy tym bardziej, \u017ce ka\u017cdego kapitu\u0142a konkursowa dostrzega to co ka\u017cdego dnia doceniaj\u0105 nasi [&hellip;]<\/p>\n","protected":false},"author":2,"featured_media":122274,"parent":7300,"menu_order":0,"comment_status":"closed","ping_status":"closed","template":"","meta":{"_acf_changed":false,"_et_pb_use_builder":"","_et_pb_old_content":"","_et_gb_content_width":"","footnotes":""},"class_list":["post-122317","page","type-page","status-publish","has-post-thumbnail"],"acf":[],"_links":{"self":[{"href":"https:\/\/www.secowarwick.com\/pl\/wp-json\/wp\/v2\/pages\/122317","targetHints":{"allow":["GET"]}}],"collection":[{"href":"https:\/\/www.secowarwick.com\/pl\/wp-json\/wp\/v2\/pages"}],"about":[{"href":"https:\/\/www.secowarwick.com\/pl\/wp-json\/wp\/v2\/types\/page"}],"author":[{"embeddable":true,"href":"https:\/\/www.secowarwick.com\/pl\/wp-json\/wp\/v2\/users\/2"}],"replies":[{"embeddable":true,"href":"https:\/\/www.secowarwick.com\/pl\/wp-json\/wp\/v2\/comments?post=122317"}],"version-history":[{"count":6,"href":"https:\/\/www.secowarwick.com\/pl\/wp-json\/wp\/v2\/pages\/122317\/revisions"}],"predecessor-version":[{"id":147669,"href":"https:\/\/www.secowarwick.com\/pl\/wp-json\/wp\/v2\/pages\/122317\/revisions\/147669"}],"up":[{"embeddable":true,"href":"https:\/\/www.secowarwick.com\/pl\/wp-json\/wp\/v2\/pages\/7300"}],"wp:featuredmedia":[{"embeddable":true,"href":"https:\/\/www.secowarwick.com\/pl\/wp-json\/wp\/v2\/media\/122274"}],"wp:attachment":[{"href":"https:\/\/www.secowarwick.com\/pl\/wp-json\/wp\/v2\/media?parent=122317"}],"curies":[{"name":"wp","href":"https:\/\/api.w.org\/{rel}","templated":true}]}}