{"id":123015,"date":"2022-01-14T14:19:58","date_gmt":"2022-01-14T13:19:58","guid":{"rendered":"https:\/\/www.secowarwick.com\/ospolce\/nagrody-i-wyroznienia\/award-statuetka-sukiennika\/"},"modified":"2022-09-05T11:06:01","modified_gmt":"2022-09-05T09:06:01","slug":"nagroda-statuetka-sukiennika","status":"publish","type":"page","link":"https:\/\/www.secowarwick.com\/pl\/ospolce\/nagrody-i-wyroznienia\/nagroda-statuetka-sukiennika\/","title":{"rendered":"Statuetka Sukiennika \u015awiebodzi\u0144skiego"},"content":{"rendered":"<p>SECO\/WARWICK otrzyma\u0142o \u201eStatuetk\u0119 Sukiennika \u015awiebodzi\u0144skiego\u201d, za zas\u0142ugi gospodarczo-przemys\u0142owe. Statuetka z numerem 1 zosta\u0142a wr\u0119czona 8 stycznia 2022r, podczas uroczystego Koncertu Noworocznego. To ogromne wyr\u00f3\u017cnienie od spo\u0142eczno\u015bci i urz\u0119du lokalnego odebra\u0142 Prezes S\u0142awomir Wo\u017aniak.<\/p>\n<p>SECO\/WARWICK jako \u015bwiatowy lider bran\u017cy przemys\u0142u obr\u00f3bki cieplnej metali, ma istotny wp\u0142yw na \u017cycie spo\u0142eczne, kulturalne, naukowe oraz sportowe spo\u0142eczno\u015bci lokalnej Gminy \u015awiebodzin. SECO\/WARWICK swoje polskie korzenie ma w du\u017cych zak\u0142adach przemys\u0142owych LZT Elterma, kt\u00f3re r\u00f3wnie\u017c od pocz\u0105tku swego powstania, silnie wp\u0142ywa\u0142y na \u017cycie spo\u0142eczne lokalnej spo\u0142eczno\u015bci m.in. poprzez stworzenie Zak\u0142adowego Domu Kultury \u201eTermo\u201d, a tak\u017ce wspieranie lokalnych zespo\u0142\u00f3w muzycznych.<\/p>\n<p>Wsp\u00f3lna historia, powtarzaj\u0105ce si\u0119 osi\u0105gni\u0119cia gospodarcze oraz aktywny udzia\u0142 w \u017cyciu spo\u0142ecznym miasta, by\u0142y jednymi z wielu czynnik\u00f3w uhonorowania firmy \u201eStatuetk\u0105 Sukiennika \u015awiebodzi\u0144skiego\u201d.<\/p>\n<p><img decoding=\"async\" class=\"aligncenter wp-image-123002 size-full\" src=\"https:\/\/www.secowarwick.com\/wp-content\/uploads\/2022\/01\/s2.jpg\" alt=\"\u201cStatuetka Sukiennika \u015awiebodzi\u0144skiego\u201d award SECO\/WARWICK\" width=\"1200\" height=\"800\" srcset=\"https:\/\/www.secowarwick.com\/wp-content\/uploads\/2022\/01\/s2.jpg 1200w, https:\/\/www.secowarwick.com\/wp-content\/uploads\/2022\/01\/s2-980x653.jpg 980w, https:\/\/www.secowarwick.com\/wp-content\/uploads\/2022\/01\/s2-480x320.jpg 480w\" sizes=\"(min-width: 0px) and (max-width: 480px) 480px, (min-width: 481px) and (max-width: 980px) 980px, (min-width: 981px) 1200px, 100vw\" \/><\/p>\n<p><img decoding=\"async\" class=\"alignnone wp-image-123009 size-full\" src=\"https:\/\/www.secowarwick.com\/wp-content\/uploads\/2022\/01\/782A3693-scaled.jpg\" alt=\"\u201cStatuetka Sukiennika \u015awiebodzi\u0144skiego\u201d award SECO\/WARWICK\" width=\"2560\" height=\"1707\" srcset=\"https:\/\/www.secowarwick.com\/wp-content\/uploads\/2022\/01\/782A3693-scaled.jpg 2560w, https:\/\/www.secowarwick.com\/wp-content\/uploads\/2022\/01\/782A3693-1280x854.jpg 1280w, https:\/\/www.secowarwick.com\/wp-content\/uploads\/2022\/01\/782A3693-980x653.jpg 980w, https:\/\/www.secowarwick.com\/wp-content\/uploads\/2022\/01\/782A3693-480x320.jpg 480w\" sizes=\"(min-width: 0px) and (max-width: 480px) 480px, (min-width: 481px) and (max-width: 980px) 980px, (min-width: 981px) and (max-width: 1280px) 1280px, (min-width: 1281px) 2560px, 100vw\" \/><\/p>\n","protected":false},"excerpt":{"rendered":"<p>SECO\/WARWICK otrzyma\u0142o \u201eStatuetk\u0119 Sukiennika \u015awiebodzi\u0144skiego\u201d, za zas\u0142ugi gospodarczo-przemys\u0142owe. Statuetka z numerem 1 zosta\u0142a wr\u0119czona 8 stycznia 2022r, podczas uroczystego Koncertu Noworocznego. To ogromne wyr\u00f3\u017cnienie od spo\u0142eczno\u015bci i urz\u0119du lokalnego odebra\u0142 Prezes S\u0142awomir Wo\u017aniak. SECO\/WARWICK jako \u015bwiatowy lider bran\u017cy przemys\u0142u obr\u00f3bki cieplnej metali, ma istotny wp\u0142yw na \u017cycie spo\u0142eczne, kulturalne, naukowe oraz sportowe spo\u0142eczno\u015bci lokalnej Gminy [&hellip;]<\/p>\n","protected":false},"author":2,"featured_media":123002,"parent":6722,"menu_order":0,"comment_status":"closed","ping_status":"closed","template":"","meta":{"_acf_changed":false,"_et_pb_use_builder":"","_et_pb_old_content":"","_et_gb_content_width":"","footnotes":""},"class_list":["post-123015","page","type-page","status-publish","has-post-thumbnail"],"acf":[],"_links":{"self":[{"href":"https:\/\/www.secowarwick.com\/pl\/wp-json\/wp\/v2\/pages\/123015","targetHints":{"allow":["GET"]}}],"collection":[{"href":"https:\/\/www.secowarwick.com\/pl\/wp-json\/wp\/v2\/pages"}],"about":[{"href":"https:\/\/www.secowarwick.com\/pl\/wp-json\/wp\/v2\/types\/page"}],"author":[{"embeddable":true,"href":"https:\/\/www.secowarwick.com\/pl\/wp-json\/wp\/v2\/users\/2"}],"replies":[{"embeddable":true,"href":"https:\/\/www.secowarwick.com\/pl\/wp-json\/wp\/v2\/comments?post=123015"}],"version-history":[{"count":3,"href":"https:\/\/www.secowarwick.com\/pl\/wp-json\/wp\/v2\/pages\/123015\/revisions"}],"predecessor-version":[{"id":130428,"href":"https:\/\/www.secowarwick.com\/pl\/wp-json\/wp\/v2\/pages\/123015\/revisions\/130428"}],"up":[{"embeddable":true,"href":"https:\/\/www.secowarwick.com\/pl\/wp-json\/wp\/v2\/pages\/6722"}],"wp:featuredmedia":[{"embeddable":true,"href":"https:\/\/www.secowarwick.com\/pl\/wp-json\/wp\/v2\/media\/123002"}],"wp:attachment":[{"href":"https:\/\/www.secowarwick.com\/pl\/wp-json\/wp\/v2\/media?parent=123015"}],"curies":[{"name":"wp","href":"https:\/\/api.w.org\/{rel}","templated":true}]}}