{"id":123350,"date":"2021-04-26T12:20:15","date_gmt":"2021-04-26T10:20:15","guid":{"rendered":"https:\/\/www.secowarwick.com\/produkty\/obrobka-cieplna-aluminium\/melting-holding-furnaces-for-aluminum\/"},"modified":"2025-10-30T09:29:03","modified_gmt":"2025-10-30T08:29:03","slug":"piece-do-topienia-i-wytrzymywania-aluminium","status":"publish","type":"page","link":"https:\/\/www.secowarwick.com\/pl\/produkty\/obrobka-cieplna-aluminium\/piece-do-topienia-i-wytrzymywania-aluminium\/","title":{"rendered":"Piece do topienia i wytrzymywania aluminium"},"content":{"rendered":"<p>[et_pb_section fb_built=&#8221;1&#8243; _builder_version=&#8221;4.16&#8243; custom_margin=&#8221;||0px|&#8221; custom_padding=&#8221;||0px|&#8221; global_colors_info=&#8221;{}&#8221;][et_pb_row _builder_version=&#8221;4.16&#8243; background_size=&#8221;initial&#8221; background_position=&#8221;top_left&#8221; background_repeat=&#8221;repeat&#8221; global_colors_info=&#8221;{}&#8221;][et_pb_column type=&#8221;4_4&#8243; _builder_version=&#8221;4.16&#8243; custom_padding=&#8221;|||&#8221; global_colors_info=&#8221;{}&#8221; custom_padding__hover=&#8221;|||&#8221;][et_pb_image src=&#8221;https:\/\/www.secowarwick.com\/wp-content\/uploads\/2021\/05\/melting-furnace_header2.jpg&#8221; alt=&#8221;Piece do topienia i wytrzymywania aluminium&#8221; align_tablet=&#8221;center&#8221; align_phone=&#8221;&#8221; align_last_edited=&#8221;on|desktop&#8221; _builder_version=&#8221;4.23.1&#8243; custom_padding=&#8221;||25px|&#8221; global_colors_info=&#8221;{}&#8221;][\/et_pb_image][et_pb_breadcrumbs _builder_version=&#8221;3.6&#8243; global_colors_info=&#8221;{}&#8221;][\/et_pb_breadcrumbs][\/et_pb_column][\/et_pb_row][\/et_pb_section][et_pb_section fb_built=&#8221;1&#8243; admin_label=&#8221;section&#8221; _builder_version=&#8221;4.16&#8243; custom_margin=&#8221;0px|||&#8221; custom_padding=&#8221;0px|||&#8221; global_colors_info=&#8221;{}&#8221;][et_pb_row column_structure=&#8221;3_4,1_4&#8243; admin_label=&#8221;row&#8221; _builder_version=&#8221;4.16&#8243; background_size=&#8221;initial&#8221; background_position=&#8221;top_left&#8221; background_repeat=&#8221;repeat&#8221; custom_margin=&#8221;0px|||&#8221; custom_padding=&#8221;0px|||&#8221; make_fullwidth=&#8221;off&#8221; use_custom_width=&#8221;off&#8221; width_unit=&#8221;on&#8221; global_colors_info=&#8221;{}&#8221;][et_pb_column type=&#8221;3_4&#8243; _builder_version=&#8221;4.16&#8243; custom_padding=&#8221;|||&#8221; global_colors_info=&#8221;{}&#8221; custom_padding__hover=&#8221;|||&#8221;][et_pb_text _builder_version=&#8221;4.23.1&#8243; background_size=&#8221;initial&#8221; background_position=&#8221;top_left&#8221; background_repeat=&#8221;repeat&#8221; global_colors_info=&#8221;{}&#8221;]<\/p>\n<h1>Piece do\u00a0topienia i\u00a0wytrzymywania aluminium<\/h1>\n<h3>Konstrukcja gwarantuj\u0105ca doskona\u0142\u0105 wydajno\u015b\u0107<\/h3>\n<p>Naszym klientom w&nbsp;Ameryce P\u00f3\u0142nocnej i&nbsp;Po\u0142udniowej oferujemy urz\u0105dzenia do&nbsp;topienia i&nbsp;wytrzymywania. Marka SECO\/WARWICK to&nbsp;synonim jako\u015bci i&nbsp;wydajno\u015bci, na&nbsp;kt\u00f3rych&nbsp;polega\u0107 mo\u017ce globalna bran\u017ca aluminium. Dzi\u0119ki wieloletniemu do\u015bwiadczeniu elementy konstrukcyjne i&nbsp;wyj\u0105tkowe cechy linii piec\u00f3w SECO\/WARWICK do&nbsp;topienia i&nbsp;wytrzymywania s\u0105&nbsp;sprawdzone i&nbsp;potwierdzone w&nbsp;praktyce. Wyb\u00f3r SECO\/WARWICK jako dostawcy pieca do&nbsp;obr\u00f3bki aluminium gwarantuje zaprojektowanie systemu zgodnie z&nbsp;potrzebami i&nbsp;wymaganiami.<\/p>\n<p>[\/et_pb_text][et_pb_tabs module_class=&#8221;red-tabs&#8221; _builder_version=&#8221;4.19.2&#8243; custom_css_main_element=&#8221;margin-top: 2rem;||margin-bottom: 2rem;&#8221; global_colors_info=&#8221;{}&#8221;][et_pb_tab title=&#8221;Opis&#8221; _builder_version=&#8221;4.19.2&#8243; global_colors_info=&#8221;{}&#8221;]<\/p>\n<p>Nasi konstruktorzy maj\u0105 wieloletnie do\u015bwiadczenie w&nbsp;projektowaniu rozwi\u0105za\u0144 do<strong> topienia i&nbsp;wytrzymania<\/strong> <strong>aluminium<\/strong>. Niezale\u017cnie od&nbsp;tego, czy&nbsp;wymagania klienta obejmuj\u0105 podgrzewanie wsadu, topienie g\u0105sek, sztabek, wlewk\u00f3w, z\u0142omu czystego i&nbsp;zanieczyszczonego lub wytrzymanie metalu na&nbsp;potrzeby czyszczenia i&nbsp;stopowania, SECO\/WARWICK oferuje piece pozwalaj\u0105ce topi\u0107, wytrzyma\u0107 i&nbsp;dostarcza\u0107 w&nbsp;tempie wymaganym przez&nbsp;proces odlewniczy klienta.<\/p>\n<p>SECO\/WARWICK oferuje wiele typ\u00f3w piec\u00f3w o&nbsp;r\u00f3\u017cnych kszta\u0142tach i&nbsp;wymiarach, kt\u00f3rych&nbsp;szybko\u015b\u0107 topienia i&nbsp;wydajno\u015b\u0107 s\u0105&nbsp;dopasowane do&nbsp;konkretnych potrzeb klient\u00f3w i&nbsp;gwarantuj\u0105 wiele lat niezawodnej i&nbsp;wydajnej eksploatacji. Nasi konstruktorzy przez&nbsp;ca\u0142y czas \u015bci\u015ble wsp\u00f3\u0142pracuj\u0105 z&nbsp;dzia\u0142ami in\u017cynierii, produkcji i&nbsp;obs\u0142ugi technicznej klienta, aby zapewni\u0107 optymaln\u0105 wydajno\u015b\u0107 systemu pieca oraz&nbsp;integracj\u0119 z&nbsp;s\u0105siaduj\u0105cymi instalacjami.<\/p>\n<p>[\/et_pb_tab][et_pb_tab title=&#8221;Zalety&#8221; _builder_version=&#8221;4.19.2&#8243; global_colors_info=&#8221;{}&#8221;]<\/p>\n<p><strong><span style=\"color: #e30f00;\">\/<\/span> Konstrukcja pieca<br \/><\/strong>SECO\/WARWICK dostarcza kompleksowe rozwi\u0105zania. Oferujemy doskona\u0142\u0105 konstrukcj\u0119, zaawansowane uk\u0142ady sterowania, opcjonalne systemy spalania, ok\u0142adziny ogniotrwa\u0142e o&nbsp;wysokich w\u0142a\u015bciwo\u015bciach u\u017cytkowych i&nbsp;us\u0142ugi monta\u017cu \u201epod klucz\u201d, aby pom\u00f3c klientom w&nbsp;osi\u0105gni\u0119ciu najlepszych efekt\u00f3w procesu odlewania.<\/p>\n<p><strong><span style=\"color: #e30f00;\">\/<\/span> Konstrukcja stalowa<br \/><\/strong>Piece SECO\/WARWICK wykorzystuj\u0105 ci\u0119\u017csze stalowe konstrukcje, wzmocnione elementami konstrukcyjnymi w&nbsp;miejscach najwi\u0119kszych napr\u0119\u017ce\u0144 na&nbsp;obwodzie pieca. Obszary nara\u017cone na&nbsp;podwy\u017cszone napr\u0119\u017cenia, takie jak otwory drzwiowe, zaczepy i&nbsp;korki spustowe oraz&nbsp;otwory do&nbsp;kom\u00f3r zewn\u0119trznych, podlegaj\u0105 dodatkowym analizom, a&nbsp;nast\u0119pnie s\u0105&nbsp;wzmacniane.<\/p>\n<p><strong><span style=\"color: #e30f00;\">\/<\/span> Sterowanie<br \/><\/strong>SECO\/WARWICK stosuje najnowocze\u015bniejszy sprz\u0119t steruj\u0105cy oparty na&nbsp;PLC oraz&nbsp;oprogramowanie, dostarczaj\u0105c optymalny uk\u0142ad sterowania piecem.\u00a0 Wsp\u00f3\u0142czynniki paliwa do&nbsp;powietrza oraz&nbsp;dane dotycz\u0105ce spalania s\u0105&nbsp;optymalizowane w&nbsp;celu uzyskania docelowych nastaw dla metalu przy zapewnieniu wysokiej efektywno\u015bci.\u00a0 Mo\u017cliwo\u015b\u0107 komunikacji z&nbsp;systemami SCADA oraz&nbsp;po&nbsp;interfejsie Ethernet umo\u017cliwiaj\u0105 komunikacj\u0119 ze&nbsp;stacjami odlewniczymi oraz&nbsp;pozosta\u0142ymi procesami s\u0105siaduj\u0105cymi. Mo\u017cliwo\u015b\u0107 komunikacji zdalnej pozwala wy\u015bwietla\u0107 alarmy systemu pieca, nastawy i&nbsp;zu\u017cycie paliwa z&nbsp;poziomu komputera zdalnego lub smartfona. Funkcje te&nbsp;dostarczaj\u0105 informacji niezb\u0119dnych do&nbsp;\u015bledzenia procesu.<\/p>\n<p><strong><span style=\"color: #e30f00;\">\/<\/span> Systemy spalania<br \/><\/strong>SECO\/WARWICK wsp\u00f3\u0142pracuje ze&nbsp;wszystkimi producentami palnik\u00f3w, aby okre\u015bli\u0107 i&nbsp;dobra\u0107 palniki najlepiej dopasowane do&nbsp;danego zastosowania, r\u00f3wnowa\u017c\u0105c wymagan\u0105 wydajno\u015b\u0107 z&nbsp;oczekiwaniami bud\u017cetowymi.<\/p>\n<p>Analizuje si\u0119 rozmieszczenie i&nbsp;moc wej\u015bciow\u0105 palnika, aby zapewni\u0107 maksymalne pokrycie obiektu topionego, dbaj\u0105c o&nbsp;szybkie i&nbsp;wydajne topienie. Uwzgl\u0119dniane s\u0105&nbsp;parametry palnika takie jak d\u0142ugo\u015b\u0107, kszta\u0142t i&nbsp;pr\u0119dko\u015b\u0107 p\u0142omienia, w&nbsp;celu zmaksymalizowania wydajno\u015bci topienia bez&nbsp;uszczerbku dla jako\u015bci metalu.<\/p>\n<p>Kosztem niew\u0142a\u015bciwej oceny i&nbsp;ustawienia palnika mo\u017ce by\u0107 bezpo\u015brednie uderzanie p\u0142omienia i&nbsp;nadmierne mieszanie powierzchni wsadu, prowadz\u0105ce do&nbsp;wysokich strat metalu. Zbyt du\u017cy nagrzew komory pieca mo\u017ce drastyczne skraca\u0107 \u017cywotno\u015b\u0107 kosztownej ok\u0142adziny pieca.<\/p>\n<p><strong><span style=\"color: #e30f00;\">\/<\/span> Ok\u0142adziny ogniotrwa\u0142e<br \/><\/strong>SECO\/WARWICK rozumie, \u017ce&nbsp;proces i&nbsp;parametry robocze wymagaj\u0105 specjalnie zaprojektowanych ok\u0142adzin ogniotrwa\u0142ych i&nbsp;materia\u0142\u00f3w pieca, odpowiednich do&nbsp;danego zastosowania. Rozwa\u017cane czynniki obejmuj\u0105 sk\u0142ad stopu, powierzchni\u0119 krzepni\u0119cia aluminium, wytrzyma\u0142o\u015b\u0107 na&nbsp;odpryski, wytrzyma\u0142o\u015b\u0107 na&nbsp;dzia\u0142anie metalu i&nbsp;wytrzyma\u0142o\u015b\u0107 \u015bciern\u0105 w&nbsp;intensywnie eksploatowanych obszarach, a&nbsp;tak\u017ce spos\u00f3b za\u0142adunku, topnienia i&nbsp;czyszczenia.<\/p>\n<p>Nowe energooszcz\u0119dne materia\u0142y ogniotrwa\u0142e, np.&nbsp;p\u0142yty krzemianowo-wapniowe, kt\u00f3re s\u0105&nbsp;p\u0142ytami niezwil\u017calnymi o&nbsp;doskona\u0142ych w\u0142a\u015bciwo\u015bciach izolacyjnych, poddajemy ci\u0105g\u0142ej ocenie i&nbsp;wykorzystujemy w&nbsp;skutecznych i&nbsp;ekonomicznych konstrukcjach ok\u0142adzin pieca. Tego rodzaju materia\u0142y staj\u0105 si\u0119 efektywnym kosztowo materia\u0142em zast\u0119pczym przy kalkulacji warto\u015bci.<\/p>\n<p><strong><span style=\"color: #e30f00;\">\/<\/span> Stosunek koszt\u00f3w do&nbsp;wydajno\u015bci<br \/><\/strong>SECO\/WARWICK oferuje szerok\u0105 gam\u0119 opcji pozwalaj\u0105cych zmaksymalizowa\u0107 wydajno\u015b\u0107 w&nbsp;ramach dost\u0119pnego bud\u017cetu. Podgrzewane systemy spalania powietrza, komory podgrzewania materia\u0142\u00f3w sta\u0142ych, pompy do&nbsp;recyrkulacji metalu czy&nbsp;mieszad\u0142a, to&nbsp;tylko&nbsp;niekt\u00f3re z&nbsp;usprawnie\u0144 wydajno\u015bciowych dla osi\u0105gni\u0119cia r\u00f3wnowagi pomi\u0119dzy bud\u017cetem a&nbsp;potrzebami z&nbsp;zakresu wydajno\u015bci.<\/p>\n<p>[\/et_pb_tab][et_pb_tab title=&#8221;Parametry&#8221; _builder_version=&#8221;4.19.2&#8243; global_colors_info=&#8221;{}&#8221;]<\/p>\n<h4>Niekt\u00f3re z&nbsp;naszych ostatnich instalacji w&nbsp;USA obejmuj\u0105:<\/h4>\n<p><span style=\"color: #dc291e;\">\/ <\/span>Jednokomorowy piec do&nbsp;topienia o&nbsp;mocy 142 000# z&nbsp;palnikami emituj\u0105cymi niski poziom tlenk\u00f3w azotu (Lo Nox) zaprojektowany do&nbsp;topienia odpad\u00f3w z&nbsp;wyciskania ze&nbsp;\u015bredni\u0105 pr\u0119dko\u015bci\u0105 12 000 funt\u00f3w (ok. 5450 kg) na&nbsp;godzin\u0119. Piec wyposa\u017cono we&nbsp;w\u0142az ZZ na&nbsp;potrzeby zamontowania w&nbsp;przysz\u0142o\u015bci bocznego mieszad\u0142a elektromagnetycznego. Studzienka pompy odprowadzaj\u0105cej do&nbsp;pompy przesy\u0142u stopionego metalu w&nbsp;celu automatyzacji transportu metalu do&nbsp;urz\u0105dzenia klienta s\u0142u\u017c\u0105cego do&nbsp;odlewania k\u0119s\u00f3w.<\/p>\n<p><span style=\"color: #dc291e;\">\/ <\/span>Jednokomorowy piec do&nbsp;topienia o&nbsp;mocy 260 000# z&nbsp;jedn\u0105 par\u0105 palnik\u00f3w regeneracyjnych z&nbsp;g\u0142owic\u0105 Bloom Twin zaprojektowany do&nbsp;topienia rozdrobnionych odpad\u00f3w w&nbsp;komorze, ze&nbsp;\u015bredni\u0105 pr\u0119dko\u015bci\u0105 24 000 funt\u00f3w (ok. 10 900 kg) na&nbsp;godzin\u0119.<br \/>Piec dysponuje r\u00f3wnie\u017c wysuni\u0119tym progiem umo\u017cliwiaj\u0105cym wytapianie 6000 funt\u00f3w (ok. 2720 kg) g\u0105sek na&nbsp;godzin\u0119 przy za\u0142o\u017ceniu przeci\u0119tnej szybko\u015bci topienia wynosz\u0105cej 30 000 funt\u00f3w (ok. 13 600 kg) na&nbsp;godzin\u0119 przy wydajno\u015bci wytopu od&nbsp;1150 do&nbsp;1100 btu\/#.<br \/>Piec przekroczy\u0142 oczekiwania dotycz\u0105ce topienia i&nbsp;wydajno\u015bci, przy r\u00f3wnomiernym i&nbsp;sp\u00f3jnym za\u0142adunku.<br \/>Do&nbsp;pozosta\u0142ych cech tego pieca do&nbsp;topienia o&nbsp;mocy 260 000# nale\u017c\u0105: uk\u0142ad ch\u0142odzenia pod&nbsp;trzonem oraz&nbsp;gor\u0105ca \u015bciana ch\u0142odzona powietrzem.<br \/>Komora pieca podzielona jest na&nbsp;sekcj\u0119 wsadow\u0105 ze&nbsp;\u015bcian\u0105 dziel\u0105c\u0105, gdzie pompa J50 firmy Metaullics zapewnia doskona\u0142\u0105 cyrkulacj\u0119 gor\u0105cego metalu, odci\u0105gaj\u0105c gor\u0105cy metal z&nbsp;g\u0142\u00f3wnej komory grzejnej i&nbsp;t\u0142ocz\u0105c go&nbsp;przez&nbsp;rozdrobnione odpady za\u0142adowane do&nbsp;strefy odpad\u00f3w komory.<\/p>\n<p><span style=\"color: #dc291e;\">\/ <\/span>Piec nieprzelotowy do&nbsp;topienia o&nbsp;mocy 45 000# z&nbsp;jedn\u0105 par\u0105 palnik\u00f3w regeneracyjnych Bloom, przeznaczony do&nbsp;topienia wewn\u0119trznych odpad\u00f3w umieszczonych na&nbsp;trzonie. Piec topi w&nbsp;tempie 10 000 funt\u00f3w (ok. 4535 kg) na&nbsp;godzin\u0119 przy wydajno\u015bci wytopu 1100 btu\/# lub mniej.<br \/>Piec zosta\u0142 zakupiony jako projekt rozbudowy litowo-aluminiowej.<br \/>Piec spe\u0142ni\u0142, a&nbsp;nawet przekroczy\u0142, wszystkie gwarantowane parametry szybko\u015bci i&nbsp;wydajno\u015bci topienia.<\/p>\n<p>[\/et_pb_tab][et_pb_tab title=&#8221;Procesy&#8221; _builder_version=&#8221;4.19.2&#8243; global_colors_info=&#8221;{}&#8221;]<\/p>\n<p><strong><span style=\"color: #dc291e;\">\/<\/span> <\/strong>Topienie metali nie\u017celaznych<br \/><strong><span style=\"color: #dc291e;\">\/<\/span> <\/strong>Topienie odpad\u00f3w z&nbsp;wyciskania<br \/><strong><span style=\"color: #dc291e;\">\/<\/span> <\/strong>Topienie odpad\u00f3w rozdrobnionych<br \/><strong><span style=\"color: #dc291e;\">\/<\/span> <\/strong>Topienie odpad\u00f3w wt\u00f3rnych<br \/><strong><span style=\"color: #dc291e;\">\/<\/span> <\/strong>Wytrzymanie<\/p>\n<p>[\/et_pb_tab][et_pb_tab title=&#8221;Przemys\u0142y&#8221; _builder_version=&#8221;4.19.2&#8243; global_colors_info=&#8221;{}&#8221;]<\/p>\n<p><strong><span style=\"color: #e30f00;\">\/ <\/span><\/strong>Aluminium<br \/><strong><span style=\"color: #e30f00;\">\/ <\/span><\/strong>Aluminium pierwotne i&nbsp;wt\u00f3rne<\/p>\n<p>[\/et_pb_tab][\/et_pb_tabs][et_pb_code _builder_version=&#8221;4.10.3&#8243; _module_preset=&#8221;default&#8221; global_module=&#8221;123769&#8243; saved_tabs=&#8221;all&#8221; global_colors_info=&#8221;{}&#8221;]<!-- [et_pb_line_break_holder] --><pee style=\"text-align: center;\"><a class=\"small-button smallred\" style=\"font-size: 20px; padding: 20px 60px;\" href=\"https:\/\/www.secowarwick.com\/pl\/zapytaj-o-oferte\/\"><span style=\"display: block; transform: skew(15deg,0deg); -webkit-transform: skew(15deg,0deg); font-size: 20px; !important\">ZAPYTAJ O OFERT\u0118<\/span><\/a><\/pee>[\/et_pb_code][\/et_pb_column][et_pb_column type=&#8221;1_4&#8243; _builder_version=&#8221;4.16&#8243; custom_padding=&#8221;|||&#8221; global_colors_info=&#8221;{}&#8221; custom_padding__hover=&#8221;|||&#8221;][et_pb_gallery gallery_ids=&#8221;114309,114316&#8243; posts_number=&#8221;1&#8243; show_title_and_caption=&#8221;off&#8221; show_pagination=&#8221;off&#8221; zoom_icon_color=&#8221;#e2001a&#8221; module_class=&#8221;seco-products-gallery-new&#8221; _builder_version=&#8221;4.16&#8243; background_size=&#8221;initial&#8221; background_position=&#8221;top_left&#8221; background_repeat=&#8221;repeat&#8221; custom_css_overlay_icon=&#8221;content: %22ZOBACZ GALERI\u0118%22 !important;&#8221; global_colors_info=&#8221;{}&#8221;][\/et_pb_gallery][et_pb_text admin_label=&#8221;btn_pl_premiumlibrary&#8221; module_class=&#8221;premium-library-button&#8221; _builder_version=&#8221;4.23.1&#8243; _module_preset=&#8221;default&#8221; text_orientation=&#8221;center&#8221; global_module=&#8221;157169&#8243; saved_tabs=&#8221;all&#8221; locked=&#8221;off&#8221; global_colors_info=&#8221;{}&#8221;]<\/p>\n<a href='https:\/\/www.secowarwick.com\/pl\/trescipremium\/' class='small-button smallred'><span>TRE\u015aCI PREMIUM<\/span><\/a>\n<p>[\/et_pb_text][et_pb_text admin_label=&#8221;R&#038;D PL&#8221; module_class=&#8221;product_widget_wrap_rd&#8221; _builder_version=&#8221;4.23.1&#8243; _module_preset=&#8221;default&#8221; text_orientation=&#8221;center&#8221; global_module=&#8221;165497&#8243; saved_tabs=&#8221;all&#8221; locked=&#8221;off&#8221; global_colors_info=&#8221;{}&#8221;]<\/p>\n<p><a href=\"https:\/\/www.secowarwick.com\/pl\/rd\/\"><span class=\"product_wigtet_name\">R&amp;D<\/span><\/a><\/p>\n<p>[\/et_pb_text][et_pb_text admin_label=&#8221;AUTOMATYKA PL&#8221; module_class=&#8221;product_widget_wrap_automation&#8221; _builder_version=&#8221;4.23.1&#8243; _module_preset=&#8221;default&#8221; global_module=&#8221;165495&#8243; saved_tabs=&#8221;all&#8221; locked=&#8221;off&#8221; global_colors_info=&#8221;{}&#8221;]<\/p>\n<p><a href=\"https:\/\/www.secowarwick.com\/pl\/service\/automatyka\/\"><span class=\"product_wigtet_name\">AUTOMATYKA<\/span><\/a><\/p>\n<p>[\/et_pb_text][et_pb_text admin_label=&#8221;SERVICE PL&#8221; module_class=&#8221;product_widget_wrap_service&#8221; _builder_version=&#8221;4.23.1&#8243; _module_preset=&#8221;default&#8221; global_module=&#8221;165500&#8243; saved_tabs=&#8221;all&#8221; locked=&#8221;off&#8221; global_colors_info=&#8221;{}&#8221;]<\/p>\n<p><a href=\"https:\/\/www.secowarwick.com\/pl\/profesjonalne-uslugi-serwisowe\/\"><span class=\"product_wigtet_name\">SERWIS<\/span><\/a><\/p>\n<p>[\/et_pb_text][et_pb_text admin_label=&#8221;SUPLEMENTALS PL&#8221; module_class=&#8221;product_widget_wrap_supleme&#8221; _builder_version=&#8221;4.23.1&#8243; _module_preset=&#8221;default&#8221; global_module=&#8221;165502&#8243; saved_tabs=&#8221;all&#8221; locked=&#8221;off&#8221; global_colors_info=&#8221;{}&#8221;]<\/p>\n<p><span class=\"product_wigtet_name\">DODATKOWE:<\/span><\/p>\n<p>[\/et_pb_text][et_pb_text admin_label=&#8221;Product catalogue alu pl&#8221; module_class=&#8221;suplementals_product_catalogue suplementals_wrap&#8221; _builder_version=&#8221;4.23.1&#8243; _module_preset=&#8221;default&#8221; global_module=&#8221;170202&#8243; saved_tabs=&#8221;all&#8221; locked=&#8221;off&#8221; global_colors_info=&#8221;{}&#8221;]<\/p>\n<p><a href=\"https:\/\/www.secowarwick.com\/wp-content\/uploads\/2025\/02\/Aluminum_Furnaces_catalogue.pdf\" target=\"_blank\" rel=\"noopener\">Katalog produkt\u00f3w<\/a><\/p>\n<p>[\/et_pb_text][et_pb_text admin_label=&#8221;Product movie playlist alu pl&#8221; module_class=&#8221;suplementals_product_movie suplementals_wrap&#8221; _builder_version=&#8221;4.23.1&#8243; _module_preset=&#8221;default&#8221; global_module=&#8221;170199&#8243; saved_tabs=&#8221;all&#8221; locked=&#8221;off&#8221; global_colors_info=&#8221;{}&#8221;]<\/p>\n<p><a href=\"https:\/\/www.youtube.com\/playlist?list=PLa0hhW_hoQqEsIHM5LQtr9h_9UlwGFBO8\" target=\"_blank\" rel=\"noopener\">Film produktowy<\/a><\/p>\n<p>[\/et_pb_text][et_pb_text admin_label=&#8221;dnabook-pl&#8221; module_class=&#8221;suplementals_product_dna suplementals_wrap&#8221; _builder_version=&#8221;4.23.1&#8243; _module_preset=&#8221;default&#8221; global_module=&#8221;165509&#8243; saved_tabs=&#8221;all&#8221; locked=&#8221;off&#8221; global_colors_info=&#8221;{}&#8221;]<\/p>\n<p><a href=\"https:\/\/www.secowarwick.com\/wp-content\/uploads\/2025\/07\/DNA_BOOK.pdf\" target=\"_blank\" rel=\"noopener\">DNA\/BOOK<\/a><\/p>\n<p>[\/et_pb_text][et_pb_text admin_label=&#8221;ECO\/BOOK-pl&#8221; module_class=&#8221;suplementals_product_eco suplementals_wrap&#8221; _builder_version=&#8221;4.23.1&#8243; _module_preset=&#8221;default&#8221; global_module=&#8221;165511&#8243; saved_tabs=&#8221;all&#8221; locked=&#8221;off&#8221; global_colors_info=&#8221;{}&#8221;]<\/p>\n<p><a href=\"https:\/\/www.secowarwick.com\/wp-content\/uploads\/2023\/06\/ECOBOOK-2-1.pdf\" target=\"_blank\" rel=\"noopener\">ECO\/BOOK<\/a><\/p>\n<p>[\/et_pb_text][et_pb_text admin_label=&#8221;RFQ product widget pl&#8221; module_class=&#8221;product_widget_wrap_rfq-en&#8221; _builder_version=&#8221;4.23.1&#8243; _module_preset=&#8221;default&#8221; global_module=&#8221;186180&#8243; saved_tabs=&#8221;all&#8221; global_colors_info=&#8221;{}&#8221; locked=&#8221;off&#8221;]<\/p>\n<p style=\"text-align: center;\"><a class=\"small-button smallred\" href=\"https:\/\/www.secowarwick.com\/pl\/zapytaj-o-oferte\/\"><span class=\"product_wigtet_name\">ZAPYTAJ O&nbsp;OFERT\u0118<\/span><\/a><\/p>\n<p>[\/et_pb_text][\/et_pb_column][\/et_pb_row][\/et_pb_section]<\/p>\n","protected":false},"excerpt":{"rendered":"<p>[et_pb_breadcrumbs _builder_version=&#8221;3.6&#8243; global_colors_info=&#8221;{}&#8221;][\/et_pb_breadcrumbs]Piece do\u00a0topienia i\u00a0wytrzymywania aluminium Konstrukcja gwarantuj\u0105ca doskona\u0142\u0105 wydajno\u015b\u0107 Naszym klientom w&nbsp;Ameryce P\u00f3\u0142nocnej i&nbsp;Po\u0142udniowej oferujemy urz\u0105dzenia do&nbsp;topienia i&nbsp;wytrzymywania. Marka SECO\/WARWICK to&nbsp;synonim jako\u015bci i&nbsp;wydajno\u015bci, na&nbsp;kt\u00f3rych&nbsp;polega\u0107 mo\u017ce globalna bran\u017ca aluminium. Dzi\u0119ki wieloletniemu do\u015bwiadczeniu elementy konstrukcyjne i&nbsp;wyj\u0105tkowe cechy linii piec\u00f3w SECO\/WARWICK do&nbsp;topienia i&nbsp;wytrzymywania s\u0105&nbsp;sprawdzone i&nbsp;potwierdzone w&nbsp;praktyce. Wyb\u00f3r SECO\/WARWICK jako dostawcy pieca do&nbsp;obr\u00f3bki aluminium gwarantuje zaprojektowanie systemu zgodnie [&hellip;]<\/p>\n","protected":false},"author":2,"featured_media":114975,"parent":7102,"menu_order":0,"comment_status":"closed","ping_status":"closed","template":"","meta":{"_acf_changed":false,"_et_pb_use_builder":"on","_et_pb_old_content":"","_et_gb_content_width":"","footnotes":""},"class_list":["post-123350","page","type-page","status-publish","has-post-thumbnail"],"acf":[],"_links":{"self":[{"href":"https:\/\/www.secowarwick.com\/pl\/wp-json\/wp\/v2\/pages\/123350","targetHints":{"allow":["GET"]}}],"collection":[{"href":"https:\/\/www.secowarwick.com\/pl\/wp-json\/wp\/v2\/pages"}],"about":[{"href":"https:\/\/www.secowarwick.com\/pl\/wp-json\/wp\/v2\/types\/page"}],"author":[{"embeddable":true,"href":"https:\/\/www.secowarwick.com\/pl\/wp-json\/wp\/v2\/users\/2"}],"replies":[{"embeddable":true,"href":"https:\/\/www.secowarwick.com\/pl\/wp-json\/wp\/v2\/comments?post=123350"}],"version-history":[{"count":15,"href":"https:\/\/www.secowarwick.com\/pl\/wp-json\/wp\/v2\/pages\/123350\/revisions"}],"predecessor-version":[{"id":186224,"href":"https:\/\/www.secowarwick.com\/pl\/wp-json\/wp\/v2\/pages\/123350\/revisions\/186224"}],"up":[{"embeddable":true,"href":"https:\/\/www.secowarwick.com\/pl\/wp-json\/wp\/v2\/pages\/7102"}],"wp:featuredmedia":[{"embeddable":true,"href":"https:\/\/www.secowarwick.com\/pl\/wp-json\/wp\/v2\/media\/114975"}],"wp:attachment":[{"href":"https:\/\/www.secowarwick.com\/pl\/wp-json\/wp\/v2\/media?parent=123350"}],"curies":[{"name":"wp","href":"https:\/\/api.w.org\/{rel}","templated":true}]}}