{"id":123361,"date":"2021-05-25T08:06:31","date_gmt":"2021-05-25T06:06:31","guid":{"rendered":"https:\/\/www.secowarwick.com\/produkty\/obrobka-cieplna-aluminium\/aftermarket-for-aluminium-process-furnaces\/"},"modified":"2025-10-30T09:36:43","modified_gmt":"2025-10-30T08:36:43","slug":"aftermarket-for-aluminium-process-furnaces","status":"publish","type":"page","link":"https:\/\/www.secowarwick.com\/pl\/produkty\/obrobka-cieplna-aluminium\/aftermarket-for-aluminium-process-furnaces\/","title":{"rendered":"Rynek wt\u00f3rny dla piec\u00f3w do obr\u00f3bki aluminium"},"content":{"rendered":"<p>[et_pb_section fb_built=&#8221;1&#8243; _builder_version=&#8221;4.16&#8243; custom_margin=&#8221;||0px|&#8221; custom_padding=&#8221;||0px|&#8221; global_colors_info=&#8221;{}&#8221;][et_pb_row _builder_version=&#8221;4.16&#8243; background_size=&#8221;initial&#8221; background_position=&#8221;top_left&#8221; background_repeat=&#8221;repeat&#8221; global_colors_info=&#8221;{}&#8221;][et_pb_column type=&#8221;4_4&#8243; _builder_version=&#8221;4.16&#8243; custom_padding=&#8221;|||&#8221; global_colors_info=&#8221;{}&#8221; custom_padding__hover=&#8221;|||&#8221;][et_pb_image src=&#8221;https:\/\/www.secowarwick.com\/wp-content\/uploads\/2021\/06\/Aftermarket-for-Aluminium-Process-Furnaces.jpg&#8221; alt=&#8221;AFTERMARKET FOR CAB SYSTEMS&#8221; align_tablet=&#8221;center&#8221; align_phone=&#8221;&#8221; align_last_edited=&#8221;on|desktop&#8221; _builder_version=&#8221;4.16&#8243; custom_margin=&#8221;||25px|&#8221; custom_padding=&#8221;||25px|&#8221; global_colors_info=&#8221;{}&#8221;][\/et_pb_image][et_pb_breadcrumbs _builder_version=&#8221;3.6&#8243; global_colors_info=&#8221;{}&#8221;][\/et_pb_breadcrumbs][\/et_pb_column][\/et_pb_row][\/et_pb_section][et_pb_section fb_built=&#8221;1&#8243; admin_label=&#8221;section&#8221; _builder_version=&#8221;4.16&#8243; custom_padding=&#8221;25px|||&#8221; transparent_background=&#8221;off&#8221; make_fullwidth=&#8221;off&#8221; use_custom_width=&#8221;off&#8221; width_unit=&#8221;on&#8221; global_colors_info=&#8221;{}&#8221;][et_pb_row column_structure=&#8221;3_4,1_4&#8243; admin_label=&#8221;row&#8221; _builder_version=&#8221;4.16&#8243; background_size=&#8221;initial&#8221; background_position=&#8221;top_left&#8221; background_repeat=&#8221;repeat&#8221; custom_margin=&#8221;0px|||&#8221; custom_padding=&#8221;0px|||&#8221; make_fullwidth=&#8221;off&#8221; use_custom_width=&#8221;off&#8221; width_unit=&#8221;on&#8221; global_colors_info=&#8221;{}&#8221;][et_pb_column type=&#8221;3_4&#8243; _builder_version=&#8221;4.16&#8243; custom_padding=&#8221;|||&#8221; global_colors_info=&#8221;{}&#8221; custom_padding__hover=&#8221;|||&#8221;][et_pb_text _builder_version=&#8221;4.23.1&#8243; global_colors_info=&#8221;{}&#8221;]<\/p>\n<h1>Modyfikacje, us\u0142ugi serwisowe i\u00a0cz\u0119\u015bci zamienne do\u00a0urz\u0105dze\u0144 Aluminium<\/h1>\n<p>SECO\/WARWICK zapewnia wsparcie techniczne oraz\u00a0cz\u0119\u015bci zamienne do\u00a0wszystkich swoich urz\u0105dze\u0144. Z\u00a0powodzeniem dostarczamy r\u00f3wnie\u017c cz\u0119\u015bci zamienne i\u00a0wykonuje modernizacje urz\u0105dze\u0144 innych producent\u00f3w. Nasi in\u017cynierowie s\u0105\u00a0dost\u0119pni w\u00a0przypadku awarii urz\u0105dzenia, przebudowy, modernizacji, relokacji, konieczno\u015bci rozwi\u0105zywania problem\u00f3w i\u00a0konserwacji zapobiegawczej.<\/p>\n<p>[\/et_pb_text][et_pb_tabs module_class=&#8221;red-tabs&#8221; _builder_version=&#8221;4.23.1&#8243; custom_css_main_element=&#8221;margin-top: 2rem;||margin-bottom: 2rem;&#8221; global_colors_info=&#8221;{}&#8221;][et_pb_tab title=&#8221;Cz\u0119\u015bci zamienne&#8221; _builder_version=&#8221;4.23.1&#8243; global_colors_info=&#8221;{}&#8221;]<\/p>\n<p><strong><span style=\"color: #e30f00;\">\/<\/span><\/strong> Elementy grzejne i&nbsp;osprz\u0119t gazowy<br \/><strong><span style=\"color: #e30f00;\">\/<\/span><\/strong> Cz\u0119\u015bci zamienne do&nbsp;palnik\u00f3w gazowych; sondy UV, elektrody iskrowe i&nbsp;kompletne wk\u0142ady do&nbsp;palnik\u00f3w<br \/><strong><span style=\"color: #e30f00;\">\/<\/span><\/strong> Motoreduktory wraz z&nbsp;zestawami monta\u017cowymi<br \/><strong><span style=\"color: #e30f00;\">\/<\/span><\/strong> Niestandardowe nap\u0119dy \u0142a\u0144cuchowe<br \/><strong><span style=\"color: #e30f00;\">\/<\/span><\/strong> Analizatory tlenu i&nbsp;kom\u00f3rki pomiarowe<br \/><strong><span style=\"color: #e30f00;\">\/<\/span><\/strong> Reduktory gazu<br \/><strong><span style=\"color: #e30f00;\">\/<\/span><\/strong> Pompy i&nbsp;elementy monta\u017cowe<br \/><strong><span style=\"color: #e30f00;\">\/<\/span><\/strong> Filtry agregat\u00f3w ch\u0142odniczych, np.&nbsp;do&nbsp;ch\u0142odnic typu Bypass<br \/><strong><span style=\"color: #e30f00;\">\/<\/span><\/strong> Zespo\u0142y \u0142o\u017cyskowe wysokotemperaturowe<br \/><strong><span style=\"color: #e30f00;\">\/<\/span><\/strong> Tace za\u0142adowcze<br \/><strong><span style=\"color: #e30f00;\">\/<\/span><\/strong> Elementy szaf sterowniczych; przemienniki cz\u0119stotliwo\u015bci, sterowniki PLC, modu\u0142y termopar itp.<br \/><strong><span style=\"color: #e30f00;\">\/<\/span><\/strong> R\u00f3\u017cne modele wentylator\u00f3w<br \/><strong><span style=\"color: #e30f00;\">\/<\/span><\/strong> I&nbsp;wiele innych na&nbsp;\u017cyczenie<\/p>\n<p>[\/et_pb_tab][et_pb_tab title=&#8221;Modernizacje &#8221; _builder_version=&#8221;4.23.1&#8243; global_colors_info=&#8221;{}&#8221;]<\/p>\n<p><strong><span style=\"color: #e30f00;\">\/<\/span><\/strong> Modernizacja zu\u017cytej izolacji termicznej. Oferowane parametry s\u0105&nbsp;takie same lub lepsze<br \/><strong><span style=\"color: #e30f00;\">\/<\/span><\/strong> Przeprojektowanie i&nbsp;modernizacja tac za\u0142adowczych w&nbsp;celu spe\u0142nienia nowych wymaga\u0144 procesowych<br \/><strong><span style=\"color: #e30f00;\">\/<\/span><\/strong> Dostosowanie istniej\u0105cych system\u00f3w za\u0142adowczych do&nbsp;nowo dostarczonych urz\u0105dze\u0144<br \/><strong><span style=\"color: #e30f00;\">\/<\/span><\/strong> Zmiana starego uk\u0142adu palnik\u00f3w i&nbsp;dostosowanie do&nbsp;aktualnych norm. Dostarczanie bardziej wydajnych rozwi\u0105za\u0144, takich jak palniki samorekuperacyjne<br \/><strong><span style=\"color: #e30f00;\">\/<\/span><\/strong> Wymiana elektrycznych element\u00f3w grzejnych w&nbsp;istniej\u0105cym urz\u0105dzeniu<br \/><strong><span style=\"color: #e30f00;\">\/<\/span><\/strong> Modernizacja szaf sterowniczych w&nbsp;celu spe\u0142nienia najnowszych norm i&nbsp;standard\u00f3w<br \/><strong><span style=\"color: #e30f00;\">\/<\/span><\/strong> Wymiana nap\u0119d\u00f3w elektrycznych na&nbsp;nowe modele o&nbsp;wy\u017cszej sprawno\u015bci w&nbsp;amperogodzinach<br \/><strong><span style=\"color: #e30f00;\">\/<\/span><\/strong> Poprawa przep\u0142ywu atmosfery wewn\u0105trz komory grzejnej dzi\u0119ki przeprojektowaniu wyposa\u017cenia wewn\u0119trznego<br \/><strong><span style=\"color: #e30f00;\">\/<\/span><\/strong> Instalacja zamkni\u0119tych obieg\u00f3w wody ch\u0142odz\u0105cej w&nbsp;istniej\u0105cych zbiornikach wodnych<br \/><strong><span style=\"color: #e30f00;\">\/<\/span><\/strong> Aktualizacje oprogramowania, dodanie nowych funkcjonalno\u015bci lub rozbudowa nowego interfejsu zgodnie z&nbsp;oczekiwaniami Klienta<br \/><strong><span style=\"color: #e30f00;\">\/<\/span><\/strong> Dodanie system\u00f3w atmosfery ochronnej do&nbsp;istniej\u0105cych piec\u00f3w<br \/><strong><span style=\"color: #e30f00;\">\/ <\/span><\/strong>Dodanie analizatora tlenu lub sondy lambda do&nbsp;istniej\u0105cych system\u00f3w atmosfery<\/p>\n<p>[\/et_pb_tab][\/et_pb_tabs][et_pb_code _builder_version=&#8221;4.10.3&#8243; _module_preset=&#8221;default&#8221; global_module=&#8221;123769&#8243; saved_tabs=&#8221;all&#8221; global_colors_info=&#8221;{}&#8221;]<!-- [et_pb_line_break_holder] --><pee style=\"text-align: center;\"><a class=\"small-button smallred\" style=\"font-size: 20px; padding: 20px 60px;\" href=\"https:\/\/www.secowarwick.com\/pl\/zapytaj-o-oferte\/\"><span style=\"display: block; transform: skew(15deg,0deg); -webkit-transform: skew(15deg,0deg); font-size: 20px; !important\">ZAPYTAJ O OFERT\u0118<\/span><\/a><\/pee>[\/et_pb_code][\/et_pb_column][et_pb_column type=&#8221;1_4&#8243; _builder_version=&#8221;4.16&#8243; custom_padding=&#8221;|||&#8221; global_colors_info=&#8221;{}&#8221; custom_padding__hover=&#8221;|||&#8221;][et_pb_gallery gallery_ids=&#8221;116246,116253,116260,116267,116274&#8243; posts_number=&#8221;1&#8243; show_title_and_caption=&#8221;off&#8221; show_pagination=&#8221;off&#8221; zoom_icon_color=&#8221;#e2001a&#8221; module_class=&#8221;seco-products-gallery-new&#8221; _builder_version=&#8221;4.23.1&#8243; custom_css_overlay_icon=&#8221;content: 'ZOBACZ GALERI\u0118&#8217;!important&#8221; global_colors_info=&#8221;{}&#8221;][\/et_pb_gallery][et_pb_selected_documents _builder_version=&#8221;3.6&#8243; global_colors_info=&#8221;{}&#8221;][\/et_pb_selected_documents][et_pb_text admin_label=&#8221;RFQ product widget pl&#8221; module_class=&#8221;product_widget_wrap_rfq-en&#8221; _builder_version=&#8221;4.23.1&#8243; _module_preset=&#8221;default&#8221; global_module=&#8221;186180&#8243; saved_tabs=&#8221;all&#8221; global_colors_info=&#8221;{}&#8221; locked=&#8221;off&#8221;]<\/p>\n<p style=\"text-align: center;\"><a class=\"small-button smallred\" href=\"https:\/\/www.secowarwick.com\/pl\/zapytaj-o-oferte\/\"><span class=\"product_wigtet_name\">ZAPYTAJ O&nbsp;OFERT\u0118<\/span><\/a><\/p>\n<p>[\/et_pb_text][\/et_pb_column][\/et_pb_row][\/et_pb_section]<\/p>\n","protected":false},"excerpt":{"rendered":"<p>[et_pb_breadcrumbs _builder_version=&#8221;3.6&#8243; global_colors_info=&#8221;{}&#8221;][\/et_pb_breadcrumbs]Modyfikacje, us\u0142ugi serwisowe i\u00a0cz\u0119\u015bci zamienne do\u00a0urz\u0105dze\u0144 Aluminium SECO\/WARWICK zapewnia wsparcie techniczne oraz\u00a0cz\u0119\u015bci zamienne do\u00a0wszystkich swoich urz\u0105dze\u0144. Z\u00a0powodzeniem dostarczamy r\u00f3wnie\u017c cz\u0119\u015bci zamienne i\u00a0wykonuje modernizacje urz\u0105dze\u0144 innych producent\u00f3w. Nasi in\u017cynierowie s\u0105\u00a0dost\u0119pni w\u00a0przypadku awarii urz\u0105dzenia, przebudowy, modernizacji, relokacji, konieczno\u015bci rozwi\u0105zywania problem\u00f3w i\u00a0konserwacji zapobiegawczej.\/ Elementy grzejne i&nbsp;osprz\u0119t gazowy\/ Cz\u0119\u015bci zamienne do&nbsp;palnik\u00f3w gazowych; sondy UV, elektrody iskrowe i&nbsp;kompletne [&hellip;]<\/p>\n","protected":false},"author":2,"featured_media":117508,"parent":7102,"menu_order":0,"comment_status":"closed","ping_status":"closed","template":"","meta":{"_acf_changed":false,"_et_pb_use_builder":"on","_et_pb_old_content":"","_et_gb_content_width":"","footnotes":""},"class_list":["post-123361","page","type-page","status-publish","has-post-thumbnail"],"acf":[],"_links":{"self":[{"href":"https:\/\/www.secowarwick.com\/pl\/wp-json\/wp\/v2\/pages\/123361","targetHints":{"allow":["GET"]}}],"collection":[{"href":"https:\/\/www.secowarwick.com\/pl\/wp-json\/wp\/v2\/pages"}],"about":[{"href":"https:\/\/www.secowarwick.com\/pl\/wp-json\/wp\/v2\/types\/page"}],"author":[{"embeddable":true,"href":"https:\/\/www.secowarwick.com\/pl\/wp-json\/wp\/v2\/users\/2"}],"replies":[{"embeddable":true,"href":"https:\/\/www.secowarwick.com\/pl\/wp-json\/wp\/v2\/comments?post=123361"}],"version-history":[{"count":17,"href":"https:\/\/www.secowarwick.com\/pl\/wp-json\/wp\/v2\/pages\/123361\/revisions"}],"predecessor-version":[{"id":186231,"href":"https:\/\/www.secowarwick.com\/pl\/wp-json\/wp\/v2\/pages\/123361\/revisions\/186231"}],"up":[{"embeddable":true,"href":"https:\/\/www.secowarwick.com\/pl\/wp-json\/wp\/v2\/pages\/7102"}],"wp:featuredmedia":[{"embeddable":true,"href":"https:\/\/www.secowarwick.com\/pl\/wp-json\/wp\/v2\/media\/117508"}],"wp:attachment":[{"href":"https:\/\/www.secowarwick.com\/pl\/wp-json\/wp\/v2\/media?parent=123361"}],"curies":[{"name":"wp","href":"https:\/\/api.w.org\/{rel}","templated":true}]}}