{"id":124,"date":"2016-10-01T12:04:36","date_gmt":"2016-10-01T10:04:36","guid":{"rendered":"http:\/\/localhost:2381\/pl\/?page_id=124"},"modified":"2024-11-27T14:20:41","modified_gmt":"2024-11-27T13:20:41","slug":"ogolne-warunki-handlowe","status":"publish","type":"page","link":"https:\/\/www.secowarwick.com\/pl\/ogolne-warunki-handlowe\/","title":{"rendered":"Og\u00f3lne warunki handlowe"},"content":{"rendered":"<p>[et_pb_section fb_built=&#8221;1&#8243; admin_label=&#8221;section&#8221; _builder_version=&#8221;4.16&#8243; global_colors_info=&#8221;{}&#8221;][et_pb_row admin_label=&#8221;row&#8221; _builder_version=&#8221;4.16&#8243; background_size=&#8221;initial&#8221; background_position=&#8221;top_left&#8221; background_repeat=&#8221;repeat&#8221; global_colors_info=&#8221;{}&#8221;][et_pb_column type=&#8221;4_4&#8243; _builder_version=&#8221;4.16&#8243; custom_padding=&#8221;|||&#8221; global_colors_info=&#8221;{}&#8221; custom_padding__hover=&#8221;|||&#8221;][et_pb_text _builder_version=&#8221;4.23.1&#8243; background_size=&#8221;initial&#8221; background_position=&#8221;top_left&#8221; background_repeat=&#8221;repeat&#8221; hover_enabled=&#8221;0&#8243; use_border_color=&#8221;off&#8221; global_colors_info=&#8221;{}&#8221; sticky_enabled=&#8221;0&#8243;]<\/p>\n<h2>Og\u00f3lne Warunki Handlowe SECO\/WARWICK<\/h2>\n<p>Niniejsze warunki maj\u0105 zastosowanie wy\u0142\u0105cznie w odniesieniu do przedsi\u0119biorc\u00f3w.<\/p>\n<p>Ich stosowanie do sprzeda\u017cy indywidualnej (konsumenckiej) jest wy\u0142\u0105czone.<\/p>\n<div class=\"bottomContactways\"><\/div>\n<p>&nbsp;<\/p>\n<div class=\"typography OperationalCommittee\">\n<div class=\"row\">\n<div class=\"span12\">\n<table class=\"tnc table table-striped table-hover\">\n<thead>\n<tr>\n<th class=\"col_entity\"><\/th>\n<td class=\"col_gstc\">Og\u00f3lne warunki sprzeda\u017cy<\/td>\n<td class=\"col_gptc\">Og\u00f3lne warunki zakup\u00f3w<\/td>\n<td>Og\u00f3lne warunki zakupu us\u0142ug<\/td>\n<\/tr>\n<\/thead>\n<tbody>\n<tr>\n<td><b>SECO\/WARWICK S.A.<\/b><br \/>\n8 Sobieskiego Str., 66-200 \u015awiebodzin, Poland<\/td>\n<td>Data publikacji<br \/>\n<a href=\"https:\/\/www.secowarwick.com\/wp-content\/uploads\/2022\/04\/OGOLNE-WARUNKI-SPRZEDAZY-SW-2022.04.05.pdf\" target=\"_blank\" rel=\"noopener\">01-Kwi-2022<\/a><\/td>\n<td>Data publikacji<br \/>\n<a href=\"https:\/\/www.secowarwick.com\/wp-content\/uploads\/2024\/11\/Zal.-08-OWZ_PL.pdf\" target=\"_blank\" rel=\"noopener\">26-List-2024<\/a><\/td>\n<td>Data publikacji<br \/>\n<a href=\"https:\/\/www.secowarwick.com\/wp-content\/uploads\/2024\/11\/Zal.-14-OWZU_PL.pdf\" target=\"_blank\" rel=\"noopener\">26-List-2024<\/a><\/td>\n<\/tr>\n<tr>\n<td><b>RETECH SYSTEMS LLC<\/b><br \/>\n100 Henry Station Rd Ukiah, CA 95482<\/td>\n<td>Data publikacji<br \/>\n<a class=\"fancybox_pdf\" title=\"Fullscreen\" href=\"https:\/\/www.secowarwick.com\/wp-content\/uploads\/2017\/03\/Retech-PO-Terms-11Feb13.pdf\" target=\"_blank\" rel=\"noopener\">11-Lut-2013<\/a><\/td>\n<td><\/td>\n<td><\/td>\n<\/tr>\n<tr>\n<td><b>SECO\/WARWICK Germany<\/b><br \/>\nAn der Molkerei 15, D-47551 Bedburg-Hau, Germany<\/td>\n<td>Data publikacji<br \/>\n<a href=\"https:\/\/www.secowarwick.com\/wp-content\/uploads\/2022\/05\/AGB-SECO-04.2022.pdf\" target=\"_blank\" rel=\"noopener\">04-Maj-2022<\/a><\/td>\n<td><\/td>\n<td><\/td>\n<\/tr>\n<tr>\n<td><b><strong>SECO<span class=\"red\">\/<\/span>WARWICK SERVICES SP. Z O. O.<br \/>\n<\/strong><\/b>76 Zachodnia Str., 66-200 \u015awiebodzin, Poland<\/td>\n<td>Data publikacji<br \/>\n<a href=\"https:\/\/www.secowarwick.com\/wp-content\/uploads\/2023\/03\/OWS-PL.pdf\" target=\"_blank\" rel=\"noopener\">14-Mar-2023<\/a><\/td>\n<td>Data publikacji<br \/>\n<a href=\"https:\/\/www.secowarwick.com\/wp-content\/uploads\/2023\/03\/OWZ-PL.pdf\" target=\"_blank\" rel=\"noopener\">14-Mar-2023<\/a><\/td>\n<td><\/td>\n<\/tr>\n<\/tbody>\n<\/table>\n<\/div>\n<\/div>\n<\/div>\n<div class=\"bottomContactways\"><\/div>\n<p>[\/et_pb_text][\/et_pb_column][\/et_pb_row][\/et_pb_section]<\/p>\n","protected":false},"excerpt":{"rendered":"<p>Og\u00f3lne Warunki Handlowe SECO\/WARWICK Niniejsze warunki maj\u0105 zastosowanie wy\u0142\u0105cznie w odniesieniu do przedsi\u0119biorc\u00f3w. Ich stosowanie do sprzeda\u017cy indywidualnej (konsumenckiej) jest wy\u0142\u0105czone. &nbsp; Og\u00f3lne warunki sprzeda\u017cy Og\u00f3lne warunki zakup\u00f3w Og\u00f3lne warunki zakupu us\u0142ug SECO\/WARWICK S.A. 8 Sobieskiego Str., 66-200 \u015awiebodzin, Poland Data publikacji 01-Kwi-2022 Data publikacji 26-List-2024 Data publikacji 26-List-2024 RETECH SYSTEMS LLC 100 Henry Station [&hellip;]<\/p>\n","protected":false},"author":9,"featured_media":0,"parent":0,"menu_order":0,"comment_status":"closed","ping_status":"closed","template":"","meta":{"_acf_changed":false,"_et_pb_use_builder":"on","_et_pb_old_content":"<p><span class=\"hps\">These terms and conditions<\/span> <span class=\"hps\">shall apply<\/span> <span class=\"hps\">only in relation to<\/span> <span class=\"hps\">entrepreneurs.<\/span><\/p><p><span class=\"hps\">Their use<\/span> <span class=\"hps\">for individual sale<\/span> <span class=\"hps atn\">(<\/span>consumer) <span class=\"hps\">is excluded.<\/span><\/p>","_et_gb_content_width":"","footnotes":""},"class_list":["post-124","page","type-page","status-publish"],"acf":[],"_links":{"self":[{"href":"https:\/\/www.secowarwick.com\/pl\/wp-json\/wp\/v2\/pages\/124","targetHints":{"allow":["GET"]}}],"collection":[{"href":"https:\/\/www.secowarwick.com\/pl\/wp-json\/wp\/v2\/pages"}],"about":[{"href":"https:\/\/www.secowarwick.com\/pl\/wp-json\/wp\/v2\/types\/page"}],"author":[{"embeddable":true,"href":"https:\/\/www.secowarwick.com\/pl\/wp-json\/wp\/v2\/users\/9"}],"replies":[{"embeddable":true,"href":"https:\/\/www.secowarwick.com\/pl\/wp-json\/wp\/v2\/comments?post=124"}],"version-history":[{"count":16,"href":"https:\/\/www.secowarwick.com\/pl\/wp-json\/wp\/v2\/pages\/124\/revisions"}],"predecessor-version":[{"id":166668,"href":"https:\/\/www.secowarwick.com\/pl\/wp-json\/wp\/v2\/pages\/124\/revisions\/166668"}],"wp:attachment":[{"href":"https:\/\/www.secowarwick.com\/pl\/wp-json\/wp\/v2\/media?parent=124"}],"curies":[{"name":"wp","href":"https:\/\/api.w.org\/{rel}","templated":true}]}}