{"id":125868,"date":"2022-04-14T13:09:15","date_gmt":"2022-04-14T11:09:15","guid":{"rendered":"https:\/\/www.secowarwick.com\/?page_id=125868"},"modified":"2026-02-11T15:58:53","modified_gmt":"2026-02-11T14:58:53","slug":"vim-jet-caster","status":"publish","type":"page","link":"https:\/\/www.secowarwick.com\/pl\/vim-jet-caster\/","title":{"rendered":"Piec do Indukcyjnego Topienia Pr\u00f3\u017cniowego JetCaster VIM DS\/SC DGCC"},"content":{"rendered":"<p>[et_pb_section fb_built=&#8221;1&#8243; _builder_version=&#8221;4.16&#8243; global_colors_info=&#8221;{}&#8221;][et_pb_row _builder_version=&#8221;4.16&#8243; background_size=&#8221;initial&#8221; background_position=&#8221;top_left&#8221; background_repeat=&#8221;repeat&#8221; global_colors_info=&#8221;{}&#8221;][et_pb_column type=&#8221;4_4&#8243; _builder_version=&#8221;4.16&#8243; custom_padding=&#8221;|||&#8221; global_colors_info=&#8221;{}&#8221; custom_padding__hover=&#8221;|||&#8221;][et_pb_image src=&#8221;https:\/\/www.secowarwick.com\/wp-content\/uploads\/2022\/04\/JETCaster-slider-2.jpg&#8221; alt=&#8221;Piec do\u00a0Indukcyjnego Topienia Pr\u00f3\u017cniowego do\u00a0produkcji odlew\u00f3w z\u00a0krzepni\u0119ciem jednokierunkowym &#8221; title_text=&#8221;Piece do\u00a0indukcyjnego topienia pr\u00f3\u017cniowego &#8211; Jet Caster VIM DS\/SC DGCC&#8221; align_tablet=&#8221;center&#8221; align_phone=&#8221;&#8221; align_last_edited=&#8221;on|desktop&#8221; _builder_version=&#8221;4.16&#8243; custom_margin=&#8221;||35px|&#8221; global_colors_info=&#8221;{}&#8221;][\/et_pb_image][\/et_pb_column][\/et_pb_row][et_pb_row column_structure=&#8221;3_4,1_4&#8243; admin_label=&#8221;row&#8221; _builder_version=&#8221;4.16&#8243; background_size=&#8221;initial&#8221; background_position=&#8221;top_left&#8221; background_repeat=&#8221;repeat&#8221; custom_margin=&#8221;0px|||&#8221; custom_padding=&#8221;0px|||&#8221; make_fullwidth=&#8221;off&#8221; use_custom_width=&#8221;off&#8221; width_unit=&#8221;on&#8221; global_colors_info=&#8221;{}&#8221;][et_pb_column type=&#8221;3_4&#8243; _builder_version=&#8221;4.16&#8243; custom_padding=&#8221;|||&#8221; global_colors_info=&#8221;{}&#8221; custom_padding__hover=&#8221;|||&#8221;][et_pb_breadcrumbs _builder_version=&#8221;4.10.3&#8243; global_colors_info=&#8221;{}&#8221;][\/et_pb_breadcrumbs][et_pb_text module_class=&#8221;podtytuly&#8221; _builder_version=&#8221;4.23.1&#8243; custom_margin=&#8221;45px|||&#8221; global_colors_info=&#8221;{}&#8221;]<\/p>\n<h1 style=\"text-align: left;\" align=\"justify\">Piece do&nbsp;indukcyjnego topienia pr\u00f3\u017cniowego &#8211; JetCaster VIM DS\/SC DGCC<\/h1>\n<h2 align=\"justify\">System odlewania pr\u00f3\u017cniowego z\u00a0gazow\u0105 metod\u0105 krystalizacji<\/h2>\n<p>JetCaster VIM DS\/SC DGCC s\u0142u\u017cy do\u00a0produkcji wysokiej jako\u015bci precyzyjnych odlew\u00f3w \u0142opatek turbin w\u00a0przemy\u015ble lotniczym i\u00a0energetycznym. Metoda krystalizacji jest wzbogacona wtryskiem gazu ch\u0142odz\u0105cego, kt\u00f3ry\u00a0poprawia struktur\u0119 odlewu i\u00a0skraca ca\u0142kowity czas procesu.<\/p>\n<p>[\/et_pb_text][et_pb_tabs module_class=&#8221;red-tabs eco-tab3&#8243; _builder_version=&#8221;4.23.1&#8243; custom_css_main_element=&#8221;margin-top: 2rem;||margin-bottom: 2rem;&#8221; global_colors_info=&#8221;{}&#8221;][et_pb_tab title=&#8221;Opis&#8221; _builder_version=&#8221;4.23.1&#8243; global_colors_info=&#8221;{}&#8221;]<\/p>\n<p>Innowacyjna technologia JetCaster otwiera szereg nowych mo\u017cliwo\u015bci w\u00a0dziedzinie odlew\u00f3w z\u00a0krystalizacj\u0105 jednokierunkow\u0105 nadstop\u00f3w na\u00a0bazie niklu i\u00a0kobaltu. Lata pracy naszych in\u017cynier\u00f3w R&amp;D nad\u00a0rozwojem nowej technologii odlew\u00f3w z\u00a0krystalizacj\u0105 jednokierunkow\u0105 pozwoli\u0142y nam stworzy\u0107 urz\u0105dzenie wyposa\u017cone w\u00a0system ch\u0142odzenia odlew\u00f3w nadd\u017awi\u0119kowym strumieniem argonu.<br \/>Piec charakteryzuje si\u0119 modu\u0142ow\u0105 budow\u0105 i\u00a0\u0142atw\u0105 adaptacj\u0105 do\u00a0r\u00f3\u017cnych geometrii form odlewniczych dzi\u0119ki rozwi\u0105zaniom takim jak: automatyczna wymiana przegrody termicznej, wymienne pojemniki do\u00a0topienia dostosowane do\u00a0r\u00f3\u017cnych wielko\u015bci wsad\u00f3w, mo\u017cliwo\u015b\u0107 \u0142atwej konfiguracji systemu nadmuchu gazu.<\/p>\n<p>[\/et_pb_tab][et_pb_tab title=&#8221;Cechy&#8221; _builder_version=&#8221;4.23.1&#8243; global_colors_info=&#8221;{}&#8221;]<\/p>\n<p><strong><span style=\"color: #dc291e;\">\/ <\/span><\/strong>Odlewanie metali w\u00a0pr\u00f3\u017cni lub w\u00a0kontrolowanej atmosferze gazu oboj\u0119tnego<br \/><strong><span style=\"color: #dc291e;\">\/ <\/span><\/strong>Uruchamianie i\u00a0wy\u0142\u0105czanie systemu pr\u00f3\u017cniowego jednym dotkni\u0119ciem<br \/><strong><span style=\"color: #dc291e;\">\/ <\/span><\/strong>Przemys\u0142owy interfejs operatora z\u00a0ekranem dotykowym z\u00a0mo\u017cliwo\u015bci\u0105 wyboru j\u0119zyk\u00f3w<br \/><strong><span style=\"color: #dc291e;\">\/ <\/span><\/strong>Zastosowanie wy\u0142\u0105cznie si\u0142ownik\u00f3w elektrycznych i\u00a0pneumatycznych, bez\u00a0hydrauliki<br \/><strong><span style=\"color: #dc291e;\">\/ <\/span><\/strong>Poziome i\u00a0pionowe systemy podawania materia\u0142\u00f3w sypkich, wlewk\u00f3w i\/lub wk\u0142adek<br \/><strong><span style=\"color: #dc291e;\">\/ <\/span><\/strong>Jedno- lub dwuosiowe, precyzyjne, ucz\u0105ce si\u0119 systemy odlewania z\u00a0r\u0119cznym i\u00a0automatycznym odlewaniem profili<br \/><strong><span style=\"color: #dc291e;\">\/ <\/span><\/strong>Zamontowany na\u00a0drzwiach pojemnik do\u00a0topienia w\u00a0celu szybkiej wymiany i\u00a0\u0142atwego dost\u0119pu od\u00a0g\u00f3ry<br \/><strong><span style=\"color: #dc291e;\">\/ <\/span><\/strong>Precyzyjny pomiar temperatury topnienia z\u00a0kombinacj\u0105 kalibracji Opto\/TC niezale\u017cnie od\u00a0stopnia nape\u0142nienia tygla<br \/><strong><span style=\"color: #dc291e;\">\/ <\/span><\/strong>Jedno- lub wielostrefowe grza\u0142ki do\u00a0form<br \/><strong><span style=\"color: #dc291e;\">\/ <\/span><\/strong>Zamkni\u0119ty obw\u00f3d DS\/SC sterowania temperatur\u0105 krzepni\u0119cia i\u00a0pozycj\u0105 wyjazdu<br \/><strong><span style=\"color: #dc291e;\">\/ <\/span><\/strong>Topienie z\u00a0kontrol\u0105 ci\u015bnienia cz\u0105stkowego i\u00a0ch\u0142odzenie formy w\u00a0gazie oboj\u0119tnym<br \/><strong><span style=\"color: #dc291e;\">\/ <\/span><\/strong>Bezpieczna i\u00a0przyjazna dla \u015brodowiska technologia<\/p>\n<p>[\/et_pb_tab][et_pb_tab title=&#8221;Zalety&#8221; _builder_version=&#8221;4.23.1&#8243; global_colors_info=&#8221;{}&#8221;]<\/p>\n<p><strong><span style=\"color: #dc291e;\">\/<\/span><\/strong>\u00a0Mo\u017cliwo\u015b\u0107 uzyskania odlew\u00f3w poprzez <strong>Krzepni\u0119cie Jednokierunkowe (DS)<\/strong> oraz\u00a0<strong>Odlewanie Monokryszta\u0142owe (SC)<\/strong> metod\u0105 Bridgman\u2019a i\/lub metod\u0105 Krystalizacji za\u00a0pomoc\u0105 Opracowanego Ch\u0142odzenia Gazowego,<br \/><strong><span style=\"color: #dc291e;\">\/<\/span><\/strong>\u00a0Uzyskanie rozdrobnienia mikrostruktury odlewu okre\u015blonej parametrem PDAS, co\u00a0znacznie skraca czas obr\u00f3bki cieplnej odlew\u00f3w,<br \/><strong><span style=\"color: #dc291e;\">\/<\/span><\/strong>\u00a0Zaprojektowany specjalnie dla przemys\u0142u lotniczego, energetycznego, obronnego,<br \/><strong><span style=\"color: #dc291e;\">\/<\/span><\/strong>\u00a0Niski procent wad odlewniczych, zar\u00f3wno makro, jak i\u00a0mikrostrukturalnych,<br \/><strong><span style=\"color: #dc291e;\">\/<\/span><\/strong>\u00a0Znaczne skr\u00f3cenie procesu odlewania z\u00a0krystalizacj\u0105 jednokierunkow\u0105 w\u00a0por\u00f3wnaniu do\u00a0procesu klasycznego ze\u00a0wzgl\u0119du na\u00a0zwi\u0119kszone pr\u0119dko\u015bci wyjazdu formy,<\/p>\n<p>[\/et_pb_tab][et_pb_tab title=&#8221; &#8221; _builder_version=&#8221;4.23.1&#8243; _module_preset=&#8221;default&#8221; global_colors_info=&#8221;{}&#8221;]<\/p>\n<h2><span data-contrast=\"none\">Piec JetCaster pozwala klientom na:\u00a0<\/span><span data-ccp-props=\"{&quot;134233117&quot;:false,&quot;134233118&quot;:false,&quot;201341983&quot;:0,&quot;335551550&quot;:6,&quot;335551620&quot;:6,&quot;335559738&quot;:0,&quot;335559739&quot;:0,&quot;335559740&quot;:240}\">\u00a0<\/span><\/h2>\n<p><span data-contrast=\"none\"><strong><span style=\"color: #ff0000;\">\/<\/span><\/strong> Skr\u00f3cenie o&nbsp;50% czasu krystalizacji odlew\u00f3w<br \/><\/span><span data-contrast=\"none\"><strong><span style=\"color: #ff0000;\">\/<\/span><\/strong> Zwi\u0119kszenie wydajno\u015bci produkcji o&nbsp;82%<br \/><\/span><span data-contrast=\"none\"><strong><span style=\"color: #ff0000;\">\/<\/span><\/strong> Zmniejszenie energoch\u0142onno\u015bci produkcji o&nbsp;40%<br \/><\/span><span data-contrast=\"none\"><strong><span style=\"color: #ff0000;\">\/<\/span><\/strong> Zmniejszenie zu\u017cycia wody ch\u0142odz\u0105cej o&nbsp;50%<br \/><\/span><span data-contrast=\"none\"><strong><span style=\"color: #ff0000;\">\/<\/span><\/strong> Wytworzenie dwukrotnie wi\u0119kszej liczby odlew\u00f3w przy por\u00f3wnywalnym poziomie zapotrzebowania na&nbsp;energi\u0119. <\/span><span data-ccp-props=\"{&quot;134233117&quot;:false,&quot;134233118&quot;:false,&quot;201341983&quot;:0,&quot;335551550&quot;:6,&quot;335551620&quot;:6,&quot;335559738&quot;:0,&quot;335559739&quot;:0,&quot;335559740&quot;:240}\">\u00a0<\/span><\/p>\n<p>[\/et_pb_tab][\/et_pb_tabs][et_pb_code _builder_version=&#8221;4.10.3&#8243; _module_preset=&#8221;default&#8221; global_module=&#8221;123769&#8243; saved_tabs=&#8221;all&#8221; global_colors_info=&#8221;{}&#8221;]<!-- [et_pb_line_break_holder] --><pee style=\"text-align: center;\"><a class=\"small-button smallred\" style=\"font-size: 20px; padding: 20px 60px;\" href=\"https:\/\/www.secowarwick.com\/pl\/zapytaj-o-oferte\/\"><span style=\"display: block; transform: skew(15deg,0deg); -webkit-transform: skew(15deg,0deg); font-size: 20px; !important\">ZAPYTAJ O OFERT\u0118<\/span><\/a><\/pee>[\/et_pb_code][\/et_pb_column][et_pb_column type=&#8221;1_4&#8243; _builder_version=&#8221;4.16&#8243; custom_padding=&#8221;|||&#8221; global_colors_info=&#8221;{}&#8221; custom_padding__hover=&#8221;|||&#8221;][et_pb_gallery gallery_ids=&#8221;125871,116338&#8243; posts_number=&#8221;1&#8243; show_title_and_caption=&#8221;off&#8221; show_pagination=&#8221;off&#8221; zoom_icon_color=&#8221;#e2001a&#8221; module_class=&#8221;seco-products-gallery-new&#8221; _builder_version=&#8221;4.16&#8243; custom_css_overlay_icon=&#8221;content:&#8217;ZOBACZ GALERI\u0118&#8217; !important;&#8221; global_colors_info=&#8221;{}&#8221;][\/et_pb_gallery][et_pb_text admin_label=&#8221;btn_pl_premiumlibrary&#8221; module_class=&#8221;premium-library-button&#8221; _builder_version=&#8221;4.23.1&#8243; _module_preset=&#8221;default&#8221; text_orientation=&#8221;center&#8221; global_module=&#8221;157169&#8243; saved_tabs=&#8221;all&#8221; locked=&#8221;off&#8221; global_colors_info=&#8221;{}&#8221;]<\/p>\n<a href='https:\/\/www.secowarwick.com\/pl\/trescipremium\/' class='small-button smallred'><span>TRE\u015aCI PREMIUM<\/span><\/a>\n<p>[\/et_pb_text][et_pb_text admin_label=&#8221;R&#038;D PL&#8221; module_class=&#8221;product_widget_wrap_rd&#8221; _builder_version=&#8221;4.23.1&#8243; _module_preset=&#8221;default&#8221; text_orientation=&#8221;center&#8221; global_module=&#8221;165497&#8243; saved_tabs=&#8221;all&#8221; locked=&#8221;off&#8221; global_colors_info=&#8221;{}&#8221;]<\/p>\n<p><a href=\"https:\/\/www.secowarwick.com\/pl\/rd\/\"><span class=\"product_wigtet_name\">R&amp;D<\/span><\/a><\/p>\n<p>[\/et_pb_text][et_pb_text admin_label=&#8221;AUTOMATYKA PL&#8221; module_class=&#8221;product_widget_wrap_automation&#8221; _builder_version=&#8221;4.23.1&#8243; _module_preset=&#8221;default&#8221; global_module=&#8221;165495&#8243; saved_tabs=&#8221;all&#8221; locked=&#8221;off&#8221; global_colors_info=&#8221;{}&#8221;]<\/p>\n<p><a href=\"https:\/\/www.secowarwick.com\/pl\/service\/automatyka\/\"><span class=\"product_wigtet_name\">AUTOMATYKA<\/span><\/a><\/p>\n<p>[\/et_pb_text][et_pb_text admin_label=&#8221;SERVICE PL&#8221; module_class=&#8221;product_widget_wrap_service&#8221; _builder_version=&#8221;4.23.1&#8243; _module_preset=&#8221;default&#8221; global_module=&#8221;165500&#8243; saved_tabs=&#8221;all&#8221; locked=&#8221;off&#8221; global_colors_info=&#8221;{}&#8221;]<\/p>\n<p><a href=\"https:\/\/www.secowarwick.com\/pl\/profesjonalne-uslugi-serwisowe\/\"><span class=\"product_wigtet_name\">SERWIS<\/span><\/a><\/p>\n<p>[\/et_pb_text][et_pb_text admin_label=&#8221;SUPLEMENTALS PL&#8221; module_class=&#8221;product_widget_wrap_supleme&#8221; _builder_version=&#8221;4.23.1&#8243; _module_preset=&#8221;default&#8221; global_module=&#8221;165502&#8243; saved_tabs=&#8221;all&#8221; locked=&#8221;off&#8221; global_colors_info=&#8221;{}&#8221;]<\/p>\n<p><span class=\"product_wigtet_name\">DODATKOWE:<\/span><\/p>\n<p>[\/et_pb_text][et_pb_text admin_label=&#8221;Product brochure&#8221; module_class=&#8221;suplementals_product_brochure suplementals_wrap&#8221; _builder_version=&#8221;4.23.1&#8243; _module_preset=&#8221;default&#8221; hover_enabled=&#8221;0&#8243; locked=&#8221;off&#8221; global_colors_info=&#8221;{}&#8221; sticky_enabled=&#8221;0&#8243;]<\/p>\n<p><a href=\"https:\/\/www.secowarwick.com\/wp-content\/uploads\/2025\/11\/VM-JetCaster-WWW.pdf\" target=\"_blank\" rel=\"noopener\" class=\"ga4_product_widget_brochure\">Broszura produktu<\/a><\/p>\n<p>[\/et_pb_text][et_pb_text admin_label=&#8221;Product infographic&#8221; module_class=&#8221;suplementals_product_infographic suplementals_wrap&#8221; _builder_version=&#8221;4.23.1&#8243; _module_preset=&#8221;default&#8221; hover_enabled=&#8221;0&#8243; locked=&#8221;off&#8221; global_colors_info=&#8221;{}&#8221; sticky_enabled=&#8221;0&#8243;]<\/p>\n<p><a href=\"https:\/\/www.secowarwick.com\/wp-content\/uploads\/2023\/06\/JetCaster.jpg\" target=\"_blank\" rel=\"noopener\" class=\"ga4_product_widget_infografic\">Infografika produktu<\/a><\/p>\n<p>[\/et_pb_text][et_pb_text admin_label=&#8221;Product movie playlista&#8221; module_class=&#8221;suplementals_product_movie suplementals_wrap&#8221; _builder_version=&#8221;4.23.1&#8243; _module_preset=&#8221;default&#8221; global_module=&#8221;169535&#8243; saved_tabs=&#8221;all&#8221; locked=&#8221;off&#8221; global_colors_info=&#8221;{}&#8221;]<\/p>\n<p><a href=\"https:\/\/www.youtube.com\/playlist?list=PLa0hhW_hoQqEsIHM5LQtr9h_9UlwGFBO8\" target=\"_blank\" rel=\"noopener\">Film produktowy<\/a><\/p>\n<p>[\/et_pb_text][et_pb_text admin_label=&#8221;dnabook-pl&#8221; module_class=&#8221;suplementals_product_dna suplementals_wrap&#8221; _builder_version=&#8221;4.23.1&#8243; _module_preset=&#8221;default&#8221; global_module=&#8221;165509&#8243; saved_tabs=&#8221;all&#8221; locked=&#8221;off&#8221; global_colors_info=&#8221;{}&#8221;]<\/p>\n<p><a href=\"https:\/\/www.secowarwick.com\/wp-content\/uploads\/2025\/07\/DNA_BOOK.pdf\" target=\"_blank\" rel=\"noopener\">DNA\/BOOK<\/a><\/p>\n<p>[\/et_pb_text][et_pb_text admin_label=&#8221;ECO\/BOOK-pl&#8221; module_class=&#8221;suplementals_product_eco suplementals_wrap&#8221; _builder_version=&#8221;4.23.1&#8243; _module_preset=&#8221;default&#8221; global_module=&#8221;165511&#8243; saved_tabs=&#8221;all&#8221; locked=&#8221;off&#8221; global_colors_info=&#8221;{}&#8221;]<\/p>\n<p><a href=\"https:\/\/www.secowarwick.com\/wp-content\/uploads\/2023\/06\/ECOBOOK-2-1.pdf\" target=\"_blank\" rel=\"noopener\">ECO\/BOOK<\/a><\/p>\n<p>[\/et_pb_text][et_pb_text admin_label=&#8221;RFQ product widget pl&#8221; module_class=&#8221;product_widget_wrap_rfq-en&#8221; _builder_version=&#8221;4.23.1&#8243; _module_preset=&#8221;default&#8221; global_module=&#8221;186180&#8243; saved_tabs=&#8221;all&#8221; locked=&#8221;off&#8221; global_colors_info=&#8221;{}&#8221;]<\/p>\n<p style=\"text-align: center;\"><a class=\"small-button smallred rfq-gtm-product-widget\" href=\"https:\/\/www.secowarwick.com\/pl\/zapytaj-o-oferte\/\"><span class=\"product_wigtet_name\">ZAPYTAJ O&nbsp;OFERT\u0118<\/span><\/a><\/p>\n<p>[\/et_pb_text][\/et_pb_column][\/et_pb_row][\/et_pb_section]<\/p>\n","protected":false},"excerpt":{"rendered":"<p>[et_pb_breadcrumbs _builder_version=&#8221;4.10.3&#8243; global_colors_info=&#8221;{}&#8221;][\/et_pb_breadcrumbs]Piece do&nbsp;indukcyjnego topienia pr\u00f3\u017cniowego &#8211; JetCaster VIM DS\/SC DGCC System odlewania pr\u00f3\u017cniowego z\u00a0gazow\u0105 metod\u0105 krystalizacji JetCaster VIM DS\/SC DGCC s\u0142u\u017cy do\u00a0produkcji wysokiej jako\u015bci precyzyjnych odlew\u00f3w \u0142opatek turbin w\u00a0przemy\u015ble lotniczym i\u00a0energetycznym. Metoda krystalizacji jest wzbogacona wtryskiem gazu ch\u0142odz\u0105cego, kt\u00f3ry\u00a0poprawia struktur\u0119 odlewu i\u00a0skraca ca\u0142kowity czas procesu.Innowacyjna technologia JetCaster otwiera szereg nowych mo\u017cliwo\u015bci w\u00a0dziedzinie odlew\u00f3w z\u00a0krystalizacj\u0105 [&hellip;]<\/p>\n","protected":false},"author":2,"featured_media":87697,"parent":0,"menu_order":0,"comment_status":"closed","ping_status":"closed","template":"","meta":{"_acf_changed":false,"_et_pb_use_builder":"on","_et_pb_old_content":"","_et_gb_content_width":"","footnotes":""},"class_list":["post-125868","page","type-page","status-publish","has-post-thumbnail"],"acf":[],"_links":{"self":[{"href":"https:\/\/www.secowarwick.com\/pl\/wp-json\/wp\/v2\/pages\/125868","targetHints":{"allow":["GET"]}}],"collection":[{"href":"https:\/\/www.secowarwick.com\/pl\/wp-json\/wp\/v2\/pages"}],"about":[{"href":"https:\/\/www.secowarwick.com\/pl\/wp-json\/wp\/v2\/types\/page"}],"author":[{"embeddable":true,"href":"https:\/\/www.secowarwick.com\/pl\/wp-json\/wp\/v2\/users\/2"}],"replies":[{"embeddable":true,"href":"https:\/\/www.secowarwick.com\/pl\/wp-json\/wp\/v2\/comments?post=125868"}],"version-history":[{"count":33,"href":"https:\/\/www.secowarwick.com\/pl\/wp-json\/wp\/v2\/pages\/125868\/revisions"}],"predecessor-version":[{"id":189465,"href":"https:\/\/www.secowarwick.com\/pl\/wp-json\/wp\/v2\/pages\/125868\/revisions\/189465"}],"wp:featuredmedia":[{"embeddable":true,"href":"https:\/\/www.secowarwick.com\/pl\/wp-json\/wp\/v2\/media\/87697"}],"wp:attachment":[{"href":"https:\/\/www.secowarwick.com\/pl\/wp-json\/wp\/v2\/media?parent=125868"}],"curies":[{"name":"wp","href":"https:\/\/api.w.org\/{rel}","templated":true}]}}