{"id":126007,"date":"2022-04-25T08:11:58","date_gmt":"2022-04-25T06:11:58","guid":{"rendered":"https:\/\/www.secowarwick.com\/?page_id=126007"},"modified":"2025-06-02T08:59:29","modified_gmt":"2025-06-02T06:59:29","slug":"seco-preventive","status":"publish","type":"page","link":"https:\/\/www.secowarwick.com\/pl\/seco-preventive\/","title":{"rendered":"SECO\/PREVENTIVE"},"content":{"rendered":"<p>[et_pb_section fb_built=&#8221;1&#8243; admin_label=&#8221;section&#8221; _builder_version=&#8221;4.16&#8243; custom_padding=&#8221;0px|||&#8221; transparent_background=&#8221;off&#8221; make_fullwidth=&#8221;off&#8221; use_custom_width=&#8221;off&#8221; width_unit=&#8221;on&#8221; global_colors_info=&#8221;{}&#8221;][et_pb_row column_structure=&#8221;3_4,1_4&#8243; admin_label=&#8221;row&#8221; _builder_version=&#8221;4.23.1&#8243; background_size=&#8221;initial&#8221; background_position=&#8221;top_left&#8221; background_repeat=&#8221;repeat&#8221; custom_padding=&#8221;||||false|false&#8221; make_fullwidth=&#8221;off&#8221; use_custom_width=&#8221;off&#8221; width_unit=&#8221;on&#8221; global_colors_info=&#8221;{}&#8221;][et_pb_column type=&#8221;3_4&#8243; _builder_version=&#8221;4.16&#8243; custom_padding=&#8221;|||&#8221; global_colors_info=&#8221;{}&#8221; custom_padding__hover=&#8221;|||&#8221;][et_pb_code module_class=&#8221;custom-bread&#8221; _builder_version=&#8221;4.23.1&#8243; _module_preset=&#8221;default&#8221; global_colors_info=&#8221;{}&#8221;]<\/p>\n<div class=\"et_pb_module et_pb_breadcrumbs   et_pb_breadcrumbs_0\"><!-- [et_pb_line_break_holder] -->\t\t\t\t<pee id=\"breadcrumbs\"><span><span><a href=\"https:\/\/www.secowarwick.com\/pl\/\">HOME<\/a><\/span> \/ <span><a href=\"https:\/\/www.secowarwick.com\/pl\/service\/automatyka\/\">AUTOMATYKA<\/a><\/span> \/ <span class=\"breadcrumb_last\" aria-current=\"page\">SECO\/PREVENTIVE<\/span><\/span><\/pee><!-- [et_pb_line_break_holder] -->\t\t\t<\/div>\n<p>[\/et_pb_code][et_pb_text module_class=&#8221;red-square-list-parent podtytuly&#8221; _builder_version=&#8221;4.23.1&#8243; background_size=&#8221;initial&#8221; background_position=&#8221;top_left&#8221; background_repeat=&#8221;repeat&#8221; use_border_color=&#8221;off&#8221; global_colors_info=&#8221;{}&#8221;]<\/p>\n<h1>SECO\/PREVENTIVE \u2013 Twoje&nbsp;prewencyjne przegl\u0105dy urz\u0105dzenia<\/h1>\n<h2><img decoding=\"async\" class=\"alignleft wp-image-158457\" src=\"https:\/\/www.secowarwick.com\/wp-content\/uploads\/2024\/05\/sw-preventive-icon_2.svg\" alt=\"SECO\/PREVENTIVE\" width=\"80\" data-mce-fragment=\"1\" \/>\u200bPlanuj i&nbsp;organizuj przegl\u0105dy urz\u0105dzenia i&nbsp;jego poszczeg\u00f3lnych komponent\u00f3w w&nbsp;ramach prewencyjnego utrzymania w&nbsp;ruchu Twojego&nbsp;pieca<\/h2>\n<p>&nbsp;<\/p>\n<p>SECO\/PREVENTIVE to&nbsp;modu\u0142 na&nbsp;bazie kalendarza, kt\u00f3ry&nbsp;zapewnia planowanie i&nbsp;organizacj\u0119 przegl\u0105d\u00f3w urz\u0105dzenia i&nbsp;jego poszczeg\u00f3lnych komponent\u00f3w w&nbsp;ramach prewencyjnego utrzymania w&nbsp;ruchu danego urz\u0105dzenia.<\/p>\n<p>To&nbsp;tu&nbsp;mo\u017cliwy jest podgl\u0105d wszystkich aktualnie zaplanowanych przegl\u0105d\u00f3w dla ka\u017cdego Twojego&nbsp;pieca znajduj\u0105cego si\u0119 w&nbsp;systemie oraz&nbsp;ich potwierdzanie. Z&nbsp;widoku kalendarza za\u015b sprawdzisz przegl\u0105dy zaplanowane na&nbsp;okre\u015blony czas (np.&nbsp;miesi\u0105c). W&nbsp;innym oknie widoku sprawdzisz histori\u0119 przegl\u0105d\u00f3w, a&nbsp;dok\u0142adnie, kto i&nbsp;kiedy potwierdzi\u0142 dany przegl\u0105d, a&nbsp;tak\u017ce czas pomi\u0119dzy planowan\u0105 dat\u0105 przegl\u0105du, a&nbsp;jego potwierdzeniem.<\/p>\n<p>[\/et_pb_text][\/et_pb_column][et_pb_column type=&#8221;1_4&#8243; _builder_version=&#8221;4.23.1&#8243; custom_padding=&#8221;70px||||false|false&#8221; custom_padding_tablet=&#8221;0px||||false|false&#8221; custom_padding_phone=&#8221;0px||||false|false&#8221; custom_padding_last_edited=&#8221;on|desktop&#8221; global_colors_info=&#8221;{}&#8221; custom_padding__hover=&#8221;|||&#8221;][et_pb_text admin_label=&#8221;btn_pl_premiumlibrary&#8221; module_class=&#8221;premium-library-button&#8221; _builder_version=&#8221;4.23.1&#8243; _module_preset=&#8221;default&#8221; text_orientation=&#8221;center&#8221; global_module=&#8221;157169&#8243; saved_tabs=&#8221;all&#8221; locked=&#8221;off&#8221; global_colors_info=&#8221;{}&#8221;]<\/p>\n<a href='https:\/\/www.secowarwick.com\/pl\/trescipremium\/' class='small-button smallred'><span>TRE\u015aCI PREMIUM<\/span><\/a>\n<p>[\/et_pb_text][et_pb_text admin_label=&#8221;R&#038;D PL&#8221; module_class=&#8221;product_widget_wrap_rd&#8221; _builder_version=&#8221;4.23.1&#8243; _module_preset=&#8221;default&#8221; text_orientation=&#8221;center&#8221; global_module=&#8221;165497&#8243; saved_tabs=&#8221;all&#8221; locked=&#8221;off&#8221; global_colors_info=&#8221;{}&#8221;]<\/p>\n<p><a href=\"https:\/\/www.secowarwick.com\/pl\/rd\/\"><span class=\"product_wigtet_name\">R&amp;D<\/span><\/a><\/p>\n<p>[\/et_pb_text][et_pb_text admin_label=&#8221;PRODUKTY pl&#8221; module_class=&#8221;product_widget_wrap_products&#8221; _builder_version=&#8221;4.23.1&#8243; _module_preset=&#8221;default&#8221; global_module=&#8221;178154&#8243; saved_tabs=&#8221;all&#8221; locked=&#8221;off&#8221; global_colors_info=&#8221;{}&#8221;]<\/p>\n<p><a href=\"https:\/\/www.secowarwick.com\/pl\/produkty\/\" target=\"_blank\" rel=\"noopener\"><span class=\"product_wigtet_name\">PRODUKTY<\/span><\/a><\/p>\n<p>[\/et_pb_text][et_pb_text admin_label=&#8221;SERVICE PL&#8221; module_class=&#8221;product_widget_wrap_service&#8221; _builder_version=&#8221;4.23.1&#8243; _module_preset=&#8221;default&#8221; global_module=&#8221;165500&#8243; saved_tabs=&#8221;all&#8221; locked=&#8221;off&#8221; global_colors_info=&#8221;{}&#8221;]<\/p>\n<p><a href=\"https:\/\/www.secowarwick.com\/pl\/profesjonalne-uslugi-serwisowe\/\"><span class=\"product_wigtet_name\">SERWIS<\/span><\/a><\/p>\n<p>[\/et_pb_text][et_pb_text admin_label=&#8221;SUPLEMENTALS PL&#8221; module_class=&#8221;product_widget_wrap_supleme&#8221; _builder_version=&#8221;4.23.1&#8243; _module_preset=&#8221;default&#8221; global_module=&#8221;165502&#8243; saved_tabs=&#8221;all&#8221; locked=&#8221;off&#8221; global_colors_info=&#8221;{}&#8221;]<\/p>\n<p><span class=\"product_wigtet_name\">DODATKOWE:<\/span><\/p>\n<p>[\/et_pb_text][et_pb_text admin_label=&#8221;dnabook-pl&#8221; module_class=&#8221;suplementals_product_dna suplementals_wrap&#8221; _builder_version=&#8221;4.23.1&#8243; _module_preset=&#8221;default&#8221; global_module=&#8221;165509&#8243; saved_tabs=&#8221;all&#8221; locked=&#8221;off&#8221; global_colors_info=&#8221;{}&#8221;]<\/p>\n<p><a href=\"https:\/\/www.secowarwick.com\/wp-content\/uploads\/2024\/02\/2024_SECO_WARWICK_Catalog_DNA_EN_SECOLOGY.pdf\" target=\"_blank\" rel=\"noopener\">DNA\/BOOK<\/a><\/p>\n<p>[\/et_pb_text][et_pb_text admin_label=&#8221;ECO\/BOOK-pl&#8221; module_class=&#8221;suplementals_product_eco suplementals_wrap&#8221; _builder_version=&#8221;4.23.1&#8243; _module_preset=&#8221;default&#8221; global_module=&#8221;165511&#8243; saved_tabs=&#8221;all&#8221; locked=&#8221;off&#8221; global_colors_info=&#8221;{}&#8221;]<\/p>\n<p><a href=\"https:\/\/www.secowarwick.com\/wp-content\/uploads\/2023\/06\/ECOBOOK-2-1.pdf\" target=\"_blank\" rel=\"noopener\">ECO\/BOOK<\/a><\/p>\n<p>[\/et_pb_text][\/et_pb_column][\/et_pb_row][\/et_pb_section][et_pb_section fb_built=&#8221;1&#8243; admin_label=&#8221;section&#8221; _builder_version=&#8221;4.16&#8243; background_color=&#8221;#f8f8f8&#8243; transparent_background=&#8221;off&#8221; make_fullwidth=&#8221;off&#8221; use_custom_width=&#8221;off&#8221; width_unit=&#8221;on&#8221; global_colors_info=&#8221;{}&#8221;][et_pb_row column_structure=&#8221;1_2,1_2&#8243; admin_label=&#8221;row&#8221; _builder_version=&#8221;4.16&#8243; background_size=&#8221;initial&#8221; background_position=&#8221;top_left&#8221; background_repeat=&#8221;repeat&#8221; global_colors_info=&#8221;{}&#8221;][et_pb_column type=&#8221;1_2&#8243; _builder_version=&#8221;4.16&#8243; custom_padding=&#8221;|||&#8221; global_colors_info=&#8221;{}&#8221; custom_padding__hover=&#8221;|||&#8221;][et_pb_image alt=&#8221;Ekonomia i\u00a0ekologia id\u0105 w\u00a0parze z\u00a0Seconomy od\u00a0Seco\/Warwick&#8221; title_text=&#8221;seco_preventive 1&#8243; align_tablet=&#8221;center&#8221; align_phone=&#8221;&#8221; align_last_edited=&#8221;on|desktop&#8221; _builder_version=&#8221;4.16&#8243; global_colors_info=&#8221;{}&#8221;][\/et_pb_image][et_pb_image src=&#8221;https:\/\/www.secowarwick.com\/wp-content\/uploads\/2022\/04\/seco_preventive-1.jpg&#8221; alt=&#8221;Ekonomia i\u00a0ekologia id\u0105 w\u00a0parze z\u00a0Seconomy od\u00a0Seco\/Warwick&#8221; title_text=&#8221;seco_preventive 1&#8243; align_tablet=&#8221;center&#8221; align_phone=&#8221;&#8221; align_last_edited=&#8221;on|desktop&#8221; _builder_version=&#8221;4.16&#8243; global_colors_info=&#8221;{}&#8221;][\/et_pb_image][\/et_pb_column][et_pb_column type=&#8221;1_2&#8243; _builder_version=&#8221;4.16&#8243; custom_padding=&#8221;|||&#8221; global_colors_info=&#8221;{}&#8221; custom_padding__hover=&#8221;|||&#8221;][et_pb_text admin_label=&#8221;apostrof&#8221; module_class=&#8221;przecinek-tlo-nizej&#8221; _builder_version=&#8221;4.16&#8243; custom_margin=&#8221;50px|||&#8221; custom_margin_tablet=&#8221;&#8221; custom_margin_phone=&#8221;&#8221; custom_margin_last_edited=&#8221;on|desktop&#8221; saved_tabs=&#8221;all&#8221; global_colors_info=&#8221;{}&#8221;]<\/p>\n<p>SECO\/PREVENTIVE<\/p>\n<p>[\/et_pb_text][et_pb_text _builder_version=&#8221;4.23.1&#8243; _module_preset=&#8221;default&#8221; text_font_size=&#8221;16px&#8221; global_colors_info=&#8221;{}&#8221;]<\/p>\n<p>&nbsp;<\/p>\n<p>To&nbsp;idealne narz\u0119dzie do&nbsp;organizowania aktywno\u015bci zwi\u0105zanych z&nbsp;utrzymaniem ruchu i&nbsp;przegl\u0105dami posiadanych urz\u0105dze\u0144. Wszystkie tego typu czynno\u015bci obs\u0142ugowe, kt\u00f3re powinny by\u0107 wykonane w&nbsp;trakcie \u017cycia urz\u0105dzenia, s\u0105&nbsp;zarz\u0105dzane z&nbsp;jednego miejsca. U\u017cytkownik otrzymuje r\u00f3wnie\u017c przypomnienia o&nbsp;zaplanowanych w&nbsp;kalendarzu czynno\u015bciach.<\/p>\n<p>[\/et_pb_text][\/et_pb_column][\/et_pb_row][et_pb_row column_structure=&#8221;1_2,1_2&#8243; admin_label=&#8221;row&#8221; _builder_version=&#8221;4.16&#8243; background_size=&#8221;initial&#8221; background_position=&#8221;top_left&#8221; background_repeat=&#8221;repeat&#8221; global_colors_info=&#8221;{}&#8221;][et_pb_column type=&#8221;1_2&#8243; _builder_version=&#8221;4.16&#8243; custom_padding=&#8221;|||&#8221; global_colors_info=&#8221;{}&#8221; custom_padding__hover=&#8221;|||&#8221;][et_pb_text admin_label=&#8221;apostrof&#8221; module_class=&#8221;przecinek-tlo-nizej&#8221; _builder_version=&#8221;4.16&#8243; custom_margin=&#8221;50px|||&#8221; custom_margin_tablet=&#8221;&#8221; custom_margin_phone=&#8221;&#8221; custom_margin_last_edited=&#8221;on|desktop&#8221; saved_tabs=&#8221;all&#8221; global_colors_info=&#8221;{}&#8221;]<\/p>\n<p>G\u0142\u00f3wne funkcje programu to:<\/p>\n<p>[\/et_pb_text][et_pb_text _builder_version=&#8221;4.16&#8243; _module_preset=&#8221;default&#8221; text_font_size=&#8221;16px&#8221; global_colors_info=&#8221;{}&#8221;]<\/p>\n<p>&nbsp;<\/p>\n<p><span style=\"color: #db1414;\"><strong>\/<\/strong><\/span> planowanie cyklicznych i&nbsp;jednorazowych inspekcji,<br \/><span style=\"color: #db1414;\"><strong>\/ <\/strong><\/span>zarz\u0105dzanie przegl\u0105dami r\u00f3\u017cnych urz\u0105dze\u0144 w&nbsp;jednym narz\u0119dziu dost\u0119pnym przez&nbsp;Internet,<br \/><span style=\"color: #db1414;\"><strong>\/ <\/strong><\/span>optymalizacja pracy s\u0142u\u017cb utrzymania ruchu,<br \/><span style=\"color: #db1414;\"><strong>\/ <\/strong><\/span>potwierdzenia wykonanych przegl\u0105d\u00f3w i&nbsp;ich historia,<br \/><span style=\"color: #db1414;\"><strong>\/ <\/strong><\/span>przypomnienia o&nbsp;zaplanowanych pracach.<\/p>\n<p>SECO\/PREVENTIVE dzia\u0142a w&nbsp;chmurze, co&nbsp;pozwala na&nbsp;korzystanie z&nbsp;us\u0142ugi za&nbsp;po\u015brednictwem komputera jak i&nbsp;bezpo\u015brednio z&nbsp;telefonu lub tabletu. Dost\u0119p do&nbsp;narz\u0119dzia jest mo\u017cliwy z&nbsp;dowolnego miejsca na&nbsp;\u015bwiecie za&nbsp;po\u015brednictwem Internetu.<\/p>\n<p>[\/et_pb_text][\/et_pb_column][et_pb_column type=&#8221;1_2&#8243; _builder_version=&#8221;4.16&#8243; custom_padding=&#8221;|||&#8221; global_colors_info=&#8221;{}&#8221; custom_padding__hover=&#8221;|||&#8221;][et_pb_image alt=&#8221;Ekonomia i\u00a0ekologia id\u0105 w\u00a0parze z\u00a0Seconomy od\u00a0Seco\/Warwick&#8221; title_text=&#8221;seco_preventive 2&#8243; align_tablet=&#8221;center&#8221; align_phone=&#8221;&#8221; align_last_edited=&#8221;on|desktop&#8221; _builder_version=&#8221;4.16&#8243; global_colors_info=&#8221;{}&#8221;][\/et_pb_image][et_pb_image alt=&#8221;Ekonomia i\u00a0ekologia id\u0105 w\u00a0parze z\u00a0Seconomy od\u00a0Seco\/Warwick&#8221; title_text=&#8221;seco_preventive 2&#8243; align_tablet=&#8221;center&#8221; align_phone=&#8221;&#8221; align_last_edited=&#8221;on|desktop&#8221; _builder_version=&#8221;4.16&#8243; global_colors_info=&#8221;{}&#8221;][\/et_pb_image][et_pb_image src=&#8221;https:\/\/www.secowarwick.com\/wp-content\/uploads\/2022\/04\/seco_preventive-2.jpg&#8221; alt=&#8221;Ekonomia i\u00a0ekologia id\u0105 w\u00a0parze z\u00a0Seconomy od\u00a0Seco\/Warwick&#8221; title_text=&#8221;seco_preventive 2&#8243; align_tablet=&#8221;center&#8221; align_phone=&#8221;&#8221; align_last_edited=&#8221;on|desktop&#8221; _builder_version=&#8221;4.16&#8243; global_colors_info=&#8221;{}&#8221;][\/et_pb_image][\/et_pb_column][\/et_pb_row][\/et_pb_section][et_pb_section fb_built=&#8221;1&#8243; _builder_version=&#8221;4.23.1&#8243; _module_preset=&#8221;default&#8221; global_colors_info=&#8221;{}&#8221;][et_pb_row column_structure=&#8221;3_4,1_4&#8243; use_custom_gutter=&#8221;on&#8221; gutter_width=&#8221;2&#8243; module_class=&#8221;automatycy-wiersz-korzysci&#8221; _builder_version=&#8221;4.23.1&#8243; _module_preset=&#8221;default&#8221; locked=&#8221;off&#8221; global_colors_info=&#8221;{}&#8221;][et_pb_column type=&#8221;3_4&#8243; _builder_version=&#8221;4.23.1&#8243; _module_preset=&#8221;default&#8221; global_colors_info=&#8221;{}&#8221;][et_pb_text module_class=&#8221;przecinek-tlo-nizej&#8221; _builder_version=&#8221;4.23.1&#8243; text_text_color=&#8221;#000000&#8243; background_size=&#8221;initial&#8221; background_position=&#8221;top_left&#8221; background_repeat=&#8221;repeat&#8221; use_border_color=&#8221;off&#8221; global_colors_info=&#8221;{}&#8221;]<\/p>\n<p>SECO\/PREVENTIVE &#8211; KORZY\u015aCI<\/p>\n<p>[\/et_pb_text][et_pb_text module_class=&#8221;opis-korzysci&#8221; _builder_version=&#8221;4.23.1&#8243; _module_preset=&#8221;default&#8221; custom_margin=&#8221;20px||||false|false&#8221; global_colors_info=&#8221;{}&#8221;]<\/p>\n<p><strong><span style=\"color: #dc291e;\">\/<\/span><\/strong><strong>\u00a0Efektywne planowanie<\/strong>: Zwi\u0119kszenie efektywno\u015bci produkcji przez&nbsp;optymalizacj\u0119 harmonogram\u00f3w konserwacji.<br \/><strong><span style=\"color: #dc291e;\">\/<\/span>\u00a0Centralne zarz\u0105dzanie:<\/strong> Nasze narz\u0119dzie umo\u017cliwia zarz\u0105dzanie przegl\u0105dami r\u00f3\u017cnych urz\u0105dze\u0144 w&nbsp;jednym miejscu, co&nbsp;eliminuje konieczno\u015b\u0107 korzystania z&nbsp;wielu platform czy&nbsp;system\u00f3w. Stabilno\u015b\u0107 i&nbsp;wysoka jako\u015b\u0107 produkcji, dzi\u0119ki eliminacji awarii i&nbsp;przestoj\u00f3w.<br \/><strong><span style=\"color: #dc291e;\">\/<\/span>\u00a0Optymalizacja pracy s\u0142u\u017cb utrzymania ruchu.<br \/><\/strong><strong><span style=\"color: #dc291e;\">\/<\/span><\/strong><strong>\u00a0<\/strong>Przypomnienia o&nbsp;zaplanowanych pracach eliminuj\u0105 ryzyko op\u00f3\u017anie\u0144 czy&nbsp;przeocze\u0144.<br \/><strong><span style=\"color: #dc291e;\">\/<\/span>\u00a0Narz\u0119dzie wspomaga prewencj\u0119 awarii i&nbsp;przestoj\u00f3w, dzi\u0119ki skutecznemu planowaniu i&nbsp;systematycznym przegl\u0105dom.<\/strong><\/p>\n<p>[\/et_pb_text][\/et_pb_column][et_pb_column type=&#8221;1_4&#8243; _builder_version=&#8221;4.23.1&#8243; _module_preset=&#8221;default&#8221; global_colors_info=&#8221;{}&#8221;][et_pb_image src=&#8221;https:\/\/www.secowarwick.com\/wp-content\/uploads\/2024\/05\/korzysci.png&#8221; alt=&#8221;korzy\u015bci&#8221; align=&#8221;center&#8221; module_class=&#8221;obraz-korzysci&#8221; _builder_version=&#8221;4.23.1&#8243; _module_preset=&#8221;default&#8221; global_colors_info=&#8221;{}&#8221;][\/et_pb_image][\/et_pb_column][\/et_pb_row][\/et_pb_section]<\/p>\n","protected":false},"excerpt":{"rendered":"<p>SECO\/PREVENTIVE \u2013 Twoje&nbsp;prewencyjne przegl\u0105dy urz\u0105dzenia \u200bPlanuj i&nbsp;organizuj przegl\u0105dy urz\u0105dzenia i&nbsp;jego poszczeg\u00f3lnych komponent\u00f3w w&nbsp;ramach prewencyjnego utrzymania w&nbsp;ruchu Twojego&nbsp;pieca &nbsp; SECO\/PREVENTIVE to&nbsp;modu\u0142 na&nbsp;bazie kalendarza, kt\u00f3ry&nbsp;zapewnia planowanie i&nbsp;organizacj\u0119 przegl\u0105d\u00f3w urz\u0105dzenia i&nbsp;jego poszczeg\u00f3lnych komponent\u00f3w w&nbsp;ramach prewencyjnego utrzymania w&nbsp;ruchu danego urz\u0105dzenia. To&nbsp;tu&nbsp;mo\u017cliwy jest podgl\u0105d wszystkich aktualnie zaplanowanych przegl\u0105d\u00f3w dla ka\u017cdego Twojego&nbsp;pieca znajduj\u0105cego si\u0119 w&nbsp;systemie oraz&nbsp;ich potwierdzanie. Z&nbsp;widoku kalendarza za\u015b sprawdzisz [&hellip;]<\/p>\n","protected":false},"author":2,"featured_media":0,"parent":0,"menu_order":0,"comment_status":"closed","ping_status":"closed","template":"","meta":{"_acf_changed":false,"_et_pb_use_builder":"on","_et_pb_old_content":"","_et_gb_content_width":"","footnotes":""},"class_list":["post-126007","page","type-page","status-publish"],"acf":[],"_links":{"self":[{"href":"https:\/\/www.secowarwick.com\/pl\/wp-json\/wp\/v2\/pages\/126007","targetHints":{"allow":["GET"]}}],"collection":[{"href":"https:\/\/www.secowarwick.com\/pl\/wp-json\/wp\/v2\/pages"}],"about":[{"href":"https:\/\/www.secowarwick.com\/pl\/wp-json\/wp\/v2\/types\/page"}],"author":[{"embeddable":true,"href":"https:\/\/www.secowarwick.com\/pl\/wp-json\/wp\/v2\/users\/2"}],"replies":[{"embeddable":true,"href":"https:\/\/www.secowarwick.com\/pl\/wp-json\/wp\/v2\/comments?post=126007"}],"version-history":[{"count":31,"href":"https:\/\/www.secowarwick.com\/pl\/wp-json\/wp\/v2\/pages\/126007\/revisions"}],"predecessor-version":[{"id":178219,"href":"https:\/\/www.secowarwick.com\/pl\/wp-json\/wp\/v2\/pages\/126007\/revisions\/178219"}],"wp:attachment":[{"href":"https:\/\/www.secowarwick.com\/pl\/wp-json\/wp\/v2\/media?parent=126007"}],"curies":[{"name":"wp","href":"https:\/\/api.w.org\/{rel}","templated":true}]}}