{"id":126417,"date":"2022-04-27T10:28:53","date_gmt":"2022-04-27T08:28:53","guid":{"rendered":"https:\/\/www.secowarwick.com\/?page_id=126417"},"modified":"2025-11-03T15:56:53","modified_gmt":"2025-11-03T14:56:53","slug":"system-prozniowy-ucm-custom","status":"publish","type":"page","link":"https:\/\/www.secowarwick.com\/pl\/produkty\/system-prozniowy-ucm-custom\/","title":{"rendered":"System pr\u00f3\u017cniowy do naw\u0119glania i hartowania dostosowany do indywidualnych potrzeb klienta &#8211; UniCase Master Custom"},"content":{"rendered":"<p>[et_pb_section fb_built=&#8221;1&#8243; _builder_version=&#8221;4.16&#8243; global_colors_info=&#8221;{}&#8221;][et_pb_row _builder_version=&#8221;4.16&#8243; background_size=&#8221;initial&#8221; background_position=&#8221;top_left&#8221; background_repeat=&#8221;repeat&#8221; global_colors_info=&#8221;{}&#8221;][et_pb_column type=&#8221;4_4&#8243; _builder_version=&#8221;4.16&#8243; custom_padding=&#8221;|||&#8221; global_colors_info=&#8221;{}&#8221; custom_padding__hover=&#8221;|||&#8221;][et_pb_image src=&#8221;https:\/\/www.secowarwick.com\/wp-content\/uploads\/2022\/05\/UCN_new.jpg&#8221; alt=&#8221;System pr\u00f3\u017cniowy do naw\u0119glania i hartowania dostosowany do indywidualnych potrzeb klienta &#8211; UniCase Master\u00ae Custom&#8221; title_text=&#8221;System pr\u00f3\u017cniowy do naw\u0119glania i hartowania dostosowany do indywidualnych potrzeb klienta &#8211; UniCase Master\u00ae Custom&#8221; align_tablet=&#8221;center&#8221; align_phone=&#8221;&#8221; align_last_edited=&#8221;on|desktop&#8221; _builder_version=&#8221;4.16&#8243; global_colors_info=&#8221;{}&#8221;][\/et_pb_image][\/et_pb_column][\/et_pb_row][\/et_pb_section][et_pb_section fb_built=&#8221;1&#8243; admin_label=&#8221;section&#8221; _builder_version=&#8221;4.16&#8243; custom_padding=&#8221;25px|||&#8221; transparent_background=&#8221;off&#8221; make_fullwidth=&#8221;off&#8221; use_custom_width=&#8221;off&#8221; width_unit=&#8221;on&#8221; global_colors_info=&#8221;{}&#8221;][et_pb_row column_structure=&#8221;3_4,1_4&#8243; admin_label=&#8221;row&#8221; _builder_version=&#8221;4.16&#8243; background_size=&#8221;initial&#8221; background_position=&#8221;top_left&#8221; background_repeat=&#8221;repeat&#8221; custom_margin=&#8221;0px|||&#8221; custom_padding=&#8221;0px|||&#8221; make_fullwidth=&#8221;off&#8221; use_custom_width=&#8221;off&#8221; width_unit=&#8221;on&#8221; global_colors_info=&#8221;{}&#8221;][et_pb_column type=&#8221;3_4&#8243; _builder_version=&#8221;4.16&#8243; custom_padding=&#8221;|||&#8221; global_colors_info=&#8221;{}&#8221; custom_padding__hover=&#8221;|||&#8221;][et_pb_breadcrumbs _builder_version=&#8221;3.6&#8243; global_colors_info=&#8221;{}&#8221;][\/et_pb_breadcrumbs][et_pb_text module_class=&#8221;podtytuly&#8221; _builder_version=&#8221;4.23.1&#8243; global_colors_info=&#8221;{}&#8221;]<\/p>\n<h1 style=\"text-align: justify;\">System pr\u00f3\u017cniowy do&nbsp;naw\u0119glania i&nbsp;hartowania dostosowany do&nbsp;indywidualnych potrzeb klienta &#8211; UniCase Master Custom<\/h1>\n<h2 style=\"text-align: justify;\">Dostosowany do\u00a0potrzeb klienta system pr\u00f3\u017cniowy do\u00a0pr\u00f3\u017cniowej obr\u00f3bki cieplnej z\u00a0przep\u0142ywem pojedynczych cz\u0119\u015bci, kontrol\u0105 odkszta\u0142ce\u0144 i\u00a0najwy\u017csz\u0105 mo\u017cliw\u0105 powtarzalno\u015bci\u0105 procesu na\u00a0pojedynczym detalu.<\/h2>\n<p>UniCase Master Custom \u2013 to\u00a0<strong>system pr\u00f3\u017cniowy do\u00a0indywidualnej obr\u00f3bki cieplnej<\/strong>, kt\u00f3ry\u00a0wykorzystuje <strong>naw\u0119glanie niskoci\u015bnieniowe<\/strong> z\u00a0hartowaniem w\u00a0azocie do\u00a0obr\u00f3bki z\u00a0przep\u0142ywem pojedynczych cz\u0119\u015bci element\u00f3w przek\u0142adni mechanicznych, takich jak ko\u0142a z\u0119bate, wa\u0142y, pier\u015bcienie, tuleje itp. wykonanych ze\u00a0stali zwyk\u0142ej, specjalnej a\u017c\u00a0do\u00a0stali hartowniczych. System mo\u017cna r\u00f3wnie\u017c dostosowa\u0107 do\u00a0jasnego <strong>wy\u017carzania i\u00a0lutowania pr\u00f3\u017cniowego<\/strong> z\u00a0przep\u0142ywem pojedynczych cz\u0119\u015bci.<\/p>\n<p>System ten znacz\u0105co zwi\u0119ksza precyzj\u0119 i\u00a0powtarzalno\u015b\u0107 wynik\u00f3w obr\u00f3bki cieplnej oraz\u00a0obni\u017ca koszty produkcji.<\/p>\n<p>System jest w\u00a0pe\u0142ni zautomatyzowany i\u00a0\u0142atwo zintegrowany z\u00a0produkcj\u0105 w\u00a0linii.<\/p>\n<p>[\/et_pb_text][et_pb_tabs module_class=&#8221;red-tabs eco-tab6&#8243; _builder_version=&#8221;4.23.1&#8243; custom_css_main_element=&#8221;margin-top: 2rem;||margin-bottom: 2rem;&#8221; global_colors_info=&#8221;{}&#8221;][et_pb_tab title=&#8221;Opis&#8221; _builder_version=&#8221;4.23.1&#8243; global_colors_info=&#8221;{}&#8221;]<\/p>\n<p>Urz\u0105dzenie <strong>UniCase Master Custom<\/strong> jest dedykowane dla tych, kt\u00f3rzy\u00a0chc\u0105 znacz\u0105co podnie\u015b\u0107 jako\u015b\u0107 produkcji i\u00a0ekonomi\u0119 swoich komponent\u00f3w w\u00a0por\u00f3wnaniu z\u00a0systemami obr\u00f3bki wsadowej lub ci\u0105g\u0142ej, a\u00a0tak\u017ce wyeliminowa\u0107 stosowanie pras hartowniczych ze\u00a0wszystkimi ich wadami.<\/p>\n<p>System sk\u0142ada si\u0119 z\u00a0pr\u00f3\u017cniowej komory grzejnej (z\u00a0mo\u017cliwo\u015bci\u0105 <strong>naw\u0119glania niskoci\u015bnieniowego<\/strong>) oraz\u00a0<strong>wysokoci\u015bnieniowej komory hartowania w\u00a0azocie<\/strong> wyposa\u017conej w\u00a0mechanizmy transportowe. Detale nagrzewane s\u0105\u00a0do\u00a0temperatury procesu w\u00a0pr\u00f3\u017cniowej komorze grzejnej, co\u00a0doskonale zabezpiecza powierzchnie detali przed\u00a0zanieczyszczeniami i\u00a0nieoczekiwanymi zmianami sk\u0142adu.<\/p>\n<p>Znacz\u0105ce ulepszenia, a\u00a0konkretnie redukcja zniekszta\u0142ce\u0144, kryj\u0105 si\u0119 w\u00a0<strong>procesie hartowania<\/strong>. Dzieje si\u0119 tak\u00a0g\u0142\u00f3wnie za\u00a0pomoc\u0105 zastosowania systemu gazowego ch\u0142odzenia wysokoci\u015bnieniowego zainstalowanego w\u00a0komorze hartowania\/wy\u0142adunku. System wykorzystuje opatentowane u\u0142o\u017cenie dysz ch\u0142odz\u0105cych wok\u00f3\u0142 detalu i\u00a0zapewnia r\u00f3wnomierny przep\u0142yw gazu ch\u0142odz\u0105cego ze\u00a0wszystkich kierunk\u00f3w: g\u00f3ry, do\u0142u, bok\u00f3w.<\/p>\n<p>Nazywamy to\u00a0ch\u0142odzeniem \u201e3D\u201d. Dodatkowo, st\u00f3\u0142 obraca detal, co\u00a0jeszcze bardziej zwi\u0119ksza r\u00f3wnomierno\u015b\u0107 ch\u0142odzenia. Odnosimy si\u0119 tu\u00a0do\u00a0ruchu wiruj\u0105cego jako do\u00a0czwartego wymiaru co\u00a0pozwala nam na\u00a0ch\u0142odzenie \u201e4D\u201d zapewniaj\u0105c najlepsz\u0105 mo\u017cliw\u0105 r\u00f3wnomierno\u015b\u0107. Wz\u00f3r dyszy ch\u0142odz\u0105cej mo\u017cna odpowiednio dostosowa\u0107, aby pasowa\u0142 do\u00a0konkretnego rozmiaru i\u00a0kszta\u0142tu cz\u0119\u015bci. Ca\u0142y system ch\u0142odzenia azotem zapewnia skuteczne i\u00a0r\u00f3wnomierne hartowanie, co\u00a0skutkuje doskona\u0142\u0105 powtarzalno\u015bci\u0105, znaczn\u0105 redukcj\u0105 zniekszta\u0142ce\u0144, a\u00a0finalnie ich kontrol\u0105. Nie\u00a0jest ju\u017c potrzebny ani olej, ani hel. Moc hartowania systemu mo\u017cna w\u00a0pe\u0142ni dostosowa\u0107 do\u00a0konkretnych potrzeb w\u00a0zakresie szybko\u015bci ch\u0142odzenia okre\u015blonego detalu.<\/p>\n<p>Metoda przep\u0142ywu pojedynczych cz\u0119\u015bci, kiedy to\u00a0detale przechodz\u0105 przez\u00a0proces obr\u00f3bki cieplnej jeden po\u00a0drugim, umo\u017cliwia pe\u0142n\u0105 integracj\u0119 z\u00a0produkcj\u0105 w\u00a0linii, r\u00f3wnolegle z\u00a0urz\u0105dzeniami CNC. Metoda eliminuje tak\u017ce oprzyrz\u0105dowanie do\u00a0obr\u00f3bki cieplnej, koszt i\u00a0czas logistyki materia\u0142\u00f3w, a\u00a0tak\u017ce skraca cykl produkcyjny. Ponadto, powtarzalno\u015b\u0107 wynik\u00f3w <strong>hartowania<\/strong> wraz z\u00a0kontrol\u0105 i\u00a0redukcj\u0105 zniekszta\u0142ce\u0144 daje du\u017cy potencja\u0142 zmniejszenia koszt\u00f3w obr\u00f3bki ci\u0119\u017ckiej.<\/p>\n<p>Dodatkowo, ka\u017cda cz\u0119\u015b\u0107 jest monitorowana podczas obr\u00f3bki cieplnej, co\u00a0zapewnia dok\u0142adne raportowanie ze\u00a0100% identyfikowalno\u015bci\u0105 i\u00a0kontrol\u0105 jako\u015bci.<\/p>\n<p>System i\u00a0zastosowana technologia s\u0105\u00a0bezpieczne, czyste i\u00a0przyjazne dla \u015brodowiska.<\/p>\n<p>[\/et_pb_tab][et_pb_tab title=&#8221;Cechy&#8221; _builder_version=&#8221;4.23.1&#8243; global_colors_info=&#8221;{}&#8221;]<\/p>\n<p><strong><span style=\"color: #dc291e;\">\/ <\/span><\/strong>Indywidualna obr\u00f3bka cieplna poprzez nagrzew w\u00a0pr\u00f3\u017cni<br \/><strong><span style=\"color: #dc291e;\">\/ <\/span><\/strong>Naw\u0119glanie niskoci\u015bnieniowe<br \/><strong><span style=\"color: #dc291e;\">\/ <\/span><\/strong>Lutowanie<br \/><strong><span style=\"color: #dc291e;\">\/ <\/span><\/strong>Jasne wy\u017carzanie<br \/><strong><span style=\"color: #dc291e;\">\/ <\/span><\/strong>Wysokoci\u015bnieniowe ch\u0142odzenie gazowe (azot)<br \/><strong><span style=\"color: #dc291e;\">\/ <\/span><\/strong>Integracja z\u00a0produkcj\u0105 w\u00a0linii<br \/><strong><span style=\"color: #dc291e;\">\/ <\/span><\/strong>Mo\u017cliwo\u015b\u0107 dostosowania rozmiaru strefy roboczej<br \/><strong><span style=\"color: #dc291e;\">\/ <\/span><\/strong>Dostosowana do\u00a0klienta konfiguracja systemu<br \/><strong><span style=\"color: #dc291e;\">\/ <\/span><\/strong>Kompaktowa konstrukcja, stosunkowo niewielka wymagana powierzchnia<br \/><strong><span style=\"color: #dc291e;\">\/ <\/span><\/strong>Niskie zu\u017cycie medi\u00f3w<br \/><strong><span style=\"color: #dc291e;\">\/ <\/span><\/strong>Brak niekontrolowanej emisji gaz\u00f3w procesowych<\/p>\n<p>[\/et_pb_tab][et_pb_tab title=&#8221;Zalety&#8221; _builder_version=&#8221;4.23.1&#8243; global_colors_info=&#8221;{}&#8221;]<\/p>\n<p><span style=\"color: #dc291e;\"><strong>\/ <\/strong><\/span>Obr\u00f3bka cieplna pr\u00f3\u017cniowa z\u00a0przep\u0142ywem pojedynczych cz\u0119\u015bci<br \/><span style=\"color: #dc291e;\"><strong>\/ <\/strong><\/span>Projekt dostosowany do\u00a0danego typu cz\u0119\u015bci i\u00a0procesu<br \/><span style=\"color: #dc291e;\"><strong>\/ <\/strong><\/span>Kontrola i\u00a0redukcja zniekszta\u0142ce\u0144<br \/><span style=\"color: #dc291e;\"><strong>\/ <\/strong><\/span>Doskona\u0142a precyzja i\u00a0powtarzalno\u015b\u0107 wynik\u00f3w<br \/><span style=\"color: #dc291e;\"><strong>\/ <\/strong><\/span>Eliminacja IGO (utleniania mi\u0119dzykrystalicznego)<br \/><span style=\"color: #dc291e;\"><strong>\/ <\/strong><\/span>Brak utleniania\/brak obecno\u015bci powietrza<br \/><span style=\"color: #dc291e;\"><strong>\/ <\/strong><\/span>Idealna powierzchnia cz\u0119\u015bci<br \/><span style=\"color: #dc291e;\"><strong>\/ <\/strong><\/span>Produkcja wielkoseryjna<br \/><span style=\"color: #dc291e;\"><strong>\/ <\/strong><\/span>Elastyczno\u015b\u0107 operacyjna, uruchamianie\/zatrzymywanie na\u00a0\u017c\u0105danie<br \/><span style=\"color: #dc291e;\"><strong>\/ <\/strong><\/span>Pe\u0142na automatyzacja, integracja produkcji w\u00a0linii<br \/><span style=\"color: #dc291e;\"><strong>\/ <\/strong><\/span>100% identyfikowalno\u015b\u0107 i\u00a0badanie ka\u017cdej pojedynczej cz\u0119\u015bci<br \/><span style=\"color: #dc291e;\"><strong>\/ <\/strong><\/span>Brak zaanga\u017cowania i\u00a0wp\u0142ywu cz\u0142owieka<br \/><span style=\"color: #dc291e;\"><strong>\/ <\/strong><\/span>Hartowanie azotem odbywa si\u0119 tak\u00a0szybko jak w\u00a0oleju (nie\u00a0jest potrzebny ani olej, ani hel)<br \/><span style=\"color: #dc291e;\"><strong>\/ <\/strong><\/span>Eliminacja oprzyrz\u0105dowania do\u00a0obr\u00f3bki cieplnej i\u00a0logistyki materia\u0142owej<br \/><span style=\"color: #dc291e;\"><strong>\/ <\/strong><\/span>Eliminacja zanieczyszcze\u0144 olejowych i\u00a0opar\u00f3w olejowych (bezpiecze\u0144stwo i\u00a0\u015brodowisko)<br \/><span style=\"color: #dc291e;\"><strong>\/ <\/strong><\/span>Eliminacja myjek i\u00a0chemikali\u00f3w<br \/><span style=\"color: #dc291e;\"><strong>\/ <\/strong><\/span>Eliminacja promieniowania wysokotemperaturowego i&nbsp;zagro\u017cenia po\u017carowego<br \/><span style=\"color: #dc291e;\"><strong>\/ <\/strong><\/span>Technologia bezpieczna i&nbsp;przyjazna dla \u015brodowiska<\/p>\n<p>[\/et_pb_tab][et_pb_tab title=&#8221;Technologie&#8221; _builder_version=&#8221;4.16&#8243; global_colors_info=&#8221;{}&#8221;]<\/p>\n<p><span style=\"color: #e30f00;\"><strong>\/ <\/strong><\/span>Naw\u0119glanie Niskoci\u015bnieniowe (LPC)<br \/><span style=\"color: #e30f00;\"><strong>\/ <\/strong><\/span>Utwardzanie jasne (hartowanie w&nbsp;strumieniu gazu pod&nbsp;wysokim ci\u015bnieniem HPGQ)<br \/><span style=\"color: #e30f00;\"><strong>\/ <\/strong><\/span>Jasne wy\u017carzanie<br \/><span style=\"color: #e30f00;\"><strong>\/ <\/strong><\/span>Lutowanie pr\u00f3\u017cniowe<\/p>\n<p>[\/et_pb_tab][et_pb_tab title=&#8221;Przemys\u0142y&#8221; _builder_version=&#8221;4.23.1&#8243; global_colors_info=&#8221;{}&#8221;]<\/p>\n<p><strong><span style=\"color: #e30f00;\">\/ <\/span><\/strong>Samochodowy<br \/><strong><span style=\"color: #e30f00;\">\/ <\/span><\/strong>Przek\u0142adnie<br \/><strong><span style=\"color: #e30f00;\">\/ <\/span><\/strong>\u0141o\u017cyskowy<br \/><strong><span style=\"color: #e30f00;\">\/ <\/span><\/strong>Maszynowy<br \/><strong><span style=\"color: #e30f00;\">\/ <\/span><\/strong>Lotniczy<br \/><strong><span style=\"color: #e30f00;\">\/ <\/span><\/strong>Wyroby metalowe<\/p>\n<p>[\/et_pb_tab][et_pb_tab title=&#8221;Materia\u0142y&#8221; _builder_version=&#8221;4.16&#8243; global_colors_info=&#8221;{}&#8221;]<\/p>\n<p><span style=\"color: #e30f00;\"><strong>\/ <\/strong><\/span>Gatunki do&nbsp;standardowego naw\u0119glania lub hartowania skro\u015bnego (w&nbsp;oleju)<br \/><strong><span style=\"color: #e30f00;\">\/ <\/span><\/strong>Stale wysokostopowe i&nbsp;specjalne do&nbsp;hartowania w&nbsp;gazie i&nbsp;oleju<\/p>\n<p>[\/et_pb_tab][et_pb_tab title=&#8221; &#8221; _builder_version=&#8221;4.23.1&#8243; _module_preset=&#8221;default&#8221; global_colors_info=&#8221;{}&#8221;]<\/p>\n<p><span data-contrast=\"auto\"><strong><span style=\"color: #dc291e;\">\/<\/span><\/strong> Wielokrotnie kr\u00f3tszy czas ci\u0119\u017ckiej obr\u00f3bki<br \/><\/span><span data-contrast=\"auto\"><strong><span style=\"color: #dc291e;\">\/ <\/span><\/strong>Eliminacja wielu operacji po&nbsp;obr\u00f3bce<br \/><\/span><span data-contrast=\"auto\"><strong><span style=\"color: #dc291e;\">\/ <\/span><\/strong>Naw\u0119glanie niskoci\u015bnieniowe (LPC) \/ Hartowanie w&nbsp;strumieniu gazu pod&nbsp;wysokim ci\u015bnieniem (HPGQ)<br \/><\/span><span data-contrast=\"auto\"><strong><span style=\"color: #dc291e;\">\/<\/span><\/strong> Szybkie i&nbsp;wydajne naw\u0119glanie<br \/><\/span><span data-contrast=\"auto\"><strong><span style=\"color: #dc291e;\">\/<\/span><\/strong> Eliminacja zagro\u017ce\u0144 po\u017carowych i&nbsp;wybuchowych<br \/><\/span><span data-contrast=\"auto\"><strong><span style=\"color: #dc291e;\">\/<\/span><\/strong> Idealna jako\u015b\u0107 powierzchni<br \/><\/span><span data-contrast=\"auto\"><strong><span style=\"color: #dc291e;\">\/ <\/span><\/strong>Eliminacja IGO<br \/><\/span><span data-contrast=\"auto\"><strong><span style=\"color: #dc291e;\">\/<\/span><\/strong> Czysta i&nbsp;przyjazna dla \u015brodowiska produkcja<\/span><\/p>\n<p>[\/et_pb_tab][\/et_pb_tabs][et_pb_code _builder_version=&#8221;4.10.3&#8243; _module_preset=&#8221;default&#8221; global_module=&#8221;123769&#8243; saved_tabs=&#8221;all&#8221; global_colors_info=&#8221;{}&#8221;]<!-- [et_pb_line_break_holder] --><pee style=\"text-align: center;\"><a class=\"small-button smallred\" style=\"font-size: 20px; padding: 20px 60px;\" href=\"https:\/\/www.secowarwick.com\/pl\/zapytaj-o-oferte\/\"><span style=\"display: block; transform: skew(15deg,0deg); -webkit-transform: skew(15deg,0deg); font-size: 20px; !important\">ZAPYTAJ O OFERT\u0118<\/span><\/a><\/pee>[\/et_pb_code][\/et_pb_column][et_pb_column type=&#8221;1_4&#8243; _builder_version=&#8221;4.16&#8243; custom_padding=&#8221;|||&#8221; global_colors_info=&#8221;{}&#8221; custom_padding__hover=&#8221;|||&#8221;][et_pb_gallery gallery_ids=&#8221;88865,85446,40855&#8243; posts_number=&#8221;1&#8243; show_title_and_caption=&#8221;off&#8221; show_pagination=&#8221;off&#8221; zoom_icon_color=&#8221;#e2001a&#8221; module_class=&#8221;seco-products-gallery-new&#8221; _builder_version=&#8221;4.23.1&#8243; custom_css_overlay_icon=&#8221;content:&#8217;ZOBACZ GALERI\u0118&#8217; !important;&#8221; global_colors_info=&#8221;{}&#8221;][\/et_pb_gallery][et_pb_text admin_label=&#8221;btn_pl_premiumlibrary&#8221; module_class=&#8221;premium-library-button&#8221; _builder_version=&#8221;4.23.1&#8243; _module_preset=&#8221;default&#8221; text_orientation=&#8221;center&#8221; global_module=&#8221;157169&#8243; saved_tabs=&#8221;all&#8221; locked=&#8221;off&#8221; global_colors_info=&#8221;{}&#8221;]<\/p>\n<a href='https:\/\/www.secowarwick.com\/pl\/trescipremium\/' class='small-button smallred'><span>TRE\u015aCI PREMIUM<\/span><\/a>\n<p>[\/et_pb_text][et_pb_text admin_label=&#8221;R&#038;D PL&#8221; module_class=&#8221;product_widget_wrap_rd&#8221; _builder_version=&#8221;4.23.1&#8243; _module_preset=&#8221;default&#8221; text_orientation=&#8221;center&#8221; global_module=&#8221;165497&#8243; saved_tabs=&#8221;all&#8221; locked=&#8221;off&#8221; global_colors_info=&#8221;{}&#8221;]<\/p>\n<p><a href=\"https:\/\/www.secowarwick.com\/pl\/rd\/\"><span class=\"product_wigtet_name\">R&amp;D<\/span><\/a><\/p>\n<p>[\/et_pb_text][et_pb_text admin_label=&#8221;AUTOMATYKA PL&#8221; module_class=&#8221;product_widget_wrap_automation&#8221; _builder_version=&#8221;4.23.1&#8243; _module_preset=&#8221;default&#8221; global_module=&#8221;165495&#8243; saved_tabs=&#8221;all&#8221; locked=&#8221;off&#8221; global_colors_info=&#8221;{}&#8221;]<\/p>\n<p><a href=\"https:\/\/www.secowarwick.com\/pl\/service\/automatyka\/\"><span class=\"product_wigtet_name\">AUTOMATYKA<\/span><\/a><\/p>\n<p>[\/et_pb_text][et_pb_text admin_label=&#8221;SERVICE PL&#8221; module_class=&#8221;product_widget_wrap_service&#8221; _builder_version=&#8221;4.23.1&#8243; _module_preset=&#8221;default&#8221; global_module=&#8221;165500&#8243; saved_tabs=&#8221;all&#8221; locked=&#8221;off&#8221; global_colors_info=&#8221;{}&#8221;]<\/p>\n<p><a href=\"https:\/\/www.secowarwick.com\/pl\/profesjonalne-uslugi-serwisowe\/\"><span class=\"product_wigtet_name\">SERWIS<\/span><\/a><\/p>\n<p>[\/et_pb_text][et_pb_text admin_label=&#8221;SUPLEMENTALS PL&#8221; module_class=&#8221;product_widget_wrap_supleme&#8221; _builder_version=&#8221;4.23.1&#8243; _module_preset=&#8221;default&#8221; global_module=&#8221;165502&#8243; saved_tabs=&#8221;all&#8221; locked=&#8221;off&#8221; global_colors_info=&#8221;{}&#8221;]<\/p>\n<p><span class=\"product_wigtet_name\">DODATKOWE:<\/span><\/p>\n<p>[\/et_pb_text][et_pb_text admin_label=&#8221;Katalog produkt\u00f3w vac pl&#8221; module_class=&#8221;suplementals_product_catalogue suplementals_wrap&#8221; _builder_version=&#8221;4.23.1&#8243; _module_preset=&#8221;default&#8221; hover_enabled=&#8221;0&#8243; global_module=&#8221;169522&#8243; saved_tabs=&#8221;all&#8221; locked=&#8221;off&#8221; global_colors_info=&#8221;{}&#8221; sticky_enabled=&#8221;0&#8243;]<\/p>\n<p><a href=\"https:\/\/www.secowarwick.com\/wp-content\/uploads\/2025\/11\/VAC-VACUUM-FURNACE-WWW.pdf\" target=\"_blank\" rel=\"noopener\">Katalog produkt\u00f3w<\/a><\/p>\n<p>[\/et_pb_text][et_pb_text admin_label=&#8221;Product movie&#8221; module_class=&#8221;suplementals_product_movie suplementals_wrap&#8221; _builder_version=&#8221;4.23.1&#8243; _module_preset=&#8221;default&#8221; locked=&#8221;off&#8221; global_colors_info=&#8221;{}&#8221;]<\/p>\n<p><a href=\"https:\/\/www.youtube.com\/playlist?list=PLa0hhW_hoQqEsIHM5LQtr9h_9UlwGFBO8\" target=\"_blank\" rel=\"noopener\">Film produktowy<\/a><\/p>\n<p>[\/et_pb_text][et_pb_text admin_label=&#8221;dnabook-pl&#8221; module_class=&#8221;suplementals_product_dna suplementals_wrap&#8221; _builder_version=&#8221;4.23.1&#8243; _module_preset=&#8221;default&#8221; global_module=&#8221;165509&#8243; saved_tabs=&#8221;all&#8221; locked=&#8221;off&#8221; global_colors_info=&#8221;{}&#8221;]<\/p>\n<p><a href=\"https:\/\/www.secowarwick.com\/wp-content\/uploads\/2025\/07\/DNA_BOOK.pdf\" target=\"_blank\" rel=\"noopener\">DNA\/BOOK<\/a><\/p>\n<p>[\/et_pb_text][et_pb_text admin_label=&#8221;ECO\/BOOK-pl&#8221; module_class=&#8221;suplementals_product_eco suplementals_wrap&#8221; _builder_version=&#8221;4.23.1&#8243; _module_preset=&#8221;default&#8221; global_module=&#8221;165511&#8243; saved_tabs=&#8221;all&#8221; locked=&#8221;off&#8221; global_colors_info=&#8221;{}&#8221;]<\/p>\n<p><a href=\"https:\/\/www.secowarwick.com\/wp-content\/uploads\/2023\/06\/ECOBOOK-2-1.pdf\" target=\"_blank\" rel=\"noopener\">ECO\/BOOK<\/a><\/p>\n<p>[\/et_pb_text][et_pb_text admin_label=&#8221;RFQ product widget pl&#8221; module_class=&#8221;product_widget_wrap_rfq-en&#8221; _builder_version=&#8221;4.23.1&#8243; _module_preset=&#8221;default&#8221; global_module=&#8221;186180&#8243; saved_tabs=&#8221;all&#8221; locked=&#8221;off&#8221; global_colors_info=&#8221;{}&#8221;]<\/p>\n<p style=\"text-align: center;\"><a class=\"small-button smallred\" href=\"https:\/\/www.secowarwick.com\/pl\/zapytaj-o-oferte\/\"><span class=\"product_wigtet_name\">ZAPYTAJ O&nbsp;OFERT\u0118<\/span><\/a><\/p>\n<p>[\/et_pb_text][\/et_pb_column][\/et_pb_row][\/et_pb_section]<\/p>\n","protected":false},"excerpt":{"rendered":"<p>[et_pb_breadcrumbs _builder_version=&#8221;3.6&#8243; global_colors_info=&#8221;{}&#8221;][\/et_pb_breadcrumbs]System pr\u00f3\u017cniowy do&nbsp;naw\u0119glania i&nbsp;hartowania dostosowany do&nbsp;indywidualnych potrzeb klienta &#8211; UniCase Master Custom Dostosowany do\u00a0potrzeb klienta system pr\u00f3\u017cniowy do\u00a0pr\u00f3\u017cniowej obr\u00f3bki cieplnej z\u00a0przep\u0142ywem pojedynczych cz\u0119\u015bci, kontrol\u0105 odkszta\u0142ce\u0144 i\u00a0najwy\u017csz\u0105 mo\u017cliw\u0105 powtarzalno\u015bci\u0105 procesu na\u00a0pojedynczym detalu. UniCase Master Custom \u2013 to\u00a0system pr\u00f3\u017cniowy do\u00a0indywidualnej obr\u00f3bki cieplnej, kt\u00f3ry\u00a0wykorzystuje naw\u0119glanie niskoci\u015bnieniowe z\u00a0hartowaniem w\u00a0azocie do\u00a0obr\u00f3bki z\u00a0przep\u0142ywem pojedynczych cz\u0119\u015bci element\u00f3w przek\u0142adni mechanicznych, takich [&hellip;]<\/p>\n","protected":false},"author":2,"featured_media":127193,"parent":7110,"menu_order":0,"comment_status":"closed","ping_status":"closed","template":"","meta":{"_acf_changed":false,"_et_pb_use_builder":"on","_et_pb_old_content":"","_et_gb_content_width":"","footnotes":""},"class_list":["post-126417","page","type-page","status-publish","has-post-thumbnail"],"acf":[],"_links":{"self":[{"href":"https:\/\/www.secowarwick.com\/pl\/wp-json\/wp\/v2\/pages\/126417","targetHints":{"allow":["GET"]}}],"collection":[{"href":"https:\/\/www.secowarwick.com\/pl\/wp-json\/wp\/v2\/pages"}],"about":[{"href":"https:\/\/www.secowarwick.com\/pl\/wp-json\/wp\/v2\/types\/page"}],"author":[{"embeddable":true,"href":"https:\/\/www.secowarwick.com\/pl\/wp-json\/wp\/v2\/users\/2"}],"replies":[{"embeddable":true,"href":"https:\/\/www.secowarwick.com\/pl\/wp-json\/wp\/v2\/comments?post=126417"}],"version-history":[{"count":20,"href":"https:\/\/www.secowarwick.com\/pl\/wp-json\/wp\/v2\/pages\/126417\/revisions"}],"predecessor-version":[{"id":186647,"href":"https:\/\/www.secowarwick.com\/pl\/wp-json\/wp\/v2\/pages\/126417\/revisions\/186647"}],"up":[{"embeddable":true,"href":"https:\/\/www.secowarwick.com\/pl\/wp-json\/wp\/v2\/pages\/7110"}],"wp:featuredmedia":[{"embeddable":true,"href":"https:\/\/www.secowarwick.com\/pl\/wp-json\/wp\/v2\/media\/127193"}],"wp:attachment":[{"href":"https:\/\/www.secowarwick.com\/pl\/wp-json\/wp\/v2\/media?parent=126417"}],"curies":[{"name":"wp","href":"https:\/\/api.w.org\/{rel}","templated":true}]}}