{"id":127066,"date":"2022-04-27T12:21:45","date_gmt":"2022-04-27T10:21:45","guid":{"rendered":"https:\/\/www.secowarwick.com\/produkty\/piece-prozniowe\/single-piece-flow-vacuum-systems\/"},"modified":"2025-12-05T10:37:10","modified_gmt":"2025-12-05T09:37:10","slug":"precyzyjne-hartowanie-powierzchniowe","status":"publish","type":"page","link":"https:\/\/www.secowarwick.com\/pl\/produkty\/piece-prozniowe\/precyzyjne-hartowanie-powierzchniowe\/","title":{"rendered":"Systemy obr\u00f3bki cieplnej z kontrol\u0105 odkszta\u0142ce\u0144\u00a0do hartowania pojedynczych element\u00f3w &#8211; UniCase Master"},"content":{"rendered":"<p>[et_pb_section fb_built=&#8221;1&#8243; _builder_version=&#8221;4.16&#8243; global_colors_info=&#8221;{}&#8221;][et_pb_row _builder_version=&#8221;4.16&#8243; background_size=&#8221;initial&#8221; background_position=&#8221;top_left&#8221; background_repeat=&#8221;repeat&#8221; global_colors_info=&#8221;{}&#8221;][et_pb_column type=&#8221;4_4&#8243; _builder_version=&#8221;4.16&#8243; custom_padding=&#8221;|||&#8221; global_colors_info=&#8221;{}&#8221; custom_padding__hover=&#8221;|||&#8221;][et_pb_image src=&#8221;https:\/\/www.secowarwick.com\/wp-content\/uploads\/2019\/11\/slider-Unicase-Master.jpg&#8221; alt=&#8221;Systemy obr\u00f3bki cieplnej z kontrol\u0105 odkszta\u0142ce\u0144 do hartowania pojedynczych element\u00f3w &#8211; UniCase Master\u00ae SECO\/WARWICK &#8221; title_text=&#8221;Systemy obr\u00f3bki cieplnej z kontrol\u0105 odkszta\u0142ce\u0144 do hartowania pojedynczych element\u00f3w &#8211; UniCase Master\u00ae SECO\/WARWICK &#8221; align_tablet=&#8221;center&#8221; align_phone=&#8221;&#8221; align_last_edited=&#8221;on|desktop&#8221; _builder_version=&#8221;4.16&#8243; global_colors_info=&#8221;{}&#8221;][\/et_pb_image][et_pb_text module_class=&#8221;p-seco-product-header-text&#8221; _builder_version=&#8221;4.16&#8243; global_colors_info=&#8221;{}&#8221;][\/et_pb_text][\/et_pb_column][\/et_pb_row][et_pb_row _builder_version=&#8221;4.16&#8243; background_size=&#8221;initial&#8221; background_position=&#8221;top_left&#8221; background_repeat=&#8221;repeat&#8221; global_colors_info=&#8221;{}&#8221;][et_pb_column type=&#8221;4_4&#8243; _builder_version=&#8221;4.16&#8243; custom_padding=&#8221;|||&#8221; global_colors_info=&#8221;{}&#8221; custom_padding__hover=&#8221;|||&#8221;][et_pb_breadcrumbs _builder_version=&#8221;4.10.3&#8243; _module_preset=&#8221;default&#8221; global_colors_info=&#8221;{}&#8221;][\/et_pb_breadcrumbs][et_pb_text module_class=&#8221;podtytuly&#8221; _builder_version=&#8221;4.23.1&#8243; hover_enabled=&#8221;0&#8243; global_colors_info=&#8221;{}&#8221; sticky_enabled=&#8221;0&#8243;]<\/p>\n<h1>Systemy obr\u00f3bki cieplnej z\u00a0kontrol\u0105 odkszta\u0142ce\u0144 do\u00a0hartowania pojedynczych element\u00f3w &#8211; UniCase Master<\/h1>\n<h2>Pr\u00f3\u017cniowe systemy przep\u0142ywu pojedynczych element\u00f3w do naw\u0119glania niskoci\u015bnieniowego (LPC), hartowania, odpuszczania i hartowania gazowego.<\/h2>\n<p>UniCase Master to\u00a0<a href=\"https:\/\/www.secowarwick.com\/pl\/produkty\/piece-prozniowe\/\">piec pr\u00f3\u017cniowy<\/a> zaprojektowany w\u00a0celu zmniejszenia odkszta\u0142ce\u0144 podczas obr\u00f3bki cieplnej za\u00a0pomoc\u0105 <strong>precyzyjnego systemu hartowania powierzchniowego<\/strong> z\u00a0przep\u0142ywem pojedynczych cz\u0119\u015bci, przeznaczony do\u00a0<strong>produkcji wielkoseryjnej<\/strong>.\u00a0 Obr\u00f3bka cieplna, w\u00a0szczeg\u00f3lno\u015bci hartowanie, prowadzi do\u00a0zniekszta\u0142ce\u0144. Odkszta\u0142cenia s\u0105\u00a0p\u00f3\u017aniej korygowane obr\u00f3bk\u0105 skrawaniem, kt\u00f3ra\u00a0generuje wysokie koszty. Celem ka\u017cdego <strong>masowego procesu obr\u00f3bki cieplnej k\u00f3\u0142 z\u0119batych<\/strong> jest eliminacja lub ograniczenie zniekszta\u0142ce\u0144, a\u00a0UniCase Master jest jedynym systemem, kt\u00f3ry\u00a0mo\u017ce to\u00a0zrobi\u0107.<\/p>\n<p>&nbsp;<\/p>\n<p>[\/et_pb_text][et_pb_seco_products product_1_title=&#8221;UniCase Master&#8221; product_1_src=&#8221;https:\/\/www.secowarwick.com\/wp-content\/uploads\/2018\/12\/UCM2.jpg&#8221; product_1_alt=&#8221;Precyzyjne hartowanie powierzchniowe&#8221; product_1_button=&#8221;WI\u0118CEJ&#8221; product_1_url=&#8221;https:\/\/www.secowarwick.com\/pl\/promocja\/ucm-precyzyjne-hartowanie-powierzchniowe\/&#8221; product_2_title=&#8221;UniCase Master 4D Quench&#8221; product_2_src=&#8221;https:\/\/www.secowarwick.com\/wp-content\/uploads\/2021\/03\/ucmv5.jpg&#8221; product_2_alt=&#8221;System pr\u00f3\u017cniowy do hartowania pojedynczych element\u00f3w z kontrol\u0105 odkszta\u0142ce\u0144&#8221; product_2_button=&#8221;WI\u0118CEJ&#8221; product_2_url=&#8221;https:\/\/www.secowarwick.com\/pl\/produkty\/piece-prozniowe\/ucm-4d-quench-nowoczesna-alternatywa-dla-hartowania-w-prasach\/&#8221; product_3_title=&#8221;UniCase Master Custom&#8221; product_3_src=&#8221;https:\/\/www.secowarwick.com\/wp-content\/uploads\/2022\/03\/UCM-Custom-2.jpg&#8221; product_3_alt=&#8221;System pr\u00f3\u017cniowy do indywidualnej pr\u00f3\u017cniowej obr\u00f3bki cieplnej&#8221; product_3_button=&#8221;WI\u0118CEJ&#8221; product_3_url=&#8221;https:\/\/www.secowarwick.com\/pl\/produkty\/system-prozniowy-ucm-custom\/&#8221; module_id=&#8221;secoalutest&#8221; module_class=&#8221;disable-animation  max600&#8243; _builder_version=&#8221;4.23.1&#8243; module_alignment=&#8221;center&#8221; global_colors_info=&#8221;{}&#8221;][\/et_pb_seco_products][et_pb_text _builder_version=&#8221;4.16&#8243; custom_padding=&#8221;15px||15px|&#8221; global_colors_info=&#8221;{}&#8221;][\/et_pb_text][\/et_pb_column][\/et_pb_row][et_pb_row _builder_version=&#8221;4.16&#8243; background_size=&#8221;initial&#8221; background_position=&#8221;top_left&#8221; background_repeat=&#8221;repeat&#8221; global_colors_info=&#8221;{}&#8221;][et_pb_column type=&#8221;4_4&#8243; _builder_version=&#8221;4.16&#8243; custom_padding=&#8221;|||&#8221; global_colors_info=&#8221;{}&#8221; custom_padding__hover=&#8221;|||&#8221;][et_pb_code _builder_version=&#8221;4.10.3&#8243; _module_preset=&#8221;default&#8221; global_module=&#8221;123769&#8243; saved_tabs=&#8221;all&#8221; global_colors_info=&#8221;{}&#8221;]<!-- [et_pb_line_break_holder] --><pee style=\"text-align: center;\"><a class=\"small-button smallred\" style=\"font-size: 20px; padding: 20px 60px;\" href=\"https:\/\/www.secowarwick.com\/pl\/zapytaj-o-oferte\/\"><span style=\"display: block; transform: skew(15deg,0deg); -webkit-transform: skew(15deg,0deg); font-size: 20px; !important\">ZAPYTAJ O OFERT\u0118<\/span><\/a><\/pee>[\/et_pb_code][\/et_pb_column][\/et_pb_row][\/et_pb_section]<\/p>\n","protected":false},"excerpt":{"rendered":"<p>[et_pb_breadcrumbs _builder_version=&#8221;4.10.3&#8243; _module_preset=&#8221;default&#8221; global_colors_info=&#8221;{}&#8221;][\/et_pb_breadcrumbs]Systemy obr\u00f3bki cieplnej z\u00a0kontrol\u0105 odkszta\u0142ce\u0144 do\u00a0hartowania pojedynczych element\u00f3w &#8211; UniCase Master Pr\u00f3\u017cniowe systemy przep\u0142ywu pojedynczych element\u00f3w do naw\u0119glania niskoci\u015bnieniowego (LPC), hartowania, odpuszczania i hartowania gazowego. UniCase Master to\u00a0piec pr\u00f3\u017cniowy zaprojektowany w\u00a0celu zmniejszenia odkszta\u0142ce\u0144 podczas obr\u00f3bki cieplnej za\u00a0pomoc\u0105 precyzyjnego systemu hartowania powierzchniowego z\u00a0przep\u0142ywem pojedynczych cz\u0119\u015bci, przeznaczony do\u00a0produkcji wielkoseryjnej.\u00a0 Obr\u00f3bka cieplna, w\u00a0szczeg\u00f3lno\u015bci hartowanie, prowadzi [&hellip;]<\/p>\n","protected":false},"author":2,"featured_media":86623,"parent":7225,"menu_order":0,"comment_status":"closed","ping_status":"closed","template":"","meta":{"_acf_changed":false,"_et_pb_use_builder":"on","_et_pb_old_content":"","_et_gb_content_width":"","footnotes":""},"class_list":["post-127066","page","type-page","status-publish","has-post-thumbnail"],"acf":[],"_links":{"self":[{"href":"https:\/\/www.secowarwick.com\/pl\/wp-json\/wp\/v2\/pages\/127066","targetHints":{"allow":["GET"]}}],"collection":[{"href":"https:\/\/www.secowarwick.com\/pl\/wp-json\/wp\/v2\/pages"}],"about":[{"href":"https:\/\/www.secowarwick.com\/pl\/wp-json\/wp\/v2\/types\/page"}],"author":[{"embeddable":true,"href":"https:\/\/www.secowarwick.com\/pl\/wp-json\/wp\/v2\/users\/2"}],"replies":[{"embeddable":true,"href":"https:\/\/www.secowarwick.com\/pl\/wp-json\/wp\/v2\/comments?post=127066"}],"version-history":[{"count":17,"href":"https:\/\/www.secowarwick.com\/pl\/wp-json\/wp\/v2\/pages\/127066\/revisions"}],"predecessor-version":[{"id":188212,"href":"https:\/\/www.secowarwick.com\/pl\/wp-json\/wp\/v2\/pages\/127066\/revisions\/188212"}],"up":[{"embeddable":true,"href":"https:\/\/www.secowarwick.com\/pl\/wp-json\/wp\/v2\/pages\/7225"}],"wp:featuredmedia":[{"embeddable":true,"href":"https:\/\/www.secowarwick.com\/pl\/wp-json\/wp\/v2\/media\/86623"}],"wp:attachment":[{"href":"https:\/\/www.secowarwick.com\/pl\/wp-json\/wp\/v2\/media?parent=127066"}],"curies":[{"name":"wp","href":"https:\/\/api.w.org\/{rel}","templated":true}]}}