{"id":127078,"date":"2022-04-27T14:09:19","date_gmt":"2022-04-27T12:09:19","guid":{"rendered":"https:\/\/www.secowarwick.com\/single-chamber-vacuum-furnace\/"},"modified":"2025-12-05T09:40:11","modified_gmt":"2025-12-05T08:40:11","slug":"jednokomorowe-piece-prozniowe","status":"publish","type":"page","link":"https:\/\/www.secowarwick.com\/pl\/jednokomorowe-piece-prozniowe\/","title":{"rendered":"Jednokomorowy piec pr\u00f3\u017cniowy Vector do obr\u00f3bki cieplnej z wysokoci\u015bnieniowym ch\u0142odzeniem"},"content":{"rendered":"<p>[et_pb_section fb_built=&#8221;1&#8243; _builder_version=&#8221;4.16&#8243; global_colors_info=&#8221;{}&#8221;][et_pb_row _builder_version=&#8221;4.16&#8243; _module_preset=&#8221;default&#8221; global_colors_info=&#8221;{}&#8221;][et_pb_column type=&#8221;4_4&#8243; _builder_version=&#8221;4.16&#8243; _module_preset=&#8221;default&#8221; global_colors_info=&#8221;{}&#8221;][et_pb_image src=&#8221;https:\/\/www.secowarwick.com\/wp-content\/uploads\/2019\/11\/slider-Vector.jpg&#8221; alt=&#8221;Jednokomorowy piec pr\u00f3\u017cniowy Vector\u00ae do obr\u00f3bki cieplnej SECO\/WARWICK&#8221; title_text=&#8221;Jednokomorowy piec pr\u00f3\u017cniowy Vector\u00ae do obr\u00f3bki cieplnej SECO\/WARWICK&#8221; _builder_version=&#8221;4.16&#8243; _module_preset=&#8221;default&#8221; global_colors_info=&#8221;{}&#8221;][\/et_pb_image][\/et_pb_column][\/et_pb_row][et_pb_row _builder_version=&#8221;4.16&#8243; custom_margin=&#8221;0px|||&#8221; custom_padding=&#8221;0px|||&#8221; global_colors_info=&#8221;{}&#8221;][et_pb_column type=&#8221;4_4&#8243; _builder_version=&#8221;4.16&#8243; custom_padding=&#8221;|||&#8221; global_colors_info=&#8221;{}&#8221; custom_padding__hover=&#8221;|||&#8221;][et_pb_breadcrumbs _builder_version=&#8221;4.23.1&#8243; _module_preset=&#8221;default&#8221; global_colors_info=&#8221;{}&#8221;][\/et_pb_breadcrumbs][et_pb_text module_class=&#8221;podtytuly&#8221; _builder_version=&#8221;4.23.1&#8243; _module_preset=&#8221;default&#8221; hover_enabled=&#8221;0&#8243; global_colors_info=&#8221;{}&#8221; sticky_enabled=&#8221;0&#8243;]<\/p>\n<h1>Jednokomorowy piec pr\u00f3\u017cniowy Vector do\u00a0obr\u00f3bki cieplnej z\u00a0wysokoci\u015bnieniowym ch\u0142odzeniem<\/h1>\n<h2>Vector to\u00a0piec pr\u00f3\u017cniowy do\u00a0hartowania, odpuszczania, wy\u017carzania, lutowania mosi\u0105dzem, naw\u0119glania niskoci\u015bnieniowe i\u00a0spiekanie.<\/h2>\n<h2>Piece jednokomorowe do obr\u00f3bki cieplnej pr\u00f3\u017cniowej i lutowania twardego.<\/h2>\n<p>Vector to\u00a0<strong>jednokomorowy piec pr\u00f3\u017cniowy<\/strong> z\u00a0okr\u0105g\u0142\u0105 grafitow\u0105 komor\u0105 grzejn\u0105, kt\u00f3ry\u00a0mo\u017ce s\u0142u\u017cy\u0107 do\u00a0r\u00f3\u017cnych proces\u00f3w i\u00a0zastosowa\u0144 w\u00a0zakresie obr\u00f3bki cieplnej, takich jak <strong>hartowanie<\/strong>, <strong>odpuszczanie<\/strong>, <strong>wy\u017carzanie<\/strong>, <strong>lutowanie mosi\u0105dzem<\/strong>, <strong>naw\u0119glanie niskoci\u015bnieniowe<\/strong> i\u00a0<strong>spiekanie<\/strong>.<\/p>\n<p>Zapewnia on\u00a0istotne zdolno\u015bci w\u00a0zakresie wysokiej r\u00f3wnomierno\u015bci w\u00a0obrabianych cieplnie cz\u0119\u015bciach, wysok\u0105 sp\u00f3jno\u015b\u0107 \u0142adunk\u00f3w roboczych oraz\u00a0wysokie szybko\u015bci obr\u00f3bki wsadowej przy niskim zu\u017cyciu energii i\u00a0gaz\u00f3w procesowych.<\/p>\n<p>Piece Vector z\u00a0wysokoci\u015bnieniowym ch\u0142odzeniem gazowym s\u0105\u00a0idealnym rozwi\u0105zaniem dla wi\u0119kszo\u015bci proces\u00f3w obr\u00f3bki cieplnej.<\/p>\n<p>&nbsp;<\/p>\n<p>[\/et_pb_text][et_pb_seco_products product_1_title=&#8221;Vector HV<br \/>Piec wysokopr\u00f3\u017cniowy&#8221; product_1_src=&#8221;https:\/\/www.secowarwick.com\/wp-content\/uploads\/2025\/10\/VectorHV.jpg&#8221; product_1_alt=&#8221;Jednokomorowy piec wysokiego podci\u015bnienia do zastosowa\u0144 uniwersalnych i dedykowanych&#8221; product_1_button=&#8221;WI\u0118CEJ&#8221; product_1_url=&#8221;https:\/\/www.secowarwick.com\/pl\/piec-wysokoprozniowy-vector-hv\/&#8221; product_2_title=&#8221;Vector HPGQ<br \/>Piec pr\u00f3\u017cniowy z wysokoci\u015bnieniowym ch\u0142odzeniem gazowym&#8221; product_2_src=&#8221;https:\/\/www.secowarwick.com\/wp-content\/uploads\/2019\/12\/2016_VAC_Single-chamber-furnace-HPGQ-for-LPC-FineCarb\u00ae-PreNitLPC\u00ae.jpg&#8221; product_2_alt=&#8221;Zaawansowany piec pr\u00f3\u017cniowy z hartowaniem w gazie pod wysokim ci\u015bnieniem&#8221; product_2_button=&#8221;WI\u0118CEJ&#8221; product_2_url=&#8221;https:\/\/www.secowarwick.com\/pl\/produkty\/piece-prozniowe\/vector\/&#8221; product_3_title=&#8221;Vector UHV<br \/>Piec pr\u00f3\u017cniowy do lutowania prze\u0142\u0105cznik\u00f3w pr\u00f3\u017cniowych&#8221; product_3_src=&#8221;https:\/\/www.secowarwick.com\/wp-content\/uploads\/2023\/11\/VCB.jpg&#8221; product_3_alt=&#8221;Piec pr\u00f3\u017cniowy do lutowania prze\u0142\u0105cznik\u00f3w pr\u00f3\u017cniowych  &#8221; product_3_button=&#8221;WI\u0118CEJ&#8221; product_3_url=&#8221;https:\/\/www.secowarwick.com\/pl\/lutowanie-prozniowe-elementow-elektrycznych\/&#8221; product_4_title=&#8221;Vector 3D&#8221; product_4_src=&#8221;https:\/\/www.secowarwick.com\/wp-content\/uploads\/2020\/11\/vector3d-new.jpg&#8221; product_4_alt=&#8221;piec pr\u00f3\u017cniowy do obr\u00f3bki cieplnej metali po produkcji przyrostowej&#8221; product_4_button=&#8221;WI\u0118CEJ&#8221; product_4_url=&#8221;https:\/\/www.secowarwick.com\/pl\/produkty\/piece-prozniowe\/vector-3d\/&#8221; module_id=&#8221;secoalutest&#8221; module_class=&#8221;disable-animation max800&#8243; _builder_version=&#8221;4.23.1&#8243; global_colors_info=&#8221;{}&#8221;][\/et_pb_seco_products][et_pb_text _builder_version=&#8221;4.16&#8243; _module_preset=&#8221;default&#8221; global_colors_info=&#8221;{}&#8221;][\/et_pb_text][\/et_pb_column][\/et_pb_row][et_pb_row _builder_version=&#8221;4.16&#8243; _module_preset=&#8221;default&#8221; global_colors_info=&#8221;{}&#8221;][et_pb_column type=&#8221;4_4&#8243; _builder_version=&#8221;4.16&#8243; _module_preset=&#8221;default&#8221; global_colors_info=&#8221;{}&#8221;][et_pb_code _builder_version=&#8221;4.10.3&#8243; _module_preset=&#8221;default&#8221; global_module=&#8221;123769&#8243; saved_tabs=&#8221;all&#8221; global_colors_info=&#8221;{}&#8221;]<!-- [et_pb_line_break_holder] --><pee style=\"text-align: center;\"><a class=\"small-button smallred\" style=\"font-size: 20px; padding: 20px 60px;\" href=\"https:\/\/www.secowarwick.com\/pl\/zapytaj-o-oferte\/\"><span style=\"display: block; transform: skew(15deg,0deg); -webkit-transform: skew(15deg,0deg); font-size: 20px; !important\">ZAPYTAJ O OFERT\u0118<\/span><\/a><\/pee>[\/et_pb_code][\/et_pb_column][\/et_pb_row][\/et_pb_section]<\/p>\n","protected":false},"excerpt":{"rendered":"<p>[et_pb_breadcrumbs _builder_version=&#8221;4.23.1&#8243; _module_preset=&#8221;default&#8221; global_colors_info=&#8221;{}&#8221;][\/et_pb_breadcrumbs]Jednokomorowy piec pr\u00f3\u017cniowy Vector do\u00a0obr\u00f3bki cieplnej z\u00a0wysokoci\u015bnieniowym ch\u0142odzeniem Vector to\u00a0piec pr\u00f3\u017cniowy do\u00a0hartowania, odpuszczania, wy\u017carzania, lutowania mosi\u0105dzem, naw\u0119glania niskoci\u015bnieniowe i\u00a0spiekanie. Piece jednokomorowe do obr\u00f3bki cieplnej pr\u00f3\u017cniowej i lutowania twardego. Vector to\u00a0jednokomorowy piec pr\u00f3\u017cniowy z\u00a0okr\u0105g\u0142\u0105 grafitow\u0105 komor\u0105 grzejn\u0105, kt\u00f3ry\u00a0mo\u017ce s\u0142u\u017cy\u0107 do\u00a0r\u00f3\u017cnych proces\u00f3w i\u00a0zastosowa\u0144 w\u00a0zakresie obr\u00f3bki cieplnej, takich jak hartowanie, odpuszczanie, wy\u017carzanie, lutowanie mosi\u0105dzem, naw\u0119glanie [&hellip;]<\/p>\n","protected":false},"author":2,"featured_media":86557,"parent":0,"menu_order":0,"comment_status":"closed","ping_status":"closed","template":"","meta":{"_acf_changed":false,"_et_pb_use_builder":"on","_et_pb_old_content":"","_et_gb_content_width":"","footnotes":""},"class_list":["post-127078","page","type-page","status-publish","has-post-thumbnail"],"acf":[],"_links":{"self":[{"href":"https:\/\/www.secowarwick.com\/pl\/wp-json\/wp\/v2\/pages\/127078","targetHints":{"allow":["GET"]}}],"collection":[{"href":"https:\/\/www.secowarwick.com\/pl\/wp-json\/wp\/v2\/pages"}],"about":[{"href":"https:\/\/www.secowarwick.com\/pl\/wp-json\/wp\/v2\/types\/page"}],"author":[{"embeddable":true,"href":"https:\/\/www.secowarwick.com\/pl\/wp-json\/wp\/v2\/users\/2"}],"replies":[{"embeddable":true,"href":"https:\/\/www.secowarwick.com\/pl\/wp-json\/wp\/v2\/comments?post=127078"}],"version-history":[{"count":24,"href":"https:\/\/www.secowarwick.com\/pl\/wp-json\/wp\/v2\/pages\/127078\/revisions"}],"predecessor-version":[{"id":188190,"href":"https:\/\/www.secowarwick.com\/pl\/wp-json\/wp\/v2\/pages\/127078\/revisions\/188190"}],"wp:featuredmedia":[{"embeddable":true,"href":"https:\/\/www.secowarwick.com\/pl\/wp-json\/wp\/v2\/media\/86557"}],"wp:attachment":[{"href":"https:\/\/www.secowarwick.com\/pl\/wp-json\/wp\/v2\/media?parent=127078"}],"curies":[{"name":"wp","href":"https:\/\/api.w.org\/{rel}","templated":true}]}}