{"id":127261,"date":"2022-05-19T12:49:51","date_gmt":"2022-05-19T10:49:51","guid":{"rendered":"https:\/\/www.secowarwick.com\/?page_id=127261"},"modified":"2025-06-11T12:30:08","modified_gmt":"2025-06-11T10:30:08","slug":"lutowanie-aluminium-w-atmosferze-ochronnej","status":"publish","type":"page","link":"https:\/\/www.secowarwick.com\/pl\/produkty\/lutowanie-aluminium-w-atmosferze-ochronnej\/","title":{"rendered":"Lutowanie aluminium w atmosferze ochronnej"},"content":{"rendered":"<p>[et_pb_section fb_built=&#8221;1&#8243; _builder_version=&#8221;4.16&#8243; global_colors_info=&#8221;{}&#8221;][et_pb_row _builder_version=&#8221;4.16&#8243; background_size=&#8221;initial&#8221; background_position=&#8221;top_left&#8221; background_repeat=&#8221;repeat&#8221; global_colors_info=&#8221;{}&#8221;][et_pb_column type=&#8221;4_4&#8243; _builder_version=&#8221;4.16&#8243; custom_padding=&#8221;|||&#8221; global_colors_info=&#8221;{}&#8221; custom_padding__hover=&#8221;|||&#8221;][et_pb_image src=&#8221;https:\/\/www.secowarwick.com\/wp-content\/uploads\/2019\/12\/slider-CONTINOUS-CAB-SYSTEM.jpg&#8221; alt=&#8221;Lutowanie aluminium w\u00a0atmosferze ochronnej SECO\/WARWICK&#8221; title_text=&#8221;Lutowanie aluminium w\u00a0atmosferze ochronnej SECO\/WARWICK&#8221; align_tablet=&#8221;center&#8221; align_phone=&#8221;&#8221; align_last_edited=&#8221;on|desktop&#8221; _builder_version=&#8221;4.16&#8243; global_colors_info=&#8221;{}&#8221;][\/et_pb_image][et_pb_text module_class=&#8221;p-seco-product-header-text&#8221; _builder_version=&#8221;4.16&#8243; global_colors_info=&#8221;{}&#8221;][\/et_pb_text][\/et_pb_column][\/et_pb_row][et_pb_row column_structure=&#8221;3_4,1_4&#8243; _builder_version=&#8221;4.16&#8243; custom_margin=&#8221;||0px|&#8221; custom_padding=&#8221;||0px|&#8221; global_colors_info=&#8221;{}&#8221;][et_pb_column type=&#8221;3_4&#8243; _builder_version=&#8221;4.16&#8243; custom_padding=&#8221;|||&#8221; global_colors_info=&#8221;{}&#8221; custom_padding__hover=&#8221;|||&#8221;][et_pb_breadcrumbs _builder_version=&#8221;4.10.3&#8243; _module_preset=&#8221;default&#8221; global_colors_info=&#8221;{}&#8221;][\/et_pb_breadcrumbs][et_pb_text module_class=&#8221;podtytuly&#8221; _builder_version=&#8221;4.16&#8243; global_colors_info=&#8221;{}&#8221;]<\/p>\n<h1>Lutowanie aluminium w&nbsp;atmosferze ochronnej<\/h1>\n<p>[\/et_pb_text][\/et_pb_column][et_pb_column type=&#8221;1_4&#8243; _builder_version=&#8221;4.16&#8243; custom_padding=&#8221;55px||||false|false&#8221; custom_padding_tablet=&#8221;&#8221; custom_padding_phone=&#8221;0px||||false|false&#8221; custom_padding_last_edited=&#8221;on|desktop&#8221; global_colors_info=&#8221;{}&#8221; custom_padding__hover=&#8221;|||&#8221;][et_pb_text admin_label=&#8221;find-contact-apcab&#8221; module_class=&#8221;find-your-contact-modul&#8221; _builder_version=&#8221;4.16&#8243; text_font=&#8221;|600|||||||&#8221; saved_tabs=&#8221;all&#8221; global_colors_info=&#8221;{}&#8221;]<a href='https:\/\/www.secowarwick.com\/pl\/produkty\/obrobka-cieplna-aluminium\/kontakt\/' class='small-button smallred'><span><img decoding=\"async\" src=\"data:image\/svg+xml;base64,PHN2ZyB4bWxucz0iaHR0cDovL3d3dy53My5vcmcvMjAwMC9zdmciIHZlcnNpb249IjEuMSIgeG1sbnM6eGxpbms9Imh0dHA6Ly93d3cudzMub3JnLzE5OTkveGxpbmsiIHhtbG5zOnN2Z2pzPSJodHRwOi8vc3ZnanMuY29tL3N2Z2pzIiB3aWR0aD0iNTEyIiBoZWlnaHQ9IjUxMiIgeD0iMCIgeT0iMCIgdmlld0JveD0iMCAwIDQ2MS41MTYgNDYxLjUxNiIgc3R5bGU9ImVuYWJsZS1iYWNrZ3JvdW5kOm5ldyAwIDAgNTEyIDUxMiIgeG1sOnNwYWNlPSJwcmVzZXJ2ZSIgY2xhc3M9IiI+PGc+PGcgeG1sbnM9Imh0dHA6Ly93d3cudzMub3JnLzIwMDAvc3ZnIj48cGF0aCBkPSJtMTg1Ljc0NiAzNzEuMzMyYzQxLjI1MS4wMDEgODEuMzIyLTEzLjc2MiAxMTMuODY2LTM5LjExbDEyMi43NzggMTIyLjc3OGM5LjE3MiA4Ljg1OCAyMy43ODcgOC42MDQgMzIuNjQ1LS41NjggOC42NDEtOC45NDcgOC42NDEtMjMuMTMxIDAtMzIuMDc3bC0xMjIuNzc4LTEyMi43NzhjNjIuODk5LTgwLjk2OCA0OC4yNTItMTk3LjU5NS0zMi43MTYtMjYwLjQ5NHMtMTk3LjU5NC00OC4yNTItMjYwLjQ5MyAzMi43MTYtNDguMjUyIDE5Ny41OTUgMzIuNzE2IDI2MC40OTRjMzIuNTk3IDI1LjMyMyA3Mi43MDQgMzkuMDYgMTEzLjk4MiAzOS4wMzl6bS05OC42NTEtMjg0LjI3M2M1NC40ODQtNTQuNDg1IDE0Mi44Mi01NC40ODYgMTk3LjMwNS0uMDAyczU0LjQ4NiAxNDIuODIuMDAyIDE5Ny4zMDUtMTQyLjgyIDU0LjQ4Ni0xOTcuMzA1LjAwMmMtLjAwMS0uMDAxLS4wMDEtLjAwMS0uMDAyLS4wMDItNTQuNDg0LTU0LjA4Ny01NC44MDUtMTQyLjEwMS0uNzE4LTE5Ni41ODUuMjM5LS4yNC40NzgtLjQ3OS43MTgtLjcxOHoiIGZpbGw9IiNmZmZmZmYiIGRhdGEtb3JpZ2luYWw9IiMwMDAwMDAiIHN0eWxlPSIiIGNsYXNzPSIiPjwvcGF0aD48L2c+PC9nPjwvc3ZnPg==\" width=\"12px\" \/> ZNAJD\u0179 KONTAKT<\/span><\/a>[\/et_pb_text][\/et_pb_column][\/et_pb_row][et_pb_row _builder_version=&#8221;4.16&#8243; _module_preset=&#8221;default&#8221; global_colors_info=&#8221;{}&#8221;][et_pb_column type=&#8221;4_4&#8243; _builder_version=&#8221;4.16&#8243; _module_preset=&#8221;default&#8221; global_colors_info=&#8221;{}&#8221;][et_pb_text _builder_version=&#8221;4.16&#8243; custom_margin=&#8221;0px|||&#8221; custom_padding=&#8221;0px|||&#8221; global_colors_info=&#8221;{}&#8221;]Lutowanie twarde aluminium w&nbsp;atmosferze kontrolowanej (CAB \u2013 Controlled Atmosphere Brazing) z&nbsp;wykorzystaniem niekorozyjnego topnika jest od&nbsp;lat preferowanym procesem w&nbsp;produkcji aluminiowych wymiennik\u00f3w ciep\u0142a. Od&nbsp;wej\u015bcia na&nbsp;ten rynek w&nbsp;1983 roku SECO\/WARWICK jest pionierem rozwoju technologii procesu lutowania w&nbsp;spos\u00f3b ci\u0105g\u0142y. Wykorzystuj\u0105c ponad 100 lat do\u015bwiadczenia w&nbsp;projektowaniu piec\u00f3w, SECO\/WARWICK stworzy\u0142o takie innowacje jak: lepsza konstrukcja mufli, technologia grzania konwekcyjnego, systemy ci\u0105g\u0142ej kontroli atmosfery, rozwi\u0105zania dla obni\u017cania konsumpcji energii, przebudowa system\u00f3w i&nbsp;studium wykonalno\u015bci ulepsze\u0144.<\/p>\n<p>Aby sprosta\u0107 rosn\u0105cemu zapotrzebowaniu na&nbsp;lutowanie aluminium,\u00a0 powy\u017csze innowacje, wraz z&nbsp;innymi, doprowadzi\u0142y do&nbsp;\u200b\u200bzaprojektowania r\u00f3\u017cnych system\u00f3w piec\u00f3w do&nbsp;lutowania twardego.<\/p>\n<p>Oferujemy optymalne rozwi\u0105zania dla wszystkich typ\u00f3w przemys\u0142owych wymiennik\u00f3w ciep\u0142a produkowanych w&nbsp;produkcji wielkoseryjnej, \u015brednioseryjnej lub jednostkowej kr\u00f3tkoseryjnej.[\/et_pb_text][\/et_pb_column][\/et_pb_row][et_pb_row _builder_version=&#8221;4.16&#8243; module_alignment=&#8221;center&#8221; custom_margin=&#8221;0px|||&#8221; custom_padding=&#8221;0px|||&#8221; global_colors_info=&#8221;{}&#8221;][et_pb_column type=&#8221;4_4&#8243; _builder_version=&#8221;4.16&#8243; custom_padding=&#8221;|||&#8221; global_colors_info=&#8221;{}&#8221; custom_padding__hover=&#8221;|||&#8221;][et_pb_seco_products product_1_title=&#8221;Piec do\u00a0lutowania aluminium w\u00a0atmosferze kontrolowanej \u2013 Systemy CAB&#8221; product_1_src=&#8221;https:\/\/www.secowarwick.com\/wp-content\/uploads\/2019\/11\/CAB-Line.jpg&#8221; product_1_alt=&#8221;Piec do\u00a0lutowania aluminium w\u00a0atmosferze kontrolowanej \u2013 Systemy CAB&#8221; product_1_button=&#8221;WI\u0118CEJ&#8221; product_1_url=&#8221;https:\/\/www.secowarwick.com\/pl\/produkty\/lutowanie-aluminium-w-atmosferze-ochronnej\/systemy-cab\/&#8221; product_2_title=&#8221;Piece ci\u0105g\u0142e do\u00a0lutowania twardego aluminium &#8211; Systemy ci\u0105g\u0142e EV\/CAB\u00ae &#8221; product_2_src=&#8221;https:\/\/www.secowarwick.com\/wp-content\/uploads\/2019\/11\/Continous-CAB-Line.jpg&#8221; product_2_alt=&#8221;Piece ci\u0105g\u0142e do\u00a0lutowania twardego aluminium &#8211; Systemy ci\u0105g\u0142e EV\/CAB&#8221; product_2_button=&#8221;WI\u0118CEJ&#8221; product_2_url=&#8221;https:\/\/www.secowarwick.com\/pl\/produkty\/lutowanie-aluminium-w-atmosferze-ochronnej\/systemy-ciagle-cab\/&#8221; product_3_title=&#8221;Piece p\u00f3\u0142ci\u0105g\u0142e do\u00a0lutowania twardego aluminium \u2013 Systemy p\u00f3\u0142ci\u0105g\u0142e CAB&#8221; product_3_src=&#8221;https:\/\/www.secowarwick.com\/wp-content\/uploads\/2019\/11\/Semi-Continous-Products.jpg&#8221; product_3_alt=&#8221;Piece p\u00f3\u0142ci\u0105g\u0142e do\u00a0lutowania twardego aluminium \u2013 Systemy p\u00f3\u0142ci\u0105g\u0142e CAB&#8221; product_3_button=&#8221;WI\u0118CEJ&#8221; product_3_url=&#8221;https:\/\/www.secowarwick.com\/pl\/produkty\/lutowanie-aluminium-w-atmosferze-ochronnej\/systemy-polciagle-cab\/&#8221; product_4_title=&#8221;Uniwersalne piece komorowe do\u00a0lutowania twardego aluminium&#8221; product_4_src=&#8221;https:\/\/www.secowarwick.com\/wp-content\/uploads\/2019\/11\/CAB-BATCH-500-x-500.jpg&#8221; product_4_alt=&#8221;Uniwersalne piece komorowe do\u00a0lutowania twardego aluminium&#8221; product_4_button=&#8221;WI\u0118CEJ&#8221; product_4_url=&#8221;https:\/\/www.secowarwick.com\/pl\/produkty\/lutowanie-aluminium-w-atmosferze-ochronnej\/systemy-nieprzelotowe-cab\/&#8221; product_5_title=&#8221;Obs\u0142uga posprzeda\u017cowa system\u00f3w CAB&#8221; product_5_src=&#8221;https:\/\/www.secowarwick.com\/wp-content\/uploads\/2019\/11\/Aftermarket-CAB500-x-500.jpg&#8221; product_5_alt=&#8221;Wymiany, us\u0142ugi i\u00a0cz\u0119\u015bci zamienne do\u00a0urz\u0105dze\u0144 CAB&#8221; product_5_button=&#8221;WI\u0118CEJ&#8221; product_5_url=&#8221;https:\/\/www.secowarwick.com\/pl\/produkty\/lutowanie-aluminium-w-atmosferze-ochronnej\/obsluga-posprzedazowa-systemow-cab\/&#8221; module_id=&#8221;secoalutest&#8221; module_class=&#8221;disable-animation max800&#8243; _builder_version=&#8221;4.23.1&#8243; hover_enabled=&#8221;0&#8243; global_colors_info=&#8221;{}&#8221; sticky_enabled=&#8221;0&#8243;][\/et_pb_seco_products][\/et_pb_column][\/et_pb_row][et_pb_row column_structure=&#8221;1_2,1_2&#8243; _builder_version=&#8221;4.16&#8243; background_color=&#8221;#ffffff&#8221; global_colors_info=&#8221;{}&#8221;][et_pb_column type=&#8221;1_2&#8243; _builder_version=&#8221;4.16&#8243; background_color=&#8221;#ffffff&#8221; custom_padding=&#8221;|||&#8221; global_colors_info=&#8221;{}&#8221; custom_padding__hover=&#8221;|||&#8221;][et_pb_text _builder_version=&#8221;4.16&#8243; border_color_all=&#8221;#ffffff&#8221; global_colors_info=&#8221;{}&#8221;]<\/p>\n<p><strong><span style=\"color: #dc291e;\">\/<\/span>\u00a0Przemys\u0142y: <br \/><\/strong>motoryzacyjny, maszynowy, energetyczny, elektroniczny.<\/p>\n<p><strong><span style=\"color: #dc291e;\">\/<\/span>\u00a0Istotne cechy: <br \/><\/strong>Specjalizowane linie do&nbsp;lutowania lub obr\u00f3bki cieplnej aluminium budowane wed\u0142ug indywidualnych wymaga\u0144 klienta. Dostosowanie proces\u00f3w do&nbsp;specyfiki wsadu i&nbsp;wymaga\u0144 wydajno\u015bciowych oraz&nbsp;jako\u015bciowych. Skr\u00f3cenie czasu procesu, obni\u017cenie zu\u017cycia energii i&nbsp;innych czynnik\u00f3w energetycznych, spe\u0142nienie specyfikowanych przez&nbsp;klienta norm lotniczych, samochodowych, ochrony \u015brodowiska i&nbsp;innych. Dedykowane urz\u0105dzenia peryferyjne: transportu wsadu, czyszczenia mi\u0119dzyoperacyjnego, nanoszenia topnika, pakowania, ograniczania emisji substancji szkodliwych.<\/p>\n<p><strong><span style=\"color: #dc291e;\">\/<\/span>\u00a0<\/strong><strong>Sk\u0142ad linii CAB: <br \/><\/strong>odt\u0142uszczacz, uk\u0142ad natrysku topnikiem, suszarka oraz&nbsp;piec do&nbsp;lutowania CAB. W&nbsp;zale\u017cno\u015bci od&nbsp;wymaga\u0144 przestrzennych i&nbsp;logistycznych klienta urz\u0105dzenia te&nbsp;mog\u0105 by\u0107 zestawiane w&nbsp;linii prostej, zamkni\u0119tej p\u0119tli wraz z&nbsp;systemem przeno\u015bnik\u00f3w lub w&nbsp;kszta\u0142cie liter U&nbsp;czy&nbsp;L.<\/p>\n<p>[\/et_pb_text][\/et_pb_column][et_pb_column type=&#8221;1_2&#8243; _builder_version=&#8221;4.16&#8243; custom_padding=&#8221;|||&#8221; global_colors_info=&#8221;{}&#8221; custom_padding__hover=&#8221;|||&#8221;][et_pb_text _builder_version=&#8221;4.19.2&#8243; border_color_all=&#8221;#ffffff&#8221; global_colors_info=&#8221;{}&#8221;]<\/p>\n<p><strong><span style=\"color: #dc291e;\">\/<\/span> Systemy<\/strong><\/p>\n<p>Komputerowy system kontroli procesu lutowania,<\/p>\n<p><strong>Active Only\u00ae<\/strong>\u00a0\u2013 piec do&nbsp;lutowania aluminium o&nbsp;p\u00f3\u0142ci\u0105g\u0142ym charakterze pracy o&nbsp;najwy\u017cszej elastyczno\u015bci dedykowany dla klient\u00f3w o&nbsp;najwy\u017cszym stopniu r\u00f3\u017cnorodno\u015bci wymiennik\u00f3w i&nbsp;klient\u00f3w HVAC lutuj\u0105cych wymienniki dla klimatyzacji.<\/p>\n<p>[\/et_pb_text][\/et_pb_column][\/et_pb_row][et_pb_row disabled_on=&#8221;on|on|on&#8221; _builder_version=&#8221;4.16&#8243; background_size=&#8221;initial&#8221; background_position=&#8221;top_left&#8221; background_repeat=&#8221;repeat&#8221; disabled=&#8221;on&#8221; global_colors_info=&#8221;{}&#8221;][et_pb_column type=&#8221;4_4&#8243; _builder_version=&#8221;4.16&#8243; custom_padding=&#8221;|||&#8221; global_colors_info=&#8221;{}&#8221; custom_padding__hover=&#8221;|||&#8221;][et_pb_text _builder_version=&#8221;4.16&#8243; global_colors_info=&#8221;{}&#8221;]<\/p>\n<h2>Materia\u0142y o&nbsp;produkcie<\/h2>\n<p>[\/et_pb_text][\/et_pb_column][\/et_pb_row][et_pb_row column_structure=&#8221;1_2,1_2&#8243; disabled_on=&#8221;on|on|on&#8221; _builder_version=&#8221;4.16&#8243; background_color=&#8221;#ffffff&#8221; disabled=&#8221;on&#8221; global_colors_info=&#8221;{}&#8221;][et_pb_column type=&#8221;1_2&#8243; _builder_version=&#8221;4.16&#8243; background_color=&#8221;#ffffff&#8221; custom_padding=&#8221;|||&#8221; global_colors_info=&#8221;{}&#8221; custom_padding__hover=&#8221;|||&#8221;][et_pb_selected_documents _builder_version=&#8221;4.10.3&#8243; global_colors_info=&#8221;{}&#8221;][et_pb_document post_id=&#8221;118194&#8243; title=&#8221;R&#038;D CAB Furnace brochure&#8221; _builder_version=&#8221;4.10.3&#8243; global_colors_info=&#8221;{}&#8221;][\/et_pb_document][et_pb_document post_id=&#8221;20263&#8243; title=&#8221;Universal CAB Batch Furnace brochure&#8221; _builder_version=&#8221;4.10.3&#8243; global_colors_info=&#8221;{}&#8221;][\/et_pb_document][\/et_pb_selected_documents][\/et_pb_column][et_pb_column type=&#8221;1_2&#8243; _builder_version=&#8221;4.16&#8243; custom_padding=&#8221;|||&#8221; global_colors_info=&#8221;{}&#8221; custom_padding__hover=&#8221;|||&#8221;][et_pb_selected_documents _builder_version=&#8221;4.10.3&#8243; global_colors_info=&#8221;{}&#8221;][et_pb_document post_id=&#8221;114595&#8243; title=&#8221;CAB Controlled Atmosphere Aluminum Brazing Systems brochure&#8221; _builder_version=&#8221;4.10.3&#8243; global_colors_info=&#8221;{}&#8221;][\/et_pb_document][et_pb_document post_id=&#8221;35454&#8243; title=&#8221;Vacuum purging: a\u00a0progressive innovation for CAB equipment and processes&#8221; _builder_version=&#8221;3.6&#8243; global_colors_info=&#8221;{}&#8221;][\/et_pb_document][\/et_pb_selected_documents][\/et_pb_column][\/et_pb_row][et_pb_row _builder_version=&#8221;4.16&#8243; background_size=&#8221;initial&#8221; background_position=&#8221;top_left&#8221; background_repeat=&#8221;repeat&#8221; global_colors_info=&#8221;{}&#8221;][et_pb_column type=&#8221;4_4&#8243; _builder_version=&#8221;4.16&#8243; custom_padding=&#8221;|||&#8221; global_colors_info=&#8221;{}&#8221; custom_padding__hover=&#8221;|||&#8221;][et_pb_code _builder_version=&#8221;4.10.3&#8243; _module_preset=&#8221;default&#8221; global_module=&#8221;123769&#8243; saved_tabs=&#8221;all&#8221; global_colors_info=&#8221;{}&#8221;]<!-- [et_pb_line_break_holder] --><pee style=\"text-align: center;\"><a class=\"small-button smallred\" style=\"font-size: 20px; padding: 20px 60px;\" href=\"https:\/\/www.secowarwick.com\/pl\/zapytaj-o-oferte\/\"><span style=\"display: block; transform: skew(15deg,0deg); -webkit-transform: skew(15deg,0deg); font-size: 20px; !important\">ZAPYTAJ O OFERT\u0118<\/span><\/a><\/pee>[\/et_pb_code][\/et_pb_column][\/et_pb_row][\/et_pb_section]<\/p>\n","protected":false},"excerpt":{"rendered":"<p>[et_pb_breadcrumbs _builder_version=&#8221;4.10.3&#8243; _module_preset=&#8221;default&#8221; global_colors_info=&#8221;{}&#8221;][\/et_pb_breadcrumbs]Lutowanie aluminium w&nbsp;atmosferze ochronnej<a href='https:\/\/www.secowarwick.com\/pl\/produkty\/obrobka-cieplna-aluminium\/kontakt\/' class='small-button smallred'><span>ZNAJD\u0179 KONTAKT<\/span><\/a>Lutowanie twarde aluminium w&nbsp;atmosferze kontrolowanej (CAB \u2013 Controlled Atmosphere Brazing) z&nbsp;wykorzystaniem niekorozyjnego topnika jest od&nbsp;lat preferowanym procesem w&nbsp;produkcji aluminiowych wymiennik\u00f3w ciep\u0142a. Od&nbsp;wej\u015bcia na&nbsp;ten rynek w&nbsp;1983 roku SECO\/WARWICK jest pionierem rozwoju technologii procesu lutowania w&nbsp;spos\u00f3b ci\u0105g\u0142y. Wykorzystuj\u0105c ponad 100 lat do\u015bwiadczenia w&nbsp;projektowaniu piec\u00f3w, SECO\/WARWICK stworzy\u0142o takie [&hellip;]<\/p>\n","protected":false},"author":2,"featured_media":87633,"parent":7110,"menu_order":0,"comment_status":"closed","ping_status":"closed","template":"","meta":{"_acf_changed":false,"_et_pb_use_builder":"on","_et_pb_old_content":"","_et_gb_content_width":"","footnotes":""},"class_list":["post-127261","page","type-page","status-publish","has-post-thumbnail"],"acf":[],"_links":{"self":[{"href":"https:\/\/www.secowarwick.com\/pl\/wp-json\/wp\/v2\/pages\/127261","targetHints":{"allow":["GET"]}}],"collection":[{"href":"https:\/\/www.secowarwick.com\/pl\/wp-json\/wp\/v2\/pages"}],"about":[{"href":"https:\/\/www.secowarwick.com\/pl\/wp-json\/wp\/v2\/types\/page"}],"author":[{"embeddable":true,"href":"https:\/\/www.secowarwick.com\/pl\/wp-json\/wp\/v2\/users\/2"}],"replies":[{"embeddable":true,"href":"https:\/\/www.secowarwick.com\/pl\/wp-json\/wp\/v2\/comments?post=127261"}],"version-history":[{"count":30,"href":"https:\/\/www.secowarwick.com\/pl\/wp-json\/wp\/v2\/pages\/127261\/revisions"}],"predecessor-version":[{"id":179351,"href":"https:\/\/www.secowarwick.com\/pl\/wp-json\/wp\/v2\/pages\/127261\/revisions\/179351"}],"up":[{"embeddable":true,"href":"https:\/\/www.secowarwick.com\/pl\/wp-json\/wp\/v2\/pages\/7110"}],"wp:featuredmedia":[{"embeddable":true,"href":"https:\/\/www.secowarwick.com\/pl\/wp-json\/wp\/v2\/media\/87633"}],"wp:attachment":[{"href":"https:\/\/www.secowarwick.com\/pl\/wp-json\/wp\/v2\/media?parent=127261"}],"curies":[{"name":"wp","href":"https:\/\/api.w.org\/{rel}","templated":true}]}}