{"id":128396,"date":"2022-06-28T11:07:56","date_gmt":"2022-06-28T09:07:56","guid":{"rendered":"https:\/\/www.secowarwick.com\/?page_id=128396"},"modified":"2024-02-19T12:37:08","modified_gmt":"2024-02-19T11:37:08","slug":"pionowy-piec-prozniowy-lutowanie-naweglanie","status":"publish","type":"page","link":"https:\/\/www.secowarwick.com\/pl\/seco-deals-old\/pionowy-piec-prozniowy-lutowanie-naweglanie\/","title":{"rendered":"Pionowy piec pr\u00f3\u017cniowy do naweglania i lutowania"},"content":{"rendered":"<p>[et_pb_section fb_built=&#8221;1&#8243; module_class=&#8221;getkontakt&#8221; _builder_version=&#8221;4.16&#8243; background_size=&#8221;initial&#8221; background_position=&#8221;top_left&#8221; background_repeat=&#8221;repeat-x&#8221; global_colors_info=&#8221;{}&#8221;][et_pb_row _builder_version=&#8221;4.16&#8243; background_size=&#8221;initial&#8221; background_position=&#8221;top_left&#8221; background_repeat=&#8221;repeat&#8221; global_colors_info=&#8221;{}&#8221;][et_pb_column type=&#8221;4_4&#8243; _builder_version=&#8221;4.16&#8243; custom_padding=&#8221;|||&#8221; global_colors_info=&#8221;{}&#8221; custom_padding__hover=&#8221;|||&#8221;][et_pb_image src=&#8221;https:\/\/www.secowarwick.com\/wp-content\/uploads\/2022\/06\/FURNACE1red.jpg&#8221; alt=&#8221;Vertical vacuum furnace 2.0VVPT-EH24\/50&#8243; title_text=&#8221;Vertical vacuum furnace &#8221; align_tablet=&#8221;center&#8221; align_phone=&#8221;&#8221; align_last_edited=&#8221;on|desktop&#8221; _builder_version=&#8221;4.16&#8243; custom_padding=&#8221;||28px|&#8221; global_colors_info=&#8221;{}&#8221;][\/et_pb_image][et_pb_breadcrumbs _builder_version=&#8221;3.6&#8243; global_colors_info=&#8221;{}&#8221;][\/et_pb_breadcrumbs][et_pb_text _builder_version=&#8221;4.16&#8243; header_font=&#8221;|||on|||||&#8221; global_colors_info=&#8221;{}&#8221;]<\/p>\n<h1>Pionowy piec pr\u00f3\u017cniowy <\/h1>\n<p>[\/et_pb_text][\/et_pb_column][\/et_pb_row][et_pb_row column_structure=&#8221;1_2,1_2&#8243; _builder_version=&#8221;4.16&#8243; custom_margin=&#8221;0px|||&#8221; custom_padding=&#8221;0px|||&#8221; global_colors_info=&#8221;{}&#8221;][et_pb_column type=&#8221;1_2&#8243; _builder_version=&#8221;4.16&#8243; custom_padding=&#8221;|||&#8221; global_colors_info=&#8221;{}&#8221; custom_padding__hover=&#8221;|||&#8221;][et_pb_text _builder_version=&#8221;4.16&#8243; header_font=&#8221;|||on|||||&#8221; global_colors_info=&#8221;{}&#8221;]<\/p>\n<h3>Pionowy piec pr\u00f3\u017cniowy 2.0VVPT-EH42\/50<\/h3>\n<p>Przestrze\u0144 robocza: \u015brednica [szer. x wys. x d\u0142.] 750 x 1700 x 750 [mm]<br \/>Typ komory grzewczej: kwadratowa, grafitowa<br \/>Maksymalna masa wsadu brutto:1700 kg<br \/>Typ ogrzewania: grafitowe pr\u0119ty grzejne<br \/>Maks. temperatura: 1300\u00b0C<br \/>Jednorodno\u015b\u0107 temperatury w gazie konwekcyjnym: +\/- 5\u00b0C (150\u00b0C \u2013 750\u00b0C)<br \/>Jednorodno\u015b\u0107 temperatury w pr\u00f3\u017cni: +\/- 5\u00b0C (510\u00b0C \u2013 1100\u00b0C)<br \/>Moc systemu grzejnego: 300 kW<br \/>Liczba stref temperaturowych: 1<br \/>Pompy pr\u00f3\u017cniowe: GXS250\/2600 (1900 m<sup>3<\/sup>\/h)<br \/>Roboczy poziom pr\u00f3\u017cni: zakres &lt;5&#215;10<sup>-2<\/sup> mbar<br \/>Dmuchawa ch\u0142odz\u0105ca: 37 kW<br \/>Gaz ch\u0142odz\u0105cy: Azot<br \/>Temperaturowy regulator bezpiecze\u0144stwa: 3216i<\/p>\n<p><strong>\/ IDEALNE ROZWI\u0104ZANIE DLA BRAN\u017bY:<\/strong><\/p>\n<p>\/ Narz\u0119dziowej<br \/>\/ Ropy naftowej i gazu<br \/>\/ G\u00f3rniczej<br \/>\/ Budowy maszyn<br \/>\/ \u0141o\u017cyskowej<br \/>\/ Energetyki wiatrowej<br \/>\/ Morskiej<\/p>\n<p>[\/et_pb_text][\/et_pb_column][et_pb_column type=&#8221;1_2&#8243; _builder_version=&#8221;4.16&#8243; custom_padding=&#8221;|||&#8221; global_colors_info=&#8221;{}&#8221; custom_padding__hover=&#8221;|||&#8221;][et_pb_image src=&#8221;https:\/\/www.secowarwick.com\/wp-content\/uploads\/2022\/06\/FURNACE2-red.jpg&#8221; alt=&#8221;Vertical vacuum furnace 2.0VVPT-EH24\/50&#8243; title_text=&#8221;Vertical vacuum furnace&#8221; show_in_lightbox=&#8221;on&#8221; align_tablet=&#8221;center&#8221; align_phone=&#8221;&#8221; align_last_edited=&#8221;on|desktop&#8221; _builder_version=&#8221;4.16&#8243; global_colors_info=&#8221;{}&#8221;][\/et_pb_image][\/et_pb_column][\/et_pb_row][et_pb_row column_structure=&#8221;1_2,1_2&#8243; use_custom_gutter=&#8221;on&#8221; gutter_width=&#8221;4&#8243; make_equal=&#8221;on&#8221; disabled_on=&#8221;on|on|on&#8221; module_id=&#8221;getkontakt&#8221; _builder_version=&#8221;4.16&#8243; custom_padding=&#8221;55px|||&#8221; disabled=&#8221;on&#8221; global_colors_info=&#8221;{}&#8221;][et_pb_column type=&#8221;1_2&#8243; _builder_version=&#8221;4.16&#8243; custom_padding=&#8221;|||&#8221; global_colors_info=&#8221;{}&#8221; custom_padding__hover=&#8221;|||&#8221;][et_pb_text admin_label=&#8221;WIN THE RACE&#8221; _builder_version=&#8221;4.16&#8243; animation_style=&#8221;fade&#8221; animation_delay=&#8221;600ms&#8221; global_colors_info=&#8221;{}&#8221;]<\/p>\n<h2><span style=\"font-size: 46pt;\"><strong><em>WIN THE RACE<\/em><\/strong><\/span><\/h2>\n<p>TOP QUALITY carburizing pit furnace. ORDER NOW- RECEIVE IN JUST 3 MONTHS<\/p>\n<p>A brand new atmosphere furnace with gas heating with special price!<\/p>\n<p>[\/et_pb_text][et_pb_image src=&#8221;https:\/\/www.secowarwick.com\/wp-content\/uploads\/2020\/06\/arrow-1.png&#8221; alt=&#8221;arrow&#8221; align=&#8221;right&#8221; align_tablet=&#8221;center&#8221; align_phone=&#8221;&#8221; align_last_edited=&#8221;on|desktop&#8221; disabled_on=&#8221;on||&#8221; _builder_version=&#8221;4.16&#8243; animation_style=&#8221;slide&#8221; animation_direction=&#8221;left&#8221; animation_delay=&#8221;500ms&#8221; global_colors_info=&#8221;{}&#8221;][\/et_pb_image][\/et_pb_column][et_pb_column type=&#8221;1_2&#8243; module_class=&#8221;needspeed&#8221; _builder_version=&#8221;4.16&#8243; custom_padding=&#8221;|||&#8221; global_colors_info=&#8221;{}&#8221; custom_padding__hover=&#8221;|||&#8221;][et_pb_image src=&#8221;https:\/\/www.secowarwick.com\/wp-content\/uploads\/2020\/06\/header_getstartedhereText-3.png&#8221; alt=&#8221;Image text get started here&#8221; show_bottom_space=&#8221;off&#8221; align_tablet=&#8221;center&#8221; align_phone=&#8221;&#8221; align_last_edited=&#8221;on|desktop&#8221; admin_label=&#8221;get started here&#8221; _builder_version=&#8221;4.16&#8243; custom_margin=&#8221;||0px|&#8221; custom_padding=&#8221;||20px|&#8221; animation_style=&#8221;slide&#8221; animation_direction=&#8221;right&#8221; animation_delay=&#8221;300ms&#8221; global_colors_info=&#8221;{}&#8221;][\/et_pb_image][\/et_pb_column][\/et_pb_row][\/et_pb_section][et_pb_section fb_built=&#8221;1&#8243; _builder_version=&#8221;4.16&#8243; background_color=&#8221;#f9f9f9&#8243; global_colors_info=&#8221;{}&#8221;][et_pb_row _builder_version=&#8221;4.16&#8243; background_size=&#8221;initial&#8221; background_position=&#8221;top_left&#8221; background_repeat=&#8221;repeat&#8221; global_colors_info=&#8221;{}&#8221;][et_pb_column type=&#8221;4_4&#8243; _builder_version=&#8221;4.16&#8243; custom_padding=&#8221;|||&#8221; global_colors_info=&#8221;{}&#8221; custom_padding__hover=&#8221;|||&#8221;][et_pb_text admin_label=&#8221;ONLY ONE OFFER&#8221; _builder_version=&#8221;4.16&#8243; text_line_height=&#8221;3.5em&#8221; header_3_font_size=&#8221;46&#8243; text_line_height_tablet=&#8221;0.7em&#8221; header_3_font_size_tablet=&#8221;&#8221; header_3_font_size_phone=&#8221;28&#8243; header_3_font_size_last_edited=&#8221;on|phone&#8221; global_colors_info=&#8221;{}&#8221;]<\/p>\n<h3 style=\"text-align: center;\"><span style=\"color: #000000;\">TYLKO <span style=\"color: #e30f00;\">JEDNA<\/span> TAKA OFERTA<br \/>ZAM\u00d3W TERAZ <span style=\"color: #e30f00;\">ZANIM<\/span> ZROBI TO KTO\u015a INNY!<\/span><\/h3>\n<p>[\/et_pb_text][\/et_pb_column][\/et_pb_row][\/et_pb_section][et_pb_section fb_built=&#8221;1&#8243; disabled_on=&#8221;on|on|on&#8221; _builder_version=&#8221;4.16&#8243; disabled=&#8221;on&#8221; global_colors_info=&#8221;{}&#8221;][et_pb_row column_structure=&#8221;1_4,1_4,1_4,1_4&#8243; _builder_version=&#8221;4.16&#8243; global_colors_info=&#8221;{}&#8221;][et_pb_column type=&#8221;1_4&#8243; _builder_version=&#8221;4.16&#8243; custom_padding=&#8221;|||&#8221; global_colors_info=&#8221;{}&#8221; custom_padding__hover=&#8221;|||&#8221;][et_pb_blurb image=&#8221;https:\/\/www.secowarwick.com\/wp-content\/uploads\/2020\/06\/element_suytime-1.png&#8221; alt=&#8221;Speedometer and text speedup your time&#8221; _builder_version=&#8221;4.16&#8243; animation_style=&#8221;zoom&#8221; global_colors_info=&#8221;{}&#8221;]Your complete solution will be delivered within just 3 months instead of 6 months[\/et_pb_blurb][\/et_pb_column][et_pb_column type=&#8221;1_4&#8243; _builder_version=&#8221;4.16&#8243; custom_padding=&#8221;|||&#8221; global_colors_info=&#8221;{}&#8221; custom_padding__hover=&#8221;|||&#8221;][et_pb_blurb image=&#8221;https:\/\/www.secowarwick.com\/wp-content\/uploads\/2020\/06\/element_suydevelopment-1.png&#8221; alt=&#8221;speedometer and text speed up your development&#8221; _builder_version=&#8221;4.16&#8243; animation_style=&#8221;zoom&#8221; animation_delay=&#8221;300ms&#8221; global_colors_info=&#8221;{}&#8221;]Replace your old, inefficient furnace with a brand new one without long waiting time. Speed up deliveries to your customers by buying a new furnace delivered fast.[\/et_pb_blurb][\/et_pb_column][et_pb_column type=&#8221;1_4&#8243; _builder_version=&#8221;4.16&#8243; custom_padding=&#8221;|||&#8221; global_colors_info=&#8221;{}&#8221; custom_padding__hover=&#8221;|||&#8221;][et_pb_blurb image=&#8221;https:\/\/www.secowarwick.com\/wp-content\/uploads\/2020\/06\/element_suypossibilities.png&#8221; alt=&#8221;Speedometer and text speedup your possibilities&#8221; _builder_version=&#8221;4.16&#8243; animation_style=&#8221;zoom&#8221; animation_delay=&#8221;600ms&#8221; global_colors_info=&#8221;{}&#8221;]Expand your development and your offer. Don\u2019t wait![\/et_pb_blurb][\/et_pb_column][et_pb_column type=&#8221;1_4&#8243; _builder_version=&#8221;4.16&#8243; custom_padding=&#8221;|||&#8221; global_colors_info=&#8221;{}&#8221; custom_padding__hover=&#8221;|||&#8221;][et_pb_blurb image=&#8221;https:\/\/www.secowarwick.com\/wp-content\/uploads\/2020\/06\/element_suyproduction.png&#8221; alt=&#8221;speedometer and text speedup your production&#8221; _builder_version=&#8221;4.16&#8243; animation_style=&#8221;zoom&#8221; animation_delay=&#8221;900ms&#8221; global_colors_info=&#8221;{}&#8221;]Eliminate production line downtime caused by reduced efficiency of your furnace or by waiting for a new one.[\/et_pb_blurb][\/et_pb_column][\/et_pb_row][et_pb_row _builder_version=&#8221;4.16&#8243; background_size=&#8221;initial&#8221; background_position=&#8221;top_left&#8221; background_repeat=&#8221;repeat&#8221; global_colors_info=&#8221;{}&#8221;][et_pb_column type=&#8221;4_4&#8243; _builder_version=&#8221;4.16&#8243; custom_padding=&#8221;|||&#8221; global_colors_info=&#8221;{}&#8221; custom_padding__hover=&#8221;|||&#8221;][et_pb_image src=&#8221;https:\/\/www.secowarwick.com\/wp-content\/uploads\/2020\/06\/banner_wegiveyoutime.png&#8221; alt=&#8221;image text we give you time&#8221; align=&#8221;center&#8221; align_tablet=&#8221;center&#8221; align_phone=&#8221;&#8221; align_last_edited=&#8221;on|desktop&#8221; disabled_on=&#8221;on||&#8221; admin_label=&#8221;we give you time desktop&#8221; _builder_version=&#8221;4.16&#8243; custom_margin=&#8221;45px|||&#8221; animation_style=&#8221;slide&#8221; animation_direction=&#8221;bottom&#8221; animation_delay=&#8221;900ms&#8221; global_colors_info=&#8221;{}&#8221;][\/et_pb_image][et_pb_image src=&#8221;https:\/\/www.secowarwick.com\/wp-content\/uploads\/2020\/06\/banner_wegiveyoutime_mobile.png&#8221; align=&#8221;center&#8221; align_tablet=&#8221;center&#8221; align_phone=&#8221;&#8221; align_last_edited=&#8221;on|desktop&#8221; disabled_on=&#8221;|on|on&#8221; admin_label=&#8221;we give you time&#8221; _builder_version=&#8221;4.16&#8243; custom_margin=&#8221;45px|||&#8221; animation_style=&#8221;slide&#8221; animation_direction=&#8221;bottom&#8221; animation_delay=&#8221;900ms&#8221; global_colors_info=&#8221;{}&#8221;][\/et_pb_image][\/et_pb_column][\/et_pb_row][\/et_pb_section][et_pb_section fb_built=&#8221;1&#8243; module_class=&#8221;needspeeduptlo&#8221; _builder_version=&#8221;4.16&#8243; background_color=&#8221;#f9f9f9&#8243; background_image=&#8221;https:\/\/www.secowarwick.com\/wp-content\/uploads\/2022\/06\/furnace-_1200_1200.jpg&#8221; background_position=&#8221;top_right&#8221; global_colors_info=&#8221;{}&#8221;][et_pb_row column_structure=&#8221;1_2,1_2&#8243; _builder_version=&#8221;4.16&#8243; background_size=&#8221;initial&#8221; background_position=&#8221;top_left&#8221; background_repeat=&#8221;repeat&#8221; global_colors_info=&#8221;{}&#8221;][et_pb_column type=&#8221;1_2&#8243; _builder_version=&#8221;4.16&#8243; custom_padding=&#8221;|||&#8221; global_colors_info=&#8221;{}&#8221; custom_padding__hover=&#8221;|||&#8221;][et_pb_text admin_label=&#8221;Vector HPGQ&#8221; _builder_version=&#8221;4.16&#8243; header_2_text_color=&#8221;#ffffff&#8221; header_3_text_color=&#8221;#ffffff&#8221; background_color=&#8221;#dc291e&#8221; custom_margin=&#8221;-15px|||&#8221; custom_margin_tablet=&#8221;&#8221; custom_margin_phone=&#8221;&#8221; custom_margin_last_edited=&#8221;on|desktop&#8221; custom_padding=&#8221;15px||5px|35px&#8221; animation_style=&#8221;slide&#8221; animation_direction=&#8221;left&#8221; custom_css_main_element=&#8221;max-width: 100%;&#8221; global_colors_info=&#8221;{}&#8221;]<\/p>\n<h2><strong>2.0VVPT-EH42\/50<\/strong><\/h2>\n<p>[\/et_pb_text][et_pb_text _builder_version=&#8221;4.16&#8243; animation_style=&#8221;slide&#8221; animation_direction=&#8221;bottom&#8221; animation_delay=&#8221;600ms&#8221; global_colors_info=&#8221;{}&#8221;]<\/p>\n<h3><strong><span style=\"color: #dc291e;\">\/ <\/span>DLACZEGO PIONOWY PIEC PR\u00d3\u017bNIOWY?\u00a0<\/strong><\/h3>\n<p>\/ elastyczno\u015b\u0107 pracy wynikaj\u0105ca z szybko\u015bci nagrzewania i ch\u0142odzenia wsadu,<\/p>\n<p>\/ bardzo wysoka powtarzalno\u015b\u0107 proces\u00f3w i precyzyjna obr\u00f3bka cieplna r\u00f3\u017cnych cz\u0119\u015bci,<\/p>\n<p>\/ wydajny system pr\u00f3\u017cniowy,<\/p>\n<p>\/ wysoka dok\u0142adno\u015b\u0107 sterowania procesu,<\/p>\n<p>\/ bezpieczna eksploatacja,<\/p>\n<p>\/ przyjazny dla \u015brodowiska.<\/p>\n<p>&nbsp;<\/p>\n<h3><strong><span style=\"color: #dc291e;\">\/ <\/span>JAKIE ZASTOSOWANIA?<\/strong><\/h3>\n<p>\/ Cz\u0119\u015bci stalowe wymagaj\u0105ce wyj\u0105tkowej odporno\u015bci na \u015bcieranie.<\/p>\n<p>\/ Stale do naw\u0119glania (po regulacji).<\/p>\n<p>&nbsp;<\/p>\n<h3><strong><span style=\"color: #dc291e;\">\/ <\/span>JAKIE PROCESY?<\/strong><\/h3>\n<p>\/ Boronizacja,<\/p>\n<p>\/ Naw\u0119glanie niskoci\u015bnieniowe (po regulacji),<\/p>\n<p>\/ Hartowanie w gazie,<\/p>\n<p>\/ Wy\u017carzanie,<\/p>\n<p>\/ Normalizowanie,<\/p>\n<p>\/ Przesycanie,<\/p>\n<p>\/ Odgazowanie,<\/p>\n<p>\/ Lutowanie twarde.<\/p>\n<p>&nbsp;<\/p>\n<h3><strong><span style=\"color: #dc291e;\">\/ <\/span>TECHNOLOGIA PR\u00d3\u017bNIOWA \u2013 Twoja korzy\u015b\u0107!<\/strong><\/h3>\n<p>\/ Kr\u00f3tkie cykle nagrzewania.<\/p>\n<p>\/ Niezmienne wyniki procesu.<\/p>\n<p>\/ Niskie zu\u017cycie gazu procesowego.<\/p>\n<p>[\/et_pb_text][et_pb_button button_url=&#8221;#getkontakt&#8221; button_text=&#8221;Je\u015bli chcesz skonsultowa\u0107 si\u0119 z ekspertem, kliknij tutaj&#8221; disabled_on=&#8221;on|on|on&#8221; _builder_version=&#8221;4.16&#8243; custom_button=&#8221;on&#8221; button_text_size=&#8221;14&#8243; button_text_color=&#8221;#ffffff&#8221; button_bg_color=&#8221;#dc291e&#8221; button_border_width=&#8221;0&#8243; button_font=&#8221;|||on|||||&#8221; background_layout=&#8221;dark&#8221; animation_style=&#8221;slide&#8221; animation_direction=&#8221;bottom&#8221; animation_delay=&#8221;1600ms&#8221; custom_css_main_element=&#8221;max-width: 100%;||width: 100%;&#8221; disabled=&#8221;on&#8221; global_colors_info=&#8221;{}&#8221; button_text_size__hover_enabled=&#8221;off&#8221; button_one_text_size__hover_enabled=&#8221;off&#8221; button_two_text_size__hover_enabled=&#8221;off&#8221; button_text_color__hover_enabled=&#8221;off&#8221; button_one_text_color__hover_enabled=&#8221;off&#8221; button_two_text_color__hover_enabled=&#8221;off&#8221; button_border_width__hover_enabled=&#8221;off&#8221; button_one_border_width__hover_enabled=&#8221;off&#8221; button_two_border_width__hover_enabled=&#8221;off&#8221; button_border_color__hover_enabled=&#8221;off&#8221; button_one_border_color__hover_enabled=&#8221;off&#8221; button_two_border_color__hover_enabled=&#8221;off&#8221; button_border_radius__hover_enabled=&#8221;off&#8221; button_one_border_radius__hover_enabled=&#8221;off&#8221; button_two_border_radius__hover_enabled=&#8221;off&#8221; button_letter_spacing__hover_enabled=&#8221;off&#8221; button_one_letter_spacing__hover_enabled=&#8221;off&#8221; button_two_letter_spacing__hover_enabled=&#8221;off&#8221; button_bg_color__hover_enabled=&#8221;off&#8221; button_one_bg_color__hover_enabled=&#8221;off&#8221; button_two_bg_color__hover_enabled=&#8221;off&#8221;][\/et_pb_button][\/et_pb_column][et_pb_column type=&#8221;1_2&#8243; _builder_version=&#8221;4.16&#8243; custom_padding=&#8221;|||&#8221; global_colors_info=&#8221;{}&#8221; custom_padding__hover=&#8221;|||&#8221;][\/et_pb_column][\/et_pb_row][\/et_pb_section][et_pb_section fb_built=&#8221;1&#8243; module_id=&#8221;getquote&#8221; _builder_version=&#8221;4.16&#8243; _module_preset=&#8221;default&#8221; global_colors_info=&#8221;{}&#8221;][et_pb_row _builder_version=&#8221;4.16&#8243; _module_preset=&#8221;default&#8221; global_colors_info=&#8221;{}&#8221;][et_pb_column type=&#8221;4_4&#8243; _builder_version=&#8221;4.16&#8243; _module_preset=&#8221;default&#8221; global_colors_info=&#8221;{}&#8221;][et_pb_code _builder_version=&#8221;4.10.3&#8243; _module_preset=&#8221;default&#8221; global_module=&#8221;123769&#8243; saved_tabs=&#8221;all&#8221; global_colors_info=&#8221;{}&#8221;]<!-- [et_pb_line_break_holder] --><pee style=\"text-align: center;\"><a class=\"small-button smallred\" style=\"font-size: 20px; padding: 20px 60px;\" href=\"https:\/\/www.secowarwick.com\/pl\/zapytaj-o-oferte\/\"><span style=\"display: block; transform: skew(15deg,0deg); -webkit-transform: skew(15deg,0deg); font-size: 20px; !important\">ZAPYTAJ O OFERT\u0118<\/span><\/a><\/pee>[\/et_pb_code][\/et_pb_column][\/et_pb_row][\/et_pb_section]<\/p>\n","protected":false},"excerpt":{"rendered":"<p>[et_pb_breadcrumbs _builder_version=&#8221;3.6&#8243; global_colors_info=&#8221;{}&#8221;][\/et_pb_breadcrumbs]Pionowy piec pr\u00f3\u017cniowy Pionowy piec pr\u00f3\u017cniowy 2.0VVPT-EH42\/50 Przestrze\u0144 robocza: \u015brednica [szer. x wys. x d\u0142.] 750 x 1700 x 750 [mm]Typ komory grzewczej: kwadratowa, grafitowaMaksymalna masa wsadu brutto:1700 kgTyp ogrzewania: grafitowe pr\u0119ty grzejneMaks. temperatura: 1300\u00b0CJednorodno\u015b\u0107 temperatury w gazie konwekcyjnym: +\/- 5\u00b0C (150\u00b0C \u2013 750\u00b0C)Jednorodno\u015b\u0107 temperatury w pr\u00f3\u017cni: +\/- 5\u00b0C (510\u00b0C \u2013 1100\u00b0C)Moc systemu [&hellip;]<\/p>\n","protected":false},"author":2,"featured_media":128362,"parent":84827,"menu_order":0,"comment_status":"closed","ping_status":"closed","template":"","meta":{"_acf_changed":false,"_et_pb_use_builder":"on","_et_pb_old_content":"","_et_gb_content_width":"","footnotes":""},"class_list":["post-128396","page","type-page","status-publish","has-post-thumbnail"],"acf":[],"_links":{"self":[{"href":"https:\/\/www.secowarwick.com\/pl\/wp-json\/wp\/v2\/pages\/128396","targetHints":{"allow":["GET"]}}],"collection":[{"href":"https:\/\/www.secowarwick.com\/pl\/wp-json\/wp\/v2\/pages"}],"about":[{"href":"https:\/\/www.secowarwick.com\/pl\/wp-json\/wp\/v2\/types\/page"}],"author":[{"embeddable":true,"href":"https:\/\/www.secowarwick.com\/pl\/wp-json\/wp\/v2\/users\/2"}],"replies":[{"embeddable":true,"href":"https:\/\/www.secowarwick.com\/pl\/wp-json\/wp\/v2\/comments?post=128396"}],"version-history":[{"count":19,"href":"https:\/\/www.secowarwick.com\/pl\/wp-json\/wp\/v2\/pages\/128396\/revisions"}],"predecessor-version":[{"id":152396,"href":"https:\/\/www.secowarwick.com\/pl\/wp-json\/wp\/v2\/pages\/128396\/revisions\/152396"}],"up":[{"embeddable":true,"href":"https:\/\/www.secowarwick.com\/pl\/wp-json\/wp\/v2\/pages\/84827"}],"wp:featuredmedia":[{"embeddable":true,"href":"https:\/\/www.secowarwick.com\/pl\/wp-json\/wp\/v2\/media\/128362"}],"wp:attachment":[{"href":"https:\/\/www.secowarwick.com\/pl\/wp-json\/wp\/v2\/media?parent=128396"}],"curies":[{"name":"wp","href":"https:\/\/api.w.org\/{rel}","templated":true}]}}