{"id":128638,"date":"2022-06-29T13:58:23","date_gmt":"2022-06-29T11:58:23","guid":{"rendered":"https:\/\/www.secowarwick.com\/?page_id=128638"},"modified":"2025-02-07T13:34:09","modified_gmt":"2025-02-07T12:34:09","slug":"solidny-pracodawca-roku-22","status":"publish","type":"page","link":"https:\/\/www.secowarwick.com\/pl\/solidny-pracodawca-roku-22\/","title":{"rendered":"Solidny Pracodawca Roku"},"content":{"rendered":"<p>[et_pb_section fb_built=&#8221;1&#8243; _builder_version=&#8221;4.16&#8243; _module_preset=&#8221;default&#8221; global_colors_info=&#8221;{}&#8221;][et_pb_row _builder_version=&#8221;4.16&#8243; _module_preset=&#8221;default&#8221; global_colors_info=&#8221;{}&#8221;][et_pb_column type=&#8221;4_4&#8243; _builder_version=&#8221;4.16&#8243; _module_preset=&#8221;default&#8221; global_colors_info=&#8221;{}&#8221;][et_pb_text _builder_version=&#8221;4.16&#8243; _module_preset=&#8221;default&#8221; global_colors_info=&#8221;{}&#8221;]<\/p>\n<h1>Solidny Pracodawca Roku<\/h1>\n<p>Nagroda otrzymana 22 lutego 2022r. to kolejny tytu\u0142 <strong>Solidnego Pracodawcy <\/strong>dla sp\u00f3\u0142ki polskiej. Kapitu\u0142a konkursowa wy\u0142ania najlepszych pracodawc\u00f3w w Polsce, docenia tych, kt\u00f3rzy dziel\u0105 si\u0119 swoim do\u015bwiadczeniem i promuj\u0105 ciekawe rozwi\u0105zania HR. Warunki pracy, perspektywiczna \u015bcie\u017cka kariery, szkolenia pracownika i pomoc w jego osobistym rozwoju to tylko niekt\u00f3re z kryteri\u00f3w, kt\u00f3re sk\u0142adaj\u0105 si\u0119 na tytu\u0142 i postaw\u0119 godn\u0105 miana Solidnego Pracodawcy.<\/p>\n<p>[\/et_pb_text][\/et_pb_column][\/et_pb_row][et_pb_row column_structure=&#8221;1_4,1_4,1_4,1_4&#8243; _builder_version=&#8221;4.16&#8243; _module_preset=&#8221;default&#8221; global_colors_info=&#8221;{}&#8221;][et_pb_column type=&#8221;1_4&#8243; _builder_version=&#8221;4.16&#8243; _module_preset=&#8221;default&#8221; global_colors_info=&#8221;{}&#8221;][et_pb_image src=&#8221;https:\/\/www.secowarwick.com\/wp-content\/uploads\/2022\/06\/1-1.jpg&#8221; alt=&#8221;Reliable Employer of the Year 2022&#8243; title_text=&#8221;Reliable Employer of the Year&#8221; _builder_version=&#8221;4.16&#8243; _module_preset=&#8221;default&#8221; global_colors_info=&#8221;{}&#8221;][\/et_pb_image][\/et_pb_column][et_pb_column type=&#8221;1_4&#8243; _builder_version=&#8221;4.16&#8243; _module_preset=&#8221;default&#8221; global_colors_info=&#8221;{}&#8221;][et_pb_image src=&#8221;https:\/\/www.secowarwick.com\/wp-content\/uploads\/2022\/06\/2.jpg&#8221; title_text=&#8221;2&#8243; _builder_version=&#8221;4.23.1&#8243; _module_preset=&#8221;default&#8221; hover_enabled=&#8221;0&#8243; global_colors_info=&#8221;{}&#8221; alt=&#8221;Reliable Employer of the Year 2022&#8243; sticky_enabled=&#8221;0&#8243;][\/et_pb_image][\/et_pb_column][et_pb_column type=&#8221;1_4&#8243; _builder_version=&#8221;4.16&#8243; _module_preset=&#8221;default&#8221; global_colors_info=&#8221;{}&#8221;][et_pb_image src=&#8221;https:\/\/www.secowarwick.com\/wp-content\/uploads\/2022\/06\/3-1.jpg&#8221; alt=&#8221;Reliable Employer of the Year 2022&#8243; title_text=&#8221;Reliable Employer of the Year&#8221; _builder_version=&#8221;4.16&#8243; _module_preset=&#8221;default&#8221; global_colors_info=&#8221;{}&#8221;][\/et_pb_image][\/et_pb_column][et_pb_column type=&#8221;1_4&#8243; _builder_version=&#8221;4.16&#8243; _module_preset=&#8221;default&#8221; global_colors_info=&#8221;{}&#8221;][et_pb_image src=&#8221;https:\/\/www.secowarwick.com\/wp-content\/uploads\/2022\/06\/4-1.jpg&#8221; alt=&#8221;Reliable Employer of the Year 2022&#8243; title_text=&#8221;Reliable Employer of the Year&#8221; _builder_version=&#8221;4.16&#8243; _module_preset=&#8221;default&#8221; global_colors_info=&#8221;{}&#8221;][\/et_pb_image][\/et_pb_column][\/et_pb_row][\/et_pb_section]<\/p>\n","protected":false},"excerpt":{"rendered":"<p>Solidny Pracodawca Roku Nagroda otrzymana 22 lutego 2022r. to kolejny tytu\u0142 Solidnego Pracodawcy dla sp\u00f3\u0142ki polskiej. Kapitu\u0142a konkursowa wy\u0142ania najlepszych pracodawc\u00f3w w Polsce, docenia tych, kt\u00f3rzy dziel\u0105 si\u0119 swoim do\u015bwiadczeniem i promuj\u0105 ciekawe rozwi\u0105zania HR. Warunki pracy, perspektywiczna \u015bcie\u017cka kariery, szkolenia pracownika i pomoc w jego osobistym rozwoju to tylko niekt\u00f3re z kryteri\u00f3w, kt\u00f3re sk\u0142adaj\u0105 [&hellip;]<\/p>\n","protected":false},"author":2,"featured_media":0,"parent":0,"menu_order":0,"comment_status":"closed","ping_status":"closed","template":"","meta":{"_acf_changed":false,"_et_pb_use_builder":"on","_et_pb_old_content":"","_et_gb_content_width":"","footnotes":""},"class_list":["post-128638","page","type-page","status-publish"],"acf":[],"_links":{"self":[{"href":"https:\/\/www.secowarwick.com\/pl\/wp-json\/wp\/v2\/pages\/128638","targetHints":{"allow":["GET"]}}],"collection":[{"href":"https:\/\/www.secowarwick.com\/pl\/wp-json\/wp\/v2\/pages"}],"about":[{"href":"https:\/\/www.secowarwick.com\/pl\/wp-json\/wp\/v2\/types\/page"}],"author":[{"embeddable":true,"href":"https:\/\/www.secowarwick.com\/pl\/wp-json\/wp\/v2\/users\/2"}],"replies":[{"embeddable":true,"href":"https:\/\/www.secowarwick.com\/pl\/wp-json\/wp\/v2\/comments?post=128638"}],"version-history":[{"count":6,"href":"https:\/\/www.secowarwick.com\/pl\/wp-json\/wp\/v2\/pages\/128638\/revisions"}],"predecessor-version":[{"id":171975,"href":"https:\/\/www.secowarwick.com\/pl\/wp-json\/wp\/v2\/pages\/128638\/revisions\/171975"}],"wp:attachment":[{"href":"https:\/\/www.secowarwick.com\/pl\/wp-json\/wp\/v2\/media?parent=128638"}],"curies":[{"name":"wp","href":"https:\/\/api.w.org\/{rel}","templated":true}]}}