{"id":128739,"date":"2022-07-04T08:26:53","date_gmt":"2022-07-04T06:26:53","guid":{"rendered":"https:\/\/www.secowarwick.com\/?page_id=128739"},"modified":"2025-01-08T13:04:05","modified_gmt":"2025-01-08T12:04:05","slug":"inzynier-serwisu-k-m-3","status":"publish","type":"page","link":"https:\/\/www.secowarwick.com\/pl\/karierar4\/inzynier-serwisu-k-m-3\/","title":{"rendered":"IN\u017bYNIER SERWISU K\/M"},"content":{"rendered":"<p>[et_pb_section fb_built=&#8221;1&#8243; _builder_version=&#8221;4.16&#8243; global_colors_info=&#8221;{}&#8221;][et_pb_row column_structure=&#8221;2_3,1_3&#8243; _builder_version=&#8221;4.16&#8243; background_size=&#8221;initial&#8221; background_position=&#8221;top_left&#8221; background_repeat=&#8221;repeat&#8221; custom_margin=&#8221;||0px|&#8221; custom_padding=&#8221;||0px|&#8221; global_colors_info=&#8221;{}&#8221;][et_pb_column type=&#8221;2_3&#8243; _builder_version=&#8221;4.16&#8243; custom_padding=&#8221;|||&#8221; global_colors_info=&#8221;{}&#8221; custom_padding__hover=&#8221;|||&#8221;][et_pb_text admin_label=&#8221;stanowisko&#8221; module_class=&#8221;kariera2021-h1&#8243; _builder_version=&#8221;4.19.2&#8243; header_font=&#8221;Titillium Web|600|||||||&#8221; global_colors_info=&#8221;{}&#8221;]<\/p>\n<h1>IN\u017bYNIER SERWISU K\/M<\/h1>\n<p>[\/et_pb_text][\/et_pb_column][et_pb_column type=&#8221;1_3&#8243; _builder_version=&#8221;4.16&#8243; custom_padding=&#8221;|||&#8221; global_colors_info=&#8221;{}&#8221; custom_padding__hover=&#8221;|||&#8221;][et_pb_text module_class=&#8221;kariera2021-aplikuj-teraz&#8221; _builder_version=&#8221;4.23.1&#8243; global_colors_info=&#8221;{}&#8221;]<\/p>\n<p><a href=\"https:\/\/secowarwick.elementapp.ai\/application\/v2\/c7645eb5-2858-428e-a318-8587b1392a74\/44a97225-6223-4c53-9118-27fe0bce62d7?source=097a9a2e-ba26-4e9e-a0cc-d740d7204a6c\" target=\"_blank\" rel=\"noopener\">APLIKUJ TERAZ<\/a><\/p>\n<p>[\/et_pb_text][et_pb_text admin_label=&#8221;aplikuj pdf&#8221; _builder_version=&#8221;4.23.1&#8243; _module_preset=&#8221;default&#8221; custom_padding=&#8221;||20px||false|false&#8221; global_module=&#8221;160563&#8243; saved_tabs=&#8221;all&#8221; global_colors_info=&#8221;{}&#8221;]<\/p>\n<p style=\"text-align: center;\">Przed z\u0142o\u017ceniem aplikacji zapoznaj si\u0119 z informacj\u0105 o przetwarzaniu Twoich danych osobowych <a href=\"https:\/\/www.secowarwick.com\/wp-content\/uploads\/2022\/09\/Zal.-09-Informacja-o-przetwarzaniu-danych-osobowych-%E2%80%93-proces-rekrutacji-ogloszenia.pdf\" target=\"_blank\" rel=\"noopener\">tutaj<\/a>.<\/p>\n<p>[\/et_pb_text][\/et_pb_column][\/et_pb_row][et_pb_row column_structure=&#8221;2_3,1_3&#8243; _builder_version=&#8221;4.16&#8243; global_colors_info=&#8221;{}&#8221;][et_pb_column type=&#8221;2_3&#8243; _builder_version=&#8221;4.16&#8243; custom_padding=&#8221;|||&#8221; global_colors_info=&#8221;{}&#8221; custom_padding__hover=&#8221;|||&#8221;][et_pb_text module_class=&#8221;kariera2021-fakty&#8221; _builder_version=&#8221;4.23.1&#8243; global_colors_info=&#8221;{}&#8221;]<\/p>\n<h3>JE\u015aLI:<\/h3>\n<p>Jeste\u015b fanem nowoczesnych technologii, lubisz wyzwania oraz masz ch\u0119ci i gotowo\u015b\u0107 stawia\u0107 czo\u0142a globalnym projektom\u2026<\/p>\n<p>Chcesz pozna\u0107 bli\u017cej \u015bwiat obr\u00f3bki cieplnej, kreowa\u0107, tworzy\u0107 i rozwija\u0107 innowacyjne rozwi\u0105zania, kt\u00f3re dotykaj\u0105 \u017cycia 7,6 miliarda ludzi\u2026<\/p>\n<p>To jeste\u015b w dobrym miejscu!<\/p>\n<h3>JAKO IN\u017bYNIER SERWISU B\u0118DZIESZ ODPOWIADA\u0141 ZA<\/h3>\n<p><span style=\"color: #dc291e;\"><strong>\/<\/strong><\/span> Techniczn\u0105 obs\u0142ug\u0105 klienta (zdalnie oraz w siedzibie klienta)<br \/><span style=\"color: #dc291e;\"><strong>\/<\/strong><\/span> Modernizacj\u0119 urz\u0105dze\u0144 i jego element\u00f3w zar\u00f3wno dostarczonych przez nas jak i innych producent\u00f3w<br \/><span style=\"color: #dc291e;\"><strong>\/<\/strong><\/span> Przegl\u0105dy i prace serwisowe<br \/><span style=\"color: #dc291e;\"><strong>\/<\/strong><\/span> Testowanie i uruchamianie urz\u0105dze\u0144 (przy u\u017cyciu najnowszych technologii)<br \/><span style=\"color: #dc291e;\"><strong>\/<\/strong><\/span> Sprawdzanie dzia\u0142ania oprogramowania i potwierdzanie funkcjonalno\u015bci<br \/><span style=\"color: #dc291e;\"><strong>\/<\/strong><\/span> Serwis urz\u0105dze\u0144 na wszystkich kontynentach (poza Antarktyd\u0105)<br \/><span style=\"color: #dc291e;\"><strong>\/<\/strong><\/span> Tworzenie raport\u00f3w i dokumentacji z przeprowadzonych prac<\/p>\n<p>&nbsp;<\/p>\n<h3><span style=\"color: #dc291e;\">\/<\/span>TAK ORGANIZUJEMY SOBIE PRAC\u0118<\/h3>\n<p><span style=\"color: #dc291e;\"><strong>\/<\/strong><\/span> Serwis i praca u klienta 75%<br \/><span style=\"color: #dc291e;\"><strong>\/<\/strong><\/span> Przygotowanie do wyjazdu i rozpoznanie tematu 10%<br \/><span style=\"color: #dc291e;\"><strong>\/<\/strong><\/span> Analiza i raporty 5%<br \/><span style=\"color: #dc291e;\"><strong>\/<\/strong><\/span> Spotkania 5%<br \/><span style=\"color: #dc291e;\"><strong>\/<\/strong><\/span> Rozw\u00f3j w\u0142asny 5%<\/p>\n<p>&nbsp;<\/p>\n<h3><span style=\"color: #dc291e;\">\/<\/span>KLUCZOWE KOMPETENCJE<\/h3>\n<p><span style=\"color: #dc291e;\"><strong>\/<\/strong><\/span> Wykszta\u0142cenie techniczne, preferowane: Mechanika i Budowa Maszyn, Automatyka i Robotyka, Elektryka, Energetyka i pokrewne<br \/><span style=\"color: #dc291e;\"><strong>\/<\/strong><\/span> J\u0119zyk angielski na poziomie komunikatywnym (min. B2)<br \/><span style=\"color: #dc291e;\"><strong>\/<\/strong><\/span> Umiej\u0119tno\u015b\u0107 pracy z dokumentacj\u0105 techniczn\u0105<br \/><span style=\"color: #dc291e;\"><strong>\/<\/strong><\/span> Umiej\u0119tno\u015b\u0107 czytania schemat\u00f3w elektrycznych<br \/><span style=\"color: #dc291e;\"><strong>\/<\/strong><\/span> Znajomo\u015b\u0107 obs\u0142ugi urz\u0105dze\u0144 automatyki przemys\u0142owej, takich jak: falowniki, regulatory, przetworniki itp.<br \/><span style=\"color: #dc291e;\"><strong>\/<\/strong><\/span> Podstawowa wiedza z zakresu obs\u0142ugi sterownik\u00f3w PLC (dodatkowym atutem b\u0119dzie znajomo\u015b\u0107 programowania TIA Portal \u2013 sterowniki Siemens S7-1500)<br \/><span style=\"color: #dc291e;\"><strong>\/<\/strong><\/span> Prawo jazdy kat. B<br \/><span style=\"color: #dc291e;\"><strong>\/<\/strong><\/span> Komunikatywno\u015b\u0107, elastyczno\u015b\u0107, samodzielno\u015b\u0107 i sumienno\u015b\u0107<\/p>\n<p>&nbsp;<\/p>\n<h3>A DODATKOWO<\/h3>\n<p><span style=\"color: #dc291e;\"><strong>\/<\/strong><\/span> Do\u015bwiadczenie w pracy na podobnym stanowisku<br \/><span style=\"color: #dc291e;\"><strong>\/<\/strong><\/span> Uprawnienia SEP<br \/><span style=\"color: #dc291e;\"><strong>\/<\/strong><\/span> Podstawowa wiedza z zakresu obs\u0142ugi sterownik\u00f3w PLC (dodatkowym atutem b\u0119dzie znajomo\u015b\u0107 programowania TIA Portal \u2013 sterowniki Siemens S7-1500)<\/p>\n<p>&nbsp;<\/p>\n<h3>NASZ DZIA\u0141<\/h3>\n<p>Dzia\u0142 Serwisu w SECO\/WARWICK Services zajmuje g\u0142\u00f3wnie obs\u0142ug\u0105 Klienta w okresie pogwarancyjnym, usuwamy awarie i b\u0142\u0119dy urz\u0105dze\u0144 po zako\u0144czeniu okresu gwarancyjnego, modernizujemy i remontujemy starsze urz\u0105dzenia, wykonujemy okresowe przegl\u0105dy \u2013 a czasem tak\u017ce przenosimy ca\u0142e linie urz\u0105dze\u0144 z jednego zak\u0142adu Klienta do drugiego.<\/p>\n<p>&nbsp;<\/p>\n<h3>W ZAMIAN ZA TWOJE DO\u015aWIADCZENIE, WIEDZ\u0118 I UMIEJ\u0118TNO\u015aCI MO\u017bESZ LICZY\u0106 NA<\/h3>\n<p><span style=\"color: #dc291e;\"><strong>\/<\/strong><\/span> Jasny system wynagradzania i premiowania \u2013 Twoja praca ma swoj\u0105 cen\u0119 \u2013 wybierz karier\u0119, kt\u00f3ra Ci si\u0119 op\u0142aci!<br \/><span style=\"color: #dc291e;\"><strong>\/<\/strong><\/span> Ubezpieczenie na \u017cycie i pakiet medyczny LUXMED dla Ciebie i Twoich najbli\u017cszych<br \/><span style=\"color: #dc291e;\"><strong>\/<\/strong><\/span> SECO\/BUS &#8211; darmowe dowozy do firmy z Zielonej G\u00f3ry i Sulechowa (w przypadku pracy w \u015awiebodzinie) lub wsparcie w dojazdach w postaci karty paliwowej<br \/><span style=\"color: #dc291e;\"><strong>\/<\/strong><\/span> Przejrzysta \u015bcie\u017cka kariery i awansu \u2013 w 2023 roku 8 pracownik\u00f3w awansowa\u0142o dzi\u0119ki rekrutacjom wewn\u0119trznym a w 2024 roku 57 os\u00f3b w ramach \u015bcie\u017cki karier<br \/><span style=\"color: #dc291e;\"><strong>\/<\/strong><\/span> Mobilno\u015b\u0107 wewn\u0105trz grupy SECO\/WARWICK i mo\u017cliwo\u015b\u0107 rozwoju w naszych sp\u00f3\u0142kach na ca\u0142ym \u015bwiecie<br \/><span style=\"color: #dc291e;\"><strong>\/<\/strong><\/span> Program polece\u0144 pracowniczych \u2013 w 2023 zatrudnili\u015bmy 25 os\u00f3b z polecenia naszych pracownik\u00f3w<br \/><span style=\"color: #dc291e;\"><strong>\/<\/strong><\/span> Elastyczne godziny pracy<br \/><span style=\"color: #dc291e;\"><strong>\/<\/strong><\/span> Twoje ambicje s\u0105 naszym priorytetem \u2013 inwestujemy w Tw\u00f3j rozw\u00f3j i zapewniamy obszern\u0105 ofert\u0119 szkole\u0144 wewn\u0119trznych i zewn\u0119trznych<br \/><span style=\"color: #dc291e;\"><strong>\/<\/strong><\/span> Mi\u0119dzynarodowe \u015brodowisko pracy, mo\u017cliwo\u015b\u0107 uczestnictwa w globalnych projektach i wsp\u00f3\u0142pracy z do\u015bwiadczonymi profesjonalistami z bran\u017cy<br \/><span style=\"color: #dc291e;\"><strong>\/<\/strong><\/span> Mo\u017cliwo\u015b\u0107 realizacji swoich pozazawodowych aspiracji poprzez do\u0142\u0105czenie do dru\u017cyny SECO\/RUN i SECO\/BIKE lub zainspirowania nas i by\u0107 mo\u017ce stworzenia w\u0142asnej\u2026?<\/p>\n<p>&nbsp;<\/p>\n<h3>JAK WYGL\u0104DA PROCES REKRUTACJI I WDRO\u017bENIA?<\/h3>\n<ol>\n<li>Wy\u015blij swoje CV<\/li>\n<li>We\u017a udzia\u0142 w pierwszej rozmowie online z mened\u017cerem i rekruterem<\/li>\n<li>Przyjed\u017a do nas do firmy na drug\u0105 rozmow\u0119 i wykonaj zadanie rekrutacyjne<\/li>\n<li>Poczekaj na decyzj\u0119<\/li>\n<li>Witamy na pok\u0142adzie!<\/li>\n<\/ol>\n<p>Wiemy jak stresuj\u0105ce jest do\u0142\u0105czenie do nowej organizacji. Dlatego w pierwszych miesi\u0105cach pracy otrzymasz od nas pe\u0142ne wsparcie w postaci osobistego opiekuna \u2013 Buddy\u2019ego, a tak\u017ce prze\u0142o\u017conego i zespo\u0142u. Zaopatrzymy Ci\u0119 te\u017c w niezb\u0119dne materia\u0142y wdro\u017ceniowe i narz\u0119dzia, dzi\u0119ki kt\u00f3rym b\u0119dziesz wiedzia\u0142\/a jak porusza\u0107 si\u0119 po firmie.<\/p>\n<h3>NASZE WYR\u00d3\u017bNIKI JAKO PRACODAWCY<\/h3>\n<p>Bezpiecze\u0144stwo \u2013 prawie po\u0142owa pracownik\u00f3w jest z nami od ponad 10 lat<\/p>\n<p>Stabilno\u015b\u0107 \u2013 U nas masz pewno\u015b\u0107, \u017ce jeste\u015b cz\u0119\u015bci\u0105 zespo\u0142u, kt\u00f3ry dba o sta\u0142y rozw\u00f3j i bezpiecze\u0144stwo swoich pracownik\u00f3w! Posiadamy ponad 100 lat do\u015bwiadczenia na rynku i jeste\u015bmy wiod\u0105c\u0105 firm\u0105 w bran\u017cy a sta\u017c pracy wynosi \u015brednio 11 lat.<\/p>\n<p>Bie\u017c\u0105cy i konstruktywny feedback od prze\u0142o\u017conego \u2013 cenimy otwart\u0105 komunikacj\u0119 i wzajemny szacunek, wiemy, jak wa\u017cnym jest zna\u0107 i widzie\u0107 efekty swojej pracy, dlatego nasi managerowie regularnie dbaj\u0105 o zapewnienie Ci informacji zwrotnej o Twojej pracy, a tak\u017ce sami s\u0105 w ci\u0105g\u0142ym procesie rozwoju i feedbacku.<\/p>\n<p>Pracodawc\u0119 docenionego i wyr\u00f3\u017cnionego jako Solidny Pracodawca Roku oraz Organizator Pracy Bezpiecznej.<\/p>\n<p>Realny wp\u0142yw na rozw\u00f3j i doskonalenie najnowocze\u015bniejszych technologii w bran\u017cy obr\u00f3bki cieplnej \u2013 co potwierdzaj\u0105 liczne wyr\u00f3\u017cnienia m.in. medal Zas\u0142u\u017cony dla Polskiej Wynalazczo\u015bci czy Lider Innowacyjno\u015bci.<\/p>\n<p>Mo\u017cliwo\u015b\u0107 dbania o planet\u0119 \u2013 w ramach SECO\/ECO podejmujemy szereg dzia\u0142a\u0144 proekologicznych, aby zmieni\u0107 kolor metalurgii i obr\u00f3bki cieplnej na zielony.<\/p>\n<p>Mo\u017cliwo\u015b\u0107 wspierania dzia\u0142a\u0144 CSR\u2019owych, dzi\u0119ki kt\u00f3rym poczujesz si\u0119 cz\u0119\u015bci\u0105 lokalnej spo\u0142eczno\u015bci i wp\u0142yniesz na rozw\u00f3j najbli\u017cszego \u015brodowiska, co zosta\u0142o docenione wyr\u00f3\u017cnieniem Fair Company w 2024 roku.<\/p>\n<p>&nbsp;<\/p>\n<h3>NIE CZEKAJ, APLIKUJ!<\/h3>\n<p>Masz pytania, w\u0105tpliwo\u015bci? Napisz na <a href=\"mailto:rekrutacja@secowarwick.com\">rekrutacja@secowarwick.com<\/a> lub skontaktuj si\u0119 z Aleksandr\u0105 Nog\u0105: +48\u00a0734\u00a0935\u00a0723.<\/p>\n<p>Je\u015bli czujesz, \u017ce oferta jest dla Ciebie, ale nie spe\u0142niasz 100% wymaga\u0144 \u2013 aplikuj! Wiemy, \u017ce nie ma kandydat\u00f3w idealnych i z ch\u0119ci\u0105 poznamy Ciebie i Twoj\u0105 motywacj\u0119 <strong>\ud83d\ude0a<\/strong><\/p>\n<h3>RODO<\/h3>\n<p>Masz prawo wiedzie\u0107 jakie informacje o Tobie posiadamy i w jaki spos\u00f3b je wykorzystujemy. Przed aplikacj\u0105 zapoznaj si\u0119 ze szczeg\u00f3\u0142ami <a href=\"https:\/\/www.secowarwick.com\/wp-content\/uploads\/2022\/09\/Zal.-09-Informacja-o-przetwarzaniu-danych-osobowych-%E2%80%93-proces-rekrutacji-ogloszenia.pdf\">tutaj<\/a>.<\/p>\n<p><strong>Zapraszamy do \u015bwiata SECO\/WARWICK!<\/strong><\/p>\n<p>[\/et_pb_text][\/et_pb_column][et_pb_column type=&#8221;1_3&#8243; module_class=&#8221;kariera2021-prawa-kolumna&#8221; _builder_version=&#8221;4.16&#8243; custom_padding=&#8221;|||&#8221; global_colors_info=&#8221;{}&#8221; custom_padding__hover=&#8221;|||&#8221;][et_pb_image src=&#8221;https:\/\/www.secowarwick.com\/wp-content\/uploads\/2021\/10\/inzynier-serwisu-oferta-pracy.jpg&#8221; alt=&#8221;in\u017cynier serwisu oferta pracy&#8221; title_text=&#8221;in\u017cynier serwisu oferta pracy&#8221; align_tablet=&#8221;center&#8221; align_phone=&#8221;&#8221; align_last_edited=&#8221;on|desktop&#8221; _builder_version=&#8221;4.16&#8243; global_colors_info=&#8221;{}&#8221;][\/et_pb_image][et_pb_text admin_label=&#8221;FAKTY W PIGU\u0141CE&#8221; module_class=&#8221;kariera2021-fakty&#8221; _builder_version=&#8221;4.23.1&#8243; global_colors_info=&#8221;{}&#8221;]<\/p>\n<h3>FAKTY W PIGU\u0141CE<\/h3>\n<p><strong>Miejsce:<\/strong> <span style=\"color: #dc291e;\">SECO\/WARWICK Services<\/span><br \/><strong>Miasto:<\/strong> <span style=\"color: #dc291e;\">\u015awiebodzin\/Tarnowskie G\u00f3ry\/Polska<\/span><br \/><strong>Stanowisko:<\/strong> <span style=\"color: #dc291e;\">Technik Serwisu, In\u017cynier Serwisu<\/span><br \/><strong>Wykszta\u0142cenie:<\/strong> <span style=\"color: #dc291e;\">\u015brednie, wy\u017csze<\/span><br \/><strong>J\u0119zyk:<\/strong> <span style=\"color: #dc291e;\">angielski<\/span><br \/><strong>Poziom:<\/strong> <span style=\"color: #dc291e;\">m\u0142odszy specjalista, specjalista<\/span><br \/><strong>Typ zatrudnienie<\/strong>: <span style=\"color: #dc291e;\">pe\u0142en etat<\/span><br \/><strong>Forma:<\/strong> <span style=\"color: #dc291e;\">umowa o prac\u0119<\/span><br \/><strong>Delegacje:<\/strong> <span style=\"color: #dc291e;\">bardzo cz\u0119ste (ok. 90% czasu pracy)<\/span><\/p>\n<p>[\/et_pb_text][et_pb_text admin_label=&#8221;NASZE MOCNE STRONY&#8221; module_class=&#8221;kariera2021-fakty&#8221; _builder_version=&#8221;4.16&#8243; global_colors_info=&#8221;{}&#8221;]<\/p>\n<h3>NASZE MOCNE STRONY<\/h3>\n<p>[\/et_pb_text][et_pb_blurb title=&#8221;Wynagrodzenie, na kt\u00f3re masz wp\u0142yw&#8221; image=&#8221;https:\/\/www.secowarwick.com\/wp-content\/uploads\/2020\/03\/1a.png&#8221; icon_placement=&#8221;left&#8221; admin_label=&#8221;Stabilne warunki zatrudnienia&#8221; _builder_version=&#8221;4.16&#8243; header_font_size=&#8221;14&#8243; global_colors_info=&#8221;{}&#8221;][\/et_pb_blurb][et_pb_blurb title=&#8221;Elastyczny czas pracy&#8221; image=&#8221;https:\/\/www.secowarwick.com\/wp-content\/uploads\/2020\/03\/6.png&#8221; icon_placement=&#8221;left&#8221; admin_label=&#8221;Elastyczny czas pracy&#8221; _builder_version=&#8221;4.16&#8243; header_font_size=&#8221;14&#8243; global_colors_info=&#8221;{}&#8221;][\/et_pb_blurb][et_pb_blurb title=&#8221;Home office&#8221; image=&#8221;https:\/\/www.secowarwick.com\/wp-content\/uploads\/2020\/09\/16.png&#8221; icon_placement=&#8221;left&#8221; admin_label=&#8221;Dzie\u0144 wolny po d\u0142ugiej delegacji&#8221; _builder_version=&#8221;4.16&#8243; header_font_size=&#8221;14&#8243; global_colors_info=&#8221;{}&#8221;][\/et_pb_blurb][et_pb_blurb title=&#8221;SECO\/BUS dowozy do firmy: 2 trasy&#8221; image=&#8221;https:\/\/www.secowarwick.com\/wp-content\/uploads\/2020\/03\/9.png&#8221; icon_placement=&#8221;left&#8221; _builder_version=&#8221;4.16&#8243; header_font_size=&#8221;14&#8243; global_colors_info=&#8221;{}&#8221;][\/et_pb_blurb][et_pb_blurb title=&#8221;Przyjazna atmosfera&#8221; image=&#8221;https:\/\/www.secowarwick.com\/wp-content\/uploads\/2020\/03\/10.png&#8221; icon_placement=&#8221;left&#8221; admin_label=&#8221;Przyjazne atmosfera&#8221; _builder_version=&#8221;4.16&#8243; header_font_size=&#8221;14&#8243; global_colors_info=&#8221;{}&#8221;][\/et_pb_blurb][et_pb_blurb title=&#8221;Praca przy kreatywnych projektach&#8221; image=&#8221;https:\/\/www.secowarwick.com\/wp-content\/uploads\/2020\/03\/7.png&#8221; icon_placement=&#8221;left&#8221; admin_label=&#8221;Praca przy kreatywnych projektach&#8221; _builder_version=&#8221;4.16&#8243; header_font_size=&#8221;14&#8243; global_colors_info=&#8221;{}&#8221;][\/et_pb_blurb][et_pb_blurb title=&#8221;Mi\u0119dzynarodowe \u015brodowisko pracy&#8221; image=&#8221;https:\/\/www.secowarwick.com\/wp-content\/uploads\/2020\/03\/2.png&#8221; icon_placement=&#8221;left&#8221; admin_label=&#8221;Mi\u0119dzynarodowe \u015brodowisko pracy&#8221; _builder_version=&#8221;4.16&#8243; header_font_size=&#8221;14&#8243; global_colors_info=&#8221;{}&#8221;][\/et_pb_blurb][et_pb_blurb title=&#8221;Najnowsze rozwi\u0105zania: Siemens, Danfoss, Honeywell, AEG na wyci\u0105gni\u0119cie r\u0119ki&#8221; image=&#8221;https:\/\/www.secowarwick.com\/wp-content\/uploads\/2020\/03\/3.png&#8221; icon_placement=&#8221;left&#8221; admin_label=&#8221;Szerokie portfolio produkt\u00f3w&#8221; _builder_version=&#8221;4.16&#8243; header_font_size=&#8221;14&#8243; global_colors_info=&#8221;{}&#8221;][\/et_pb_blurb][et_pb_blurb title=&#8221;Szkolenia wew. i zew.&#8221; image=&#8221;https:\/\/www.secowarwick.com\/wp-content\/uploads\/2020\/03\/4.png&#8221; icon_placement=&#8221;left&#8221; admin_label=&#8221;Szkolenia wew. i zew.&#8221; _builder_version=&#8221;4.16&#8243; header_font_size=&#8221;14&#8243; custom_margin_tablet=&#8221;&#8221; custom_margin_phone=&#8221;&#8221; custom_margin_last_edited=&#8221;on|phone&#8221; global_colors_info=&#8221;{}&#8221;][\/et_pb_blurb][et_pb_blurb title=&#8221;Kursy j\u0119zykowe&#8221; image=&#8221;https:\/\/www.secowarwick.com\/wp-content\/uploads\/2020\/03\/8.png&#8221; icon_placement=&#8221;left&#8221; admin_label=&#8221;Kursy j\u0119zykowe&#8221; _builder_version=&#8221;4.16&#8243; header_font_size=&#8221;14&#8243; global_colors_info=&#8221;{}&#8221;][\/et_pb_blurb][\/et_pb_column][\/et_pb_row][et_pb_row module_id=&#8221;aplikuj&#8221; _builder_version=&#8221;4.16&#8243; _module_preset=&#8221;default&#8221; global_colors_info=&#8221;{}&#8221;][et_pb_column type=&#8221;4_4&#8243; _builder_version=&#8221;4.16&#8243; _module_preset=&#8221;default&#8221; global_colors_info=&#8221;{}&#8221;][et_pb_text admin_label=&#8221;aplikuj pdf&#8221; _builder_version=&#8221;4.23.1&#8243; _module_preset=&#8221;default&#8221; custom_padding=&#8221;||20px||false|false&#8221; global_module=&#8221;160563&#8243; saved_tabs=&#8221;all&#8221; global_colors_info=&#8221;{}&#8221;]<\/p>\n<p style=\"text-align: center;\">Przed z\u0142o\u017ceniem aplikacji zapoznaj si\u0119 z informacj\u0105 o przetwarzaniu Twoich danych osobowych <a href=\"https:\/\/www.secowarwick.com\/wp-content\/uploads\/2022\/09\/Zal.-09-Informacja-o-przetwarzaniu-danych-osobowych-%E2%80%93-proces-rekrutacji-ogloszenia.pdf\" target=\"_blank\" rel=\"noopener\">tutaj<\/a>.<\/p>\n<p>[\/et_pb_text][et_pb_text _builder_version=&#8221;4.23.1&#8243; _module_preset=&#8221;default&#8221; text_orientation=&#8221;center&#8221; hover_enabled=&#8221;0&#8243; global_colors_info=&#8221;{}&#8221; sticky_enabled=&#8221;0&#8243;]<\/p>\n<p style=\"text-align: center;\"><a class=\"small-button smallred\" style=\"font-size: 15px; padding: 10px 40px;\" href=\"https:\/\/secowarwick.elementapp.ai\/application\/v2\/c7645eb5-2858-428e-a318-8587b1392a74\/44a97225-6223-4c53-9118-27fe0bce62d7?source=097a9a2e-ba26-4e9e-a0cc-d740d7204a6c\" target=\"_blank\" rel=\"noopener\"><span style=\"display: block; transform: skew(15deg,0deg); -webkit-transform: skew(15deg,0deg); font-size: 15px;\">#makeithappen APLIKUJ<\/span><\/a><\/p>\n<p>[\/et_pb_text][\/et_pb_column][\/et_pb_row][\/et_pb_section]<\/p>\n","protected":false},"excerpt":{"rendered":"<p>IN\u017bYNIER SERWISU K\/MAPLIKUJ TERAZPrzed z\u0142o\u017ceniem aplikacji zapoznaj si\u0119 z informacj\u0105 o przetwarzaniu Twoich danych osobowych tutaj. JE\u015aLI: Jeste\u015b fanem nowoczesnych technologii, lubisz wyzwania oraz masz ch\u0119ci i gotowo\u015b\u0107 stawia\u0107 czo\u0142a globalnym projektom\u2026 Chcesz pozna\u0107 bli\u017cej \u015bwiat obr\u00f3bki cieplnej, kreowa\u0107, tworzy\u0107 i rozwija\u0107 innowacyjne rozwi\u0105zania, kt\u00f3re dotykaj\u0105 \u017cycia 7,6 miliarda ludzi\u2026 To jeste\u015b w dobrym miejscu! [&hellip;]<\/p>\n","protected":false},"author":2,"featured_media":121482,"parent":90568,"menu_order":0,"comment_status":"closed","ping_status":"closed","template":"","meta":{"_acf_changed":false,"_et_pb_use_builder":"on","_et_pb_old_content":"","_et_gb_content_width":"","footnotes":""},"class_list":["post-128739","page","type-page","status-publish","has-post-thumbnail"],"acf":[],"_links":{"self":[{"href":"https:\/\/www.secowarwick.com\/pl\/wp-json\/wp\/v2\/pages\/128739","targetHints":{"allow":["GET"]}}],"collection":[{"href":"https:\/\/www.secowarwick.com\/pl\/wp-json\/wp\/v2\/pages"}],"about":[{"href":"https:\/\/www.secowarwick.com\/pl\/wp-json\/wp\/v2\/types\/page"}],"author":[{"embeddable":true,"href":"https:\/\/www.secowarwick.com\/pl\/wp-json\/wp\/v2\/users\/2"}],"replies":[{"embeddable":true,"href":"https:\/\/www.secowarwick.com\/pl\/wp-json\/wp\/v2\/comments?post=128739"}],"version-history":[{"count":17,"href":"https:\/\/www.secowarwick.com\/pl\/wp-json\/wp\/v2\/pages\/128739\/revisions"}],"predecessor-version":[{"id":168248,"href":"https:\/\/www.secowarwick.com\/pl\/wp-json\/wp\/v2\/pages\/128739\/revisions\/168248"}],"up":[{"embeddable":true,"href":"https:\/\/www.secowarwick.com\/pl\/wp-json\/wp\/v2\/pages\/90568"}],"wp:featuredmedia":[{"embeddable":true,"href":"https:\/\/www.secowarwick.com\/pl\/wp-json\/wp\/v2\/media\/121482"}],"wp:attachment":[{"href":"https:\/\/www.secowarwick.com\/pl\/wp-json\/wp\/v2\/media?parent=128739"}],"curies":[{"name":"wp","href":"https:\/\/api.w.org\/{rel}","templated":true}]}}