{"id":130126,"date":"2022-08-22T08:20:13","date_gmt":"2022-08-22T06:20:13","guid":{"rendered":"https:\/\/www.secowarwick.com\/customer-satisfaction-brand-2022\/"},"modified":"2022-09-12T07:32:30","modified_gmt":"2022-09-12T05:32:30","slug":"customer-satisfaction-brand-2022","status":"publish","type":"page","link":"https:\/\/www.secowarwick.com\/pl\/ospolce\/nagrody-i-wyroznienia\/customer-satisfaction-brand-2022\/","title":{"rendered":"Marka TOP 10 Satysfakcji Klienta"},"content":{"rendered":"<p>[et_pb_section fb_built=&#8221;1&#8243; _builder_version=&#8221;4.10.3&#8243; _module_preset=&#8221;default&#8221; global_colors_info=&#8221;{}&#8221;][et_pb_row _builder_version=&#8221;4.10.3&#8243; _module_preset=&#8221;default&#8221; global_colors_info=&#8221;{}&#8221;][et_pb_column type=&#8221;4_4&#8243; _builder_version=&#8221;4.10.3&#8243; _module_preset=&#8221;default&#8221; global_colors_info=&#8221;{}&#8221;][et_pb_breadcrumbs _builder_version=&#8221;4.10.3&#8243; _module_preset=&#8221;default&#8221; global_colors_info=&#8221;{}&#8221;][\/et_pb_breadcrumbs][et_pb_text _builder_version=&#8221;4.10.3&#8243; _module_preset=&#8221;default&#8221; global_colors_info=&#8221;{}&#8221;]<\/p>\n<h1>Marka TOP 10 Satysfakcji Klienta<\/h1>\n<p>W\u00a0 marcu 2022 roku, SECO\/WARWICK otrzyma\u0142o nagrod\u0119 &#8222;Customer Satisfaction Brand Top 10&#8221; (Satysfakcja klienta Marka Top 10) od CHTA, Chi\u0144skiego Stowarzyszenia Obr\u00f3bki Cieplnej. SECO\/WARWICK zosta\u0142o nagrodzone za do\u015bwiadczenie, jako\u015b\u0107 i umiej\u0119tno\u015b\u0107 dostosowania produkt\u00f3w do indywidualnych potrzeb klient\u00f3w.<\/p>\n<p>[\/et_pb_text][et_pb_image src=&#8221;https:\/\/www.secowarwick.com\/wp-content\/uploads\/2022\/08\/china_award_2022-copy_2.jpg&#8221; alt=&#8221;Customer Satisfaction Brand  2022 Top 10&#8243; title_text=&#8221;Customer Satisfaction Brand &#8221; _builder_version=&#8221;4.10.3&#8243; _module_preset=&#8221;default&#8221; global_colors_info=&#8221;{}&#8221;][\/et_pb_image][\/et_pb_column][\/et_pb_row][\/et_pb_section]<\/p>\n","protected":false},"excerpt":{"rendered":"<p>[et_pb_breadcrumbs _builder_version=&#8221;4.10.3&#8243; _module_preset=&#8221;default&#8221; global_colors_info=&#8221;{}&#8221;][\/et_pb_breadcrumbs]Marka TOP 10 Satysfakcji Klienta W\u00a0 marcu 2022 roku, SECO\/WARWICK otrzyma\u0142o nagrod\u0119 &#8222;Customer Satisfaction Brand Top 10&#8221; (Satysfakcja klienta Marka Top 10) od CHTA, Chi\u0144skiego Stowarzyszenia Obr\u00f3bki Cieplnej. SECO\/WARWICK zosta\u0142o nagrodzone za do\u015bwiadczenie, jako\u015b\u0107 i umiej\u0119tno\u015b\u0107 dostosowania produkt\u00f3w do indywidualnych potrzeb klient\u00f3w.<\/p>\n","protected":false},"author":2,"featured_media":0,"parent":6722,"menu_order":0,"comment_status":"closed","ping_status":"closed","template":"","meta":{"_acf_changed":false,"_et_pb_use_builder":"on","_et_pb_old_content":"","_et_gb_content_width":"","footnotes":""},"class_list":["post-130126","page","type-page","status-publish"],"acf":[],"_links":{"self":[{"href":"https:\/\/www.secowarwick.com\/pl\/wp-json\/wp\/v2\/pages\/130126","targetHints":{"allow":["GET"]}}],"collection":[{"href":"https:\/\/www.secowarwick.com\/pl\/wp-json\/wp\/v2\/pages"}],"about":[{"href":"https:\/\/www.secowarwick.com\/pl\/wp-json\/wp\/v2\/types\/page"}],"author":[{"embeddable":true,"href":"https:\/\/www.secowarwick.com\/pl\/wp-json\/wp\/v2\/users\/2"}],"replies":[{"embeddable":true,"href":"https:\/\/www.secowarwick.com\/pl\/wp-json\/wp\/v2\/comments?post=130126"}],"version-history":[{"count":6,"href":"https:\/\/www.secowarwick.com\/pl\/wp-json\/wp\/v2\/pages\/130126\/revisions"}],"predecessor-version":[{"id":130651,"href":"https:\/\/www.secowarwick.com\/pl\/wp-json\/wp\/v2\/pages\/130126\/revisions\/130651"}],"up":[{"embeddable":true,"href":"https:\/\/www.secowarwick.com\/pl\/wp-json\/wp\/v2\/pages\/6722"}],"wp:attachment":[{"href":"https:\/\/www.secowarwick.com\/pl\/wp-json\/wp\/v2\/media?parent=130126"}],"curies":[{"name":"wp","href":"https:\/\/api.w.org\/{rel}","templated":true}]}}