{"id":131028,"date":"2022-09-20T11:50:00","date_gmt":"2022-09-20T09:50:00","guid":{"rendered":"https:\/\/www.secowarwick.com\/?page_id=131028"},"modified":"2026-02-11T15:47:14","modified_gmt":"2026-02-11T14:47:14","slug":"piece-tasmowe-typu-mesh-belt","status":"publish","type":"page","link":"https:\/\/www.secowarwick.com\/pl\/produkty\/piece-do-obrobki-cieplnej-metali-w-atmosferach-atm\/piece-tasmowe-typu-mesh-belt\/","title":{"rendered":"Piece ta\u015bmowe typu Mesh Belt do obr\u00f3bki cieplnej w atmosferze regulowanej"},"content":{"rendered":"<p>[et_pb_section fb_built=&#8221;1&#8243; _builder_version=&#8221;4.16&#8243; global_colors_info=&#8221;{}&#8221;][et_pb_row _builder_version=&#8221;4.16&#8243; background_size=&#8221;initial&#8221; background_position=&#8221;top_left&#8221; background_repeat=&#8221;repeat&#8221; global_colors_info=&#8221;{}&#8221;][et_pb_column type=&#8221;4_4&#8243; _builder_version=&#8221;4.16&#8243; custom_padding=&#8221;|||&#8221; global_colors_info=&#8221;{}&#8221; custom_padding__hover=&#8221;|||&#8221;][et_pb_image src=&#8221;https:\/\/www.secowarwick.com\/wp-content\/uploads\/2022\/09\/Mesh-Belt-type-furnaces-for-heat-treatment-in-controlled-atmosphere.jpg&#8221; alt=&#8221;Piece ta\u015bmowe typu Mesh Belt do obr\u00f3bki cieplnej w atmosferze regulowanej SECO\/WARWICK&#8221; title_text=&#8221;Piece ta\u015bmowe typu Mesh Belt do obr\u00f3bki cieplnej w atmosferze regulowanej SECO\/WARWICK&#8221; align=&#8221;center&#8221; align_tablet=&#8221;center&#8221; align_phone=&#8221;&#8221; align_last_edited=&#8221;on|desktop&#8221; _builder_version=&#8221;4.16&#8243; global_colors_info=&#8221;{}&#8221;][\/et_pb_image][\/et_pb_column][\/et_pb_row][et_pb_row column_structure=&#8221;3_4,1_4&#8243; _builder_version=&#8221;4.16&#8243; global_colors_info=&#8221;{}&#8221;][et_pb_column type=&#8221;3_4&#8243; _builder_version=&#8221;4.16&#8243; custom_padding=&#8221;|||&#8221; global_colors_info=&#8221;{}&#8221; custom_padding__hover=&#8221;|||&#8221;][et_pb_breadcrumbs _builder_version=&#8221;3.6&#8243; global_colors_info=&#8221;{}&#8221;][\/et_pb_breadcrumbs][et_pb_text module_class=&#8221;podtytuly&#8221; _builder_version=&#8221;4.23.1&#8243; global_colors_info=&#8221;{}&#8221;]<\/p>\n<h1>Piece ta\u015bmowe typu Mesh Belt<\/h1>\n<h2>Piece ta\u015bmowe do\u00a0obr\u00f3bki cieplnej w\u00a0atmosferze regulowanej<\/h2>\n<p><strong>Piece ta\u015bmowe typu Mesh Belt<\/strong> przeznaczone s\u0105\u00a0do\u00a0obr\u00f3bki cieplnej i\u00a0cieplnochemicznej drobnych element\u00f3w.<\/p>\n<p>Dlaczego?<\/p>\n<p>Bo&nbsp;zapewniaj\u0105 jednorodne, powtarzalne wyniki technologiczne.<\/p>\n<p><strong>Urz\u0105dzenia Mesh Belt<\/strong> mog\u0105 by\u0107 oferowane zar\u00f3wno z\u00a0instalacjami grzewczymi \u2013 elektrycznymi lub gazowymi. Piec g\u0142\u00f3wny PTE (elektryczny) lub PTG (gazowy) dostosowany jest do\u00a0pracy z\u00a0atmosfer\u0105 endotermiczn\u0105, wytwarzan\u0105 przez\u00a0zewn\u0119trzny generator, zasilany gazem ziemnym lub propanem. Jako opcja alternatywna istnieje r\u00f3wnie\u017c mo\u017cliwo\u015b\u0107 zabudowania wewn\u0119trznego lub zewn\u0119trznego dysocjatora metanolu, z\u00a0kt\u00f3rego\u00a0przy udziale azotu, uzyska\u0107 mo\u017cna alternatywn\u0105 wersj\u0119 atmosfery endotermicznej. Stosowana atmosfera ochronna utrzymuj\u0105c\u0105 produkt w\u00a0czysto\u015bci lub wspomaga obr\u00f3bk\u0119 powierzchniow\u0105, czym piece ta\u015bmowe s\u0105\u00a0wydajnym narz\u0119dziem w\u00a0procesie produkcyjnym. Piece tego typu z\u00a0ta\u015bm\u0105 siatkow\u0105, s\u0142u\u017c\u0105 do\u00a0obr\u00f3bki bardzo r\u00f3\u017cnorodnych ma\u0142ych cz\u0119\u015bci, m.in.\u00a0wkr\u0119t\u00f3w, nakr\u0119tek, \u015brub i\u00a0innych element\u00f3w z\u00a0grupy Fasteners. Piece tego typu s\u0105\u00a0szczeg\u00f3lnie dobrze dostosowane do\u00a0<strong>hartowania w\u00a0atmosferze kontrolowanej<\/strong>, <strong>w\u0119gloazotowania<\/strong> i\u00a0<strong>naw\u0119glania<\/strong> w\u00a0zakresie temperatur od\u00a0840\u00b0C do\u00a0955\u00b0C.<\/p>\n<p>[\/et_pb_text][et_pb_tabs module_class=&#8221;red-tabs eco-tab5&#8243; _builder_version=&#8221;4.23.1&#8243; custom_css_main_element=&#8221;margin-top: 2rem;||margin-bottom: 2rem;&#8221; global_colors_info=&#8221;{}&#8221;][et_pb_tab title=&#8221;Opis&#8221; _builder_version=&#8221;4.23.1&#8243; global_colors_info=&#8221;{}&#8221;]<\/p>\n<p><strong><span style=\"color: #dc291e;\">\/<\/span> Linie piec\u00f3w ta\u015bmowych<\/strong> s\u0105\u00a0wst\u0119pnie zaprojektowane w\u00a0standardowych wymiarach dla wydajno\u015bci znamionowej <strong>od\u00a0200 kg do\u00a0500 kg na\u00a0godzin\u0119<\/strong>. Umo\u017cliwia to\u00a0ich optymaln\u0105 produkcj\u0119, dostaw\u0119 i\u00a0instalacj\u0119. Na\u00a0specjalne zam\u00f3wienie klienta, mo\u017cliwe jest wyprodukowanie linii o\u00a0wi\u0119kszej wydajno\u015bci produkcyjnej<br \/><strong><span style=\"color: #dc291e;\">\/<\/span><\/strong> Specyfikacja elektryczna \u2013 konstrukcja z\u00a0grzaniem elektrycznym wyposa\u017cona jest elementy grzejne, kt\u00f3re mo\u017cna z\u00a0\u0142atwo\u015bci\u0105 wymieni\u0107 od\u00a0zewn\u0119trznej strony pieca<br \/><strong><span style=\"color: #dc291e;\">\/<\/span><\/strong> Specyfikacja gazowa \u2013 konstrukcja z\u00a0grzaniem gazowym wyposa\u017cona jest w\u00a0stopowe rury promieniuj\u0105ce i\u00a0wraz z\u00a0gazowym systemem spalania<br \/><strong><span style=\"color: #dc291e;\">\/<\/span><\/strong> Mufla pieca \u2013 jest podparta na\u00a0ca\u0142ej d\u0142ugo\u015bci pieca przy pomocy specjalnych suport\u00f3w ceramicznych. \u017bywotno\u015b\u0107 mufli potwierdzona jest licznymi obliczeniami numerycznymi, co\u00a0ma\u00a0prze\u0142o\u017cenie w\u00a0rzeczywistym czasie eksploatacji<br \/><strong><span style=\"color: #dc291e;\">\/<\/span><\/strong> Mieszarki atmosfery \u2013 unikatowa konstrukcja dale bardzo dobre rezultaty zar\u00f3wno dla rozk\u0142ad\u00f3w temperatur jak i\u00a0dystrybucji atmosfery<br \/><strong><span style=\"color: #dc291e;\">\/<\/span><\/strong> Nap\u0119d ta\u015bmy \u2013 pe\u0142na synchronizacja pr\u0119dko\u015bci ta\u015bmy, mo\u017ce by\u0107 regulowana w\u00a0szerokim zakresie, co\u00a0zapewnia pe\u0142n\u0105 elastyczno\u015b\u0107 czasu cykli obr\u00f3bki<br \/><strong><span style=\"color: #dc291e;\">\/<\/span><\/strong> Automatyka \u2013 praca linii technologicznej jest w\u00a0pe\u0142ni zautomatyzowana i\u00a0monitorowana, a\u00a0jedynie za\u0142adunek cz\u0119\u015bci do\u00a0obr\u00f3bki do\u00a0pojemnika \u0142adowarki oraz\u00a0odbieranie pojemnik\u00f3w z\u00a0wsadem wykonuje obs\u0142uga. Wszelkie inne czynno\u015bci zwi\u0105zane z\u00a0transportem wsadu przez\u00a0poszczeg\u00f3lne urz\u0105dzenia linii odbywaj\u0105 si\u0119 automatycznie pod\u00a0kontrol\u0105 systemu sterowania<\/p>\n<p>[\/et_pb_tab][et_pb_tab title=&#8221;Zalety&#8221; _builder_version=&#8221;4.23.1&#8243; global_colors_info=&#8221;{}&#8221;]<\/p>\n<p><strong><span style=\"color: #dc291e;\">\/<\/span><\/strong> Synchronizacja systemu transportu ta\u015bmy<br \/><strong><span style=\"color: #dc291e;\">\/<\/span><\/strong> D\u0142uga \u017cywotno\u015b\u0107 mufli dzi\u0119ki optymalnej konstrukcji i\u00a0lat do\u015bwiadcze\u0144, poparta licznymi obliczeniami numerycznymi<br \/><strong><span style=\"color: #dc291e;\">\/<\/span><\/strong> Ograniczone zanieczyszczenie pieca oparami oleju<br \/><strong><span style=\"color: #dc291e;\">\/<\/span><\/strong> Wysoko wydajny rozk\u0142ad atmosfery w\u00a0piecu<br \/><strong><span style=\"color: #dc291e;\">\/<\/span><\/strong> Efektywna i\u00a0ekonomiczna cyrkulacja oleju hartowniczego<br \/><strong><span style=\"color: #dc291e;\">\/<\/span><\/strong> Minimalizacja ryzyka odkszta\u0142ce\u0144 hartowanych przedmiot\u00f3w<br \/><strong><span style=\"color: #dc291e;\">\/<\/span><\/strong> Niskie zu\u017cycie energii<br \/><strong><span style=\"color: #dc291e;\">\/<\/span><\/strong> Mo\u017cliwo\u015b\u0107 dopasowania i\u00a0skonfigurowania urz\u0105dzenia do\u00a0istniej\u0105cych warunk\u00f3w w\u00a0zak\u0142adzie klienta<br \/><strong><span style=\"color: #dc291e;\">\/<\/span><\/strong> Program dla cyklu weekendowego (stand-by)<br \/><strong><span style=\"color: #dc291e;\">\/<\/span><\/strong> Dostosowanie do\u00a0AMS-2750 i\u00a0CQI-9<\/p>\n<p>[\/et_pb_tab][et_pb_tab title=&#8221;Procesy&#8221; _builder_version=&#8221;4.23.1&#8243; global_colors_info=&#8221;{}&#8221;]<\/p>\n<p><strong><span style=\"color: #dc291e;\">\/<\/span><\/strong> Naw\u0119glanie<br \/><strong><span style=\"color: #dc291e;\">\/<\/span><\/strong> W\u0119gloazotowanie<br \/><strong><span style=\"color: #dc291e;\">\/<\/span><\/strong> Hartowanie<br \/><strong><span style=\"color: #dc291e;\">\/<\/span><\/strong> Odpuszczanie<\/p>\n<p>[\/et_pb_tab][et_pb_tab title=&#8221;Materia\u0142y&#8221; _builder_version=&#8221;4.23.1&#8243; global_colors_info=&#8221;{}&#8221;]<\/p>\n<p style=\"text-align: left;\"><strong><span style=\"color: #e31300;\">\/<\/span><\/strong>\u00a0Stal<\/p>\n<p>[\/et_pb_tab][et_pb_tab title=&#8221;Przemys\u0142y&#8221; _builder_version=&#8221;4.23.1&#8243; global_colors_info=&#8221;{}&#8221;]<\/p>\n<p><strong><span style=\"color: #dc291e;\">\/<\/span><\/strong> \u0141o\u017cyskowy<br \/><strong><span style=\"color: #dc291e;\">\/<\/span><\/strong> Samochodowy<br \/><strong><span style=\"color: #dc291e;\">\/<\/span><\/strong> Fasteners<br \/><strong><span style=\"color: #dc291e;\">\/<\/span><\/strong> Rolniczy<br \/><strong><span style=\"color: #dc291e;\">\/<\/span><\/strong> Hartownie us\u0142ugowe<\/p>\n<p>[\/et_pb_tab][et_pb_tab title=&#8221; &#8221; _builder_version=&#8221;4.23.1&#8243; _module_preset=&#8221;default&#8221; global_colors_info=&#8221;{}&#8221;]<\/p>\n<p><strong><span style=\"color: #dc291e;\">\/<\/span><\/strong> System odzysku ciep\u0142a<br \/><strong><span style=\"color: #dc291e;\">\/<\/span><\/strong> W&nbsp;trakcie projektowania analizowany jest aspekt akumulacyjno\u015bci cieplnej urz\u0105dzenia, ograniczaj\u0105cy straty cieplne<br \/><strong><span style=\"color: #dc291e;\">\/<\/span><\/strong> D\u0142uga \u017cywotno\u015b\u0107 mufli pieca g\u0142\u00f3wnego<br \/><strong><span style=\"color: #dc291e;\">\/<\/span><\/strong> Mo\u017cliwo\u015b\u0107 zastosowania kraker\u00f3w metanolu zamiast generator\u00f3w endotermicznych w&nbsp;procesach OC, eliminuj\u0105c zastosowanie endogenerator\u00f3w ograniczaj\u0105c emisj\u0119 gaz\u00f3w do&nbsp;atmosfery<br \/><strong><span style=\"color: #dc291e;\">\/<\/span><\/strong> Zastosowanie \u015bwiec jonizacyjnych zamiast kurtyny ogniowej na&nbsp;wlocie pieca<br \/><strong><span style=\"color: #dc291e;\">\/<\/span><\/strong> Ograniczamy pob\u00f3r gazu i&nbsp;emisj\u0119 do&nbsp;atmosfery<br \/><strong><span style=\"color: #dc291e;\">\/<\/span><\/strong> System grzejny elektryczny zamiast gazowego<br \/><strong><span style=\"color: #dc291e;\">\/<\/span><\/strong> Odlewne mieszad\u0142a o\u00a0wyd\u0142u\u017conej \u017cywotno\u015bci eksploatacyjnej<br \/><strong><span style=\"color: #dc291e;\">\/<\/span><\/strong> Mo\u017cliwo\u015b\u0107 ch\u0142odzenia powietrznymi wymiennikami zainstalowanych mieszarek atmosfery<\/p>\n<p>[\/et_pb_tab][\/et_pb_tabs][et_pb_code _builder_version=&#8221;4.10.3&#8243; _module_preset=&#8221;default&#8221; global_module=&#8221;123769&#8243; saved_tabs=&#8221;all&#8221; global_colors_info=&#8221;{}&#8221;]<!-- [et_pb_line_break_holder] --><pee style=\"text-align: center;\"><a class=\"small-button smallred\" style=\"font-size: 20px; padding: 20px 60px;\" href=\"https:\/\/www.secowarwick.com\/pl\/zapytaj-o-oferte\/\"><span style=\"display: block; transform: skew(15deg,0deg); -webkit-transform: skew(15deg,0deg); font-size: 20px; !important\">ZAPYTAJ O OFERT\u0118<\/span><\/a><\/pee>[\/et_pb_code][\/et_pb_column][et_pb_column type=&#8221;1_4&#8243; _builder_version=&#8221;4.16&#8243; custom_padding=&#8221;|||&#8221; global_colors_info=&#8221;{}&#8221; custom_padding__hover=&#8221;|||&#8221;][et_pb_gallery posts_number=&#8221;1&#8243; show_title_and_caption=&#8221;off&#8221; show_pagination=&#8221;off&#8221; zoom_icon_color=&#8221;#e2001a&#8221; disabled_on=&#8221;on|on|on&#8221; module_class=&#8221;seco-products-gallery-new&#8221; _builder_version=&#8221;4.16&#8243; disabled=&#8221;on&#8221; global_colors_info=&#8221;{}&#8221;][\/et_pb_gallery][et_pb_text admin_label=&#8221;btn_pl_premiumlibrary&#8221; module_class=&#8221;premium-library-button&#8221; _builder_version=&#8221;4.23.1&#8243; _module_preset=&#8221;default&#8221; text_orientation=&#8221;center&#8221; global_module=&#8221;157169&#8243; saved_tabs=&#8221;all&#8221; locked=&#8221;off&#8221; global_colors_info=&#8221;{}&#8221;]<\/p>\n<a href='https:\/\/www.secowarwick.com\/pl\/trescipremium\/' class='small-button smallred'><span>TRE\u015aCI PREMIUM<\/span><\/a>\n<p>[\/et_pb_text][et_pb_text admin_label=&#8221;R&#038;D PL&#8221; module_class=&#8221;product_widget_wrap_rd&#8221; _builder_version=&#8221;4.23.1&#8243; _module_preset=&#8221;default&#8221; text_orientation=&#8221;center&#8221; global_module=&#8221;165497&#8243; saved_tabs=&#8221;all&#8221; locked=&#8221;off&#8221; global_colors_info=&#8221;{}&#8221;]<\/p>\n<p><a href=\"https:\/\/www.secowarwick.com\/pl\/rd\/\"><span class=\"product_wigtet_name\">R&amp;D<\/span><\/a><\/p>\n<p>[\/et_pb_text][et_pb_text admin_label=&#8221;AUTOMATYKA PL&#8221; module_class=&#8221;product_widget_wrap_automation&#8221; _builder_version=&#8221;4.23.1&#8243; _module_preset=&#8221;default&#8221; global_module=&#8221;165495&#8243; saved_tabs=&#8221;all&#8221; locked=&#8221;off&#8221; global_colors_info=&#8221;{}&#8221;]<\/p>\n<p><a href=\"https:\/\/www.secowarwick.com\/pl\/service\/automatyka\/\"><span class=\"product_wigtet_name\">AUTOMATYKA<\/span><\/a><\/p>\n<p>[\/et_pb_text][et_pb_text admin_label=&#8221;SERVICE PL&#8221; module_class=&#8221;product_widget_wrap_service&#8221; _builder_version=&#8221;4.23.1&#8243; _module_preset=&#8221;default&#8221; global_module=&#8221;165500&#8243; saved_tabs=&#8221;all&#8221; locked=&#8221;off&#8221; global_colors_info=&#8221;{}&#8221;]<\/p>\n<p><a href=\"https:\/\/www.secowarwick.com\/pl\/profesjonalne-uslugi-serwisowe\/\"><span class=\"product_wigtet_name\">SERWIS<\/span><\/a><\/p>\n<p>[\/et_pb_text][et_pb_text admin_label=&#8221;SUPLEMENTALS PL&#8221; module_class=&#8221;product_widget_wrap_supleme&#8221; _builder_version=&#8221;4.23.1&#8243; _module_preset=&#8221;default&#8221; global_module=&#8221;165502&#8243; saved_tabs=&#8221;all&#8221; locked=&#8221;off&#8221; global_colors_info=&#8221;{}&#8221;]<\/p>\n<p><span class=\"product_wigtet_name\">DODATKOWE:<\/span><\/p>\n<p>[\/et_pb_text][et_pb_text admin_label=&#8221;Product brochure&#8221; module_class=&#8221;suplementals_product_brochure suplementals_wrap&#8221; _builder_version=&#8221;4.23.1&#8243; _module_preset=&#8221;default&#8221; hover_enabled=&#8221;0&#8243; locked=&#8221;off&#8221; global_colors_info=&#8221;{}&#8221; sticky_enabled=&#8221;0&#8243;]<\/p>\n<p><a href=\"https:\/\/www.secowarwick.com\/wp-content\/uploads\/2025\/11\/ATM-MESHBELT-WWW.pdf\" target=\"_blank\" rel=\"noopener\" class=\"ga4_product_widget_brochure\">Broszura produktu<\/a><\/p>\n<p>[\/et_pb_text][et_pb_text admin_label=&#8221;Product infographic&#8221; module_class=&#8221;suplementals_product_infographic suplementals_wrap&#8221; _builder_version=&#8221;4.23.1&#8243; _module_preset=&#8221;default&#8221; hover_enabled=&#8221;0&#8243; locked=&#8221;off&#8221; global_colors_info=&#8221;{}&#8221; sticky_enabled=&#8221;0&#8243;]<\/p>\n<p><a href=\"https:\/\/www.secowarwick.com\/wp-content\/uploads\/2023\/06\/MeshBelt.jpg\" target=\"_blank\" rel=\"noopener\" class=\"ga4_product_widget_infografic\">Infografika produktu<\/a><\/p>\n<p>[\/et_pb_text][et_pb_text admin_label=&#8221;Product movie playlista&#8221; module_class=&#8221;suplementals_product_movie suplementals_wrap&#8221; _builder_version=&#8221;4.23.1&#8243; _module_preset=&#8221;default&#8221; global_module=&#8221;169535&#8243; saved_tabs=&#8221;all&#8221; locked=&#8221;off&#8221; global_colors_info=&#8221;{}&#8221;]<\/p>\n<p><a href=\"https:\/\/www.youtube.com\/playlist?list=PLa0hhW_hoQqEsIHM5LQtr9h_9UlwGFBO8\" target=\"_blank\" rel=\"noopener\">Film produktowy<\/a><\/p>\n<p>[\/et_pb_text][et_pb_text admin_label=&#8221;dnabook-pl&#8221; module_class=&#8221;suplementals_product_dna suplementals_wrap&#8221; _builder_version=&#8221;4.23.1&#8243; _module_preset=&#8221;default&#8221; global_module=&#8221;165509&#8243; saved_tabs=&#8221;all&#8221; locked=&#8221;off&#8221; global_colors_info=&#8221;{}&#8221;]<\/p>\n<p><a href=\"https:\/\/www.secowarwick.com\/wp-content\/uploads\/2025\/07\/DNA_BOOK.pdf\" target=\"_blank\" rel=\"noopener\">DNA\/BOOK<\/a><\/p>\n<p>[\/et_pb_text][et_pb_text admin_label=&#8221;ECO\/BOOK-pl&#8221; module_class=&#8221;suplementals_product_eco suplementals_wrap&#8221; _builder_version=&#8221;4.23.1&#8243; _module_preset=&#8221;default&#8221; global_module=&#8221;165511&#8243; saved_tabs=&#8221;all&#8221; locked=&#8221;off&#8221; global_colors_info=&#8221;{}&#8221;]<\/p>\n<p><a href=\"https:\/\/www.secowarwick.com\/wp-content\/uploads\/2023\/06\/ECOBOOK-2-1.pdf\" target=\"_blank\" rel=\"noopener\">ECO\/BOOK<\/a><\/p>\n<p>[\/et_pb_text][et_pb_text admin_label=&#8221;RFQ product widget pl&#8221; module_class=&#8221;product_widget_wrap_rfq-en&#8221; _builder_version=&#8221;4.23.1&#8243; _module_preset=&#8221;default&#8221; global_module=&#8221;186180&#8243; saved_tabs=&#8221;all&#8221; locked=&#8221;off&#8221; global_colors_info=&#8221;{}&#8221;]<\/p>\n<p style=\"text-align: center;\"><a class=\"small-button smallred rfq-gtm-product-widget\" href=\"https:\/\/www.secowarwick.com\/pl\/zapytaj-o-oferte\/\"><span class=\"product_wigtet_name\">ZAPYTAJ O&nbsp;OFERT\u0118<\/span><\/a><\/p>\n<p>[\/et_pb_text][\/et_pb_column][\/et_pb_row][\/et_pb_section]<\/p>\n","protected":false},"excerpt":{"rendered":"<p>[et_pb_breadcrumbs _builder_version=&#8221;3.6&#8243; global_colors_info=&#8221;{}&#8221;][\/et_pb_breadcrumbs]Piece ta\u015bmowe typu Mesh Belt Piece ta\u015bmowe do\u00a0obr\u00f3bki cieplnej w\u00a0atmosferze regulowanej Piece ta\u015bmowe typu Mesh Belt przeznaczone s\u0105\u00a0do\u00a0obr\u00f3bki cieplnej i\u00a0cieplnochemicznej drobnych element\u00f3w. Dlaczego? Bo&nbsp;zapewniaj\u0105 jednorodne, powtarzalne wyniki technologiczne. Urz\u0105dzenia Mesh Belt mog\u0105 by\u0107 oferowane zar\u00f3wno z\u00a0instalacjami grzewczymi \u2013 elektrycznymi lub gazowymi. Piec g\u0142\u00f3wny PTE (elektryczny) lub PTG (gazowy) dostosowany jest do\u00a0pracy z\u00a0atmosfer\u0105 endotermiczn\u0105, [&hellip;]<\/p>\n","protected":false},"author":2,"featured_media":131021,"parent":7141,"menu_order":0,"comment_status":"closed","ping_status":"closed","template":"","meta":{"_acf_changed":false,"_et_pb_use_builder":"on","_et_pb_old_content":"","_et_gb_content_width":"","footnotes":""},"class_list":["post-131028","page","type-page","status-publish","has-post-thumbnail"],"acf":[],"_links":{"self":[{"href":"https:\/\/www.secowarwick.com\/pl\/wp-json\/wp\/v2\/pages\/131028","targetHints":{"allow":["GET"]}}],"collection":[{"href":"https:\/\/www.secowarwick.com\/pl\/wp-json\/wp\/v2\/pages"}],"about":[{"href":"https:\/\/www.secowarwick.com\/pl\/wp-json\/wp\/v2\/types\/page"}],"author":[{"embeddable":true,"href":"https:\/\/www.secowarwick.com\/pl\/wp-json\/wp\/v2\/users\/2"}],"replies":[{"embeddable":true,"href":"https:\/\/www.secowarwick.com\/pl\/wp-json\/wp\/v2\/comments?post=131028"}],"version-history":[{"count":23,"href":"https:\/\/www.secowarwick.com\/pl\/wp-json\/wp\/v2\/pages\/131028\/revisions"}],"predecessor-version":[{"id":189458,"href":"https:\/\/www.secowarwick.com\/pl\/wp-json\/wp\/v2\/pages\/131028\/revisions\/189458"}],"up":[{"embeddable":true,"href":"https:\/\/www.secowarwick.com\/pl\/wp-json\/wp\/v2\/pages\/7141"}],"wp:featuredmedia":[{"embeddable":true,"href":"https:\/\/www.secowarwick.com\/pl\/wp-json\/wp\/v2\/media\/131021"}],"wp:attachment":[{"href":"https:\/\/www.secowarwick.com\/pl\/wp-json\/wp\/v2\/media?parent=131028"}],"curies":[{"name":"wp","href":"https:\/\/api.w.org\/{rel}","templated":true}]}}