{"id":131210,"date":"2022-09-23T20:37:44","date_gmt":"2022-09-23T18:37:44","guid":{"rendered":"https:\/\/www.secowarwick.com\/ospolce\/nagrody-i-wyroznienia\/business-leader\/"},"modified":"2022-09-23T20:54:32","modified_gmt":"2022-09-23T18:54:32","slug":"lider-biznesu","status":"publish","type":"page","link":"https:\/\/www.secowarwick.com\/pl\/ospolce\/nagrody-i-wyroznienia\/lider-biznesu\/","title":{"rendered":"LIDER BIZNESU"},"content":{"rendered":"<p>SECO\/WARWICK ponownie Liderem Biznesu<\/p>\n<p>Zachodnia Izba Przemys\u0142owo Handlowa (ZIPH), 12 wrze\u015bnia 2022r, po raz trzynasty przyzna\u0142a nagrody najlepszym przedsi\u0119biorcom Ziem Zachodnich.\u00a0Docenione zosta\u0142y sukcesy sp\u00f3\u0142ki na arenie mi\u0119dzynarodowej i fakt, \u017ce firma nie zwalnia biznesowego tempa.<\/p>\n<p>12 wrze\u015bnia 2022r, podczas uroczystej gali, w gorzowskiej Filharmonii, Nagrod\u0119 <a href=\"http:\/\/www.ziph.pl\/pl\/strona\/2\/lubuski-lider-biznesu.html\">\u201eLubuski Lider Biznesu\u201d<\/a> odebra\u0142a w\u00a0imieniu sp\u00f3\u0142ki\u00a0<a href=\"https:\/\/www.secowarwick.com\/pl\/informacje\/media-contact\/\">Katarzyna Sawka<\/a>\u00a0\u2013 Wiceprezes Marketingu Grupy SECO\/WARWICK.<\/p>\n<p><img decoding=\"async\" class=\"aligncenter wp-image-131200 size-full\" src=\"https:\/\/www.secowarwick.com\/wp-content\/uploads\/2022\/09\/BUSINESS-LEADER-2022-SECOWARWICK.jpg\" alt=\"LIDER BIZNESU 2022 SECO\/WARWICK\" width=\"1200\" height=\"630\" srcset=\"https:\/\/www.secowarwick.com\/wp-content\/uploads\/2022\/09\/BUSINESS-LEADER-2022-SECOWARWICK.jpg 1200w, https:\/\/www.secowarwick.com\/wp-content\/uploads\/2022\/09\/BUSINESS-LEADER-2022-SECOWARWICK-980x515.jpg 980w, https:\/\/www.secowarwick.com\/wp-content\/uploads\/2022\/09\/BUSINESS-LEADER-2022-SECOWARWICK-480x252.jpg 480w\" sizes=\"(min-width: 0px) and (max-width: 480px) 480px, (min-width: 481px) and (max-width: 980px) 980px, (min-width: 981px) 1200px, 100vw\" \/><\/p>\n<p>&nbsp;<\/p>\n<p>&nbsp;<\/p>\n","protected":false},"excerpt":{"rendered":"<p>SECO\/WARWICK ponownie Liderem Biznesu Zachodnia Izba Przemys\u0142owo Handlowa (ZIPH), 12 wrze\u015bnia 2022r, po raz trzynasty przyzna\u0142a nagrody najlepszym przedsi\u0119biorcom Ziem Zachodnich.\u00a0Docenione zosta\u0142y sukcesy sp\u00f3\u0142ki na arenie mi\u0119dzynarodowej i fakt, \u017ce firma nie zwalnia biznesowego tempa. 12 wrze\u015bnia 2022r, podczas uroczystej gali, w gorzowskiej Filharmonii, Nagrod\u0119 \u201eLubuski Lider Biznesu\u201d odebra\u0142a w\u00a0imieniu sp\u00f3\u0142ki\u00a0Katarzyna Sawka\u00a0\u2013 Wiceprezes Marketingu Grupy [&hellip;]<\/p>\n","protected":false},"author":2,"featured_media":131200,"parent":6722,"menu_order":0,"comment_status":"closed","ping_status":"closed","template":"","meta":{"_acf_changed":false,"_et_pb_use_builder":"off","_et_pb_old_content":"","_et_gb_content_width":"","footnotes":""},"class_list":["post-131210","page","type-page","status-publish","has-post-thumbnail"],"acf":[],"_links":{"self":[{"href":"https:\/\/www.secowarwick.com\/pl\/wp-json\/wp\/v2\/pages\/131210","targetHints":{"allow":["GET"]}}],"collection":[{"href":"https:\/\/www.secowarwick.com\/pl\/wp-json\/wp\/v2\/pages"}],"about":[{"href":"https:\/\/www.secowarwick.com\/pl\/wp-json\/wp\/v2\/types\/page"}],"author":[{"embeddable":true,"href":"https:\/\/www.secowarwick.com\/pl\/wp-json\/wp\/v2\/users\/2"}],"replies":[{"embeddable":true,"href":"https:\/\/www.secowarwick.com\/pl\/wp-json\/wp\/v2\/comments?post=131210"}],"version-history":[{"count":1,"href":"https:\/\/www.secowarwick.com\/pl\/wp-json\/wp\/v2\/pages\/131210\/revisions"}],"predecessor-version":[{"id":131213,"href":"https:\/\/www.secowarwick.com\/pl\/wp-json\/wp\/v2\/pages\/131210\/revisions\/131213"}],"up":[{"embeddable":true,"href":"https:\/\/www.secowarwick.com\/pl\/wp-json\/wp\/v2\/pages\/6722"}],"wp:featuredmedia":[{"embeddable":true,"href":"https:\/\/www.secowarwick.com\/pl\/wp-json\/wp\/v2\/media\/131200"}],"wp:attachment":[{"href":"https:\/\/www.secowarwick.com\/pl\/wp-json\/wp\/v2\/media?parent=131210"}],"curies":[{"name":"wp","href":"https:\/\/api.w.org\/{rel}","templated":true}]}}