{"id":131227,"date":"2022-09-23T21:00:08","date_gmt":"2022-09-23T19:00:08","guid":{"rendered":"https:\/\/www.secowarwick.com\/ospolce\/nagrody-i-wyroznienia\/innovation-leader\/"},"modified":"2023-01-23T10:42:32","modified_gmt":"2023-01-23T09:42:32","slug":"lider-innowacji","status":"publish","type":"page","link":"https:\/\/www.secowarwick.com\/pl\/ospolce\/nagrody-i-wyroznienia\/lider-innowacji\/","title":{"rendered":"LIDER INNOWACJI"},"content":{"rendered":"<p>SECO\/WARWICK Liderem Innowacji po raz pi\u0105ty<\/p>\n<p>Wydarzenie\u00a0<a href=\"http:\/\/www.ziph.pl\/pl\/strona\/2\/lubuski-lider-biznesu.html\">\u201eLubuski Lider Biznesu i Innowacji\u201d<\/a> uznawane jest za presti\u017cowy konkurs wojew\u00f3dzki, a kapitu\u0142a konkursowa nagradza przedsi\u0119biorstwa, kt\u00f3re wyr\u00f3\u017cniaj\u0105 si\u0119 z jednej strony transparentno\u015bci\u0105 i uczciwo\u015bci\u0105 biznesow\u0105, a z drugiej ich sukcesy i innowacje s\u0105 wizyt\u00f3wk\u0105 Ziem Zachodnich.<\/p>\n<p>12 wrze\u015bnia 2022r, podczas uroczystej gali Zachodniej Izby Przemys\u0142owo-Handlowej, w gorzowskiej Filharmonii, Nagrod\u0119 Lidera Biznesu odebra\u0142a w\u00a0imieniu sp\u00f3\u0142ki\u00a0<a href=\"https:\/\/www.secowarwick.com\/pl\/informacje\/media-contact\/\">Katarzyna Sawka<\/a>\u00a0\u2013 Wiceprezes Marketingu Grupy SECO\/WARWICK.<\/p>\n<p><img decoding=\"async\" class=\"aligncenter wp-image-131221 size-full\" src=\"https:\/\/www.secowarwick.com\/wp-content\/uploads\/2022\/09\/INNOVATION-LEADER-2022-SECOWARWICK.jpg\" alt=\"LIDER INNOWACJI 2022 SECO\/WARWICK\" width=\"1200\" height=\"630\" srcset=\"https:\/\/www.secowarwick.com\/wp-content\/uploads\/2022\/09\/INNOVATION-LEADER-2022-SECOWARWICK.jpg 1200w, https:\/\/www.secowarwick.com\/wp-content\/uploads\/2022\/09\/INNOVATION-LEADER-2022-SECOWARWICK-980x515.jpg 980w, https:\/\/www.secowarwick.com\/wp-content\/uploads\/2022\/09\/INNOVATION-LEADER-2022-SECOWARWICK-480x252.jpg 480w\" sizes=\"(min-width: 0px) and (max-width: 480px) 480px, (min-width: 481px) and (max-width: 980px) 980px, (min-width: 981px) 1200px, 100vw\" \/><\/p>\n<p>&nbsp;<\/p>\n","protected":false},"excerpt":{"rendered":"<p>SECO\/WARWICK Liderem Innowacji po raz pi\u0105ty Wydarzenie\u00a0\u201eLubuski Lider Biznesu i Innowacji\u201d uznawane jest za presti\u017cowy konkurs wojew\u00f3dzki, a kapitu\u0142a konkursowa nagradza przedsi\u0119biorstwa, kt\u00f3re wyr\u00f3\u017cniaj\u0105 si\u0119 z jednej strony transparentno\u015bci\u0105 i uczciwo\u015bci\u0105 biznesow\u0105, a z drugiej ich sukcesy i innowacje s\u0105 wizyt\u00f3wk\u0105 Ziem Zachodnich. 12 wrze\u015bnia 2022r, podczas uroczystej gali Zachodniej Izby Przemys\u0142owo-Handlowej, w gorzowskiej Filharmonii, [&hellip;]<\/p>\n","protected":false},"author":2,"featured_media":131221,"parent":6722,"menu_order":0,"comment_status":"closed","ping_status":"closed","template":"","meta":{"_acf_changed":false,"_et_pb_use_builder":"","_et_pb_old_content":"","_et_gb_content_width":"","footnotes":""},"class_list":["post-131227","page","type-page","status-publish","has-post-thumbnail"],"acf":[],"_links":{"self":[{"href":"https:\/\/www.secowarwick.com\/pl\/wp-json\/wp\/v2\/pages\/131227","targetHints":{"allow":["GET"]}}],"collection":[{"href":"https:\/\/www.secowarwick.com\/pl\/wp-json\/wp\/v2\/pages"}],"about":[{"href":"https:\/\/www.secowarwick.com\/pl\/wp-json\/wp\/v2\/types\/page"}],"author":[{"embeddable":true,"href":"https:\/\/www.secowarwick.com\/pl\/wp-json\/wp\/v2\/users\/2"}],"replies":[{"embeddable":true,"href":"https:\/\/www.secowarwick.com\/pl\/wp-json\/wp\/v2\/comments?post=131227"}],"version-history":[{"count":2,"href":"https:\/\/www.secowarwick.com\/pl\/wp-json\/wp\/v2\/pages\/131227\/revisions"}],"predecessor-version":[{"id":134867,"href":"https:\/\/www.secowarwick.com\/pl\/wp-json\/wp\/v2\/pages\/131227\/revisions\/134867"}],"up":[{"embeddable":true,"href":"https:\/\/www.secowarwick.com\/pl\/wp-json\/wp\/v2\/pages\/6722"}],"wp:featuredmedia":[{"embeddable":true,"href":"https:\/\/www.secowarwick.com\/pl\/wp-json\/wp\/v2\/media\/131221"}],"wp:attachment":[{"href":"https:\/\/www.secowarwick.com\/pl\/wp-json\/wp\/v2\/media?parent=131227"}],"curies":[{"name":"wp","href":"https:\/\/api.w.org\/{rel}","templated":true}]}}