{"id":132671,"date":"2022-10-29T18:25:10","date_gmt":"2022-10-29T16:25:10","guid":{"rendered":"https:\/\/www.secowarwick.com\/cookie-policy\/"},"modified":"2023-11-05T09:08:42","modified_gmt":"2023-11-05T08:08:42","slug":"polityka-cookies","status":"publish","type":"page","link":"https:\/\/www.secowarwick.com\/pl\/polityka-cookies\/","title":{"rendered":"POLITYKA COOKIES SECO\/WARWICK"},"content":{"rendered":"<p>Niniejszy dokument opisuje zasady dzia\u0142ania plik\u00f3w cookies wykorzystywanych na stronach internetowych dost\u0119pnych w domenie [secowarwick.com] prowadzonych przez SECO\/WARWICK S.A. z siedzib\u0105 w \u015awiebodzinie, ul. Sobieskiego 8, 66-200 \u015awiebodzin, wpisan\u0105 do rejestru przedsi\u0119biorc\u00f3w Krajowego Rejestru S\u0105dowego przez S\u0105d Rejonowy w Zielonej G\u00f3rze, VIII Wydzia\u0142 Gospodarczy KRS, pod nr KRS 0000271014, NIP 9270100756, kapita\u0142 zak\u0142adowy 2\u00a0059\u00a0710,80 z\u0142 op\u0142acony w ca\u0142o\u015bci.<\/p>\n<p><strong>Czym s\u0105 pliki cookies i dlaczego z nich korzystamy?<\/strong><\/p>\n<p>Pliki cookies to niewielkie pliki tekstowe zapisywane na Pa\u0144stwa urz\u0105dzeniach, takich jak komputery, smartfony lub tablety. Korzystamy z cookies oraz innych podobnych technologii mi\u0119dzy innymi w celu zapewnienia prawid\u0142owego dzia\u0142ania naszych stron internetowych, dostosowania ich do Pa\u0144stwa preferencji oraz zbierania informacji o sposobie, w jaki korzystaj\u0105 Pa\u0144stwo z naszych strony. Szczeg\u00f3\u0142owy opis cel\u00f3w, do kt\u00f3rych u\u017cywamy plik\u00f3w cookies, znajd\u0105 Pa\u0144stwo w tabeli poni\u017cej.<\/p>\n<p><strong>Jakie rodzaje plik\u00f3w cookies wykorzystujemy?<\/strong><\/p>\n<p>Ze wzgl\u0119du na cel stosowania wykorzystywane przez nas pliki cookies mo\u017cna podzieli\u0107 w nast\u0119puj\u0105cy spos\u00f3b:<\/p>\n<ul>\n<li><strong>funkcjonalne<\/strong> \u2013 s\u0105 u\u017cywane do zapewnienia prawid\u0142owego funkcjonowania naszych stron internetowych i dost\u0119pnych na nich us\u0142ug, np. do zapewnienia bezpiecze\u0144stwa, zarz\u0105dzania ruchem sieciowym lub zapami\u0119tania wyra\u017conych przez Pa\u0144stwa zg\u00f3d;<\/li>\n<li><strong>analityczne <\/strong>\u2013 s\u0105 u\u017cywane do zbierania informacji o Pa\u0144stwa aktywno\u015bci na naszych stronach internetowych dla cel\u00f3w analitycznych i statystycznych, co pozwala nam na ulepszanie naszych stron i us\u0142ug;<\/li>\n<li><strong>marketingowe<\/strong> \u2013 s\u0105 u\u017cywane do zbierania informacji o Pa\u0144stwa aktywno\u015bci na naszych stronach internetowych dla cel\u00f3w marketingowych, w szczeg\u00f3lno\u015bci dopasowywania i wy\u015bwietlania reklam internetowych;<\/li>\n<\/ul>\n<p>Ze wzgl\u0119du na czas przechowywania wykorzystywane przez nas pliki cookies mo\u017cna podzieli\u0107 na sesyjne oraz sta\u0142e. Sesyjne pliki cookies s\u0105 umieszczane na Pa\u0144stwa urz\u0105dzeniu na czas korzystania z przegl\u0105darki (trwania sesji) i s\u0105 usuwane po jej zamkni\u0119ciu lub wylogowaniu si\u0119 ze strony. Natomiast sta\u0142e pliki cookies s\u0105 umieszczane na Pa\u0144stwa urz\u0105dzeniu na okre\u015blony czas, po kt\u00f3rego up\u0142ywie s\u0105 usuwane.<\/p>\n<p>Ze wzgl\u0119du na pochodzenie wykorzystywane przez nas pliki cookies mo\u017cna podzieli\u0107 na w\u0142asne (<em>first party cookies<\/em>) \u2013 pochodz\u0105 one z naszej domeny internetowej \u2013 oraz zewn\u0119trzne (<em>third party cookies<\/em>) \u2013 pochodz\u0105ce z domen internetowych kontrolowanych przez podmioty trzecie.<\/p>\n<p><strong>Jak mog\u0119 zarz\u0105dza\u0107 plikami cookies na moim urz\u0105dzeniu?<\/strong><\/p>\n<p>Pliki cookies, kt\u00f3re s\u0105 niezb\u0119dne do zapewnienia prawid\u0142owego dzia\u0142ania naszych stron internetowych i dost\u0119pnych na nich us\u0142ug, s\u0105 zawsze aktywne. Natomiast pozosta\u0142e pliki cookies, kt\u00f3re wykorzystujemy w innych celach, s\u0105 zapisywane i odczytywane tylko wtedy, gdy wyra\u017c\u0105 Pa\u0144stwo na to zgod\u0119.<\/p>\n<p>Mog\u0105 Pa\u0144stwo wyrazi\u0107 tak\u0105 zgod\u0119 przy u\u017cyciu narz\u0119dzia wy\u015bwietlanego podczas pierwszej wizyty na naszych stronach internetowych. Udzielenie zgody jest dobrowolne i nie jest wymagane do korzystania z naszych stron internetowych, ale niekt\u00f3re ich funkcje mog\u0105 by\u0107 dost\u0119pne tylko po udzieleniu zgody. Mog\u0105 Pa\u0144stwo wycofa\u0107 udzielon\u0105 zgod\u0119 w ka\u017cdym czasie ze skutkiem na przysz\u0142o\u015b\u0107 przy u\u017cyciu powy\u017cszego narz\u0119dzia. Aby ponownie uzyska\u0107 dost\u0119p do narz\u0119dzia w celu zmiany ustawie\u0144 \u2013 udzielenia lub wycofania zgody \u2013 prosz\u0119 klikn\u0105\u0107 link \u201eUstawienia cookies\u201d w stopce i tutaj.<\/p>\n<p><strong>\u00a0<\/strong>Mog\u0105 Pa\u0144stwo r\u00f3wnie\u017c zarz\u0105dza\u0107 plikami cookies poprzez ustawienia przegl\u0105darki internetowej. W ten spos\u00f3b mog\u0105 Pa\u0144stwo usun\u0105\u0107 lub zablokowa\u0107 nawet takie pliki cookies, kt\u00f3re s\u0105 niezb\u0119dne do dzia\u0142ania naszych stron i us\u0142ug. W zwi\u0105zku z tym ograniczenie lub zablokowanie niekt\u00f3rych plik\u00f3w cookies mo\u017ce prowadzi\u0107 do ograniczenia funkcjonalno\u015bci naszych stron internetowych i dost\u0119pnych na nich us\u0142ug lub nawet uniemo\u017cliwi\u0107 ich poprawne dzia\u0142anie.<\/p>\n<p>Szczeg\u00f3\u0142owe wyja\u015bnienia dotycz\u0105ce zarz\u0105dzania cookies w najpopularniejszych przegl\u0105darkach mo\u017cna znale\u017a\u0107 na poni\u017cszych stronach:<\/p>\n<p><a href=\"https:\/\/support.google.com\/chrome\/answer\/95647\">Google Chrome<\/a><\/p>\n<p><a href=\"https:\/\/support.apple.com\/guide\/safari\/sfri11471\/mac\">Apple Safari<\/a><\/p>\n<p><a href=\"https:\/\/support.microsoft.com\/pl-pl\/windows\/program-microsoft-edge-i-przegl%C4%85danie-danych-a-prywatno%C5%9B%C4%87-bb8174ba-9d73-dcf2-9b4a-c582b4e640dd\">Microsoft Edge<\/a><\/p>\n<p><a href=\"https:\/\/support.mozilla.org\/pl\/kb\/ciasteczka\">Mozilla Firefox<\/a><\/p>\n<p><a href=\"https:\/\/help.opera.com\/pl\/latest\/web-preferences\/#cookies\">Opera<\/a><\/p>\n<p><strong>W jakich celach korzystamy z plik\u00f3w cookies?<\/strong><\/p>\n<table style=\"width: 100%;\">\n<tbody>\n<tr>\n<td width=\"81\"><strong>Funkcja<\/strong><\/td>\n<td width=\"166\"><strong>Nazwy plik\u00f3w<\/strong><\/td>\n<td width=\"89\"><strong>Kategoria<\/strong><\/td>\n<td width=\"268\"><strong>Cel<\/strong><\/td>\n<\/tr>\n<tr>\n<td width=\"81\"><strong>Ustawienia cookies<\/strong><\/td>\n<td width=\"166\">cmplz_banner-status<br \/>\ncmplz_consented_services<br \/>\ncmplz_consenttype<br \/>\ncmplz_functional<br \/>\ncmplz_marketing<br \/>\ncmplz_policy_id<br \/>\ncmplz_preferences<br \/>\ncmplz_statistics<\/td>\n<td width=\"89\">funkcjonalne<\/td>\n<td width=\"268\">Wymienione pliki cookies s\u0105 u\u017cywane do zapami\u0119tania preferencji u\u017cytkownika dotycz\u0105cych plik\u00f3w cookies wykorzystywanych na naszych stronach, w tym do zapami\u0119tania wyra\u017conych i odrzuconych zg\u00f3d. Pochodz\u0105 one z naszych serwer\u00f3w (cookies w\u0142asne).<\/p>\n<p>Okres wa\u017cno\u015bci: 1 rok (wszystkie wymienione pliki poza cmplz_consenttype, kt\u00f3rego okres wa\u017cno\u015bci wynosi 365 dni)<\/td>\n<\/tr>\n<tr>\n<td width=\"81\"><strong>Google Analytics<\/strong><\/td>\n<td width=\"166\">_ga<br \/>\n_gat_UA-6830423-2<br \/>\n_gid<\/td>\n<td width=\"89\">analityczne<\/td>\n<td width=\"268\">U\u017cywamy wymienionych plik\u00f3w cookies w celu analizowania sposobu korzystania z naszych stron internetowych przez u\u017cytkownik\u00f3w przy u\u017cyciu narz\u0119dzia Google Analytics. Poszczeg\u00f3lne pliki s\u0105 u\u017cywane m.in. do przechowywania identyfikator\u00f3w u\u017cytkownik\u00f3w i ich rozr\u00f3\u017cniania oraz do zbierania informacji i statystyk o sposobie korzystania z naszych stron i ich analizowania. Pochodz\u0105 one od podmiotu trzeciego \u2013 Google.<\/p>\n<p>Dodatkowe informacje s\u0105 dost\u0119pne na stronach Google:<\/p>\n<p><a href=\"https:\/\/policies.google.com\/technologies\/cookies\" target=\"_blank\" rel=\"noopener\">https:\/\/policies.google.com\/technologies\/cookies<\/a> oraz <a href=\"https:\/\/policies.google.com\/technologies\/partner-sites\" target=\"_blank\" rel=\"noopener\">https:\/\/policies.google.com\/technologies\/partner-sites<\/a><\/p>\n<p>Okres wa\u017cno\u015bci:<br \/>\n_ga \u2013 2 lata<br \/>\n_gat_UA-6830423-2 \u2013 1 minuta<br \/>\n_gid \u2013 1 dzie\u0144<\/td>\n<\/tr>\n<tr>\n<td width=\"81\"><strong>YouTube<\/strong><\/td>\n<td width=\"166\">visitor_info1_live<br \/>\nysc<\/td>\n<td width=\"89\">marketingowe<\/td>\n<td width=\"268\">U\u017cywamy wymienionych plik\u00f3w cookies w zwi\u0105zku z osadzaniem na naszych stronach tre\u015bci pochodz\u0105cych z serwisu YouTube \u2013 film\u00f3w dost\u0119pnych w tym serwisie. Poszczeg\u00f3lne pliki s\u0105 u\u017cywane m.in. do \u015bledzenia preferencji u\u017cytkownika w celu wy\u015bwietlania dopasowanych reklam w serwisie YouTube oraz do rejestracji unikalnego identyfikatora s\u0142u\u017c\u0105cego do prowadzenia statystyk obejrzanych przez u\u017cytkownik film\u00f3w. Pochodz\u0105 one od podmiotu trzeciego \u2013 Google.<\/p>\n<p>Dodatkowe informacje s\u0105 dost\u0119pne na stronach Google:<\/p>\n<p><a href=\"https:\/\/policies.google.com\/technologies\/cookies\" target=\"_blank\" rel=\"noopener\">https:\/\/policies.google.com\/technologies\/cookies<\/a><\/p>\n<p>Okres wa\u017cno\u015bci:<br \/>\nvisitor_info1_live \u2013 6 miesi\u0119cy<br \/>\nysc \u2013 czas trwania sesji<\/td>\n<\/tr>\n<tr>\n<td width=\"81\"><strong>Cookie reklamowe LinkedIn<\/strong><\/td>\n<td width=\"166\"><u>linkedin.com<\/u><\/p>\n<p>AnalyticsSyncHistory<br \/>\nbcookie<br \/>\nlang<br \/>\nlidc<br \/>\nUserMatchHistory<\/p>\n<p><u>ads.linkedin.com<\/u><\/p>\n<p>lang<\/td>\n<td width=\"89\">marketingowe<\/td>\n<td width=\"268\">U\u017cywamy wymienionych plik\u00f3w cookies w zwi\u0105zku z umieszczeniem kod\u00f3w reklamowych LinkedIn. Wymienione pliki cookies pochodz\u0105 od podmiotu trzeciego \u2013 LinkedIn \u2013 i s\u0105 wykorzystywane w celu wy\u015bwietlania u\u017cytkownikowi reklam i ich personalizacji oraz pomiaru konwersji dzia\u0142a\u0144 reklamowych czy remarketingu. Poszczeg\u00f3lne pliki s\u0105 u\u017cywane m.in. do synchronizacji identyfikator\u00f3w LinkedInAds, identyfikacji urz\u0105dze\u0144 w celu wykrywania nadu\u017cy\u0107 na platformie LinkedIn, wyboru centrum danych oraz zapami\u0119tania ustawie\u0144 j\u0119zyka u\u017cytkownika.<\/p>\n<p>Dodatkowe informacje s\u0105 dost\u0119pne na stronach LinkedIn:<\/p>\n<p><a href=\"https:\/\/linkedin.com\/legal\/cookie-policy\" target=\"_blank\" rel=\"noopener\">https:\/\/linkedin.com\/legal\/cookie-policy<\/a><\/p>\n<p>Okres wa\u017cno\u015bci:<\/p>\n<p><u>linkedin.com<\/u><\/p>\n<p>AnalyticsSyncHistory \u2013 30 dni<br \/>\nbcookie \u2013 2 lata<br \/>\nlang \u2013 czas trwania sesji<br \/>\nlidc \u2013 1 dzie\u0144<br \/>\nUserMatchHistory \u2013 30 dni<\/p>\n<p><u>ads.linkedin.com<\/u><\/p>\n<p>lang \u2013 czas trwania sesji<\/td>\n<\/tr>\n<tr>\n<td width=\"81\"><strong>Cookie reklamowe Facebook<\/strong><\/td>\n<td width=\"166\">_fbp<br \/>\nfr<\/td>\n<td width=\"89\">marketingowe<\/td>\n<td width=\"268\">U\u017cywamy wymienionych plik\u00f3w cookies w zwi\u0105zku z umieszczeniem kod\u00f3w reklamowych Facebooka]. Wymienione pliki cookies pochodz\u0105 od podmiotu trzeciego \u2013 Facebook \u2013 i s\u0105 wykorzystywane w celu wy\u015bwietlania u\u017cytkownikowi reklam i ich personalizacji oraz pomiaru konwersji dzia\u0142a\u0144 marketingowych czy remarketingu. Poszczeg\u00f3lne pliki s\u0105 u\u017cywane m.in. do dostarczania, pomiaru skuteczno\u015bci i zwi\u0119kszania trafno\u015bci reklam oraz do identyfikacji przegl\u0105darki do cel\u00f3w dostarczania us\u0142ug reklamowych i zwi\u0105zanych z analiz\u0105 witryny.<\/p>\n<p><strong>\u00a0<\/strong>Dodatkowe informacje s\u0105 dost\u0119pne na stronach Facebook:<\/p>\n<p><a href=\"https:\/\/www.facebook.com\/policies\/cookies\" target=\"_blank\" rel=\"noopener\">https:\/\/www.facebook.com\/policies\/cookies<\/a><\/p>\n<p><strong>\u00a0<\/strong>Okres wa\u017cno\u015bci:<\/p>\n<p>_fbp \u2013 90 dni<br \/>\nfr \u2013 90 dni<\/td>\n<\/tr>\n<tr>\n<td width=\"81\"><strong>Cookie reklamowe Google<\/strong><\/td>\n<td width=\"166\">__Secure-3PAPISID<br \/>\n__Secure-3PSID<br \/>\n_gads<br \/>\n_gcl_au<br \/>\napisid<br \/>\ndv<br \/>\ngoogle_adsense_settings<br \/>\nhsid<br \/>\nogpc<br \/>\nsapisid<br \/>\nsid<br \/>\nssid<br \/>\nuule<br \/>\n1p_jar<br \/>\nconsent<br \/>\nnid<br \/>\notz<\/td>\n<td width=\"89\">marketingowe<\/td>\n<td width=\"268\">U\u017cywamy wymienionych plik\u00f3w cookies w zwi\u0105zku z umieszczeniem kod\u00f3w reklamowych Google]. Wymienione pliki cookies pochodz\u0105 od podmiotu trzeciego \u2013 Google \u2013 i s\u0105 wykorzystywane w w zwi\u0105zku z korzystaniem przez nas z us\u0142ug Google w celu umo\u017cliwienia nam korzystania z tych us\u0142ug. Poszczeg\u00f3lne pliki s\u0105 u\u017cywane m.in. do optymalizacji kampanii reklamowych, dostarczania reklam, remarketingu, przechowywania preferencji u\u017cytkownika i informacji o nim oraz do zapobiegania oszustwom.<\/p>\n<p><strong>\u00a0<\/strong>Dodatkowe informacje s\u0105 dost\u0119pne na stronach Google:<\/p>\n<p><a href=\"https:\/\/policies.google.com\/technologies\/cookies\" target=\"_blank\" rel=\"noopener\">https:\/\/policies.google.com\/technologies\/cookies<\/a> oraz <a href=\"https:\/\/policies.google.com\/technologies\/partner-sites\" target=\"_blank\" rel=\"noopener\">https:\/\/policies.google.com\/technologies\/partner-sites<\/a><\/p>\n<p><strong>\u00a0<\/strong>Okres wa\u017cno\u015bci:<\/p>\n<p>__Secure-3PAPISID \u2013 2 lata<br \/>\n__Secure-3PSID \u2013 2 lata<br \/>\n_gads \u2013 13 miesi\u0119cy<br \/>\n_gcl_au \u2013 3 miesi\u0105ce<br \/>\napisid \u2013 2 lata<br \/>\ndv \u2013 2 lata<br \/>\ngoogle_adsense_settings \u2013 trwa\u0142e \/ bezterminowo<br \/>\nhsid \u2013 2 lata<br \/>\nogpc \u2013 1 miesi\u0105c<br \/>\nsapisid \u2013 2 lata<br \/>\nsid \u2013 2 lata<br \/>\nssid \u2013 2 lata<br \/>\nuule \u2013 2 lata<br \/>\n1p_jar \u2013 30 dni<br \/>\nconsent \u2013 9 miesi\u0119cy<br \/>\nnid \u2013 6 miesi\u0119cy<br \/>\notz \u2013 2 lata<\/td>\n<\/tr>\n<tr>\n<td width=\"81\"><strong>One Dynamics<\/strong><\/td>\n<td width=\"166\">msd365mkttr<br \/>\nmsd365mkttrs79f08280-5c63-4331-b04d-fb6f39afda51<br \/>\n319af4c0-e197-4de9-8a9b-fe98c8a2ca04<\/td>\n<td width=\"89\">marketingowe<\/td>\n<td width=\"268\">U\u017cywamy wymienionych plik\u00f3w cookies w zwi\u0105zku z zamieszczeniem formularzy kontaktowych po\u0142\u0105czonych z systemem CRM Microsoft DYNAMICS 365. Nie s\u0105 one niezb\u0119dne do wysy\u0142ania formularzy.<\/p>\n<p>Identyfikuje u\u017cytkownika ko\u0144cowego. Ustawiamy ten plik cookie, kiedy u\u017cytkownik ko\u0144cowy odwiedza stron\u0119 marketingow\u0105 lub gdy kliknie \u0142\u0105cze (z w\u0142\u0105czon\u0105 obs\u0142ug\u0105 \u015bledzenia). W pewnym momencie, kiedy formularz jest przes\u0142any przez tego u\u017cytkownika ko\u0144cowego, tworzony jest nowy potencjalny u\u017cytkownik i korzystamy z pliku cookie dost\u0119pnego w przegl\u0105darce, aby skojarzy\u0107 poprzednie wizyty z nowo wygenerowanym potencjalnym partnerem.<br \/>\nAby dowiedzie\u0107 si\u0119, ile czasu u\u017cytkownik sp\u0119dzi\u0142 na stronie<\/p>\n<p>Okres wa\u017cno\u015bci 1 rok<\/td>\n<\/tr>\n<tr>\n<td><strong>Hotjar<\/strong><\/td>\n<td>_hjAbsoluteSessionInProgress<br \/>\n_hjSessionUser_3716720<br \/>\n_hjSession_3716720<br \/>\n_hjIncludedInSessionSample_3716720<br \/>\n_hjFirstSeen<\/td>\n<td>marketingowe<\/td>\n<td>U\u017cywamy wymienionych plik\u00f3w cookies w zwi\u0105zku z umieszczeniem kod\u00f3w Hotjar. Wymienione pliki pochodz\u0105 od podmiotu trzeciego \u2013 Hotjar i pomagaj\u0105 nam zrozumie\u0107 potrzeby i do\u015bwiadczenia naszych U\u017cytkownik\u00f3w (czas sp\u0119dzony na stronie, \u015bledzenie ruchu myszk\u0105, klikania i scrollowania strony), zoptymalizowa\u0107 nasz\u0105 stron\u0119 internetow\u0105.<\/p>\n<p>Narz\u0119dzie u\u017cywa plik\u00f3w cookies oraz innych technologii do zbierania informacji o U\u017cytkowniku oraz urz\u0105dzeniach (adres IP \u2013 anonimizowany), rozmia ekranu urz\u0105dzenia, typ urz\u0105dzenia, informacje o przegl\u0105darce, kraj, preferowany j\u0119zyk, mapy klikni\u0119\u0107, nagrania z sesji. Wraz z Hotjar nie u\u017cywamy tych danych do identyfikacji u\u017cytkownik\u00f3w.<\/p>\n<p>Wi\u0119cej danych dotycz\u0105cych przetwarzania danych znajduje si\u0119 na stronie <a href=\"https:\/\/www.hotjar.com\/legal\/policies\/privacy\" target=\"_blank\" rel=\"nofollow noopener\">https:\/\/www.hotjar.com\/legal\/policies\/privacy<\/a><\/p>\n<p><strong>Okres wa\u017cno\u015bci:<\/strong><\/p>\n<p>_hjAbsoluteSessionInProgress &#8211; 30 minut przed\u0142u\u017cany w zale\u017cno\u015bci od aktywno\u015bci u\u017cytkownika<br \/>\n_hjSessionUser_3716720 &#8211; 365 dni<br \/>\n_hjSession_3716720 &#8211; 30 minut<br \/>\n_hjIncludedInSessionSample_3716720 &#8211; 2 minuty przed\u0142u\u017cany co 30 sekund<br \/>\n_hjFirstSeen &#8211; 30 minut<\/td>\n<\/tr>\n<\/tbody>\n<\/table>\n<p>&nbsp;<\/p>\n","protected":false},"excerpt":{"rendered":"<p>Niniejszy dokument opisuje zasady dzia\u0142ania plik\u00f3w cookies wykorzystywanych na stronach internetowych dost\u0119pnych w domenie [secowarwick.com] prowadzonych przez SECO\/WARWICK S.A. z siedzib\u0105 w \u015awiebodzinie, ul. Sobieskiego 8, 66-200 \u015awiebodzin, wpisan\u0105 do rejestru przedsi\u0119biorc\u00f3w Krajowego Rejestru S\u0105dowego przez S\u0105d Rejonowy w Zielonej G\u00f3rze, VIII Wydzia\u0142 Gospodarczy KRS, pod nr KRS 0000271014, NIP 9270100756, kapita\u0142 zak\u0142adowy 2\u00a0059\u00a0710,80 z\u0142 [&hellip;]<\/p>\n","protected":false},"author":2,"featured_media":0,"parent":0,"menu_order":0,"comment_status":"closed","ping_status":"closed","template":"","meta":{"_acf_changed":false,"_et_pb_use_builder":"","_et_pb_old_content":"","_et_gb_content_width":"","footnotes":""},"class_list":["post-132671","page","type-page","status-publish"],"acf":[],"_links":{"self":[{"href":"https:\/\/www.secowarwick.com\/pl\/wp-json\/wp\/v2\/pages\/132671","targetHints":{"allow":["GET"]}}],"collection":[{"href":"https:\/\/www.secowarwick.com\/pl\/wp-json\/wp\/v2\/pages"}],"about":[{"href":"https:\/\/www.secowarwick.com\/pl\/wp-json\/wp\/v2\/types\/page"}],"author":[{"embeddable":true,"href":"https:\/\/www.secowarwick.com\/pl\/wp-json\/wp\/v2\/users\/2"}],"replies":[{"embeddable":true,"href":"https:\/\/www.secowarwick.com\/pl\/wp-json\/wp\/v2\/comments?post=132671"}],"version-history":[{"count":7,"href":"https:\/\/www.secowarwick.com\/pl\/wp-json\/wp\/v2\/pages\/132671\/revisions"}],"predecessor-version":[{"id":148609,"href":"https:\/\/www.secowarwick.com\/pl\/wp-json\/wp\/v2\/pages\/132671\/revisions\/148609"}],"wp:attachment":[{"href":"https:\/\/www.secowarwick.com\/pl\/wp-json\/wp\/v2\/media?parent=132671"}],"curies":[{"name":"wp","href":"https:\/\/api.w.org\/{rel}","templated":true}]}}