{"id":132777,"date":"2022-10-12T13:18:05","date_gmt":"2022-10-12T11:18:05","guid":{"rendered":"https:\/\/www.secowarwick.com\/seco-deals\/black-friday-hunter\/"},"modified":"2023-02-28T11:25:20","modified_gmt":"2023-02-28T10:25:20","slug":"black-friday-czas-start","status":"publish","type":"page","link":"https:\/\/www.secowarwick.com\/pl\/seco-deals-old\/black-friday-czas-start\/","title":{"rendered":"Black Friday \u2013 czas START!"},"content":{"rendered":"<p>[et_pb_section fb_built=&#8221;1&#8243; _builder_version=&#8221;4.16&#8243; custom_margin=&#8221;0px|||&#8221; custom_padding=&#8221;0px|||&#8221; global_colors_info=&#8221;{}&#8221;][et_pb_row _builder_version=&#8221;4.16&#8243; background_size=&#8221;initial&#8221; background_position=&#8221;top_left&#8221; background_repeat=&#8221;repeat&#8221; global_colors_info=&#8221;{}&#8221;][et_pb_column type=&#8221;4_4&#8243; _builder_version=&#8221;4.16&#8243; custom_padding=&#8221;|||&#8221; global_colors_info=&#8221;{}&#8221; custom_padding__hover=&#8221;|||&#8221;][et_pb_image src=&#8221;https:\/\/www.secowarwick.com\/wp-content\/uploads\/2022\/10\/Vacuum-furnaces-on-black-friday-2022.jpg&#8221; alt=&#8221;Vacuum Furnace for Black Friday&#8221; title_text=&#8221;Vacuum-furnaces-on-black-friday-2022&#8243; align_tablet=&#8221;center&#8221; align_phone=&#8221;&#8221; align_last_edited=&#8221;on|desktop&#8221; _builder_version=&#8221;4.16&#8243; animation_style=&#8221;slide&#8221; animation_direction=&#8221;bottom&#8221; global_colors_info=&#8221;{}&#8221;][\/et_pb_image][et_pb_text admin_label=&#8221;Text&#8221; _builder_version=&#8221;4.19.2&#8243; custom_margin=&#8221;40px|||&#8221; custom_margin_tablet=&#8221;&#8221; custom_margin_phone=&#8221;20px|||&#8221; custom_margin_last_edited=&#8221;on|phone&#8221; animation_style=&#8221;fade&#8221; hover_enabled=&#8221;0&#8243; global_colors_info=&#8221;{}&#8221; module_class=&#8221;hunt&#8221; sticky_enabled=&#8221;0&#8243;]<\/p>\n<h1 style=\"text-align: center;\"><span style=\"font-size: 14pt; color: #000000;\">Upoluj najlepsze okazje:<\/span><br \/><strong><span style=\"font-size: 14pt; color: #000000;\">OFERTA <span style=\"color: #dc291e;\">|<\/span> PRODUKT<span style=\"color: #dc291e;\">|<\/span> CZAS<\/span><\/strong><\/h1>\n<p style=\"text-align: center;\">Tylko nasze piece pr\u00f3\u017cniowe (<a href=\"https:\/\/www.secowarwick.com\/pl\/produkty\/piece-prozniowe\/vector\/\">z hartowaniem w strumieniu gazu pod wysokim ci\u015bnieniem <\/a>lub <a href=\"https:\/\/www.secowarwick.com\/wp-content\/uploads\/2022\/07\/Vector-High-Vacuum-Vacuum-Furnace-SECOWARWICK-2.pdf\">wysok\u0105 pr\u00f3\u017cni\u0105<\/a>) sprostaj\u0105 Twoim potrzebom!<\/p>\n<p style=\"text-align: center;\"><strong><span style=\"font-size: 14pt; color: #000000;\">Dlaczego?<\/span><\/strong><\/p>\n<p style=\"text-align: center;\">Poniewa\u017c oferuj\u0105 r\u00f3\u017cne procesy takie jak: hartowanie, odpuszczanie, wy\u017carzanie, lutowanie.<\/p>\n<p style=\"text-align: center;\"><strong><span style=\"font-size: 14pt; color: #000000;\">Dla kogo?<\/span><\/strong><\/p>\n<p style=\"text-align: center;\">Dla hartowni us\u0142ugowych, przemys\u0142u lotniczego, motoryzacyjnego, metalurgii proszk\u00f3w (PM) i innych.<\/p>\n<p style=\"text-align: center;\"><a href=\"https:\/\/www.secowarwick.com\/pl\/jednokomorowe-piece-prozniowe\/\" target=\"_blank\" rel=\"noopener\">Jednokomorowy<\/a>, poziomy <a href=\"https:\/\/www.secowarwick.com\/pl\/produkty\/piece-prozniowe\/\" target=\"_blank\" rel=\"noopener\">piec pr\u00f3\u017cniowy<\/a> SECO\/WARWICK mo\u017cna dostosowa\u0107 do wielu proces\u00f3w, wi\u0119c jest to idealna platforma, aby pomie\u015bci\u0107 wiele specjalistycznych mo\u017cliwo\u015bci, wymaganych przez klienta.<\/p>\n<p style=\"text-align: center;\">Nie zwlekaj \u2013 upoluj dla siebie okazj\u0119 i zyskaj nowy piec pr\u00f3\u017cniowy ju\u017c w <strong>3 tygodnie!<\/strong><\/p>\n<p style=\"text-align: center;\"><strong><span style=\"font-size: 14pt; color: #000000;\">\u00a0 B\u0105d\u017a najlepszym my\u015bliwym!<\/span><\/strong><\/p>\n<p>&nbsp;<\/p>\n<h3 style=\"text-align: center;\"><span style=\"color: #dc291e;\"><a style=\"color: #dc291e;\" href=\"https:\/\/www.secowarwick.com\/wp-content\/uploads\/2022\/10\/Vacuum-Furnace-for-Black-Friday.pdf\" target=\"_blank\" rel=\"noopener\"><strong><span style=\"font-size: 14pt;\">&gt;&gt;UPOLUJ NAJPOPULARNIEJSZE OFERTY&lt;&lt;\u00a0<\/span><\/strong><\/a><\/span><\/h3>\n<p>[\/et_pb_text][\/et_pb_column][\/et_pb_row][et_pb_row column_structure=&#8221;1_4,1_4,1_4,1_4&#8243; _builder_version=&#8221;4.16&#8243; _module_preset=&#8221;default&#8221; global_colors_info=&#8221;{}&#8221;][et_pb_column type=&#8221;1_4&#8243; _builder_version=&#8221;4.16&#8243; _module_preset=&#8221;default&#8221; global_colors_info=&#8221;{}&#8221;][et_pb_text module_class=&#8221;black-notka&#8221; _builder_version=&#8221;4.16&#8243; global_colors_info=&#8221;{}&#8221;]<\/p>\n<p><span style=\"font-size: 13pt; color: #000000;\"><strong>Szybki &#8211; <\/strong><\/span><span style=\"font-size: 13pt; color: #000000;\">czas dostawy<\/span><\/p>\n<p>[\/et_pb_text][\/et_pb_column][et_pb_column type=&#8221;1_4&#8243; _builder_version=&#8221;4.16&#8243; _module_preset=&#8221;default&#8221; global_colors_info=&#8221;{}&#8221;][et_pb_text module_class=&#8221;black-notka&#8221; _builder_version=&#8221;4.16&#8243; global_colors_info=&#8221;{}&#8221;]<\/p>\n<p><span style=\"font-size: 13pt; color: #000000;\"><strong>Ograniczony &#8211; <\/strong>czas przestoju<\/span><\/p>\n<p>[\/et_pb_text][\/et_pb_column][et_pb_column type=&#8221;1_4&#8243; _builder_version=&#8221;4.16&#8243; _module_preset=&#8221;default&#8221; global_colors_info=&#8221;{}&#8221;][et_pb_text module_class=&#8221;black-notka&#8221; _builder_version=&#8221;4.16&#8243; global_colors_info=&#8221;{}&#8221;]<\/p>\n<p><span style=\"font-size: 13pt; color: #000000;\"><strong>Wi\u0119ksza &#8211; <\/strong><\/span><span style=\"font-size: 13pt; color: #000000;\">elastyczno\u015b\u0107<\/span><\/p>\n<p>[\/et_pb_text][\/et_pb_column][et_pb_column type=&#8221;1_4&#8243; _builder_version=&#8221;4.16&#8243; _module_preset=&#8221;default&#8221; global_colors_info=&#8221;{}&#8221;][et_pb_text module_class=&#8221;black-notka&#8221; _builder_version=&#8221;4.16&#8243; global_colors_info=&#8221;{}&#8221;]<\/p>\n<p><span style=\"font-size: 13pt; color: #000000;\"><strong>Wy\u017csza &#8211;<\/strong> wydajno\u015b\u0107<\/span><\/p>\n<p>[\/et_pb_text][\/et_pb_column][\/et_pb_row][et_pb_row _builder_version=&#8221;4.16&#8243; _module_preset=&#8221;default&#8221; global_colors_info=&#8221;{}&#8221;][et_pb_column type=&#8221;4_4&#8243; _builder_version=&#8221;4.16&#8243; _module_preset=&#8221;default&#8221; global_colors_info=&#8221;{}&#8221;][et_pb_text _builder_version=&#8221;4.16&#8243; custom_margin_tablet=&#8221;&#8221; custom_margin_phone=&#8221;10px|||&#8221; custom_margin_last_edited=&#8221;on|phone&#8221; custom_css_main_element=&#8221;z-index: 99 !important;&#8221; global_colors_info=&#8221;{}&#8221;]<\/p>\n<h4 style=\"text-align: center;\"><span style=\"color: #000000;\"><strong>BLACK FRIDAY &#8211; EUROPA<\/strong><\/span><\/h4>\n<p>[\/et_pb_text][et_pb_text _builder_version=&#8221;4.16&#8243; custom_margin_tablet=&#8221;&#8221; custom_margin_phone=&#8221;10px|||&#8221; custom_margin_last_edited=&#8221;on|phone&#8221; custom_css_main_element=&#8221;z-index: 99 !important;&#8221; global_colors_info=&#8221;{}&#8221;][\/et_pb_text][et_pb_image src=&#8221;https:\/\/www.secowarwick.com\/wp-content\/uploads\/2022\/10\/BF_22_Vector_web.jpg&#8221; alt=&#8221;Vacuum Furnace get your furnace fast&#8221; title_text=&#8221;Black Friday offer&#8221; url=&#8221;https:\/\/www.secowarwick.com\/wp-content\/uploads\/2022\/10\/Vacuum-Furnace-for-Black-Friday.pdf&#8221; url_new_window=&#8221;on&#8221; align_tablet=&#8221;center&#8221; align_phone=&#8221;&#8221; align_last_edited=&#8221;on|desktop&#8221; _builder_version=&#8221;4.16&#8243; custom_margin=&#8221;-42px|||&#8221; animation_style=&#8221;slide&#8221; animation_direction=&#8221;bottom&#8221; global_colors_info=&#8221;{}&#8221;][\/et_pb_image][et_pb_text _builder_version=&#8221;4.16&#8243; animation_style=&#8221;fade&#8221; animation_delay=&#8221;400ms&#8221; global_colors_info=&#8221;{}&#8221;]<\/p>\n<h3 style=\"text-align: center;\">Jednokomorowy piec pr\u00f3\u017cniowy przeznaczony do r\u00f3\u017cnych proces\u00f3w\u00a0<\/h3>\n<h3 style=\"text-align: center;\">i zastosowa\u0144 w zakresie obr\u00f3bki cieplnej.<\/h3>\n<h3 style=\"text-align: center;\"><a href=\"https:\/\/www.secowarwick.com\/wp-content\/uploads\/2022\/10\/Vacuum-Furnace-for-Black-Friday.pdf\" target=\"_blank\" rel=\"noopener\"><span style=\"color: #000000;\"><span style=\"color: #dc290e;\">Sprawd\u017a<\/span><\/span><\/a> dost\u0119pne oferty.<\/h3>\n<p>[\/et_pb_text][et_pb_text _builder_version=&#8221;4.16&#8243; animation_style=&#8221;fade&#8221; animation_delay=&#8221;400ms&#8221; global_colors_info=&#8221;{}&#8221;]<\/p>\n<h3 style=\"text-align: center;\">SKONSULTUJ SI\u0118 Z NASZYM ZESPO\u0141EM!<\/h3>\n<p>[\/et_pb_text][\/et_pb_column][\/et_pb_row][et_pb_row _builder_version=&#8221;4.16&#8243; _module_preset=&#8221;default&#8221; global_colors_info=&#8221;{}&#8221;][et_pb_column type=&#8221;4_4&#8243; _builder_version=&#8221;4.16&#8243; _module_preset=&#8221;default&#8221; global_colors_info=&#8221;{}&#8221;][et_pb_code _builder_version=&#8221;4.16&#8243; _module_preset=&#8221;default&#8221; saved_tabs=&#8221;all&#8221; global_colors_info=&#8221;{}&#8221;]<pee style=\"text-align: center;\"><a class=\"small-button smallred\" style=\"font-size: 20px; padding: 20px 60px;\" href=\"https:\/\/www.secowarwick.com\/pl\/zapytaj-o-oferte\/\"><span style=\"display: block; transform: skew(15deg,0deg); -webkit-transform: skew(15deg,0deg); font-size: 20px; !important\">ZAPYTAJ O OFERRT\u0118<\/span><\/a><\/pee>[\/et_pb_code][\/et_pb_column][\/et_pb_row][\/et_pb_section]<\/p>\n","protected":false},"excerpt":{"rendered":"<p>Upoluj najlepsze okazje:OFERTA | PRODUKT| CZAS Tylko nasze piece pr\u00f3\u017cniowe (z hartowaniem w strumieniu gazu pod wysokim ci\u015bnieniem lub wysok\u0105 pr\u00f3\u017cni\u0105) sprostaj\u0105 Twoim potrzebom! Dlaczego? Poniewa\u017c oferuj\u0105 r\u00f3\u017cne procesy takie jak: hartowanie, odpuszczanie, wy\u017carzanie, lutowanie. Dla kogo? Dla hartowni us\u0142ugowych, przemys\u0142u lotniczego, motoryzacyjnego, metalurgii proszk\u00f3w (PM) i innych. Jednokomorowy, poziomy piec pr\u00f3\u017cniowy SECO\/WARWICK mo\u017cna dostosowa\u0107 [&hellip;]<\/p>\n","protected":false},"author":2,"featured_media":132226,"parent":84827,"menu_order":0,"comment_status":"closed","ping_status":"closed","template":"","meta":{"_acf_changed":false,"_et_pb_use_builder":"on","_et_pb_old_content":"","_et_gb_content_width":"","footnotes":""},"class_list":["post-132777","page","type-page","status-publish","has-post-thumbnail"],"acf":[],"_links":{"self":[{"href":"https:\/\/www.secowarwick.com\/pl\/wp-json\/wp\/v2\/pages\/132777","targetHints":{"allow":["GET"]}}],"collection":[{"href":"https:\/\/www.secowarwick.com\/pl\/wp-json\/wp\/v2\/pages"}],"about":[{"href":"https:\/\/www.secowarwick.com\/pl\/wp-json\/wp\/v2\/types\/page"}],"author":[{"embeddable":true,"href":"https:\/\/www.secowarwick.com\/pl\/wp-json\/wp\/v2\/users\/2"}],"replies":[{"embeddable":true,"href":"https:\/\/www.secowarwick.com\/pl\/wp-json\/wp\/v2\/comments?post=132777"}],"version-history":[{"count":6,"href":"https:\/\/www.secowarwick.com\/pl\/wp-json\/wp\/v2\/pages\/132777\/revisions"}],"predecessor-version":[{"id":136584,"href":"https:\/\/www.secowarwick.com\/pl\/wp-json\/wp\/v2\/pages\/132777\/revisions\/136584"}],"up":[{"embeddable":true,"href":"https:\/\/www.secowarwick.com\/pl\/wp-json\/wp\/v2\/pages\/84827"}],"wp:featuredmedia":[{"embeddable":true,"href":"https:\/\/www.secowarwick.com\/pl\/wp-json\/wp\/v2\/media\/132226"}],"wp:attachment":[{"href":"https:\/\/www.secowarwick.com\/pl\/wp-json\/wp\/v2\/media?parent=132777"}],"curies":[{"name":"wp","href":"https:\/\/api.w.org\/{rel}","templated":true}]}}