{"id":138380,"date":"2023-02-27T09:08:46","date_gmt":"2023-02-27T08:08:46","guid":{"rendered":"https:\/\/www.secowarwick.com\/industries\/"},"modified":"2023-11-17T07:49:35","modified_gmt":"2023-11-17T06:49:35","slug":"przemysly-obrobka-cieplna","status":"publish","type":"page","link":"https:\/\/www.secowarwick.com\/pl\/przemysly-obrobka-cieplna\/","title":{"rendered":"Przemys\u0142y"},"content":{"rendered":"<p>[et_pb_section fb_built=&#8221;1&#8243; _builder_version=&#8221;4.16&#8243; _module_preset=&#8221;default&#8221; global_colors_info=&#8221;{}&#8221;][et_pb_row column_structure=&#8221;1_3,1_3,1_3&#8243; use_custom_gutter=&#8221;on&#8221; gutter_width=&#8221;2&#8243; _builder_version=&#8221;4.16&#8243; _module_preset=&#8221;default&#8221; width_tablet=&#8221;&#8221; width_phone=&#8221;80%&#8221; width_last_edited=&#8221;on|phone&#8221; global_colors_info=&#8221;{}&#8221;][et_pb_column type=&#8221;1_3&#8243; _builder_version=&#8221;4.16&#8243; _module_preset=&#8221;default&#8221; global_colors_info=&#8221;{}&#8221;][et_pb_blurb title=&#8221;Przemys\u0142 Motoryzacyjny&#8221; url=&#8221;https:\/\/www.secowarwick.com\/pl\/obrobka-cieplna-dla-przemyslu-motoryzacyjnego\/&#8221; image=&#8221;https:\/\/www.secowarwick.com\/wp-content\/uploads\/2023\/03\/Automotive.jpg&#8221; alt=&#8221;Automotive Industry SECO\/WARWICK&#8221; module_class=&#8221;notka-zoom&#8221; _builder_version=&#8221;4.19.2&#8243; _module_preset=&#8221;default&#8221; animation=&#8221;off&#8221; custom_css_main_element=&#8221;max-width: 400px;||margin: auto;&#8221; custom_css_blurb_content=&#8221;padding-bottom: 20px;&#8221; global_colors_info=&#8221;{}&#8221;]<\/p>\n<p><a href=\"https:\/\/www.secowarwick.com\/pl\/obrobka-cieplna-dla-przemyslu-motoryzacyjnego\/\" rel=\"noopener\">WI\u0118CEJ<\/a><\/p>\n<p>[\/et_pb_blurb][\/et_pb_column][et_pb_column type=&#8221;1_3&#8243; _builder_version=&#8221;4.16&#8243; _module_preset=&#8221;default&#8221; global_colors_info=&#8221;{}&#8221;][et_pb_blurb title=&#8221;Przemys\u0142 Lotniczy&#8221; url=&#8221;https:\/\/www.secowarwick.com\/pl\/obrobka-cieplna-dla-przemyslu-lotniczego\/&#8221; image=&#8221;https:\/\/www.secowarwick.com\/wp-content\/uploads\/2023\/03\/Aerospace.jpg&#8221; alt=&#8221;Aviation Industry SECO\/WARWICK&#8221; module_class=&#8221;notka-zoom&#8221; _builder_version=&#8221;4.19.2&#8243; _module_preset=&#8221;default&#8221; animation=&#8221;off&#8221; link_option_url=&#8221;https:\/\/www.secowarwick.com\/pl\/obrobka-cieplna-dla-przemyslu-lotniczego\/&#8221; custom_css_main_element=&#8221;max-width: 400px;||margin: auto;&#8221; custom_css_blurb_content=&#8221;padding-bottom: 20px;&#8221; global_colors_info=&#8221;{}&#8221;]<\/p>\n<p><a href=\"https:\/\/www.secowarwick.com\/pl\/obrobka-cieplna-dla-przemyslu-lotniczego\/\" rel=\"noopener\" data-wplink-edit=\"true\">WI\u0118CEJ<\/a><\/p>\n<p>[\/et_pb_blurb][\/et_pb_column][et_pb_column type=&#8221;1_3&#8243; _builder_version=&#8221;4.16&#8243; _module_preset=&#8221;default&#8221; global_colors_info=&#8221;{}&#8221;][et_pb_blurb title=&#8221;Przemys\u0142 Energetyczny&#8221; url=&#8221;https:\/\/www.secowarwick.com\/pl\/obrobka-cieplna-dla-przemyslu-energetycznego\/&#8221; image=&#8221;https:\/\/www.secowarwick.com\/wp-content\/uploads\/2023\/03\/Energy.jpg&#8221; alt=&#8221;Power Industry SECO\/WARWICK&#8221; module_class=&#8221;notka-zoom&#8221; _builder_version=&#8221;4.19.2&#8243; _module_preset=&#8221;default&#8221; animation=&#8221;off&#8221; link_option_url=&#8221;https:\/\/www.secowarwick.com\/pl\/obrobka-cieplna-dla-przemyslu-energetycznego\/&#8221; custom_css_main_element=&#8221;max-width: 400px;||margin: auto;&#8221; custom_css_blurb_content=&#8221;padding-bottom: 20px;&#8221; global_colors_info=&#8221;{}&#8221;]<\/p>\n<p><a href=\"https:\/\/www.secowarwick.com\/pl\/obrobka-cieplna-dla-przemyslu-energetycznego\/\" rel=\"noopener\" data-wplink-edit=\"true\">WI\u0118CEJ<\/a><\/p>\n<p>[\/et_pb_blurb][\/et_pb_column][\/et_pb_row][et_pb_row column_structure=&#8221;1_2,1_2&#8243; use_custom_gutter=&#8221;on&#8221; gutter_width=&#8221;2&#8243; _builder_version=&#8221;4.16&#8243; _module_preset=&#8221;default&#8221; width_tablet=&#8221;&#8221; width_phone=&#8221;80%&#8221; width_last_edited=&#8221;on|phone&#8221; max_width=&#8221;850px&#8221; global_colors_info=&#8221;{}&#8221;][et_pb_column type=&#8221;1_2&#8243; _builder_version=&#8221;4.16&#8243; _module_preset=&#8221;default&#8221; global_colors_info=&#8221;{}&#8221;][et_pb_blurb title=&#8221;Komercyjna Obr\u00f3bka Cieplna&#8221; url=&#8221;https:\/\/www.secowarwick.com\/pl\/obrobka-cieplna-dla-hartowni-uslugowych\/&#8221; image=&#8221;https:\/\/www.secowarwick.com\/wp-content\/uploads\/2023\/03\/Commercial-Heat-Treatment.jpg&#8221; alt=&#8221;Commercial Heat treatment SECO\/WARWICK&#8221; module_class=&#8221;notka-zoom&#8221; _builder_version=&#8221;4.19.2&#8243; _module_preset=&#8221;default&#8221; animation=&#8221;off&#8221; link_option_url=&#8221;https:\/\/www.secowarwick.com\/pl\/obrobka-cieplna-dla-hartowni-uslugowych\/&#8221; custom_css_main_element=&#8221;max-width: 400px;||margin: auto;&#8221; custom_css_blurb_content=&#8221;padding-bottom: 20px;&#8221; global_colors_info=&#8221;{}&#8221;]<\/p>\n<p><a href=\"https:\/\/www.secowarwick.com\/pl\/obrobka-cieplna-dla-hartowni-uslugowych\/\" rel=\"noopener\" data-wplink-edit=\"true\">WI\u0118CEJ<\/a><\/p>\n<p>[\/et_pb_blurb][\/et_pb_column][et_pb_column type=&#8221;1_2&#8243; _builder_version=&#8221;4.16&#8243; _module_preset=&#8221;default&#8221; global_colors_info=&#8221;{}&#8221;][et_pb_blurb title=&#8221;Pozosta\u0142e ga\u0142\u0119zie przemys\u0142u&#8221; url=&#8221;https:\/\/www.secowarwick.com\/pl\/obrobka-cieplna-dla-pozostalych-przemyslow\/&#8221; image=&#8221;https:\/\/www.secowarwick.com\/wp-content\/uploads\/2023\/03\/Medical_tools-and-dies_other.jpg&#8221; alt=&#8221;Other&#8221; module_class=&#8221;notka-zoom&#8221; _builder_version=&#8221;4.19.2&#8243; _module_preset=&#8221;default&#8221; animation=&#8221;off&#8221; link_option_url=&#8221;https:\/\/www.secowarwick.com\/pl\/obrobka-cieplna-dla-pozostalych-przemyslow\/&#8221; custom_css_main_element=&#8221;max-width: 400px;||margin: auto;&#8221; custom_css_blurb_content=&#8221;padding-bottom: 20px;&#8221; global_colors_info=&#8221;{}&#8221;]<\/p>\n<p><a href=\"https:\/\/www.secowarwick.com\/pl\/obrobka-cieplna-dla-pozostalych-przemyslow\/\" rel=\"noopener\" data-wplink-edit=\"true\">WI\u0118CEJ<\/a><\/p>\n<p>[\/et_pb_blurb][\/et_pb_column][\/et_pb_row][\/et_pb_section]<\/p>\n","protected":false},"excerpt":{"rendered":"<p>WI\u0118CEJWI\u0118CEJWI\u0118CEJWI\u0118CEJWI\u0118CEJ<\/p>\n","protected":false},"author":2,"featured_media":0,"parent":0,"menu_order":0,"comment_status":"closed","ping_status":"closed","template":"","meta":{"_acf_changed":false,"_et_pb_use_builder":"on","_et_pb_old_content":"<p>[et_pb_section bb_built=\"1\"][et_pb_row][et_pb_column type=\"4_4\"][et_pb_cta _builder_version=\"3.6\" \/][\/et_pb_column][\/et_pb_row][\/et_pb_section]<\/p>","_et_gb_content_width":"","footnotes":""},"class_list":["post-138380","page","type-page","status-publish"],"acf":[],"_links":{"self":[{"href":"https:\/\/www.secowarwick.com\/pl\/wp-json\/wp\/v2\/pages\/138380","targetHints":{"allow":["GET"]}}],"collection":[{"href":"https:\/\/www.secowarwick.com\/pl\/wp-json\/wp\/v2\/pages"}],"about":[{"href":"https:\/\/www.secowarwick.com\/pl\/wp-json\/wp\/v2\/types\/page"}],"author":[{"embeddable":true,"href":"https:\/\/www.secowarwick.com\/pl\/wp-json\/wp\/v2\/users\/2"}],"replies":[{"embeddable":true,"href":"https:\/\/www.secowarwick.com\/pl\/wp-json\/wp\/v2\/comments?post=138380"}],"version-history":[{"count":9,"href":"https:\/\/www.secowarwick.com\/pl\/wp-json\/wp\/v2\/pages\/138380\/revisions"}],"predecessor-version":[{"id":149177,"href":"https:\/\/www.secowarwick.com\/pl\/wp-json\/wp\/v2\/pages\/138380\/revisions\/149177"}],"wp:attachment":[{"href":"https:\/\/www.secowarwick.com\/pl\/wp-json\/wp\/v2\/media?parent=138380"}],"curies":[{"name":"wp","href":"https:\/\/api.w.org\/{rel}","templated":true}]}}