{"id":138435,"date":"2023-03-29T11:05:06","date_gmt":"2023-03-29T09:05:06","guid":{"rendered":"https:\/\/www.secowarwick.com\/?page_id=138435"},"modified":"2026-03-05T13:38:24","modified_gmt":"2026-03-05T12:38:24","slug":"senergy","status":"publish","type":"page","link":"https:\/\/www.secowarwick.com\/pl\/senergy\/","title":{"rendered":"SENERGY"},"content":{"rendered":"<p>[et_pb_section fb_built=&#8221;1&#8243; admin_label=&#8221;section&#8221; _builder_version=&#8221;4.16&#8243; custom_padding=&#8221;0px|||&#8221; transparent_background=&#8221;off&#8221; make_fullwidth=&#8221;off&#8221; use_custom_width=&#8221;off&#8221; width_unit=&#8221;on&#8221; global_colors_info=&#8221;{}&#8221;][et_pb_row column_structure=&#8221;3_4,1_4&#8243; _builder_version=&#8221;4.23.1&#8243; _module_preset=&#8221;default&#8221; global_colors_info=&#8221;{}&#8221;][et_pb_column type=&#8221;3_4&#8243; _builder_version=&#8221;4.16&#8243; _module_preset=&#8221;default&#8221; global_colors_info=&#8221;{}&#8221;][et_pb_code _builder_version=&#8221;4.23.1&#8243; _module_preset=&#8221;default&#8221; global_colors_info=&#8221;{}&#8221;]<\/p>\n<div class=\"et_pb_module et_pb_breadcrumbs   et_pb_breadcrumbs_0\"><!-- [et_pb_line_break_holder] -->\t\t\t\t<pee id=\"breadcrumbs\"><span><span><a href=\"https:\/\/www.secowarwick.com\/pl\/\">HOME<\/a><\/span> \/ <span><a href=\"https:\/\/www.secowarwick.com\/pl\/service\/automatyka\/\">AUTOMATYKA<\/a><\/span> \/ <span class=\"breadcrumb_last\" aria-current=\"page\">SYNERGY<\/span><\/span><\/pee><!-- [et_pb_line_break_holder] -->\t\t\t<\/div>\n<p>[\/et_pb_code][et_pb_text module_class=&#8221;red-square-list-parent podtytulu&#8221; _builder_version=&#8221;4.23.1&#8243; background_size=&#8221;initial&#8221; background_position=&#8221;top_left&#8221; background_repeat=&#8221;repeat&#8221; hover_enabled=&#8221;0&#8243; use_border_color=&#8221;off&#8221; global_colors_info=&#8221;{}&#8221; sticky_enabled=&#8221;0&#8243;]<\/p>\n<h1>Analizuj procesy pod k\u0105tem zu\u017cycia<\/h1>\n<h2><img decoding=\"async\" class=\"alignleft wp-image-158518\" src=\"https:\/\/www.secowarwick.com\/wp-content\/uploads\/2024\/05\/synergy.svg\" alt=\"SYNERGY\" width=\"80\" data-mce-fragment=\"1\" \/>\u200bSenergy to modu\u0142 analizy konsumpcji medi\u00f3w dla wybranego procesu, w odniesieniu do \u015bredniej czy mediany zu\u017cycia innych proces\u00f3w z t\u0105 sam\u0105 lub inn\u0105 receptur\u0105<\/h2>\n<p>&nbsp;<\/p>\n<p>Senergy umo\u017cliwia podgl\u0105d wykonanych proces\u00f3w historycznych. Jest opracowany tak, by dzia\u0142a\u0142 na pojedynczych urz\u0105dzeniach, jak r\u00f3wnie\u017c na ca\u0142ych liniach produkcyjnych czy fabrykach. W tabeli proces\u00f3w mo\u017cna zobaczy\u0107, opr\u00f3cz pomiaru ca\u0142kowitej ilo\u015bci energii oraz gaz\u00f3w procesowych, r\u00f3wnie\u017c dla poszczeg\u00f3lnych segment\u00f3w receptury oraz etap\u00f3w tych segment\u00f3w, np. nagrzewania i wytrzymania.<\/p>\n<p>Mo\u017cliwe jest zaobserwowanie zmian w zu\u017cyciu tych medi\u00f3w oraz \u015bledzenie wszelkich anomalii. Dzi\u0119ki wprowadzeniu rewizji receptur oraz wska\u017anik\u00f3w odchyle\u0144 mo\u017cna por\u00f3wna\u0107 wybrany proces z innymi (r\u00f3\u017cnica pomi\u0119dzy zu\u017cyciem energii podczas procesu, a \u015brednim zu\u017cyciem; r\u00f3\u017cnica pomi\u0119dzy czasem trwania procesu, a \u015brednim czasem). W ten spos\u00f3b u\u017cytkownik weryfikuje w szczeg\u00f3\u0142ach wp\u0142yw zmian w recepturze i w kolejnych jej rewizjach na zu\u017cycie energii elektrycznej oraz gaz\u00f3w, a tym samym mo\u017ce oszcz\u0119dzi\u0107 ich zu\u017cycie. Dodatkowo, je\u015bli podczas procesu wyst\u0105pi\u0142 alarm, mo\u017cna sprawdzi\u0107 jego opis oraz liczb\u0119 wyst\u0105pie\u0144.<\/p>\n<p>[\/et_pb_text][\/et_pb_column][et_pb_column type=&#8221;1_4&#8243; _builder_version=&#8221;4.23.1&#8243; _module_preset=&#8221;default&#8221; custom_padding=&#8221;75px||||false|false&#8221; custom_padding_tablet=&#8221;0px||||false|false&#8221; custom_padding_phone=&#8221;0px||||false|false&#8221; custom_padding_last_edited=&#8221;on|tablet&#8221; global_colors_info=&#8221;{}&#8221;][et_pb_text admin_label=&#8221;btn_pl_premiumlibrary&#8221; module_class=&#8221;premium-library-button&#8221; _builder_version=&#8221;4.23.1&#8243; _module_preset=&#8221;default&#8221; text_orientation=&#8221;center&#8221; global_module=&#8221;157169&#8243; saved_tabs=&#8221;all&#8221; locked=&#8221;off&#8221; global_colors_info=&#8221;{}&#8221;]<\/p>\n<a href='https:\/\/www.secowarwick.com\/pl\/trescipremium\/' class='small-button smallred'><span>TRE\u015aCI PREMIUM<\/span><\/a>\n<p>[\/et_pb_text][et_pb_text admin_label=&#8221;R&#038;D PL&#8221; module_class=&#8221;product_widget_wrap_rd&#8221; _builder_version=&#8221;4.23.1&#8243; _module_preset=&#8221;default&#8221; text_orientation=&#8221;center&#8221; global_module=&#8221;165497&#8243; saved_tabs=&#8221;all&#8221; locked=&#8221;off&#8221; global_colors_info=&#8221;{}&#8221;]<\/p>\n<p><a href=\"https:\/\/www.secowarwick.com\/pl\/rd\/\"><span class=\"product_wigtet_name\">R&amp;D<\/span><\/a><\/p>\n<p>[\/et_pb_text][et_pb_text admin_label=&#8221;PRODUKTY pl&#8221; module_class=&#8221;product_widget_wrap_products&#8221; _builder_version=&#8221;4.23.1&#8243; _module_preset=&#8221;default&#8221; global_module=&#8221;178154&#8243; saved_tabs=&#8221;all&#8221; locked=&#8221;off&#8221; global_colors_info=&#8221;{}&#8221;]<\/p>\n<p><a href=\"https:\/\/www.secowarwick.com\/pl\/produkty\/\" target=\"_blank\" rel=\"noopener\"><span class=\"product_wigtet_name\">PRODUKTY<\/span><\/a><\/p>\n<p>[\/et_pb_text][et_pb_text admin_label=&#8221;SERVICE PL&#8221; module_class=&#8221;product_widget_wrap_service&#8221; _builder_version=&#8221;4.23.1&#8243; _module_preset=&#8221;default&#8221; global_module=&#8221;165500&#8243; saved_tabs=&#8221;all&#8221; locked=&#8221;off&#8221; global_colors_info=&#8221;{}&#8221;]<\/p>\n<p><a href=\"https:\/\/www.secowarwick.com\/pl\/profesjonalne-uslugi-serwisowe\/\"><span class=\"product_wigtet_name\">SERWIS<\/span><\/a><\/p>\n<p>[\/et_pb_text][et_pb_text admin_label=&#8221;SUPLEMENTALS PL&#8221; module_class=&#8221;product_widget_wrap_supleme&#8221; _builder_version=&#8221;4.23.1&#8243; _module_preset=&#8221;default&#8221; global_module=&#8221;165502&#8243; saved_tabs=&#8221;all&#8221; locked=&#8221;off&#8221; global_colors_info=&#8221;{}&#8221;]<\/p>\n<p><span class=\"product_wigtet_name\">DODATKOWE:<\/span><\/p>\n<p>[\/et_pb_text][et_pb_text admin_label=&#8221;dnabook-pl&#8221; module_class=&#8221;suplementals_product_dna suplementals_wrap&#8221; _builder_version=&#8221;4.23.1&#8243; _module_preset=&#8221;default&#8221; global_module=&#8221;165509&#8243; saved_tabs=&#8221;all&#8221; locked=&#8221;off&#8221; global_colors_info=&#8221;{}&#8221;]<\/p>\n<p><a href=\"https:\/\/www.secowarwick.com\/wp-content\/uploads\/2025\/07\/DNA_BOOK.pdf\" target=\"_blank\" rel=\"noopener\">DNA\/BOOK<\/a><\/p>\n<p>[\/et_pb_text][et_pb_text admin_label=&#8221;ECO\/BOOK-pl&#8221; module_class=&#8221;suplementals_product_eco suplementals_wrap&#8221; _builder_version=&#8221;4.23.1&#8243; _module_preset=&#8221;default&#8221; global_module=&#8221;165511&#8243; saved_tabs=&#8221;all&#8221; locked=&#8221;off&#8221; global_colors_info=&#8221;{}&#8221;]<\/p>\n<p><a href=\"https:\/\/www.secowarwick.com\/wp-content\/uploads\/2023\/06\/ECOBOOK-2-1.pdf\" target=\"_blank\" rel=\"noopener\">ECO\/BOOK<\/a><\/p>\n<p>[\/et_pb_text][\/et_pb_column][\/et_pb_row][\/et_pb_section][et_pb_section fb_built=&#8221;1&#8243; admin_label=&#8221;section&#8221; _builder_version=&#8221;4.19.2&#8243; background_color=&#8221;#f8f8f8&#8243; custom_margin=&#8221;-20px||||false|false&#8221; transparent_background=&#8221;off&#8221; make_fullwidth=&#8221;off&#8221; use_custom_width=&#8221;off&#8221; width_unit=&#8221;on&#8221; global_colors_info=&#8221;{}&#8221;][et_pb_row column_structure=&#8221;1_2,1_2&#8243; admin_label=&#8221;row&#8221; _builder_version=&#8221;4.16&#8243; background_size=&#8221;initial&#8221; background_position=&#8221;top_left&#8221; background_repeat=&#8221;repeat&#8221; global_colors_info=&#8221;{}&#8221;][et_pb_column type=&#8221;1_2&#8243; _builder_version=&#8221;4.16&#8243; custom_padding=&#8221;|||&#8221; global_colors_info=&#8221;{}&#8221; custom_padding__hover=&#8221;|||&#8221;][et_pb_text _builder_version=&#8221;4.19.2&#8243; _module_preset=&#8221;default&#8221; text_font_size=&#8221;16px&#8221; hover_enabled=&#8221;0&#8243; global_colors_info=&#8221;{}&#8221; sticky_enabled=&#8221;0&#8243;]<\/p>\n<p>&nbsp;<\/p>\n<p>&nbsp;<\/p>\n<p>[\/et_pb_text][et_pb_text admin_label=&#8221;apostrof&#8221; module_class=&#8221;przecinek-tlo-nizej&#8221; _builder_version=&#8221;4.19.2&#8243; custom_margin=&#8221;50px|||&#8221; custom_margin_tablet=&#8221;&#8221; custom_margin_phone=&#8221;&#8221; custom_margin_last_edited=&#8221;on|desktop&#8221; saved_tabs=&#8221;all&#8221; global_colors_info=&#8221;{}&#8221;]<\/p>\n<p>G\u0142\u00f3wne funkcje modu\u0142u to:<\/p>\n<p>[\/et_pb_text][et_pb_text _builder_version=&#8221;4.23.1&#8243; _module_preset=&#8221;default&#8221; text_font_size=&#8221;16px&#8221; hover_enabled=&#8221;0&#8243; global_colors_info=&#8221;{}&#8221; sticky_enabled=&#8221;0&#8243;]<\/p>\n<p><span style=\"color: #db1414;\"><strong>\/ <\/strong><\/span>pomiar i analiza zu\u017cycia medi\u00f3w procesowych na danym urz\u0105dzeniu,<br \/><span style=\"color: #db1414;\"><strong>\/ <\/strong><\/span>por\u00f3wnanie zu\u017cycia medi\u00f3w na tym samym lub bli\u017aniaczych urz\u0105dzeniach,<br \/><span style=\"color: #db1414;\"><strong>\/ <\/strong><\/span>\u015bledzenie wp\u0142ywu zmian receptur na\u00a0energoch\u0142onno\u015b\u0107 proces\u00f3w, a\u00a0tak\u017ce obserwowanie anomalii,<br \/><span style=\"color: #db1414;\"><strong>\/ <\/strong><\/span>jednoczesna analiza procesu pod\u00a0k\u0105tem technologicznym, energetycznym i\u00a0ekonomicznym.<\/p>\n<p>[\/et_pb_text][\/et_pb_column][et_pb_column type=&#8221;1_2&#8243; _builder_version=&#8221;4.16&#8243; custom_padding=&#8221;|||&#8221; global_colors_info=&#8221;{}&#8221; custom_padding__hover=&#8221;|||&#8221;][et_pb_image alt=&#8221;Ekonomia i ekologia id\u0105 w parze z Seconomy od Seco\/Warwick&#8221; title_text=&#8221;seco_preventive 2&#8243; align_tablet=&#8221;center&#8221; align_phone=&#8221;&#8221; align_last_edited=&#8221;on|desktop&#8221; _builder_version=&#8221;4.16&#8243; global_colors_info=&#8221;{}&#8221;][\/et_pb_image][et_pb_image src=&#8221;https:\/\/www.secowarwick.com\/wp-content\/uploads\/2023\/03\/Senergy-process-report.jpg&#8221; alt=&#8221;Senergy process report&#8221; title_text=&#8221;Senergy process report&#8221; align_tablet=&#8221;center&#8221; align_phone=&#8221;&#8221; align_last_edited=&#8221;on|desktop&#8221; _builder_version=&#8221;4.19.2&#8243; global_colors_info=&#8221;{}&#8221;][\/et_pb_image][\/et_pb_column][\/et_pb_row][et_pb_row column_structure=&#8221;1_2,1_2&#8243; admin_label=&#8221;row&#8221; _builder_version=&#8221;4.19.2&#8243; background_size=&#8221;initial&#8221; background_position=&#8221;top_left&#8221; background_repeat=&#8221;repeat&#8221; custom_margin=&#8221;-20px||||false|false&#8221; global_colors_info=&#8221;{}&#8221;][et_pb_column type=&#8221;1_2&#8243; _builder_version=&#8221;4.16&#8243; custom_padding=&#8221;|||&#8221; global_colors_info=&#8221;{}&#8221; custom_padding__hover=&#8221;|||&#8221;][et_pb_text _builder_version=&#8221;4.19.2&#8243; _module_preset=&#8221;default&#8221; text_font_size=&#8221;16px&#8221; hover_enabled=&#8221;0&#8243; global_colors_info=&#8221;{}&#8221; sticky_enabled=&#8221;0&#8243;]<\/p>\n<p>&nbsp;<\/p>\n<p>&nbsp;<\/p>\n<p>[\/et_pb_text][et_pb_image src=&#8221;https:\/\/www.secowarwick.com\/wp-content\/uploads\/2023\/03\/Senergy-chart.jpg&#8221; alt=&#8221;Senergy chart&#8221; title_text=&#8221;Senergy chart&#8221; align_tablet=&#8221;center&#8221; align_phone=&#8221;&#8221; align_last_edited=&#8221;on|desktop&#8221; _builder_version=&#8221;4.19.2&#8243; global_colors_info=&#8221;{}&#8221;][\/et_pb_image][\/et_pb_column][et_pb_column type=&#8221;1_2&#8243; _builder_version=&#8221;4.16&#8243; custom_padding=&#8221;|||&#8221; global_colors_info=&#8221;{}&#8221; custom_padding__hover=&#8221;|||&#8221;][et_pb_text admin_label=&#8221;apostrof&#8221; module_class=&#8221;przecinek-tlo-nizej&#8221; _builder_version=&#8221;4.19.2&#8243; custom_margin=&#8221;||||false|false&#8221; custom_margin_tablet=&#8221;&#8221; custom_margin_phone=&#8221;&#8221; custom_margin_last_edited=&#8221;on|desktop&#8221; saved_tabs=&#8221;all&#8221; global_colors_info=&#8221;{}&#8221;]<\/p>\n<p>Modu\u0142 prezentuje rapor\u200bt<\/p>\n<p>[\/et_pb_text][et_pb_text _builder_version=&#8221;4.23.1&#8243; _module_preset=&#8221;default&#8221; text_font_size=&#8221;16px&#8221; hover_enabled=&#8221;0&#8243; global_colors_info=&#8221;{}&#8221; sticky_enabled=&#8221;0&#8243;]<\/p>\n<p>kt\u00f3ry\u00a0umo\u017cliwia przeanalizowanie dok\u0142adnych danych na\u00a0temat wybranego procesu takie jak:<\/p>\n<p><span style=\"color: #db1414;\"><strong>\/<\/strong><\/span> koszt zu\u017cycia medi\u00f3w,<br \/><span style=\"color: #db1414;\"><strong>\/ <\/strong><\/span>zu\u017cycie medi\u00f3w w poszczeg\u00f3lnych segmentach,<br \/><span style=\"color: #db1414;\"><strong>\/ <\/strong><\/span>dane statystyczne.<\/p>\n<p>Domy\u015blnie pokazany jest wykres mocy czynnej [kW], ale\u00a0mo\u017cna zmieni\u0107 pisaki i\u00a0zobaczy\u0107 r\u00f3wnie\u017c wykresy:<\/p>\n<p><span style=\"color: #db1414;\"><strong>\/ <\/strong><\/span>napi\u0119cia fazowego oraz\u00a0mi\u0119dzyfazowego;<br \/><span style=\"color: #db1414;\"><strong>\/ <\/strong><\/span>pr\u0105du;<br \/><span style=\"color: #db1414;\"><strong>\/ <\/strong><\/span>wsp\u00f3\u0142czynnika mocy;<br \/><span style=\"color: #db1414;\"><strong>\/ <\/strong><\/span>mocy pozornej;<br \/><span style=\"color: #db1414;\"><strong>\/ <\/strong><\/span>mocy biernej;<br \/><span style=\"color: #db1414;\"><strong>\/ <\/strong><\/span>energii biernej;<br \/><span style=\"color: #db1414;\"><strong>\/ <\/strong><\/span>\u00a0energii czynnej,<br \/><span style=\"color: #db1414;\"><strong>\/ <\/strong><\/span>\u00a0zu\u017cycia poszczeg\u00f3lnych gaz\u00f3w technologicznych.<\/p>\n<p>[\/et_pb_text][\/et_pb_column][\/et_pb_row][\/et_pb_section][et_pb_section fb_built=&#8221;1&#8243; _builder_version=&#8221;4.23.1&#8243; _module_preset=&#8221;default&#8221; global_colors_info=&#8221;{}&#8221;][et_pb_row column_structure=&#8221;3_4,1_4&#8243; use_custom_gutter=&#8221;on&#8221; gutter_width=&#8221;2&#8243; module_class=&#8221;automatycy-wiersz-korzysci&#8221; _builder_version=&#8221;4.23.1&#8243; _module_preset=&#8221;default&#8221; locked=&#8221;off&#8221; global_colors_info=&#8221;{}&#8221;][et_pb_column type=&#8221;3_4&#8243; _builder_version=&#8221;4.23.1&#8243; _module_preset=&#8221;default&#8221; global_colors_info=&#8221;{}&#8221;][et_pb_text module_class=&#8221;przecinek-tlo-nizej&#8221; _builder_version=&#8221;4.23.1&#8243; text_text_color=&#8221;#000000&#8243; background_size=&#8221;initial&#8221; background_position=&#8221;top_left&#8221; background_repeat=&#8221;repeat&#8221; hover_enabled=&#8221;0&#8243; use_border_color=&#8221;off&#8221; global_colors_info=&#8221;{}&#8221; sticky_enabled=&#8221;0&#8243;]<\/p>\n<p>SENERGY &#8211; KORZY\u015aCI<\/p>\n<p>[\/et_pb_text][et_pb_text module_class=&#8221;opis-korzysci&#8221; _builder_version=&#8221;4.23.1&#8243; _module_preset=&#8221;default&#8221; custom_margin=&#8221;20px||||false|false&#8221; hover_enabled=&#8221;0&#8243; global_colors_info=&#8221;{}&#8221; sticky_enabled=&#8221;0&#8243;]<\/p>\n<p><strong><span style=\"color: #dc291e;\">\/\u00a0<\/span><\/strong><strong>Optymalizacja zu\u017cycia medi\u00f3w<\/strong> i&nbsp;obni\u017cenie koszt\u00f3w operacyjnych.<br \/><strong><span style=\"color: #dc291e;\">\/\u00a0<\/span><\/strong>Dzi\u0119ki SENERGY u\u017cytkownicy mog\u0105 zidentyfikowa\u0107 obszary do&nbsp;poprawy efektywno\u015bci energetycznej, co&nbsp;pozwala na&nbsp;bardziej \u015bwiadome zarz\u0105dzanie zasobami.<br \/><strong><span style=\"color: #dc291e;\">\/\u00a0<\/span><\/strong>SENERGY wspomaga <strong>redukcj\u0119 \u015bladu w\u0119glowego <\/strong>poprzez optymalizacj\u0119 zu\u017cycia energii i&nbsp;medi\u00f3w.<br \/><strong><span style=\"color: #dc291e;\">\/\u00a0<\/span><\/strong>Analiza i&nbsp;optymalizacja receptury: czyli zmniejszenie koszt\u00f3w, a&nbsp;zwi\u0119kszenie wydajno\u015bci proces\u00f3w.<br \/><strong><span style=\"color: #dc291e;\">\/\u00a0<\/span>U\u0142atwia planowanie zapotrzebowania na&nbsp;media.<\/strong><\/p>\n<p>[\/et_pb_text][\/et_pb_column][et_pb_column type=&#8221;1_4&#8243; _builder_version=&#8221;4.23.1&#8243; _module_preset=&#8221;default&#8221; global_colors_info=&#8221;{}&#8221;][et_pb_image src=&#8221;https:\/\/www.secowarwick.com\/wp-content\/uploads\/2024\/05\/korzysci.png&#8221; alt=&#8221;korzy\u015bci&#8221; align=&#8221;center&#8221; module_class=&#8221;obraz-korzysci&#8221; _builder_version=&#8221;4.23.1&#8243; _module_preset=&#8221;default&#8221; global_colors_info=&#8221;{}&#8221;][\/et_pb_image][\/et_pb_column][\/et_pb_row][\/et_pb_section]<\/p>\n","protected":false},"excerpt":{"rendered":"<p>Analizuj procesy pod k\u0105tem zu\u017cycia \u200bSenergy to modu\u0142 analizy konsumpcji medi\u00f3w dla wybranego procesu, w odniesieniu do \u015bredniej czy mediany zu\u017cycia innych proces\u00f3w z t\u0105 sam\u0105 lub inn\u0105 receptur\u0105 &nbsp; Senergy umo\u017cliwia podgl\u0105d wykonanych proces\u00f3w historycznych. Jest opracowany tak, by dzia\u0142a\u0142 na pojedynczych urz\u0105dzeniach, jak r\u00f3wnie\u017c na ca\u0142ych liniach produkcyjnych czy fabrykach. W tabeli proces\u00f3w [&hellip;]<\/p>\n","protected":false},"author":2,"featured_media":124802,"parent":0,"menu_order":0,"comment_status":"closed","ping_status":"closed","template":"","meta":{"_acf_changed":false,"_et_pb_use_builder":"on","_et_pb_old_content":"","_et_gb_content_width":"","footnotes":""},"class_list":["post-138435","page","type-page","status-publish","has-post-thumbnail"],"acf":[],"_links":{"self":[{"href":"https:\/\/www.secowarwick.com\/pl\/wp-json\/wp\/v2\/pages\/138435","targetHints":{"allow":["GET"]}}],"collection":[{"href":"https:\/\/www.secowarwick.com\/pl\/wp-json\/wp\/v2\/pages"}],"about":[{"href":"https:\/\/www.secowarwick.com\/pl\/wp-json\/wp\/v2\/types\/page"}],"author":[{"embeddable":true,"href":"https:\/\/www.secowarwick.com\/pl\/wp-json\/wp\/v2\/users\/2"}],"replies":[{"embeddable":true,"href":"https:\/\/www.secowarwick.com\/pl\/wp-json\/wp\/v2\/comments?post=138435"}],"version-history":[{"count":20,"href":"https:\/\/www.secowarwick.com\/pl\/wp-json\/wp\/v2\/pages\/138435\/revisions"}],"predecessor-version":[{"id":190262,"href":"https:\/\/www.secowarwick.com\/pl\/wp-json\/wp\/v2\/pages\/138435\/revisions\/190262"}],"wp:featuredmedia":[{"embeddable":true,"href":"https:\/\/www.secowarwick.com\/pl\/wp-json\/wp\/v2\/media\/124802"}],"wp:attachment":[{"href":"https:\/\/www.secowarwick.com\/pl\/wp-json\/wp\/v2\/media?parent=138435"}],"curies":[{"name":"wp","href":"https:\/\/api.w.org\/{rel}","templated":true}]}}