{"id":141198,"date":"2023-06-01T10:52:33","date_gmt":"2023-06-01T08:52:33","guid":{"rendered":"https:\/\/www.secowarwick.com\/innovation-award-for-secowarwick-china\/"},"modified":"2023-06-01T11:13:29","modified_gmt":"2023-06-01T09:13:29","slug":"nagroda-za-innowacyjnosc-dla-secowarwick-china","status":"publish","type":"page","link":"https:\/\/www.secowarwick.com\/pl\/nagroda-za-innowacyjnosc-dla-secowarwick-china\/","title":{"rendered":"SECO\/WARWICK China otrzymuje nagrod\u0119 za innowacyjno\u015b\u0107"},"content":{"rendered":"<h2><\/h2>\n<p>Nagroda za innowacyjno\u015b\u0107 dla SECO\/WARWICK China. Sp\u00f3\u0142ka SECO\/WARWICK Group, <strong>SECO\/WARWICK Chiny<\/strong> zosta\u0142a uznana za <strong>firm\u0119 INNOWACYJN\u0104<\/strong>. Certyfikat by\u0142 przyznawany ma\u0142ym i \u015brednim przedsi\u0119biorstwom w Tianjinie.<\/p>\n<p><img decoding=\"async\" class=\"alignnone size-full wp-image-141189\" src=\"https:\/\/www.secowarwick.com\/wp-content\/uploads\/2023\/06\/China-award-2023-1.jpg\" alt=\"Innovation award for SECO\/WARWICK China\" width=\"1200\" height=\"800\" srcset=\"https:\/\/www.secowarwick.com\/wp-content\/uploads\/2023\/06\/China-award-2023-1.jpg 1200w, https:\/\/www.secowarwick.com\/wp-content\/uploads\/2023\/06\/China-award-2023-1-980x653.jpg 980w, https:\/\/www.secowarwick.com\/wp-content\/uploads\/2023\/06\/China-award-2023-1-480x320.jpg 480w\" sizes=\"(min-width: 0px) and (max-width: 480px) 480px, (min-width: 481px) and (max-width: 980px) 980px, (min-width: 981px) 1200px, 100vw\" \/><\/p>\n","protected":false},"excerpt":{"rendered":"<p>Nagroda za innowacyjno\u015b\u0107 dla SECO\/WARWICK China. Sp\u00f3\u0142ka SECO\/WARWICK Group, SECO\/WARWICK Chiny zosta\u0142a uznana za firm\u0119 INNOWACYJN\u0104. Certyfikat by\u0142 przyznawany ma\u0142ym i \u015brednim przedsi\u0119biorstwom w Tianjinie.<\/p>\n","protected":false},"author":2,"featured_media":141192,"parent":0,"menu_order":0,"comment_status":"closed","ping_status":"closed","template":"","meta":{"_acf_changed":false,"_et_pb_use_builder":"","_et_pb_old_content":"","_et_gb_content_width":"","footnotes":""},"class_list":["post-141198","page","type-page","status-publish","has-post-thumbnail"],"acf":[],"_links":{"self":[{"href":"https:\/\/www.secowarwick.com\/pl\/wp-json\/wp\/v2\/pages\/141198","targetHints":{"allow":["GET"]}}],"collection":[{"href":"https:\/\/www.secowarwick.com\/pl\/wp-json\/wp\/v2\/pages"}],"about":[{"href":"https:\/\/www.secowarwick.com\/pl\/wp-json\/wp\/v2\/types\/page"}],"author":[{"embeddable":true,"href":"https:\/\/www.secowarwick.com\/pl\/wp-json\/wp\/v2\/users\/2"}],"replies":[{"embeddable":true,"href":"https:\/\/www.secowarwick.com\/pl\/wp-json\/wp\/v2\/comments?post=141198"}],"version-history":[{"count":4,"href":"https:\/\/www.secowarwick.com\/pl\/wp-json\/wp\/v2\/pages\/141198\/revisions"}],"predecessor-version":[{"id":141214,"href":"https:\/\/www.secowarwick.com\/pl\/wp-json\/wp\/v2\/pages\/141198\/revisions\/141214"}],"wp:featuredmedia":[{"embeddable":true,"href":"https:\/\/www.secowarwick.com\/pl\/wp-json\/wp\/v2\/media\/141192"}],"wp:attachment":[{"href":"https:\/\/www.secowarwick.com\/pl\/wp-json\/wp\/v2\/media?parent=141198"}],"curies":[{"name":"wp","href":"https:\/\/api.w.org\/{rel}","templated":true}]}}