{"id":142087,"date":"2023-06-06T12:13:52","date_gmt":"2023-06-06T10:13:52","guid":{"rendered":"https:\/\/www.secowarwick.com\/?page_id=142087"},"modified":"2024-06-20T13:37:28","modified_gmt":"2024-06-20T11:37:28","slug":"rejestracja-na-seminarium","status":"publish","type":"page","link":"https:\/\/www.secowarwick.com\/pl\/rejestracja-na-seminarium\/","title":{"rendered":"Formularz rejestracji na XXIV Seminarium"},"content":{"rendered":"<p>[et_pb_section fb_built=&#8221;1&#8243; admin_label=&#8221;section&#8221; _builder_version=&#8221;4.16&#8243; global_colors_info=&#8221;{}&#8221;][et_pb_row admin_label=&#8221;row&#8221; _builder_version=&#8221;4.16&#8243; background_size=&#8221;initial&#8221; background_position=&#8221;top_left&#8221; background_repeat=&#8221;repeat&#8221; global_colors_info=&#8221;{}&#8221;][et_pb_column type=&#8221;4_4&#8243; _builder_version=&#8221;4.16&#8243; custom_padding=&#8221;|||&#8221; global_colors_info=&#8221;{}&#8221; custom_padding__hover=&#8221;|||&#8221;][et_pb_text _builder_version=&#8221;4.23.1&#8243; _module_preset=&#8221;default&#8221; hover_enabled=&#8221;0&#8243; global_colors_info=&#8221;{}&#8221; sticky_enabled=&#8221;0&#8243;]<\/p>\n<h1>XXIV Seminarium SECO\/WARWICK<\/h1>\n<h3>Zarejestruj si\u0119, korzystaj\u0105c z formularza poni\u017cej.<\/h3>\n<p>[\/et_pb_text][et_pb_code _builder_version=&#8221;4.23.1&#8243; _module_preset=&#8221;default&#8221; global_colors_info=&#8221;{}&#8221;]<\/p>\n<div data-form-block-id=\"1bde2944-fd22-ef11-840a-6045bd9c5544\"><\/div>\n<p> <script src=https:\/\/mktdplp102cdn.azureedge.net\/public\/latest\/js\/form-loader.js?v=1.84.2007><\/script> <\/p>\n<div id=\"dtSmWBfsot4vcE2Qt5nuJxha7MOOX3vt7KcPKFDICsw8\"><\/div>\n<p><script src=https:\/\/mktdplp102cdn.azureedge.net\/public\/latest\/js\/ws-tracking.js?v=1.84.2007><\/script><\/p>\n<div class=\"d365-mkt-config\" style=\"display:none\" data-website-id=\"tSmWBfsot4vcE2Qt5nuJxha7MOOX3vt7KcPKFDICsw8\" data-hostname=\"3c11aa860ea74edfa8a0f889125ec2ba.svc.dynamics.com\"><\/div>\n<p>[\/et_pb_code][\/et_pb_column][\/et_pb_row][\/et_pb_section]<\/p>\n","protected":false},"excerpt":{"rendered":"<p>XXIV Seminarium SECO\/WARWICK Zarejestruj si\u0119, korzystaj\u0105c z formularza poni\u017cej.<\/p>\n","protected":false},"author":2,"featured_media":0,"parent":0,"menu_order":0,"comment_status":"closed","ping_status":"closed","template":"","meta":{"_acf_changed":false,"_et_pb_use_builder":"on","_et_pb_old_content":"","_et_gb_content_width":"","footnotes":""},"class_list":["post-142087","page","type-page","status-publish"],"acf":[],"_links":{"self":[{"href":"https:\/\/www.secowarwick.com\/pl\/wp-json\/wp\/v2\/pages\/142087","targetHints":{"allow":["GET"]}}],"collection":[{"href":"https:\/\/www.secowarwick.com\/pl\/wp-json\/wp\/v2\/pages"}],"about":[{"href":"https:\/\/www.secowarwick.com\/pl\/wp-json\/wp\/v2\/types\/page"}],"author":[{"embeddable":true,"href":"https:\/\/www.secowarwick.com\/pl\/wp-json\/wp\/v2\/users\/2"}],"replies":[{"embeddable":true,"href":"https:\/\/www.secowarwick.com\/pl\/wp-json\/wp\/v2\/comments?post=142087"}],"version-history":[{"count":9,"href":"https:\/\/www.secowarwick.com\/pl\/wp-json\/wp\/v2\/pages\/142087\/revisions"}],"predecessor-version":[{"id":161102,"href":"https:\/\/www.secowarwick.com\/pl\/wp-json\/wp\/v2\/pages\/142087\/revisions\/161102"}],"wp:attachment":[{"href":"https:\/\/www.secowarwick.com\/pl\/wp-json\/wp\/v2\/media?parent=142087"}],"curies":[{"name":"wp","href":"https:\/\/api.w.org\/{rel}","templated":true}]}}