{"id":143641,"date":"2023-06-21T15:04:31","date_gmt":"2023-06-21T13:04:31","guid":{"rendered":"https:\/\/www.secowarwick.com\/vacuum-furnace-with-gas-cooling\/"},"modified":"2025-04-23T13:20:32","modified_gmt":"2025-04-23T11:20:32","slug":"piec-prozniowy-z-chlodzeniem-gazowym","status":"publish","type":"page","link":"https:\/\/www.secowarwick.com\/pl\/piec-prozniowy-z-chlodzeniem-gazowym\/","title":{"rendered":"PIEC PR\u00d3\u017bNIOWY Z CH\u0141ODZENIEM GAZOWYM"},"content":{"rendered":"<p>[et_pb_section fb_built=&#8221;1&#8243; admin_label=&#8221;section&#8221; _builder_version=&#8221;4.16&#8243; custom_padding=&#8221;0px|||&#8221; transparent_background=&#8221;off&#8221; make_fullwidth=&#8221;off&#8221; use_custom_width=&#8221;off&#8221; width_unit=&#8221;on&#8221; global_colors_info=&#8221;{}&#8221;][et_pb_row _builder_version=&#8221;4.16&#8243; _module_preset=&#8221;default&#8221; global_colors_info=&#8221;{}&#8221;][et_pb_column type=&#8221;4_4&#8243; _builder_version=&#8221;4.16&#8243; _module_preset=&#8221;default&#8221; global_colors_info=&#8221;{}&#8221;][et_pb_breadcrumbs _builder_version=&#8221;4.10.3&#8243; _module_preset=&#8221;default&#8221; global_colors_info=&#8221;{}&#8221;][\/et_pb_breadcrumbs][\/et_pb_column][\/et_pb_row][et_pb_row admin_label=&#8221;row&#8221; _builder_version=&#8221;4.16&#8243; background_size=&#8221;initial&#8221; background_position=&#8221;top_left&#8221; background_repeat=&#8221;repeat&#8221; custom_padding=&#8221;0px|||&#8221; make_fullwidth=&#8221;off&#8221; use_custom_width=&#8221;off&#8221; width_unit=&#8221;on&#8221; global_colors_info=&#8221;{}&#8221;][et_pb_column type=&#8221;4_4&#8243; _builder_version=&#8221;4.16&#8243; custom_padding=&#8221;|||&#8221; global_colors_info=&#8221;{}&#8221; custom_padding__hover=&#8221;|||&#8221;][et_pb_divider show_divider=&#8221;off&#8221; _builder_version=&#8221;4.16&#8243; _module_preset=&#8221;default&#8221; global_colors_info=&#8221;{}&#8221;][\/et_pb_divider][et_pb_text module_class=&#8221;red-square-list-parent&#8221; _builder_version=&#8221;4.19.2&#8243; background_size=&#8221;initial&#8221; background_position=&#8221;top_left&#8221; background_repeat=&#8221;repeat&#8221; use_border_color=&#8221;off&#8221; global_colors_info=&#8221;{}&#8221;]<\/p>\n<h1>PIEC PR\u00d3\u017bNIOWY Z&nbsp;CH\u0141ODZENIEM GAZOWYM POD&nbsp;CI\u015aNIENIEM 15 BAR<\/h1>\n<h2>TYP 10.0VPT-4035\/36IQ<\/h2>\n<p>Piec pr\u00f3\u017cniowy z&nbsp;ch\u0142odzeniem gazowym pod&nbsp;ci\u015bnieniem 15 bar, przeznaczony jest do&nbsp;obr\u00f3bki cieplnej w&nbsp;pr\u00f3\u017cni<\/p>\n<h3>Informacje og\u00f3lne:<\/h3>\n<p><span style=\"color: #ff0000;\">\/ <\/span>Producent: SECO\/WARWICK,<br \/><span style=\"color: #ff0000;\">\/ <\/span>Rok produkcji: 2017,<br \/><span style=\"color: #ff0000;\">\/ <\/span>Lokalizacja: North Poland,<br \/><span style=\"color: #ff0000;\">\/ <\/span>Piec dzia\u0142aj\u0105cy: mo\u017cliwo\u015b\u0107 testowania na&nbsp;miejscu,<br \/><span style=\"color: #ff0000;\">\/ <\/span>Mo\u017cliwo\u015b\u0107 nabycia w&nbsp;zestawie z&nbsp;piecem do&nbsp;azotowania, uk\u0142adem ch\u0142odzenia oraz&nbsp;ch\u0142odni\u0105 wentylatorow\u0105,<br \/><span style=\"color: #ff0000;\">\/ <\/span>Bardzo ma\u0142a ilo\u015b\u0107 wykonanych cykli,<br \/><span style=\"color: #ff0000;\">\/ <\/span>Oferujemy ocen\u0119 techniczn\u0105, relokacj\u0119 oraz&nbsp;monta\u017c urz\u0105dzenia w&nbsp;miejscu docelowym na&nbsp;trenie E.U.<\/p>\n<p>[\/et_pb_text][\/et_pb_column][\/et_pb_row][\/et_pb_section][et_pb_section fb_built=&#8221;1&#8243; admin_label=&#8221;section&#8221; _builder_version=&#8221;4.19.2&#8243; background_color=&#8221;#f8f8f8&#8243; custom_margin=&#8221;-20px||||false|false&#8221; custom_padding=&#8221;0px||||false|false&#8221; transparent_background=&#8221;off&#8221; make_fullwidth=&#8221;off&#8221; use_custom_width=&#8221;off&#8221; width_unit=&#8221;on&#8221; global_colors_info=&#8221;{}&#8221;][et_pb_row column_structure=&#8221;1_2,1_2&#8243; admin_label=&#8221;row&#8221; _builder_version=&#8221;4.19.2&#8243; background_size=&#8221;initial&#8221; background_position=&#8221;top_left&#8221; background_repeat=&#8221;repeat&#8221; custom_margin=&#8221;-20px||||false|false&#8221; global_colors_info=&#8221;{}&#8221;][et_pb_column type=&#8221;1_2&#8243; _builder_version=&#8221;4.16&#8243; custom_padding=&#8221;|||&#8221; global_colors_info=&#8221;{}&#8221; custom_padding__hover=&#8221;|||&#8221;][et_pb_gallery gallery_ids=&#8221;143624,143603,143610,143617&#8243; posts_number=&#8221;1&#8243; show_title_and_caption=&#8221;off&#8221; show_pagination=&#8221;off&#8221; zoom_icon_color=&#8221;#e2001a&#8221; module_class=&#8221;seco-products-gallery-new2025&#8243; _builder_version=&#8221;4.23.1&#8243; custom_margin=&#8221;||||false|false&#8221; custom_css_free_form=&#8221;.et_overlay:before {||    content: 'GALERIA&#8217; !important;||}&#8221; locked=&#8221;off&#8221; global_colors_info=&#8221;{}&#8221;][\/et_pb_gallery][et_pb_image src=&#8221;https:\/\/www.secowarwick.com\/wp-content\/uploads\/2023\/06\/VACUUM-FURNACE-WITH-GAS-COOLING-2.jpg&#8221; alt=&#8221;VACUUM FURNACE WITH GAS COOLING UNDER PRESSURE OF 15 BAR&#8221; title_text=&#8221;VACUUM FURNACE WITH GAS COOLING (2)&#8221; align_tablet=&#8221;center&#8221; align_phone=&#8221;&#8221; align_last_edited=&#8221;on|desktop&#8221; _builder_version=&#8221;4.19.2&#8243; global_colors_info=&#8221;{}&#8221;][\/et_pb_image][\/et_pb_column][et_pb_column type=&#8221;1_2&#8243; _builder_version=&#8221;4.16&#8243; custom_padding=&#8221;|||&#8221; global_colors_info=&#8221;{}&#8221; custom_padding__hover=&#8221;|||&#8221;][et_pb_text admin_label=&#8221;apostrof&#8221; module_class=&#8221;przecinek-tlo-nizej&#8221; _builder_version=&#8221;4.19.2&#8243; custom_margin=&#8221;||||false|false&#8221; custom_margin_tablet=&#8221;&#8221; custom_margin_phone=&#8221;&#8221; custom_margin_last_edited=&#8221;on|desktop&#8221; saved_tabs=&#8221;all&#8221; global_colors_info=&#8221;{}&#8221;]<\/p>\n<h2>Technical data<\/h2>\n<p>[\/et_pb_text][et_pb_text _builder_version=&#8221;4.19.2&#8243; _module_preset=&#8221;default&#8221; global_colors_info=&#8221;{}&#8221;]<\/p>\n<h2>\u00a0<\/h2>\n<table style=\"width: 100.606%; height: 308px;\" width=\"549\">\n<tbody>\n<tr style=\"height: 34px;\">\n<td style=\"width: 133.575%; height: 34px;\" colspan=\"3\" width=\"549\">\n<h4 style=\"text-align: left;\"><strong>Podstawowe dane<\/strong><\/h4>\n<\/td>\n<\/tr>\n<tr style=\"height: 18px;\">\n<td style=\"width: 72.2638%; height: 18px;\" width=\"354\">Wymiary u\u017cyteczne (szer. x&nbsp;d\u0142. x&nbsp;wys.)<\/td>\n<td style=\"width: 17.6378%; height: 18px; text-align: center;\" width=\"78\">600 x&nbsp;600 x&nbsp;900<\/td>\n<td style=\"width: 43.6737%; height: 18px; text-align: center;\" width=\"116\">mm<\/td>\n<\/tr>\n<tr style=\"height: 21px;\">\n<td style=\"width: 72.2638%; height: 21px;\" width=\"354\">Maksymalna masa wsadu<\/td>\n<td style=\"width: 17.6378%; height: 21px; text-align: center;\" width=\"78\">600<\/td>\n<td style=\"width: 43.6737%; height: 21px; text-align: center;\" width=\"116\">kg<\/td>\n<\/tr>\n<tr style=\"height: 27px;\">\n<td style=\"width: 72.2638%; height: 27px;\" width=\"354\">Temperatura maksymalna<\/td>\n<td style=\"width: 17.6378%; height: 27px; text-align: center;\" width=\"78\">1300<\/td>\n<td style=\"width: 43.6737%; height: 27px; text-align: center;\" width=\"116\">\u00b0C<\/td>\n<\/tr>\n<tr style=\"height: 30px;\">\n<td style=\"width: 72.2638%; height: 10px;\" width=\"354\">R\u00f3wnomierno\u015b\u0107 rozk\u0142adu temperatur w&nbsp;gazie konwekcyjnym od&nbsp;150 do&nbsp;750\u1d52C<\/td>\n<td style=\"width: 17.6378%; height: 10px; text-align: center;\" width=\"78\">+\/- 5*<\/td>\n<td style=\"width: 43.6737%; height: 10px; text-align: center;\" width=\"116\">\u00b0C<\/td>\n<\/tr>\n<tr style=\"height: 19px;\">\n<td style=\"width: 72.2638%; height: 10px;\" width=\"354\">R\u00f3wnomierno\u015b\u0107 rozk\u0142adu temperatur w&nbsp;pr\u00f3\u017cni od&nbsp;750 do&nbsp;1300\u1d52C<\/td>\n<td style=\"width: 17.6378%; height: 10px; text-align: center;\" width=\"78\">+\/- 5*<\/td>\n<td style=\"width: 43.6737%; height: 10px; text-align: center;\" width=\"116\">\u00b0C<\/td>\n<\/tr>\n<tr style=\"height: 12px;\">\n<td style=\"width: 72.2638%; height: 12px;\" width=\"354\">Pr\u00f3\u017cnia ko\u0144cowa na&nbsp;zimno<\/td>\n<td style=\"width: 17.6378%; height: 12px; text-align: center;\" width=\"78\">5&#215;10<sup>-2<\/sup><\/td>\n<td style=\"width: 43.6737%; height: 12px; text-align: center;\" width=\"116\">mbar<\/td>\n<\/tr>\n<tr style=\"height: 28px;\">\n<td style=\"width: 72.2638%; height: 28px;\" width=\"354\">Moc grzejna<\/td>\n<td style=\"width: 17.6378%; height: 28px; text-align: center;\" width=\"78\">150<\/td>\n<td style=\"width: 43.6737%; height: 28px; text-align: center;\" width=\"116\">kW<\/td>\n<\/tr>\n<tr style=\"height: 25px;\">\n<td style=\"width: 72.2638%; height: 10px;\" width=\"354\">Naciek<\/td>\n<td style=\"width: 17.6378%; height: 10px; text-align: center;\" width=\"78\">3&#215;10<sup>-3<\/sup><\/td>\n<td style=\"width: 43.6737%; height: 10px; text-align: center;\" width=\"116\">mbar x&nbsp;l\/s<\/td>\n<\/tr>\n<tr style=\"height: 18px;\">\n<td style=\"width: 72.2638%; height: 18px;\" width=\"354\">Maksymalne ci\u015bnienie gazu ch\u0142odz\u0105cego<\/td>\n<td style=\"width: 17.6378%; height: 18px; text-align: center;\" width=\"78\">15<\/td>\n<td style=\"width: 43.6737%; height: 18px; text-align: center;\" width=\"116\">bar abs.<\/td>\n<\/tr>\n<tr style=\"height: 20px;\">\n<td style=\"width: 72.2638%; height: 20px;\" width=\"354\">Masa pieca<\/td>\n<td style=\"width: 17.6378%; height: 20px; text-align: center;\" width=\"78\">12,000<\/td>\n<td style=\"width: 43.6737%; height: 20px; text-align: center;\" width=\"116\">kg<\/td>\n<\/tr>\n<tr style=\"height: 15px;\">\n<td style=\"width: 72.2638%; height: 15px;\" width=\"354\">Wymiary gabarytowe (szer. x&nbsp;d\u0142. x&nbsp;wys.)<\/td>\n<td style=\"width: 17.6378%; height: 15px; text-align: center;\" width=\"78\">2400 x&nbsp;3500 x&nbsp;4500<\/td>\n<td style=\"width: 43.6737%; height: 15px; text-align: center;\" width=\"116\">mm<\/td>\n<\/tr>\n<tr style=\"height: 18px;\">\n<td style=\"width: 72.2638%; height: 18px;\" width=\"354\">Obj\u0119to\u015b\u0107 obudowy<\/td>\n<td style=\"width: 17.6378%; height: 18px; text-align: center;\" width=\"78\">5.99<\/td>\n<td style=\"width: 43.6737%; height: 18px; text-align: center;\" width=\"116\">m<sup>3<\/sup><\/td>\n<\/tr>\n<tr style=\"height: 35px;\">\n<td style=\"width: 72.2638%; height: 35px;\" width=\"354\">Rodzaj gazu ch\u0142odz\u0105cego<\/td>\n<td style=\"width: 61.3115%; height: 35px; text-align: center;\" colspan=\"2\" width=\"195\">azot<\/td>\n<\/tr>\n<tr style=\"height: 32px;\">\n<td style=\"width: 72.2638%; height: 32px;\" width=\"354\">Ilo\u015b\u0107 stref grzejnych<\/td>\n<td style=\"width: 61.3115%; height: 32px; text-align: center;\" colspan=\"2\" width=\"195\">1<\/td>\n<\/tr>\n<\/tbody>\n<\/table>\n<p>&nbsp;<\/p>\n<p><a href=\"#_ftnref1\" name=\"_ftn1\"><\/a><\/p>\n<p>[\/et_pb_text][\/et_pb_column][\/et_pb_row][et_pb_row column_structure=&#8221;1_2,1_2&#8243; admin_label=&#8221;row&#8221; _builder_version=&#8221;4.19.2&#8243; background_size=&#8221;initial&#8221; background_position=&#8221;top_left&#8221; background_repeat=&#8221;repeat&#8221; custom_margin=&#8221;-20px||||false|false&#8221; global_colors_info=&#8221;{}&#8221;][et_pb_column type=&#8221;1_2&#8243; _builder_version=&#8221;4.16&#8243; custom_padding=&#8221;|||&#8221; global_colors_info=&#8221;{}&#8221; custom_padding__hover=&#8221;|||&#8221;][et_pb_text admin_label=&#8221;apostrof&#8221; module_class=&#8221;przecinek-tlo-nizej&#8221; _builder_version=&#8221;4.19.2&#8243; custom_margin=&#8221;||||false|false&#8221; custom_margin_tablet=&#8221;&#8221; custom_margin_phone=&#8221;&#8221; custom_margin_last_edited=&#8221;on|desktop&#8221; saved_tabs=&#8221;all&#8221; global_colors_info=&#8221;{}&#8221;]<\/p>\n<h3>Parametry medi\u00f3w i&nbsp;czynnik\u00f3w<\/h3>\n<p>[\/et_pb_text][et_pb_text _builder_version=&#8221;4.19.2&#8243; _module_preset=&#8221;default&#8221; global_colors_info=&#8221;{}&#8221;]<\/p>\n<table style=\"width: 101.484%; height: 504px;\" width=\"657\">\n<tbody>\n<tr style=\"height: 23px;\">\n<td style=\"width: 39.084%; text-align: center; height: 46px;\" rowspan=\"2\" width=\"270\"><strong>Medium<\/strong><\/td>\n<td style=\"width: 22.1374%; text-align: center; height: 23px;\" colspan=\"2\" width=\"145\"><strong>Ci\u015bnienie<\/strong><\/td>\n<td style=\"width: 16.0305%; text-align: center; height: 46px;\" rowspan=\"2\" width=\"106\"><strong>Przep\u0142yw znamionowy<\/strong><\/td>\n<td style=\"width: 36.1832%; text-align: center; height: 46px;\" rowspan=\"2\" width=\"135\"><strong>Szacunkowe zu\u017cycie na&nbsp;cykl<\/strong><\/td>\n<\/tr>\n<tr style=\"height: 23px;\">\n<td style=\"width: 10.3817%; text-align: center; height: 23px;\" width=\"68\"><strong>Min.<\/strong><\/td>\n<td style=\"width: 11.7557%; text-align: center; height: 23px;\" width=\"77\"><strong>Maks.<\/strong><\/td>\n<\/tr>\n<tr style=\"height: 51px;\">\n<td style=\"width: 113.435%; height: 51px;\" colspan=\"5\" width=\"657\">\n<p style=\"text-align: center;\"><strong>Gazy procesowe<\/strong><\/p>\n<\/td>\n<\/tr>\n<tr style=\"height: 47px;\">\n<td style=\"width: 39.084%; height: 47px;\" width=\"270\">Azot (99,999%N<sub>2<\/sub>)<\/td>\n<td style=\"width: 10.3817%; text-align: center; height: 47px;\" width=\"68\">-bar<\/td>\n<td style=\"width: 11.7557%; text-align: center; height: 47px;\" width=\"77\">25 bar<\/td>\n<td style=\"width: 16.0305%; text-align: center; height: 47px;\" width=\"106\">&#8211;<\/td>\n<td style=\"width: 36.1832%; text-align: center; height: 47px;\" width=\"135\">5.99 Nm<sup>3<\/sup><br \/>(przy 1 bar abs)<\/td>\n<\/tr>\n<tr style=\"height: 51px;\">\n<td style=\"width: 113.435%; height: 51px;\" colspan=\"5\" width=\"657\">\n<p style=\"text-align: center;\"><strong>Instalacja pneumatyczna<\/strong><\/p>\n<\/td>\n<\/tr>\n<tr style=\"height: 23px;\">\n<td style=\"width: 39.084%; height: 23px;\" width=\"270\">Spr\u0119\u017cone powietrze<\/td>\n<td style=\"width: 10.3817%; text-align: center; height: 23px;\" width=\"68\">6 bar<\/td>\n<td style=\"width: 11.7557%; text-align: center; height: 23px;\" width=\"77\">8 bar<\/td>\n<td style=\"width: 16.0305%; text-align: center; height: 23px;\" width=\"106\">\u00a0<\/td>\n<td style=\"width: 36.1832%; text-align: center; height: 23px;\" width=\"135\">0.5 m<sup>3<\/sup><\/td>\n<\/tr>\n<tr style=\"height: 51px;\">\n<td style=\"width: 113.435%; height: 51px;\" colspan=\"5\" width=\"657\">\n<p style=\"text-align: center;\"><strong>Woda ch\u0142odz\u0105ca<sup>1)<\/sup><\/strong><\/p>\n<\/td>\n<\/tr>\n<tr style=\"height: 23px;\">\n<td style=\"width: 39.084%; height: 23px;\" width=\"270\">Obwody piecowe<\/td>\n<td style=\"width: 10.3817%; text-align: center; height: 23px;\" width=\"68\">2 bar<\/td>\n<td style=\"width: 11.7557%; text-align: center; height: 23px;\" width=\"77\">3,5 bar<\/td>\n<td style=\"width: 16.0305%; text-align: center; height: 23px;\" width=\"106\">10m<sup>3<\/sup>\/h<\/td>\n<td style=\"width: 36.1832%; height: 23px;\" width=\"135\">\u00a0<\/td>\n<\/tr>\n<tr style=\"height: 23px;\">\n<td style=\"width: 39.084%; height: 23px;\" width=\"270\">Woda ch\u0142odz\u0105ca &#8211; wymiennik ciep\u0142a<\/td>\n<td style=\"width: 10.3817%; text-align: center; height: 23px;\" width=\"68\">2 bar<\/td>\n<td style=\"width: 11.7557%; text-align: center; height: 23px;\" width=\"77\">3,5bar<\/td>\n<td style=\"width: 16.0305%; text-align: center; height: 23px;\" width=\"106\">70m<sup>3<\/sup>\/h<\/td>\n<td style=\"width: 36.1832%; height: 23px;\" width=\"135\">\u00a0<\/td>\n<\/tr>\n<tr style=\"height: 23px;\">\n<td style=\"width: 39.084%; height: 23px;\" width=\"270\">Emergency power supply<\/td>\n<td style=\"width: 10.3817%; text-align: center; height: 23px;\" width=\"68\">2,5 bar<\/td>\n<td style=\"width: 11.7557%; text-align: center; height: 23px;\" width=\"77\">4 bar<\/td>\n<td style=\"width: 16.0305%; text-align: center; height: 23px;\" width=\"106\">10m<sup>3<\/sup>\/h<\/td>\n<td style=\"width: 36.1832%; height: 23px;\" width=\"135\">\u00a0<\/td>\n<\/tr>\n<tr style=\"height: 51px;\">\n<td style=\"width: 113.435%; height: 51px;\" colspan=\"5\" width=\"657\">\n<p style=\"text-align: center;\"><strong>Energia elektryczna<\/strong><\/p>\n<\/td>\n<\/tr>\n<tr style=\"height: 23px;\">\n<td style=\"width: 39.084%; height: 23px;\" width=\"270\">Rodzaj sieci<\/td>\n<td style=\"width: 74.3511%; text-align: left; height: 23px;\" colspan=\"4\" width=\"386\">TN-C-S<\/td>\n<\/tr>\n<tr style=\"height: 23px;\">\n<td style=\"width: 39.084%; height: 23px;\" width=\"270\">Napi\u0119cie nominalne<\/td>\n<td style=\"width: 74.3511%; text-align: left; height: 23px;\" colspan=\"4\" width=\"386\">3&#215;400 VAC \u00b110%, 50 Hz<\/td>\n<\/tr>\n<tr style=\"height: 23px;\">\n<td style=\"width: 39.084%; height: 23px;\" width=\"270\">Nominalna moc elektryczna<\/td>\n<td style=\"width: 74.3511%; text-align: left; height: 23px;\" colspan=\"4\" width=\"386\">288 kW<\/td>\n<\/tr>\n<tr style=\"height: 23px;\">\n<td style=\"width: 39.084%; height: 23px;\" width=\"270\">Maks. pob\u00f3r pr\u0105du<\/td>\n<td style=\"width: 74.3511%; text-align: left; height: 23px;\" colspan=\"4\" width=\"386\">In= 416 A<\/td>\n<\/tr>\n<tr style=\"height: 23px;\">\n<td style=\"width: 39.084%; height: 23px;\" width=\"270\">Maks. pr\u0105d wy\u0142\u0105cznika g\u0142\u00f3wnego<\/td>\n<td style=\"width: 74.3511%; text-align: left; height: 23px;\" colspan=\"4\" width=\"386\">In= 800 A<\/td>\n<\/tr>\n<\/tbody>\n<\/table>\n<p><a href=\"#_ftnref1\" name=\"_ftn1\"><\/a><\/p>\n<p>[\/et_pb_text][\/et_pb_column][et_pb_column type=&#8221;1_2&#8243; _builder_version=&#8221;4.16&#8243; custom_padding=&#8221;|||&#8221; global_colors_info=&#8221;{}&#8221; custom_padding__hover=&#8221;|||&#8221;][et_pb_text admin_label=&#8221;apostrof&#8221; module_class=&#8221;przecinek-tlo-nizej&#8221; _builder_version=&#8221;4.19.2&#8243; custom_margin=&#8221;||||false|false&#8221; custom_margin_tablet=&#8221;&#8221; custom_margin_phone=&#8221;&#8221; custom_margin_last_edited=&#8221;on|desktop&#8221; saved_tabs=&#8221;all&#8221; global_colors_info=&#8221;{}&#8221;]<\/p>\n<h3>Sterowanie<\/h3>\n<p>[\/et_pb_text][et_pb_text _builder_version=&#8221;4.19.2&#8243; _module_preset=&#8221;default&#8221; global_colors_info=&#8221;{}&#8221;]<\/p>\n<p>&nbsp;<\/p>\n<p>Komputer przemys\u0142owy Siemens z&nbsp;ekranem dotykowym<\/p>\n<ul>\n<li>\u00a0system operacyjny: Windows 7 Ultimate,<\/li>\n<li>\u00a0system wizualizacji: oprogramowanie WinCC 7.4.<\/li>\n<\/ul>\n<p>.<\/p>\n<p>[\/et_pb_text][\/et_pb_column][\/et_pb_row][\/et_pb_section]<\/p>\n","protected":false},"excerpt":{"rendered":"<p>[et_pb_breadcrumbs _builder_version=&#8221;4.10.3&#8243; _module_preset=&#8221;default&#8221; global_colors_info=&#8221;{}&#8221;][\/et_pb_breadcrumbs]PIEC PR\u00d3\u017bNIOWY Z&nbsp;CH\u0141ODZENIEM GAZOWYM POD&nbsp;CI\u015aNIENIEM 15 BAR TYP 10.0VPT-4035\/36IQ Piec pr\u00f3\u017cniowy z&nbsp;ch\u0142odzeniem gazowym pod&nbsp;ci\u015bnieniem 15 bar, przeznaczony jest do&nbsp;obr\u00f3bki cieplnej w&nbsp;pr\u00f3\u017cni Informacje og\u00f3lne: \/ Producent: SECO\/WARWICK,\/ Rok produkcji: 2017,\/ Lokalizacja: North Poland,\/ Piec dzia\u0142aj\u0105cy: mo\u017cliwo\u015b\u0107 testowania na&nbsp;miejscu,\/ Mo\u017cliwo\u015b\u0107 nabycia w&nbsp;zestawie z&nbsp;piecem do&nbsp;azotowania, uk\u0142adem ch\u0142odzenia oraz&nbsp;ch\u0142odni\u0105 wentylatorow\u0105,\/ Bardzo ma\u0142a ilo\u015b\u0107 wykonanych cykli,\/ Oferujemy [&hellip;]<\/p>\n","protected":false},"author":2,"featured_media":0,"parent":0,"menu_order":0,"comment_status":"closed","ping_status":"closed","template":"","meta":{"_acf_changed":false,"_et_pb_use_builder":"on","_et_pb_old_content":"","_et_gb_content_width":"","footnotes":""},"class_list":["post-143641","page","type-page","status-publish"],"acf":[],"_links":{"self":[{"href":"https:\/\/www.secowarwick.com\/pl\/wp-json\/wp\/v2\/pages\/143641","targetHints":{"allow":["GET"]}}],"collection":[{"href":"https:\/\/www.secowarwick.com\/pl\/wp-json\/wp\/v2\/pages"}],"about":[{"href":"https:\/\/www.secowarwick.com\/pl\/wp-json\/wp\/v2\/types\/page"}],"author":[{"embeddable":true,"href":"https:\/\/www.secowarwick.com\/pl\/wp-json\/wp\/v2\/users\/2"}],"replies":[{"embeddable":true,"href":"https:\/\/www.secowarwick.com\/pl\/wp-json\/wp\/v2\/comments?post=143641"}],"version-history":[{"count":10,"href":"https:\/\/www.secowarwick.com\/pl\/wp-json\/wp\/v2\/pages\/143641\/revisions"}],"predecessor-version":[{"id":176540,"href":"https:\/\/www.secowarwick.com\/pl\/wp-json\/wp\/v2\/pages\/143641\/revisions\/176540"}],"wp:attachment":[{"href":"https:\/\/www.secowarwick.com\/pl\/wp-json\/wp\/v2\/media?parent=143641"}],"curies":[{"name":"wp","href":"https:\/\/api.w.org\/{rel}","templated":true}]}}