{"id":143810,"date":"2023-06-21T07:49:54","date_gmt":"2023-06-21T05:49:54","guid":{"rendered":"https:\/\/www.secowarwick.com\/retort-electric-pit-furnace\/"},"modified":"2025-04-23T13:13:49","modified_gmt":"2025-04-23T11:13:49","slug":"retortowy-elektryczny-piec-wglebny","status":"publish","type":"page","link":"https:\/\/www.secowarwick.com\/pl\/retortowy-elektryczny-piec-wglebny\/","title":{"rendered":"RETORTOWY ELEKTRYCZNY PIEC WG\u0141\u0118BNY"},"content":{"rendered":"<p>[et_pb_section fb_built=&#8221;1&#8243; admin_label=&#8221;section&#8221; _builder_version=&#8221;4.16&#8243; custom_padding=&#8221;0px|||&#8221; transparent_background=&#8221;off&#8221; make_fullwidth=&#8221;off&#8221; use_custom_width=&#8221;off&#8221; width_unit=&#8221;on&#8221; global_colors_info=&#8221;{}&#8221;][et_pb_row _builder_version=&#8221;4.16&#8243; _module_preset=&#8221;default&#8221; global_colors_info=&#8221;{}&#8221;][et_pb_column type=&#8221;4_4&#8243; _builder_version=&#8221;4.16&#8243; _module_preset=&#8221;default&#8221; global_colors_info=&#8221;{}&#8221;][et_pb_breadcrumbs _builder_version=&#8221;4.10.3&#8243; _module_preset=&#8221;default&#8221; global_colors_info=&#8221;{}&#8221;][\/et_pb_breadcrumbs][\/et_pb_column][\/et_pb_row][et_pb_row admin_label=&#8221;row&#8221; _builder_version=&#8221;4.16&#8243; background_size=&#8221;initial&#8221; background_position=&#8221;top_left&#8221; background_repeat=&#8221;repeat&#8221; custom_padding=&#8221;0px|||&#8221; make_fullwidth=&#8221;off&#8221; use_custom_width=&#8221;off&#8221; width_unit=&#8221;on&#8221; global_colors_info=&#8221;{}&#8221;][et_pb_column type=&#8221;4_4&#8243; _builder_version=&#8221;4.16&#8243; custom_padding=&#8221;|||&#8221; global_colors_info=&#8221;{}&#8221; custom_padding__hover=&#8221;|||&#8221;][et_pb_divider show_divider=&#8221;off&#8221; _builder_version=&#8221;4.16&#8243; _module_preset=&#8221;default&#8221; global_colors_info=&#8221;{}&#8221;][\/et_pb_divider][et_pb_text module_class=&#8221;red-square-list-parent&#8221; _builder_version=&#8221;4.19.2&#8243; background_size=&#8221;initial&#8221; background_position=&#8221;top_left&#8221; background_repeat=&#8221;repeat&#8221; use_border_color=&#8221;off&#8221; global_colors_info=&#8221;{}&#8221;]<\/p>\n<h1>RETORTOWY ELEKTRYCZNY PIEC WG\u0141\u0118BNY<\/h1>\n<h2>TYP VRNe-60.100-650-5-ZF<\/h2>\n<p>Wg\u0142\u0119bny retortowy piec VRNe-60.100-650-5-ZF przeznaczony jest do&nbsp;realizacji proces\u00f3w obr\u00f3bki cieplnej i&nbsp;cieplno-chemicznej stalowych element\u00f3w konstrukcyjnych.<\/p>\n<p>W&nbsp;szczeg\u00f3lno\u015bci piec przeznaczony jest do:<\/p>\n<p><span style=\"color: #ff0000;\">\/ <\/span> azotowania w&nbsp;technologii \u201eZero Flow\u201d,<br \/><span style=\"color: #ff0000;\">\/ <\/span>azotowania z&nbsp;regulowanym przep\u0142ywem N2,<br \/><span style=\"color: #ff0000;\">\/ <\/span>odpuszczania,<br \/><span style=\"color: #ff0000;\">\/ <\/span> utleniania.<\/p>\n<p>Procesy obr\u00f3bki cieplnej odbywaj\u0105 si\u0119 w&nbsp;szczelnej retorcie. Wewn\u0105trz retorty realizowany jest wymuszony obieg atmosfery ochronnej za&nbsp;pomoc\u0105 mieszarki atmosfery i&nbsp;uk\u0142adu kierowniczego (cylinder wewn\u0119trzny). Takie rozwi\u0105zanie konstrukcyjne zapewnia r\u00f3wnomierno\u015b\u0107 nagrzewania wsadu w&nbsp;przestrzeni u\u017cytecznej pieca oraz&nbsp;zapewnia kontakt wszystkich jego powierzchni z&nbsp;atmosfer\u0105 ochronn\u0105. W&nbsp;sk\u0142ad pieca wchodzi wolnostoj\u0105ca szafa gazowa i&nbsp;tablica sterownicza, w&nbsp;kt\u00f3rej&nbsp;zabudowano elementy automatyki i&nbsp;sterowania prac\u0105 pieca, a&nbsp;tak\u017ce aparatur\u0105 \u0142\u0105cznikow\u0105 i&nbsp;zabezpieczenia.<\/p>\n<h3>Informacje og\u00f3lne:<\/h3>\n<p><span style=\"color: #ff0000;\">\/ <\/span>Piec elektryczny wg\u0142\u0119bny retortowy,<br \/><span style=\"color: #ff0000;\">\/ <\/span>producent: SECO\/WARWICK,<br \/><span style=\"color: #ff0000;\">\/ <\/span>rok produkcji: 2014,<br \/><span style=\"color: #ff0000;\">\/ <\/span>lokalizacja: Polska po\u0142udniowa,<br \/><span style=\"color: #ff0000;\">\/ <\/span>przygotowany do&nbsp;relokacji,<br \/><span style=\"color: #ff0000;\">\/ <\/span>oferujemy ocen\u0119 techniczn\u0105, relokacj\u0119 oraz&nbsp;monta\u017c urz\u0105dzenia w&nbsp;miejscu docelowym na&nbsp;trenie E.U.<\/p>\n<p>[\/et_pb_text][\/et_pb_column][\/et_pb_row][\/et_pb_section][et_pb_section fb_built=&#8221;1&#8243; admin_label=&#8221;section&#8221; _builder_version=&#8221;4.19.2&#8243; background_color=&#8221;#f8f8f8&#8243; custom_margin=&#8221;-20px||||false|false&#8221; custom_padding=&#8221;0px||||false|false&#8221; transparent_background=&#8221;off&#8221; make_fullwidth=&#8221;off&#8221; use_custom_width=&#8221;off&#8221; width_unit=&#8221;on&#8221; global_colors_info=&#8221;{}&#8221;][et_pb_row column_structure=&#8221;1_2,1_2&#8243; admin_label=&#8221;row&#8221; _builder_version=&#8221;4.19.2&#8243; background_size=&#8221;initial&#8221; background_position=&#8221;top_left&#8221; background_repeat=&#8221;repeat&#8221; custom_margin=&#8221;-20px||||false|false&#8221; global_colors_info=&#8221;{}&#8221;][et_pb_column type=&#8221;1_2&#8243; _builder_version=&#8221;4.16&#8243; custom_padding=&#8221;|||&#8221; global_colors_info=&#8221;{}&#8221; custom_padding__hover=&#8221;|||&#8221;][et_pb_gallery gallery_ids=&#8221;143517,143524&#8243; posts_number=&#8221;1&#8243; show_title_and_caption=&#8221;off&#8221; show_pagination=&#8221;off&#8221; zoom_icon_color=&#8221;#e2001a&#8221; module_class=&#8221;seco-products-gallery-new2025&#8243; _builder_version=&#8221;4.23.1&#8243; custom_margin=&#8221;||||false|false&#8221; hover_enabled=&#8221;0&#8243; locked=&#8221;off&#8221; global_colors_info=&#8221;{}&#8221; custom_css_free_form=&#8221;.et_overlay:before {||    content: 'GALERIA&#8217; !important;||}&#8221; sticky_enabled=&#8221;0&#8243;][\/et_pb_gallery][et_pb_image src=&#8221;https:\/\/www.secowarwick.com\/wp-content\/uploads\/2023\/06\/RETORT-ELECTRIC-PIT-FURNACE-3.jpg&#8221; alt=&#8221;RETORT ELECTRIC PIT FURNACE TYPE VRNe-60.100-650-5-ZF&#8221; title_text=&#8221;RETORT ELECTRIC PIT FURNACE (3)&#8221; align_tablet=&#8221;center&#8221; align_phone=&#8221;&#8221; align_last_edited=&#8221;on|desktop&#8221; _builder_version=&#8221;4.19.2&#8243; global_colors_info=&#8221;{}&#8221;][\/et_pb_image][et_pb_image src=&#8221;https:\/\/www.secowarwick.com\/wp-content\/uploads\/2023\/06\/RETORT-ELECTRIC-PIT-FURNACE-1-1.jpg&#8221; alt=&#8221;RETORT ELECTRIC PIT FURNACE TYPE VRNe-60.100-650-5-ZF&#8221; title_text=&#8221;RETORT ELECTRIC PIT FURNACE (1)&#8221; align_tablet=&#8221;center&#8221; align_phone=&#8221;&#8221; align_last_edited=&#8221;on|desktop&#8221; _builder_version=&#8221;4.19.2&#8243; global_colors_info=&#8221;{}&#8221;][\/et_pb_image][\/et_pb_column][et_pb_column type=&#8221;1_2&#8243; _builder_version=&#8221;4.16&#8243; custom_padding=&#8221;|||&#8221; global_colors_info=&#8221;{}&#8221; custom_padding__hover=&#8221;|||&#8221;][et_pb_text admin_label=&#8221;apostrof&#8221; module_class=&#8221;przecinek-tlo-nizej&#8221; _builder_version=&#8221;4.19.2&#8243; custom_margin=&#8221;||||false|false&#8221; custom_margin_tablet=&#8221;&#8221; custom_margin_phone=&#8221;&#8221; custom_margin_last_edited=&#8221;on|desktop&#8221; saved_tabs=&#8221;all&#8221; global_colors_info=&#8221;{}&#8221;]<\/p>\n<h2>Dane techniczne<\/h2>\n<p>[\/et_pb_text][et_pb_text _builder_version=&#8221;4.23.1&#8243; _module_preset=&#8221;default&#8221; global_colors_info=&#8221;{}&#8221;]<\/p>\n<table style=\"width: 97.1082%; height: 643px;\" width=\"596\">\n<tbody>\n<tr style=\"height: 34px;\">\n<td style=\"width: 68.2933%; height: 34px;\" width=\"350\">Maksymalna temperatura robocza<\/td>\n<td style=\"width: 17.0072%; height: 34px; text-align: center;\" width=\"169\">650<\/td>\n<td style=\"width: 11.9124%; height: 34px; text-align: center;\" width=\"74\">\u00b0C<\/td>\n<\/tr>\n<tr style=\"height: 12px;\">\n<td style=\"width: 68.2933%; height: 12px;\" width=\"350\">Rozk\u0142ad temp. w&nbsp;przestrzeni u\u017cytecznej w&nbsp;warunkach ustalonych<\/td>\n<td style=\"width: 17.0072%; height: 12px; text-align: center;\" width=\"169\">+\/- 5*<\/td>\n<td style=\"width: 11.9124%; height: 12px; text-align: center;\" width=\"74\">\u00b0C<\/td>\n<\/tr>\n<tr style=\"height: 11px;\">\n<td style=\"width: 68.2933%; height: 11px;\" width=\"350\">Masa wsadu (brutto)<\/td>\n<td style=\"width: 17.0072%; height: 11px; text-align: center;\" width=\"169\">500<\/td>\n<td style=\"width: 11.9124%; height: 11px; text-align: center;\" width=\"74\">kg<\/td>\n<\/tr>\n<tr style=\"height: 51px;\">\n<td style=\"width: 68.2933%; height: 51px;\" width=\"350\">Maksymalny pob\u00f3r mocy<\/td>\n<td style=\"width: 17.0072%; height: 51px; text-align: center;\" width=\"169\">60<\/td>\n<td style=\"width: 11.9124%; height: 51px; text-align: center;\" width=\"74\">kW<\/td>\n<\/tr>\n<tr style=\"height: 0px;\">\n<td style=\"height: 10px; width: 68.2933%;\" width=\"594\"><strong>Zasilanie<\/strong><\/td>\n<td style=\"width: 17.0072%; height: 10px;\"><strong>\u00a0<\/strong><\/td>\n<td style=\"width: 11.9124%; height: 10px;\"><strong>\u00a0<\/strong><\/td>\n<\/tr>\n<tr style=\"height: 23px;\">\n<td style=\"width: 68.2933%; height: 22px;\"><strong>Wymiary przestrzeni u\u017cytkowej komory grzejnej pieca<\/strong><\/td>\n<td style=\"width: 28.9196%; height: 22px;\" colspan=\"2\">\u00a0<\/td>\n<\/tr>\n<tr style=\"height: 13px;\">\n<td style=\"width: 68.2933%; height: 13px;\" width=\"350\">\u015brednica u\u017cyteczna komory grzejnej<\/td>\n<td style=\"width: 17.0072%; height: 13px; text-align: center;\" width=\"169\">600<\/td>\n<td style=\"width: 11.9124%; height: 13px; text-align: center;\" width=\"74\">mm<\/td>\n<\/tr>\n<tr style=\"height: 51px;\">\n<td style=\"width: 68.2933%; height: 51px;\" width=\"350\">wysoko\u015b\u0107 u\u017cyteczna komory grzejnej<\/td>\n<td style=\"width: 17.0072%; height: 51px; text-align: center;\" width=\"169\">1000<\/td>\n<td style=\"width: 11.9124%; height: 51px; text-align: center;\" width=\"74\">mm<\/td>\n<\/tr>\n<tr style=\"height: 0px;\">\n<td style=\"height: 48px; width: 68.2933%;\" width=\"594\"><strong>Gazy<\/strong><\/td>\n<td style=\"width: 28.9196%; height: 48px;\" colspan=\"2\">\u00a0<\/td>\n<\/tr>\n<tr style=\"height: 23px;\">\n<td style=\"width: 68.2933%; height: 23px;\"><strong>Amoniak<\/strong><\/td>\n<td style=\"width: 28.9196%; height: 23px;\" colspan=\"2\"><strong>\u00a0<\/strong><\/td>\n<\/tr>\n<tr style=\"height: 16px;\">\n<td style=\"width: 68.2933%; height: 16px;\" width=\"350\">ci\u015bnienie<\/td>\n<td style=\"width: 17.0072%; height: 16px; text-align: center;\" width=\"169\">1,5<\/td>\n<td style=\"width: 11.9124%; height: 16px; text-align: center;\" width=\"74\">bar<\/td>\n<\/tr>\n<tr style=\"height: 10px;\">\n<td style=\"width: 68.2933%; height: 10px;\" width=\"350\">czysto\u015b\u0107<\/td>\n<td style=\"width: 17.0072%; height: 10px; text-align: center;\" width=\"169\">99,998<\/td>\n<td style=\"width: 11.9124%; height: 10px; text-align: center;\" width=\"74\">%<\/td>\n<\/tr>\n<tr style=\"height: 10px;\">\n<td style=\"width: 68.2933%; height: 10px;\" width=\"350\">zapotrzebowanie<\/td>\n<td style=\"width: 17.0072%; height: 10px; text-align: center;\" width=\"169\">1,62<\/td>\n<td style=\"width: 11.9124%; height: 10px; text-align: center;\" width=\"74\">m<sup>3<\/sup>\/h<\/td>\n<\/tr>\n<tr style=\"height: 51px;\">\n<td style=\"width: 97.2129%; height: 51px;\" colspan=\"3\" width=\"594\"><strong>Azot<\/strong><\/td>\n<\/tr>\n<tr style=\"height: 12px;\">\n<td style=\"width: 68.2933%; height: 12px;\" width=\"350\">ci\u015bnienie<\/td>\n<td style=\"width: 17.0072%; height: 12px; text-align: center;\" width=\"169\">1,5<\/td>\n<td style=\"width: 11.9124%; height: 12px; text-align: center;\" width=\"74\">bar<\/td>\n<\/tr>\n<tr style=\"height: 35px;\">\n<td style=\"width: 68.2933%; height: 35px;\" width=\"350\">czysto\u015b\u0107<\/td>\n<td style=\"width: 17.0072%; height: 35px; text-align: center;\" width=\"169\">99,999<\/td>\n<td style=\"width: 11.9124%; height: 35px; text-align: center;\" width=\"74\">%<\/td>\n<\/tr>\n<tr style=\"height: 35px;\">\n<td style=\"width: 68.2933%; height: 35px;\" width=\"350\">zapotrzebowanie<\/td>\n<td style=\"width: 17.0072%; height: 35px; text-align: center;\" width=\"169\">3,50<\/td>\n<td style=\"width: 11.9124%; height: 35px; text-align: center;\" width=\"74\">m<sup>3<\/sup>\/h<\/td>\n<\/tr>\n<tr style=\"height: 14px;\">\n<td style=\"width: 97.2129%; height: 14px;\" colspan=\"3\" width=\"594\"><strong>Metan<\/strong><\/td>\n<\/tr>\n<tr style=\"height: 19px;\">\n<td style=\"width: 68.2933%; height: 19px;\" width=\"350\">ci\u015bnienie<\/td>\n<td style=\"width: 17.0072%; height: 19px; text-align: center;\" width=\"169\">50<\/td>\n<td style=\"width: 11.9124%; height: 19px; text-align: center;\" width=\"74\">mbar<\/td>\n<\/tr>\n<tr style=\"height: 10px;\">\n<td style=\"width: 68.2933%; height: 10px;\" width=\"350\">zapotrzebowanie<\/td>\n<td style=\"width: 17.0072%; height: 10px; text-align: center;\" width=\"169\">0,34<\/td>\n<td style=\"width: 11.9124%; height: 10px; text-align: center;\" width=\"74\">m<sup>3<\/sup>\/h<\/td>\n<\/tr>\n<tr style=\"height: 32px;\">\n<td style=\"width: 97.2129%; height: 32px;\" colspan=\"3\" width=\"594\"><strong>Spr\u0119\u017conego powietrza<\/strong><\/td>\n<\/tr>\n<tr style=\"height: 21px;\">\n<td style=\"width: 68.2933%; height: 21px;\" width=\"350\">ci\u015bnienie<\/td>\n<td style=\"width: 17.0072%; height: 21px; text-align: center;\" width=\"169\">3<\/td>\n<td style=\"width: 11.9124%; height: 21px; text-align: center;\" width=\"74\">bar<\/td>\n<\/tr>\n<tr style=\"height: 51px;\">\n<td style=\"width: 68.2933%; height: 16px;\" width=\"350\">zapotrzebowanie<\/td>\n<td style=\"width: 17.0072%; height: 16px; text-align: center;\" width=\"169\">0,30<\/td>\n<td style=\"width: 11.9124%; height: 16px; text-align: center;\" width=\"74\">m<sup>3<\/sup>\/h<\/td>\n<\/tr>\n<tr style=\"height: 0px;\">\n<td style=\"height: 34px; width: 68.2933%;\" width=\"594\"><strong>Wody ch\u0142odz\u0105ca<\/strong><\/td>\n<td style=\"width: 17.0072%; height: 34px;\"><strong>\u00a0<\/strong><\/td>\n<td style=\"width: 11.9124%; height: 34px;\"><strong>\u00a0<\/strong><\/td>\n<\/tr>\n<tr style=\"height: 23px;\">\n<td style=\"width: 68.2933%; height: 23px;\">ci\u015bnienie<\/td>\n<td style=\"width: 17.0072%; text-align: center; height: 23px;\">1,5<\/td>\n<td style=\"width: 11.9124%; text-align: center; height: 23px;\">bar<\/td>\n<\/tr>\n<tr style=\"height: 51px;\">\n<td style=\"width: 68.2933%; height: 10px;\" width=\"350\">temperatura na&nbsp;wlocie<\/td>\n<td style=\"width: 17.0072%; height: 10px; text-align: center;\" width=\"169\">18\u00b832<\/td>\n<td style=\"width: 11.9124%; height: 10px; text-align: center;\" width=\"74\">\u00b0C<\/td>\n<\/tr>\n<tr style=\"height: 51px;\">\n<td style=\"width: 68.2933%; height: 20px;\" width=\"350\">zapotrzebowanie<\/td>\n<td style=\"width: 17.0072%; height: 20px; text-align: center;\" width=\"169\">1,50<\/td>\n<td style=\"width: 11.9124%; height: 20px; text-align: center;\" width=\"74\">m<sup>3<\/sup>\/h<\/td>\n<\/tr>\n<\/tbody>\n<\/table>\n<p><a href=\"#_ftnref1\" name=\"_ftn1\"><\/a><\/p>\n<p>[\/et_pb_text][\/et_pb_column][\/et_pb_row][et_pb_row column_structure=&#8221;1_2,1_2&#8243; admin_label=&#8221;row&#8221; _builder_version=&#8221;4.19.2&#8243; background_size=&#8221;initial&#8221; background_position=&#8221;top_left&#8221; background_repeat=&#8221;repeat&#8221; custom_margin=&#8221;-20px||||false|false&#8221; global_colors_info=&#8221;{}&#8221;][et_pb_column type=&#8221;1_2&#8243; _builder_version=&#8221;4.16&#8243; custom_padding=&#8221;|||&#8221; global_colors_info=&#8221;{}&#8221; custom_padding__hover=&#8221;|||&#8221;][et_pb_text admin_label=&#8221;apostrof&#8221; module_class=&#8221;przecinek-tlo-nizej&#8221; _builder_version=&#8221;4.19.2&#8243; custom_margin=&#8221;||||false|false&#8221; custom_margin_tablet=&#8221;&#8221; custom_margin_phone=&#8221;&#8221; custom_margin_last_edited=&#8221;on|desktop&#8221; saved_tabs=&#8221;all&#8221; global_colors_info=&#8221;{}&#8221;]<\/p>\n<h2>Dane techniczne<\/h2>\n<p>[\/et_pb_text][et_pb_text _builder_version=&#8221;4.19.2&#8243; _module_preset=&#8221;default&#8221; global_colors_info=&#8221;{}&#8221;]<\/p>\n<table style=\"width: 97.1082%; height: 466px;\" width=\"596\">\n<tbody>\n<tr style=\"height: 0px;\">\n<td style=\"height: 46px; width: 68.2933%;\" width=\"594\"><strong>Awaryjna woda ch\u0142odz\u0105ca<\/strong><\/td>\n<td style=\"width: 17.0072%; height: 46px;\"><strong>\u00a0<\/strong><\/td>\n<td style=\"width: 11.9124%; height: 46px;\"><strong>\u00a0<\/strong><\/td>\n<\/tr>\n<tr style=\"height: 23px;\">\n<td style=\"width: 68.2933%; height: 38px;\">ci\u015bnienie<\/td>\n<td style=\"width: 17.0072%; text-align: center; height: 38px;\">3<\/td>\n<td style=\"width: 11.9124%; text-align: center; height: 38px;\">bar<\/td>\n<\/tr>\n<tr style=\"height: 34px;\">\n<td style=\"width: 68.2933%; height: 34px;\" width=\"350\">zapotrzebowanie<\/td>\n<td style=\"width: 17.0072%; height: 34px; text-align: center;\" width=\"169\">1,50<\/td>\n<td style=\"width: 11.9124%; height: 34px; text-align: center;\" width=\"74\">m<sup>3<\/sup>\/h<\/td>\n<\/tr>\n<tr style=\"height: 25px;\">\n<td style=\"width: 68.2933%; height: 25px;\" width=\"350\"><strong>Rodzaj termoelementu<\/strong><\/td>\n<td style=\"width: 17.0072%; height: 25px; text-align: center;\" width=\"169\">K<\/td>\n<td style=\"width: 11.9124%; height: 25px; text-align: center;\" width=\"74\">typ<\/td>\n<\/tr>\n<tr style=\"height: 22px;\">\n<td style=\"width: 97.2129%; height: 22px;\" colspan=\"3\" width=\"594\"><strong>Obudowa<\/strong><\/td>\n<\/tr>\n<tr style=\"height: 27px;\">\n<td style=\"width: 68.2933%; height: 10px;\" width=\"350\">\n<p style=\"text-align: left;\">rodzaj materia\u0142u<\/p>\n<\/td>\n<td style=\"width: 28.9196%; height: 10px;\" colspan=\"2\" width=\"243\">\n<p style=\"text-align: center;\">stal w\u0119glowa<\/p>\n<\/td>\n<\/tr>\n<tr style=\"height: 24px;\">\n<td style=\"width: 97.2129%; height: 24px;\" colspan=\"3\" width=\"594\"><strong>Izolacja ceramiczna<\/strong><\/td>\n<\/tr>\n<tr style=\"height: 10px;\">\n<td style=\"width: 68.2933%; height: 10px;\" width=\"350\">Rodzaj materia\u0142u<\/td>\n<td style=\"width: 28.9196%; height: 10px;\" colspan=\"2\" width=\"243\">\n<p style=\"text-align: center;\">w\u0142\u00f3knina ceram.<\/p>\n<\/td>\n<\/tr>\n<tr style=\"height: 16px;\">\n<td style=\"width: 97.2129%; height: 16px;\" colspan=\"3\" width=\"594\"><strong>Retorta<\/strong><\/td>\n<\/tr>\n<tr style=\"height: 12px;\">\n<td style=\"width: 68.2933%; height: 12px;\" width=\"350\">rodzaj materia\u0142u<\/td>\n<td style=\"width: 28.9196%; height: 12px; text-align: center;\" colspan=\"2\" width=\"243\">INCONEL 600<\/td>\n<\/tr>\n<tr style=\"height: 25px;\">\n<td style=\"width: 68.2933%; height: 25px;\" width=\"350\">obj\u0119to\u015b\u0107<\/td>\n<td style=\"width: 17.0072%; height: 25px; text-align: center;\" width=\"169\">0,7<\/td>\n<td style=\"width: 11.9124%; height: 25px; text-align: center;\" width=\"74\">m<sup>3<\/sup><\/td>\n<\/tr>\n<tr style=\"height: 36px;\">\n<td style=\"width: 68.2933%; height: 36px;\" width=\"350\">maksymalne ci\u015bnienie w&nbsp;retorcie<\/td>\n<td style=\"width: 17.0072%; height: 36px; text-align: center;\" width=\"169\">1150<\/td>\n<td style=\"width: 11.9124%; height: 36px; text-align: center;\" width=\"74\">mbar<\/td>\n<\/tr>\n<tr style=\"height: 30px;\">\n<td style=\"width: 68.2933%; height: 30px;\" width=\"350\"><strong>Wentylator cyrkulacji atmosfery<\/strong><\/td>\n<td style=\"width: 17.0072%; height: 30px; text-align: center;\" width=\"169\"><strong>\u00a0<\/strong><\/td>\n<td style=\"width: 11.9124%; height: 30px; text-align: center;\" width=\"74\"><strong>\u00a0<\/strong><\/td>\n<\/tr>\n<tr style=\"height: 35px;\">\n<td style=\"width: 68.2933%; height: 35px;\" width=\"350\">obroty silnika<\/td>\n<td style=\"width: 17.0072%; height: 35px; text-align: center;\" width=\"169\">1450<\/td>\n<td style=\"width: 11.9124%; height: 35px; text-align: center;\" width=\"74\">rpm<\/td>\n<\/tr>\n<tr style=\"height: 31px;\">\n<td style=\"width: 68.2933%; height: 31px;\" width=\"350\">moc silnika<\/td>\n<td style=\"width: 17.0072%; height: 31px; text-align: center;\" width=\"169\">2,20<\/td>\n<td style=\"width: 11.9124%; height: 31px; text-align: center;\" width=\"74\">kW<\/td>\n<\/tr>\n<tr style=\"height: 32px;\">\n<td style=\"width: 97.2129%; height: 32px;\" colspan=\"3\" width=\"594\"><strong>Wentylator ch\u0142odzenia retorty<\/strong><\/td>\n<\/tr>\n<tr style=\"height: 30px;\">\n<td style=\"width: 68.2933%; height: 30px;\" width=\"350\">moc silnika<\/td>\n<td style=\"width: 17.0072%; height: 30px; text-align: center;\" width=\"169\">1450<\/td>\n<td style=\"width: 11.9124%; height: 30px; text-align: center;\" width=\"74\">rpm<\/td>\n<\/tr>\n<tr style=\"height: 10px;\">\n<td style=\"width: 68.2933%; height: 10px;\" width=\"350\">wydajno\u015b\u0107<\/td>\n<td style=\"width: 17.0072%; height: 10px; text-align: center;\" width=\"169\">2,20<\/td>\n<td style=\"width: 11.9124%; height: 10px; text-align: center;\" width=\"74\">m<sup>3<\/sup><\/td>\n<\/tr>\n<\/tbody>\n<\/table>\n<p><a href=\"#_ftnref1\" name=\"_ftn1\"><\/a><\/p>\n<p>[\/et_pb_text][\/et_pb_column][et_pb_column type=&#8221;1_2&#8243; _builder_version=&#8221;4.16&#8243; custom_padding=&#8221;|||&#8221; global_colors_info=&#8221;{}&#8221; custom_padding__hover=&#8221;|||&#8221;][et_pb_text admin_label=&#8221;apostrof&#8221; module_class=&#8221;przecinek-tlo-nizej&#8221; _builder_version=&#8221;4.19.2&#8243; custom_margin=&#8221;||||false|false&#8221; custom_margin_tablet=&#8221;&#8221; custom_margin_phone=&#8221;&#8221; custom_margin_last_edited=&#8221;on|desktop&#8221; saved_tabs=&#8221;all&#8221; global_colors_info=&#8221;{}&#8221;]<\/p>\n<h2>Dane techniczne<\/h2>\n<p>[\/et_pb_text][et_pb_text _builder_version=&#8221;4.19.2&#8243; _module_preset=&#8221;default&#8221; global_colors_info=&#8221;{}&#8221;]<\/p>\n<table style=\"width: 97.1082%; height: 364px;\" width=\"596\">\n<tbody>\n<tr style=\"height: 31px;\">\n<td style=\"width: 97.2129%; height: 10px;\" colspan=\"3\" width=\"594\"><strong>Elementy grzejne<\/strong><\/td>\n<\/tr>\n<tr style=\"height: 19px;\">\n<td style=\"width: 68.2933%; height: 19px;\" width=\"350\">materia\u0142<\/td>\n<td style=\"width: 28.9196%; height: 19px; text-align: center;\" colspan=\"2\" width=\"243\">KANTHAL D<\/td>\n<\/tr>\n<tr style=\"height: 29px;\">\n<td style=\"width: 68.2933%; height: 29px;\" width=\"350\">ilo\u015b\u0107 stref grzejnych<\/td>\n<td style=\"width: 28.9196%; height: 29px; text-align: center;\" colspan=\"2\" width=\"243\">dwa (2)<\/td>\n<\/tr>\n<tr style=\"height: 35px;\">\n<td style=\"width: 68.2933%; height: 35px;\" width=\"350\">rozk\u0142ad element\u00f3w grzejnych<\/td>\n<td style=\"width: 28.9196%; height: 35px; text-align: center;\" colspan=\"2\" width=\"243\">wok\u00f3\u0142 retorty<\/td>\n<\/tr>\n<tr style=\"height: 27px;\">\n<td style=\"width: 68.2933%; height: 27px;\" width=\"350\">moc element\u00f3w grzejnych<\/td>\n<td style=\"width: 17.0072%; height: 27px; text-align: center;\" width=\"169\">50,00<\/td>\n<td style=\"width: 11.9124%; height: 27px; text-align: center;\" width=\"74\">kW<\/td>\n<\/tr>\n<tr style=\"height: 40px;\">\n<td style=\"width: 97.2129%; height: 40px;\" colspan=\"3\" width=\"594\"><strong>Sterowanie prac\u0105 pieca<\/strong><\/td>\n<\/tr>\n<tr style=\"height: 37px;\">\n<td style=\"width: 68.2933%; height: 37px;\" width=\"350\">panel operatorski<\/td>\n<td style=\"width: 28.9196%; height: 37px; text-align: center;\" colspan=\"2\" width=\"243\">Wanderware TPCE<\/td>\n<\/tr>\n<tr style=\"height: 21px;\">\n<td style=\"width: 68.2933%; height: 21px;\" width=\"350\">sterownik logiczny<\/td>\n<td style=\"width: 28.9196%; height: 21px; text-align: center;\" colspan=\"2\" width=\"243\">Simatic S7-300<\/td>\n<\/tr>\n<tr style=\"height: 20px;\">\n<td style=\"width: 68.2933%; height: 20px;\" width=\"350\">cyfrowe regulatory zabezpieczaj\u0105ce temperatury<\/td>\n<td style=\"width: 28.9196%; height: 20px; text-align: center;\" colspan=\"2\" width=\"243\">ASCON<\/td>\n<\/tr>\n<tr style=\"height: 34px;\">\n<td style=\"width: 68.2933%; height: 34px;\" width=\"350\">analizator wodoru<\/td>\n<td style=\"width: 28.9196%; height: 34px; text-align: center;\" colspan=\"2\" width=\"243\">Analizator H2 Ssi<\/td>\n<\/tr>\n<tr style=\"height: 20px;\">\n<td style=\"width: 68.2933%; height: 20px;\" width=\"350\"><strong>Masa pieca<\/strong><\/td>\n<td style=\"width: 17.0072%; height: 20px; text-align: center;\" width=\"169\">~3500<\/td>\n<td style=\"width: 11.9124%; height: 20px; text-align: center;\" width=\"74\">kg<\/td>\n<\/tr>\n<tr style=\"height: 32px;\">\n<td style=\"width: 68.2933%; height: 32px;\" width=\"350\"><strong>Temperatura otoczenia<\/strong><\/td>\n<td style=\"width: 17.0072%; height: 32px; text-align: center;\" width=\"169\">max. 35<\/td>\n<td style=\"width: 11.9124%; height: 32px; text-align: center;\" width=\"74\">\u00b0C<\/td>\n<\/tr>\n<tr style=\"height: 40px;\">\n<td style=\"width: 68.2933%; height: 40px;\" width=\"350\"><strong>Wilgotno\u015b\u0107 powietrza<\/strong><\/td>\n<td style=\"width: 28.9196%; height: 40px; text-align: center;\" colspan=\"2\" width=\"243\">5-95 % bez&nbsp;kondensacji<\/td>\n<\/tr>\n<\/tbody>\n<\/table>\n<p><a href=\"#_ftnref1\" name=\"_ftn1\"><\/a><\/p>\n<p>[\/et_pb_text][\/et_pb_column][\/et_pb_row][\/et_pb_section]<\/p>\n","protected":false},"excerpt":{"rendered":"<p>[et_pb_breadcrumbs _builder_version=&#8221;4.10.3&#8243; _module_preset=&#8221;default&#8221; global_colors_info=&#8221;{}&#8221;][\/et_pb_breadcrumbs]RETORTOWY ELEKTRYCZNY PIEC WG\u0141\u0118BNY TYP VRNe-60.100-650-5-ZF Wg\u0142\u0119bny retortowy piec VRNe-60.100-650-5-ZF przeznaczony jest do&nbsp;realizacji proces\u00f3w obr\u00f3bki cieplnej i&nbsp;cieplno-chemicznej stalowych element\u00f3w konstrukcyjnych. W&nbsp;szczeg\u00f3lno\u015bci piec przeznaczony jest do: \/ azotowania w&nbsp;technologii \u201eZero Flow\u201d,\/ azotowania z&nbsp;regulowanym przep\u0142ywem N2,\/ odpuszczania,\/ utleniania. Procesy obr\u00f3bki cieplnej odbywaj\u0105 si\u0119 w&nbsp;szczelnej retorcie. Wewn\u0105trz retorty realizowany jest wymuszony obieg atmosfery ochronnej za&nbsp;pomoc\u0105 [&hellip;]<\/p>\n","protected":false},"author":2,"featured_media":143531,"parent":0,"menu_order":0,"comment_status":"closed","ping_status":"closed","template":"","meta":{"_acf_changed":false,"_et_pb_use_builder":"on","_et_pb_old_content":"","_et_gb_content_width":"","footnotes":""},"class_list":["post-143810","page","type-page","status-publish","has-post-thumbnail"],"acf":[],"_links":{"self":[{"href":"https:\/\/www.secowarwick.com\/pl\/wp-json\/wp\/v2\/pages\/143810","targetHints":{"allow":["GET"]}}],"collection":[{"href":"https:\/\/www.secowarwick.com\/pl\/wp-json\/wp\/v2\/pages"}],"about":[{"href":"https:\/\/www.secowarwick.com\/pl\/wp-json\/wp\/v2\/types\/page"}],"author":[{"embeddable":true,"href":"https:\/\/www.secowarwick.com\/pl\/wp-json\/wp\/v2\/users\/2"}],"replies":[{"embeddable":true,"href":"https:\/\/www.secowarwick.com\/pl\/wp-json\/wp\/v2\/comments?post=143810"}],"version-history":[{"count":11,"href":"https:\/\/www.secowarwick.com\/pl\/wp-json\/wp\/v2\/pages\/143810\/revisions"}],"predecessor-version":[{"id":176536,"href":"https:\/\/www.secowarwick.com\/pl\/wp-json\/wp\/v2\/pages\/143810\/revisions\/176536"}],"wp:featuredmedia":[{"embeddable":true,"href":"https:\/\/www.secowarwick.com\/pl\/wp-json\/wp\/v2\/media\/143531"}],"wp:attachment":[{"href":"https:\/\/www.secowarwick.com\/pl\/wp-json\/wp\/v2\/media?parent=143810"}],"curies":[{"name":"wp","href":"https:\/\/api.w.org\/{rel}","templated":true}]}}